{"id":2094,"date":"2020-08-10T09:09:15","date_gmt":"2020-08-10T09:09:15","guid":{"rendered":"https:\/\/distribucionarc.com\/?post_type=product&#038;p=2094"},"modified":"2020-09-30T09:15:24","modified_gmt":"2020-09-30T09:15:24","slug":"drvic-ovocia-7l","status":"publish","type":"product","link":"https:\/\/distribucionarc.com\/sk\/producto\/trituradora-de-frutas-7l\/","title":{"rendered":"7L drvi\u010d ovocia"},"content":{"rendered":"<h3>7L drvi\u010d ovocia alebo zeleniny<\/h3>\n<p>Na \u010fal\u0161ie spracovanie s\u00fa ide\u00e1lne najm\u00e4 jablk\u00e1, hru\u0161ky, dule a pr\u00edbuzn\u00e9 druhy ovocia. Relat\u00edvne pevn\u00e1 du\u017eina je rozdrven\u00e1 o <strong>mlyn na ovocie <span style=\"color: #ff0000;\">TO<\/span><span style=\"color: #0000ff;\">R<\/span>c<\/strong>; V\u00fdsledn\u00e1 macer\u00e1cia zvy\u0161uje v\u00fd\u0165a\u017enos\u0165 \u0161\u0165avy a umo\u017e\u0148uje lisovanie ovocia. Ovocie s m\u00e4kkou alebo m\u00e4kkou du\u017einou nie je potrebn\u00e9 drvi\u0165 v mlyne, preto\u017ee ich semen\u00e1 maj\u00fa tendenciu zhor\u0161i\u0165 chu\u0165 \u0161\u0165avy.<\/p>\n<p>Kvalitn\u00fa \u0161\u0165avu z\u00edskate, ak pou\u017eijete zrel\u00e9 a dobr\u00e9 ovocie. Nezrel\u00e9, prezret\u00e9, nahnit\u00e9 alebo pol\u00e1man\u00e9 plody sa musia triedi\u0165. Ovocie pred spracovan\u00edm d\u00f4kladne o\u010dist\u00edme pitnou vodou, aby sa do pyr\u00e9 nedostali ne\u010distoty.<\/p>\n<p>S t\u00fdmto\u00a0<strong>drvi\u010d ovocia alebo zeleniny<\/strong> <strong><span style=\"color: #ff0000;\">TO<\/span><span style=\"color: #0000ff;\">R<\/span>CTMF7 <\/strong>mlet\u00edm sa dosiahne presne t\u00e1 spr\u00e1vna konzistencia. Robustn\u00e1 rezacia jednotka (hlin\u00edkov\u00e1 zliatina) je plynule veden\u00e1 ru\u010dn\u00fdm pohonom. Lievik z nehrdzavej\u00facej ocele je namontovan\u00fd na z\u00e1kladnom r\u00e1me vyrobenom zo \u0161tvorcovej oce\u013eovej r\u00fary. Lievik m\u00e1 objem 7 litrov. Z\u00e1kladn\u00fd r\u00e1m je vybaven\u00fd gumen\u00fdmi no\u017ei\u010dkami pre stabiln\u00e9 dr\u017eanie.<\/p>\n<h6><\/h6>\n<h6><strong>Z\u00e1ruka\u00a0<\/strong><span style=\"color: #ff0000;\"><strong>TO<\/strong><\/span><span style=\"color: #0000ff;\"><strong>R<\/strong><\/span><strong>C 2 ROKY<\/strong><\/h6>\n<h6><strong>vr\u00e1tane technickej podpory<\/strong><\/h6>\n<p>&nbsp;<\/p>\n<table width=\"100%\">\n<tbody>\n<tr>\n<td>chlap:<\/td>\n<td width=\"50%\">manu\u00e1l<\/td>\n<td colspan=\"2\" width=\"327\"><\/td>\n<\/tr>\n<tr>\n<td>Krajina distrib\u00facie:<\/td>\n<td width=\"50%\">\u0160panielsko, Nemecko, USA<\/td>\n<td>Hmotnos\u0165:<\/td>\n<td width=\"50%\">6 kg<\/td>\n<\/tr>\n<tr>\n<td>Zna\u010dka:<\/td>\n<td width=\"50%\">ARC<\/td>\n<td>v\u00fd\u0161ka:<\/td>\n<td width=\"50%\">30 cm<\/td>\n<\/tr>\n<tr>\n<td>Farba:<\/td>\n<td width=\"50%\">Strieborn\u00e1<\/td>\n<td>Dlh\u00e9:<\/td>\n<td width=\"50%\">\u00a057 cm<\/td>\n<\/tr>\n<tr>\n<td>Typ produktu:<\/td>\n<td width=\"50%\">od\u0161\u0165avova\u010d ovocia, lis na v\u00edno<\/td>\n<td>\u0160irok\u00e1:<\/td>\n<td width=\"50%\">21 cm<\/td>\n<\/tr>\n<tr>\n<td>\u010c\u00edslo v\u00fdrobcu:<\/td>\n<td width=\"50%\">ARCTMF7<\/td>\n<td>Ve\u013ekos\u0165 ko\u0161\u00edka:<\/td>\n<td width=\"50%\">34 x 30 cm<\/td>\n<\/tr>\n<tr>\n<td>Materi\u00e1l:<\/td>\n<td width=\"50%\">\u00a0potravin\u00e1rska nehrdzavej\u00faca oce\u013e, zliatina hlin\u00edka<\/td>\n<td>Vybavenie:<\/td>\n<td width=\"50%\">K\u013euka<\/td>\n<\/tr>\n<tr>\n<td>Schopnos\u0165:<\/td>\n<td width=\"50%\">7L<\/td>\n<td>Z\u00e1ruka:<\/td>\n<td width=\"50%\">2 ROKY<\/td>\n<\/tr>\n<tr>\n<td>V\u00fd\u0161ka hlavne:<\/td>\n<td width=\"50%\">18 cm<\/td>\n<td><\/td>\n<td width=\"50%\"><\/td>\n<\/tr>\n<\/tbody>\n<\/table>","protected":false},"excerpt":{"rendered":"<h2>7L drvi\u010d ovocia alebo zeleniny<\/h2>\n<p>K\u013e\u00fa\u010d k v\u00fdrobe dobr\u00e9ho moku, v\u00edna, mu\u0161tu, mu\u0161tu at\u010f. Je to urobi\u0165 chutn\u00e9 a hladk\u00e9 pyr\u00e9 v\u010faka<strong> br\u00fasky <span style=\"color: #ff0000;\">TO<\/span><span style=\"color: #0000ff;\">R<\/span>c<\/strong>. Pripraven\u00e9 na okam\u017eit\u00e9 pou\u017eitie a kdeko\u013evek, bez oh\u013eadu na elektrick\u00fa energiu.<\/p>\n<p>Toto\u00a0<strong>drvi\u010d ovocia <span style=\"color: #ff0000;\">TO<\/span><span style=\"color: #0000ff;\">R<\/span>c<\/strong> M\u00f4\u017ee sa pou\u017ei\u0165 na mletie bobu\u013eov\u00e9ho ovocia, hrozna, jab\u013ak, hru\u0161iek a zemiakov alebo podobn\u00e9ho m\u00e4kk\u00e9ho ovocia\/zeleniny. Tvrd\u00e9 ovocie a zelenina alebo ovocie s tvrd\u00fdmi semienkami alebo nezrel\u00e9 ovocie nie s\u00fa vhodn\u00e9 na spracovanie t\u00fdmto sp\u00f4sobom <strong>picador.<\/strong><\/p>\n<h6><strong>Z\u00e1ruka\u00a0<\/strong><span style=\"color: #ff0000;\"><strong>TO<\/strong><\/span><span style=\"color: #0000ff;\"><strong>R<\/strong><\/span><strong>C 2 ROKY<\/strong><\/h6>\n<h6><strong>vr\u00e1tane technickej podpory<\/strong><\/h6>","protected":false},"featured_media":2096,"comment_status":"open","ping_status":"closed","template":"","meta":{"wds_primary_product_brand":0,"wds_primary_product_cat":0},"product_brand":[],"product_cat":[30,65,68],"product_tag":[],"class_list":{"0":"post-2094","1":"product","2":"type-product","3":"status-publish","4":"has-post-thumbnail","6":"product_cat-maquinaria-apicola","7":"product_cat-maquinaria-industrial-para-procesar-fruta-verdura-panales","8":"product_cat-trituradoras-picadoras-de-frutas-y-verduras","9":"product_shipping_class-hosteleria","11":"first","12":"instock","13":"sale","14":"taxable","15":"shipping-taxable","16":"purchasable","17":"product-type-simple"},"yoast_head":"<!-- This site is optimized with the Yoast SEO Premium plugin v24.9 (Yoast SEO v26.1) - https:\/\/yoast.com\/wordpress\/plugins\/seo\/ -->\n<title>Trituradora de frutas 7L - distribuci\u00f3n ARC<\/title>\n<meta name=\"robots\" content=\"index, follow, max-snippet:-1, max-image-preview:large, max-video-preview:-1\" \/>\n<link rel=\"canonical\" href=\"https:\/\/www.distribucionarc.com\/fr\/producto\/trituradora-de-frutas-7l\/\" \/>\n<meta property=\"og:locale\" content=\"sk_SK\" \/>\n<meta property=\"og:type\" content=\"article\" \/>\n<meta property=\"og:title\" content=\"Trituradora de frutas 7L\" \/>\n<meta property=\"og:description\" content=\"Trituradora de frutas o verduras 7L La clave para elaborar un buen zumo, jugo, vino, mosto, sidra etc. Es elaborar un sabroso y suave pur\u00e9 gracias a las molinillos de ARC. Listos para usar de inmediato y en cualquier lugar, independientemente de la energ\u00eda el\u00e9ctrica.  Este\u00a0triturador de frutas ARC se puede utilizar para moler bayas, uvas, manzanas, peras y patatas o frutas \/ verduras blandas similares. Las frutas y hortalizas duras o las frutas de pepita dura o inmaduras no son adecuadas para el procesamiento con este picador. Garant\u00eda\u00a0ARC 2 A\u00d1OS soporte t\u00e9cnico\u00a0incluido\" \/>\n<meta property=\"og:url\" content=\"https:\/\/www.distribucionarc.com\/fr\/producto\/trituradora-de-frutas-7l\/\" \/>\n<meta property=\"og:site_name\" content=\"distribuci\u00f3n ARC\" \/>\n<meta property=\"article:modified_time\" content=\"2020-09-30T09:15:24+00:00\" \/>\n<meta property=\"og:image\" content=\"https:\/\/www.distribucionarc.com\/wp-content\/uploads\/2020\/08\/Trituradora-de-frutas-7L-0.jpg\" \/>\n\t<meta property=\"og:image:width\" content=\"1000\" \/>\n\t<meta property=\"og:image:height\" content=\"1000\" \/>\n\t<meta property=\"og:image:type\" content=\"image\/jpeg\" \/>\n<meta name=\"twitter:card\" content=\"summary_large_image\" \/>\n<meta name=\"twitter:label1\" content=\"Predpokladan\u00fd \u010das \u010d\u00edtania\" \/>\n\t<meta name=\"twitter:data1\" content=\"1 min\u00fata\" \/>\n<script type=\"application\/ld+json\" class=\"yoast-schema-graph\">{\"@context\":\"https:\/\/schema.org\",\"@graph\":[{\"@type\":\"WebPage\",\"@id\":\"https:\/\/www.distribucionarc.com\/fr\/producto\/trituradora-de-frutas-7l\/\",\"url\":\"https:\/\/www.distribucionarc.com\/fr\/producto\/trituradora-de-frutas-7l\/\",\"name\":\"Trituradora de frutas 7L - distribuci\u00f3n ARC\",\"isPartOf\":{\"@id\":\"https:\/\/www.distribucionarc.com\/sl\/#website\"},\"primaryImageOfPage\":{\"@id\":\"https:\/\/www.distribucionarc.com\/fr\/producto\/trituradora-de-frutas-7l\/#primaryimage\"},\"image\":{\"@id\":\"https:\/\/www.distribucionarc.com\/fr\/producto\/trituradora-de-frutas-7l\/#primaryimage\"},\"thumbnailUrl\":\"https:\/\/distribucionarc.com\/wp-content\/uploads\/2020\/08\/Trituradora-de-frutas-7L-0.jpg\",\"datePublished\":\"2020-08-10T09:09:15+00:00\",\"dateModified\":\"2020-09-30T09:15:24+00:00\",\"breadcrumb\":{\"@id\":\"https:\/\/www.distribucionarc.com\/fr\/producto\/trituradora-de-frutas-7l\/#breadcrumb\"},\"inLanguage\":\"sk-SK\",\"potentialAction\":[{\"@type\":\"ReadAction\",\"target\":[\"https:\/\/www.distribucionarc.com\/fr\/producto\/trituradora-de-frutas-7l\/\"]}]},{\"@type\":\"ImageObject\",\"inLanguage\":\"sk-SK\",\"@id\":\"https:\/\/www.distribucionarc.com\/fr\/producto\/trituradora-de-frutas-7l\/#primaryimage\",\"url\":\"https:\/\/distribucionarc.com\/wp-content\/uploads\/2020\/08\/Trituradora-de-frutas-7L-0.jpg\",\"contentUrl\":\"https:\/\/distribucionarc.com\/wp-content\/uploads\/2020\/08\/Trituradora-de-frutas-7L-0.jpg\",\"width\":1000,\"height\":1000,\"caption\":\"Trituradora de frutas 7L\"},{\"@type\":\"BreadcrumbList\",\"@id\":\"https:\/\/www.distribucionarc.com\/fr\/producto\/trituradora-de-frutas-7l\/#breadcrumb\",\"itemListElement\":[{\"@type\":\"ListItem\",\"position\":1,\"name\":\"Portada\",\"item\":\"https:\/\/www.distribucionarc.com\/\"},{\"@type\":\"ListItem\",\"position\":2,\"name\":\"\u00dcr\u00fcnler\",\"item\":\"https:\/\/www.distribucionarc.com\/tr\/magaza\/\"},{\"@type\":\"ListItem\",\"position\":3,\"name\":\"Trituradora de frutas 7L\"}]},{\"@type\":\"WebSite\",\"@id\":\"https:\/\/www.distribucionarc.com\/sl\/#website\",\"url\":\"https:\/\/www.distribucionarc.com\/sl\/\",\"name\":\"distribuci\u00f3n ARC\",\"description\":\"Empresa especializada en la fabricaci\u00f3n y distribuci\u00f3n de maquinaria industrial, selladoras de latas, Maquinas de hacer pastillas, Maquinas de cortar carne...\",\"publisher\":{\"@id\":\"https:\/\/www.distribucionarc.com\/sl\/#organization\"},\"potentialAction\":[{\"@type\":\"SearchAction\",\"target\":{\"@type\":\"EntryPoint\",\"urlTemplate\":\"https:\/\/www.distribucionarc.com\/sl\/?s={search_term_string}\"},\"query-input\":{\"@type\":\"PropertyValueSpecification\",\"valueRequired\":true,\"valueName\":\"search_term_string\"}}],\"inLanguage\":\"sk-SK\"},{\"@type\":\"Organization\",\"@id\":\"https:\/\/www.distribucionarc.com\/sl\/#organization\",\"name\":\"Distribuci\u00f3n ARC\",\"url\":\"https:\/\/www.distribucionarc.com\/sl\/\",\"logo\":{\"@type\":\"ImageObject\",\"inLanguage\":\"sk-SK\",\"@id\":\"https:\/\/www.distribucionarc.com\/sl\/#\/schema\/logo\/image\/\",\"url\":\"https:\/\/distribucionarc.com\/wp-content\/uploads\/2024\/10\/distribucion-ARC-COLOR-SIN-FONDO-e1732295305345.png\",\"contentUrl\":\"https:\/\/distribucionarc.com\/wp-content\/uploads\/2024\/10\/distribucion-ARC-COLOR-SIN-FONDO-e1732295305345.png\",\"width\":1164,\"height\":558,\"caption\":\"Distribuci\u00f3n ARC\"},\"image\":{\"@id\":\"https:\/\/www.distribucionarc.com\/sl\/#\/schema\/logo\/image\/\"},\"description\":\"Empresa especializada en la fabricaci\u00f3n y distribuci\u00f3n de maquinaria industrial para los sectores alimentario y farmac\u00e9utico. Nos especializamos en: M\u00e1quinas de cortar carne Fabricaci\u00f3n de comprimidos Sistemas de transporte industrial L\u00edneas de embotellado Dosificadores Y mucho m\u00e1s... Ofrecemos soluciones innovadoras y personalizadas para optimizar los procesos productivos de tu empresa.\",\"email\":\"Admistracion@distribucionarc.com\",\"telephone\":\"+34 643496664\",\"legalName\":\"ARC TECH SOLUTIONS\",\"foundingDate\":\"2024-04-09\",\"vatID\":\"B55480172\",\"numberOfEmployees\":{\"@type\":\"QuantitativeValue\",\"minValue\":\"1\",\"maxValue\":\"10\"}}]}<\/script>\n<!-- \/ Yoast SEO Premium plugin. -->","yoast_head_json":{"title":"Drvi\u010d ovocia 7L - ARC rozvod","robots":{"index":"index","follow":"follow","max-snippet":"max-snippet:-1","max-image-preview":"max-image-preview:large","max-video-preview":"max-video-preview:-1"},"canonical":"https:\/\/www.distribucionarc.com\/fr\/producto\/trituradora-de-frutas-7l\/","og_locale":"sk_SK","og_type":"article","og_title":"Trituradora de frutas 7L","og_description":"Trituradora de frutas o verduras 7L La clave para elaborar un buen zumo, jugo, vino, mosto, sidra etc. Es elaborar un sabroso y suave pur\u00e9 gracias a las molinillos de ARC. Listos para usar de inmediato y en cualquier lugar, independientemente de la energ\u00eda el\u00e9ctrica.  Este\u00a0triturador de frutas ARC se puede utilizar para moler bayas, uvas, manzanas, peras y patatas o frutas \/ verduras blandas similares. Las frutas y hortalizas duras o las frutas de pepita dura o inmaduras no son adecuadas para el procesamiento con este picador. Garant\u00eda\u00a0ARC 2 A\u00d1OS soporte t\u00e9cnico\u00a0incluido","og_url":"https:\/\/www.distribucionarc.com\/fr\/producto\/trituradora-de-frutas-7l\/","og_site_name":"distribuci\u00f3n ARC","article_modified_time":"2020-09-30T09:15:24+00:00","og_image":[{"width":1000,"height":1000,"url":"https:\/\/www.distribucionarc.com\/wp-content\/uploads\/2020\/08\/Trituradora-de-frutas-7L-0.jpg","type":"image\/jpeg"}],"twitter_card":"summary_large_image","twitter_misc":{"Predpokladan\u00fd \u010das \u010d\u00edtania":"1 min\u00fata"},"schema":{"@context":"https:\/\/schema.org","@graph":[{"@type":"WebPage","@id":"https:\/\/www.distribucionarc.com\/fr\/producto\/trituradora-de-frutas-7l\/","url":"https:\/\/www.distribucionarc.com\/fr\/producto\/trituradora-de-frutas-7l\/","name":"Drvi\u010d ovocia 7L - ARC rozvod","isPartOf":{"@id":"https:\/\/www.distribucionarc.com\/sl\/#website"},"primaryImageOfPage":{"@id":"https:\/\/www.distribucionarc.com\/fr\/producto\/trituradora-de-frutas-7l\/#primaryimage"},"image":{"@id":"https:\/\/www.distribucionarc.com\/fr\/producto\/trituradora-de-frutas-7l\/#primaryimage"},"thumbnailUrl":"https:\/\/distribucionarc.com\/wp-content\/uploads\/2020\/08\/Trituradora-de-frutas-7L-0.jpg","datePublished":"2020-08-10T09:09:15+00:00","dateModified":"2020-09-30T09:15:24+00:00","breadcrumb":{"@id":"https:\/\/www.distribucionarc.com\/fr\/producto\/trituradora-de-frutas-7l\/#breadcrumb"},"inLanguage":"sk-SK","potentialAction":[{"@type":"ReadAction","target":["https:\/\/www.distribucionarc.com\/fr\/producto\/trituradora-de-frutas-7l\/"]}]},{"@type":"ImageObject","inLanguage":"sk-SK","@id":"https:\/\/www.distribucionarc.com\/fr\/producto\/trituradora-de-frutas-7l\/#primaryimage","url":"https:\/\/distribucionarc.com\/wp-content\/uploads\/2020\/08\/Trituradora-de-frutas-7L-0.jpg","contentUrl":"https:\/\/distribucionarc.com\/wp-content\/uploads\/2020\/08\/Trituradora-de-frutas-7L-0.jpg","width":1000,"height":1000,"caption":"Trituradora de frutas 7L"},{"@type":"BreadcrumbList","@id":"https:\/\/www.distribucionarc.com\/fr\/producto\/trituradora-de-frutas-7l\/#breadcrumb","itemListElement":[{"@type":"ListItem","position":1,"name":"Portada","item":"https:\/\/www.distribucionarc.com\/"},{"@type":"ListItem","position":2,"name":"\u00dcr\u00fcnler","item":"https:\/\/www.distribucionarc.com\/tr\/magaza\/"},{"@type":"ListItem","position":3,"name":"Trituradora de frutas 7L"}]},{"@type":"WebSite","@id":"https:\/\/www.distribucionarc.com\/sl\/#website","url":"https:\/\/www.distribucionarc.com\/sl\/","name":"ARC distrib\u00facia","description":"Spolo\u010dnos\u0165 sa \u0161pecializuje na v\u00fdrobu a distrib\u00faciu priemyseln\u00fdch strojov, strojov na uzatv\u00e1ranie plechoviek, strojov na v\u00fdrobu tabliet, strojov na porciovanie m\u00e4sa...","publisher":{"@id":"https:\/\/www.distribucionarc.com\/sl\/#organization"},"potentialAction":[{"@type":"SearchAction","target":{"@type":"EntryPoint","urlTemplate":"https:\/\/www.distribucionarc.com\/sl\/?s={search_term_string}"},"query-input":{"@type":"PropertyValueSpecification","valueRequired":true,"valueName":"search_term_string"}}],"inLanguage":"sk-SK"},{"@type":"Organization","@id":"https:\/\/www.distribucionarc.com\/sl\/#organization","name":"Distrib\u00facia ARC","url":"https:\/\/www.distribucionarc.com\/sl\/","logo":{"@type":"ImageObject","inLanguage":"sk-SK","@id":"https:\/\/www.distribucionarc.com\/sl\/#\/schema\/logo\/image\/","url":"https:\/\/distribucionarc.com\/wp-content\/uploads\/2024\/10\/distribucion-ARC-COLOR-SIN-FONDO-e1732295305345.png","contentUrl":"https:\/\/distribucionarc.com\/wp-content\/uploads\/2024\/10\/distribucion-ARC-COLOR-SIN-FONDO-e1732295305345.png","width":1164,"height":558,"caption":"Distribuci\u00f3n ARC"},"image":{"@id":"https:\/\/www.distribucionarc.com\/sl\/#\/schema\/logo\/image\/"},"description":"Spolo\u010dnos\u0165 \u0161pecializuj\u00faca sa na v\u00fdrobu a distrib\u00faciu priemyseln\u00fdch strojov pre potravin\u00e1rsky a farmaceutick\u00fd sektor. \u0160pecializujeme sa na: Stroje na kr\u00e1janie m\u00e4sa V\u00fdroba tabliet Priemyseln\u00e9 dopravn\u00e9 syst\u00e9my D\u00e1vkova\u010de na f\u013ea\u0161e A ove\u013ea viac... Pon\u00fakame inovat\u00edvne a prisp\u00f4soben\u00e9 rie\u0161enia na optimaliz\u00e1ciu v\u00fdrobn\u00fdch procesov va\u0161ej spolo\u010dnosti.","email":"Admistracion@distribucionarc.com","telephone":"+34 643496664","legalName":"ARC TECH SOLUTIONS","foundingDate":"2024-04-09","vatID":"B55480172","numberOfEmployees":{"@type":"QuantitativeValue","minValue":"1","maxValue":"10"}}]}},"_links":{"self":[{"href":"https:\/\/distribucionarc.com\/sk\/wp-json\/wp\/v2\/product\/2094","targetHints":{"allow":["GET"]}}],"collection":[{"href":"https:\/\/distribucionarc.com\/sk\/wp-json\/wp\/v2\/product"}],"about":[{"href":"https:\/\/distribucionarc.com\/sk\/wp-json\/wp\/v2\/types\/product"}],"replies":[{"embeddable":true,"href":"https:\/\/distribucionarc.com\/sk\/wp-json\/wp\/v2\/comments?post=2094"}],"version-history":[{"count":0,"href":"https:\/\/distribucionarc.com\/sk\/wp-json\/wp\/v2\/product\/2094\/revisions"}],"wp:featuredmedia":[{"embeddable":true,"href":"https:\/\/distribucionarc.com\/sk\/wp-json\/wp\/v2\/media\/2096"}],"wp:attachment":[{"href":"https:\/\/distribucionarc.com\/sk\/wp-json\/wp\/v2\/media?parent=2094"}],"wp:term":[{"taxonomy":"product_brand","embeddable":true,"href":"https:\/\/distribucionarc.com\/sk\/wp-json\/wp\/v2\/product_brand?post=2094"},{"taxonomy":"product_cat","embeddable":true,"href":"https:\/\/distribucionarc.com\/sk\/wp-json\/wp\/v2\/product_cat?post=2094"},{"taxonomy":"product_tag","embeddable":true,"href":"https:\/\/distribucionarc.com\/sk\/wp-json\/wp\/v2\/product_tag?post=2094"}],"curies":[{"name":"pracovn\u00fd list","href":"https:\/\/api.w.org\/{rel}","templated":true}]}}