{"id":2192,"date":"2020-08-12T10:39:03","date_gmt":"2020-08-12T10:39:03","guid":{"rendered":"https:\/\/distribucionarc.com\/?post_type=product&#038;p=2192"},"modified":"2020-09-30T10:40:56","modified_gmt":"2020-09-30T10:40:56","slug":"elektricky-mlyncek-drvic-na-ovocie-alebo-zeleninu-1000-kg-h","status":"publish","type":"product","link":"https:\/\/distribucionarc.com\/sk\/producto\/molinillo-electrico-trituradora-de-fruta-o-verdura-1000-kg-h\/","title":{"rendered":"Elektrick\u00fd mlyn\u010dek, drvi\u010d ovocia alebo zeleniny 1000 kg\/h"},"content":{"rendered":"<h2>Elektrick\u00fd mlyn\u010dek, drvi\u010d ovocia alebo zeleniny 1000 kg\/h<\/h2>\n<p>S <strong>elektrick\u00e9 drvi\u010de<\/strong> z <strong><span style=\"color: #ff0000;\">TO<\/span><span style=\"color: #0000ff;\">R<\/span>c<\/strong>, plody s k\u00f4stkami alebo semienkami sa daj\u00fa spracova\u0165 v\u010faka ich v\u00fdkonnosti<span style=\"color: #008000;\"><strong> efekt\u00edvny motor<\/strong><\/span> a ich ostr\u00e9 \u010depele. Bez rizika po\u0161kodenia no\u017eov alebo chodu br\u00fasky.<\/p>\n<p>Proces je jednoduch\u00fd, sta\u010d\u00ed ho zapn\u00fa\u0165 <strong>mlyn\u010dek na ovocie <span style=\"color: #ff0000;\">TO<\/span><span style=\"color: #0000ff;\">R<\/span>CMFE01<\/strong> a cez lievik vlo\u017ete ovocie. V\u00fdkonn\u00fd 1,5 HP motor a ostr\u00e9 \u010depele z nehrdzavej\u00facej ocele kr\u00e1jaj\u00fa ovocie r\u00fdchlos\u0165ou 2800 ot\u00e1\u010dok za min\u00fatu v okamihu. To znamen\u00e1, \u017ee m\u00f4\u017eete<strong> spracuje a\u017e 1000 kg ovocia za hodinu<\/strong>.<\/p>\n<p>V\u010faka extra ve\u013ek\u00e9mu lieviku s ve\u013ekos\u0165ou 125 cm sa ovocie \u013eahko a bezpe\u010dne napln\u00ed. Lievik sa d\u00e1 v nieko\u013ek\u00fdch krokoch vybra\u0165 a bez probl\u00e9mov vy\u010disti\u0165 a \u013eahko sa daj\u00fa vybra\u0165 a vy\u010disti\u0165 aj rezacie no\u017ee.<\/p>\n<h6><strong>Z\u00e1ruka\u00a0<span style=\"color: #ff0000;\">TO<\/span><span style=\"color: #0000ff;\">R<\/span>C 2 ROKY<\/strong><\/h6>\n<h6><span style=\"color: #008000;\">V\u00fdkonn\u00e1 elektrick\u00e1 br\u00faska, n\u00edzka spotreba 1000w<\/span><\/h6>\n<h6><strong>vr\u00e1tane technickej podpory<\/strong><\/h6>\n<p>&nbsp;<\/p>\n<table role=\"presentation\" width=\"100%\" cellspacing=\"0\" cellpadding=\"0\">\n<tbody>\n<tr>\n<td class=\"attrLabels\">Zna\u010dka:<\/td>\n<td width=\"50.0%\">ARC<\/td>\n<\/tr>\n<tr>\n<td class=\"attrLabels\">Krajina distrib\u00facie:<\/td>\n<td width=\"50.0%\">\u0160panielsko, Nemecko, USA<\/td>\n<td class=\"attrLabels\">Hmotnos\u0165:<\/td>\n<td width=\"50.0%\">27 kg<\/td>\n<\/tr>\n<tr>\n<td class=\"attrLabels\">Zna\u010dka:<\/td>\n<td width=\"50.0%\">ARC<\/td>\n<td class=\"attrLabels\">v\u00fd\u0161ka:<\/td>\n<td width=\"50.0%\">128 cm<\/td>\n<\/tr>\n<tr>\n<td class=\"attrLabels\">Farba:<\/td>\n<td width=\"50.0%\">Modr\u00e1<\/td>\n<td class=\"attrLabels\">Dlh\u00e9:<\/td>\n<td width=\"50.0%\">32 cm<\/td>\n<\/tr>\n<tr>\n<td class=\"attrLabels\">Typ produktu:<\/td>\n<td width=\"50.0%\">elektrick\u00fd mlyn\u010dek<\/td>\n<td class=\"attrLabels\">\u0160irok\u00e1:<\/td>\n<td width=\"50.0%\">38 cm<\/td>\n<\/tr>\n<tr>\n<td class=\"attrLabels\">\u010c\u00edslo v\u00fdrobcu:<\/td>\n<td width=\"50.0%\">ARCMFE01<\/td>\n<td class=\"attrLabels\">V\u00fdkon:<\/td>\n<td width=\"50.0%\">1000 W<\/td>\n<\/tr>\n<tr>\n<td class=\"attrLabels\">Materi\u00e1l:<\/td>\n<td width=\"50.0%\">nerezov\u00fd, v\u00fdkonn\u00fd motor<\/td>\n<td class=\"attrLabels\">vstupn\u00e9 nap\u00e4tie<\/td>\n<td width=\"50.0%\">230V \u2013 50Hz<\/td>\n<\/tr>\n<tr>\n<td class=\"attrLabels\">Z\u00e1ruka:<\/td>\n<td width=\"50.0%\">\u00a0 2 roky<\/td>\n<td class=\"attrLabels\">trestn\u00e9 st\u00edhanie:<\/td>\n<td width=\"50.0%\">1000 kg za hodinu<\/td>\n<\/tr>\n<tr>\n<td class=\"attrLabels\">In\u0161tala\u010dn\u00e9 n\u00e1stroje:<\/td>\n<td width=\"50.0%\">\u00c1no<\/td>\n<td class=\"attrLabels\">V\u00fdkon motora:<\/td>\n<td width=\"50.0%\">1,5 hp<\/td>\n<\/tr>\n<\/tbody>\n<\/table>","protected":false},"excerpt":{"rendered":"<h2>Elektrick\u00fd mlyn\u010dek, drvi\u010d ovocia alebo zeleniny 1000 kg\/h<\/h2>\n<p>Toto <strong>mlyn\u010dek na ovocie <span style=\"color: #ff0000;\">TO<\/span><span style=\"color: #0000ff;\">R<\/span>c<\/strong> Je to ide\u00e1lny n\u00e1stroj. \u013dahko s n\u00edm nasek\u00e1te r\u00f4zne tvrd\u00e9 alebo aj semia\u010dkov\u00e9 ovocie. Naj\u00fa\u010dinnej\u0161\u00ed sp\u00f4sob v\u00fdroby pr\u00edrodn\u00fdch \u0161tiav, macer\u00e1tov alebo ovocn\u00fdch pyr\u00e9. V\u010faka \u00fa\u010dinn\u00e9mu v\u00fdkonu jeho motora a ostr\u00fdm \u010depe\u013eom z nehrdzavej\u00facej ocele bude proces sekania okam\u017eit\u00fd.<\/p>\n<h6><strong>Z\u00e1ruka\u00a0<span style=\"color: #ff0000;\">TO<\/span><span style=\"color: #0000ff;\">R<\/span>C 2 ROKY<\/strong><\/h6>\n<h6><span style=\"color: #008000;\">V\u00fdkonn\u00e1 elektrick\u00e1 br\u00faska, n\u00edzka spotreba 1000w<\/span><\/h6>\n<h6><strong>vr\u00e1tane technickej podpory<\/strong><\/h6>","protected":false},"featured_media":2193,"comment_status":"open","ping_status":"closed","template":"","meta":{"wds_primary_product_brand":0,"wds_primary_product_cat":0},"product_brand":[],"product_cat":[30,65,67,68],"product_tag":[],"class_list":{"0":"post-2192","1":"product","2":"type-product","3":"status-publish","4":"has-post-thumbnail","6":"product_cat-maquinaria-apicola","7":"product_cat-maquinaria-industrial-para-procesar-fruta-verdura-panales","8":"product_cat-prensas-de-frutas-trituradoras","9":"product_cat-trituradoras-picadoras-de-frutas-y-verduras","11":"first","12":"instock","13":"sale","14":"taxable","15":"shipping-taxable","16":"purchasable","17":"product-type-simple"},"yoast_head":"<!-- This site is optimized with the Yoast SEO Premium plugin v24.9 (Yoast SEO v26.1) - https:\/\/yoast.com\/wordpress\/plugins\/seo\/ -->\n<title>Molinillo el\u00e9ctrico, trituradora de fruta o verdura 1000 kg\/h - distribuci\u00f3n ARC<\/title>\n<meta name=\"robots\" content=\"index, follow, max-snippet:-1, max-image-preview:large, max-video-preview:-1\" \/>\n<link rel=\"canonical\" href=\"https:\/\/distribucionarc.com\/sk\/produktov\/elektricky-mlyncek-drvic-na-ovocie-alebo-zeleninu-1000-kg-h\/\" \/>\n<meta property=\"og:locale\" content=\"sk_SK\" \/>\n<meta property=\"og:type\" content=\"article\" \/>\n<meta property=\"og:title\" content=\"Molinillo el\u00e9ctrico, trituradora de fruta o verdura 1000 kg\/h\" \/>\n<meta property=\"og:description\" content=\"Molinillo el\u00e9ctrico, trituradora de fruta o verdura 1000 kg\/h Este molinillo de frutas ARC es la herramienta ideal. Con \u00e9l, puede picar f\u00e1cilmente variedad de frutas duras o incluso con semilla. La forma m\u00e1s eficaz de hacer zumos naturales, macerados o pur\u00e9s de frutas. Gracias a la potencia eficiente de su motor y sus aspas de acero inox afiladas el proceso de picado ser\u00e1 instant\u00e1neo. Garant\u00eda\u00a0ARC 2 A\u00d1OS Molinillo el\u00e9ctrico eficiente, bajo consumo 1000w soporte t\u00e9cnico incluido\" \/>\n<meta property=\"og:url\" content=\"https:\/\/distribucionarc.com\/sk\/produktov\/elektricky-mlyncek-drvic-na-ovocie-alebo-zeleninu-1000-kg-h\/\" \/>\n<meta property=\"og:site_name\" content=\"distribuci\u00f3n ARC\" \/>\n<meta property=\"article:modified_time\" content=\"2020-09-30T10:40:56+00:00\" \/>\n<meta property=\"og:image\" content=\"https:\/\/distribucionarc.com\/wp-content\/uploads\/2020\/08\/Molinillo-electrico-trituradora-de-fruta-o-verdura-1000-kgh-0.jpg\" \/>\n\t<meta property=\"og:image:width\" content=\"1000\" \/>\n\t<meta property=\"og:image:height\" content=\"1000\" \/>\n\t<meta property=\"og:image:type\" content=\"image\/jpeg\" \/>\n<meta name=\"twitter:card\" content=\"summary_large_image\" \/>\n<meta name=\"twitter:label1\" content=\"Predpokladan\u00fd \u010das \u010d\u00edtania\" \/>\n\t<meta name=\"twitter:data1\" content=\"1 min\u00fata\" \/>\n<script type=\"application\/ld+json\" class=\"yoast-schema-graph\">{\"@context\":\"https:\/\/schema.org\",\"@graph\":[{\"@type\":\"WebPage\",\"@id\":\"https:\/\/distribucionarc.com\/ro\/producto\/molinillo-electrico-trituradora-de-fruta-o-verdura-1000-kg-h\/\",\"url\":\"https:\/\/distribucionarc.com\/ro\/producto\/molinillo-electrico-trituradora-de-fruta-o-verdura-1000-kg-h\/\",\"name\":\"Molinillo el\u00e9ctrico, trituradora de fruta o verdura 1000 kg\/h - distribuci\u00f3n ARC\",\"isPartOf\":{\"@id\":\"https:\/\/www.distribucionarc.com\/sl\/#website\"},\"primaryImageOfPage\":{\"@id\":\"https:\/\/distribucionarc.com\/ro\/producto\/molinillo-electrico-trituradora-de-fruta-o-verdura-1000-kg-h\/#primaryimage\"},\"image\":{\"@id\":\"https:\/\/distribucionarc.com\/ro\/producto\/molinillo-electrico-trituradora-de-fruta-o-verdura-1000-kg-h\/#primaryimage\"},\"thumbnailUrl\":\"https:\/\/distribucionarc.com\/wp-content\/uploads\/2020\/08\/Molinillo-electrico-trituradora-de-fruta-o-verdura-1000-kgh-0.jpg\",\"datePublished\":\"2020-08-12T10:39:03+00:00\",\"dateModified\":\"2020-09-30T10:40:56+00:00\",\"breadcrumb\":{\"@id\":\"https:\/\/distribucionarc.com\/ro\/producto\/molinillo-electrico-trituradora-de-fruta-o-verdura-1000-kg-h\/#breadcrumb\"},\"inLanguage\":\"sk-SK\",\"potentialAction\":[{\"@type\":\"ReadAction\",\"target\":[\"https:\/\/distribucionarc.com\/ro\/producto\/molinillo-electrico-trituradora-de-fruta-o-verdura-1000-kg-h\/\"]}]},{\"@type\":\"ImageObject\",\"inLanguage\":\"sk-SK\",\"@id\":\"https:\/\/distribucionarc.com\/ro\/producto\/molinillo-electrico-trituradora-de-fruta-o-verdura-1000-kg-h\/#primaryimage\",\"url\":\"https:\/\/distribucionarc.com\/wp-content\/uploads\/2020\/08\/Molinillo-electrico-trituradora-de-fruta-o-verdura-1000-kgh-0.jpg\",\"contentUrl\":\"https:\/\/distribucionarc.com\/wp-content\/uploads\/2020\/08\/Molinillo-electrico-trituradora-de-fruta-o-verdura-1000-kgh-0.jpg\",\"width\":1000,\"height\":1000,\"caption\":\"Molinillo el\u00e9ctrico trituradora de fruta o verudra 1000 Kg\/h\"},{\"@type\":\"BreadcrumbList\",\"@id\":\"https:\/\/distribucionarc.com\/ro\/producto\/molinillo-electrico-trituradora-de-fruta-o-verdura-1000-kg-h\/#breadcrumb\",\"itemListElement\":[{\"@type\":\"ListItem\",\"position\":1,\"name\":\"Portada\",\"item\":\"https:\/\/www.distribucionarc.com\/\"},{\"@type\":\"ListItem\",\"position\":2,\"name\":\"\u00dcr\u00fcnler\",\"item\":\"https:\/\/www.distribucionarc.com\/tr\/magaza\/\"},{\"@type\":\"ListItem\",\"position\":3,\"name\":\"Molinillo el\u00e9ctrico, trituradora de fruta o verdura 1000 kg\/h\"}]},{\"@type\":\"WebSite\",\"@id\":\"https:\/\/www.distribucionarc.com\/sl\/#website\",\"url\":\"https:\/\/www.distribucionarc.com\/sl\/\",\"name\":\"distribuci\u00f3n ARC\",\"description\":\"Empresa especializada en la fabricaci\u00f3n y distribuci\u00f3n de maquinaria industrial, selladoras de latas, Maquinas de hacer pastillas, Maquinas de cortar carne...\",\"publisher\":{\"@id\":\"https:\/\/www.distribucionarc.com\/sl\/#organization\"},\"potentialAction\":[{\"@type\":\"SearchAction\",\"target\":{\"@type\":\"EntryPoint\",\"urlTemplate\":\"https:\/\/www.distribucionarc.com\/sl\/?s={search_term_string}\"},\"query-input\":{\"@type\":\"PropertyValueSpecification\",\"valueRequired\":true,\"valueName\":\"search_term_string\"}}],\"inLanguage\":\"sk-SK\"},{\"@type\":\"Organization\",\"@id\":\"https:\/\/www.distribucionarc.com\/sl\/#organization\",\"name\":\"Distribuci\u00f3n ARC\",\"url\":\"https:\/\/www.distribucionarc.com\/sl\/\",\"logo\":{\"@type\":\"ImageObject\",\"inLanguage\":\"sk-SK\",\"@id\":\"https:\/\/www.distribucionarc.com\/sl\/#\/schema\/logo\/image\/\",\"url\":\"https:\/\/distribucionarc.com\/wp-content\/uploads\/2024\/10\/distribucion-ARC-COLOR-SIN-FONDO-e1732295305345.png\",\"contentUrl\":\"https:\/\/distribucionarc.com\/wp-content\/uploads\/2024\/10\/distribucion-ARC-COLOR-SIN-FONDO-e1732295305345.png\",\"width\":1164,\"height\":558,\"caption\":\"Distribuci\u00f3n ARC\"},\"image\":{\"@id\":\"https:\/\/www.distribucionarc.com\/sl\/#\/schema\/logo\/image\/\"},\"description\":\"Empresa especializada en la fabricaci\u00f3n y distribuci\u00f3n de maquinaria industrial para los sectores alimentario y farmac\u00e9utico. Nos especializamos en: M\u00e1quinas de cortar carne Fabricaci\u00f3n de comprimidos Sistemas de transporte industrial L\u00edneas de embotellado Dosificadores Y mucho m\u00e1s... Ofrecemos soluciones innovadoras y personalizadas para optimizar los procesos productivos de tu empresa.\",\"email\":\"Admistracion@distribucionarc.com\",\"telephone\":\"+34 643496664\",\"legalName\":\"ARC TECH SOLUTIONS\",\"foundingDate\":\"2024-04-09\",\"vatID\":\"B55480172\",\"numberOfEmployees\":{\"@type\":\"QuantitativeValue\",\"minValue\":\"1\",\"maxValue\":\"10\"}}]}<\/script>\n<!-- \/ Yoast SEO Premium plugin. -->","yoast_head_json":{"title":"Elektrick\u00fd mlyn\u010dek, drvi\u010d ovocia alebo zeleniny 1000 kg\/h - ARC rozvod","robots":{"index":"index","follow":"follow","max-snippet":"max-snippet:-1","max-image-preview":"max-image-preview:large","max-video-preview":"max-video-preview:-1"},"canonical":"https:\/\/distribucionarc.com\/sk\/produktov\/elektricky-mlyncek-drvic-na-ovocie-alebo-zeleninu-1000-kg-h\/","og_locale":"sk_SK","og_type":"article","og_title":"Molinillo el\u00e9ctrico, trituradora de fruta o verdura 1000 kg\/h","og_description":"Molinillo el\u00e9ctrico, trituradora de fruta o verdura 1000 kg\/h Este molinillo de frutas ARC es la herramienta ideal. Con \u00e9l, puede picar f\u00e1cilmente variedad de frutas duras o incluso con semilla. La forma m\u00e1s eficaz de hacer zumos naturales, macerados o pur\u00e9s de frutas. Gracias a la potencia eficiente de su motor y sus aspas de acero inox afiladas el proceso de picado ser\u00e1 instant\u00e1neo. Garant\u00eda\u00a0ARC 2 A\u00d1OS Molinillo el\u00e9ctrico eficiente, bajo consumo 1000w soporte t\u00e9cnico incluido","og_url":"https:\/\/distribucionarc.com\/sk\/produktov\/elektricky-mlyncek-drvic-na-ovocie-alebo-zeleninu-1000-kg-h\/","og_site_name":"distribuci\u00f3n ARC","article_modified_time":"2020-09-30T10:40:56+00:00","og_image":[{"width":1000,"height":1000,"url":"https:\/\/distribucionarc.com\/wp-content\/uploads\/2020\/08\/Molinillo-electrico-trituradora-de-fruta-o-verdura-1000-kgh-0.jpg","type":"image\/jpeg"}],"twitter_card":"summary_large_image","twitter_misc":{"Predpokladan\u00fd \u010das \u010d\u00edtania":"1 min\u00fata"},"schema":{"@context":"https:\/\/schema.org","@graph":[{"@type":"WebPage","@id":"https:\/\/distribucionarc.com\/ro\/producto\/molinillo-electrico-trituradora-de-fruta-o-verdura-1000-kg-h\/","url":"https:\/\/distribucionarc.com\/ro\/producto\/molinillo-electrico-trituradora-de-fruta-o-verdura-1000-kg-h\/","name":"Elektrick\u00fd mlyn\u010dek, drvi\u010d ovocia alebo zeleniny 1000 kg\/h - ARC rozvod","isPartOf":{"@id":"https:\/\/www.distribucionarc.com\/sl\/#website"},"primaryImageOfPage":{"@id":"https:\/\/distribucionarc.com\/ro\/producto\/molinillo-electrico-trituradora-de-fruta-o-verdura-1000-kg-h\/#primaryimage"},"image":{"@id":"https:\/\/distribucionarc.com\/ro\/producto\/molinillo-electrico-trituradora-de-fruta-o-verdura-1000-kg-h\/#primaryimage"},"thumbnailUrl":"https:\/\/distribucionarc.com\/wp-content\/uploads\/2020\/08\/Molinillo-electrico-trituradora-de-fruta-o-verdura-1000-kgh-0.jpg","datePublished":"2020-08-12T10:39:03+00:00","dateModified":"2020-09-30T10:40:56+00:00","breadcrumb":{"@id":"https:\/\/distribucionarc.com\/ro\/producto\/molinillo-electrico-trituradora-de-fruta-o-verdura-1000-kg-h\/#breadcrumb"},"inLanguage":"sk-SK","potentialAction":[{"@type":"ReadAction","target":["https:\/\/distribucionarc.com\/ro\/producto\/molinillo-electrico-trituradora-de-fruta-o-verdura-1000-kg-h\/"]}]},{"@type":"ImageObject","inLanguage":"sk-SK","@id":"https:\/\/distribucionarc.com\/ro\/producto\/molinillo-electrico-trituradora-de-fruta-o-verdura-1000-kg-h\/#primaryimage","url":"https:\/\/distribucionarc.com\/wp-content\/uploads\/2020\/08\/Molinillo-electrico-trituradora-de-fruta-o-verdura-1000-kgh-0.jpg","contentUrl":"https:\/\/distribucionarc.com\/wp-content\/uploads\/2020\/08\/Molinillo-electrico-trituradora-de-fruta-o-verdura-1000-kgh-0.jpg","width":1000,"height":1000,"caption":"Molinillo el\u00e9ctrico trituradora de fruta o verudra 1000 Kg\/h"},{"@type":"BreadcrumbList","@id":"https:\/\/distribucionarc.com\/ro\/producto\/molinillo-electrico-trituradora-de-fruta-o-verdura-1000-kg-h\/#breadcrumb","itemListElement":[{"@type":"ListItem","position":1,"name":"Portada","item":"https:\/\/www.distribucionarc.com\/"},{"@type":"ListItem","position":2,"name":"\u00dcr\u00fcnler","item":"https:\/\/www.distribucionarc.com\/tr\/magaza\/"},{"@type":"ListItem","position":3,"name":"Molinillo el\u00e9ctrico, trituradora de fruta o verdura 1000 kg\/h"}]},{"@type":"WebSite","@id":"https:\/\/www.distribucionarc.com\/sl\/#website","url":"https:\/\/www.distribucionarc.com\/sl\/","name":"ARC distrib\u00facia","description":"Spolo\u010dnos\u0165 sa \u0161pecializuje na v\u00fdrobu a distrib\u00faciu priemyseln\u00fdch strojov, strojov na uzatv\u00e1ranie plechoviek, strojov na v\u00fdrobu tabliet, strojov na porciovanie m\u00e4sa...","publisher":{"@id":"https:\/\/www.distribucionarc.com\/sl\/#organization"},"potentialAction":[{"@type":"SearchAction","target":{"@type":"EntryPoint","urlTemplate":"https:\/\/www.distribucionarc.com\/sl\/?s={search_term_string}"},"query-input":{"@type":"PropertyValueSpecification","valueRequired":true,"valueName":"search_term_string"}}],"inLanguage":"sk-SK"},{"@type":"Organization","@id":"https:\/\/www.distribucionarc.com\/sl\/#organization","name":"Distrib\u00facia ARC","url":"https:\/\/www.distribucionarc.com\/sl\/","logo":{"@type":"ImageObject","inLanguage":"sk-SK","@id":"https:\/\/www.distribucionarc.com\/sl\/#\/schema\/logo\/image\/","url":"https:\/\/distribucionarc.com\/wp-content\/uploads\/2024\/10\/distribucion-ARC-COLOR-SIN-FONDO-e1732295305345.png","contentUrl":"https:\/\/distribucionarc.com\/wp-content\/uploads\/2024\/10\/distribucion-ARC-COLOR-SIN-FONDO-e1732295305345.png","width":1164,"height":558,"caption":"Distribuci\u00f3n ARC"},"image":{"@id":"https:\/\/www.distribucionarc.com\/sl\/#\/schema\/logo\/image\/"},"description":"Spolo\u010dnos\u0165 \u0161pecializuj\u00faca sa na v\u00fdrobu a distrib\u00faciu priemyseln\u00fdch strojov pre potravin\u00e1rsky a farmaceutick\u00fd sektor. \u0160pecializujeme sa na: Stroje na kr\u00e1janie m\u00e4sa V\u00fdroba tabliet Priemyseln\u00e9 dopravn\u00e9 syst\u00e9my D\u00e1vkova\u010de na f\u013ea\u0161e A ove\u013ea viac... Pon\u00fakame inovat\u00edvne a prisp\u00f4soben\u00e9 rie\u0161enia na optimaliz\u00e1ciu v\u00fdrobn\u00fdch procesov va\u0161ej spolo\u010dnosti.","email":"Admistracion@distribucionarc.com","telephone":"+34 643496664","legalName":"ARC TECH SOLUTIONS","foundingDate":"2024-04-09","vatID":"B55480172","numberOfEmployees":{"@type":"QuantitativeValue","minValue":"1","maxValue":"10"}}]}},"_links":{"self":[{"href":"https:\/\/distribucionarc.com\/sk\/wp-json\/wp\/v2\/product\/2192","targetHints":{"allow":["GET"]}}],"collection":[{"href":"https:\/\/distribucionarc.com\/sk\/wp-json\/wp\/v2\/product"}],"about":[{"href":"https:\/\/distribucionarc.com\/sk\/wp-json\/wp\/v2\/types\/product"}],"replies":[{"embeddable":true,"href":"https:\/\/distribucionarc.com\/sk\/wp-json\/wp\/v2\/comments?post=2192"}],"version-history":[{"count":0,"href":"https:\/\/distribucionarc.com\/sk\/wp-json\/wp\/v2\/product\/2192\/revisions"}],"wp:featuredmedia":[{"embeddable":true,"href":"https:\/\/distribucionarc.com\/sk\/wp-json\/wp\/v2\/media\/2193"}],"wp:attachment":[{"href":"https:\/\/distribucionarc.com\/sk\/wp-json\/wp\/v2\/media?parent=2192"}],"wp:term":[{"taxonomy":"product_brand","embeddable":true,"href":"https:\/\/distribucionarc.com\/sk\/wp-json\/wp\/v2\/product_brand?post=2192"},{"taxonomy":"product_cat","embeddable":true,"href":"https:\/\/distribucionarc.com\/sk\/wp-json\/wp\/v2\/product_cat?post=2192"},{"taxonomy":"product_tag","embeddable":true,"href":"https:\/\/distribucionarc.com\/sk\/wp-json\/wp\/v2\/product_tag?post=2192"}],"curies":[{"name":"pracovn\u00fd list","href":"https:\/\/api.w.org\/{rel}","templated":true}]}}