{"id":2267,"date":"2020-08-13T12:25:46","date_gmt":"2020-08-13T12:25:46","guid":{"rendered":"https:\/\/distribucionarc.com\/?post_type=product&#038;p=2267"},"modified":"2020-09-30T11:40:16","modified_gmt":"2020-09-30T11:40:16","slug":"ohrievac-jedla-ohrievacie-podnosy-bufet-x-2","status":"publish","type":"product","link":"https:\/\/distribucionarc.com\/sk\/producto\/calentador-de-alimentos-bandejas-de-calor-buffet-x-2\/","title":{"rendered":"Ohrieva\u010d jedla, bufetov\u00e9 ohrievacie podnosy x 2"},"content":{"rendered":"<h2>Ohrieva\u010d jedla, bufetov\u00e9 ohrievacie podnosy x 2<\/h2>\n<p>Tieto tepeln\u00e9 podnosy bez probl\u00e9mov vydr\u017eia dlh\u00fa prev\u00e1dzku. \u013dahko sa skladuj\u00fa a \u010distia a umo\u017e\u0148uj\u00fa v\u00e1m r\u00fdchlo a jednoducho vystavi\u0165 va\u0161e najchutnej\u0161ie jedl\u00e1. Toto\u00a0<strong>obd\u013a\u017enikov\u00e9 po\u010d\u00edtadlo<\/strong>\u00a0kombinuje \u0161t\u00fdl a trvanlivos\u0165, aby zabezpe\u010dil udr\u017eate\u013en\u00fd produkt, ktor\u00fd zap\u00f4sob\u00ed na va\u0161ich z\u00e1kazn\u00edkov.<\/p>\n<p>The\u00a0<strong>ohrieva\u010de\u00a0<span style=\"color: #ff0000;\">TO<\/span><span style=\"color: #0000ff;\">R<\/span>CBCA2.9<\/strong>\u00a0Odol\u00e1va kor\u00f3zii a pon\u00faka leskl\u00fd strieborn\u00fd exteri\u00e9r. Ozdobn\u00e1 rukov\u00e4\u0165 veka zais\u0165uje \u013eahk\u00fd a bezpe\u010dn\u00fd pr\u00edstup k va\u0161im potravin\u00e1m. Dod\u00e1va sa s jedine\u010dne navrhnut\u00fdm skladac\u00edm r\u00e1mom, ktor\u00fd obsahuje veko a skladac\u00ed stojan pre \u013eahk\u00e9 skladovanie a prepravu.<\/p>\n<p>Tieto\u00a0<strong>tepeln\u00e9 konzerva\u010dn\u00e9 l\u00e1tky<\/strong>\u00a0\u00a0<strong><span style=\"color: #ff0000;\">TO<\/span><span style=\"color: #0000ff;\">R<\/span>c<\/strong>\u00a0s\u00fa bl\u00edzko z\u00e1sobn\u00edka na vodu, pri\u010dom udr\u017eiavaj\u00fa spr\u00e1vnu teplotu jedla\u00a0<strong>minimalizuje vystavenie plame\u0148om<\/strong>, aby bola zaisten\u00e1 bezpe\u010dnos\u0165 host\u00ed a person\u00e1lu.  Dve rukov\u00e4te na ka\u017edej strane s\u00fa navrhnut\u00e9 tak, aby pom\u00e1hali pri pod\u00e1van\u00ed riadu a poskytovali bezpe\u010dnos\u0165. Skosen\u00e9 nohy tie\u017e zais\u0165uj\u00fa optim\u00e1lnu stabilitu. Je atrakt\u00edvny a cenovo dostupn\u00fd, ide\u00e1lny na vystavenie jedla a jeho udr\u017eiavanie v teple pre host\u00ed.<\/p>\n<h6><\/h6>\n<h6><strong>Z\u00e1ruka\u00a0<span style=\"color: #ff0000;\">TO<\/span><span style=\"color: #0000ff;\">R<\/span>c<\/strong><strong>\u00a02 ROKY<\/strong><\/h6>\n<h6><strong>vr\u00e1tane technickej podpory<\/strong><\/h6>\n<p>&nbsp;<\/p>\n<table role=\"presentation\" width=\"100%\" cellspacing=\"0\" cellpadding=\"0\">\n<tbody>\n<tr>\n<td class=\"attrLabels\">Z\u00e1ruka:<\/td>\n<td width=\"50.0%\">\u00a02 ROKY<\/td>\n<\/tr>\n<tr>\n<td class=\"attrLabels\">Krajina distrib\u00facie:<\/td>\n<td width=\"50.0%\">\u0160panielsko, Nemecko, USA<\/td>\n<td class=\"attrLabels\">Hmotnos\u0165:<\/td>\n<td width=\"50.0%\">5,5 kg<\/td>\n<\/tr>\n<tr>\n<td class=\"attrLabels\">Zna\u010dka:<\/td>\n<td width=\"50.0%\">ARC<\/td>\n<td class=\"attrLabels\">v\u00fd\u0161ka:<\/td>\n<td width=\"50.0%\">37 cm<\/td>\n<\/tr>\n<tr>\n<td class=\"attrLabels\">Farba:<\/td>\n<td width=\"50.0%\">Strieborn\u00e1<\/td>\n<td class=\"attrLabels\">Dlh\u00e9:<\/td>\n<td width=\"50.0%\">60 cm<\/td>\n<\/tr>\n<tr>\n<td class=\"attrLabels\">Typ produktu:<\/td>\n<td width=\"50.0%\">hor\u00face podnosy<\/td>\n<td class=\"attrLabels\">\u0160irok\u00e1:<\/td>\n<td width=\"50.0%\">24 cm<\/td>\n<\/tr>\n<tr>\n<td class=\"attrLabels\">\u010c\u00edslo v\u00fdrobcu:<\/td>\n<td width=\"50.0%\">ARCBCA2.9<\/td>\n<td class=\"attrLabels\">Ve\u013ekos\u0165 z\u00e1sobn\u00edka:<\/td>\n<td width=\"50.0%\">Rozmery 53 x 32 x 6 cm<\/td>\n<\/tr>\n<tr>\n<td class=\"attrLabels\">Materi\u00e1l:<\/td>\n<td width=\"50.0%\">Nerezov\u00e1 oce\u013e 401<\/td>\n<td class=\"attrLabels\">Ve\u013ekos\u0165 vodnej dosky:<\/td>\n<td width=\"50.0%\">Rozmery 55 x 35 x 10 cm<\/td>\n<\/tr>\n<tr>\n<td class=\"attrLabels\">Zah\u0155\u0148a:<\/td>\n<td width=\"50.0%\">2 pln\u00e9 ohrievacie podnosy<\/td>\n<td class=\"attrLabels\">Mango:<\/td>\n<td width=\"50.0%\">4,4 cm<\/td>\n<\/tr>\n<tr>\n<td class=\"attrLabels\">Schopnos\u0165:<\/td>\n<td width=\"50.0%\">9L<\/td>\n<td class=\"attrLabels\"><\/td>\n<td width=\"50.0%\"><\/td>\n<\/tr>\n<\/tbody>\n<\/table>","protected":false},"excerpt":{"rendered":"<h3>Ohrieva\u010d jedla, bufetov\u00e9 ohrievacie podnosy x 2<\/h3>\n<p>The\u00a0<strong>ohrieva\u010de jedla<\/strong>\u00a0potravin\u00e1rska nehrdzavej\u00faca oce\u013e\u00a0<strong><span style=\"color: #0000ff;\"><span style=\"color: #ff0000;\">TO<\/span>R<\/span>c<\/strong>\u00a0z <strong>9 litrov<\/strong> Okrem toho, \u017ee up\u00fataj\u00fa pozornos\u0165 v\u010faka svojmu n\u00e1padn\u00e9mu dizajnu, zais\u0165uj\u00fa dlhodob\u00fa odolnos\u0165. V\u010faka tomu je ide\u00e1lny pre bufety, ra\u0148ajkov\u00e9 priestory, hotely, re\u0161taur\u00e1cie, recepcie, svadobn\u00e9 hostiny a samoobslu\u017en\u00e9 prostredia.<\/p>\n<h6><strong>Z\u00e1ruka\u00a0<span style=\"color: #ff0000;\">TO<\/span><span style=\"color: #0000ff;\">R<\/span>c<\/strong><strong>\u00a02 ROKY<\/strong><\/h6>\n<h6><strong>vr\u00e1tane technickej podpory<\/strong><\/h6>","protected":false},"featured_media":2268,"comment_status":"open","ping_status":"closed","template":"","meta":{"wds_primary_product_brand":0,"wds_primary_product_cat":0},"product_brand":[],"product_cat":[41],"product_tag":[],"class_list":{"0":"post-2267","1":"product","2":"type-product","3":"status-publish","4":"has-post-thumbnail","6":"product_cat-expositor-de-alimentos","7":"product_shipping_class-hosteleria","9":"first","10":"instock","11":"sale","12":"taxable","13":"shipping-taxable","14":"purchasable","15":"product-type-simple"},"yoast_head":"<!-- This site is optimized with the Yoast SEO Premium plugin v24.9 (Yoast SEO v26.1) - https:\/\/yoast.com\/wordpress\/plugins\/seo\/ -->\n<title>Calentador de alimentos, bandejas de calor buffet x 2 - distribuci\u00f3n ARC<\/title>\n<meta name=\"robots\" content=\"index, follow, max-snippet:-1, max-image-preview:large, max-video-preview:-1\" \/>\n<link rel=\"canonical\" href=\"https:\/\/www.distribucionarc.com\/hr\/producto\/calentador-de-alimentos-bandejas-de-calor-buffet-x-2\/\" \/>\n<meta property=\"og:locale\" content=\"sk_SK\" \/>\n<meta property=\"og:type\" content=\"article\" \/>\n<meta property=\"og:title\" content=\"Calentador de alimentos, bandejas de calor buffet x 2\" \/>\n<meta property=\"og:description\" content=\"Calentador de alimentos, bandejas de calor buffet x 2 Los\u00a0calentadores de alimentos\u00a0de acero inoxidable alimentario\u00a0ARC\u00a0de 9 litros aseguran una durabilidad a largo plazo adem\u00e1s de llamar la atenci\u00f3n gracias a su dise\u00f1o llamativo. Por lo que es ideal para buffets, \u00e1reas de desayuno, hoteles, restaurantes, recepciones, banquetes de boda y ambientes de autoservicio. Garant\u00eda\u00a0ARC\u00a02 A\u00d1OS soporte t\u00e9cnico incluido\" \/>\n<meta property=\"og:url\" content=\"https:\/\/www.distribucionarc.com\/hr\/producto\/calentador-de-alimentos-bandejas-de-calor-buffet-x-2\/\" \/>\n<meta property=\"og:site_name\" content=\"distribuci\u00f3n ARC\" \/>\n<meta property=\"article:modified_time\" content=\"2020-09-30T11:40:16+00:00\" \/>\n<meta property=\"og:image\" content=\"https:\/\/www.distribucionarc.com\/wp-content\/uploads\/2020\/08\/Calentador-de-alimentos-bandejas-de-calor-buffet-x-2-0.jpg\" \/>\n\t<meta property=\"og:image:width\" content=\"1600\" \/>\n\t<meta property=\"og:image:height\" content=\"1600\" \/>\n\t<meta property=\"og:image:type\" content=\"image\/jpeg\" \/>\n<meta name=\"twitter:card\" content=\"summary_large_image\" \/>\n<meta name=\"twitter:label1\" content=\"Predpokladan\u00fd \u010das \u010d\u00edtania\" \/>\n\t<meta name=\"twitter:data1\" content=\"1 min\u00fata\" \/>\n<script type=\"application\/ld+json\" class=\"yoast-schema-graph\">{\"@context\":\"https:\/\/schema.org\",\"@graph\":[{\"@type\":\"WebPage\",\"@id\":\"https:\/\/www.distribucionarc.com\/hr\/producto\/calentador-de-alimentos-bandejas-de-calor-buffet-x-2\/\",\"url\":\"https:\/\/www.distribucionarc.com\/hr\/producto\/calentador-de-alimentos-bandejas-de-calor-buffet-x-2\/\",\"name\":\"Calentador de alimentos, bandejas de calor buffet x 2 - distribuci\u00f3n ARC\",\"isPartOf\":{\"@id\":\"https:\/\/distribucionarc.com\/bg\/#website\"},\"primaryImageOfPage\":{\"@id\":\"https:\/\/www.distribucionarc.com\/hr\/producto\/calentador-de-alimentos-bandejas-de-calor-buffet-x-2\/#primaryimage\"},\"image\":{\"@id\":\"https:\/\/www.distribucionarc.com\/hr\/producto\/calentador-de-alimentos-bandejas-de-calor-buffet-x-2\/#primaryimage\"},\"thumbnailUrl\":\"https:\/\/distribucionarc.com\/wp-content\/uploads\/2020\/08\/Calentador-de-alimentos-bandejas-de-calor-buffet-x-2-0.jpg\",\"datePublished\":\"2020-08-13T12:25:46+00:00\",\"dateModified\":\"2020-09-30T11:40:16+00:00\",\"breadcrumb\":{\"@id\":\"https:\/\/www.distribucionarc.com\/hr\/producto\/calentador-de-alimentos-bandejas-de-calor-buffet-x-2\/#breadcrumb\"},\"inLanguage\":\"sk-SK\",\"potentialAction\":[{\"@type\":\"ReadAction\",\"target\":[\"https:\/\/www.distribucionarc.com\/hr\/producto\/calentador-de-alimentos-bandejas-de-calor-buffet-x-2\/\"]}]},{\"@type\":\"ImageObject\",\"inLanguage\":\"sk-SK\",\"@id\":\"https:\/\/www.distribucionarc.com\/hr\/producto\/calentador-de-alimentos-bandejas-de-calor-buffet-x-2\/#primaryimage\",\"url\":\"https:\/\/distribucionarc.com\/wp-content\/uploads\/2020\/08\/Calentador-de-alimentos-bandejas-de-calor-buffet-x-2-0.jpg\",\"contentUrl\":\"https:\/\/distribucionarc.com\/wp-content\/uploads\/2020\/08\/Calentador-de-alimentos-bandejas-de-calor-buffet-x-2-0.jpg\",\"width\":1600,\"height\":1600,\"caption\":\"Calentador de alimentos, bandejas de calor buffet x 2\"},{\"@type\":\"BreadcrumbList\",\"@id\":\"https:\/\/www.distribucionarc.com\/hr\/producto\/calentador-de-alimentos-bandejas-de-calor-buffet-x-2\/#breadcrumb\",\"itemListElement\":[{\"@type\":\"ListItem\",\"position\":1,\"name\":\"Portada\",\"item\":\"https:\/\/distribucionarc.com\/nb\/\"},{\"@type\":\"ListItem\",\"position\":2,\"name\":\"Products\",\"item\":\"https:\/\/www.distribucionarc.com\/en\/shop\/\"},{\"@type\":\"ListItem\",\"position\":3,\"name\":\"Calentador de alimentos, bandejas de calor buffet x 2\"}]},{\"@type\":\"WebSite\",\"@id\":\"https:\/\/distribucionarc.com\/bg\/#website\",\"url\":\"https:\/\/distribucionarc.com\/bg\/\",\"name\":\"distribuci\u00f3n ARC\",\"description\":\"Empresa especializada en la fabricaci\u00f3n y distribuci\u00f3n de maquinaria industrial, selladoras de latas, Maquinas de hacer pastillas, Maquinas de cortar carne...\",\"publisher\":{\"@id\":\"https:\/\/distribucionarc.com\/bg\/#organization\"},\"potentialAction\":[{\"@type\":\"SearchAction\",\"target\":{\"@type\":\"EntryPoint\",\"urlTemplate\":\"https:\/\/distribucionarc.com\/bg\/?s={search_term_string}\"},\"query-input\":{\"@type\":\"PropertyValueSpecification\",\"valueRequired\":true,\"valueName\":\"search_term_string\"}}],\"inLanguage\":\"sk-SK\"},{\"@type\":\"Organization\",\"@id\":\"https:\/\/distribucionarc.com\/bg\/#organization\",\"name\":\"Distribuci\u00f3n ARC\",\"url\":\"https:\/\/distribucionarc.com\/bg\/\",\"logo\":{\"@type\":\"ImageObject\",\"inLanguage\":\"sk-SK\",\"@id\":\"https:\/\/distribucionarc.com\/bg\/#\/schema\/logo\/image\/\",\"url\":\"https:\/\/distribucionarc.com\/wp-content\/uploads\/2024\/10\/distribucion-ARC-COLOR-SIN-FONDO-e1732295305345.png\",\"contentUrl\":\"https:\/\/distribucionarc.com\/wp-content\/uploads\/2024\/10\/distribucion-ARC-COLOR-SIN-FONDO-e1732295305345.png\",\"width\":1164,\"height\":558,\"caption\":\"Distribuci\u00f3n ARC\"},\"image\":{\"@id\":\"https:\/\/distribucionarc.com\/bg\/#\/schema\/logo\/image\/\"},\"description\":\"Empresa especializada en la fabricaci\u00f3n y distribuci\u00f3n de maquinaria industrial para los sectores alimentario y farmac\u00e9utico. Nos especializamos en: M\u00e1quinas de cortar carne Fabricaci\u00f3n de comprimidos Sistemas de transporte industrial L\u00edneas de embotellado Dosificadores Y mucho m\u00e1s... Ofrecemos soluciones innovadoras y personalizadas para optimizar los procesos productivos de tu empresa.\",\"email\":\"Admistracion@distribucionarc.com\",\"telephone\":\"+34 643496664\",\"legalName\":\"ARC TECH SOLUTIONS\",\"foundingDate\":\"2024-04-09\",\"vatID\":\"B55480172\",\"numberOfEmployees\":{\"@type\":\"QuantitativeValue\",\"minValue\":\"1\",\"maxValue\":\"10\"}}]}<\/script>\n<!-- \/ Yoast SEO Premium plugin. -->","yoast_head_json":{"title":"Ohrieva\u010d jedla, bufetov\u00e9 ohrievacie podnosy x 2 - ARC rozvod","robots":{"index":"index","follow":"follow","max-snippet":"max-snippet:-1","max-image-preview":"max-image-preview:large","max-video-preview":"max-video-preview:-1"},"canonical":"https:\/\/www.distribucionarc.com\/hr\/producto\/calentador-de-alimentos-bandejas-de-calor-buffet-x-2\/","og_locale":"sk_SK","og_type":"article","og_title":"Calentador de alimentos, bandejas de calor buffet x 2","og_description":"Calentador de alimentos, bandejas de calor buffet x 2 Los\u00a0calentadores de alimentos\u00a0de acero inoxidable alimentario\u00a0ARC\u00a0de 9 litros aseguran una durabilidad a largo plazo adem\u00e1s de llamar la atenci\u00f3n gracias a su dise\u00f1o llamativo. Por lo que es ideal para buffets, \u00e1reas de desayuno, hoteles, restaurantes, recepciones, banquetes de boda y ambientes de autoservicio. Garant\u00eda\u00a0ARC\u00a02 A\u00d1OS soporte t\u00e9cnico incluido","og_url":"https:\/\/www.distribucionarc.com\/hr\/producto\/calentador-de-alimentos-bandejas-de-calor-buffet-x-2\/","og_site_name":"distribuci\u00f3n ARC","article_modified_time":"2020-09-30T11:40:16+00:00","og_image":[{"width":1600,"height":1600,"url":"https:\/\/www.distribucionarc.com\/wp-content\/uploads\/2020\/08\/Calentador-de-alimentos-bandejas-de-calor-buffet-x-2-0.jpg","type":"image\/jpeg"}],"twitter_card":"summary_large_image","twitter_misc":{"Predpokladan\u00fd \u010das \u010d\u00edtania":"1 min\u00fata"},"schema":{"@context":"https:\/\/schema.org","@graph":[{"@type":"WebPage","@id":"https:\/\/www.distribucionarc.com\/hr\/producto\/calentador-de-alimentos-bandejas-de-calor-buffet-x-2\/","url":"https:\/\/www.distribucionarc.com\/hr\/producto\/calentador-de-alimentos-bandejas-de-calor-buffet-x-2\/","name":"Ohrieva\u010d jedla, bufetov\u00e9 ohrievacie podnosy x 2 - ARC rozvod","isPartOf":{"@id":"https:\/\/distribucionarc.com\/bg\/#website"},"primaryImageOfPage":{"@id":"https:\/\/www.distribucionarc.com\/hr\/producto\/calentador-de-alimentos-bandejas-de-calor-buffet-x-2\/#primaryimage"},"image":{"@id":"https:\/\/www.distribucionarc.com\/hr\/producto\/calentador-de-alimentos-bandejas-de-calor-buffet-x-2\/#primaryimage"},"thumbnailUrl":"https:\/\/distribucionarc.com\/wp-content\/uploads\/2020\/08\/Calentador-de-alimentos-bandejas-de-calor-buffet-x-2-0.jpg","datePublished":"2020-08-13T12:25:46+00:00","dateModified":"2020-09-30T11:40:16+00:00","breadcrumb":{"@id":"https:\/\/www.distribucionarc.com\/hr\/producto\/calentador-de-alimentos-bandejas-de-calor-buffet-x-2\/#breadcrumb"},"inLanguage":"sk-SK","potentialAction":[{"@type":"ReadAction","target":["https:\/\/www.distribucionarc.com\/hr\/producto\/calentador-de-alimentos-bandejas-de-calor-buffet-x-2\/"]}]},{"@type":"ImageObject","inLanguage":"sk-SK","@id":"https:\/\/www.distribucionarc.com\/hr\/producto\/calentador-de-alimentos-bandejas-de-calor-buffet-x-2\/#primaryimage","url":"https:\/\/distribucionarc.com\/wp-content\/uploads\/2020\/08\/Calentador-de-alimentos-bandejas-de-calor-buffet-x-2-0.jpg","contentUrl":"https:\/\/distribucionarc.com\/wp-content\/uploads\/2020\/08\/Calentador-de-alimentos-bandejas-de-calor-buffet-x-2-0.jpg","width":1600,"height":1600,"caption":"Calentador de alimentos, bandejas de calor buffet x 2"},{"@type":"BreadcrumbList","@id":"https:\/\/www.distribucionarc.com\/hr\/producto\/calentador-de-alimentos-bandejas-de-calor-buffet-x-2\/#breadcrumb","itemListElement":[{"@type":"ListItem","position":1,"name":"Portada","item":"https:\/\/distribucionarc.com\/nb\/"},{"@type":"ListItem","position":2,"name":"Products","item":"https:\/\/www.distribucionarc.com\/en\/shop\/"},{"@type":"ListItem","position":3,"name":"Calentador de alimentos, bandejas de calor buffet x 2"}]},{"@type":"WebSite","@id":"https:\/\/distribucionarc.com\/bg\/#website","url":"https:\/\/distribucionarc.com\/bg\/","name":"ARC distrib\u00facia","description":"Spolo\u010dnos\u0165 sa \u0161pecializuje na v\u00fdrobu a distrib\u00faciu priemyseln\u00fdch strojov, strojov na uzatv\u00e1ranie plechoviek, strojov na v\u00fdrobu tabliet, strojov na porciovanie m\u00e4sa...","publisher":{"@id":"https:\/\/distribucionarc.com\/bg\/#organization"},"potentialAction":[{"@type":"SearchAction","target":{"@type":"EntryPoint","urlTemplate":"https:\/\/distribucionarc.com\/bg\/?s={search_term_string}"},"query-input":{"@type":"PropertyValueSpecification","valueRequired":true,"valueName":"search_term_string"}}],"inLanguage":"sk-SK"},{"@type":"Organization","@id":"https:\/\/distribucionarc.com\/bg\/#organization","name":"Distrib\u00facia ARC","url":"https:\/\/distribucionarc.com\/bg\/","logo":{"@type":"ImageObject","inLanguage":"sk-SK","@id":"https:\/\/distribucionarc.com\/bg\/#\/schema\/logo\/image\/","url":"https:\/\/distribucionarc.com\/wp-content\/uploads\/2024\/10\/distribucion-ARC-COLOR-SIN-FONDO-e1732295305345.png","contentUrl":"https:\/\/distribucionarc.com\/wp-content\/uploads\/2024\/10\/distribucion-ARC-COLOR-SIN-FONDO-e1732295305345.png","width":1164,"height":558,"caption":"Distribuci\u00f3n ARC"},"image":{"@id":"https:\/\/distribucionarc.com\/bg\/#\/schema\/logo\/image\/"},"description":"Spolo\u010dnos\u0165 \u0161pecializuj\u00faca sa na v\u00fdrobu a distrib\u00faciu priemyseln\u00fdch strojov pre potravin\u00e1rsky a farmaceutick\u00fd sektor. \u0160pecializujeme sa na: Stroje na kr\u00e1janie m\u00e4sa V\u00fdroba tabliet Priemyseln\u00e9 dopravn\u00e9 syst\u00e9my D\u00e1vkova\u010de na f\u013ea\u0161e A ove\u013ea viac... Pon\u00fakame inovat\u00edvne a prisp\u00f4soben\u00e9 rie\u0161enia na optimaliz\u00e1ciu v\u00fdrobn\u00fdch procesov va\u0161ej spolo\u010dnosti.","email":"Admistracion@distribucionarc.com","telephone":"+34 643496664","legalName":"ARC TECH SOLUTIONS","foundingDate":"2024-04-09","vatID":"B55480172","numberOfEmployees":{"@type":"QuantitativeValue","minValue":"1","maxValue":"10"}}]}},"_links":{"self":[{"href":"https:\/\/distribucionarc.com\/sk\/wp-json\/wp\/v2\/product\/2267","targetHints":{"allow":["GET"]}}],"collection":[{"href":"https:\/\/distribucionarc.com\/sk\/wp-json\/wp\/v2\/product"}],"about":[{"href":"https:\/\/distribucionarc.com\/sk\/wp-json\/wp\/v2\/types\/product"}],"replies":[{"embeddable":true,"href":"https:\/\/distribucionarc.com\/sk\/wp-json\/wp\/v2\/comments?post=2267"}],"version-history":[{"count":0,"href":"https:\/\/distribucionarc.com\/sk\/wp-json\/wp\/v2\/product\/2267\/revisions"}],"wp:featuredmedia":[{"embeddable":true,"href":"https:\/\/distribucionarc.com\/sk\/wp-json\/wp\/v2\/media\/2268"}],"wp:attachment":[{"href":"https:\/\/distribucionarc.com\/sk\/wp-json\/wp\/v2\/media?parent=2267"}],"wp:term":[{"taxonomy":"product_brand","embeddable":true,"href":"https:\/\/distribucionarc.com\/sk\/wp-json\/wp\/v2\/product_brand?post=2267"},{"taxonomy":"product_cat","embeddable":true,"href":"https:\/\/distribucionarc.com\/sk\/wp-json\/wp\/v2\/product_cat?post=2267"},{"taxonomy":"product_tag","embeddable":true,"href":"https:\/\/distribucionarc.com\/sk\/wp-json\/wp\/v2\/product_tag?post=2267"}],"curies":[{"name":"pracovn\u00fd list","href":"https:\/\/api.w.org\/{rel}","templated":true}]}}