{"id":2389,"date":"2020-08-17T14:24:01","date_gmt":"2020-08-17T14:24:01","guid":{"rendered":"https:\/\/distribucionarc.com\/?post_type=product&#038;p=2389"},"modified":"2022-11-04T00:01:30","modified_gmt":"2022-11-04T00:01:30","slug":"automaticky-stroj-na-uzatvaranie-nadob-na-okamzitu-uzatvaracku-na-cerstve-napoje","status":"publish","type":"product","link":"https:\/\/distribucionarc.com\/sk\/producto\/selladora-de-envases-automatica-tapadora-de-bebidas-frescas-instantanea\/","title":{"rendered":"Automatick\u00fd stroj na uzatv\u00e1ranie n\u00e1dob, uz\u00e1ver na okam\u017eit\u00e9 \u010derstv\u00e9 n\u00e1poje\u00a0"},"content":{"rendered":"<h3>Automatick\u00fd stroj na uzatv\u00e1ranie n\u00e1dob, uz\u00e1ver na okam\u017eit\u00e9 \u010derstv\u00e9 n\u00e1poje<\/h3>\n<p>S <strong>uz\u00e1ver n\u00e1doby <span style=\"color: #ff0000;\">TO<\/span><span style=\"color: #0000ff;\">R<\/span>c<\/strong> Va\u0161i z\u00e1kazn\u00edci na seba nenechaj\u00fa dlho \u010daka\u0165, k\u00fdm si vychutnaj\u00fa v\u00e1\u0161 produkt odpor\u00fa\u010dan\u00fd do pr\u00edrodn\u00fdch \u0161tiav, \u0161ejkov, smoothies, k\u00e1vy, \u010daju s perli\u010dkami, n\u00e1pojov s ochuten\u00fdmi perli\u010dkami at\u010f. Najlep\u0161ia alternat\u00edva pre va\u0161ich klientov, ako sa schladi\u0165 kdeko\u013evek. Okrem zachovania v\u0161etk\u00fdch chut\u00ed a \u017eiv\u00edn produktu, <strong>tesnenie proti kvapkaniu<\/strong> zabezpe\u010d\u00ed produkt v ka\u017edej situ\u00e1cii.<\/p>\n<p>Proces s <strong>pe\u010datidlo <span style=\"color: #ff0000;\">TO<\/span><span style=\"color: #0000ff;\">R<\/span>CSEA9<\/strong> Je \u00faplne automatick\u00fd a inteligentn\u00fd, jednoducho pridajte tesniacu rolku, ktor\u00fa chcete pripravi\u0165 do uzatv\u00e1racieho stroja, nastavte po\u017eadovan\u00fa ve\u013ekos\u0165 a teplotu, umiestnite n\u00e1dobu a stla\u010dte tla\u010didlo spustenia. <strong>M\u00f4\u017ee<\/strong> pr\u00eds\u0165 na <strong>utesni\u0165 400 a\u017e 600 kontajnerov za jednu hodinu<\/strong>. Toto <strong>tesniaci stroj<\/strong> Je navrhnut\u00fd tak, aby zostal v prev\u00e1dzke v pr\u00edpade potreby a \u0161etril energiu, ke\u010f sa jeho funkcia nevy\u017eaduje.<\/p>\n<p>Je vyroben\u00fd z nerezovej ocele, aby bola zaisten\u00e1 jeho odolnos\u0165 a stabilita, m\u00e1 vetracie mrie\u017eky proti prehriatiu motora ako aj tesniaceho tesnenia. Jeho <span style=\"color: #008000;\"><strong>efekt\u00edvny motor prispieva k n\u00edzkej spotrebe energie<\/strong><\/span>.<\/p>\n<p>&nbsp;<\/p>\n<p><iframe loading=\"lazy\" src=\"https:\/\/www.youtube.com\/embed\/K5TmxbdJghU\" width=\"560\" height=\"315\" frameborder=\"0\" allowfullscreen=\"allowfullscreen\"><\/iframe><\/p>\n<h6>Z\u00e1ruka<strong>\u00a0<\/strong><span style=\"color: #ff0000;\"><strong>TO<\/strong><\/span><span style=\"color: #0000ff;\"><strong>R<\/strong><\/span><strong>C 2 ROKY<\/strong><\/h6>\n<h6><span style=\"color: #008000;\">najefekt\u00edvnej\u0161\u00ed motor n\u00edzka spotreba 300W<\/span><\/h6>\n<h6>vr\u00e1tane technickej podpory.<\/h6>\n<p>&nbsp;<\/p>\n<p>&nbsp;<\/p>\n<table role=\"presentation\" width=\"100%\" cellspacing=\"0\" cellpadding=\"0\">\n<tbody>\n<tr>\n<td class=\"attrLabels\">Z\u00e1ruka:<\/td>\n<td width=\"50.0%\">2 ROKY<\/td>\n<\/tr>\n<tr>\n<td class=\"attrLabels\">Farba:<\/td>\n<td width=\"50.0%\">Strieborn\u00e1<\/td>\n<td class=\"attrLabels\">v\u00fd\u0161ka:<\/td>\n<td width=\"50.0%\">53 cm<\/td>\n<\/tr>\n<tr>\n<td class=\"attrLabels\">Krajina distrib\u00facie:<\/td>\n<td width=\"50.0%\">\u0160panielsko, Nemecko, USA<\/td>\n<td class=\"attrLabels\">Dlh\u00e9:<\/td>\n<td width=\"50.0%\">30 cm<\/td>\n<\/tr>\n<tr>\n<td class=\"attrLabels\">Zna\u010dka:<\/td>\n<td width=\"50.0%\">ARC<\/td>\n<td class=\"attrLabels\">\u0160irok\u00e1:<\/td>\n<td width=\"50.0%\">\u00a033 cm<\/td>\n<\/tr>\n<tr>\n<td class=\"attrLabels\">Typ produktu:<\/td>\n<td width=\"50.0%\">Profesion\u00e1lny uz\u00e1ver n\u00e1pojov<\/td>\n<td class=\"attrLabels\">V\u00fdkon:<\/td>\n<td width=\"50.0%\">300 W<\/td>\n<\/tr>\n<tr>\n<td class=\"attrLabels\">\u010c\u00edslo v\u00fdrobcu:<\/td>\n<td width=\"50.0%\">ARCSEA9<\/td>\n<td class=\"attrLabels\">Nap\u00e4tie:<\/td>\n<td width=\"50.0%\">220V 50Hz<\/td>\n<\/tr>\n<tr>\n<td class=\"attrLabels\">Materi\u00e1l:<\/td>\n<td width=\"50.0%\">Nerezov\u00e1 oce\u013e 304, \u00fa\u010dinn\u00fd motor, regul\u00e1cia teploty<\/td>\n<td class=\"attrLabels\">Priemer poh\u00e1ra:<\/td>\n<td width=\"50.0%\">9 cm a\u017e 9,5 cm<\/td>\n<\/tr>\n<tr>\n<td class=\"attrLabels\">In\u0161tala\u010dn\u00e9 n\u00e1stroje:<\/td>\n<td width=\"50.0%\">\u00c1no<\/td>\n<td class=\"attrLabels\">R\u00fdchlos\u0165 tesnenia:<\/td>\n<td width=\"50.0%\">400-600 za hodinu<\/td>\n<\/tr>\n<tr>\n<td class=\"attrLabels\">Hmotnos\u0165:<\/td>\n<td width=\"50.0%\">18 kg<\/td>\n<td class=\"attrLabels\">Teplotn\u00e9 rozsahy:<\/td>\n<td width=\"50.0%\">50\u00baC \u2013 250\u00baC<\/td>\n<\/tr>\n<\/tbody>\n<\/table>\n<p>&nbsp;<\/p>\n<p>&nbsp;<\/p>","protected":false},"excerpt":{"rendered":"<h2>Automatick\u00fd stroj na uzatv\u00e1ranie n\u00e1dob, uz\u00e1ver na okam\u017eit\u00e9 \u010derstv\u00e9 n\u00e1poje<\/h2>\n<p>Ak chcete, aby si va\u0161i z\u00e1kazn\u00edci zachovali v\u0161etky vlastnosti svojich \u0161tiav, smoothies, \u010daju s polevou at\u010f. The <strong>automatick\u00fd tmel <span style=\"color: #ff0000;\">TO<\/span><span style=\"color: #0000ff;\">R<\/span>c<\/strong> Pom\u00f4\u017ee v\u00e1m v\u010faka svojej r\u00fdchlosti, zvl\u00e1da krytie <strong>9 kontajnerov v<\/strong> len <strong>jednu min\u00fatu<\/strong>. Proces uzatv\u00e1rania je \u00faplne automatick\u00fd, z\u00e1vis\u00ed iba od tla\u010didla na aktiv\u00e1ciu uz\u00e1veru n\u00e1doby.<\/p>\n<h6>Z\u00e1ruka<strong>\u00a0<\/strong><span style=\"color: #ff0000;\"><strong>TO<\/strong><\/span><span style=\"color: #0000ff;\"><strong>R<\/strong><\/span><strong>C 2 ROKY<\/strong><\/h6>\n<h6><span style=\"color: #008000;\">najefekt\u00edvnej\u0161\u00ed motor n\u00edzka spotreba 300W<\/span><\/h6>\n<h6>vr\u00e1tane technickej podpory.<\/h6>","protected":false},"featured_media":2395,"comment_status":"open","ping_status":"closed","template":"","meta":{"wds_primary_product_brand":0,"wds_primary_product_cat":0},"product_brand":[],"product_cat":[28],"product_tag":[],"class_list":{"0":"post-2389","1":"product","2":"type-product","3":"status-publish","4":"has-post-thumbnail","6":"product_cat-tapadoras","7":"product_shipping_class-express","9":"first","10":"instock","11":"sale","12":"taxable","13":"shipping-taxable","14":"purchasable","15":"product-type-simple"},"yoast_head":"<!-- This site is optimized with the Yoast SEO Premium plugin v24.9 (Yoast SEO v26.1) - https:\/\/yoast.com\/wordpress\/plugins\/seo\/ -->\n<title>Selladora de envases autom\u00e1tica, tapadora de bebidas frescas instant\u00e1nea\u00a0 - distribuci\u00f3n ARC<\/title>\n<meta name=\"robots\" content=\"index, follow, max-snippet:-1, max-image-preview:large, max-video-preview:-1\" \/>\n<link rel=\"canonical\" href=\"https:\/\/www.distribucionarc.com\/it\/producto\/selladora-de-envases-automatica-tapadora-de-bebidas-frescas-instantanea\/\" \/>\n<meta property=\"og:locale\" content=\"sk_SK\" \/>\n<meta property=\"og:type\" content=\"article\" \/>\n<meta property=\"og:title\" content=\"Selladora de envases autom\u00e1tica, tapadora de bebidas frescas instant\u00e1nea\u00a0\" \/>\n<meta property=\"og:description\" content=\"Selladora de envases autom\u00e1tica, tapadora de bebidas frescas instant\u00e1nea Si quiere que sus clientes conserven todas las propiedades de sus zumos, batidos, t\u00e9 con toppings, etc. La selladora autom\u00e1tica ARC le ayudar\u00e1 gracias a su velocidad,\u00a0 logra tapar 9 envases en tan solo un minuto. El proceso de sellado es completamente autom\u00e1tico solo depende de un bot\u00f3n para accionar la tapadora de envases. Garant\u00eda\u00a0ARC 2 A\u00d1OS motor m\u00e1s eficiente bajo consumo 300W soporte t\u00e9cnico\u00a0incluido.\" \/>\n<meta property=\"og:url\" content=\"https:\/\/www.distribucionarc.com\/it\/producto\/selladora-de-envases-automatica-tapadora-de-bebidas-frescas-instantanea\/\" \/>\n<meta property=\"og:site_name\" content=\"distribuci\u00f3n ARC\" \/>\n<meta property=\"article:modified_time\" content=\"2022-11-04T00:01:30+00:00\" \/>\n<meta property=\"og:image\" content=\"https:\/\/distribucionarc.com\/wp-content\/uploads\/2020\/08\/Selladora-de-envases-autom\u00e1tica-tapadora-de-bebidas-frescas-instant\u00e1nea-1.jpg\" \/>\n\t<meta property=\"og:image:width\" content=\"800\" \/>\n\t<meta property=\"og:image:height\" content=\"800\" \/>\n\t<meta property=\"og:image:type\" content=\"image\/jpeg\" \/>\n<meta name=\"twitter:card\" content=\"summary_large_image\" \/>\n<meta name=\"twitter:label1\" content=\"Predpokladan\u00fd \u010das \u010d\u00edtania\" \/>\n\t<meta name=\"twitter:data1\" content=\"1 min\u00fata\" \/>\n<script type=\"application\/ld+json\" class=\"yoast-schema-graph\">{\"@context\":\"https:\/\/schema.org\",\"@graph\":[{\"@type\":\"WebPage\",\"@id\":\"https:\/\/www.distribucionarc.com\/it\/producto\/selladora-de-envases-automatica-tapadora-de-bebidas-frescas-instantanea\/\",\"url\":\"https:\/\/www.distribucionarc.com\/it\/producto\/selladora-de-envases-automatica-tapadora-de-bebidas-frescas-instantanea\/\",\"name\":\"Selladora de envases autom\u00e1tica, tapadora de bebidas frescas instant\u00e1nea\u00a0 - distribuci\u00f3n ARC\",\"isPartOf\":{\"@id\":\"https:\/\/www.distribucionarc.com\/sl\/#website\"},\"primaryImageOfPage\":{\"@id\":\"https:\/\/www.distribucionarc.com\/it\/producto\/selladora-de-envases-automatica-tapadora-de-bebidas-frescas-instantanea\/#primaryimage\"},\"image\":{\"@id\":\"https:\/\/www.distribucionarc.com\/it\/producto\/selladora-de-envases-automatica-tapadora-de-bebidas-frescas-instantanea\/#primaryimage\"},\"thumbnailUrl\":\"https:\/\/distribucionarc.com\/wp-content\/uploads\/2020\/08\/Selladora-de-envases-autom\u00e1tica-tapadora-de-bebidas-frescas-instant\u00e1nea-1.jpg\",\"datePublished\":\"2020-08-17T14:24:01+00:00\",\"dateModified\":\"2022-11-04T00:01:30+00:00\",\"breadcrumb\":{\"@id\":\"https:\/\/www.distribucionarc.com\/it\/producto\/selladora-de-envases-automatica-tapadora-de-bebidas-frescas-instantanea\/#breadcrumb\"},\"inLanguage\":\"sk-SK\",\"potentialAction\":[{\"@type\":\"ReadAction\",\"target\":[\"https:\/\/www.distribucionarc.com\/it\/producto\/selladora-de-envases-automatica-tapadora-de-bebidas-frescas-instantanea\/\"]}]},{\"@type\":\"ImageObject\",\"inLanguage\":\"sk-SK\",\"@id\":\"https:\/\/www.distribucionarc.com\/it\/producto\/selladora-de-envases-automatica-tapadora-de-bebidas-frescas-instantanea\/#primaryimage\",\"url\":\"https:\/\/distribucionarc.com\/wp-content\/uploads\/2020\/08\/Selladora-de-envases-autom\u00e1tica-tapadora-de-bebidas-frescas-instant\u00e1nea-1.jpg\",\"contentUrl\":\"https:\/\/distribucionarc.com\/wp-content\/uploads\/2020\/08\/Selladora-de-envases-autom\u00e1tica-tapadora-de-bebidas-frescas-instant\u00e1nea-1.jpg\",\"width\":800,\"height\":800,\"caption\":\"Selladora de envases autom\u00e1tica, tapadora de bebidas frescas instant\u00e1nea\u00a0\"},{\"@type\":\"BreadcrumbList\",\"@id\":\"https:\/\/www.distribucionarc.com\/it\/producto\/selladora-de-envases-automatica-tapadora-de-bebidas-frescas-instantanea\/#breadcrumb\",\"itemListElement\":[{\"@type\":\"ListItem\",\"position\":1,\"name\":\"Portada\",\"item\":\"https:\/\/www.distribucionarc.com\/\"},{\"@type\":\"ListItem\",\"position\":2,\"name\":\"\u00dcr\u00fcnler\",\"item\":\"https:\/\/www.distribucionarc.com\/tr\/magaza\/\"},{\"@type\":\"ListItem\",\"position\":3,\"name\":\"Selladora de envases autom\u00e1tica, tapadora de bebidas frescas instant\u00e1nea\u00a0\"}]},{\"@type\":\"WebSite\",\"@id\":\"https:\/\/www.distribucionarc.com\/sl\/#website\",\"url\":\"https:\/\/www.distribucionarc.com\/sl\/\",\"name\":\"distribuci\u00f3n ARC\",\"description\":\"Empresa especializada en la fabricaci\u00f3n y distribuci\u00f3n de maquinaria industrial, selladoras de latas, Maquinas de hacer pastillas, Maquinas de cortar carne...\",\"publisher\":{\"@id\":\"https:\/\/www.distribucionarc.com\/sl\/#organization\"},\"potentialAction\":[{\"@type\":\"SearchAction\",\"target\":{\"@type\":\"EntryPoint\",\"urlTemplate\":\"https:\/\/www.distribucionarc.com\/sl\/?s={search_term_string}\"},\"query-input\":{\"@type\":\"PropertyValueSpecification\",\"valueRequired\":true,\"valueName\":\"search_term_string\"}}],\"inLanguage\":\"sk-SK\"},{\"@type\":\"Organization\",\"@id\":\"https:\/\/www.distribucionarc.com\/sl\/#organization\",\"name\":\"Distribuci\u00f3n ARC\",\"url\":\"https:\/\/www.distribucionarc.com\/sl\/\",\"logo\":{\"@type\":\"ImageObject\",\"inLanguage\":\"sk-SK\",\"@id\":\"https:\/\/www.distribucionarc.com\/sl\/#\/schema\/logo\/image\/\",\"url\":\"https:\/\/distribucionarc.com\/wp-content\/uploads\/2024\/10\/distribucion-ARC-COLOR-SIN-FONDO-e1732295305345.png\",\"contentUrl\":\"https:\/\/distribucionarc.com\/wp-content\/uploads\/2024\/10\/distribucion-ARC-COLOR-SIN-FONDO-e1732295305345.png\",\"width\":1164,\"height\":558,\"caption\":\"Distribuci\u00f3n ARC\"},\"image\":{\"@id\":\"https:\/\/www.distribucionarc.com\/sl\/#\/schema\/logo\/image\/\"},\"description\":\"Empresa especializada en la fabricaci\u00f3n y distribuci\u00f3n de maquinaria industrial para los sectores alimentario y farmac\u00e9utico. Nos especializamos en: M\u00e1quinas de cortar carne Fabricaci\u00f3n de comprimidos Sistemas de transporte industrial L\u00edneas de embotellado Dosificadores Y mucho m\u00e1s... Ofrecemos soluciones innovadoras y personalizadas para optimizar los procesos productivos de tu empresa.\",\"email\":\"Admistracion@distribucionarc.com\",\"telephone\":\"+34 643496664\",\"legalName\":\"ARC TECH SOLUTIONS\",\"foundingDate\":\"2024-04-09\",\"vatID\":\"B55480172\",\"numberOfEmployees\":{\"@type\":\"QuantitativeValue\",\"minValue\":\"1\",\"maxValue\":\"10\"}}]}<\/script>\n<!-- \/ Yoast SEO Premium plugin. -->","yoast_head_json":{"title":"Automatick\u00fd stroj na uzatv\u00e1ranie n\u00e1dob, uz\u00e1ver instantn\u00fdch \u010derstv\u00fdch n\u00e1pojov - distrib\u00facia ARC","robots":{"index":"index","follow":"follow","max-snippet":"max-snippet:-1","max-image-preview":"max-image-preview:large","max-video-preview":"max-video-preview:-1"},"canonical":"https:\/\/www.distribucionarc.com\/it\/producto\/selladora-de-envases-automatica-tapadora-de-bebidas-frescas-instantanea\/","og_locale":"sk_SK","og_type":"article","og_title":"Selladora de envases autom\u00e1tica, tapadora de bebidas frescas instant\u00e1nea\u00a0","og_description":"Selladora de envases autom\u00e1tica, tapadora de bebidas frescas instant\u00e1nea Si quiere que sus clientes conserven todas las propiedades de sus zumos, batidos, t\u00e9 con toppings, etc. La selladora autom\u00e1tica ARC le ayudar\u00e1 gracias a su velocidad,\u00a0 logra tapar 9 envases en tan solo un minuto. El proceso de sellado es completamente autom\u00e1tico solo depende de un bot\u00f3n para accionar la tapadora de envases. Garant\u00eda\u00a0ARC 2 A\u00d1OS motor m\u00e1s eficiente bajo consumo 300W soporte t\u00e9cnico\u00a0incluido.","og_url":"https:\/\/www.distribucionarc.com\/it\/producto\/selladora-de-envases-automatica-tapadora-de-bebidas-frescas-instantanea\/","og_site_name":"distribuci\u00f3n ARC","article_modified_time":"2022-11-04T00:01:30+00:00","og_image":[{"width":800,"height":800,"url":"https:\/\/distribucionarc.com\/wp-content\/uploads\/2020\/08\/Selladora-de-envases-autom\u00e1tica-tapadora-de-bebidas-frescas-instant\u00e1nea-1.jpg","type":"image\/jpeg"}],"twitter_card":"summary_large_image","twitter_misc":{"Predpokladan\u00fd \u010das \u010d\u00edtania":"1 min\u00fata"},"schema":{"@context":"https:\/\/schema.org","@graph":[{"@type":"WebPage","@id":"https:\/\/www.distribucionarc.com\/it\/producto\/selladora-de-envases-automatica-tapadora-de-bebidas-frescas-instantanea\/","url":"https:\/\/www.distribucionarc.com\/it\/producto\/selladora-de-envases-automatica-tapadora-de-bebidas-frescas-instantanea\/","name":"Automatick\u00fd stroj na uzatv\u00e1ranie n\u00e1dob, uz\u00e1ver instantn\u00fdch \u010derstv\u00fdch n\u00e1pojov - distrib\u00facia ARC","isPartOf":{"@id":"https:\/\/www.distribucionarc.com\/sl\/#website"},"primaryImageOfPage":{"@id":"https:\/\/www.distribucionarc.com\/it\/producto\/selladora-de-envases-automatica-tapadora-de-bebidas-frescas-instantanea\/#primaryimage"},"image":{"@id":"https:\/\/www.distribucionarc.com\/it\/producto\/selladora-de-envases-automatica-tapadora-de-bebidas-frescas-instantanea\/#primaryimage"},"thumbnailUrl":"https:\/\/distribucionarc.com\/wp-content\/uploads\/2020\/08\/Selladora-de-envases-autom\u00e1tica-tapadora-de-bebidas-frescas-instant\u00e1nea-1.jpg","datePublished":"2020-08-17T14:24:01+00:00","dateModified":"2022-11-04T00:01:30+00:00","breadcrumb":{"@id":"https:\/\/www.distribucionarc.com\/it\/producto\/selladora-de-envases-automatica-tapadora-de-bebidas-frescas-instantanea\/#breadcrumb"},"inLanguage":"sk-SK","potentialAction":[{"@type":"ReadAction","target":["https:\/\/www.distribucionarc.com\/it\/producto\/selladora-de-envases-automatica-tapadora-de-bebidas-frescas-instantanea\/"]}]},{"@type":"ImageObject","inLanguage":"sk-SK","@id":"https:\/\/www.distribucionarc.com\/it\/producto\/selladora-de-envases-automatica-tapadora-de-bebidas-frescas-instantanea\/#primaryimage","url":"https:\/\/distribucionarc.com\/wp-content\/uploads\/2020\/08\/Selladora-de-envases-autom\u00e1tica-tapadora-de-bebidas-frescas-instant\u00e1nea-1.jpg","contentUrl":"https:\/\/distribucionarc.com\/wp-content\/uploads\/2020\/08\/Selladora-de-envases-autom\u00e1tica-tapadora-de-bebidas-frescas-instant\u00e1nea-1.jpg","width":800,"height":800,"caption":"Selladora de envases autom\u00e1tica, tapadora de bebidas frescas instant\u00e1nea\u00a0"},{"@type":"BreadcrumbList","@id":"https:\/\/www.distribucionarc.com\/it\/producto\/selladora-de-envases-automatica-tapadora-de-bebidas-frescas-instantanea\/#breadcrumb","itemListElement":[{"@type":"ListItem","position":1,"name":"Portada","item":"https:\/\/www.distribucionarc.com\/"},{"@type":"ListItem","position":2,"name":"\u00dcr\u00fcnler","item":"https:\/\/www.distribucionarc.com\/tr\/magaza\/"},{"@type":"ListItem","position":3,"name":"Selladora de envases autom\u00e1tica, tapadora de bebidas frescas instant\u00e1nea\u00a0"}]},{"@type":"WebSite","@id":"https:\/\/www.distribucionarc.com\/sl\/#website","url":"https:\/\/www.distribucionarc.com\/sl\/","name":"ARC distrib\u00facia","description":"Spolo\u010dnos\u0165 sa \u0161pecializuje na v\u00fdrobu a distrib\u00faciu priemyseln\u00fdch strojov, strojov na uzatv\u00e1ranie plechoviek, strojov na v\u00fdrobu tabliet, strojov na porciovanie m\u00e4sa...","publisher":{"@id":"https:\/\/www.distribucionarc.com\/sl\/#organization"},"potentialAction":[{"@type":"SearchAction","target":{"@type":"EntryPoint","urlTemplate":"https:\/\/www.distribucionarc.com\/sl\/?s={search_term_string}"},"query-input":{"@type":"PropertyValueSpecification","valueRequired":true,"valueName":"search_term_string"}}],"inLanguage":"sk-SK"},{"@type":"Organization","@id":"https:\/\/www.distribucionarc.com\/sl\/#organization","name":"Distrib\u00facia ARC","url":"https:\/\/www.distribucionarc.com\/sl\/","logo":{"@type":"ImageObject","inLanguage":"sk-SK","@id":"https:\/\/www.distribucionarc.com\/sl\/#\/schema\/logo\/image\/","url":"https:\/\/distribucionarc.com\/wp-content\/uploads\/2024\/10\/distribucion-ARC-COLOR-SIN-FONDO-e1732295305345.png","contentUrl":"https:\/\/distribucionarc.com\/wp-content\/uploads\/2024\/10\/distribucion-ARC-COLOR-SIN-FONDO-e1732295305345.png","width":1164,"height":558,"caption":"Distribuci\u00f3n ARC"},"image":{"@id":"https:\/\/www.distribucionarc.com\/sl\/#\/schema\/logo\/image\/"},"description":"Spolo\u010dnos\u0165 \u0161pecializuj\u00faca sa na v\u00fdrobu a distrib\u00faciu priemyseln\u00fdch strojov pre potravin\u00e1rsky a farmaceutick\u00fd sektor. \u0160pecializujeme sa na: Stroje na kr\u00e1janie m\u00e4sa V\u00fdroba tabliet Priemyseln\u00e9 dopravn\u00e9 syst\u00e9my D\u00e1vkova\u010de na f\u013ea\u0161e A ove\u013ea viac... Pon\u00fakame inovat\u00edvne a prisp\u00f4soben\u00e9 rie\u0161enia na optimaliz\u00e1ciu v\u00fdrobn\u00fdch procesov va\u0161ej spolo\u010dnosti.","email":"Admistracion@distribucionarc.com","telephone":"+34 643496664","legalName":"ARC TECH SOLUTIONS","foundingDate":"2024-04-09","vatID":"B55480172","numberOfEmployees":{"@type":"QuantitativeValue","minValue":"1","maxValue":"10"}}]}},"_links":{"self":[{"href":"https:\/\/distribucionarc.com\/sk\/wp-json\/wp\/v2\/product\/2389","targetHints":{"allow":["GET"]}}],"collection":[{"href":"https:\/\/distribucionarc.com\/sk\/wp-json\/wp\/v2\/product"}],"about":[{"href":"https:\/\/distribucionarc.com\/sk\/wp-json\/wp\/v2\/types\/product"}],"replies":[{"embeddable":true,"href":"https:\/\/distribucionarc.com\/sk\/wp-json\/wp\/v2\/comments?post=2389"}],"version-history":[{"count":0,"href":"https:\/\/distribucionarc.com\/sk\/wp-json\/wp\/v2\/product\/2389\/revisions"}],"wp:featuredmedia":[{"embeddable":true,"href":"https:\/\/distribucionarc.com\/sk\/wp-json\/wp\/v2\/media\/2395"}],"wp:attachment":[{"href":"https:\/\/distribucionarc.com\/sk\/wp-json\/wp\/v2\/media?parent=2389"}],"wp:term":[{"taxonomy":"product_brand","embeddable":true,"href":"https:\/\/distribucionarc.com\/sk\/wp-json\/wp\/v2\/product_brand?post=2389"},{"taxonomy":"product_cat","embeddable":true,"href":"https:\/\/distribucionarc.com\/sk\/wp-json\/wp\/v2\/product_cat?post=2389"},{"taxonomy":"product_tag","embeddable":true,"href":"https:\/\/distribucionarc.com\/sk\/wp-json\/wp\/v2\/product_tag?post=2389"}],"curies":[{"name":"pracovn\u00fd list","href":"https:\/\/api.w.org\/{rel}","templated":true}]}}