{"id":2399,"date":"2020-08-17T15:30:58","date_gmt":"2020-08-17T15:30:58","guid":{"rendered":"https:\/\/distribucionarc.com\/?post_type=product&#038;p=2399"},"modified":"2024-01-26T14:18:18","modified_gmt":"2024-01-26T14:18:18","slug":"priemyselny-mixer-do-pekarne-30-l","status":"publish","type":"product","link":"https:\/\/distribucionarc.com\/sk\/producto\/mezclador-industrial-para-panaderia-30-l\/","title":{"rendered":"Priemyseln\u00fd mix\u00e9r pre pek\u00e1re\u0148 30L"},"content":{"rendered":"<h2>Priemyseln\u00fd mix\u00e9r pre pek\u00e1re\u0148 30L<\/h2>\n<p>On <strong>priemyseln\u00e9 mie\u0161adlo <span style=\"color: #ff0000;\">TO<\/span><span style=\"color: #0000ff;\">R<\/span>c<\/strong> Je vybaven\u00e1 30L n\u00e1dobou z nehrdzavej\u00facej ocele 304 potravin\u00e1rskej kvality. Je schopn\u00fd \u013eahko mie\u0161a\u0165 recepty a\u017e do 22 kg v jednej miske.<\/p>\n<p><strong>Priemyseln\u00fd mix\u00e9r<span style=\"color: #ff0000;\"> TO<\/span><span style=\"color: #0000ff;\">R<\/span>CBMP30<\/strong> Je vybaven\u00e1 tromi vymenite\u013en\u00fdmi nadstavcami vr\u00e1tane \u0161pir\u00e1lov\u00e9ho h\u00e1ku na cesto, ploch\u00e9ho \u0161\u013eaha\u010da a \u0161\u013eaha\u010da. Dokonale navrhnut\u00e9, tak\u017ee m\u00f4\u017eete pripravi\u0165 v\u0161etky druhy potravinov\u00fdch zmes\u00ed. Bezpe\u010dnostn\u00fd kryt misy z nehrdzavej\u00facej ocele pripevnen\u00fd k mix\u00e9ru zabr\u00e1ni vystriekaniu ingredienci\u00ed alebo p\u00e1du ve\u013ek\u00fdch predmetov do misy, zatia\u013e \u010do vy m\u00f4\u017eete sledova\u0165 proces mixovania.<\/p>\n<p>On <span style=\"color: #008000;\"><strong>V\u00fdkonn\u00fd 1000W motor<\/strong><\/span> Zais\u0165uje stabiln\u00fa prev\u00e1dzku t\u00fdm, \u017ee poskytuje tri nastavite\u013en\u00e9 r\u00fdchlosti mixovania (105 RPM\/180 RPM\/408 RPM), ktor\u00e9 v\u00e1m pom\u00f4\u017eu efekt\u00edvne mixova\u0165 va\u0161e jedlo.<\/p>\n<p>Toto<strong> miesi\u010d cesta<\/strong> Prij\u00edma oto\u010dn\u00e9 koliesko na sp\u00fa\u0161\u0165anie alebo zdv\u00edhanie misy, \u010d\u00edm dosahuje uspokojiv\u00fa v\u00fd\u0161ku a dok\u00e1\u017ee sa dokonale prisp\u00f4sobi\u0165 r\u00f4znym po\u017eiadavk\u00e1m na mie\u0161anie.<\/p>\n<h6>Z\u00e1ruka <span style=\"color: #ff0000;\"><strong style=\"font-size: 1.1em;\">TO<\/strong><\/span><strong style=\"font-style: normal; font-size: 17.6px; color: #0000ff;\">R<\/strong><strong style=\"font-size: 1.1em;\">C 2 ROKY<\/strong><\/h6>\n<h6><span style=\"color: #008000;\">efekt\u00edvnej\u0161\u00ed motor s n\u00edzkou spotrebou 1000W<\/span><\/h6>\n<h6>vr\u00e1tane technickej podpory.<\/h6>\n<p>&nbsp;<\/p>\n<table role=\"presentation\" width=\"100%\" cellspacing=\"0\" cellpadding=\"0\">\n<tbody>\n<tr>\n<td class=\"attrLabels\">Z\u00e1ruka:<\/td>\n<td width=\"50.0%\">2 ROKY<\/td>\n<\/tr>\n<tr>\n<td class=\"attrLabels\">Farba:<\/td>\n<td width=\"50.0%\">Strieborn\u00e1<\/td>\n<td class=\"attrLabels\">v\u00fd\u0161ka:<\/td>\n<td width=\"50.0%\">83 cm<\/td>\n<\/tr>\n<tr>\n<td class=\"attrLabels\">Krajina distrib\u00facie:<\/td>\n<td width=\"50.0%\">\u0160panielsko, Nemecko, USA<\/td>\n<td class=\"attrLabels\">Dlh\u00e9:<\/td>\n<td width=\"50.0%\">44,50 cm<\/td>\n<\/tr>\n<tr>\n<td class=\"attrLabels\">Zna\u010dka:<\/td>\n<td width=\"50.0%\">ARC<\/td>\n<td class=\"attrLabels\">\u0160irok\u00e1:<\/td>\n<td width=\"50.0%\">\u00a0 54,50 cm<\/td>\n<\/tr>\n<tr>\n<td class=\"attrLabels\">Typ produktu:<\/td>\n<td width=\"50.0%\">Profesion\u00e1lny mix\u00e9r<\/td>\n<td class=\"attrLabels\">V\u00fdkon:<\/td>\n<td width=\"50.0%\">1000 W<\/td>\n<\/tr>\n<tr>\n<td class=\"attrLabels\">\u010c\u00edslo v\u00fdrobcu:<\/td>\n<td width=\"50.0%\">ARCBMP30<\/td>\n<td class=\"attrLabels\">Nap\u00e4tie:<\/td>\n<td width=\"50.0%\">110V 60Hz<\/td>\n<\/tr>\n<tr>\n<td class=\"attrLabels\">Materi\u00e1l:<\/td>\n<td width=\"50.0%\">Efekt\u00edvny motor z nehrdzavej\u00facej ocele 304<\/td>\n<td class=\"attrLabels\">Objem misky:<\/td>\n<td width=\"50.0%\">30 l<\/td>\n<\/tr>\n<tr>\n<td class=\"attrLabels\">In\u0161tala\u010dn\u00e9 n\u00e1stroje:<\/td>\n<td width=\"50.0%\">\u00c1no<\/td>\n<td class=\"attrLabels\">Kapacita miesenia:<\/td>\n<td width=\"50.0%\">22 kg<\/td>\n<\/tr>\n<tr>\n<td class=\"attrLabels\">Hmotnos\u0165:<\/td>\n<td width=\"50.0%\">86 kg<\/td>\n<td class=\"attrLabels\">R\u00fdchlos\u0165 mie\u0161ania:<\/td>\n<td width=\"50.0%\">105 ot.\/min 180 ot.\/min. 408 ot.\/min<\/td>\n<\/tr>\n<\/tbody>\n<\/table>","protected":false},"excerpt":{"rendered":"<h2 style=\"font-style: normal;\">Priemyseln\u00fd mix\u00e9r do pek\u00e1rne 30L<\/h2>\n<p>Toto <strong>potravinov\u00fd mix\u00e9r<\/strong> Je vhodn\u00fd na mie\u0161anie m\u00faky, cesta, plnky, roz\u0161\u013eahan\u00fdch vajec a pod. V\u010faka siln\u00e9mu 1000 W motoru a robustnej nerezovej n\u00e1dobe je proces miesenia r\u00fdchly a jednoduch\u00fd.<strong> mix\u00e9r <span style=\"color: #ff0000;\">TO<\/span><span style=\"color: #0000ff;\">R<\/span>c<\/strong> Je to robustn\u00fd, odoln\u00fd a spo\u013eahliv\u00fd stroj. M\u00f4\u017eete si vybra\u0165 r\u00f4zne r\u00fdchlosti pre po\u017eadovan\u00fd proces <strong>miesi\u0165, mie\u0161a\u0165, \u0161\u013eaha\u0165<\/strong>. V\u0161etky jeho \u010dasti prich\u00e1dzaj\u00face do kontaktu s potravinami sp\u013a\u0148aj\u00fa zdravotn\u00e9 normy.<\/p>\n<h6>Z\u00e1ruka<strong>\u00a0<\/strong><span style=\"color: #ff0000;\"><strong>TO<\/strong><\/span><span style=\"color: #0000ff;\"><strong>R<\/strong><\/span><strong>C 2 ROKY<\/strong><\/h6>\n<h6><span style=\"color: #008000;\">efekt\u00edvnej\u0161\u00ed motor s n\u00edzkou spotrebou 1000W<\/span><\/h6>\n<h6>vr\u00e1tane technickej podpory.<\/h6>","protected":false},"featured_media":2405,"comment_status":"open","ping_status":"closed","template":"","meta":{"wds_primary_product_brand":0,"wds_primary_product_cat":0},"product_brand":[],"product_cat":[53],"product_tag":[],"class_list":{"0":"post-2399","1":"product","2":"type-product","3":"status-publish","4":"has-post-thumbnail","6":"product_cat-panaderia-y-pasteleria-industrial","7":"product_shipping_class-express","9":"first","10":"instock","11":"sale","12":"taxable","13":"shipping-taxable","14":"purchasable","15":"product-type-simple"},"yoast_head":"<!-- This site is optimized with the Yoast SEO Premium plugin v24.9 (Yoast SEO v26.1) - https:\/\/yoast.com\/wordpress\/plugins\/seo\/ -->\n<title>Mezclador industrial para panader\u00eda 30 L - distribuci\u00f3n ARC<\/title>\n<meta name=\"robots\" content=\"index, follow, max-snippet:-1, max-image-preview:large, max-video-preview:-1\" \/>\n<link rel=\"canonical\" href=\"https:\/\/distribucionarc.com\/sk\/produktov\/priemyselny-mixer-do-pekarne-30-l\/\" \/>\n<meta property=\"og:locale\" content=\"sk_SK\" \/>\n<meta property=\"og:type\" content=\"article\" \/>\n<meta property=\"og:title\" content=\"Mezclador industrial para panader\u00eda 30 L\" \/>\n<meta property=\"og:description\" content=\"Mezclador industrial para panader\u00eda 30L Esta batidora de alimentos es la indicada para mezclar harinas, masa, relleno, huevos batidos, etc. Gracias a su potente motor de 1000W y su robusto bol de acero inoxidable el proceso de amasado se realiza r\u00e1pida y sencillamente, esta mezcladora ARC es una m\u00e1quina robusta, duradera y fiable. Puede elegir diferentes velocidades para el proceso que requiera ya sea amasar, mezclar, batir. Todas sus piezas de contacto con los alimentos cumplen con las normas sanitarias. Garant\u00eda\u00a0ARC 2 A\u00d1OS motor m\u00e1s eficiente bajo consumo 1000W soporte t\u00e9cnico\u00a0incluido.\" \/>\n<meta property=\"og:url\" content=\"https:\/\/distribucionarc.com\/sk\/produktov\/priemyselny-mixer-do-pekarne-30-l\/\" \/>\n<meta property=\"og:site_name\" content=\"distribuci\u00f3n ARC\" \/>\n<meta property=\"article:modified_time\" content=\"2024-01-26T14:18:18+00:00\" \/>\n<meta property=\"og:image\" content=\"https:\/\/distribucionarc.com\/wp-content\/uploads\/2020\/08\/Mezclador-industrial-para-panader\u00eda-30L-0.jpg\" \/>\n\t<meta property=\"og:image:width\" content=\"1600\" \/>\n\t<meta property=\"og:image:height\" content=\"1600\" \/>\n\t<meta property=\"og:image:type\" content=\"image\/jpeg\" \/>\n<meta name=\"twitter:card\" content=\"summary_large_image\" \/>\n<meta name=\"twitter:label1\" content=\"Predpokladan\u00fd \u010das \u010d\u00edtania\" \/>\n\t<meta name=\"twitter:data1\" content=\"1 min\u00fata\" \/>\n<script type=\"application\/ld+json\" class=\"yoast-schema-graph\">{\"@context\":\"https:\/\/schema.org\",\"@graph\":[{\"@type\":\"WebPage\",\"@id\":\"https:\/\/distribucionarc.com\/sk\/producto\/mezclador-industrial-para-panaderia-30-l\/\",\"url\":\"https:\/\/distribucionarc.com\/sk\/producto\/mezclador-industrial-para-panaderia-30-l\/\",\"name\":\"Mezclador industrial para panader\u00eda 30 L - distribuci\u00f3n ARC\",\"isPartOf\":{\"@id\":\"https:\/\/distribucionarc.com\/de\/#website\"},\"primaryImageOfPage\":{\"@id\":\"https:\/\/distribucionarc.com\/sk\/producto\/mezclador-industrial-para-panaderia-30-l\/#primaryimage\"},\"image\":{\"@id\":\"https:\/\/distribucionarc.com\/sk\/producto\/mezclador-industrial-para-panaderia-30-l\/#primaryimage\"},\"thumbnailUrl\":\"https:\/\/distribucionarc.com\/wp-content\/uploads\/2020\/08\/Mezclador-industrial-para-panader\u00eda-30L-0.jpg\",\"datePublished\":\"2020-08-17T15:30:58+00:00\",\"dateModified\":\"2024-01-26T14:18:18+00:00\",\"breadcrumb\":{\"@id\":\"https:\/\/distribucionarc.com\/sk\/producto\/mezclador-industrial-para-panaderia-30-l\/#breadcrumb\"},\"inLanguage\":\"sk-SK\",\"potentialAction\":[{\"@type\":\"ReadAction\",\"target\":[\"https:\/\/distribucionarc.com\/sk\/producto\/mezclador-industrial-para-panaderia-30-l\/\"]}]},{\"@type\":\"ImageObject\",\"inLanguage\":\"sk-SK\",\"@id\":\"https:\/\/distribucionarc.com\/sk\/producto\/mezclador-industrial-para-panaderia-30-l\/#primaryimage\",\"url\":\"https:\/\/distribucionarc.com\/wp-content\/uploads\/2020\/08\/Mezclador-industrial-para-panader\u00eda-30L-0.jpg\",\"contentUrl\":\"https:\/\/distribucionarc.com\/wp-content\/uploads\/2020\/08\/Mezclador-industrial-para-panader\u00eda-30L-0.jpg\",\"width\":1600,\"height\":1600,\"caption\":\"Mezclador industrial para panader\u00eda 30L\"},{\"@type\":\"BreadcrumbList\",\"@id\":\"https:\/\/distribucionarc.com\/sk\/producto\/mezclador-industrial-para-panaderia-30-l\/#breadcrumb\",\"itemListElement\":[{\"@type\":\"ListItem\",\"position\":1,\"name\":\"Portada\",\"item\":\"https:\/\/distribucionarc.com\/pl\/\"},{\"@type\":\"ListItem\",\"position\":2,\"name\":\"Produkty\",\"item\":\"https:\/\/distribucionarc.com\/pl\/shop\/\"},{\"@type\":\"ListItem\",\"position\":3,\"name\":\"Mezclador industrial para panader\u00eda 30 L\"}]},{\"@type\":\"WebSite\",\"@id\":\"https:\/\/distribucionarc.com\/de\/#website\",\"url\":\"https:\/\/distribucionarc.com\/de\/\",\"name\":\"distribuci\u00f3n ARC\",\"description\":\"Empresa especializada en la fabricaci\u00f3n y distribuci\u00f3n de maquinaria industrial, selladoras de latas, Maquinas de hacer pastillas, Maquinas de cortar carne...\",\"publisher\":{\"@id\":\"https:\/\/distribucionarc.com\/de\/#organization\"},\"potentialAction\":[{\"@type\":\"SearchAction\",\"target\":{\"@type\":\"EntryPoint\",\"urlTemplate\":\"https:\/\/distribucionarc.com\/de\/?s={search_term_string}\"},\"query-input\":{\"@type\":\"PropertyValueSpecification\",\"valueRequired\":true,\"valueName\":\"search_term_string\"}}],\"inLanguage\":\"sk-SK\"},{\"@type\":\"Organization\",\"@id\":\"https:\/\/distribucionarc.com\/de\/#organization\",\"name\":\"Distribuci\u00f3n ARC\",\"url\":\"https:\/\/distribucionarc.com\/de\/\",\"logo\":{\"@type\":\"ImageObject\",\"inLanguage\":\"sk-SK\",\"@id\":\"https:\/\/distribucionarc.com\/de\/#\/schema\/logo\/image\/\",\"url\":\"https:\/\/distribucionarc.com\/wp-content\/uploads\/2024\/10\/distribucion-ARC-COLOR-SIN-FONDO-e1732295305345.png\",\"contentUrl\":\"https:\/\/distribucionarc.com\/wp-content\/uploads\/2024\/10\/distribucion-ARC-COLOR-SIN-FONDO-e1732295305345.png\",\"width\":1164,\"height\":558,\"caption\":\"Distribuci\u00f3n ARC\"},\"image\":{\"@id\":\"https:\/\/distribucionarc.com\/de\/#\/schema\/logo\/image\/\"},\"description\":\"Empresa especializada en la fabricaci\u00f3n y distribuci\u00f3n de maquinaria industrial para los sectores alimentario y farmac\u00e9utico. Nos especializamos en: M\u00e1quinas de cortar carne Fabricaci\u00f3n de comprimidos Sistemas de transporte industrial L\u00edneas de embotellado Dosificadores Y mucho m\u00e1s... Ofrecemos soluciones innovadoras y personalizadas para optimizar los procesos productivos de tu empresa.\",\"email\":\"Admistracion@distribucionarc.com\",\"telephone\":\"+34 643496664\",\"legalName\":\"ARC TECH SOLUTIONS\",\"foundingDate\":\"2024-04-09\",\"vatID\":\"B55480172\",\"numberOfEmployees\":{\"@type\":\"QuantitativeValue\",\"minValue\":\"1\",\"maxValue\":\"10\"}}]}<\/script>\n<!-- \/ Yoast SEO Premium plugin. -->","yoast_head_json":{"title":"Priemyseln\u00e1 mie\u0161a\u010dka pre pek\u00e1re\u0148 30 L - ARC rozvod","robots":{"index":"index","follow":"follow","max-snippet":"max-snippet:-1","max-image-preview":"max-image-preview:large","max-video-preview":"max-video-preview:-1"},"canonical":"https:\/\/distribucionarc.com\/sk\/produktov\/priemyselny-mixer-do-pekarne-30-l\/","og_locale":"sk_SK","og_type":"article","og_title":"Mezclador industrial para panader\u00eda 30 L","og_description":"Mezclador industrial para panader\u00eda 30L Esta batidora de alimentos es la indicada para mezclar harinas, masa, relleno, huevos batidos, etc. Gracias a su potente motor de 1000W y su robusto bol de acero inoxidable el proceso de amasado se realiza r\u00e1pida y sencillamente, esta mezcladora ARC es una m\u00e1quina robusta, duradera y fiable. Puede elegir diferentes velocidades para el proceso que requiera ya sea amasar, mezclar, batir. Todas sus piezas de contacto con los alimentos cumplen con las normas sanitarias. Garant\u00eda\u00a0ARC 2 A\u00d1OS motor m\u00e1s eficiente bajo consumo 1000W soporte t\u00e9cnico\u00a0incluido.","og_url":"https:\/\/distribucionarc.com\/sk\/produktov\/priemyselny-mixer-do-pekarne-30-l\/","og_site_name":"distribuci\u00f3n ARC","article_modified_time":"2024-01-26T14:18:18+00:00","og_image":[{"width":1600,"height":1600,"url":"https:\/\/distribucionarc.com\/wp-content\/uploads\/2020\/08\/Mezclador-industrial-para-panader\u00eda-30L-0.jpg","type":"image\/jpeg"}],"twitter_card":"summary_large_image","twitter_misc":{"Predpokladan\u00fd \u010das \u010d\u00edtania":"1 min\u00fata"},"schema":{"@context":"https:\/\/schema.org","@graph":[{"@type":"WebPage","@id":"https:\/\/distribucionarc.com\/sk\/producto\/mezclador-industrial-para-panaderia-30-l\/","url":"https:\/\/distribucionarc.com\/sk\/producto\/mezclador-industrial-para-panaderia-30-l\/","name":"Priemyseln\u00e1 mie\u0161a\u010dka pre pek\u00e1re\u0148 30 L - ARC rozvod","isPartOf":{"@id":"https:\/\/distribucionarc.com\/de\/#website"},"primaryImageOfPage":{"@id":"https:\/\/distribucionarc.com\/sk\/producto\/mezclador-industrial-para-panaderia-30-l\/#primaryimage"},"image":{"@id":"https:\/\/distribucionarc.com\/sk\/producto\/mezclador-industrial-para-panaderia-30-l\/#primaryimage"},"thumbnailUrl":"https:\/\/distribucionarc.com\/wp-content\/uploads\/2020\/08\/Mezclador-industrial-para-panader\u00eda-30L-0.jpg","datePublished":"2020-08-17T15:30:58+00:00","dateModified":"2024-01-26T14:18:18+00:00","breadcrumb":{"@id":"https:\/\/distribucionarc.com\/sk\/producto\/mezclador-industrial-para-panaderia-30-l\/#breadcrumb"},"inLanguage":"sk-SK","potentialAction":[{"@type":"ReadAction","target":["https:\/\/distribucionarc.com\/sk\/producto\/mezclador-industrial-para-panaderia-30-l\/"]}]},{"@type":"ImageObject","inLanguage":"sk-SK","@id":"https:\/\/distribucionarc.com\/sk\/producto\/mezclador-industrial-para-panaderia-30-l\/#primaryimage","url":"https:\/\/distribucionarc.com\/wp-content\/uploads\/2020\/08\/Mezclador-industrial-para-panader\u00eda-30L-0.jpg","contentUrl":"https:\/\/distribucionarc.com\/wp-content\/uploads\/2020\/08\/Mezclador-industrial-para-panader\u00eda-30L-0.jpg","width":1600,"height":1600,"caption":"Mezclador industrial para panader\u00eda 30L"},{"@type":"BreadcrumbList","@id":"https:\/\/distribucionarc.com\/sk\/producto\/mezclador-industrial-para-panaderia-30-l\/#breadcrumb","itemListElement":[{"@type":"ListItem","position":1,"name":"Portada","item":"https:\/\/distribucionarc.com\/pl\/"},{"@type":"ListItem","position":2,"name":"Produkty","item":"https:\/\/distribucionarc.com\/pl\/shop\/"},{"@type":"ListItem","position":3,"name":"Mezclador industrial para panader\u00eda 30 L"}]},{"@type":"WebSite","@id":"https:\/\/distribucionarc.com\/de\/#website","url":"https:\/\/distribucionarc.com\/de\/","name":"ARC distrib\u00facia","description":"Spolo\u010dnos\u0165 sa \u0161pecializuje na v\u00fdrobu a distrib\u00faciu priemyseln\u00fdch strojov, strojov na uzatv\u00e1ranie plechoviek, strojov na v\u00fdrobu tabliet, strojov na porciovanie m\u00e4sa...","publisher":{"@id":"https:\/\/distribucionarc.com\/de\/#organization"},"potentialAction":[{"@type":"SearchAction","target":{"@type":"EntryPoint","urlTemplate":"https:\/\/distribucionarc.com\/de\/?s={search_term_string}"},"query-input":{"@type":"PropertyValueSpecification","valueRequired":true,"valueName":"search_term_string"}}],"inLanguage":"sk-SK"},{"@type":"Organization","@id":"https:\/\/distribucionarc.com\/de\/#organization","name":"Distrib\u00facia ARC","url":"https:\/\/distribucionarc.com\/de\/","logo":{"@type":"ImageObject","inLanguage":"sk-SK","@id":"https:\/\/distribucionarc.com\/de\/#\/schema\/logo\/image\/","url":"https:\/\/distribucionarc.com\/wp-content\/uploads\/2024\/10\/distribucion-ARC-COLOR-SIN-FONDO-e1732295305345.png","contentUrl":"https:\/\/distribucionarc.com\/wp-content\/uploads\/2024\/10\/distribucion-ARC-COLOR-SIN-FONDO-e1732295305345.png","width":1164,"height":558,"caption":"Distribuci\u00f3n ARC"},"image":{"@id":"https:\/\/distribucionarc.com\/de\/#\/schema\/logo\/image\/"},"description":"Spolo\u010dnos\u0165 \u0161pecializuj\u00faca sa na v\u00fdrobu a distrib\u00faciu priemyseln\u00fdch strojov pre potravin\u00e1rsky a farmaceutick\u00fd sektor. \u0160pecializujeme sa na: Stroje na kr\u00e1janie m\u00e4sa V\u00fdroba tabliet Priemyseln\u00e9 dopravn\u00e9 syst\u00e9my D\u00e1vkova\u010de na f\u013ea\u0161e A ove\u013ea viac... Pon\u00fakame inovat\u00edvne a prisp\u00f4soben\u00e9 rie\u0161enia na optimaliz\u00e1ciu v\u00fdrobn\u00fdch procesov va\u0161ej spolo\u010dnosti.","email":"Admistracion@distribucionarc.com","telephone":"+34 643496664","legalName":"ARC TECH SOLUTIONS","foundingDate":"2024-04-09","vatID":"B55480172","numberOfEmployees":{"@type":"QuantitativeValue","minValue":"1","maxValue":"10"}}]}},"_links":{"self":[{"href":"https:\/\/distribucionarc.com\/sk\/wp-json\/wp\/v2\/product\/2399","targetHints":{"allow":["GET"]}}],"collection":[{"href":"https:\/\/distribucionarc.com\/sk\/wp-json\/wp\/v2\/product"}],"about":[{"href":"https:\/\/distribucionarc.com\/sk\/wp-json\/wp\/v2\/types\/product"}],"replies":[{"embeddable":true,"href":"https:\/\/distribucionarc.com\/sk\/wp-json\/wp\/v2\/comments?post=2399"}],"version-history":[{"count":0,"href":"https:\/\/distribucionarc.com\/sk\/wp-json\/wp\/v2\/product\/2399\/revisions"}],"wp:featuredmedia":[{"embeddable":true,"href":"https:\/\/distribucionarc.com\/sk\/wp-json\/wp\/v2\/media\/2405"}],"wp:attachment":[{"href":"https:\/\/distribucionarc.com\/sk\/wp-json\/wp\/v2\/media?parent=2399"}],"wp:term":[{"taxonomy":"product_brand","embeddable":true,"href":"https:\/\/distribucionarc.com\/sk\/wp-json\/wp\/v2\/product_brand?post=2399"},{"taxonomy":"product_cat","embeddable":true,"href":"https:\/\/distribucionarc.com\/sk\/wp-json\/wp\/v2\/product_cat?post=2399"},{"taxonomy":"product_tag","embeddable":true,"href":"https:\/\/distribucionarc.com\/sk\/wp-json\/wp\/v2\/product_tag?post=2399"}],"curies":[{"name":"pracovn\u00fd list","href":"https:\/\/api.w.org\/{rel}","templated":true}]}}