{"id":2650,"date":"2020-08-19T23:47:44","date_gmt":"2020-08-19T23:47:44","guid":{"rendered":"https:\/\/distribucionarc.com\/?post_type=product&#038;p=2650"},"modified":"2023-06-05T10:18:06","modified_gmt":"2023-06-05T10:18:06","slug":"davkovac-stavy-a-studene-napoje-3","status":"publish","type":"product","link":"https:\/\/distribucionarc.com\/sk\/producto\/dispensador-de-zumo-y-bebidas-frias-3\/","title":{"rendered":"D\u00e1vkova\u010d d\u017e\u00fasu a studen\u00fdch n\u00e1pojov 3"},"content":{"rendered":"<h2>D\u00e1vkova\u010d d\u017e\u00fasu a studen\u00fdch n\u00e1pojov 3<\/h2>\n<p>Toto\u00a0<strong>elektrick\u00fd d\u00e1vkova\u010d<\/strong>\u00a0z\u00a0<strong><span style=\"color: #ff0000;\">TO<\/span><span style=\"color: #0000ff;\">R<\/span>c<\/strong>\u00a0je vhodn\u00fd pre oboch\u00a0<strong>studen\u00e9 n\u00e1poje<\/strong>\u00a0ako\u00a0<strong>hor\u00face<\/strong>, ako je s\u00f3jov\u00e9 mlieko, smoothie, koktail, jogurt, k\u00e1va at\u010f. The<strong>\u00a0d\u00e1vkovac\u00ed stroj<\/strong>\u00a0Je vhodn\u00fd pre cateringov\u00e9 spolo\u010dnosti, siete re\u0161taur\u00e1ci\u00ed, predajne, hotely a pod.<\/p>\n<p>Firemn\u00fd obal na PC bez BPA, odoln\u00fd vo\u010di n\u00e1razom, vhodn\u00fd pre potraviny\u00a0<strong>d\u00e1vkova\u010d \u0161\u0165avy<\/strong>\u00a0z\u00a0<strong><span style=\"color: #ff0000;\">TO<\/span><span style=\"color: #0000ff;\">R<\/span>c<\/strong>\u00a0L\u00ed\u0161ia sa od krehk\u00fdch n\u00e1dr\u017e\u00ed ABS\/AS. Telo d\u00e1vkova\u010da studen\u00fdch n\u00e1pojov je vyroben\u00e9 z 3 vrstiev, \u010do mu pom\u00e1ha by\u0165 n\u00e1padnej\u0161ie a dod\u00e1va mu v\u00e4\u010d\u0161iu tuhos\u0165. Nerezov\u00fd v\u00fdparn\u00edk pre vynikaj\u00faci chladiaci \u00fa\u010dinok.<\/p>\n<p><strong>D\u00e1vkova\u010d n\u00e1pojov<\/strong> s 3<strong>\u00a0Ka\u017ed\u00e1 12l n\u00e1dr\u017e<\/strong> (kompaktn\u00e9, ale v\u00fdkonn\u00e9. Zv\u00e4\u010d\u0161en\u00e9 mie\u0161adl\u00e1 umo\u017e\u0148uj\u00fa efekt\u00edvnej\u0161ie 360\u00b0 mie\u0161anie. Gumov\u00e9 tesnenia pom\u00e1haj\u00fa chr\u00e1ni\u0165 produkt a zabra\u0148uj\u00fa \u00faniku.<\/p>\n<p>On\u00a0<strong>d\u00e1vkova\u010d studen\u00fdch n\u00e1pojov <span style=\"color: #ff0000;\">TO<\/span><span style=\"color: #0000ff;\">R<\/span>CDZE3<\/strong>. Vyu\u017e\u00edva chladiaci kondenz\u00e1tor s medenou r\u00farkou a vysokov\u00fdkonn\u00fd kompresor a zabezpe\u010duje r\u00fdchle chladenie a ohrev. Chlad\u00ed medzi 5-12 \u2103 pri spotrebe iba 100 W a ohrieva na 50-58 \u2103 pri spotrebe 450 W, s kon\u0161tantnou regul\u00e1ciou teploty. Jeho r\u00fdchly v\u00fdkon v\u00e1m pom\u00f4\u017ee nielen optimalizova\u0165 v\u00fdrobu, ale aj<strong>\u00a0podporuje n\u00edzku spotrebu energie<\/strong>.\u00a0<strong>\u00a0D\u00e1vkova\u010d n\u00e1pojov<\/strong>\u00a0M\u00e1 samostatn\u00e9 sp\u00edna\u010de pre nez\u00e1visl\u00e9 ovl\u00e1danie mie\u0161ania, chladenia a ohrevu. Mixovac\u00ed sp\u00edna\u010d pom\u00e1ha predch\u00e1dza\u0165 usadzovaniu na dne n\u00e1dr\u017ee.<\/p>\n<p>M\u00e1 odkvapk\u00e1vaciu misku, ktor\u00fa mo\u017eno \u013eahko demontova\u0165 pre \u013eahk\u00e9 \u010distenie; \u0160peci\u00e1lne navrhnut\u00e9 pru\u017einov\u00e9 n\u00e1pojov\u00e9 z\u00e1suvky pre jednoduch\u00e9 pou\u017eitie; Viacer\u00e9 vetracie otvory pre r\u00fdchly odvod tepla.<\/p>\n<h6><strong>Z\u00e1ruka\u00a0<span style=\"color: #ff0000;\">TO<\/span><span style=\"color: #0000ff;\">R<\/span>C 2 ROKY<\/strong><\/h6>\n<h6><span style=\"color: #008000;\">Efekt\u00edvny d\u00e1vkova\u010d \u0161\u0165avy a studen\u00fdch n\u00e1pojov, n\u00edzka spotreba 400w<\/span><\/h6>\n<h6><strong>vr\u00e1tane technickej podpory.<\/strong><\/h6>\n<p>&nbsp;<\/p>\n<div class=\"woocommerce-tabs wc-tabs-wrapper\">\n<div id=\"tab-description\" class=\"woocommerce-Tabs-panel woocommerce-Tabs-panel--description panel entry-content wc-tab\" role=\"tabpanel\" aria-labelledby=\"tab-title-description\">\n<table role=\"presentation\" width=\"100%\" cellspacing=\"0\" cellpadding=\"0\">\n<tbody>\n<tr>\n<td class=\"attrLabels\">teplota:<\/td>\n<td width=\"50.0%\">Studen\u00e1 teplota: 5 \u2013 12 \u00b0C, teplota: 50 \u2013 58 \u00b0C<\/td>\n<\/tr>\n<tr>\n<td class=\"attrLabels\">Krajina distrib\u00facie:<\/td>\n<td width=\"50.0%\">\u0160panielsko, Nemecko, USA<\/td>\n<td class=\"attrLabels\">Hmotnos\u0165:<\/td>\n<td width=\"50.0%\">33,4 kg<\/td>\n<\/tr>\n<tr>\n<td class=\"attrLabels\">Zna\u010dka:<\/td>\n<td width=\"50.0%\">ARC<\/td>\n<td class=\"attrLabels\">v\u00fd\u0161ka:<\/td>\n<td width=\"50.0%\">65 cm<\/td>\n<\/tr>\n<tr>\n<td class=\"attrLabels\">Farba:<\/td>\n<td width=\"50.0%\">Strieborn\u00e1<\/td>\n<td class=\"attrLabels\">Dlh\u00e9:<\/td>\n<td width=\"50.0%\">39,4 cm<\/td>\n<\/tr>\n<tr>\n<td class=\"attrLabels\">Typ produktu:<\/td>\n<td width=\"50.0%\">D\u00e1vkova\u010d n\u00e1pojov<\/td>\n<td class=\"attrLabels\">\u0160irok\u00e1:<\/td>\n<td width=\"50.0%\">\u00a048,2 cm<\/td>\n<\/tr>\n<tr>\n<td class=\"attrLabels\">\u010c\u00edslo v\u00fdrobcu:<\/td>\n<td width=\"50.0%\">ARCDZE1<\/td>\n<td class=\"attrLabels\">V\u00fdkon:<\/td>\n<td width=\"50.0%\">Studen\u00e1: 100W<\/p>\n<p>Hor\u00faci: 400W<\/td>\n<\/tr>\n<tr>\n<td class=\"attrLabels\">Materi\u00e1l:<\/td>\n<td width=\"50.0%\">nerezov\u00e1 oce\u013e, ovl\u00e1danie teploty, BPA free PC<\/td>\n<td class=\"attrLabels\">vstupn\u00e9 nap\u00e4tie<\/td>\n<td width=\"50.0%\">220V \u2013 60Hz<\/td>\n<\/tr>\n<tr>\n<td class=\"attrLabels\">Priehradky:<\/td>\n<td width=\"50.0%\">\u00a03<\/td>\n<td class=\"attrLabels\">Ve\u013ekos\u0165 kab\u00edny:<\/td>\n<td width=\"50.0%\">82 x 33 x 10 cm pre ka\u017ed\u00fa \u00farove\u0148<\/td>\n<\/tr>\n<tr>\n<td class=\"attrLabels\">In\u0161tala\u010dn\u00e9 n\u00e1stroje:<\/td>\n<td width=\"50.0%\">\u00c1no<\/td>\n<td class=\"attrLabels\">Z\u00e1ruka:<\/td>\n<td width=\"50.0%\">2 ROKY<\/td>\n<\/tr>\n<\/tbody>\n<\/table>\n<\/div>\n<\/div>","protected":false},"excerpt":{"rendered":"<h3>D\u00e1vkova\u010d d\u017e\u00fasov a studen\u00fdch n\u00e1pojov<\/h3>\n<p>On\u00a0<strong>Z\u00e1sobn\u00edky na tepl\u00e9 a studen\u00e9 n\u00e1poje<\/strong>\u00a0z\u00a0<strong><span style=\"color: #ff0000;\">TO<\/span><span style=\"color: #0000ff;\">R<\/span>c<\/strong>, s kapacitou <strong>36 l<\/strong>\u00a0a\u00a0<strong>automat na studen\u00e9 n\u00e1poje<\/strong>\u00a0M\u00e1 dvojit\u00fa n\u00e1dr\u017e s objemom 12 l\u00a0<strong>ARCDZE3<\/strong>\u00a0Vytv\u00e1ra vynikaj\u00faci v\u00fdkon, elegantn\u00fd vzh\u013ead a ve\u013emi jednoduch\u00e9 pou\u017eitie. Zv\u00e4\u010d\u0161en\u00fd koh\u00fatik na ovocn\u00e9 vl\u00e1kna a ochuten\u00e9 zrn\u00e1. Postarajte sa t\u00fdmto o svojich z\u00e1kazn\u00edkov\u00a0<strong>elegantn\u00fd d\u00e1vkova\u010d n\u00e1pojov<\/strong>\u00a0Jeho prvotriedne povrchov\u00e9 \u00fapravy a jednoduch\u00e9 pou\u017eitie z neho robia nepostr\u00e1date\u013en\u00fd produkt. N\u00e1dr\u017e na PC bez obsahu BPA, prvotriedne telo stroja z nehrdzavej\u00facej ocele a obv\u00e4z na zadnej strane tvoria ochranu proti opotrebovaniu a \u013eahko sa \u010distia. Asistent s dostato\u010dnou kapacitou na pokrytie ka\u017edodenn\u00fdch potrieb.\u00a0<strong>D\u00e1vkova\u010d\u00a0<span style=\"color: #ff0000;\">TO<\/span><span style=\"color: #0000ff;\">R<\/span>c<\/strong>\u00a0vysok\u00e1 kvalita.<\/p>\n<h6><\/h6>\n<h6><strong>Z\u00e1ruka\u00a0<span style=\"color: #ff0000;\">TO<\/span><span style=\"color: #0000ff;\">R<\/span>C 2 ROKY<\/strong><\/h6>\n<h6><span style=\"color: #008000;\">Efekt\u00edvny d\u00e1vkova\u010d \u0161\u0165avy a studen\u00fdch n\u00e1pojov, n\u00edzka spotreba 400w<\/span><\/h6>\n<h6><strong>vr\u00e1tane technickej podpory.<\/strong><\/h6>","protected":false},"featured_media":6017,"comment_status":"open","ping_status":"closed","template":"","meta":{"wds_primary_product_brand":0,"wds_primary_product_cat":0},"product_brand":[],"product_cat":[57],"product_tag":[],"class_list":{"0":"post-2650","1":"product","2":"type-product","3":"status-publish","4":"has-post-thumbnail","6":"product_cat-dosificadores-dispensadores","7":"product_shipping_class-hosteleria","9":"first","10":"instock","11":"taxable","12":"shipping-taxable","13":"purchasable","14":"product-type-simple"},"yoast_head":"<!-- This site is optimized with the Yoast SEO Premium plugin v24.9 (Yoast SEO v26.1) - https:\/\/yoast.com\/wordpress\/plugins\/seo\/ -->\n<title>Dispensador de zumo y bebidas fr\u00edas 3 - distribuci\u00f3n ARC<\/title>\n<meta name=\"robots\" content=\"index, follow, max-snippet:-1, max-image-preview:large, max-video-preview:-1\" \/>\n<link rel=\"canonical\" href=\"https:\/\/distribucionarc.com\/sk\/produktov\/davkovac-stavy-a-studene-napoje-3\/\" \/>\n<meta property=\"og:locale\" content=\"sk_SK\" \/>\n<meta property=\"og:type\" content=\"article\" \/>\n<meta property=\"og:title\" content=\"Dispensador de zumo y bebidas fr\u00edas 3\" \/>\n<meta property=\"og:description\" content=\"Dispensador de zumo y bebidas fr\u00edas El\u00a0Dispensadores para bebidas fr\u00edas y calientes\u00a0de\u00a0ARC, con una capacidad de 36\u00a0L\u00a0la\u00a0m\u00e1quina expendedora de bebidas fr\u00edas\u00a0cuenta con doble tanque de 12L cada uno , la\u00a0ARCDZE3\u00a0genera un excelente rendimiento, de aspecto elegante y muy f\u00e1cil de usar. Grifo agrandado para fibras de frutas y granos saborizados. Cuide a sus clientes con este\u00a0elegante Dispensador para bebidas\u00a0sus acabados de primera\u00a0 y facilidad de uso lo convierten en un producto indispensable. El tanque de PC sin BPA, el cuerpo de la m\u00e1quina de acero inoxidable de primera clase y el ap\u00f3sito pintado hacia atr\u00e1s forman un protector de salud resistente al desgaste y sencillo de limpiar. Un ayudante con capacidad suficiente para cubrir las necesidades diarias.\u00a0Dispensador\u00a0ARC\u00a0de alta calidad.  Garant\u00eda\u00a0ARC 2 A\u00d1OS Dispensador zumos y bebidas fr\u00edas eficiente, bajo consumo 400w soporte t\u00e9cnico incluido.\" \/>\n<meta property=\"og:url\" content=\"https:\/\/distribucionarc.com\/sk\/produktov\/davkovac-stavy-a-studene-napoje-3\/\" \/>\n<meta property=\"og:site_name\" content=\"distribuci\u00f3n ARC\" \/>\n<meta property=\"article:modified_time\" content=\"2023-06-05T10:18:06+00:00\" \/>\n<meta property=\"og:image\" content=\"https:\/\/distribucionarc.com\/wp-content\/uploads\/2020\/08\/Dispensador-de-zumo-y-bebidas-frias-3.jpg\" \/>\n\t<meta property=\"og:image:width\" content=\"1600\" \/>\n\t<meta property=\"og:image:height\" content=\"1600\" \/>\n\t<meta property=\"og:image:type\" content=\"image\/jpeg\" \/>\n<meta name=\"twitter:card\" content=\"summary_large_image\" \/>\n<meta name=\"twitter:label1\" content=\"Predpokladan\u00fd \u010das \u010d\u00edtania\" \/>\n\t<meta name=\"twitter:data1\" content=\"2 min\u00faty\" \/>\n<script type=\"application\/ld+json\" class=\"yoast-schema-graph\">{\"@context\":\"https:\/\/schema.org\",\"@graph\":[{\"@type\":\"WebPage\",\"@id\":\"https:\/\/distribucionarc.com\/de\/producto\/dispensador-de-zumo-y-bebidas-frias-3\/\",\"url\":\"https:\/\/distribucionarc.com\/de\/producto\/dispensador-de-zumo-y-bebidas-frias-3\/\",\"name\":\"Dispensador de zumo y bebidas fr\u00edas 3 - distribuci\u00f3n ARC\",\"isPartOf\":{\"@id\":\"https:\/\/distribucionarc.com\/de\/#website\"},\"primaryImageOfPage\":{\"@id\":\"https:\/\/distribucionarc.com\/de\/producto\/dispensador-de-zumo-y-bebidas-frias-3\/#primaryimage\"},\"image\":{\"@id\":\"https:\/\/distribucionarc.com\/de\/producto\/dispensador-de-zumo-y-bebidas-frias-3\/#primaryimage\"},\"thumbnailUrl\":\"https:\/\/distribucionarc.com\/wp-content\/uploads\/2020\/08\/Dispensador-de-zumo-y-bebidas-frias-3.jpg\",\"datePublished\":\"2020-08-19T23:47:44+00:00\",\"dateModified\":\"2023-06-05T10:18:06+00:00\",\"breadcrumb\":{\"@id\":\"https:\/\/distribucionarc.com\/de\/producto\/dispensador-de-zumo-y-bebidas-frias-3\/#breadcrumb\"},\"inLanguage\":\"sk-SK\",\"potentialAction\":[{\"@type\":\"ReadAction\",\"target\":[\"https:\/\/distribucionarc.com\/de\/producto\/dispensador-de-zumo-y-bebidas-frias-3\/\"]}]},{\"@type\":\"ImageObject\",\"inLanguage\":\"sk-SK\",\"@id\":\"https:\/\/distribucionarc.com\/de\/producto\/dispensador-de-zumo-y-bebidas-frias-3\/#primaryimage\",\"url\":\"https:\/\/distribucionarc.com\/wp-content\/uploads\/2020\/08\/Dispensador-de-zumo-y-bebidas-frias-3.jpg\",\"contentUrl\":\"https:\/\/distribucionarc.com\/wp-content\/uploads\/2020\/08\/Dispensador-de-zumo-y-bebidas-frias-3.jpg\",\"width\":1600,\"height\":1600},{\"@type\":\"BreadcrumbList\",\"@id\":\"https:\/\/distribucionarc.com\/de\/producto\/dispensador-de-zumo-y-bebidas-frias-3\/#breadcrumb\",\"itemListElement\":[{\"@type\":\"ListItem\",\"position\":1,\"name\":\"Portada\",\"item\":\"https:\/\/distribucionarc.com\/pl\/\"},{\"@type\":\"ListItem\",\"position\":2,\"name\":\"Produkty\",\"item\":\"https:\/\/distribucionarc.com\/pl\/shop\/\"},{\"@type\":\"ListItem\",\"position\":3,\"name\":\"Dispensador de zumo y bebidas fr\u00edas 3\"}]},{\"@type\":\"WebSite\",\"@id\":\"https:\/\/distribucionarc.com\/de\/#website\",\"url\":\"https:\/\/distribucionarc.com\/de\/\",\"name\":\"distribuci\u00f3n ARC\",\"description\":\"Empresa especializada en la fabricaci\u00f3n y distribuci\u00f3n de maquinaria industrial, selladoras de latas, Maquinas de hacer pastillas, Maquinas de cortar carne...\",\"publisher\":{\"@id\":\"https:\/\/distribucionarc.com\/de\/#organization\"},\"potentialAction\":[{\"@type\":\"SearchAction\",\"target\":{\"@type\":\"EntryPoint\",\"urlTemplate\":\"https:\/\/distribucionarc.com\/de\/?s={search_term_string}\"},\"query-input\":{\"@type\":\"PropertyValueSpecification\",\"valueRequired\":true,\"valueName\":\"search_term_string\"}}],\"inLanguage\":\"sk-SK\"},{\"@type\":\"Organization\",\"@id\":\"https:\/\/distribucionarc.com\/de\/#organization\",\"name\":\"Distribuci\u00f3n ARC\",\"url\":\"https:\/\/distribucionarc.com\/de\/\",\"logo\":{\"@type\":\"ImageObject\",\"inLanguage\":\"sk-SK\",\"@id\":\"https:\/\/distribucionarc.com\/de\/#\/schema\/logo\/image\/\",\"url\":\"https:\/\/distribucionarc.com\/wp-content\/uploads\/2024\/10\/distribucion-ARC-COLOR-SIN-FONDO-e1732295305345.png\",\"contentUrl\":\"https:\/\/distribucionarc.com\/wp-content\/uploads\/2024\/10\/distribucion-ARC-COLOR-SIN-FONDO-e1732295305345.png\",\"width\":1164,\"height\":558,\"caption\":\"Distribuci\u00f3n ARC\"},\"image\":{\"@id\":\"https:\/\/distribucionarc.com\/de\/#\/schema\/logo\/image\/\"},\"description\":\"Empresa especializada en la fabricaci\u00f3n y distribuci\u00f3n de maquinaria industrial para los sectores alimentario y farmac\u00e9utico. Nos especializamos en: M\u00e1quinas de cortar carne Fabricaci\u00f3n de comprimidos Sistemas de transporte industrial L\u00edneas de embotellado Dosificadores Y mucho m\u00e1s... Ofrecemos soluciones innovadoras y personalizadas para optimizar los procesos productivos de tu empresa.\",\"email\":\"Admistracion@distribucionarc.com\",\"telephone\":\"+34 643496664\",\"legalName\":\"ARC TECH SOLUTIONS\",\"foundingDate\":\"2024-04-09\",\"vatID\":\"B55480172\",\"numberOfEmployees\":{\"@type\":\"QuantitativeValue\",\"minValue\":\"1\",\"maxValue\":\"10\"}}]}<\/script>\n<!-- \/ Yoast SEO Premium plugin. -->","yoast_head_json":{"title":"D\u00e1vkova\u010d d\u017e\u00fasov a studen\u00fdch n\u00e1pojov 3 - distrib\u00facia ARC","robots":{"index":"index","follow":"follow","max-snippet":"max-snippet:-1","max-image-preview":"max-image-preview:large","max-video-preview":"max-video-preview:-1"},"canonical":"https:\/\/distribucionarc.com\/sk\/produktov\/davkovac-stavy-a-studene-napoje-3\/","og_locale":"sk_SK","og_type":"article","og_title":"Dispensador de zumo y bebidas fr\u00edas 3","og_description":"Dispensador de zumo y bebidas fr\u00edas El\u00a0Dispensadores para bebidas fr\u00edas y calientes\u00a0de\u00a0ARC, con una capacidad de 36\u00a0L\u00a0la\u00a0m\u00e1quina expendedora de bebidas fr\u00edas\u00a0cuenta con doble tanque de 12L cada uno , la\u00a0ARCDZE3\u00a0genera un excelente rendimiento, de aspecto elegante y muy f\u00e1cil de usar. Grifo agrandado para fibras de frutas y granos saborizados. Cuide a sus clientes con este\u00a0elegante Dispensador para bebidas\u00a0sus acabados de primera\u00a0 y facilidad de uso lo convierten en un producto indispensable. El tanque de PC sin BPA, el cuerpo de la m\u00e1quina de acero inoxidable de primera clase y el ap\u00f3sito pintado hacia atr\u00e1s forman un protector de salud resistente al desgaste y sencillo de limpiar. Un ayudante con capacidad suficiente para cubrir las necesidades diarias.\u00a0Dispensador\u00a0ARC\u00a0de alta calidad.  Garant\u00eda\u00a0ARC 2 A\u00d1OS Dispensador zumos y bebidas fr\u00edas eficiente, bajo consumo 400w soporte t\u00e9cnico incluido.","og_url":"https:\/\/distribucionarc.com\/sk\/produktov\/davkovac-stavy-a-studene-napoje-3\/","og_site_name":"distribuci\u00f3n ARC","article_modified_time":"2023-06-05T10:18:06+00:00","og_image":[{"width":1600,"height":1600,"url":"https:\/\/distribucionarc.com\/wp-content\/uploads\/2020\/08\/Dispensador-de-zumo-y-bebidas-frias-3.jpg","type":"image\/jpeg"}],"twitter_card":"summary_large_image","twitter_misc":{"Predpokladan\u00fd \u010das \u010d\u00edtania":"2 min\u00faty"},"schema":{"@context":"https:\/\/schema.org","@graph":[{"@type":"WebPage","@id":"https:\/\/distribucionarc.com\/de\/producto\/dispensador-de-zumo-y-bebidas-frias-3\/","url":"https:\/\/distribucionarc.com\/de\/producto\/dispensador-de-zumo-y-bebidas-frias-3\/","name":"D\u00e1vkova\u010d d\u017e\u00fasov a studen\u00fdch n\u00e1pojov 3 - distrib\u00facia ARC","isPartOf":{"@id":"https:\/\/distribucionarc.com\/de\/#website"},"primaryImageOfPage":{"@id":"https:\/\/distribucionarc.com\/de\/producto\/dispensador-de-zumo-y-bebidas-frias-3\/#primaryimage"},"image":{"@id":"https:\/\/distribucionarc.com\/de\/producto\/dispensador-de-zumo-y-bebidas-frias-3\/#primaryimage"},"thumbnailUrl":"https:\/\/distribucionarc.com\/wp-content\/uploads\/2020\/08\/Dispensador-de-zumo-y-bebidas-frias-3.jpg","datePublished":"2020-08-19T23:47:44+00:00","dateModified":"2023-06-05T10:18:06+00:00","breadcrumb":{"@id":"https:\/\/distribucionarc.com\/de\/producto\/dispensador-de-zumo-y-bebidas-frias-3\/#breadcrumb"},"inLanguage":"sk-SK","potentialAction":[{"@type":"ReadAction","target":["https:\/\/distribucionarc.com\/de\/producto\/dispensador-de-zumo-y-bebidas-frias-3\/"]}]},{"@type":"ImageObject","inLanguage":"sk-SK","@id":"https:\/\/distribucionarc.com\/de\/producto\/dispensador-de-zumo-y-bebidas-frias-3\/#primaryimage","url":"https:\/\/distribucionarc.com\/wp-content\/uploads\/2020\/08\/Dispensador-de-zumo-y-bebidas-frias-3.jpg","contentUrl":"https:\/\/distribucionarc.com\/wp-content\/uploads\/2020\/08\/Dispensador-de-zumo-y-bebidas-frias-3.jpg","width":1600,"height":1600},{"@type":"BreadcrumbList","@id":"https:\/\/distribucionarc.com\/de\/producto\/dispensador-de-zumo-y-bebidas-frias-3\/#breadcrumb","itemListElement":[{"@type":"ListItem","position":1,"name":"Portada","item":"https:\/\/distribucionarc.com\/pl\/"},{"@type":"ListItem","position":2,"name":"Produkty","item":"https:\/\/distribucionarc.com\/pl\/shop\/"},{"@type":"ListItem","position":3,"name":"Dispensador de zumo y bebidas fr\u00edas 3"}]},{"@type":"WebSite","@id":"https:\/\/distribucionarc.com\/de\/#website","url":"https:\/\/distribucionarc.com\/de\/","name":"ARC distrib\u00facia","description":"Spolo\u010dnos\u0165 sa \u0161pecializuje na v\u00fdrobu a distrib\u00faciu priemyseln\u00fdch strojov, strojov na uzatv\u00e1ranie plechoviek, strojov na v\u00fdrobu tabliet, strojov na porciovanie m\u00e4sa...","publisher":{"@id":"https:\/\/distribucionarc.com\/de\/#organization"},"potentialAction":[{"@type":"SearchAction","target":{"@type":"EntryPoint","urlTemplate":"https:\/\/distribucionarc.com\/de\/?s={search_term_string}"},"query-input":{"@type":"PropertyValueSpecification","valueRequired":true,"valueName":"search_term_string"}}],"inLanguage":"sk-SK"},{"@type":"Organization","@id":"https:\/\/distribucionarc.com\/de\/#organization","name":"Distrib\u00facia ARC","url":"https:\/\/distribucionarc.com\/de\/","logo":{"@type":"ImageObject","inLanguage":"sk-SK","@id":"https:\/\/distribucionarc.com\/de\/#\/schema\/logo\/image\/","url":"https:\/\/distribucionarc.com\/wp-content\/uploads\/2024\/10\/distribucion-ARC-COLOR-SIN-FONDO-e1732295305345.png","contentUrl":"https:\/\/distribucionarc.com\/wp-content\/uploads\/2024\/10\/distribucion-ARC-COLOR-SIN-FONDO-e1732295305345.png","width":1164,"height":558,"caption":"Distribuci\u00f3n ARC"},"image":{"@id":"https:\/\/distribucionarc.com\/de\/#\/schema\/logo\/image\/"},"description":"Spolo\u010dnos\u0165 \u0161pecializuj\u00faca sa na v\u00fdrobu a distrib\u00faciu priemyseln\u00fdch strojov pre potravin\u00e1rsky a farmaceutick\u00fd sektor. \u0160pecializujeme sa na: Stroje na kr\u00e1janie m\u00e4sa V\u00fdroba tabliet Priemyseln\u00e9 dopravn\u00e9 syst\u00e9my D\u00e1vkova\u010de na f\u013ea\u0161e A ove\u013ea viac... Pon\u00fakame inovat\u00edvne a prisp\u00f4soben\u00e9 rie\u0161enia na optimaliz\u00e1ciu v\u00fdrobn\u00fdch procesov va\u0161ej spolo\u010dnosti.","email":"Admistracion@distribucionarc.com","telephone":"+34 643496664","legalName":"ARC TECH SOLUTIONS","foundingDate":"2024-04-09","vatID":"B55480172","numberOfEmployees":{"@type":"QuantitativeValue","minValue":"1","maxValue":"10"}}]}},"_links":{"self":[{"href":"https:\/\/distribucionarc.com\/sk\/wp-json\/wp\/v2\/product\/2650","targetHints":{"allow":["GET"]}}],"collection":[{"href":"https:\/\/distribucionarc.com\/sk\/wp-json\/wp\/v2\/product"}],"about":[{"href":"https:\/\/distribucionarc.com\/sk\/wp-json\/wp\/v2\/types\/product"}],"replies":[{"embeddable":true,"href":"https:\/\/distribucionarc.com\/sk\/wp-json\/wp\/v2\/comments?post=2650"}],"version-history":[{"count":0,"href":"https:\/\/distribucionarc.com\/sk\/wp-json\/wp\/v2\/product\/2650\/revisions"}],"wp:featuredmedia":[{"embeddable":true,"href":"https:\/\/distribucionarc.com\/sk\/wp-json\/wp\/v2\/media\/6017"}],"wp:attachment":[{"href":"https:\/\/distribucionarc.com\/sk\/wp-json\/wp\/v2\/media?parent=2650"}],"wp:term":[{"taxonomy":"product_brand","embeddable":true,"href":"https:\/\/distribucionarc.com\/sk\/wp-json\/wp\/v2\/product_brand?post=2650"},{"taxonomy":"product_cat","embeddable":true,"href":"https:\/\/distribucionarc.com\/sk\/wp-json\/wp\/v2\/product_cat?post=2650"},{"taxonomy":"product_tag","embeddable":true,"href":"https:\/\/distribucionarc.com\/sk\/wp-json\/wp\/v2\/product_tag?post=2650"}],"curies":[{"name":"pracovn\u00fd list","href":"https:\/\/api.w.org\/{rel}","templated":true}]}}