{"id":2665,"date":"2020-08-20T10:37:15","date_gmt":"2020-08-20T10:37:15","guid":{"rendered":"https:\/\/distribucionarc.com\/?post_type=product&#038;p=2665"},"modified":"2020-10-08T15:02:12","modified_gmt":"2020-10-08T15:02:12","slug":"display-for-hot-dogs","status":"publish","type":"product","link":"https:\/\/distribucionarc.com\/sk\/producto\/expositor-para-perritos-calientes\/","title":{"rendered":"Displej hot dogov"},"content":{"rendered":"<h3>Displej hot dogov<\/h3>\n<p>Telo z <strong>ohrieva\u010d hot dogov <span style=\"color: #ff0000;\">TO<\/span><span style=\"color: #0000ff;\">R<\/span>c<\/strong> Je vyroben\u00fd z potravin\u00e1rskej nehrdzavej\u00facej ocele 304, ve\u013emi odoln\u00fd vo\u010di hrdzi, robustn\u00fd a \u013eahko sa \u010dist\u00ed. Podnosy a dvierka s\u00fa odn\u00edmate\u013en\u00e9 pre \u013eahk\u00e9 \u010distenie v dreze alebo um\u00fdva\u010dke riadu.<\/p>\n<p>Pojme p\u00e1rky v ro\u017eku a klob\u00e1sy akejko\u013evek ve\u013ekosti, pri\u010dom ich uchov\u00e1va najlep\u0161\u00edm mo\u017en\u00fdm sp\u00f4sobom, aby uspokojil va\u0161ich z\u00e1kazn\u00edkov, termostat je mo\u017en\u00e9 regulova\u0165 pre ak\u00e9ko\u013evek potreby varenia alebo udr\u017eiavania tepla.<\/p>\n<p>The<strong> vitr\u00edna s hot dogmi <span style=\"color: #ff0000;\">TO<\/span><span style=\"color: #0000ff;\">R<\/span>CVCP3<\/strong> upozorn\u00ed v\u00e1s LED indik\u00e1torom na n\u00edzku hladinu vody, va\u0161u <strong>skvel\u00e1 izol\u00e1cia<\/strong> Zabezpe\u010duje dlh\u00fa pr\u00e1cu vonku alebo vo vn\u00fatri.  Jeho starostliv\u00fd vzh\u013ead ho rob\u00ed ve\u013emi <strong>\u00fadery zo vzdialenosti nieko\u013ek\u00fdch metrov<\/strong>, jednoduch\u00e9 pou\u017eitie a pohodln\u00e9 pou\u017e\u00edvanie v\u010faka \u013eahko pr\u00edstupn\u00fdm posuvn\u00fdm dver\u00e1m.<\/p>\n<h6><strong>Z\u00e1ruka\u00a0<span style=\"color: #ff0000;\">TO<\/span><span style=\"color: #0000ff;\">R<\/span>c<\/strong><strong>\u00a02 ROKY<\/strong><\/h6>\n<h6><span style=\"color: #008000;\">Efekt\u00edvny ohrieva\u010d hot dogov, n\u00edzka spotreba 1350w<\/span><\/h6>\n<h6><strong>vr\u00e1tane technickej podpory<\/strong><\/h6>\n<p>&nbsp;<\/p>\n<p>&nbsp;<\/p>\n<table width=\"100%\">\n<tbody>\n<tr>\n<td>Zna\u010dka:<\/td>\n<td width=\"32%\">ARC<\/td>\n<td>Hmotnos\u0165:<\/td>\n<td width=\"30%\">10 kg<\/td>\n<\/tr>\n<tr>\n<td>Krajina distrib\u00facie:<\/td>\n<td width=\"32%\">\u0160panielsko, Nemecko, USA<\/td>\n<td>v\u00fd\u0161ka:<\/td>\n<td width=\"30%\">61,3 cm<\/td>\n<\/tr>\n<tr>\n<td>Farba:<\/td>\n<td width=\"32%\">Strieborn\u00e1<\/td>\n<td>Dlh\u00e9:<\/td>\n<td width=\"30%\">34,7 cm<\/td>\n<\/tr>\n<tr>\n<td>Typ produktu:<\/td>\n<td width=\"32%\">ohrieva\u010d hot dogov<\/td>\n<td>\u0160irok\u00e1:<\/td>\n<td width=\"30%\">40,8 cm<\/td>\n<\/tr>\n<tr>\n<td>\u010c\u00edslo v\u00fdrobcu:<\/td>\n<td width=\"32%\">ARCVCP3<\/td>\n<td>V\u00fdkon:<\/td>\n<td width=\"30%\">1350 W<\/td>\n<\/tr>\n<tr>\n<td>Materi\u00e1l:<\/td>\n<td width=\"32%\">nerezov\u00e1 oce\u013e, regul\u00e1cia teploty, termosklo<\/td>\n<td>Z\u00e1ruka:<\/td>\n<td width=\"30%\">2 ROKY<\/td>\n<\/tr>\n<tr>\n<td>Teplotn\u00fd rozsah:<\/td>\n<td width=\"32%\">30 \u2013 110 \u00b0C<\/td>\n<td>In\u0161tala\u010dn\u00e9 n\u00e1stroje:<\/td>\n<td width=\"30%\">\u00c1no<\/td>\n<\/tr>\n<\/tbody>\n<\/table>","protected":false},"excerpt":{"rendered":"<h2>Displej hot dogov<\/h2>\n<p>Toto <strong>Vitr\u00edna hot dogov <span style=\"color: #ff0000;\">TO<\/span><span style=\"color: #0000ff;\">R<\/span>c <\/strong>Profesion\u00e1lna pre dlh\u00e9 slu\u017eby, je ide\u00e1lna na mnoh\u00e9 akcie a pr\u00edle\u017eitosti...ve\u013etrhy, kaviarne, ve\u010dierky, re\u0161taur\u00e1cie r\u00fdchleho ob\u010derstvenia, festivaly a mnoho \u010fal\u0161ieho. Ohrieva jedlo rovnomerne a udr\u017e\u00ed jedlo dlho \u010derstv\u00e9. Tepelne odoln\u00e9 tvrden\u00e9 sklo udr\u017e\u00ed jedlo v spr\u00e1vnej teplote <strong>zachovanie jeho jasu a chuti na povzbudenie chuti va\u0161ich z\u00e1kazn\u00edkov.<\/strong> Jeho elegantn\u00fd tradi\u010dn\u00fd dizajn ho rob\u00ed vidite\u013en\u00fdm z ve\u013ekej dia\u013eky <span style=\"color: #008000;\"><strong>v\u00fdkonn\u00fd motor s n\u00edzkou spotrebou.<\/strong><\/span> Vy\u017eaduje mal\u00fa mont\u00e1\u017e na u\u013eah\u010denie prepravy<\/p>\n<h6><strong>Z\u00e1ruka\u00a0<span style=\"color: #ff0000;\">TO<\/span><span style=\"color: #0000ff;\">R<\/span>c<\/strong><strong>\u00a02 ROKY<\/strong><\/h6>\n<h6><span style=\"color: #008000;\">Efekt\u00edvny ohrieva\u010d hot dogov, n\u00edzka spotreba 1350w<\/span><\/h6>\n<h6><strong>vr\u00e1tane technickej podpory<\/strong><\/h6>","protected":false},"featured_media":2672,"comment_status":"open","ping_status":"closed","template":"","meta":{"wds_primary_product_brand":0,"wds_primary_product_cat":0},"product_brand":[],"product_cat":[56,41],"product_tag":[],"class_list":{"0":"post-2665","1":"product","2":"type-product","3":"status-publish","4":"has-post-thumbnail","6":"product_cat-maquinaria-para-ferias","7":"product_cat-expositor-de-alimentos","8":"product_shipping_class-hosteleria","10":"first","11":"instock","12":"sale","13":"taxable","14":"shipping-taxable","15":"purchasable","16":"product-type-simple"},"yoast_head":"<!-- This site is optimized with the Yoast SEO Premium plugin v24.9 (Yoast SEO v26.1) - https:\/\/yoast.com\/wordpress\/plugins\/seo\/ -->\n<title>Expositor para perritos calientes - distribuci\u00f3n ARC<\/title>\n<meta name=\"robots\" content=\"index, follow, max-snippet:-1, max-image-preview:large, max-video-preview:-1\" \/>\n<link rel=\"canonical\" href=\"https:\/\/www.distribucionarc.com\/en\/producto\/expositor-para-perritos-calientes\/\" \/>\n<meta property=\"og:locale\" content=\"sk_SK\" \/>\n<meta property=\"og:type\" content=\"article\" \/>\n<meta property=\"og:title\" content=\"Expositor para perritos calientes\" \/>\n<meta property=\"og:description\" content=\"Expositor para perritos calientes Este Vitrina para perritos calientes ARC profesional para largos servicios, es ideal para muchos eventos y ocasiones...ferias, cafeter\u00edas, fiestas, restaurantes de comida r\u00e1pida, festivales y mucho m\u00e1s. Calienta los alimentos uniformemente y mantiene el sabor fresco de los alimentos durante mucho tiempo. Los cristales templados resistentes al calor conservar\u00e1n los alimentos a la temperatura adecuada conservando su brillo y sabor para despertar el apetito de sus clientes. Su elegante dise\u00f1o tradicional la hace visible a gran distancia, cuenta con un motor eficiente de bajo consumo. Requiere de poco montaje para facilitar su transporte Garant\u00eda\u00a0ARC\u00a02 A\u00d1OS Calentador de perritos calientes eficiente, bajo consumo 1350w soporte t\u00e9cnico incluido\" \/>\n<meta property=\"og:url\" content=\"https:\/\/www.distribucionarc.com\/en\/producto\/expositor-para-perritos-calientes\/\" \/>\n<meta property=\"og:site_name\" content=\"distribuci\u00f3n ARC\" \/>\n<meta property=\"article:modified_time\" content=\"2020-10-08T15:02:12+00:00\" \/>\n<meta property=\"og:image\" content=\"https:\/\/www.distribucionarc.com\/wp-content\/uploads\/2020\/08\/Expositor-para-perritos-calientes-0.jpg\" \/>\n\t<meta property=\"og:image:width\" content=\"1001\" \/>\n\t<meta property=\"og:image:height\" content=\"1001\" \/>\n\t<meta property=\"og:image:type\" content=\"image\/jpeg\" \/>\n<meta name=\"twitter:card\" content=\"summary_large_image\" \/>\n<meta name=\"twitter:label1\" content=\"Predpokladan\u00fd \u010das \u010d\u00edtania\" \/>\n\t<meta name=\"twitter:data1\" content=\"1 min\u00fata\" \/>\n<script type=\"application\/ld+json\" class=\"yoast-schema-graph\">{\"@context\":\"https:\/\/schema.org\",\"@graph\":[{\"@type\":\"WebPage\",\"@id\":\"https:\/\/www.distribucionarc.com\/en\/producto\/expositor-para-perritos-calientes\/\",\"url\":\"https:\/\/www.distribucionarc.com\/en\/producto\/expositor-para-perritos-calientes\/\",\"name\":\"Expositor para perritos calientes - distribuci\u00f3n ARC\",\"isPartOf\":{\"@id\":\"https:\/\/distribucionarc.com\/de\/#website\"},\"primaryImageOfPage\":{\"@id\":\"https:\/\/www.distribucionarc.com\/en\/producto\/expositor-para-perritos-calientes\/#primaryimage\"},\"image\":{\"@id\":\"https:\/\/www.distribucionarc.com\/en\/producto\/expositor-para-perritos-calientes\/#primaryimage\"},\"thumbnailUrl\":\"https:\/\/distribucionarc.com\/wp-content\/uploads\/2020\/08\/Expositor-para-perritos-calientes-0.jpg\",\"datePublished\":\"2020-08-20T10:37:15+00:00\",\"dateModified\":\"2020-10-08T15:02:12+00:00\",\"breadcrumb\":{\"@id\":\"https:\/\/www.distribucionarc.com\/en\/producto\/expositor-para-perritos-calientes\/#breadcrumb\"},\"inLanguage\":\"sk-SK\",\"potentialAction\":[{\"@type\":\"ReadAction\",\"target\":[\"https:\/\/www.distribucionarc.com\/en\/producto\/expositor-para-perritos-calientes\/\"]}]},{\"@type\":\"ImageObject\",\"inLanguage\":\"sk-SK\",\"@id\":\"https:\/\/www.distribucionarc.com\/en\/producto\/expositor-para-perritos-calientes\/#primaryimage\",\"url\":\"https:\/\/distribucionarc.com\/wp-content\/uploads\/2020\/08\/Expositor-para-perritos-calientes-0.jpg\",\"contentUrl\":\"https:\/\/distribucionarc.com\/wp-content\/uploads\/2020\/08\/Expositor-para-perritos-calientes-0.jpg\",\"width\":1001,\"height\":1001,\"caption\":\"Expositor para perritos calientes\"},{\"@type\":\"BreadcrumbList\",\"@id\":\"https:\/\/www.distribucionarc.com\/en\/producto\/expositor-para-perritos-calientes\/#breadcrumb\",\"itemListElement\":[{\"@type\":\"ListItem\",\"position\":1,\"name\":\"Portada\",\"item\":\"https:\/\/distribucionarc.com\/pl\/\"},{\"@type\":\"ListItem\",\"position\":2,\"name\":\"Produkty\",\"item\":\"https:\/\/distribucionarc.com\/pl\/shop\/\"},{\"@type\":\"ListItem\",\"position\":3,\"name\":\"Expositor para perritos calientes\"}]},{\"@type\":\"WebSite\",\"@id\":\"https:\/\/distribucionarc.com\/de\/#website\",\"url\":\"https:\/\/distribucionarc.com\/de\/\",\"name\":\"distribuci\u00f3n ARC\",\"description\":\"Empresa especializada en la fabricaci\u00f3n y distribuci\u00f3n de maquinaria industrial, selladoras de latas, Maquinas de hacer pastillas, Maquinas de cortar carne...\",\"publisher\":{\"@id\":\"https:\/\/distribucionarc.com\/de\/#organization\"},\"potentialAction\":[{\"@type\":\"SearchAction\",\"target\":{\"@type\":\"EntryPoint\",\"urlTemplate\":\"https:\/\/distribucionarc.com\/de\/?s={search_term_string}\"},\"query-input\":{\"@type\":\"PropertyValueSpecification\",\"valueRequired\":true,\"valueName\":\"search_term_string\"}}],\"inLanguage\":\"sk-SK\"},{\"@type\":\"Organization\",\"@id\":\"https:\/\/distribucionarc.com\/de\/#organization\",\"name\":\"Distribuci\u00f3n ARC\",\"url\":\"https:\/\/distribucionarc.com\/de\/\",\"logo\":{\"@type\":\"ImageObject\",\"inLanguage\":\"sk-SK\",\"@id\":\"https:\/\/distribucionarc.com\/de\/#\/schema\/logo\/image\/\",\"url\":\"https:\/\/distribucionarc.com\/wp-content\/uploads\/2024\/10\/distribucion-ARC-COLOR-SIN-FONDO-e1732295305345.png\",\"contentUrl\":\"https:\/\/distribucionarc.com\/wp-content\/uploads\/2024\/10\/distribucion-ARC-COLOR-SIN-FONDO-e1732295305345.png\",\"width\":1164,\"height\":558,\"caption\":\"Distribuci\u00f3n ARC\"},\"image\":{\"@id\":\"https:\/\/distribucionarc.com\/de\/#\/schema\/logo\/image\/\"},\"description\":\"Empresa especializada en la fabricaci\u00f3n y distribuci\u00f3n de maquinaria industrial para los sectores alimentario y farmac\u00e9utico. Nos especializamos en: M\u00e1quinas de cortar carne Fabricaci\u00f3n de comprimidos Sistemas de transporte industrial L\u00edneas de embotellado Dosificadores Y mucho m\u00e1s... Ofrecemos soluciones innovadoras y personalizadas para optimizar los procesos productivos de tu empresa.\",\"email\":\"Admistracion@distribucionarc.com\",\"telephone\":\"+34 643496664\",\"legalName\":\"ARC TECH SOLUTIONS\",\"foundingDate\":\"2024-04-09\",\"vatID\":\"B55480172\",\"numberOfEmployees\":{\"@type\":\"QuantitativeValue\",\"minValue\":\"1\",\"maxValue\":\"10\"}}]}<\/script>\n<!-- \/ Yoast SEO Premium plugin. -->","yoast_head_json":{"title":"Displej hot dogov - distrib\u00facia ARC","robots":{"index":"index","follow":"follow","max-snippet":"max-snippet:-1","max-image-preview":"max-image-preview:large","max-video-preview":"max-video-preview:-1"},"canonical":"https:\/\/www.distribucionarc.com\/en\/producto\/expositor-para-perritos-calientes\/","og_locale":"sk_SK","og_type":"article","og_title":"Expositor para perritos calientes","og_description":"Expositor para perritos calientes Este Vitrina para perritos calientes ARC profesional para largos servicios, es ideal para muchos eventos y ocasiones...ferias, cafeter\u00edas, fiestas, restaurantes de comida r\u00e1pida, festivales y mucho m\u00e1s. Calienta los alimentos uniformemente y mantiene el sabor fresco de los alimentos durante mucho tiempo. Los cristales templados resistentes al calor conservar\u00e1n los alimentos a la temperatura adecuada conservando su brillo y sabor para despertar el apetito de sus clientes. Su elegante dise\u00f1o tradicional la hace visible a gran distancia, cuenta con un motor eficiente de bajo consumo. Requiere de poco montaje para facilitar su transporte Garant\u00eda\u00a0ARC\u00a02 A\u00d1OS Calentador de perritos calientes eficiente, bajo consumo 1350w soporte t\u00e9cnico incluido","og_url":"https:\/\/www.distribucionarc.com\/en\/producto\/expositor-para-perritos-calientes\/","og_site_name":"distribuci\u00f3n ARC","article_modified_time":"2020-10-08T15:02:12+00:00","og_image":[{"width":1001,"height":1001,"url":"https:\/\/www.distribucionarc.com\/wp-content\/uploads\/2020\/08\/Expositor-para-perritos-calientes-0.jpg","type":"image\/jpeg"}],"twitter_card":"summary_large_image","twitter_misc":{"Predpokladan\u00fd \u010das \u010d\u00edtania":"1 min\u00fata"},"schema":{"@context":"https:\/\/schema.org","@graph":[{"@type":"WebPage","@id":"https:\/\/www.distribucionarc.com\/en\/producto\/expositor-para-perritos-calientes\/","url":"https:\/\/www.distribucionarc.com\/en\/producto\/expositor-para-perritos-calientes\/","name":"Displej hot dogov - distrib\u00facia ARC","isPartOf":{"@id":"https:\/\/distribucionarc.com\/de\/#website"},"primaryImageOfPage":{"@id":"https:\/\/www.distribucionarc.com\/en\/producto\/expositor-para-perritos-calientes\/#primaryimage"},"image":{"@id":"https:\/\/www.distribucionarc.com\/en\/producto\/expositor-para-perritos-calientes\/#primaryimage"},"thumbnailUrl":"https:\/\/distribucionarc.com\/wp-content\/uploads\/2020\/08\/Expositor-para-perritos-calientes-0.jpg","datePublished":"2020-08-20T10:37:15+00:00","dateModified":"2020-10-08T15:02:12+00:00","breadcrumb":{"@id":"https:\/\/www.distribucionarc.com\/en\/producto\/expositor-para-perritos-calientes\/#breadcrumb"},"inLanguage":"sk-SK","potentialAction":[{"@type":"ReadAction","target":["https:\/\/www.distribucionarc.com\/en\/producto\/expositor-para-perritos-calientes\/"]}]},{"@type":"ImageObject","inLanguage":"sk-SK","@id":"https:\/\/www.distribucionarc.com\/en\/producto\/expositor-para-perritos-calientes\/#primaryimage","url":"https:\/\/distribucionarc.com\/wp-content\/uploads\/2020\/08\/Expositor-para-perritos-calientes-0.jpg","contentUrl":"https:\/\/distribucionarc.com\/wp-content\/uploads\/2020\/08\/Expositor-para-perritos-calientes-0.jpg","width":1001,"height":1001,"caption":"Expositor para perritos calientes"},{"@type":"BreadcrumbList","@id":"https:\/\/www.distribucionarc.com\/en\/producto\/expositor-para-perritos-calientes\/#breadcrumb","itemListElement":[{"@type":"ListItem","position":1,"name":"Portada","item":"https:\/\/distribucionarc.com\/pl\/"},{"@type":"ListItem","position":2,"name":"Produkty","item":"https:\/\/distribucionarc.com\/pl\/shop\/"},{"@type":"ListItem","position":3,"name":"Expositor para perritos calientes"}]},{"@type":"WebSite","@id":"https:\/\/distribucionarc.com\/de\/#website","url":"https:\/\/distribucionarc.com\/de\/","name":"ARC distrib\u00facia","description":"Spolo\u010dnos\u0165 sa \u0161pecializuje na v\u00fdrobu a distrib\u00faciu priemyseln\u00fdch strojov, strojov na uzatv\u00e1ranie plechoviek, strojov na v\u00fdrobu tabliet, strojov na porciovanie m\u00e4sa...","publisher":{"@id":"https:\/\/distribucionarc.com\/de\/#organization"},"potentialAction":[{"@type":"SearchAction","target":{"@type":"EntryPoint","urlTemplate":"https:\/\/distribucionarc.com\/de\/?s={search_term_string}"},"query-input":{"@type":"PropertyValueSpecification","valueRequired":true,"valueName":"search_term_string"}}],"inLanguage":"sk-SK"},{"@type":"Organization","@id":"https:\/\/distribucionarc.com\/de\/#organization","name":"Distrib\u00facia ARC","url":"https:\/\/distribucionarc.com\/de\/","logo":{"@type":"ImageObject","inLanguage":"sk-SK","@id":"https:\/\/distribucionarc.com\/de\/#\/schema\/logo\/image\/","url":"https:\/\/distribucionarc.com\/wp-content\/uploads\/2024\/10\/distribucion-ARC-COLOR-SIN-FONDO-e1732295305345.png","contentUrl":"https:\/\/distribucionarc.com\/wp-content\/uploads\/2024\/10\/distribucion-ARC-COLOR-SIN-FONDO-e1732295305345.png","width":1164,"height":558,"caption":"Distribuci\u00f3n ARC"},"image":{"@id":"https:\/\/distribucionarc.com\/de\/#\/schema\/logo\/image\/"},"description":"Spolo\u010dnos\u0165 \u0161pecializuj\u00faca sa na v\u00fdrobu a distrib\u00faciu priemyseln\u00fdch strojov pre potravin\u00e1rsky a farmaceutick\u00fd sektor. \u0160pecializujeme sa na: Stroje na kr\u00e1janie m\u00e4sa V\u00fdroba tabliet Priemyseln\u00e9 dopravn\u00e9 syst\u00e9my D\u00e1vkova\u010de na f\u013ea\u0161e A ove\u013ea viac... Pon\u00fakame inovat\u00edvne a prisp\u00f4soben\u00e9 rie\u0161enia na optimaliz\u00e1ciu v\u00fdrobn\u00fdch procesov va\u0161ej spolo\u010dnosti.","email":"Admistracion@distribucionarc.com","telephone":"+34 643496664","legalName":"ARC TECH SOLUTIONS","foundingDate":"2024-04-09","vatID":"B55480172","numberOfEmployees":{"@type":"QuantitativeValue","minValue":"1","maxValue":"10"}}]}},"_links":{"self":[{"href":"https:\/\/distribucionarc.com\/sk\/wp-json\/wp\/v2\/product\/2665","targetHints":{"allow":["GET"]}}],"collection":[{"href":"https:\/\/distribucionarc.com\/sk\/wp-json\/wp\/v2\/product"}],"about":[{"href":"https:\/\/distribucionarc.com\/sk\/wp-json\/wp\/v2\/types\/product"}],"replies":[{"embeddable":true,"href":"https:\/\/distribucionarc.com\/sk\/wp-json\/wp\/v2\/comments?post=2665"}],"version-history":[{"count":0,"href":"https:\/\/distribucionarc.com\/sk\/wp-json\/wp\/v2\/product\/2665\/revisions"}],"wp:featuredmedia":[{"embeddable":true,"href":"https:\/\/distribucionarc.com\/sk\/wp-json\/wp\/v2\/media\/2672"}],"wp:attachment":[{"href":"https:\/\/distribucionarc.com\/sk\/wp-json\/wp\/v2\/media?parent=2665"}],"wp:term":[{"taxonomy":"product_brand","embeddable":true,"href":"https:\/\/distribucionarc.com\/sk\/wp-json\/wp\/v2\/product_brand?post=2665"},{"taxonomy":"product_cat","embeddable":true,"href":"https:\/\/distribucionarc.com\/sk\/wp-json\/wp\/v2\/product_cat?post=2665"},{"taxonomy":"product_tag","embeddable":true,"href":"https:\/\/distribucionarc.com\/sk\/wp-json\/wp\/v2\/product_tag?post=2665"}],"curies":[{"name":"pracovn\u00fd list","href":"https:\/\/api.w.org\/{rel}","templated":true}]}}