{"id":2678,"date":"2020-08-20T11:22:08","date_gmt":"2020-08-20T11:22:08","guid":{"rendered":"https:\/\/distribucionarc.com\/?post_type=product&#038;p=2678"},"modified":"2023-02-06T13:00:10","modified_gmt":"2023-02-06T13:00:10","slug":"5-poschodova-cokoladova-fontana","status":"publish","type":"product","link":"https:\/\/distribucionarc.com\/sk\/producto\/fuente-de-chocolate-5-niveles\/","title":{"rendered":"\u010cokol\u00e1dov\u00e1 font\u00e1na 5 \u00farovn\u00ed"},"content":{"rendered":"<h3>\u010cokol\u00e1dov\u00e1 font\u00e1na 5 \u00farovn\u00ed<\/h3>\n<p>The\u00a0<strong>\u010dokol\u00e1dov\u00e1 font\u00e1na<\/strong>\u00a0z\u00a0<strong><span style=\"color: #ff0000;\">TO<\/span><span style=\"color: #0000ff;\">R<\/span>c<\/strong>\u00a0m\u00e1 a\u00a0<strong>syst\u00e9m novej gener\u00e1cie, ktor\u00fd \u0161etr\u00ed energiu<\/strong>\u00a0a ohrievajte zariadenie s automatick\u00fdm ovl\u00e1dan\u00edm a kon\u0161tantnou teplotou. \u010cokol\u00e1du najr\u00fdchlej\u0161ie roztopte, font\u00e1nu m\u00f4\u017eete nastavi\u0165 na izbov\u00fa teplotu. T\u00fdmto sp\u00f4sobom sa zlo\u017eenie \u010dokol\u00e1dy nezmen\u00ed.<\/p>\n<p>Vyroben\u00e9 z potravin\u00e1rskej nehrdzavej\u00facej ocele 304\u00a0<strong>\u010dokol\u00e1dov\u00e1 font\u00e1na <span style=\"color: #ff0000;\">TO<\/span><span style=\"color: #0000ff;\">R<\/span>CFCH5<\/strong>\u00a0Je \u00faplne uzavret\u00fd, aby sa predi\u0161lo probl\u00e9mom s \u00fanikom. V\u010faka tich\u00e9mu a efekt\u00edvnemu motoru je ide\u00e1lny pre bankety, svadby, bufety, akcie, ve\u010dierky at\u010f.<\/p>\n<h6>Z\u00e1ruka<strong>\u00a0<span style=\"color: #ff0000;\">TO<\/span><span style=\"color: #0000ff;\">R<\/span>c<\/strong><\/h6>\n<h6><span style=\"color: #008000;\"><strong>\u00da\u010dinn\u00e1 \u010dokol\u00e1dov\u00e1 font\u00e1na, n\u00edzka spotreba 120W\u00a0<\/strong><\/span><\/h6>\n<h6>vr\u00e1tane technickej podpory<\/h6>\n<p>&nbsp;<\/p>\n<table role=\"presentation\" width=\"100%\" cellspacing=\"0\" cellpadding=\"0\">\n<tbody>\n<tr>\n<td class=\"attrLabels\">Z\u00e1ruka:<\/td>\n<td width=\"50.0%\">ARC 2 ROKY<\/td>\n<\/tr>\n<tr>\n<td class=\"attrLabels\">Krajina distrib\u00facie:<\/td>\n<td width=\"50.0%\">\u0160panielsko, Nemecko, USA<\/td>\n<td class=\"attrLabels\">Hmotnos\u0165:<\/td>\n<td width=\"50.0%\">9 kg<\/td>\n<\/tr>\n<tr>\n<td class=\"attrLabels\">Zna\u010dka:<\/td>\n<td width=\"50.0%\">ARC<\/td>\n<td class=\"attrLabels\">v\u00fd\u0161ka:<\/td>\n<td width=\"50.0%\">\u00a071 cm<\/td>\n<\/tr>\n<tr>\n<td class=\"attrLabels\">Farba:<\/td>\n<td width=\"50.0%\">Strieborn\u00e1<\/td>\n<td class=\"attrLabels\">Dlh\u00e9:<\/td>\n<td width=\"50.0%\">39 cm<\/td>\n<\/tr>\n<tr>\n<td class=\"attrLabels\">Typ produktu:<\/td>\n<td width=\"50.0%\">\u010dokol\u00e1dov\u00e1 font\u00e1na<\/td>\n<td class=\"attrLabels\">\u0160irok\u00e1:<\/td>\n<td width=\"50.0%\">39 cm<\/td>\n<\/tr>\n<tr>\n<td class=\"attrLabels\">\u010c\u00edslo v\u00fdrobcu:<\/td>\n<td width=\"50.0%\">ARCFCH5<\/td>\n<td class=\"attrLabels\">V\u00fdkon:<\/td>\n<td width=\"50.0%\">120 W<\/td>\n<\/tr>\n<tr>\n<td class=\"attrLabels\">Materi\u00e1l:<\/td>\n<td width=\"50.0%\">nehrdzavej\u00faca oce\u013e<\/td>\n<td class=\"attrLabels\">Teplotn\u00fd rozsah:<\/td>\n<td width=\"50.0%\">0\u00ba \u2013 150\u00ba C<\/td>\n<\/tr>\n<tr>\n<td class=\"attrLabels\">\u00farovne:<\/td>\n<td width=\"50.0%\">5<\/td>\n<td class=\"attrLabels\">Maxim\u00e1lny priemer:<\/td>\n<td width=\"50.0%\">33 cm<\/td>\n<\/tr>\n<tr>\n<td class=\"attrLabels\">In\u0161tala\u010dn\u00e9 n\u00e1stroje:<\/td>\n<td width=\"50.0%\">\u00c1no<\/td>\n<td class=\"attrLabels\">Schopnos\u0165:<\/td>\n<td width=\"50.0%\">3L<\/td>\n<\/tr>\n<\/tbody>\n<\/table>","protected":false},"excerpt":{"rendered":"<h2>\u010cokol\u00e1dov\u00e1 font\u00e1na 5 \u00farovn\u00ed<\/h2>\n<p>The\u00a0<strong>\u010dokol\u00e1dov\u00e1 font\u00e1na<\/strong>\u00a0z\u00a0<strong><span style=\"color: #ff0000;\">TO<\/span><span style=\"color: #0000ff;\">R<\/span>c<\/strong> M\u00e1 5 \u00farovn\u00ed na vytvorenie bezkonkuren\u010dn\u00e9ho vodop\u00e1dov\u00e9ho efektu.<\/p>\n<p>\u010cokol\u00e1da, ktor\u00e1 v\u010faka tomu chutn\u00e1 a m\u00e1 hodv\u00e1bny vzh\u013ead\u00a0<strong>\u010dokol\u00e1dov\u00e1 font\u00e1na <span style=\"color: #ff0000;\">TO<\/span><span style=\"color: #0000ff;\">R<\/span>CFCH5<\/strong>\u00a0Dok\u00e1\u017ee by\u0165 nev\u0161edn\u00fdm pote\u0161en\u00edm, vytv\u00e1ra jedine\u010dn\u00e9 efekty. Okrem toho sa d\u00e1 nahradi\u0165 aj in\u00fdmi potravinami, ako je mlie\u010dna \u010dokol\u00e1da, hork\u00e1 \u010dokol\u00e1da, dulce de leche, jahoda, jablko, su\u0161ienky, zmrzlinov\u00e9 gu\u013e\u00f4\u010dky, ara\u0161idov\u00e9 gu\u013eky a mnoho \u010fal\u0161\u00edch.<\/p>\n<h6>Z\u00e1ruka<strong>\u00a0<span style=\"color: #ff0000;\">TO<\/span><span style=\"color: #0000ff;\">R<\/span>c<\/strong><\/h6>\n<h6><span style=\"color: #008000;\"><strong>\u00da\u010dinn\u00e1 \u010dokol\u00e1dov\u00e1 font\u00e1na, n\u00edzka spotreba 120W\u00a0<\/strong><\/span><\/h6>\n<h6>vr\u00e1tane technickej podpory<\/h6>","protected":false},"featured_media":2684,"comment_status":"open","ping_status":"closed","template":"","meta":{"wds_primary_product_brand":0,"wds_primary_product_cat":0},"product_brand":[],"product_cat":[57,56],"product_tag":[],"class_list":{"0":"post-2678","1":"product","2":"type-product","3":"status-publish","4":"has-post-thumbnail","6":"product_cat-dosificadores-dispensadores","7":"product_cat-maquinaria-para-ferias","8":"product_shipping_class-hosteleria","10":"first","11":"instock","12":"sale","13":"taxable","14":"shipping-taxable","15":"purchasable","16":"product-type-simple"},"yoast_head":"<!-- This site is optimized with the Yoast SEO Premium plugin v24.9 (Yoast SEO v26.1) - https:\/\/yoast.com\/wordpress\/plugins\/seo\/ -->\n<title>Fuente de chocolate 5 niveles - distribuci\u00f3n ARC<\/title>\n<meta name=\"robots\" content=\"index, follow, max-snippet:-1, max-image-preview:large, max-video-preview:-1\" \/>\n<link rel=\"canonical\" href=\"https:\/\/distribucionarc.com\/sk\/produktov\/5-poschodova-cokoladova-fontana\/\" \/>\n<meta property=\"og:locale\" content=\"sk_SK\" \/>\n<meta property=\"og:type\" content=\"article\" \/>\n<meta property=\"og:title\" content=\"Fuente de chocolate 5 niveles\" \/>\n<meta property=\"og:description\" content=\"Fuente de chocolate 5 niveles La\u00a0fuente de chocolate\u00a0de\u00a0ARC dispone de 5 niveles para producir un efecto cascada inigualable.  El chocolate que desciende apetitosamente y con un aspecto sedoso por esta\u00a0fuente de chocolate ARCFCH5\u00a0puede ser un placer extraordinario, crea efectos \u00fanicos. Adem\u00e1s, tambi\u00e9n puede sustituirse con otros alimentos, tales como chocolate con leche, chocolate negro, dulce de leche, fresa, manzana, galletas, bolas de helado, bolas de cacahuete, y muchos m\u00e1s. Garant\u00eda\u00a0ARC Fuente de chocolate eficiente, bajo consumo 120W\u00a0 soporte t\u00e9cnico\u00a0incluido\" \/>\n<meta property=\"og:url\" content=\"https:\/\/distribucionarc.com\/sk\/produktov\/5-poschodova-cokoladova-fontana\/\" \/>\n<meta property=\"og:site_name\" content=\"distribuci\u00f3n ARC\" \/>\n<meta property=\"article:modified_time\" content=\"2023-02-06T13:00:10+00:00\" \/>\n<meta property=\"og:image\" content=\"https:\/\/distribucionarc.com\/wp-content\/uploads\/2020\/08\/Fuente-de-chocolate-5-niveles-1.jpg\" \/>\n\t<meta property=\"og:image:width\" content=\"1000\" \/>\n\t<meta property=\"og:image:height\" content=\"1000\" \/>\n\t<meta property=\"og:image:type\" content=\"image\/jpeg\" \/>\n<meta name=\"twitter:card\" content=\"summary_large_image\" \/>\n<meta name=\"twitter:label1\" content=\"Predpokladan\u00fd \u010das \u010d\u00edtania\" \/>\n\t<meta name=\"twitter:data1\" content=\"1 min\u00fata\" \/>\n<script type=\"application\/ld+json\" class=\"yoast-schema-graph\">{\"@context\":\"https:\/\/schema.org\",\"@graph\":[{\"@type\":\"WebPage\",\"@id\":\"https:\/\/distribucionarc.com\/sl\/producto\/fuente-de-chocolate-5-niveles\/\",\"url\":\"https:\/\/distribucionarc.com\/sl\/producto\/fuente-de-chocolate-5-niveles\/\",\"name\":\"Fuente de chocolate 5 niveles - distribuci\u00f3n ARC\",\"isPartOf\":{\"@id\":\"https:\/\/distribucionarc.com\/de\/#website\"},\"primaryImageOfPage\":{\"@id\":\"https:\/\/distribucionarc.com\/sl\/producto\/fuente-de-chocolate-5-niveles\/#primaryimage\"},\"image\":{\"@id\":\"https:\/\/distribucionarc.com\/sl\/producto\/fuente-de-chocolate-5-niveles\/#primaryimage\"},\"thumbnailUrl\":\"https:\/\/distribucionarc.com\/wp-content\/uploads\/2020\/08\/Fuente-de-chocolate-5-niveles-1.jpg\",\"datePublished\":\"2020-08-20T11:22:08+00:00\",\"dateModified\":\"2023-02-06T13:00:10+00:00\",\"breadcrumb\":{\"@id\":\"https:\/\/distribucionarc.com\/sl\/producto\/fuente-de-chocolate-5-niveles\/#breadcrumb\"},\"inLanguage\":\"sk-SK\",\"potentialAction\":[{\"@type\":\"ReadAction\",\"target\":[\"https:\/\/distribucionarc.com\/sl\/producto\/fuente-de-chocolate-5-niveles\/\"]}]},{\"@type\":\"ImageObject\",\"inLanguage\":\"sk-SK\",\"@id\":\"https:\/\/distribucionarc.com\/sl\/producto\/fuente-de-chocolate-5-niveles\/#primaryimage\",\"url\":\"https:\/\/distribucionarc.com\/wp-content\/uploads\/2020\/08\/Fuente-de-chocolate-5-niveles-1.jpg\",\"contentUrl\":\"https:\/\/distribucionarc.com\/wp-content\/uploads\/2020\/08\/Fuente-de-chocolate-5-niveles-1.jpg\",\"width\":1000,\"height\":1000,\"caption\":\"Fuente de chocolate 5 niveles\"},{\"@type\":\"BreadcrumbList\",\"@id\":\"https:\/\/distribucionarc.com\/sl\/producto\/fuente-de-chocolate-5-niveles\/#breadcrumb\",\"itemListElement\":[{\"@type\":\"ListItem\",\"position\":1,\"name\":\"Portada\",\"item\":\"https:\/\/distribucionarc.com\/pl\/\"},{\"@type\":\"ListItem\",\"position\":2,\"name\":\"Produkty\",\"item\":\"https:\/\/distribucionarc.com\/pl\/shop\/\"},{\"@type\":\"ListItem\",\"position\":3,\"name\":\"Fuente de chocolate 5 niveles\"}]},{\"@type\":\"WebSite\",\"@id\":\"https:\/\/distribucionarc.com\/de\/#website\",\"url\":\"https:\/\/distribucionarc.com\/de\/\",\"name\":\"distribuci\u00f3n ARC\",\"description\":\"Empresa especializada en la fabricaci\u00f3n y distribuci\u00f3n de maquinaria industrial, selladoras de latas, Maquinas de hacer pastillas, Maquinas de cortar carne...\",\"publisher\":{\"@id\":\"https:\/\/distribucionarc.com\/de\/#organization\"},\"potentialAction\":[{\"@type\":\"SearchAction\",\"target\":{\"@type\":\"EntryPoint\",\"urlTemplate\":\"https:\/\/distribucionarc.com\/de\/?s={search_term_string}\"},\"query-input\":{\"@type\":\"PropertyValueSpecification\",\"valueRequired\":true,\"valueName\":\"search_term_string\"}}],\"inLanguage\":\"sk-SK\"},{\"@type\":\"Organization\",\"@id\":\"https:\/\/distribucionarc.com\/de\/#organization\",\"name\":\"Distribuci\u00f3n ARC\",\"url\":\"https:\/\/distribucionarc.com\/de\/\",\"logo\":{\"@type\":\"ImageObject\",\"inLanguage\":\"sk-SK\",\"@id\":\"https:\/\/distribucionarc.com\/de\/#\/schema\/logo\/image\/\",\"url\":\"https:\/\/distribucionarc.com\/wp-content\/uploads\/2024\/10\/distribucion-ARC-COLOR-SIN-FONDO-e1732295305345.png\",\"contentUrl\":\"https:\/\/distribucionarc.com\/wp-content\/uploads\/2024\/10\/distribucion-ARC-COLOR-SIN-FONDO-e1732295305345.png\",\"width\":1164,\"height\":558,\"caption\":\"Distribuci\u00f3n ARC\"},\"image\":{\"@id\":\"https:\/\/distribucionarc.com\/de\/#\/schema\/logo\/image\/\"},\"description\":\"Empresa especializada en la fabricaci\u00f3n y distribuci\u00f3n de maquinaria industrial para los sectores alimentario y farmac\u00e9utico. Nos especializamos en: M\u00e1quinas de cortar carne Fabricaci\u00f3n de comprimidos Sistemas de transporte industrial L\u00edneas de embotellado Dosificadores Y mucho m\u00e1s... Ofrecemos soluciones innovadoras y personalizadas para optimizar los procesos productivos de tu empresa.\",\"email\":\"Admistracion@distribucionarc.com\",\"telephone\":\"+34 643496664\",\"legalName\":\"ARC TECH SOLUTIONS\",\"foundingDate\":\"2024-04-09\",\"vatID\":\"B55480172\",\"numberOfEmployees\":{\"@type\":\"QuantitativeValue\",\"minValue\":\"1\",\"maxValue\":\"10\"}}]}<\/script>\n<!-- \/ Yoast SEO Premium plugin. -->","yoast_head_json":{"title":"\u010cokol\u00e1dov\u00e1 font\u00e1na 5 \u00farovn\u00ed - distrib\u00facia ARC","robots":{"index":"index","follow":"follow","max-snippet":"max-snippet:-1","max-image-preview":"max-image-preview:large","max-video-preview":"max-video-preview:-1"},"canonical":"https:\/\/distribucionarc.com\/sk\/produktov\/5-poschodova-cokoladova-fontana\/","og_locale":"sk_SK","og_type":"article","og_title":"Fuente de chocolate 5 niveles","og_description":"Fuente de chocolate 5 niveles La\u00a0fuente de chocolate\u00a0de\u00a0ARC dispone de 5 niveles para producir un efecto cascada inigualable.  El chocolate que desciende apetitosamente y con un aspecto sedoso por esta\u00a0fuente de chocolate ARCFCH5\u00a0puede ser un placer extraordinario, crea efectos \u00fanicos. Adem\u00e1s, tambi\u00e9n puede sustituirse con otros alimentos, tales como chocolate con leche, chocolate negro, dulce de leche, fresa, manzana, galletas, bolas de helado, bolas de cacahuete, y muchos m\u00e1s. Garant\u00eda\u00a0ARC Fuente de chocolate eficiente, bajo consumo 120W\u00a0 soporte t\u00e9cnico\u00a0incluido","og_url":"https:\/\/distribucionarc.com\/sk\/produktov\/5-poschodova-cokoladova-fontana\/","og_site_name":"distribuci\u00f3n ARC","article_modified_time":"2023-02-06T13:00:10+00:00","og_image":[{"width":1000,"height":1000,"url":"https:\/\/distribucionarc.com\/wp-content\/uploads\/2020\/08\/Fuente-de-chocolate-5-niveles-1.jpg","type":"image\/jpeg"}],"twitter_card":"summary_large_image","twitter_misc":{"Predpokladan\u00fd \u010das \u010d\u00edtania":"1 min\u00fata"},"schema":{"@context":"https:\/\/schema.org","@graph":[{"@type":"WebPage","@id":"https:\/\/distribucionarc.com\/sl\/producto\/fuente-de-chocolate-5-niveles\/","url":"https:\/\/distribucionarc.com\/sl\/producto\/fuente-de-chocolate-5-niveles\/","name":"\u010cokol\u00e1dov\u00e1 font\u00e1na 5 \u00farovn\u00ed - distrib\u00facia ARC","isPartOf":{"@id":"https:\/\/distribucionarc.com\/de\/#website"},"primaryImageOfPage":{"@id":"https:\/\/distribucionarc.com\/sl\/producto\/fuente-de-chocolate-5-niveles\/#primaryimage"},"image":{"@id":"https:\/\/distribucionarc.com\/sl\/producto\/fuente-de-chocolate-5-niveles\/#primaryimage"},"thumbnailUrl":"https:\/\/distribucionarc.com\/wp-content\/uploads\/2020\/08\/Fuente-de-chocolate-5-niveles-1.jpg","datePublished":"2020-08-20T11:22:08+00:00","dateModified":"2023-02-06T13:00:10+00:00","breadcrumb":{"@id":"https:\/\/distribucionarc.com\/sl\/producto\/fuente-de-chocolate-5-niveles\/#breadcrumb"},"inLanguage":"sk-SK","potentialAction":[{"@type":"ReadAction","target":["https:\/\/distribucionarc.com\/sl\/producto\/fuente-de-chocolate-5-niveles\/"]}]},{"@type":"ImageObject","inLanguage":"sk-SK","@id":"https:\/\/distribucionarc.com\/sl\/producto\/fuente-de-chocolate-5-niveles\/#primaryimage","url":"https:\/\/distribucionarc.com\/wp-content\/uploads\/2020\/08\/Fuente-de-chocolate-5-niveles-1.jpg","contentUrl":"https:\/\/distribucionarc.com\/wp-content\/uploads\/2020\/08\/Fuente-de-chocolate-5-niveles-1.jpg","width":1000,"height":1000,"caption":"Fuente de chocolate 5 niveles"},{"@type":"BreadcrumbList","@id":"https:\/\/distribucionarc.com\/sl\/producto\/fuente-de-chocolate-5-niveles\/#breadcrumb","itemListElement":[{"@type":"ListItem","position":1,"name":"Portada","item":"https:\/\/distribucionarc.com\/pl\/"},{"@type":"ListItem","position":2,"name":"Produkty","item":"https:\/\/distribucionarc.com\/pl\/shop\/"},{"@type":"ListItem","position":3,"name":"Fuente de chocolate 5 niveles"}]},{"@type":"WebSite","@id":"https:\/\/distribucionarc.com\/de\/#website","url":"https:\/\/distribucionarc.com\/de\/","name":"ARC distrib\u00facia","description":"Spolo\u010dnos\u0165 sa \u0161pecializuje na v\u00fdrobu a distrib\u00faciu priemyseln\u00fdch strojov, strojov na uzatv\u00e1ranie plechoviek, strojov na v\u00fdrobu tabliet, strojov na porciovanie m\u00e4sa...","publisher":{"@id":"https:\/\/distribucionarc.com\/de\/#organization"},"potentialAction":[{"@type":"SearchAction","target":{"@type":"EntryPoint","urlTemplate":"https:\/\/distribucionarc.com\/de\/?s={search_term_string}"},"query-input":{"@type":"PropertyValueSpecification","valueRequired":true,"valueName":"search_term_string"}}],"inLanguage":"sk-SK"},{"@type":"Organization","@id":"https:\/\/distribucionarc.com\/de\/#organization","name":"Distrib\u00facia ARC","url":"https:\/\/distribucionarc.com\/de\/","logo":{"@type":"ImageObject","inLanguage":"sk-SK","@id":"https:\/\/distribucionarc.com\/de\/#\/schema\/logo\/image\/","url":"https:\/\/distribucionarc.com\/wp-content\/uploads\/2024\/10\/distribucion-ARC-COLOR-SIN-FONDO-e1732295305345.png","contentUrl":"https:\/\/distribucionarc.com\/wp-content\/uploads\/2024\/10\/distribucion-ARC-COLOR-SIN-FONDO-e1732295305345.png","width":1164,"height":558,"caption":"Distribuci\u00f3n ARC"},"image":{"@id":"https:\/\/distribucionarc.com\/de\/#\/schema\/logo\/image\/"},"description":"Spolo\u010dnos\u0165 \u0161pecializuj\u00faca sa na v\u00fdrobu a distrib\u00faciu priemyseln\u00fdch strojov pre potravin\u00e1rsky a farmaceutick\u00fd sektor. \u0160pecializujeme sa na: Stroje na kr\u00e1janie m\u00e4sa V\u00fdroba tabliet Priemyseln\u00e9 dopravn\u00e9 syst\u00e9my D\u00e1vkova\u010de na f\u013ea\u0161e A ove\u013ea viac... Pon\u00fakame inovat\u00edvne a prisp\u00f4soben\u00e9 rie\u0161enia na optimaliz\u00e1ciu v\u00fdrobn\u00fdch procesov va\u0161ej spolo\u010dnosti.","email":"Admistracion@distribucionarc.com","telephone":"+34 643496664","legalName":"ARC TECH SOLUTIONS","foundingDate":"2024-04-09","vatID":"B55480172","numberOfEmployees":{"@type":"QuantitativeValue","minValue":"1","maxValue":"10"}}]}},"_links":{"self":[{"href":"https:\/\/distribucionarc.com\/sk\/wp-json\/wp\/v2\/product\/2678","targetHints":{"allow":["GET"]}}],"collection":[{"href":"https:\/\/distribucionarc.com\/sk\/wp-json\/wp\/v2\/product"}],"about":[{"href":"https:\/\/distribucionarc.com\/sk\/wp-json\/wp\/v2\/types\/product"}],"replies":[{"embeddable":true,"href":"https:\/\/distribucionarc.com\/sk\/wp-json\/wp\/v2\/comments?post=2678"}],"version-history":[{"count":0,"href":"https:\/\/distribucionarc.com\/sk\/wp-json\/wp\/v2\/product\/2678\/revisions"}],"wp:featuredmedia":[{"embeddable":true,"href":"https:\/\/distribucionarc.com\/sk\/wp-json\/wp\/v2\/media\/2684"}],"wp:attachment":[{"href":"https:\/\/distribucionarc.com\/sk\/wp-json\/wp\/v2\/media?parent=2678"}],"wp:term":[{"taxonomy":"product_brand","embeddable":true,"href":"https:\/\/distribucionarc.com\/sk\/wp-json\/wp\/v2\/product_brand?post=2678"},{"taxonomy":"product_cat","embeddable":true,"href":"https:\/\/distribucionarc.com\/sk\/wp-json\/wp\/v2\/product_cat?post=2678"},{"taxonomy":"product_tag","embeddable":true,"href":"https:\/\/distribucionarc.com\/sk\/wp-json\/wp\/v2\/product_tag?post=2678"}],"curies":[{"name":"pracovn\u00fd list","href":"https:\/\/api.w.org\/{rel}","templated":true}]}}