{"id":2698,"date":"2020-08-20T15:47:46","date_gmt":"2020-08-20T15:47:46","guid":{"rendered":"https:\/\/distribucionarc.com\/?post_type=product&#038;p=2698"},"modified":"2020-10-01T09:35:32","modified_gmt":"2020-10-01T09:35:32","slug":"sonda-s-kamero-pregledovanje-cevi","status":"publish","type":"product","link":"https:\/\/distribucionarc.com\/sk\/producto\/sonda-con-camara-inspeccion-de-tuberias\/","title":{"rendered":"Sonda s kamerou, kontrola potrubia\u00a0"},"content":{"rendered":"<h3>Sonda s kamerou, kontrola potrubia<\/h3>\n<p style=\"line-height: 21.0pt;\"><span style=\"font-size: 13.0pt; font-family: 'Arial',sans-serif; color: black;\">The<strong> kamera na kontrolu potrubia <span style=\"color: #ff0000;\">TO<\/span><span style=\"color: #0000ff;\">R<\/span>c<\/strong> kombinuje sondu so \u0161pi\u010dkou kamery so 7-palcov\u00fdm LCD monitorom na zobrazenie \u0165a\u017eko dostupnej oblasti kontroly. The <strong>HD kamera so 145\u00ba pozorovac\u00edm uhlom<\/strong>, poskytn\u00fa v\u00e1m \u00fapln\u00fd a jasn\u00fd obraz. Bat\u00e9riu je mo\u017en\u00e9 pou\u017e\u00edva\u0165 8 hod\u00edn, v dobrom stave.<\/span><\/p>\n<p style=\"line-height: 21.0pt;\"><span style=\"font-size: 13.0pt; font-family: 'Arial',sans-serif; color: black;\">Ko\u017een\u00fd chr\u00e1ni\u010d zais\u0165uje jasn\u00fd v\u00fdh\u013ead pri vonkaj\u0161ej kontrole a dodato\u010dn\u00fa ochranu monitora.<\/span> <span style=\"font-size: 13.0pt; font-family: 'Arial',sans-serif; color: black;\">Integrovan\u00fd dizajnov\u00fd hlin\u00edkov\u00fd box sa \u013eahko pou\u017e\u00edva, nie je potrebn\u00e1 \u017eiadna mont\u00e1\u017e, v\u0161etko pr\u00edslu\u0161enstvo je mo\u017en\u00e9 umiestni\u0165 do boxu pre bezpe\u010dn\u00fa, odoln\u00fa a robustn\u00fa prepravu.<\/span><\/p>\n<p style=\"line-height: 21.0pt;\"><span style=\"font-size: 13.0pt; font-family: 'Arial',sans-serif; color: black;\">D\u013a\u017eka predl\u017eovacieho k\u00e1bla <strong>Sonda s kamerou <span style=\"color: #ff0000;\">TO<\/span><span style=\"color: #0000ff;\">R<\/span>CSCT2<\/strong> K dispoz\u00edcii je 30 m, odoln\u00fd vo\u010di chladu, vode a \u0165ahu. Vodotesn\u00fd dizajn IP68, odoln\u00fd, aby odolal r\u00f4znym prostrediam.<\/span><\/p>\n<h6><strong>Z\u00e1ruka\u00a0<span style=\"color: #ff0000;\">TO<\/span><span style=\"color: #0000ff;\">R<\/span>C 2 ROKY<\/strong><\/h6>\n<h6><span style=\"color: #008000;\">V\u00fddr\u017e bat\u00e9rie 8h<\/span><\/h6>\n<h6><strong>vr\u00e1tane technickej podpory<\/strong><\/h6>\n<p>&nbsp;<\/p>\n<table role=\"presentation\" width=\"100%\" cellspacing=\"0\" cellpadding=\"0\">\n<tbody>\n<tr>\n<td class=\"attrLabels\">Zna\u010dka:<\/td>\n<td width=\"50.0%\">ARC<\/td>\n<\/tr>\n<tr>\n<td class=\"attrLabels\">Krajina distrib\u00facie:<\/td>\n<td width=\"50.0%\">\u0160panielsko, Nemecko, USA<\/td>\n<td class=\"attrLabels\">Hmotnos\u0165:<\/td>\n<td width=\"50.0%\">15 kg<\/td>\n<\/tr>\n<tr>\n<td class=\"attrLabels\">Zna\u010dka:<\/td>\n<td width=\"50.0%\">ARC<\/td>\n<td class=\"attrLabels\">D\u013a\u017eka k\u00e1bla:<\/td>\n<td width=\"50.0%\">30 cm<\/td>\n<\/tr>\n<tr>\n<td class=\"attrLabels\">Farba:<\/td>\n<td width=\"50.0%\">strieborn\u00e1, \u010dierna<\/td>\n<td class=\"attrLabels\">Pixely monitora:<\/td>\n<td width=\"50.0%\">800 (V) x 480 (V)<\/td>\n<\/tr>\n<tr>\n<td class=\"attrLabels\">Typ produktu:<\/td>\n<td width=\"50.0%\">Kamera na kontrolu potrubia<\/td>\n<td class=\"attrLabels\">V\u00fddr\u017e bat\u00e9rie:<\/td>\n<td width=\"50.0%\">8 hod\u00edn<\/td>\n<\/tr>\n<tr>\n<td class=\"attrLabels\">\u010c\u00edslo v\u00fdrobcu:<\/td>\n<td width=\"50.0%\">ARCSCT2<\/td>\n<td class=\"attrLabels\">Zosil\u0148ova\u010de bat\u00e9rie:<\/td>\n<td width=\"50.0%\">250 W<\/td>\n<\/tr>\n<tr>\n<td class=\"attrLabels\">Materi\u00e1l:<\/td>\n<td width=\"50.0%\">HD kamera, ko\u017een\u00fd chr\u00e1ni\u010d<\/td>\n<td class=\"attrLabels\">vstupn\u00e9 nap\u00e4tie<\/td>\n<td width=\"50.0%\">220V \u2013 60Hz<\/td>\n<\/tr>\n<tr>\n<td class=\"attrLabels\">Z\u00e1ruka:<\/td>\n<td width=\"50.0%\">\u00a0 2 roky<\/td>\n<td class=\"attrLabels\">Nab\u00edja\u010dka:<\/td>\n<td width=\"50.0%\">AC100-240V DC12,6V 1000MA<\/td>\n<\/tr>\n<tr>\n<td class=\"attrLabels\">In\u0161tala\u010dn\u00e9 n\u00e1stroje:<\/td>\n<td width=\"50.0%\">\u00c1no<\/td>\n<td class=\"attrLabels\">\u00a0Sveteln\u00fd zdroj fotoapar\u00e1tu:<\/td>\n<td width=\"50.0%\">6 KS 1W LED s vysok\u00fdm bielym svetlom (nastavite\u013en\u00e9)<\/td>\n<\/tr>\n<\/tbody>\n<\/table>\n<p>&nbsp;<\/p>\n<p>&nbsp;<\/p>","protected":false},"excerpt":{"rendered":"<h2><strong>Sonda s kamerou, kontrola potrubia\u00a0<\/strong><\/h2>\n<p><span style=\"font-size: 13.0pt; font-family: 'Arial',sans-serif; color: black; font-weight: normal;\"><span style=\"background: white;\"><span style=\"text-align: start; float: none;\">The<strong> kamera na kontrolu potrubia <span style=\"color: #ff0000;\">TO<\/span><span style=\"color: #0000ff;\">R<\/span>c<\/strong> Kombinuje sondu s kamerou na \u0161pi\u010dke spolu so 7-palcov\u00fdm LCD monitorom na zobrazenie \u0165a\u017eko dostupn\u00fdch kontroln\u00fdch oblast\u00ed. Luxusn\u00e1 ko\u017een\u00e1 bato\u017eina poskytuje jasn\u00fd v\u00fdh\u013ead pri vonkaj\u0161ej kontrole a dodato\u010dn\u00fa ochranu monitora. Dod\u00e1va sa s plne polstrovanou krabicou, v ktorej s\u00fa ulo\u017een\u00e9 v\u0161etky s\u00fapravy pre \u013eahk\u00fa prepravu a pou\u017eitie. Odstra\u0148uje potrebu roztrhnutia sadrokart\u00f3nu na lokaliz\u00e1ciu netesnost\u00ed a pom\u00e1ha rie\u0161i\u0165 probl\u00e9my s in\u0161talat\u00e9rstvom.<\/span><\/span><\/span><\/p>\n<h6><strong>Z\u00e1ruka\u00a0<span style=\"color: #ff0000;\">TO<\/span><span style=\"color: #0000ff;\">R<\/span>C 2 ROKY<\/strong><\/h6>\n<h6><span style=\"color: #008000;\">V\u00fddr\u017e bat\u00e9rie 8h<\/span><\/h6>\n<h6><strong>vr\u00e1tane technickej podpory<\/strong><\/h6>","protected":false},"featured_media":2700,"comment_status":"open","ping_status":"closed","template":"","meta":{"wds_primary_product_brand":0,"wds_primary_product_cat":0},"product_brand":[],"product_cat":[69],"product_tag":[],"class_list":{"0":"post-2698","1":"product","2":"type-product","3":"status-publish","4":"has-post-thumbnail","6":"product_cat-maquinas-variadas","7":"product_shipping_class-express","9":"first","10":"instock","11":"sale","12":"taxable","13":"shipping-taxable","14":"purchasable","15":"product-type-simple"},"yoast_head":"<!-- This site is optimized with the Yoast SEO Premium plugin v24.9 (Yoast SEO v26.1) - https:\/\/yoast.com\/wordpress\/plugins\/seo\/ -->\n<title>Sonda con c\u00e1mara, inspecci\u00f3n de tuber\u00edas\u00a0 - distribuci\u00f3n ARC<\/title>\n<meta name=\"robots\" content=\"index, follow, max-snippet:-1, max-image-preview:large, max-video-preview:-1\" \/>\n<link rel=\"canonical\" href=\"https:\/\/distribucionarc.com\/sk\/produktov\/sonda-s-kamero-pregledovanje-cevi\/\" \/>\n<meta property=\"og:locale\" content=\"sk_SK\" \/>\n<meta property=\"og:type\" content=\"article\" \/>\n<meta property=\"og:title\" content=\"Sonda con c\u00e1mara, inspecci\u00f3n de tuber\u00edas\u00a0\" \/>\n<meta property=\"og:description\" content=\"Sonda con c\u00e1mara, inspecci\u00f3n de tuber\u00edas\u00a0 La c\u00e1mara de inspecci\u00f3n de tuber\u00edas ARC combina una sonda con una c\u00e1mara en la punta acompa\u00f1ada de un monitor LCD de 7 pulgadas para ver el \u00e1rea de inspecci\u00f3n de dif\u00edcil acceso. El equipaje de cuero de lujo proporciona una visi\u00f3n clara en la inspecci\u00f3n al aire libre y protecci\u00f3n adicional para el monitor. Viene con una caja totalmente acolchada que almacena todos los kits para facilitar el transporte y el uso.\u00a0 Elimina las necesidad de desgarramiento de paneles de yeso para localizar fugas y ayuda a resolver problemas de tuber\u00edas. Garant\u00eda\u00a0ARC 2 A\u00d1OS Duraci\u00f3n de la bater\u00eda 8h soporte t\u00e9cnico incluido\" \/>\n<meta property=\"og:url\" content=\"https:\/\/distribucionarc.com\/sk\/produktov\/sonda-s-kamero-pregledovanje-cevi\/\" \/>\n<meta property=\"og:site_name\" content=\"distribuci\u00f3n ARC\" \/>\n<meta property=\"article:modified_time\" content=\"2020-10-01T09:35:32+00:00\" \/>\n<meta property=\"og:image\" content=\"https:\/\/distribucionarc.com\/wp-content\/uploads\/2020\/08\/Sonda-con-c\u00e1mara-inspecci\u00f3n-de-tuber\u00edas-2.jpg\" \/>\n\t<meta property=\"og:image:width\" content=\"1001\" \/>\n\t<meta property=\"og:image:height\" content=\"1001\" \/>\n\t<meta property=\"og:image:type\" content=\"image\/jpeg\" \/>\n<meta name=\"twitter:card\" content=\"summary_large_image\" \/>\n<meta name=\"twitter:label1\" content=\"Predpokladan\u00fd \u010das \u010d\u00edtania\" \/>\n\t<meta name=\"twitter:data1\" content=\"1 min\u00fata\" \/>\n<script type=\"application\/ld+json\" class=\"yoast-schema-graph\">{\"@context\":\"https:\/\/schema.org\",\"@graph\":[{\"@type\":\"WebPage\",\"@id\":\"https:\/\/distribucionarc.com\/bg\/producto\/sonda-con-camara-inspeccion-de-tuberias\/\",\"url\":\"https:\/\/distribucionarc.com\/bg\/producto\/sonda-con-camara-inspeccion-de-tuberias\/\",\"name\":\"Sonda con c\u00e1mara, inspecci\u00f3n de tuber\u00edas\u00a0 - distribuci\u00f3n ARC\",\"isPartOf\":{\"@id\":\"https:\/\/distribucionarc.com\/pl\/#website\"},\"primaryImageOfPage\":{\"@id\":\"https:\/\/distribucionarc.com\/bg\/producto\/sonda-con-camara-inspeccion-de-tuberias\/#primaryimage\"},\"image\":{\"@id\":\"https:\/\/distribucionarc.com\/bg\/producto\/sonda-con-camara-inspeccion-de-tuberias\/#primaryimage\"},\"thumbnailUrl\":\"https:\/\/distribucionarc.com\/wp-content\/uploads\/2020\/08\/Sonda-con-c\u00e1mara-inspecci\u00f3n-de-tuber\u00edas-2.jpg\",\"datePublished\":\"2020-08-20T15:47:46+00:00\",\"dateModified\":\"2020-10-01T09:35:32+00:00\",\"breadcrumb\":{\"@id\":\"https:\/\/distribucionarc.com\/bg\/producto\/sonda-con-camara-inspeccion-de-tuberias\/#breadcrumb\"},\"inLanguage\":\"sk-SK\",\"potentialAction\":[{\"@type\":\"ReadAction\",\"target\":[\"https:\/\/distribucionarc.com\/bg\/producto\/sonda-con-camara-inspeccion-de-tuberias\/\"]}]},{\"@type\":\"ImageObject\",\"inLanguage\":\"sk-SK\",\"@id\":\"https:\/\/distribucionarc.com\/bg\/producto\/sonda-con-camara-inspeccion-de-tuberias\/#primaryimage\",\"url\":\"https:\/\/distribucionarc.com\/wp-content\/uploads\/2020\/08\/Sonda-con-c\u00e1mara-inspecci\u00f3n-de-tuber\u00edas-2.jpg\",\"contentUrl\":\"https:\/\/distribucionarc.com\/wp-content\/uploads\/2020\/08\/Sonda-con-c\u00e1mara-inspecci\u00f3n-de-tuber\u00edas-2.jpg\",\"width\":1001,\"height\":1001,\"caption\":\"Sonda con c\u00e1mara, inspecci\u00f3n de tuber\u00edas\u00a0\"},{\"@type\":\"BreadcrumbList\",\"@id\":\"https:\/\/distribucionarc.com\/bg\/producto\/sonda-con-camara-inspeccion-de-tuberias\/#breadcrumb\",\"itemListElement\":[{\"@type\":\"ListItem\",\"position\":1,\"name\":\"Portada\",\"item\":\"https:\/\/www.distribucionarc.com\/tr\/\"},{\"@type\":\"ListItem\",\"position\":2,\"name\":\"Izdelki\",\"item\":\"https:\/\/www.distribucionarc.com\/sl\/trgovina\/\"},{\"@type\":\"ListItem\",\"position\":3,\"name\":\"Sonda con c\u00e1mara, inspecci\u00f3n de tuber\u00edas\u00a0\"}]},{\"@type\":\"WebSite\",\"@id\":\"https:\/\/distribucionarc.com\/pl\/#website\",\"url\":\"https:\/\/distribucionarc.com\/pl\/\",\"name\":\"distribuci\u00f3n ARC\",\"description\":\"Empresa especializada en la fabricaci\u00f3n y distribuci\u00f3n de maquinaria industrial, selladoras de latas, Maquinas de hacer pastillas, Maquinas de cortar carne...\",\"publisher\":{\"@id\":\"https:\/\/distribucionarc.com\/pl\/#organization\"},\"potentialAction\":[{\"@type\":\"SearchAction\",\"target\":{\"@type\":\"EntryPoint\",\"urlTemplate\":\"https:\/\/distribucionarc.com\/pl\/?s={search_term_string}\"},\"query-input\":{\"@type\":\"PropertyValueSpecification\",\"valueRequired\":true,\"valueName\":\"search_term_string\"}}],\"inLanguage\":\"sk-SK\"},{\"@type\":\"Organization\",\"@id\":\"https:\/\/distribucionarc.com\/pl\/#organization\",\"name\":\"Distribuci\u00f3n ARC\",\"url\":\"https:\/\/distribucionarc.com\/pl\/\",\"logo\":{\"@type\":\"ImageObject\",\"inLanguage\":\"sk-SK\",\"@id\":\"https:\/\/distribucionarc.com\/pl\/#\/schema\/logo\/image\/\",\"url\":\"https:\/\/distribucionarc.com\/wp-content\/uploads\/2024\/10\/distribucion-ARC-COLOR-SIN-FONDO-e1732295305345.png\",\"contentUrl\":\"https:\/\/distribucionarc.com\/wp-content\/uploads\/2024\/10\/distribucion-ARC-COLOR-SIN-FONDO-e1732295305345.png\",\"width\":1164,\"height\":558,\"caption\":\"Distribuci\u00f3n ARC\"},\"image\":{\"@id\":\"https:\/\/distribucionarc.com\/pl\/#\/schema\/logo\/image\/\"},\"description\":\"Empresa especializada en la fabricaci\u00f3n y distribuci\u00f3n de maquinaria industrial para los sectores alimentario y farmac\u00e9utico. Nos especializamos en: M\u00e1quinas de cortar carne Fabricaci\u00f3n de comprimidos Sistemas de transporte industrial L\u00edneas de embotellado Dosificadores Y mucho m\u00e1s... Ofrecemos soluciones innovadoras y personalizadas para optimizar los procesos productivos de tu empresa.\",\"email\":\"Admistracion@distribucionarc.com\",\"telephone\":\"+34 643496664\",\"legalName\":\"ARC TECH SOLUTIONS\",\"foundingDate\":\"2024-04-09\",\"vatID\":\"B55480172\",\"numberOfEmployees\":{\"@type\":\"QuantitativeValue\",\"minValue\":\"1\",\"maxValue\":\"10\"}}]}<\/script>\n<!-- \/ Yoast SEO Premium plugin. -->","yoast_head_json":{"title":"Sonda s kamerou, kontrola potrubia - ARC rozvod","robots":{"index":"index","follow":"follow","max-snippet":"max-snippet:-1","max-image-preview":"max-image-preview:large","max-video-preview":"max-video-preview:-1"},"canonical":"https:\/\/distribucionarc.com\/sk\/produktov\/sonda-s-kamero-pregledovanje-cevi\/","og_locale":"sk_SK","og_type":"article","og_title":"Sonda con c\u00e1mara, inspecci\u00f3n de tuber\u00edas\u00a0","og_description":"Sonda con c\u00e1mara, inspecci\u00f3n de tuber\u00edas\u00a0 La c\u00e1mara de inspecci\u00f3n de tuber\u00edas ARC combina una sonda con una c\u00e1mara en la punta acompa\u00f1ada de un monitor LCD de 7 pulgadas para ver el \u00e1rea de inspecci\u00f3n de dif\u00edcil acceso. El equipaje de cuero de lujo proporciona una visi\u00f3n clara en la inspecci\u00f3n al aire libre y protecci\u00f3n adicional para el monitor. Viene con una caja totalmente acolchada que almacena todos los kits para facilitar el transporte y el uso.\u00a0 Elimina las necesidad de desgarramiento de paneles de yeso para localizar fugas y ayuda a resolver problemas de tuber\u00edas. Garant\u00eda\u00a0ARC 2 A\u00d1OS Duraci\u00f3n de la bater\u00eda 8h soporte t\u00e9cnico incluido","og_url":"https:\/\/distribucionarc.com\/sk\/produktov\/sonda-s-kamero-pregledovanje-cevi\/","og_site_name":"distribuci\u00f3n ARC","article_modified_time":"2020-10-01T09:35:32+00:00","og_image":[{"width":1001,"height":1001,"url":"https:\/\/distribucionarc.com\/wp-content\/uploads\/2020\/08\/Sonda-con-c\u00e1mara-inspecci\u00f3n-de-tuber\u00edas-2.jpg","type":"image\/jpeg"}],"twitter_card":"summary_large_image","twitter_misc":{"Predpokladan\u00fd \u010das \u010d\u00edtania":"1 min\u00fata"},"schema":{"@context":"https:\/\/schema.org","@graph":[{"@type":"WebPage","@id":"https:\/\/distribucionarc.com\/bg\/producto\/sonda-con-camara-inspeccion-de-tuberias\/","url":"https:\/\/distribucionarc.com\/bg\/producto\/sonda-con-camara-inspeccion-de-tuberias\/","name":"Sonda s kamerou, kontrola potrubia - ARC rozvod","isPartOf":{"@id":"https:\/\/distribucionarc.com\/pl\/#website"},"primaryImageOfPage":{"@id":"https:\/\/distribucionarc.com\/bg\/producto\/sonda-con-camara-inspeccion-de-tuberias\/#primaryimage"},"image":{"@id":"https:\/\/distribucionarc.com\/bg\/producto\/sonda-con-camara-inspeccion-de-tuberias\/#primaryimage"},"thumbnailUrl":"https:\/\/distribucionarc.com\/wp-content\/uploads\/2020\/08\/Sonda-con-c\u00e1mara-inspecci\u00f3n-de-tuber\u00edas-2.jpg","datePublished":"2020-08-20T15:47:46+00:00","dateModified":"2020-10-01T09:35:32+00:00","breadcrumb":{"@id":"https:\/\/distribucionarc.com\/bg\/producto\/sonda-con-camara-inspeccion-de-tuberias\/#breadcrumb"},"inLanguage":"sk-SK","potentialAction":[{"@type":"ReadAction","target":["https:\/\/distribucionarc.com\/bg\/producto\/sonda-con-camara-inspeccion-de-tuberias\/"]}]},{"@type":"ImageObject","inLanguage":"sk-SK","@id":"https:\/\/distribucionarc.com\/bg\/producto\/sonda-con-camara-inspeccion-de-tuberias\/#primaryimage","url":"https:\/\/distribucionarc.com\/wp-content\/uploads\/2020\/08\/Sonda-con-c\u00e1mara-inspecci\u00f3n-de-tuber\u00edas-2.jpg","contentUrl":"https:\/\/distribucionarc.com\/wp-content\/uploads\/2020\/08\/Sonda-con-c\u00e1mara-inspecci\u00f3n-de-tuber\u00edas-2.jpg","width":1001,"height":1001,"caption":"Sonda con c\u00e1mara, inspecci\u00f3n de tuber\u00edas\u00a0"},{"@type":"BreadcrumbList","@id":"https:\/\/distribucionarc.com\/bg\/producto\/sonda-con-camara-inspeccion-de-tuberias\/#breadcrumb","itemListElement":[{"@type":"ListItem","position":1,"name":"Portada","item":"https:\/\/www.distribucionarc.com\/tr\/"},{"@type":"ListItem","position":2,"name":"Izdelki","item":"https:\/\/www.distribucionarc.com\/sl\/trgovina\/"},{"@type":"ListItem","position":3,"name":"Sonda con c\u00e1mara, inspecci\u00f3n de tuber\u00edas\u00a0"}]},{"@type":"WebSite","@id":"https:\/\/distribucionarc.com\/pl\/#website","url":"https:\/\/distribucionarc.com\/pl\/","name":"ARC distrib\u00facia","description":"Spolo\u010dnos\u0165 sa \u0161pecializuje na v\u00fdrobu a distrib\u00faciu priemyseln\u00fdch strojov, strojov na uzatv\u00e1ranie plechoviek, strojov na v\u00fdrobu tabliet, strojov na porciovanie m\u00e4sa...","publisher":{"@id":"https:\/\/distribucionarc.com\/pl\/#organization"},"potentialAction":[{"@type":"SearchAction","target":{"@type":"EntryPoint","urlTemplate":"https:\/\/distribucionarc.com\/pl\/?s={search_term_string}"},"query-input":{"@type":"PropertyValueSpecification","valueRequired":true,"valueName":"search_term_string"}}],"inLanguage":"sk-SK"},{"@type":"Organization","@id":"https:\/\/distribucionarc.com\/pl\/#organization","name":"Distrib\u00facia ARC","url":"https:\/\/distribucionarc.com\/pl\/","logo":{"@type":"ImageObject","inLanguage":"sk-SK","@id":"https:\/\/distribucionarc.com\/pl\/#\/schema\/logo\/image\/","url":"https:\/\/distribucionarc.com\/wp-content\/uploads\/2024\/10\/distribucion-ARC-COLOR-SIN-FONDO-e1732295305345.png","contentUrl":"https:\/\/distribucionarc.com\/wp-content\/uploads\/2024\/10\/distribucion-ARC-COLOR-SIN-FONDO-e1732295305345.png","width":1164,"height":558,"caption":"Distribuci\u00f3n ARC"},"image":{"@id":"https:\/\/distribucionarc.com\/pl\/#\/schema\/logo\/image\/"},"description":"Spolo\u010dnos\u0165 \u0161pecializuj\u00faca sa na v\u00fdrobu a distrib\u00faciu priemyseln\u00fdch strojov pre potravin\u00e1rsky a farmaceutick\u00fd sektor. \u0160pecializujeme sa na: Stroje na kr\u00e1janie m\u00e4sa V\u00fdroba tabliet Priemyseln\u00e9 dopravn\u00e9 syst\u00e9my D\u00e1vkova\u010de na f\u013ea\u0161e A ove\u013ea viac... Pon\u00fakame inovat\u00edvne a prisp\u00f4soben\u00e9 rie\u0161enia na optimaliz\u00e1ciu v\u00fdrobn\u00fdch procesov va\u0161ej spolo\u010dnosti.","email":"Admistracion@distribucionarc.com","telephone":"+34 643496664","legalName":"ARC TECH SOLUTIONS","foundingDate":"2024-04-09","vatID":"B55480172","numberOfEmployees":{"@type":"QuantitativeValue","minValue":"1","maxValue":"10"}}]}},"_links":{"self":[{"href":"https:\/\/distribucionarc.com\/sk\/wp-json\/wp\/v2\/product\/2698","targetHints":{"allow":["GET"]}}],"collection":[{"href":"https:\/\/distribucionarc.com\/sk\/wp-json\/wp\/v2\/product"}],"about":[{"href":"https:\/\/distribucionarc.com\/sk\/wp-json\/wp\/v2\/types\/product"}],"replies":[{"embeddable":true,"href":"https:\/\/distribucionarc.com\/sk\/wp-json\/wp\/v2\/comments?post=2698"}],"version-history":[{"count":0,"href":"https:\/\/distribucionarc.com\/sk\/wp-json\/wp\/v2\/product\/2698\/revisions"}],"wp:featuredmedia":[{"embeddable":true,"href":"https:\/\/distribucionarc.com\/sk\/wp-json\/wp\/v2\/media\/2700"}],"wp:attachment":[{"href":"https:\/\/distribucionarc.com\/sk\/wp-json\/wp\/v2\/media?parent=2698"}],"wp:term":[{"taxonomy":"product_brand","embeddable":true,"href":"https:\/\/distribucionarc.com\/sk\/wp-json\/wp\/v2\/product_brand?post=2698"},{"taxonomy":"product_cat","embeddable":true,"href":"https:\/\/distribucionarc.com\/sk\/wp-json\/wp\/v2\/product_cat?post=2698"},{"taxonomy":"product_tag","embeddable":true,"href":"https:\/\/distribucionarc.com\/sk\/wp-json\/wp\/v2\/product_tag?post=2698"}],"curies":[{"name":"pracovn\u00fd list","href":"https:\/\/api.w.org\/{rel}","templated":true}]}}