{"id":2734,"date":"2020-08-21T10:57:23","date_gmt":"2020-08-21T10:57:23","guid":{"rendered":"https:\/\/distribucionarc.com\/?post_type=product&#038;p=2734"},"modified":"2020-10-09T11:14:52","modified_gmt":"2020-10-09T11:14:52","slug":"co2-laserovy-gravirovaci-stroj","status":"publish","type":"product","link":"https:\/\/distribucionarc.com\/sk\/producto\/maquina-de-grabado-laser-de-co2\/","title":{"rendered":"CO2 laserov\u00fd grav\u00edrovac\u00ed stroj 30 x 20 cm"},"content":{"rendered":"<h3 style=\"margin: 0cm;\"><strong><span style=\"font-family: 'Arial',sans-serif; color: black;\">CO2 laserov\u00fd grav\u00edrovac\u00ed stroj 30 x 20 cm\u00a0<\/span><\/strong><\/h3>\n<p>Vysoko presn\u00e1 laserov\u00e1 hlava <strong>zna\u010dkovac\u00ed stroj<span style=\"color: #ff0000;\"> TO<span style=\"color: #0000ff;\">R<\/span><\/span>c<\/strong>, s vysokou kvalitou, spo\u013eahliv\u00fdm v\u00fdkonom a odolnos\u0165ou, zlep\u0161uje presnos\u0165 a v\u00fdkon grav\u00edrovania. Prija\u0165 pokro\u010dil\u00fd<strong> CO2 laserov\u00e1 trubica<\/strong> Tretia gener\u00e1cia s vysok\u00fdm v\u00fdkonom a r\u00fdchlos\u0165ou. \u017divotnos\u0165 tejto laserovej trubice je a\u017e 1000-1300 hod\u00edn.<\/p>\n<p>M\u00e1 vyp\u00edna\u010d, laserov\u00fd vyp\u00edna\u010d, testovac\u00ed vyp\u00edna\u010d, regul\u00e1ciu pr\u00fadu a indik\u00e1ciu pr\u00fadu na ovl\u00e1dacej doske pre intuit\u00edvnej\u0161ie a pohodlnej\u0161ie ovl\u00e1danie grav\u00edrovania. S\u00fa\u010das\u0165ou balenia je ods\u00e1va\u010d r\u00farok, odvzdu\u0161\u0148ova\u010d a ventil\u00e1tor, ktor\u00e9 efekt\u00edvne zni\u017euj\u00fa teplotu v\u0161etk\u00fdch elektronick\u00fdch komponentov a t\u00fdm predl\u017euj\u00fa ich \u017eivotnos\u0165<\/p>\n<p>Vyu\u017e\u00edva USB port pre pohodln\u00e9 pripojenie k PC alebo notebooku, pre lep\u0161ie a presnej\u0161ie ovl\u00e1danie grav\u00edrovania. Okrem toho, <strong>laserov\u00fd grav\u00edrova\u010d <span style=\"color: #ff0000;\">TO<\/span><span style=\"color: #0000ff;\">R<\/span>CGLCO2<\/strong> je vybaven\u00fd a <strong>krokov\u00fd motor<\/strong> Vysok\u00e1 presnos\u0165, efekt\u00edvna a stabiln\u00e1, dosiahnutie presnej\u0161ieho grav\u00edrovania.<\/p>\n<h6><strong>Z\u00e1ruka\u00a0<span style=\"color: #ff0000;\">TO<\/span><span style=\"color: #0000ff;\">R<\/span>C 2 ROKY<\/strong><\/h6>\n<h6><span style=\"color: #008000;\">V\u00fdkonn\u00fd laserov\u00fd grav\u00edrova\u010d, spotreba \u2264250W<\/span><\/h6>\n<h6><strong>vr\u00e1tane technickej podpory<br \/>\n<\/strong><\/h6>\n<p>&nbsp;<\/p>\n<hr \/>\n<ul>\n<li><strong>R\u00fdchlos\u0165 grav\u00edrovania: 0-350 mm\/s<\/strong><\/li>\n<li><strong>V s\u00falade s FDA: \u00c1no<\/strong><\/li>\n<li><strong>R\u00fdchlos\u0165 rezania: 0-35 mm\/s<\/strong><\/li>\n<li><strong>Certifik\u00e1cia CE: \u00c1no<\/strong><\/li>\n<li><strong>Minim\u00e1lny znak pre modelovanie: 1 mm x 1 mm<\/strong><\/li>\n<li><strong>Certifik\u00e1t kvality ISO 9001: \u00c1no<\/strong><\/li>\n<li><strong>Pomer rozl\u00ed\u0161enia: 0,026 mm<\/strong><\/li>\n<li><strong>Typ lasera: CO2 plyn<\/strong><\/li>\n<li><strong>Resetovanie polohy: \u22640,01 mm<\/strong><\/li>\n<li><strong>r\u00farkov\u00fd pohon: 20KV<\/strong><\/li>\n<li><strong>Typ motora: krokov\u00fd motor<\/strong><\/li>\n<li><strong>pracovn\u00e1 trubica: 15KV<\/strong><\/li>\n<li><strong>Kompatibiln\u00fd softv\u00e9r: softv\u00e9r CorelDraw<\/strong><\/li>\n<li><strong>Pr\u00fad: 0~22mA<\/strong><\/li>\n<li><strong>Spotreba energie: \u2264250W<\/strong><\/li>\n<li><strong>Grav\u00edrovacia plocha: 12 \u00d7 8 palcov<\/strong><\/li>\n<li><strong>Podporovan\u00e9 grafick\u00e9 form\u00e1ty: BMP\/JPG\/JPEG\/WMF\/EMF\/PLT<\/strong><\/li>\n<li><strong>Laserov\u00e1 trubica: 1000-1300 hod\u00edn<\/strong><\/li>\n<li><strong>Vodn\u00e9 chladenie: s\u00fa\u010das\u0165ou dod\u00e1vky je vodn\u00e9 \u010derpadlo<\/strong><\/li>\n<li><strong>V\u00fdkon lasera: 40W<\/strong><\/li>\n<\/ul>","protected":false},"excerpt":{"rendered":"<h2 style=\"margin: 0cm;\"><strong><span style=\"font-family: 'Arial',sans-serif; color: black;\">CO2 laserov\u00fd grav\u00edrovac\u00ed stroj 30 x 20 cm<\/span><\/strong><\/h2>\n<p style=\"margin: 0cm; text-align: start;\"><span style=\"font-family: 'Arial',sans-serif; color: black;\">Toto <strong>zna\u010dkovac\u00ed stroj<\/strong> integruje najnov\u0161\u00ed \u013eahk\u00fd mechanick\u00fd stroj\u010dek na trhu, trojgenera\u010dn\u00fd mod\u00e1lny rekord\u00e9r, ktor\u00fd v\u00e1s zaist\u00ed <strong>vysok\u00e1 presnos\u0165 a r\u00fdchlos\u0165<\/strong>. Nov\u00e9 <strong>CO2 laserov\u00fd grav\u00edrova\u010d<\/strong> <strong><span style=\"color: #ff0000;\">TO<\/span><span style=\"color: #0000ff;\">R<\/span>CGLCO2<\/strong> Je vybaven\u00fd 40W vodn\u00fdm chladen\u00edm laserovej trubice, krokov\u00fdmi motormi pre dokonal\u00fa presnos\u0165, vysoko kvalitn\u00fdm ovl\u00e1dac\u00edm panelom. Na pripojenie k notebooku alebo PC vyu\u017e\u00edva USB port. Zahrnut\u00e1 je softv\u00e9rov\u00e1 podpora, CorelDraw, tento stroj dok\u00e1\u017ee dobre pracova\u0165 s viacer\u00fdmi grafick\u00fdmi form\u00e1tmi vr\u00e1tane EMF\/JPG\/PLT\/WMF.<\/span><\/p>\n<h6><\/h6>\n<h6><strong>Z\u00e1ruka\u00a0<span style=\"color: #ff0000;\">TO<\/span><span style=\"color: #0000ff;\">R<\/span>C 2 ROKY<\/strong><\/h6>\n<h6><span style=\"color: #008000;\">V\u00fdkonn\u00fd laserov\u00fd grav\u00edrova\u010d, spotreba \u2264250W<\/span><\/h6>\n<h6><strong>vr\u00e1tane technickej podpory<\/strong><\/h6>","protected":false},"featured_media":2741,"comment_status":"open","ping_status":"closed","template":"","meta":{"wds_primary_product_brand":0,"wds_primary_product_cat":0},"product_brand":[],"product_cat":[69,70],"product_tag":[],"class_list":{"0":"post-2734","1":"product","2":"type-product","3":"status-publish","4":"has-post-thumbnail","6":"product_cat-maquinas-variadas","7":"product_cat-talladoras-marcadoras-de-metal-grabadoras-laser","8":"product_shipping_class-express","10":"first","11":"instock","12":"sale","13":"taxable","14":"shipping-taxable","15":"purchasable","16":"product-type-simple"},"yoast_head":"<!-- This site is optimized with the Yoast SEO Premium plugin v24.9 (Yoast SEO v26.1) - https:\/\/yoast.com\/wordpress\/plugins\/seo\/ -->\n<title>M\u00e1quina de Grabado L\u00e1ser de CO2 30 x 20 cm - distribuci\u00f3n ARC<\/title>\n<meta name=\"robots\" content=\"index, follow, max-snippet:-1, max-image-preview:large, max-video-preview:-1\" \/>\n<link rel=\"canonical\" href=\"https:\/\/www.distribucionarc.com\/hr\/producto\/maquina-de-grabado-laser-de-co2\/\" \/>\n<meta property=\"og:locale\" content=\"sk_SK\" \/>\n<meta property=\"og:type\" content=\"article\" \/>\n<meta property=\"og:title\" content=\"M\u00e1quina de Grabado L\u00e1ser de CO2 30 x 20 cm\" \/>\n<meta property=\"og:description\" content=\"M\u00e1quina de Grabado L\u00e1ser de CO2 30 x 20 cm Esta m\u00e1quina de marcado integra el movimiento mec\u00e1nico de luz m\u00e1s nuevo del mercado, grabador modal de tres generaciones que le asegurara alta precisi\u00f3n y velocidad. El nuevo grabador l\u00e1ser de CO2 ARCGLCO2 est\u00e1 equipado con un tubo l\u00e1ser de refrigeraci\u00f3n por agua de 40 W, motores de ejecuci\u00f3n paso a paso para una precisi\u00f3n perfecta, panel de control de alta calidad. Emplea un puerto USB para conectarse a su port\u00e1til o PC. El soporte del software est\u00e1 incluido, CorelDraw, esta m\u00e1quina puede funcionar bien con m\u00faltiples formatos gr\u00e1ficos, incluidos EMF \/ JPG \/ PLT \/ WMF.   Garant\u00eda\u00a0ARC 2 A\u00d1OS Grabador l\u00e1ser eficiente, consumo \u2264250W soporte t\u00e9cnico incluido\" \/>\n<meta property=\"og:url\" content=\"https:\/\/www.distribucionarc.com\/hr\/producto\/maquina-de-grabado-laser-de-co2\/\" \/>\n<meta property=\"og:site_name\" content=\"distribuci\u00f3n ARC\" \/>\n<meta property=\"article:modified_time\" content=\"2020-10-09T11:14:52+00:00\" \/>\n<meta property=\"og:image\" content=\"https:\/\/distribucionarc.com\/wp-content\/uploads\/2020\/08\/M\u00e1quina-de-Grabado-L\u00e1ser-de-CO2-0.jpg\" \/>\n\t<meta property=\"og:image:width\" content=\"1600\" \/>\n\t<meta property=\"og:image:height\" content=\"1600\" \/>\n\t<meta property=\"og:image:type\" content=\"image\/jpeg\" \/>\n<meta name=\"twitter:card\" content=\"summary_large_image\" \/>\n<meta name=\"twitter:label1\" content=\"Predpokladan\u00fd \u010das \u010d\u00edtania\" \/>\n\t<meta name=\"twitter:data1\" content=\"2 min\u00faty\" \/>\n<script type=\"application\/ld+json\" class=\"yoast-schema-graph\">{\"@context\":\"https:\/\/schema.org\",\"@graph\":[{\"@type\":\"WebPage\",\"@id\":\"https:\/\/www.distribucionarc.com\/hr\/producto\/maquina-de-grabado-laser-de-co2\/\",\"url\":\"https:\/\/www.distribucionarc.com\/hr\/producto\/maquina-de-grabado-laser-de-co2\/\",\"name\":\"M\u00e1quina de Grabado L\u00e1ser de CO2 30 x 20 cm - distribuci\u00f3n ARC\",\"isPartOf\":{\"@id\":\"https:\/\/www.distribucionarc.com\/de\/#website\"},\"primaryImageOfPage\":{\"@id\":\"https:\/\/www.distribucionarc.com\/hr\/producto\/maquina-de-grabado-laser-de-co2\/#primaryimage\"},\"image\":{\"@id\":\"https:\/\/www.distribucionarc.com\/hr\/producto\/maquina-de-grabado-laser-de-co2\/#primaryimage\"},\"thumbnailUrl\":\"https:\/\/distribucionarc.com\/wp-content\/uploads\/2020\/08\/M\u00e1quina-de-Grabado-L\u00e1ser-de-CO2-0.jpg\",\"datePublished\":\"2020-08-21T10:57:23+00:00\",\"dateModified\":\"2020-10-09T11:14:52+00:00\",\"breadcrumb\":{\"@id\":\"https:\/\/www.distribucionarc.com\/hr\/producto\/maquina-de-grabado-laser-de-co2\/#breadcrumb\"},\"inLanguage\":\"sk-SK\",\"potentialAction\":[{\"@type\":\"ReadAction\",\"target\":[\"https:\/\/www.distribucionarc.com\/hr\/producto\/maquina-de-grabado-laser-de-co2\/\"]}]},{\"@type\":\"ImageObject\",\"inLanguage\":\"sk-SK\",\"@id\":\"https:\/\/www.distribucionarc.com\/hr\/producto\/maquina-de-grabado-laser-de-co2\/#primaryimage\",\"url\":\"https:\/\/distribucionarc.com\/wp-content\/uploads\/2020\/08\/M\u00e1quina-de-Grabado-L\u00e1ser-de-CO2-0.jpg\",\"contentUrl\":\"https:\/\/distribucionarc.com\/wp-content\/uploads\/2020\/08\/M\u00e1quina-de-Grabado-L\u00e1ser-de-CO2-0.jpg\",\"width\":1600,\"height\":1600,\"caption\":\"M\u00e1quina de Grabado L\u00e1ser de CO2\"},{\"@type\":\"BreadcrumbList\",\"@id\":\"https:\/\/www.distribucionarc.com\/hr\/producto\/maquina-de-grabado-laser-de-co2\/#breadcrumb\",\"itemListElement\":[{\"@type\":\"ListItem\",\"position\":1,\"name\":\"Portada\",\"item\":\"https:\/\/www.distribucionarc.com\/en\/\"},{\"@type\":\"ListItem\",\"position\":2,\"name\":\"Products\",\"item\":\"https:\/\/www.distribucionarc.com\/en\/shop\/\"},{\"@type\":\"ListItem\",\"position\":3,\"name\":\"M\u00e1quina de Grabado L\u00e1ser de CO2 30 x 20 cm\"}]},{\"@type\":\"WebSite\",\"@id\":\"https:\/\/www.distribucionarc.com\/de\/#website\",\"url\":\"https:\/\/www.distribucionarc.com\/de\/\",\"name\":\"distribuci\u00f3n ARC\",\"description\":\"Empresa especializada en la fabricaci\u00f3n y distribuci\u00f3n de maquinaria industrial, selladoras de latas, Maquinas de hacer pastillas, Maquinas de cortar carne...\",\"publisher\":{\"@id\":\"https:\/\/www.distribucionarc.com\/de\/#organization\"},\"potentialAction\":[{\"@type\":\"SearchAction\",\"target\":{\"@type\":\"EntryPoint\",\"urlTemplate\":\"https:\/\/www.distribucionarc.com\/de\/?s={search_term_string}\"},\"query-input\":{\"@type\":\"PropertyValueSpecification\",\"valueRequired\":true,\"valueName\":\"search_term_string\"}}],\"inLanguage\":\"sk-SK\"},{\"@type\":\"Organization\",\"@id\":\"https:\/\/www.distribucionarc.com\/de\/#organization\",\"name\":\"Distribuci\u00f3n ARC\",\"url\":\"https:\/\/www.distribucionarc.com\/de\/\",\"logo\":{\"@type\":\"ImageObject\",\"inLanguage\":\"sk-SK\",\"@id\":\"https:\/\/www.distribucionarc.com\/de\/#\/schema\/logo\/image\/\",\"url\":\"https:\/\/distribucionarc.com\/wp-content\/uploads\/2024\/10\/distribucion-ARC-COLOR-SIN-FONDO-e1732295305345.png\",\"contentUrl\":\"https:\/\/distribucionarc.com\/wp-content\/uploads\/2024\/10\/distribucion-ARC-COLOR-SIN-FONDO-e1732295305345.png\",\"width\":1164,\"height\":558,\"caption\":\"Distribuci\u00f3n ARC\"},\"image\":{\"@id\":\"https:\/\/www.distribucionarc.com\/de\/#\/schema\/logo\/image\/\"},\"description\":\"Empresa especializada en la fabricaci\u00f3n y distribuci\u00f3n de maquinaria industrial para los sectores alimentario y farmac\u00e9utico. Nos especializamos en: M\u00e1quinas de cortar carne Fabricaci\u00f3n de comprimidos Sistemas de transporte industrial L\u00edneas de embotellado Dosificadores Y mucho m\u00e1s... Ofrecemos soluciones innovadoras y personalizadas para optimizar los procesos productivos de tu empresa.\",\"email\":\"Admistracion@distribucionarc.com\",\"telephone\":\"+34 643496664\",\"legalName\":\"ARC TECH SOLUTIONS\",\"foundingDate\":\"2024-04-09\",\"vatID\":\"B55480172\",\"numberOfEmployees\":{\"@type\":\"QuantitativeValue\",\"minValue\":\"1\",\"maxValue\":\"10\"}}]}<\/script>\n<!-- \/ Yoast SEO Premium plugin. -->","yoast_head_json":{"title":"CO2 laserov\u00fd grav\u00edrovac\u00ed stroj 30 x 20 cm - ARC rozvod","robots":{"index":"index","follow":"follow","max-snippet":"max-snippet:-1","max-image-preview":"max-image-preview:large","max-video-preview":"max-video-preview:-1"},"canonical":"https:\/\/www.distribucionarc.com\/hr\/producto\/maquina-de-grabado-laser-de-co2\/","og_locale":"sk_SK","og_type":"article","og_title":"M\u00e1quina de Grabado L\u00e1ser de CO2 30 x 20 cm","og_description":"M\u00e1quina de Grabado L\u00e1ser de CO2 30 x 20 cm Esta m\u00e1quina de marcado integra el movimiento mec\u00e1nico de luz m\u00e1s nuevo del mercado, grabador modal de tres generaciones que le asegurara alta precisi\u00f3n y velocidad. El nuevo grabador l\u00e1ser de CO2 ARCGLCO2 est\u00e1 equipado con un tubo l\u00e1ser de refrigeraci\u00f3n por agua de 40 W, motores de ejecuci\u00f3n paso a paso para una precisi\u00f3n perfecta, panel de control de alta calidad. Emplea un puerto USB para conectarse a su port\u00e1til o PC. El soporte del software est\u00e1 incluido, CorelDraw, esta m\u00e1quina puede funcionar bien con m\u00faltiples formatos gr\u00e1ficos, incluidos EMF \/ JPG \/ PLT \/ WMF.   Garant\u00eda\u00a0ARC 2 A\u00d1OS Grabador l\u00e1ser eficiente, consumo \u2264250W soporte t\u00e9cnico incluido","og_url":"https:\/\/www.distribucionarc.com\/hr\/producto\/maquina-de-grabado-laser-de-co2\/","og_site_name":"distribuci\u00f3n ARC","article_modified_time":"2020-10-09T11:14:52+00:00","og_image":[{"width":1600,"height":1600,"url":"https:\/\/distribucionarc.com\/wp-content\/uploads\/2020\/08\/M\u00e1quina-de-Grabado-L\u00e1ser-de-CO2-0.jpg","type":"image\/jpeg"}],"twitter_card":"summary_large_image","twitter_misc":{"Predpokladan\u00fd \u010das \u010d\u00edtania":"2 min\u00faty"},"schema":{"@context":"https:\/\/schema.org","@graph":[{"@type":"WebPage","@id":"https:\/\/www.distribucionarc.com\/hr\/producto\/maquina-de-grabado-laser-de-co2\/","url":"https:\/\/www.distribucionarc.com\/hr\/producto\/maquina-de-grabado-laser-de-co2\/","name":"CO2 laserov\u00fd grav\u00edrovac\u00ed stroj 30 x 20 cm - ARC rozvod","isPartOf":{"@id":"https:\/\/www.distribucionarc.com\/de\/#website"},"primaryImageOfPage":{"@id":"https:\/\/www.distribucionarc.com\/hr\/producto\/maquina-de-grabado-laser-de-co2\/#primaryimage"},"image":{"@id":"https:\/\/www.distribucionarc.com\/hr\/producto\/maquina-de-grabado-laser-de-co2\/#primaryimage"},"thumbnailUrl":"https:\/\/distribucionarc.com\/wp-content\/uploads\/2020\/08\/M\u00e1quina-de-Grabado-L\u00e1ser-de-CO2-0.jpg","datePublished":"2020-08-21T10:57:23+00:00","dateModified":"2020-10-09T11:14:52+00:00","breadcrumb":{"@id":"https:\/\/www.distribucionarc.com\/hr\/producto\/maquina-de-grabado-laser-de-co2\/#breadcrumb"},"inLanguage":"sk-SK","potentialAction":[{"@type":"ReadAction","target":["https:\/\/www.distribucionarc.com\/hr\/producto\/maquina-de-grabado-laser-de-co2\/"]}]},{"@type":"ImageObject","inLanguage":"sk-SK","@id":"https:\/\/www.distribucionarc.com\/hr\/producto\/maquina-de-grabado-laser-de-co2\/#primaryimage","url":"https:\/\/distribucionarc.com\/wp-content\/uploads\/2020\/08\/M\u00e1quina-de-Grabado-L\u00e1ser-de-CO2-0.jpg","contentUrl":"https:\/\/distribucionarc.com\/wp-content\/uploads\/2020\/08\/M\u00e1quina-de-Grabado-L\u00e1ser-de-CO2-0.jpg","width":1600,"height":1600,"caption":"M\u00e1quina de Grabado L\u00e1ser de CO2"},{"@type":"BreadcrumbList","@id":"https:\/\/www.distribucionarc.com\/hr\/producto\/maquina-de-grabado-laser-de-co2\/#breadcrumb","itemListElement":[{"@type":"ListItem","position":1,"name":"Portada","item":"https:\/\/www.distribucionarc.com\/en\/"},{"@type":"ListItem","position":2,"name":"Products","item":"https:\/\/www.distribucionarc.com\/en\/shop\/"},{"@type":"ListItem","position":3,"name":"M\u00e1quina de Grabado L\u00e1ser de CO2 30 x 20 cm"}]},{"@type":"WebSite","@id":"https:\/\/www.distribucionarc.com\/de\/#website","url":"https:\/\/www.distribucionarc.com\/de\/","name":"ARC distrib\u00facia","description":"Spolo\u010dnos\u0165 sa \u0161pecializuje na v\u00fdrobu a distrib\u00faciu priemyseln\u00fdch strojov, strojov na uzatv\u00e1ranie plechoviek, strojov na v\u00fdrobu tabliet, strojov na porciovanie m\u00e4sa...","publisher":{"@id":"https:\/\/www.distribucionarc.com\/de\/#organization"},"potentialAction":[{"@type":"SearchAction","target":{"@type":"EntryPoint","urlTemplate":"https:\/\/www.distribucionarc.com\/de\/?s={search_term_string}"},"query-input":{"@type":"PropertyValueSpecification","valueRequired":true,"valueName":"search_term_string"}}],"inLanguage":"sk-SK"},{"@type":"Organization","@id":"https:\/\/www.distribucionarc.com\/de\/#organization","name":"Distrib\u00facia ARC","url":"https:\/\/www.distribucionarc.com\/de\/","logo":{"@type":"ImageObject","inLanguage":"sk-SK","@id":"https:\/\/www.distribucionarc.com\/de\/#\/schema\/logo\/image\/","url":"https:\/\/distribucionarc.com\/wp-content\/uploads\/2024\/10\/distribucion-ARC-COLOR-SIN-FONDO-e1732295305345.png","contentUrl":"https:\/\/distribucionarc.com\/wp-content\/uploads\/2024\/10\/distribucion-ARC-COLOR-SIN-FONDO-e1732295305345.png","width":1164,"height":558,"caption":"Distribuci\u00f3n ARC"},"image":{"@id":"https:\/\/www.distribucionarc.com\/de\/#\/schema\/logo\/image\/"},"description":"Spolo\u010dnos\u0165 \u0161pecializuj\u00faca sa na v\u00fdrobu a distrib\u00faciu priemyseln\u00fdch strojov pre potravin\u00e1rsky a farmaceutick\u00fd sektor. \u0160pecializujeme sa na: Stroje na kr\u00e1janie m\u00e4sa V\u00fdroba tabliet Priemyseln\u00e9 dopravn\u00e9 syst\u00e9my D\u00e1vkova\u010de na f\u013ea\u0161e A ove\u013ea viac... Pon\u00fakame inovat\u00edvne a prisp\u00f4soben\u00e9 rie\u0161enia na optimaliz\u00e1ciu v\u00fdrobn\u00fdch procesov va\u0161ej spolo\u010dnosti.","email":"Admistracion@distribucionarc.com","telephone":"+34 643496664","legalName":"ARC TECH SOLUTIONS","foundingDate":"2024-04-09","vatID":"B55480172","numberOfEmployees":{"@type":"QuantitativeValue","minValue":"1","maxValue":"10"}}]}},"_links":{"self":[{"href":"https:\/\/distribucionarc.com\/sk\/wp-json\/wp\/v2\/product\/2734","targetHints":{"allow":["GET"]}}],"collection":[{"href":"https:\/\/distribucionarc.com\/sk\/wp-json\/wp\/v2\/product"}],"about":[{"href":"https:\/\/distribucionarc.com\/sk\/wp-json\/wp\/v2\/types\/product"}],"replies":[{"embeddable":true,"href":"https:\/\/distribucionarc.com\/sk\/wp-json\/wp\/v2\/comments?post=2734"}],"version-history":[{"count":0,"href":"https:\/\/distribucionarc.com\/sk\/wp-json\/wp\/v2\/product\/2734\/revisions"}],"wp:featuredmedia":[{"embeddable":true,"href":"https:\/\/distribucionarc.com\/sk\/wp-json\/wp\/v2\/media\/2741"}],"wp:attachment":[{"href":"https:\/\/distribucionarc.com\/sk\/wp-json\/wp\/v2\/media?parent=2734"}],"wp:term":[{"taxonomy":"product_brand","embeddable":true,"href":"https:\/\/distribucionarc.com\/sk\/wp-json\/wp\/v2\/product_brand?post=2734"},{"taxonomy":"product_cat","embeddable":true,"href":"https:\/\/distribucionarc.com\/sk\/wp-json\/wp\/v2\/product_cat?post=2734"},{"taxonomy":"product_tag","embeddable":true,"href":"https:\/\/distribucionarc.com\/sk\/wp-json\/wp\/v2\/product_tag?post=2734"}],"curies":[{"name":"pracovn\u00fd list","href":"https:\/\/api.w.org\/{rel}","templated":true}]}}