{"id":2747,"date":"2020-08-21T11:23:47","date_gmt":"2020-08-21T11:23:47","guid":{"rendered":"https:\/\/distribucionarc.com\/?post_type=product&#038;p=2747"},"modified":"2020-10-09T10:45:53","modified_gmt":"2020-10-09T10:45:53","slug":"co2-laserovy-gravirovaci-a-rezaci-stroj","status":"publish","type":"product","link":"https:\/\/distribucionarc.com\/sk\/producto\/maquina-de-grabado-y-cortado-laser-de-co2\/","title":{"rendered":"CO2 laserov\u00fd grav\u00edrovac\u00ed a rezac\u00ed stroj pre tes\u00e1rstvo 30 x 20"},"content":{"rendered":"<h3><strong>CO2 laserov\u00fd grav\u00edrovac\u00ed a rezac\u00ed stroj pre tes\u00e1rstvo<\/strong><\/h3>\n<p>Vysoko presn\u00e1 laserov\u00e1 hlava\u00a0<strong>zna\u010dkovac\u00ed stroj<span style=\"color: #ff0000;\">\u00a0TO<\/span><span style=\"color: #0000ff;\">R<\/span>c<\/strong>, s vysokou kvalitou, spo\u013eahliv\u00fdm v\u00fdkonom a odolnos\u0165ou, zlep\u0161uje presnos\u0165 a v\u00fdkon grav\u00edrovania. Vysoko presn\u00e9 lo\u017eisk\u00e1 a tlmiace p\u00e1sy robia grav\u00edrovanie presnej\u0161\u00edm a tie\u017e <strong>trvanlivos\u0165 stroja<\/strong> by\u0165 <strong>dvakr\u00e1t alebo trikr\u00e1t dlh\u0161ie ako pri konven\u010dnom CO2 laserovom grav\u00edrova\u010di<\/strong><\/p>\n<p>M\u00e1 vyp\u00edna\u010d, laserov\u00fd vyp\u00edna\u010d, testovac\u00ed vyp\u00edna\u010d, regul\u00e1ciu pr\u00fadu a indik\u00e1ciu pr\u00fadu na ovl\u00e1dacej doske pre intuit\u00edvnej\u0161ie a pohodlnej\u0161ie ovl\u00e1danie grav\u00edrovania. S\u00fa\u010das\u0165ou balenia je ods\u00e1va\u010d r\u00farok, odvzdu\u0161\u0148ova\u010d a ventil\u00e1tor, ktor\u00e9 efekt\u00edvne zni\u017euj\u00fa teplotu v\u0161etk\u00fdch elektronick\u00fdch komponentov a t\u00fdm predl\u017euj\u00fa ich \u017eivotnos\u0165<\/p>\n<p>Vyu\u017e\u00edva USB port pre pohodln\u00e9 pripojenie k PC alebo notebooku, pre presnej\u0161ie a lep\u0161ie ovl\u00e1danie grav\u00edrovania Tento stroj je kompatibiln\u00fd so v\u0161etk\u00fdmi modelmi tla\u010diarn\u00ed a skenerov. Podpora medzin\u00e1rodn\u00fdch \u0161tandardn\u00fdch p\u00edsiem TIF a BMP\/JPG\/JPEG\/WMF\/EMF\/PLT. Okrem toho, <strong>laserov\u00fd grav\u00edrova\u010d\u00a0<span style=\"color: #ff0000;\">TO<\/span><span style=\"color: #0000ff;\">R<\/span>CGCLP40 <\/strong>je vybaven\u00fd a\u00a0<strong>krokov\u00fd motor<\/strong>\u00a0Vysok\u00e1 presnos\u0165, efekt\u00edvna a stabiln\u00e1, dosiahnutie presnej\u0161ieho grav\u00edrovania.<\/p>\n<h6><strong>Z\u00e1ruka\u00a0<span style=\"color: #ff0000;\">TO<\/span><span style=\"color: #0000ff;\">R<\/span>C 2 ROKY<\/strong><\/h6>\n<h6><span style=\"color: #008000;\">V\u00fdkonn\u00fd laserov\u00fd grav\u00edrova\u010d, spotreba \u2264280W<\/span><\/h6>\n<h6><strong>vr\u00e1tane technickej podpory<\/strong><\/h6>\n<p>&nbsp;<\/p>\n<hr \/>\n<ul>\n<li><strong>V\u00fdkon lasera: 40W<\/strong><\/li>\n<li><strong>Typ lasera: CO2 plyn<\/strong><\/li>\n<li><strong>Pr\u00fad: 0 ~ 22 mA<\/strong><\/li>\n<li><strong>Sp\u00fa\u0161\u0165acie nap\u00e4tie trubice: 20 kV<\/strong><\/li>\n<li><strong>Prev\u00e1dzkov\u00e9 nap\u00e4tie trubice: 15 kV<\/strong><\/li>\n<li><strong>Plocha grav\u00edrovania: 300 x 200 mm<\/strong><\/li>\n<li><strong>Certifik\u00e1ty: CE<\/strong><\/li>\n<li><strong>Typ motora: krokov\u00fd motor<\/strong><\/li>\n<li><strong>Spotreba energie: \u2264250W<\/strong><\/li>\n<li><strong>Rozhranie k po\u010d\u00edta\u010du: USB port<\/strong><\/li>\n<li><strong>Re\u017eim chladenia: vodn\u00e9 chladenie (vr\u00e1tane vodn\u00e9ho \u010derpadla)<\/strong><\/li>\n<li><strong>Laserov\u00e1 trubica (\u017eivotnos\u0165): 1000-1300 hod\u00edn<\/strong><\/li>\n<li><strong>R\u00fdchlos\u0165 grav\u00edrovania: 0 \u2013 500 mm\/s (0 \u2013 19,68 palcov\/s)<\/strong><\/li>\n<li><strong>Rezn\u00e1 r\u00fdchlos\u0165: 0-400 mm\/s (0-15,74 in\/s)<\/strong><\/li>\n<li><strong>Pomer rozl\u00ed\u0161enia: (0,026 mm)<\/strong><\/li>\n<li><strong>Reset polohy: \u22640,01 mm<\/strong><\/li>\n<li><strong>Podporovan\u00e9 grafick\u00e9 form\u00e1ty: BMP \/ JPG \/ JPEG \/ WMF \/ EMF \/ PLT<\/strong><\/li>\n<li><strong>Rozmery produktu: 850x500x300mm<\/strong><\/li>\n<li><strong>Hmotnos\u0165 produktu: 30 kg (prepravn\u00e9 38 kg)<\/strong><\/li>\n<\/ul>","protected":false},"excerpt":{"rendered":"<h2><strong>CO2 laserov\u00fd grav\u00edrovac\u00ed a rezac\u00ed stroj pre tes\u00e1rstvo\u00a0<\/strong><\/h2>\n<p>Toto\u00a0<strong>zna\u010dkovac\u00ed stroj<\/strong>\u00a0integruje najnov\u0161\u00ed \u013eahk\u00fd mechanick\u00fd stroj\u010dek na trhu, trojgenera\u010dn\u00fd mod\u00e1lny rekord\u00e9r, ktor\u00fd v\u00e1s zaist\u00ed\u00a0<strong>vysok\u00e1 presnos\u0165 a r\u00fdchlos\u0165<\/strong>. Nov\u00e9\u00a0<strong>laserov\u00fd grav\u00edrova\u010d<\/strong>\u00a0<strong><span style=\"color: #ff0000;\">TO<\/span><span style=\"color: #0000ff;\">R<\/span>CGCLP40 <\/strong>M\u00e1 lo\u017eisk\u00e1 a polstrovan\u00e9 popruhy z <strong>vysok\u00e1 presnos\u0165<\/strong><span style=\"font-size: 16px;\">\u00a0Spres\u0148uj\u00fa grav\u00edrovanie, robia aj<\/span><strong style=\"font-size: 16px;\"> \u017eivotnos\u0165 stroja je dvakr\u00e1t alebo trikr\u00e1t dlh\u0161ia<\/strong><span style=\"font-size: 16px;\"> ne\u017e konven\u010dn\u00fd CO2 laserov\u00fd grav\u00edrova\u010d.<\/span><span style=\"font-size: 16px;\">Vysoko kvalitn\u00fd ovl\u00e1dac\u00ed panel. Na pripojenie k notebooku alebo PC vyu\u017e\u00edva USB port. Podpora z <strong>softv\u00e9r<\/strong> toto <strong>vr\u00e1tane CorelDraw<\/strong>.<\/span><\/p>\n<h6><strong>Z\u00e1ruka\u00a0<span style=\"color: #ff0000;\">TO<\/span><span style=\"color: #0000ff;\">R<\/span>C 2 ROKY<\/strong><\/h6>\n<h6><span style=\"color: #008000;\">V\u00fdkonn\u00fd laserov\u00fd grav\u00edrova\u010d, spotreba \u2264280W<\/span><\/h6>\n<h6><strong>vr\u00e1tane technickej podpory<\/strong><\/h6>","protected":false},"featured_media":2759,"comment_status":"open","ping_status":"closed","template":"","meta":{"wds_primary_product_brand":0,"wds_primary_product_cat":0},"product_brand":[],"product_cat":[69,70],"product_tag":[],"class_list":{"0":"post-2747","1":"product","2":"type-product","3":"status-publish","4":"has-post-thumbnail","6":"product_cat-maquinas-variadas","7":"product_cat-talladoras-marcadoras-de-metal-grabadoras-laser","8":"product_shipping_class-express","10":"first","11":"instock","12":"sale","13":"taxable","14":"shipping-taxable","15":"purchasable","16":"product-type-simple"},"yoast_head":"<!-- This site is optimized with the Yoast SEO Premium plugin v24.9 (Yoast SEO v26.1) - https:\/\/yoast.com\/wordpress\/plugins\/seo\/ -->\n<title>M\u00e1quina de Grabado y Cortado L\u00e1ser\u00a0de CO2 carpinteria 30 x 20 - distribuci\u00f3n ARC<\/title>\n<meta name=\"robots\" content=\"index, follow, max-snippet:-1, max-image-preview:large, max-video-preview:-1\" \/>\n<link rel=\"canonical\" href=\"https:\/\/distribucionarc.com\/sk\/produktov\/co2-laserovy-gravirovaci-a-rezaci-stroj\/\" \/>\n<meta property=\"og:locale\" content=\"sk_SK\" \/>\n<meta property=\"og:type\" content=\"article\" \/>\n<meta property=\"og:title\" content=\"M\u00e1quina de Grabado y Cortado L\u00e1ser\u00a0de CO2 carpinteria 30 x 20\" \/>\n<meta property=\"og:description\" content=\"M\u00e1quina de Grabado y Cortado L\u00e1ser de CO2 carpinteria\u00a0 Esta\u00a0m\u00e1quina de marcado\u00a0integra el movimiento mec\u00e1nico de luz m\u00e1s nuevo del mercado, grabador modal de tres generaciones que le asegurara\u00a0alta precisi\u00f3n y velocidad. El nuevo\u00a0grabador l\u00e1ser\u00a0ARCGCLP40 cuenta con rodamientos y correas de acolchado de alta precisi\u00f3n\u00a0hacen que el grabado sea m\u00e1s preciso, tambi\u00e9n consiguen que la durabilidad de la m\u00e1quina sea dos o tres veces m\u00e1s larga que la de un grabador l\u00e1ser de CO2 convencional.panel de control de alta calidad. Emplea un puerto USB para conectarse a su port\u00e1til o PC. El soporte del software est\u00e1 incluido, CorelDraw. Garant\u00eda\u00a0ARC 2 A\u00d1OS Grabador l\u00e1ser eficiente, consumo \u2264280W soporte t\u00e9cnico incluido\" \/>\n<meta property=\"og:url\" content=\"https:\/\/distribucionarc.com\/sk\/produktov\/co2-laserovy-gravirovaci-a-rezaci-stroj\/\" \/>\n<meta property=\"og:site_name\" content=\"distribuci\u00f3n ARC\" \/>\n<meta property=\"article:modified_time\" content=\"2020-10-09T10:45:53+00:00\" \/>\n<meta property=\"og:image\" content=\"https:\/\/distribucionarc.com\/wp-content\/uploads\/2020\/08\/Maquina-de-Grabado-y-Cortado-Laser-de-CO2-5.jpg\" \/>\n\t<meta property=\"og:image:width\" content=\"1600\" \/>\n\t<meta property=\"og:image:height\" content=\"1600\" \/>\n\t<meta property=\"og:image:type\" content=\"image\/jpeg\" \/>\n<meta name=\"twitter:card\" content=\"summary_large_image\" \/>\n<meta name=\"twitter:label1\" content=\"Predpokladan\u00fd \u010das \u010d\u00edtania\" \/>\n\t<meta name=\"twitter:data1\" content=\"2 min\u00faty\" \/>\n<script type=\"application\/ld+json\" class=\"yoast-schema-graph\">{\"@context\":\"https:\/\/schema.org\",\"@graph\":[{\"@type\":\"WebPage\",\"@id\":\"https:\/\/distribucionarc.com\/producto\/maquina-de-grabado-y-cortado-laser-de-co2\/\",\"url\":\"https:\/\/distribucionarc.com\/producto\/maquina-de-grabado-y-cortado-laser-de-co2\/\",\"name\":\"M\u00e1quina de Grabado y Cortado L\u00e1ser\u00a0de CO2 carpinteria 30 x 20 - distribuci\u00f3n ARC\",\"isPartOf\":{\"@id\":\"https:\/\/www.distribucionarc.com\/tr\/#website\"},\"primaryImageOfPage\":{\"@id\":\"https:\/\/distribucionarc.com\/producto\/maquina-de-grabado-y-cortado-laser-de-co2\/#primaryimage\"},\"image\":{\"@id\":\"https:\/\/distribucionarc.com\/producto\/maquina-de-grabado-y-cortado-laser-de-co2\/#primaryimage\"},\"thumbnailUrl\":\"https:\/\/distribucionarc.com\/wp-content\/uploads\/2020\/08\/Maquina-de-Grabado-y-Cortado-Laser-de-CO2-5.jpg\",\"datePublished\":\"2020-08-21T11:23:47+00:00\",\"dateModified\":\"2020-10-09T10:45:53+00:00\",\"breadcrumb\":{\"@id\":\"https:\/\/distribucionarc.com\/producto\/maquina-de-grabado-y-cortado-laser-de-co2\/#breadcrumb\"},\"inLanguage\":\"sk-SK\",\"potentialAction\":[{\"@type\":\"ReadAction\",\"target\":[\"https:\/\/distribucionarc.com\/producto\/maquina-de-grabado-y-cortado-laser-de-co2\/\"]}]},{\"@type\":\"ImageObject\",\"inLanguage\":\"sk-SK\",\"@id\":\"https:\/\/distribucionarc.com\/producto\/maquina-de-grabado-y-cortado-laser-de-co2\/#primaryimage\",\"url\":\"https:\/\/distribucionarc.com\/wp-content\/uploads\/2020\/08\/Maquina-de-Grabado-y-Cortado-Laser-de-CO2-5.jpg\",\"contentUrl\":\"https:\/\/distribucionarc.com\/wp-content\/uploads\/2020\/08\/Maquina-de-Grabado-y-Cortado-Laser-de-CO2-5.jpg\",\"width\":1600,\"height\":1600,\"caption\":\"M\u00e1quina de Grabado y Cortado L\u00e1ser\u00a0de CO2\"},{\"@type\":\"BreadcrumbList\",\"@id\":\"https:\/\/distribucionarc.com\/producto\/maquina-de-grabado-y-cortado-laser-de-co2\/#breadcrumb\",\"itemListElement\":[{\"@type\":\"ListItem\",\"position\":1,\"name\":\"Portada\",\"item\":\"https:\/\/www.distribucionarc.com\/tr\/\"},{\"@type\":\"ListItem\",\"position\":2,\"name\":\"Produktai\",\"item\":\"https:\/\/distribucionarc.com\/lt\/parduotuve\/\"},{\"@type\":\"ListItem\",\"position\":3,\"name\":\"M\u00e1quina de Grabado y Cortado L\u00e1ser\u00a0de CO2 carpinteria 30 x 20\"}]},{\"@type\":\"WebSite\",\"@id\":\"https:\/\/www.distribucionarc.com\/tr\/#website\",\"url\":\"https:\/\/www.distribucionarc.com\/tr\/\",\"name\":\"distribuci\u00f3n ARC\",\"description\":\"Empresa especializada en la fabricaci\u00f3n y distribuci\u00f3n de maquinaria industrial, selladoras de latas, Maquinas de hacer pastillas, Maquinas de cortar carne...\",\"publisher\":{\"@id\":\"https:\/\/www.distribucionarc.com\/tr\/#organization\"},\"potentialAction\":[{\"@type\":\"SearchAction\",\"target\":{\"@type\":\"EntryPoint\",\"urlTemplate\":\"https:\/\/www.distribucionarc.com\/tr\/?s={search_term_string}\"},\"query-input\":{\"@type\":\"PropertyValueSpecification\",\"valueRequired\":true,\"valueName\":\"search_term_string\"}}],\"inLanguage\":\"sk-SK\"},{\"@type\":\"Organization\",\"@id\":\"https:\/\/www.distribucionarc.com\/tr\/#organization\",\"name\":\"Distribuci\u00f3n ARC\",\"url\":\"https:\/\/www.distribucionarc.com\/tr\/\",\"logo\":{\"@type\":\"ImageObject\",\"inLanguage\":\"sk-SK\",\"@id\":\"https:\/\/www.distribucionarc.com\/tr\/#\/schema\/logo\/image\/\",\"url\":\"https:\/\/distribucionarc.com\/wp-content\/uploads\/2024\/10\/distribucion-ARC-COLOR-SIN-FONDO-e1732295305345.png\",\"contentUrl\":\"https:\/\/distribucionarc.com\/wp-content\/uploads\/2024\/10\/distribucion-ARC-COLOR-SIN-FONDO-e1732295305345.png\",\"width\":1164,\"height\":558,\"caption\":\"Distribuci\u00f3n ARC\"},\"image\":{\"@id\":\"https:\/\/www.distribucionarc.com\/tr\/#\/schema\/logo\/image\/\"},\"description\":\"Empresa especializada en la fabricaci\u00f3n y distribuci\u00f3n de maquinaria industrial para los sectores alimentario y farmac\u00e9utico. Nos especializamos en: M\u00e1quinas de cortar carne Fabricaci\u00f3n de comprimidos Sistemas de transporte industrial L\u00edneas de embotellado Dosificadores Y mucho m\u00e1s... Ofrecemos soluciones innovadoras y personalizadas para optimizar los procesos productivos de tu empresa.\",\"email\":\"Admistracion@distribucionarc.com\",\"telephone\":\"+34 643496664\",\"legalName\":\"ARC TECH SOLUTIONS\",\"foundingDate\":\"2024-04-09\",\"vatID\":\"B55480172\",\"numberOfEmployees\":{\"@type\":\"QuantitativeValue\",\"minValue\":\"1\",\"maxValue\":\"10\"}}]}<\/script>\n<!-- \/ Yoast SEO Premium plugin. -->","yoast_head_json":{"title":"CO2 laserov\u00fd grav\u00edrovac\u00ed a rezac\u00ed stroj stol\u00e1rsky 30 x 20 - ARC rozvod","robots":{"index":"index","follow":"follow","max-snippet":"max-snippet:-1","max-image-preview":"max-image-preview:large","max-video-preview":"max-video-preview:-1"},"canonical":"https:\/\/distribucionarc.com\/sk\/produktov\/co2-laserovy-gravirovaci-a-rezaci-stroj\/","og_locale":"sk_SK","og_type":"article","og_title":"M\u00e1quina de Grabado y Cortado L\u00e1ser\u00a0de CO2 carpinteria 30 x 20","og_description":"M\u00e1quina de Grabado y Cortado L\u00e1ser de CO2 carpinteria\u00a0 Esta\u00a0m\u00e1quina de marcado\u00a0integra el movimiento mec\u00e1nico de luz m\u00e1s nuevo del mercado, grabador modal de tres generaciones que le asegurara\u00a0alta precisi\u00f3n y velocidad. El nuevo\u00a0grabador l\u00e1ser\u00a0ARCGCLP40 cuenta con rodamientos y correas de acolchado de alta precisi\u00f3n\u00a0hacen que el grabado sea m\u00e1s preciso, tambi\u00e9n consiguen que la durabilidad de la m\u00e1quina sea dos o tres veces m\u00e1s larga que la de un grabador l\u00e1ser de CO2 convencional.panel de control de alta calidad. Emplea un puerto USB para conectarse a su port\u00e1til o PC. El soporte del software est\u00e1 incluido, CorelDraw. Garant\u00eda\u00a0ARC 2 A\u00d1OS Grabador l\u00e1ser eficiente, consumo \u2264280W soporte t\u00e9cnico incluido","og_url":"https:\/\/distribucionarc.com\/sk\/produktov\/co2-laserovy-gravirovaci-a-rezaci-stroj\/","og_site_name":"distribuci\u00f3n ARC","article_modified_time":"2020-10-09T10:45:53+00:00","og_image":[{"width":1600,"height":1600,"url":"https:\/\/distribucionarc.com\/wp-content\/uploads\/2020\/08\/Maquina-de-Grabado-y-Cortado-Laser-de-CO2-5.jpg","type":"image\/jpeg"}],"twitter_card":"summary_large_image","twitter_misc":{"Predpokladan\u00fd \u010das \u010d\u00edtania":"2 min\u00faty"},"schema":{"@context":"https:\/\/schema.org","@graph":[{"@type":"WebPage","@id":"https:\/\/distribucionarc.com\/producto\/maquina-de-grabado-y-cortado-laser-de-co2\/","url":"https:\/\/distribucionarc.com\/producto\/maquina-de-grabado-y-cortado-laser-de-co2\/","name":"CO2 laserov\u00fd grav\u00edrovac\u00ed a rezac\u00ed stroj stol\u00e1rsky 30 x 20 - ARC rozvod","isPartOf":{"@id":"https:\/\/www.distribucionarc.com\/tr\/#website"},"primaryImageOfPage":{"@id":"https:\/\/distribucionarc.com\/producto\/maquina-de-grabado-y-cortado-laser-de-co2\/#primaryimage"},"image":{"@id":"https:\/\/distribucionarc.com\/producto\/maquina-de-grabado-y-cortado-laser-de-co2\/#primaryimage"},"thumbnailUrl":"https:\/\/distribucionarc.com\/wp-content\/uploads\/2020\/08\/Maquina-de-Grabado-y-Cortado-Laser-de-CO2-5.jpg","datePublished":"2020-08-21T11:23:47+00:00","dateModified":"2020-10-09T10:45:53+00:00","breadcrumb":{"@id":"https:\/\/distribucionarc.com\/producto\/maquina-de-grabado-y-cortado-laser-de-co2\/#breadcrumb"},"inLanguage":"sk-SK","potentialAction":[{"@type":"ReadAction","target":["https:\/\/distribucionarc.com\/producto\/maquina-de-grabado-y-cortado-laser-de-co2\/"]}]},{"@type":"ImageObject","inLanguage":"sk-SK","@id":"https:\/\/distribucionarc.com\/producto\/maquina-de-grabado-y-cortado-laser-de-co2\/#primaryimage","url":"https:\/\/distribucionarc.com\/wp-content\/uploads\/2020\/08\/Maquina-de-Grabado-y-Cortado-Laser-de-CO2-5.jpg","contentUrl":"https:\/\/distribucionarc.com\/wp-content\/uploads\/2020\/08\/Maquina-de-Grabado-y-Cortado-Laser-de-CO2-5.jpg","width":1600,"height":1600,"caption":"M\u00e1quina de Grabado y Cortado L\u00e1ser\u00a0de CO2"},{"@type":"BreadcrumbList","@id":"https:\/\/distribucionarc.com\/producto\/maquina-de-grabado-y-cortado-laser-de-co2\/#breadcrumb","itemListElement":[{"@type":"ListItem","position":1,"name":"Portada","item":"https:\/\/www.distribucionarc.com\/tr\/"},{"@type":"ListItem","position":2,"name":"Produktai","item":"https:\/\/distribucionarc.com\/lt\/parduotuve\/"},{"@type":"ListItem","position":3,"name":"M\u00e1quina de Grabado y Cortado L\u00e1ser\u00a0de CO2 carpinteria 30 x 20"}]},{"@type":"WebSite","@id":"https:\/\/www.distribucionarc.com\/tr\/#website","url":"https:\/\/www.distribucionarc.com\/tr\/","name":"ARC distrib\u00facia","description":"Spolo\u010dnos\u0165 sa \u0161pecializuje na v\u00fdrobu a distrib\u00faciu priemyseln\u00fdch strojov, strojov na uzatv\u00e1ranie plechoviek, strojov na v\u00fdrobu tabliet, strojov na porciovanie m\u00e4sa...","publisher":{"@id":"https:\/\/www.distribucionarc.com\/tr\/#organization"},"potentialAction":[{"@type":"SearchAction","target":{"@type":"EntryPoint","urlTemplate":"https:\/\/www.distribucionarc.com\/tr\/?s={search_term_string}"},"query-input":{"@type":"PropertyValueSpecification","valueRequired":true,"valueName":"search_term_string"}}],"inLanguage":"sk-SK"},{"@type":"Organization","@id":"https:\/\/www.distribucionarc.com\/tr\/#organization","name":"Distrib\u00facia ARC","url":"https:\/\/www.distribucionarc.com\/tr\/","logo":{"@type":"ImageObject","inLanguage":"sk-SK","@id":"https:\/\/www.distribucionarc.com\/tr\/#\/schema\/logo\/image\/","url":"https:\/\/distribucionarc.com\/wp-content\/uploads\/2024\/10\/distribucion-ARC-COLOR-SIN-FONDO-e1732295305345.png","contentUrl":"https:\/\/distribucionarc.com\/wp-content\/uploads\/2024\/10\/distribucion-ARC-COLOR-SIN-FONDO-e1732295305345.png","width":1164,"height":558,"caption":"Distribuci\u00f3n ARC"},"image":{"@id":"https:\/\/www.distribucionarc.com\/tr\/#\/schema\/logo\/image\/"},"description":"Spolo\u010dnos\u0165 \u0161pecializuj\u00faca sa na v\u00fdrobu a distrib\u00faciu priemyseln\u00fdch strojov pre potravin\u00e1rsky a farmaceutick\u00fd sektor. \u0160pecializujeme sa na: Stroje na kr\u00e1janie m\u00e4sa V\u00fdroba tabliet Priemyseln\u00e9 dopravn\u00e9 syst\u00e9my D\u00e1vkova\u010de na f\u013ea\u0161e A ove\u013ea viac... Pon\u00fakame inovat\u00edvne a prisp\u00f4soben\u00e9 rie\u0161enia na optimaliz\u00e1ciu v\u00fdrobn\u00fdch procesov va\u0161ej spolo\u010dnosti.","email":"Admistracion@distribucionarc.com","telephone":"+34 643496664","legalName":"ARC TECH SOLUTIONS","foundingDate":"2024-04-09","vatID":"B55480172","numberOfEmployees":{"@type":"QuantitativeValue","minValue":"1","maxValue":"10"}}]}},"_links":{"self":[{"href":"https:\/\/distribucionarc.com\/sk\/wp-json\/wp\/v2\/product\/2747","targetHints":{"allow":["GET"]}}],"collection":[{"href":"https:\/\/distribucionarc.com\/sk\/wp-json\/wp\/v2\/product"}],"about":[{"href":"https:\/\/distribucionarc.com\/sk\/wp-json\/wp\/v2\/types\/product"}],"replies":[{"embeddable":true,"href":"https:\/\/distribucionarc.com\/sk\/wp-json\/wp\/v2\/comments?post=2747"}],"version-history":[{"count":0,"href":"https:\/\/distribucionarc.com\/sk\/wp-json\/wp\/v2\/product\/2747\/revisions"}],"wp:featuredmedia":[{"embeddable":true,"href":"https:\/\/distribucionarc.com\/sk\/wp-json\/wp\/v2\/media\/2759"}],"wp:attachment":[{"href":"https:\/\/distribucionarc.com\/sk\/wp-json\/wp\/v2\/media?parent=2747"}],"wp:term":[{"taxonomy":"product_brand","embeddable":true,"href":"https:\/\/distribucionarc.com\/sk\/wp-json\/wp\/v2\/product_brand?post=2747"},{"taxonomy":"product_cat","embeddable":true,"href":"https:\/\/distribucionarc.com\/sk\/wp-json\/wp\/v2\/product_cat?post=2747"},{"taxonomy":"product_tag","embeddable":true,"href":"https:\/\/distribucionarc.com\/sk\/wp-json\/wp\/v2\/product_tag?post=2747"}],"curies":[{"name":"pracovn\u00fd list","href":"https:\/\/api.w.org\/{rel}","templated":true}]}}