{"id":2762,"date":"2020-08-21T12:50:21","date_gmt":"2020-08-21T12:50:21","guid":{"rendered":"https:\/\/distribucionarc.com\/?post_type=product&#038;p=2762"},"modified":"2020-10-10T14:56:57","modified_gmt":"2020-10-10T14:56:57","slug":"co2-laser-gravirovanie-stroj-dsp-ovladanie","status":"publish","type":"product","link":"https:\/\/distribucionarc.com\/sk\/producto\/maquina-de-grabado-laser-de-co2-control-dsp\/","title":{"rendered":"CO2 laserov\u00fd grav\u00edrovac\u00ed stroj DSP ovl\u00e1danie 70 x 50 cm"},"content":{"rendered":"<h2><strong>CO2 laserov\u00fd grav\u00edrovac\u00ed stroj DSP ovl\u00e1danie 70 x 50 cm<\/strong><\/h2>\n<p>Vysoko presn\u00e1 laserov\u00e1 hlava\u00a0<strong>zna\u010dkovac\u00ed stroj\u00a0<span style=\"color: #ff0000;\">TO<\/span><span style=\"color: #0000ff;\">R<\/span>c<\/strong>, s vysokou kvalitou, spo\u013eahliv\u00fdm v\u00fdkonom a odolnos\u0165ou, zlep\u0161uje presnos\u0165 a v\u00fdkon grav\u00edrovania. Prija\u0165 pokro\u010dil\u00fd<strong>\u00a0CO2 laserov\u00e1 trubica<\/strong>\u00a0Tretia gener\u00e1cia s vysok\u00fdm v\u00fdkonom a r\u00fdchlos\u0165ou. \u017divotnos\u0165 tejto laserovej trubice je a\u017e 1000-1300 hod\u00edn.<\/p>\n<p>M\u00e1 inteligentn\u00fd panel dostupn\u00fd v nieko\u013ek\u00fdch jazykoch s indik\u00e1ciou pr\u00fadu na ovl\u00e1dacom paneli pre intuit\u00edvnej\u0161ie a pohodlnej\u0161ie ovl\u00e1danie grav\u00edrovania. S\u00fa\u010das\u0165ou balenia je ods\u00e1va\u010d r\u00farok, odvzdu\u0161\u0148ova\u010d a ventil\u00e1tor, ktor\u00e9 efekt\u00edvne zni\u017euj\u00fa teplotu v\u0161etk\u00fdch elektronick\u00fdch komponentov a t\u00fdm predl\u017euj\u00fa ich \u017eivotnos\u0165<\/p>\n<p>Vyu\u017e\u00edva USB port pre pohodln\u00e9 pripojenie k PC alebo notebooku, pre lep\u0161ie a presnej\u0161ie ovl\u00e1danie grav\u00edrovania. Okrem toho,\u00a0<strong>laserov\u00fd grav\u00edrova\u010d <span style=\"color: #ff0000;\">TO<\/span><span style=\"color: #0000ff;\">R<\/span>CGLCO80<\/strong>\u00a0je vybaven\u00fd a\u00a0<strong>krokov\u00fd motor<\/strong>\u00a0Vysok\u00e1 presnos\u0165, efekt\u00edvna a stabiln\u00e1, dosiahnutie presnej\u0161ieho grav\u00edrovania.<\/p>\n<h6><strong>Z\u00e1ruka\u00a0<span style=\"color: #ff0000;\">TO<\/span><span style=\"color: #0000ff;\">R<\/span>C 2 ROKY<\/strong><\/h6>\n<h6><span style=\"color: #008000;\">V\u00fdkonn\u00fd laserov\u00fd grav\u00edrova\u010d, spotreba \u2264 280W<\/span><\/h6>\n<h6><strong>vr\u00e1tane technickej podpory<\/strong><\/h6>\n<p>&nbsp;<\/p>\n<hr \/>\n<p>&nbsp;<\/p>\n<ul>\n<li><strong>V\u00fdkon lasera: 80W<\/strong><br \/>\n<strong>\u25cfTyp lasera: CO2 plyn (CO2 laserov\u00e1 trubica)<\/strong><br \/>\n<strong>\u25cfNap\u00e1janie: 220V 50HZ<\/strong><br \/>\n<strong>\u25cfPracovn\u00fd st\u00f4l: (vo\u0161tinov\u00e1) plo\u0161ina nahor a nadol<\/strong><br \/>\n<strong>\u25cfV\u00fd\u0161ka hore a dole (platforma): 0-15cm<\/strong><br \/>\n<strong>\u25cfMet\u00f3da hore a dole (platforma): automaticky<\/strong><br \/>\n<strong>\u25cfPlocha rytca: 700 x 500 mm\u00a0<\/strong><br \/>\n<strong>\u25cfRezn\u00e1 plocha: 700 x 500 mm\u00a0<\/strong><br \/>\n<strong>\u25cfMaxim\u00e1lne. R\u00fdchlos\u0165 rezania: 0-12000 (mm\/min)<\/strong><br \/>\n<strong>\u25cfMaxim\u00e1lne. R\u00fdchlos\u0165 rezania: 0-6000 (mm\/min)<\/strong><br \/>\n<strong>\u25cfPresnos\u0165 polohy: &lt;0,001 mm<\/strong><br \/>\n<strong>\u25cfPomer rozl\u00ed\u0161enia: 1000 DPI<\/strong><br \/>\n<strong>\u25cfMin. Ve\u013ekos\u0165 znaku: Znak: 2x2mm, P\u00edsmeno: 1x1mm<\/strong><br \/>\n<strong>\u25cfPresnos\u0165: 0,00125 mm<\/strong><br \/>\n<strong>\u25cfHr\u00fabka rezu: 0-15 mm (z\u00e1vis\u00ed od r\u00f4znych materi\u00e1lov)<\/strong><br \/>\n<strong>\u25cfPrev\u00e1dzka: Polohovanie \u010derven\u00e9ho svetla, polohovanie laserov\u00e9ho bodu<\/strong><br \/>\n<strong>\u25cfKonfigur\u00e1cia ovl\u00e1dania: prenosov\u00e9 rozhranie DSP<\/strong><br \/>\n<strong>\u25cfRozhranie prenosu \u00fadajov: USB<\/strong><br \/>\n<strong>\u25cfSyst\u00e9mov\u00e9 prostredie: Windows xp win7\/8<\/strong><br \/>\n<strong>\u25cfPodporovan\u00fd grafick\u00fd form\u00e1t: S\u00fabory, ktor\u00e9 CorelDraw, Photoshop, AutoCAD dok\u00e1\u017eu identifikova\u0165 (BMP, GIF, JPEG, PCX, TGA, TIFF, PLT, CDR, DMG, DXF, PAT, CDT, CLK, DEX, CSL, CMX, AI, WPG , WMF, EMF, CGM, SVG, SVGZ, PCT, FMV, GEM, CMX)<\/strong><br \/>\n<strong>\u25cfSoftv\u00e9r obsahuje: corelLASER<\/strong><br \/>\n<strong>\u25cfKompatibiln\u00fd softv\u00e9r: CADlaser, LaserDRW, CorelLASER, Photoshop ects (nie je s\u00fa\u010das\u0165ou balenia)<\/strong><br \/>\n<strong>\u25cfOddelenie farieb: Nie<\/strong><br \/>\n<strong>\u25cfNaklonen\u00e9 grav\u00edrovanie: Nie<\/strong><br \/>\n<strong>\u25cfSp\u00f4sob chladenia: Chladenie vodou<\/strong><br \/>\n<strong>\u25cfTeplota vody: 5\u2103-35\u2103<\/strong><br \/>\n<strong>\u25cfOchrana proti preru\u0161eniu dod\u00e1vky vody: s\u00fa\u010das\u0165ou dod\u00e1vky<\/strong><br \/>\n<strong>\u25cfRozmer stroja: 146 x 85 x 95 cm<\/strong><br \/>\n<strong>\u25cf\u010cist\u00e1 hmotnos\u0165: 180 kg<\/strong><br \/>\n<strong>\u25cfPou\u017eite\u013en\u00fd materi\u00e1l: Drevo, bambusov\u00e9 papu\u010de, nefrit, mramor, plexisklo, kri\u0161t\u00e1\u013e, plast, odevy, papier, ko\u017ea, guma, keramika, sklo, ochrann\u00e9 zn\u00e1mky a in\u00e9 nekovov\u00e9 materi\u00e1ly<\/strong><br \/>\n<strong>\u25cfLaserov\u00e1 trubica (hodiny \u017eivotnosti): 1000-1300 hod\u00edn<\/strong><br \/>\n<strong>\u25cfResetovanie polohy: 0,01 mm<\/strong><br \/>\n<strong>\u25cfTyp motora: Krokov\u00fd motor<\/strong><br \/>\n<strong>\u25cfSpotreba energie: \u2264280W<\/strong><br \/>\n<strong>\u25cfPrev\u00e1dzkov\u00e1 teplota: 0-40\u00b0C<\/strong><br \/>\n<strong>\u25cfPrev\u00e1dzkov\u00e1 vlhkos\u0165: 5-95%<\/strong><\/li>\n<\/ul>","protected":false},"excerpt":{"rendered":"<h2><strong>CO2 laserov\u00fd grav\u00edrovac\u00ed stroj DSP ovl\u00e1danie 70 x 50 cm<\/strong><\/h2>\n<p>Toto\u00a0<strong>zna\u010dkovac\u00ed stroj<\/strong>\u00a0integruje najnov\u0161\u00ed \u013eahk\u00fd mechanick\u00fd stroj\u010dek na trhu, trojgenera\u010dn\u00fd mod\u00e1lny rekord\u00e9r, ktor\u00fd v\u00e1s zaist\u00ed\u00a0<strong>vysok\u00e1 presnos\u0165 a r\u00fdchlos\u0165<\/strong>. Nov\u00e9\u00a0<strong>CO2 laserov\u00fd grav\u00edrova\u010d<\/strong>\u00a0<strong><span style=\"color: #ff0000;\">TO<\/span><span style=\"color: #0000ff;\">R<\/span>CGLCO80<\/strong> Je vybaven\u00fd 80W vodn\u00fdm chladen\u00edm laserovej trubice, krokov\u00fdmi motormi pre dokonal\u00fa presnos\u0165, vysoko kvalitn\u00fdm ovl\u00e1dac\u00edm panelom. Na pripojenie k notebooku alebo PC vyu\u017e\u00edva USB port. Zahrnut\u00e1 je softv\u00e9rov\u00e1 podpora, CorelDraw, tento stroj dok\u00e1\u017ee dobre pracova\u0165 s viacer\u00fdmi grafick\u00fdmi form\u00e1tmi vr\u00e1tane EMF\/JPG\/PLT\/WMF.<\/p>\n<h6><\/h6>\n<h6><strong>Z\u00e1ruka<span style=\"color: #ff0000;\">\u00a0TO<\/span><span style=\"color: #0000ff;\">R<\/span>C 2 ROKY<\/strong><\/h6>\n<h6><span style=\"color: #008000;\">V\u00fdkonn\u00fd laserov\u00fd grav\u00edrova\u010d, spotreba \u2264 280W<\/span><\/h6>\n<h6><strong>vr\u00e1tane technickej podpory<\/strong><\/h6>","protected":false},"featured_media":2763,"comment_status":"open","ping_status":"closed","template":"","meta":{"wds_primary_product_brand":0,"wds_primary_product_cat":0},"product_brand":[],"product_cat":[69,70],"product_tag":[],"class_list":{"0":"post-2762","1":"product","2":"type-product","3":"status-publish","4":"has-post-thumbnail","6":"product_cat-maquinas-variadas","7":"product_cat-talladoras-marcadoras-de-metal-grabadoras-laser","8":"product_shipping_class-express","10":"first","11":"instock","12":"sale","13":"taxable","14":"shipping-taxable","15":"purchasable","16":"product-type-simple"},"yoast_head":"<!-- This site is optimized with the Yoast SEO Premium plugin v24.9 (Yoast SEO v26.1) - https:\/\/yoast.com\/wordpress\/plugins\/seo\/ -->\n<title>M\u00e1quina de Grabado L\u00e1ser de CO2 control DSP 70 x 50 cm - distribuci\u00f3n ARC<\/title>\n<meta name=\"robots\" content=\"index, follow, max-snippet:-1, max-image-preview:large, max-video-preview:-1\" \/>\n<link rel=\"canonical\" href=\"https:\/\/www.distribucionarc.com\/en\/producto\/maquina-de-grabado-laser-de-co2-control-dsp\/\" \/>\n<meta property=\"og:locale\" content=\"sk_SK\" \/>\n<meta property=\"og:type\" content=\"article\" \/>\n<meta property=\"og:title\" content=\"M\u00e1quina de Grabado L\u00e1ser de CO2 control DSP 70 x 50 cm\" \/>\n<meta property=\"og:description\" content=\"M\u00e1quina de Grabado L\u00e1ser de CO2 control DSP 70 x 50 cm Esta\u00a0m\u00e1quina de marcado\u00a0integra el movimiento mec\u00e1nico de luz m\u00e1s nuevo del mercado, grabador modal de tres generaciones que le asegurara\u00a0alta precisi\u00f3n y velocidad. El nuevo\u00a0grabador l\u00e1ser de CO2\u00a0ARCGLCO80 est\u00e1 equipado con un tubo l\u00e1ser de refrigeraci\u00f3n por agua de 80 W, motores de ejecuci\u00f3n paso a paso para una precisi\u00f3n perfecta, panel de control de alta calidad. Emplea un puerto USB para conectarse a su port\u00e1til o PC. El soporte del software est\u00e1 incluido, CorelDraw, esta m\u00e1quina puede funcionar bien con m\u00faltiples formatos gr\u00e1ficos, incluidos EMF \/ JPG \/ PLT \/ WMF.  Garant\u00eda\u00a0ARC 2 A\u00d1OS Grabador l\u00e1ser eficiente, consumo \u2264 280W soporte t\u00e9cnico incluido\" \/>\n<meta property=\"og:url\" content=\"https:\/\/www.distribucionarc.com\/en\/producto\/maquina-de-grabado-laser-de-co2-control-dsp\/\" \/>\n<meta property=\"og:site_name\" content=\"distribuci\u00f3n ARC\" \/>\n<meta property=\"article:modified_time\" content=\"2020-10-10T14:56:57+00:00\" \/>\n<meta property=\"og:image\" content=\"https:\/\/distribucionarc.com\/wp-content\/uploads\/2020\/08\/M\u00e1quina-de-Grabado-L\u00e1ser-de-CO2-control-DSP-0.jpg\" \/>\n\t<meta property=\"og:image:width\" content=\"1600\" \/>\n\t<meta property=\"og:image:height\" content=\"1600\" \/>\n\t<meta property=\"og:image:type\" content=\"image\/jpeg\" \/>\n<meta name=\"twitter:card\" content=\"summary_large_image\" \/>\n<meta name=\"twitter:label1\" content=\"Predpokladan\u00fd \u010das \u010d\u00edtania\" \/>\n\t<meta name=\"twitter:data1\" content=\"2 min\u00faty\" \/>\n<script type=\"application\/ld+json\" class=\"yoast-schema-graph\">{\"@context\":\"https:\/\/schema.org\",\"@graph\":[{\"@type\":\"WebPage\",\"@id\":\"https:\/\/www.distribucionarc.com\/en\/producto\/maquina-de-grabado-laser-de-co2-control-dsp\/\",\"url\":\"https:\/\/www.distribucionarc.com\/en\/producto\/maquina-de-grabado-laser-de-co2-control-dsp\/\",\"name\":\"M\u00e1quina de Grabado L\u00e1ser de CO2 control DSP 70 x 50 cm - distribuci\u00f3n ARC\",\"isPartOf\":{\"@id\":\"https:\/\/www.distribucionarc.com\/tr\/#website\"},\"primaryImageOfPage\":{\"@id\":\"https:\/\/www.distribucionarc.com\/en\/producto\/maquina-de-grabado-laser-de-co2-control-dsp\/#primaryimage\"},\"image\":{\"@id\":\"https:\/\/www.distribucionarc.com\/en\/producto\/maquina-de-grabado-laser-de-co2-control-dsp\/#primaryimage\"},\"thumbnailUrl\":\"https:\/\/distribucionarc.com\/wp-content\/uploads\/2020\/08\/M\u00e1quina-de-Grabado-L\u00e1ser-de-CO2-control-DSP-0.jpg\",\"datePublished\":\"2020-08-21T12:50:21+00:00\",\"dateModified\":\"2020-10-10T14:56:57+00:00\",\"breadcrumb\":{\"@id\":\"https:\/\/www.distribucionarc.com\/en\/producto\/maquina-de-grabado-laser-de-co2-control-dsp\/#breadcrumb\"},\"inLanguage\":\"sk-SK\",\"potentialAction\":[{\"@type\":\"ReadAction\",\"target\":[\"https:\/\/www.distribucionarc.com\/en\/producto\/maquina-de-grabado-laser-de-co2-control-dsp\/\"]}]},{\"@type\":\"ImageObject\",\"inLanguage\":\"sk-SK\",\"@id\":\"https:\/\/www.distribucionarc.com\/en\/producto\/maquina-de-grabado-laser-de-co2-control-dsp\/#primaryimage\",\"url\":\"https:\/\/distribucionarc.com\/wp-content\/uploads\/2020\/08\/M\u00e1quina-de-Grabado-L\u00e1ser-de-CO2-control-DSP-0.jpg\",\"contentUrl\":\"https:\/\/distribucionarc.com\/wp-content\/uploads\/2020\/08\/M\u00e1quina-de-Grabado-L\u00e1ser-de-CO2-control-DSP-0.jpg\",\"width\":1600,\"height\":1600,\"caption\":\"M\u00e1quina de Grabado L\u00e1ser de CO2 control DSP\"},{\"@type\":\"BreadcrumbList\",\"@id\":\"https:\/\/www.distribucionarc.com\/en\/producto\/maquina-de-grabado-laser-de-co2-control-dsp\/#breadcrumb\",\"itemListElement\":[{\"@type\":\"ListItem\",\"position\":1,\"name\":\"Portada\",\"item\":\"https:\/\/www.distribucionarc.com\/tr\/\"},{\"@type\":\"ListItem\",\"position\":2,\"name\":\"Produktai\",\"item\":\"https:\/\/distribucionarc.com\/lt\/parduotuve\/\"},{\"@type\":\"ListItem\",\"position\":3,\"name\":\"M\u00e1quina de Grabado L\u00e1ser de CO2 control DSP 70 x 50 cm\"}]},{\"@type\":\"WebSite\",\"@id\":\"https:\/\/www.distribucionarc.com\/tr\/#website\",\"url\":\"https:\/\/www.distribucionarc.com\/tr\/\",\"name\":\"distribuci\u00f3n ARC\",\"description\":\"Empresa especializada en la fabricaci\u00f3n y distribuci\u00f3n de maquinaria industrial, selladoras de latas, Maquinas de hacer pastillas, Maquinas de cortar carne...\",\"publisher\":{\"@id\":\"https:\/\/www.distribucionarc.com\/tr\/#organization\"},\"potentialAction\":[{\"@type\":\"SearchAction\",\"target\":{\"@type\":\"EntryPoint\",\"urlTemplate\":\"https:\/\/www.distribucionarc.com\/tr\/?s={search_term_string}\"},\"query-input\":{\"@type\":\"PropertyValueSpecification\",\"valueRequired\":true,\"valueName\":\"search_term_string\"}}],\"inLanguage\":\"sk-SK\"},{\"@type\":\"Organization\",\"@id\":\"https:\/\/www.distribucionarc.com\/tr\/#organization\",\"name\":\"Distribuci\u00f3n ARC\",\"url\":\"https:\/\/www.distribucionarc.com\/tr\/\",\"logo\":{\"@type\":\"ImageObject\",\"inLanguage\":\"sk-SK\",\"@id\":\"https:\/\/www.distribucionarc.com\/tr\/#\/schema\/logo\/image\/\",\"url\":\"https:\/\/distribucionarc.com\/wp-content\/uploads\/2024\/10\/distribucion-ARC-COLOR-SIN-FONDO-e1732295305345.png\",\"contentUrl\":\"https:\/\/distribucionarc.com\/wp-content\/uploads\/2024\/10\/distribucion-ARC-COLOR-SIN-FONDO-e1732295305345.png\",\"width\":1164,\"height\":558,\"caption\":\"Distribuci\u00f3n ARC\"},\"image\":{\"@id\":\"https:\/\/www.distribucionarc.com\/tr\/#\/schema\/logo\/image\/\"},\"description\":\"Empresa especializada en la fabricaci\u00f3n y distribuci\u00f3n de maquinaria industrial para los sectores alimentario y farmac\u00e9utico. Nos especializamos en: M\u00e1quinas de cortar carne Fabricaci\u00f3n de comprimidos Sistemas de transporte industrial L\u00edneas de embotellado Dosificadores Y mucho m\u00e1s... Ofrecemos soluciones innovadoras y personalizadas para optimizar los procesos productivos de tu empresa.\",\"email\":\"Admistracion@distribucionarc.com\",\"telephone\":\"+34 643496664\",\"legalName\":\"ARC TECH SOLUTIONS\",\"foundingDate\":\"2024-04-09\",\"vatID\":\"B55480172\",\"numberOfEmployees\":{\"@type\":\"QuantitativeValue\",\"minValue\":\"1\",\"maxValue\":\"10\"}}]}<\/script>\n<!-- \/ Yoast SEO Premium plugin. -->","yoast_head_json":{"title":"CO2 laserov\u00fd grav\u00edrovac\u00ed stroj DSP ovl\u00e1danie 70 x 50 cm - ARC rozvod","robots":{"index":"index","follow":"follow","max-snippet":"max-snippet:-1","max-image-preview":"max-image-preview:large","max-video-preview":"max-video-preview:-1"},"canonical":"https:\/\/www.distribucionarc.com\/en\/producto\/maquina-de-grabado-laser-de-co2-control-dsp\/","og_locale":"sk_SK","og_type":"article","og_title":"M\u00e1quina de Grabado L\u00e1ser de CO2 control DSP 70 x 50 cm","og_description":"M\u00e1quina de Grabado L\u00e1ser de CO2 control DSP 70 x 50 cm Esta\u00a0m\u00e1quina de marcado\u00a0integra el movimiento mec\u00e1nico de luz m\u00e1s nuevo del mercado, grabador modal de tres generaciones que le asegurara\u00a0alta precisi\u00f3n y velocidad. El nuevo\u00a0grabador l\u00e1ser de CO2\u00a0ARCGLCO80 est\u00e1 equipado con un tubo l\u00e1ser de refrigeraci\u00f3n por agua de 80 W, motores de ejecuci\u00f3n paso a paso para una precisi\u00f3n perfecta, panel de control de alta calidad. Emplea un puerto USB para conectarse a su port\u00e1til o PC. El soporte del software est\u00e1 incluido, CorelDraw, esta m\u00e1quina puede funcionar bien con m\u00faltiples formatos gr\u00e1ficos, incluidos EMF \/ JPG \/ PLT \/ WMF.  Garant\u00eda\u00a0ARC 2 A\u00d1OS Grabador l\u00e1ser eficiente, consumo \u2264 280W soporte t\u00e9cnico incluido","og_url":"https:\/\/www.distribucionarc.com\/en\/producto\/maquina-de-grabado-laser-de-co2-control-dsp\/","og_site_name":"distribuci\u00f3n ARC","article_modified_time":"2020-10-10T14:56:57+00:00","og_image":[{"width":1600,"height":1600,"url":"https:\/\/distribucionarc.com\/wp-content\/uploads\/2020\/08\/M\u00e1quina-de-Grabado-L\u00e1ser-de-CO2-control-DSP-0.jpg","type":"image\/jpeg"}],"twitter_card":"summary_large_image","twitter_misc":{"Predpokladan\u00fd \u010das \u010d\u00edtania":"2 min\u00faty"},"schema":{"@context":"https:\/\/schema.org","@graph":[{"@type":"WebPage","@id":"https:\/\/www.distribucionarc.com\/en\/producto\/maquina-de-grabado-laser-de-co2-control-dsp\/","url":"https:\/\/www.distribucionarc.com\/en\/producto\/maquina-de-grabado-laser-de-co2-control-dsp\/","name":"CO2 laserov\u00fd grav\u00edrovac\u00ed stroj DSP ovl\u00e1danie 70 x 50 cm - ARC rozvod","isPartOf":{"@id":"https:\/\/www.distribucionarc.com\/tr\/#website"},"primaryImageOfPage":{"@id":"https:\/\/www.distribucionarc.com\/en\/producto\/maquina-de-grabado-laser-de-co2-control-dsp\/#primaryimage"},"image":{"@id":"https:\/\/www.distribucionarc.com\/en\/producto\/maquina-de-grabado-laser-de-co2-control-dsp\/#primaryimage"},"thumbnailUrl":"https:\/\/distribucionarc.com\/wp-content\/uploads\/2020\/08\/M\u00e1quina-de-Grabado-L\u00e1ser-de-CO2-control-DSP-0.jpg","datePublished":"2020-08-21T12:50:21+00:00","dateModified":"2020-10-10T14:56:57+00:00","breadcrumb":{"@id":"https:\/\/www.distribucionarc.com\/en\/producto\/maquina-de-grabado-laser-de-co2-control-dsp\/#breadcrumb"},"inLanguage":"sk-SK","potentialAction":[{"@type":"ReadAction","target":["https:\/\/www.distribucionarc.com\/en\/producto\/maquina-de-grabado-laser-de-co2-control-dsp\/"]}]},{"@type":"ImageObject","inLanguage":"sk-SK","@id":"https:\/\/www.distribucionarc.com\/en\/producto\/maquina-de-grabado-laser-de-co2-control-dsp\/#primaryimage","url":"https:\/\/distribucionarc.com\/wp-content\/uploads\/2020\/08\/M\u00e1quina-de-Grabado-L\u00e1ser-de-CO2-control-DSP-0.jpg","contentUrl":"https:\/\/distribucionarc.com\/wp-content\/uploads\/2020\/08\/M\u00e1quina-de-Grabado-L\u00e1ser-de-CO2-control-DSP-0.jpg","width":1600,"height":1600,"caption":"M\u00e1quina de Grabado L\u00e1ser de CO2 control DSP"},{"@type":"BreadcrumbList","@id":"https:\/\/www.distribucionarc.com\/en\/producto\/maquina-de-grabado-laser-de-co2-control-dsp\/#breadcrumb","itemListElement":[{"@type":"ListItem","position":1,"name":"Portada","item":"https:\/\/www.distribucionarc.com\/tr\/"},{"@type":"ListItem","position":2,"name":"Produktai","item":"https:\/\/distribucionarc.com\/lt\/parduotuve\/"},{"@type":"ListItem","position":3,"name":"M\u00e1quina de Grabado L\u00e1ser de CO2 control DSP 70 x 50 cm"}]},{"@type":"WebSite","@id":"https:\/\/www.distribucionarc.com\/tr\/#website","url":"https:\/\/www.distribucionarc.com\/tr\/","name":"ARC distrib\u00facia","description":"Spolo\u010dnos\u0165 sa \u0161pecializuje na v\u00fdrobu a distrib\u00faciu priemyseln\u00fdch strojov, strojov na uzatv\u00e1ranie plechoviek, strojov na v\u00fdrobu tabliet, strojov na porciovanie m\u00e4sa...","publisher":{"@id":"https:\/\/www.distribucionarc.com\/tr\/#organization"},"potentialAction":[{"@type":"SearchAction","target":{"@type":"EntryPoint","urlTemplate":"https:\/\/www.distribucionarc.com\/tr\/?s={search_term_string}"},"query-input":{"@type":"PropertyValueSpecification","valueRequired":true,"valueName":"search_term_string"}}],"inLanguage":"sk-SK"},{"@type":"Organization","@id":"https:\/\/www.distribucionarc.com\/tr\/#organization","name":"Distrib\u00facia ARC","url":"https:\/\/www.distribucionarc.com\/tr\/","logo":{"@type":"ImageObject","inLanguage":"sk-SK","@id":"https:\/\/www.distribucionarc.com\/tr\/#\/schema\/logo\/image\/","url":"https:\/\/distribucionarc.com\/wp-content\/uploads\/2024\/10\/distribucion-ARC-COLOR-SIN-FONDO-e1732295305345.png","contentUrl":"https:\/\/distribucionarc.com\/wp-content\/uploads\/2024\/10\/distribucion-ARC-COLOR-SIN-FONDO-e1732295305345.png","width":1164,"height":558,"caption":"Distribuci\u00f3n ARC"},"image":{"@id":"https:\/\/www.distribucionarc.com\/tr\/#\/schema\/logo\/image\/"},"description":"Spolo\u010dnos\u0165 \u0161pecializuj\u00faca sa na v\u00fdrobu a distrib\u00faciu priemyseln\u00fdch strojov pre potravin\u00e1rsky a farmaceutick\u00fd sektor. \u0160pecializujeme sa na: Stroje na kr\u00e1janie m\u00e4sa V\u00fdroba tabliet Priemyseln\u00e9 dopravn\u00e9 syst\u00e9my D\u00e1vkova\u010de na f\u013ea\u0161e A ove\u013ea viac... Pon\u00fakame inovat\u00edvne a prisp\u00f4soben\u00e9 rie\u0161enia na optimaliz\u00e1ciu v\u00fdrobn\u00fdch procesov va\u0161ej spolo\u010dnosti.","email":"Admistracion@distribucionarc.com","telephone":"+34 643496664","legalName":"ARC TECH SOLUTIONS","foundingDate":"2024-04-09","vatID":"B55480172","numberOfEmployees":{"@type":"QuantitativeValue","minValue":"1","maxValue":"10"}}]}},"_links":{"self":[{"href":"https:\/\/distribucionarc.com\/sk\/wp-json\/wp\/v2\/product\/2762","targetHints":{"allow":["GET"]}}],"collection":[{"href":"https:\/\/distribucionarc.com\/sk\/wp-json\/wp\/v2\/product"}],"about":[{"href":"https:\/\/distribucionarc.com\/sk\/wp-json\/wp\/v2\/types\/product"}],"replies":[{"embeddable":true,"href":"https:\/\/distribucionarc.com\/sk\/wp-json\/wp\/v2\/comments?post=2762"}],"version-history":[{"count":0,"href":"https:\/\/distribucionarc.com\/sk\/wp-json\/wp\/v2\/product\/2762\/revisions"}],"wp:featuredmedia":[{"embeddable":true,"href":"https:\/\/distribucionarc.com\/sk\/wp-json\/wp\/v2\/media\/2763"}],"wp:attachment":[{"href":"https:\/\/distribucionarc.com\/sk\/wp-json\/wp\/v2\/media?parent=2762"}],"wp:term":[{"taxonomy":"product_brand","embeddable":true,"href":"https:\/\/distribucionarc.com\/sk\/wp-json\/wp\/v2\/product_brand?post=2762"},{"taxonomy":"product_cat","embeddable":true,"href":"https:\/\/distribucionarc.com\/sk\/wp-json\/wp\/v2\/product_cat?post=2762"},{"taxonomy":"product_tag","embeddable":true,"href":"https:\/\/distribucionarc.com\/sk\/wp-json\/wp\/v2\/product_tag?post=2762"}],"curies":[{"name":"pracovn\u00fd list","href":"https:\/\/api.w.org\/{rel}","templated":true}]}}