{"id":2830,"date":"2020-08-24T14:40:16","date_gmt":"2020-08-24T14:40:16","guid":{"rendered":"https:\/\/distribucionarc.com\/?post_type=product&#038;p=2830"},"modified":"2022-03-02T10:04:22","modified_gmt":"2022-03-02T10:04:22","slug":"dopravny-pasovy-s-kolajnicovy-priemyselny-dopravny-pas-60w","status":"publish","type":"product","link":"https:\/\/distribucionarc.com\/sk\/producto\/cinta-transportadora-con-barandilla-banda-transportadora-industrial-60w\/","title":{"rendered":"Dopravn\u00fd p\u00e1s so z\u00e1bradl\u00edm, Priemyseln\u00fd dopravn\u00fd p\u00e1s 60W"},"content":{"rendered":"<h3>Dopravn\u00fd p\u00e1s so z\u00e1bradl\u00edm, Priemyseln\u00fd dopravn\u00fd p\u00e1s 60W<\/h3>\n<p>The <strong>dopravn\u00fd p\u00e1s <span style=\"color: #ff0000;\">TO<\/span><span style=\"color: #0000ff;\">R<\/span>c<\/strong> Je vyroben\u00fd v\u00fdhradne z odolnej nehrdzavej\u00facej ocele, ktor\u00e1 je odoln\u00e1, antikor\u00f3zna a antikor\u00f3zna. Navrhnut\u00e9 pre dlh\u00fa \u017eivotnos\u0165. On <span style=\"color: #008000;\"><strong>Kvalitn\u00fd motor \u0161etr\u00ed energiu<\/strong><\/span>, zni\u017euje spotrebu, zabezpe\u010duje vysok\u00fa spo\u013eahlivos\u0165 a zaru\u010duje stabilitu.<\/p>\n<p>The <strong>transportn\u00fd st\u00f4l <span style=\"color: #ff0000;\">TO<\/span><span style=\"color: #0000ff;\">R<\/span>CCTA60<\/strong> Je vybaven\u00e1 vysoko antistatickou PVC p\u00e1skou, ktor\u00e1 chr\u00e1ni produkt pred po\u0161koden\u00edm tren\u00edm pri preprave. Uistite sa, \u017ee v\u00fd\u0161ka z\u00e1bradlia dokonale zodpoved\u00e1 v\u00fd\u0161ke v\u00fdrobku, \u010do prispieva k stabilite prevodu a nesp\u00f4sob\u00ed p\u00e1d v\u00fdrobku.<\/p>\n<p>Obvod elektronick\u00e9ho regul\u00e1tora kon\u0161tantnej r\u00fdchlosti zais\u0165uje v\u00e4\u010d\u0161iu stabilitu. Spr\u00e1vne nastavte r\u00fdchlos\u0165 dopravn\u00e9ho p\u00e1su na prenos produktov.<\/p>\n<h6><strong>Z\u00e1ruka\u00a0<span style=\"color: #ff0000;\">TO<\/span><span style=\"color: #0000ff;\">R<\/span>C 2 ROKY<\/strong><\/h6>\n<h6><span style=\"color: #008000;\">Efekt\u00edvny dopravn\u00fd p\u00e1s, n\u00edzka spotreba 60W<\/span><\/h6>\n<h6><strong>vr\u00e1tane technickej podpory<\/strong><\/h6>\n<p>&nbsp;<\/p>\n<table role=\"presentation\" width=\"100%\" cellspacing=\"0\" cellpadding=\"0\">\n<tbody>\n<tr>\n<td class=\"attrLabels\">Z\u00e1ruka:<\/td>\n<td width=\"50.0%\">2 ROKY<\/td>\n<\/tr>\n<tr>\n<td class=\"attrLabels\">Farba:<\/td>\n<td width=\"50.0%\">Strieborn\u00e1<\/td>\n<td class=\"attrLabels\">v\u00fd\u0161ka:<\/td>\n<td width=\"50.0%\">74,9 cm<\/td>\n<\/tr>\n<tr>\n<td class=\"attrLabels\">Krajina distrib\u00facie:<\/td>\n<td width=\"50.0%\">\u0160panielsko, Nemecko, USA<\/td>\n<td class=\"attrLabels\">Dlh\u00e9:<\/td>\n<td width=\"50.0%\">150 cm<\/td>\n<\/tr>\n<tr>\n<td class=\"attrLabels\">Zna\u010dka:<\/td>\n<td width=\"50.0%\">ARC<\/td>\n<td class=\"attrLabels\">\u0160irok\u00e1:<\/td>\n<td width=\"50.0%\">\u00a025 cm<\/td>\n<\/tr>\n<tr>\n<td class=\"attrLabels\">Typ produktu:<\/td>\n<td width=\"50.0%\">Dopravn\u00edkov\u00fd p\u00e1s<\/td>\n<td class=\"attrLabels\">V\u00fdkon:<\/td>\n<td width=\"50.0%\">60 W<\/td>\n<\/tr>\n<tr>\n<td class=\"attrLabels\">\u010c\u00edslo v\u00fdrobcu:<\/td>\n<td width=\"50.0%\">ARCCTA60<\/td>\n<td class=\"attrLabels\">Nap\u00e4tie:<\/td>\n<td width=\"50.0%\">220V 50Hz<\/td>\n<\/tr>\n<tr>\n<td class=\"attrLabels\">Materi\u00e1l:<\/td>\n<td width=\"50.0%\">Nerezov\u00e1 oce\u013e 304, meden\u00fd motor<\/td>\n<td class=\"attrLabels\">Prev\u00e1dzkov\u00e1 r\u00fdchlos\u0165:<\/td>\n<td width=\"50.0%\">0 \u2013 82 min<\/td>\n<\/tr>\n<tr>\n<td class=\"attrLabels\">In\u0161tala\u010dn\u00e9 n\u00e1stroje:<\/td>\n<td width=\"50.0%\">\u00c1no<\/td>\n<td class=\"attrLabels\">\u0160\u00edrka p\u00e1sma:<\/td>\n<td width=\"50.0%\">20 cm<\/td>\n<\/tr>\n<tr>\n<td class=\"attrLabels\">Hmotnos\u0165:<\/td>\n<td width=\"50.0%\">22 kg<\/td>\n<td class=\"attrLabels\">Kapela zo zeme:<\/td>\n<td width=\"50.0%\">75 cm<\/td>\n<\/tr>\n<\/tbody>\n<\/table>","protected":false},"excerpt":{"rendered":"<h2>Dopravn\u00fd p\u00e1s so z\u00e1bradl\u00edm, Priemyseln\u00fd dopravn\u00fd p\u00e1s 60W<\/h2>\n<p><strong>PVC p\u00e1sov\u00fd dopravn\u00edk<\/strong> z <strong>nerezov\u00e1 oce\u013e s jednoduch\u00fdm z\u00e1bradl\u00edm<\/strong> z <strong><span style=\"color: #ff0000;\">TO<\/span><span style=\"color: #0000ff;\">R<\/span>c<\/strong>. M\u00f4\u017ee by\u0165 pou\u017eit\u00fd pre pr\u00fadov\u00e9 k\u00f3dovacie stroje alebo m\u00f4\u017ee by\u0165 pou\u017eit\u00fd samostatne. Pou\u017eit\u00edm tohto spo\u013eahliv\u00e9ho stroja,<strong> efekt\u00edvnos\u0165 a r\u00fdchlos\u0165 pr\u00e1ce<\/strong> v\u00fdrazne zlep\u0161\u00ed nespo\u010detn\u00e9 mno\u017estvo aplika\u010dn\u00fdch sektorov vr\u00e1tane potrav\u00edn, n\u00e1pojov, farm\u00e1cie, elektronick\u00fdch s\u00fa\u010diastok, chemick\u00fdch a automobilov\u00fdch s\u00fa\u010diastok, \u010d\u00edm u\u0161etr\u00ed \u010das a pr\u00e1cu, ako aj v\u00fdrobn\u00e9 n\u00e1klady.<\/p>\n<h6><strong>Z\u00e1ruka\u00a0<span style=\"color: #ff0000;\">TO<\/span><span style=\"color: #0000ff;\">R<\/span>C 2 ROKY<\/strong><\/h6>\n<h6><span style=\"color: #008000;\">Efekt\u00edvny dopravn\u00fd p\u00e1s, n\u00edzka spotreba 60W<\/span><\/h6>\n<h6><strong>vr\u00e1tane technickej podpory<\/strong><\/h6>\n<p>&nbsp;<\/p>","protected":false},"featured_media":2831,"comment_status":"open","ping_status":"closed","template":"","meta":{"wds_primary_product_brand":0,"wds_primary_product_cat":0},"product_brand":[],"product_cat":[29,69],"product_tag":[],"class_list":{"0":"post-2830","1":"product","2":"type-product","3":"status-publish","4":"has-post-thumbnail","6":"product_cat-maquinas-industria-quimica","7":"product_cat-maquinas-variadas","8":"product_shipping_class-express","10":"first","11":"instock","12":"taxable","13":"shipping-taxable","14":"purchasable","15":"product-type-simple"},"yoast_head":"<!-- This site is optimized with the Yoast SEO Premium plugin v24.9 (Yoast SEO v26.1) - https:\/\/yoast.com\/wordpress\/plugins\/seo\/ -->\n<title>Cinta transportadora con barandilla, Banda transportadora industrial 60W - distribuci\u00f3n ARC<\/title>\n<meta name=\"robots\" content=\"index, follow, max-snippet:-1, max-image-preview:large, max-video-preview:-1\" \/>\n<link rel=\"canonical\" href=\"https:\/\/distribucionarc.com\/sk\/produktov\/dopravny-pasovy-s-kolajnicovy-priemyselny-dopravny-pas-60w\/\" \/>\n<meta property=\"og:locale\" content=\"sk_SK\" \/>\n<meta property=\"og:type\" content=\"article\" \/>\n<meta property=\"og:title\" content=\"Cinta transportadora con barandilla, Banda transportadora industrial 60W\" \/>\n<meta property=\"og:description\" content=\"Cinta transportadora con barandilla, Banda transportadora industrial 60W Transportador de banda de PVC de acero inoxidable con barandilla simple de ARC. Se puede usar para m\u00e1quinas de c\u00f3digo de chorro o se puede usar de forma independiente. Al utilizar esta m\u00e1quina confiable, la eficiencia y la velocidad de trabajo mejorar\u00e1n enormemente en innumerables sectores de aplicaci\u00f3n, incluida la industria alimentaria, bebidas, farmac\u00e9utica, piezas electr\u00f3nicas, qu\u00edmicas y autopartes, lo que ahorrar\u00e1 tiempo y mano de obra, as\u00ed como costos de producci\u00f3n. Garant\u00eda\u00a0ARC 2 A\u00d1OS Cinta transportadora eficiente, bajo consumo\u00a0 60W soporte t\u00e9cnico incluido &nbsp;\" \/>\n<meta property=\"og:url\" content=\"https:\/\/distribucionarc.com\/sk\/produktov\/dopravny-pasovy-s-kolajnicovy-priemyselny-dopravny-pas-60w\/\" \/>\n<meta property=\"og:site_name\" content=\"distribuci\u00f3n ARC\" \/>\n<meta property=\"article:modified_time\" content=\"2022-03-02T10:04:22+00:00\" \/>\n<meta property=\"og:image\" content=\"https:\/\/distribucionarc.com\/wp-content\/uploads\/2020\/08\/Cinta-transportadora-con-barandilla-Banda-transportadora-industrial-60W-0.jpg\" \/>\n\t<meta property=\"og:image:width\" content=\"1600\" \/>\n\t<meta property=\"og:image:height\" content=\"1600\" \/>\n\t<meta property=\"og:image:type\" content=\"image\/jpeg\" \/>\n<meta name=\"twitter:card\" content=\"summary_large_image\" \/>\n<meta name=\"twitter:label1\" content=\"Predpokladan\u00fd \u010das \u010d\u00edtania\" \/>\n\t<meta name=\"twitter:data1\" content=\"1 min\u00fata\" \/>\n<script type=\"application\/ld+json\" class=\"yoast-schema-graph\">{\"@context\":\"https:\/\/schema.org\",\"@graph\":[{\"@type\":\"WebPage\",\"@id\":\"https:\/\/distribucionarc.com\/en\/producto\/cinta-transportadora-con-barandilla-banda-transportadora-industrial-60w\/\",\"url\":\"https:\/\/distribucionarc.com\/en\/producto\/cinta-transportadora-con-barandilla-banda-transportadora-industrial-60w\/\",\"name\":\"Cinta transportadora con barandilla, Banda transportadora industrial 60W - distribuci\u00f3n ARC\",\"isPartOf\":{\"@id\":\"https:\/\/www.distribucionarc.com\/tr\/#website\"},\"primaryImageOfPage\":{\"@id\":\"https:\/\/distribucionarc.com\/en\/producto\/cinta-transportadora-con-barandilla-banda-transportadora-industrial-60w\/#primaryimage\"},\"image\":{\"@id\":\"https:\/\/distribucionarc.com\/en\/producto\/cinta-transportadora-con-barandilla-banda-transportadora-industrial-60w\/#primaryimage\"},\"thumbnailUrl\":\"https:\/\/distribucionarc.com\/wp-content\/uploads\/2020\/08\/Cinta-transportadora-con-barandilla-Banda-transportadora-industrial-60W-0.jpg\",\"datePublished\":\"2020-08-24T14:40:16+00:00\",\"dateModified\":\"2022-03-02T10:04:22+00:00\",\"breadcrumb\":{\"@id\":\"https:\/\/distribucionarc.com\/en\/producto\/cinta-transportadora-con-barandilla-banda-transportadora-industrial-60w\/#breadcrumb\"},\"inLanguage\":\"sk-SK\",\"potentialAction\":[{\"@type\":\"ReadAction\",\"target\":[\"https:\/\/distribucionarc.com\/en\/producto\/cinta-transportadora-con-barandilla-banda-transportadora-industrial-60w\/\"]}]},{\"@type\":\"ImageObject\",\"inLanguage\":\"sk-SK\",\"@id\":\"https:\/\/distribucionarc.com\/en\/producto\/cinta-transportadora-con-barandilla-banda-transportadora-industrial-60w\/#primaryimage\",\"url\":\"https:\/\/distribucionarc.com\/wp-content\/uploads\/2020\/08\/Cinta-transportadora-con-barandilla-Banda-transportadora-industrial-60W-0.jpg\",\"contentUrl\":\"https:\/\/distribucionarc.com\/wp-content\/uploads\/2020\/08\/Cinta-transportadora-con-barandilla-Banda-transportadora-industrial-60W-0.jpg\",\"width\":1600,\"height\":1600,\"caption\":\"Cinta transportadora con barandilla, Banda transportadora industrial 60W\"},{\"@type\":\"BreadcrumbList\",\"@id\":\"https:\/\/distribucionarc.com\/en\/producto\/cinta-transportadora-con-barandilla-banda-transportadora-industrial-60w\/#breadcrumb\",\"itemListElement\":[{\"@type\":\"ListItem\",\"position\":1,\"name\":\"Portada\",\"item\":\"https:\/\/www.distribucionarc.com\/tr\/\"},{\"@type\":\"ListItem\",\"position\":2,\"name\":\"Produktai\",\"item\":\"https:\/\/distribucionarc.com\/lt\/parduotuve\/\"},{\"@type\":\"ListItem\",\"position\":3,\"name\":\"Cinta transportadora con barandilla, Banda transportadora industrial 60W\"}]},{\"@type\":\"WebSite\",\"@id\":\"https:\/\/www.distribucionarc.com\/tr\/#website\",\"url\":\"https:\/\/www.distribucionarc.com\/tr\/\",\"name\":\"distribuci\u00f3n ARC\",\"description\":\"Empresa especializada en la fabricaci\u00f3n y distribuci\u00f3n de maquinaria industrial, selladoras de latas, Maquinas de hacer pastillas, Maquinas de cortar carne...\",\"publisher\":{\"@id\":\"https:\/\/www.distribucionarc.com\/tr\/#organization\"},\"potentialAction\":[{\"@type\":\"SearchAction\",\"target\":{\"@type\":\"EntryPoint\",\"urlTemplate\":\"https:\/\/www.distribucionarc.com\/tr\/?s={search_term_string}\"},\"query-input\":{\"@type\":\"PropertyValueSpecification\",\"valueRequired\":true,\"valueName\":\"search_term_string\"}}],\"inLanguage\":\"sk-SK\"},{\"@type\":\"Organization\",\"@id\":\"https:\/\/www.distribucionarc.com\/tr\/#organization\",\"name\":\"Distribuci\u00f3n ARC\",\"url\":\"https:\/\/www.distribucionarc.com\/tr\/\",\"logo\":{\"@type\":\"ImageObject\",\"inLanguage\":\"sk-SK\",\"@id\":\"https:\/\/www.distribucionarc.com\/tr\/#\/schema\/logo\/image\/\",\"url\":\"https:\/\/distribucionarc.com\/wp-content\/uploads\/2024\/10\/distribucion-ARC-COLOR-SIN-FONDO-e1732295305345.png\",\"contentUrl\":\"https:\/\/distribucionarc.com\/wp-content\/uploads\/2024\/10\/distribucion-ARC-COLOR-SIN-FONDO-e1732295305345.png\",\"width\":1164,\"height\":558,\"caption\":\"Distribuci\u00f3n ARC\"},\"image\":{\"@id\":\"https:\/\/www.distribucionarc.com\/tr\/#\/schema\/logo\/image\/\"},\"description\":\"Empresa especializada en la fabricaci\u00f3n y distribuci\u00f3n de maquinaria industrial para los sectores alimentario y farmac\u00e9utico. Nos especializamos en: M\u00e1quinas de cortar carne Fabricaci\u00f3n de comprimidos Sistemas de transporte industrial L\u00edneas de embotellado Dosificadores Y mucho m\u00e1s... Ofrecemos soluciones innovadoras y personalizadas para optimizar los procesos productivos de tu empresa.\",\"email\":\"Admistracion@distribucionarc.com\",\"telephone\":\"+34 643496664\",\"legalName\":\"ARC TECH SOLUTIONS\",\"foundingDate\":\"2024-04-09\",\"vatID\":\"B55480172\",\"numberOfEmployees\":{\"@type\":\"QuantitativeValue\",\"minValue\":\"1\",\"maxValue\":\"10\"}}]}<\/script>\n<!-- \/ Yoast SEO Premium plugin. -->","yoast_head_json":{"title":"Dopravn\u00edkov\u00fd p\u00e1s s mantinelom, Priemyseln\u00fd dopravn\u00fd p\u00e1s 60W - ARC rozvod","robots":{"index":"index","follow":"follow","max-snippet":"max-snippet:-1","max-image-preview":"max-image-preview:large","max-video-preview":"max-video-preview:-1"},"canonical":"https:\/\/distribucionarc.com\/sk\/produktov\/dopravny-pasovy-s-kolajnicovy-priemyselny-dopravny-pas-60w\/","og_locale":"sk_SK","og_type":"article","og_title":"Cinta transportadora con barandilla, Banda transportadora industrial 60W","og_description":"Cinta transportadora con barandilla, Banda transportadora industrial 60W Transportador de banda de PVC de acero inoxidable con barandilla simple de ARC. Se puede usar para m\u00e1quinas de c\u00f3digo de chorro o se puede usar de forma independiente. Al utilizar esta m\u00e1quina confiable, la eficiencia y la velocidad de trabajo mejorar\u00e1n enormemente en innumerables sectores de aplicaci\u00f3n, incluida la industria alimentaria, bebidas, farmac\u00e9utica, piezas electr\u00f3nicas, qu\u00edmicas y autopartes, lo que ahorrar\u00e1 tiempo y mano de obra, as\u00ed como costos de producci\u00f3n. Garant\u00eda\u00a0ARC 2 A\u00d1OS Cinta transportadora eficiente, bajo consumo\u00a0 60W soporte t\u00e9cnico incluido &nbsp;","og_url":"https:\/\/distribucionarc.com\/sk\/produktov\/dopravny-pasovy-s-kolajnicovy-priemyselny-dopravny-pas-60w\/","og_site_name":"distribuci\u00f3n ARC","article_modified_time":"2022-03-02T10:04:22+00:00","og_image":[{"width":1600,"height":1600,"url":"https:\/\/distribucionarc.com\/wp-content\/uploads\/2020\/08\/Cinta-transportadora-con-barandilla-Banda-transportadora-industrial-60W-0.jpg","type":"image\/jpeg"}],"twitter_card":"summary_large_image","twitter_misc":{"Predpokladan\u00fd \u010das \u010d\u00edtania":"1 min\u00fata"},"schema":{"@context":"https:\/\/schema.org","@graph":[{"@type":"WebPage","@id":"https:\/\/distribucionarc.com\/en\/producto\/cinta-transportadora-con-barandilla-banda-transportadora-industrial-60w\/","url":"https:\/\/distribucionarc.com\/en\/producto\/cinta-transportadora-con-barandilla-banda-transportadora-industrial-60w\/","name":"Dopravn\u00edkov\u00fd p\u00e1s s mantinelom, Priemyseln\u00fd dopravn\u00fd p\u00e1s 60W - ARC rozvod","isPartOf":{"@id":"https:\/\/www.distribucionarc.com\/tr\/#website"},"primaryImageOfPage":{"@id":"https:\/\/distribucionarc.com\/en\/producto\/cinta-transportadora-con-barandilla-banda-transportadora-industrial-60w\/#primaryimage"},"image":{"@id":"https:\/\/distribucionarc.com\/en\/producto\/cinta-transportadora-con-barandilla-banda-transportadora-industrial-60w\/#primaryimage"},"thumbnailUrl":"https:\/\/distribucionarc.com\/wp-content\/uploads\/2020\/08\/Cinta-transportadora-con-barandilla-Banda-transportadora-industrial-60W-0.jpg","datePublished":"2020-08-24T14:40:16+00:00","dateModified":"2022-03-02T10:04:22+00:00","breadcrumb":{"@id":"https:\/\/distribucionarc.com\/en\/producto\/cinta-transportadora-con-barandilla-banda-transportadora-industrial-60w\/#breadcrumb"},"inLanguage":"sk-SK","potentialAction":[{"@type":"ReadAction","target":["https:\/\/distribucionarc.com\/en\/producto\/cinta-transportadora-con-barandilla-banda-transportadora-industrial-60w\/"]}]},{"@type":"ImageObject","inLanguage":"sk-SK","@id":"https:\/\/distribucionarc.com\/en\/producto\/cinta-transportadora-con-barandilla-banda-transportadora-industrial-60w\/#primaryimage","url":"https:\/\/distribucionarc.com\/wp-content\/uploads\/2020\/08\/Cinta-transportadora-con-barandilla-Banda-transportadora-industrial-60W-0.jpg","contentUrl":"https:\/\/distribucionarc.com\/wp-content\/uploads\/2020\/08\/Cinta-transportadora-con-barandilla-Banda-transportadora-industrial-60W-0.jpg","width":1600,"height":1600,"caption":"Cinta transportadora con barandilla, Banda transportadora industrial 60W"},{"@type":"BreadcrumbList","@id":"https:\/\/distribucionarc.com\/en\/producto\/cinta-transportadora-con-barandilla-banda-transportadora-industrial-60w\/#breadcrumb","itemListElement":[{"@type":"ListItem","position":1,"name":"Portada","item":"https:\/\/www.distribucionarc.com\/tr\/"},{"@type":"ListItem","position":2,"name":"Produktai","item":"https:\/\/distribucionarc.com\/lt\/parduotuve\/"},{"@type":"ListItem","position":3,"name":"Cinta transportadora con barandilla, Banda transportadora industrial 60W"}]},{"@type":"WebSite","@id":"https:\/\/www.distribucionarc.com\/tr\/#website","url":"https:\/\/www.distribucionarc.com\/tr\/","name":"ARC distrib\u00facia","description":"Spolo\u010dnos\u0165 sa \u0161pecializuje na v\u00fdrobu a distrib\u00faciu priemyseln\u00fdch strojov, strojov na uzatv\u00e1ranie plechoviek, strojov na v\u00fdrobu tabliet, strojov na porciovanie m\u00e4sa...","publisher":{"@id":"https:\/\/www.distribucionarc.com\/tr\/#organization"},"potentialAction":[{"@type":"SearchAction","target":{"@type":"EntryPoint","urlTemplate":"https:\/\/www.distribucionarc.com\/tr\/?s={search_term_string}"},"query-input":{"@type":"PropertyValueSpecification","valueRequired":true,"valueName":"search_term_string"}}],"inLanguage":"sk-SK"},{"@type":"Organization","@id":"https:\/\/www.distribucionarc.com\/tr\/#organization","name":"Distrib\u00facia ARC","url":"https:\/\/www.distribucionarc.com\/tr\/","logo":{"@type":"ImageObject","inLanguage":"sk-SK","@id":"https:\/\/www.distribucionarc.com\/tr\/#\/schema\/logo\/image\/","url":"https:\/\/distribucionarc.com\/wp-content\/uploads\/2024\/10\/distribucion-ARC-COLOR-SIN-FONDO-e1732295305345.png","contentUrl":"https:\/\/distribucionarc.com\/wp-content\/uploads\/2024\/10\/distribucion-ARC-COLOR-SIN-FONDO-e1732295305345.png","width":1164,"height":558,"caption":"Distribuci\u00f3n ARC"},"image":{"@id":"https:\/\/www.distribucionarc.com\/tr\/#\/schema\/logo\/image\/"},"description":"Spolo\u010dnos\u0165 \u0161pecializuj\u00faca sa na v\u00fdrobu a distrib\u00faciu priemyseln\u00fdch strojov pre potravin\u00e1rsky a farmaceutick\u00fd sektor. \u0160pecializujeme sa na: Stroje na kr\u00e1janie m\u00e4sa V\u00fdroba tabliet Priemyseln\u00e9 dopravn\u00e9 syst\u00e9my D\u00e1vkova\u010de na f\u013ea\u0161e A ove\u013ea viac... Pon\u00fakame inovat\u00edvne a prisp\u00f4soben\u00e9 rie\u0161enia na optimaliz\u00e1ciu v\u00fdrobn\u00fdch procesov va\u0161ej spolo\u010dnosti.","email":"Admistracion@distribucionarc.com","telephone":"+34 643496664","legalName":"ARC TECH SOLUTIONS","foundingDate":"2024-04-09","vatID":"B55480172","numberOfEmployees":{"@type":"QuantitativeValue","minValue":"1","maxValue":"10"}}]}},"_links":{"self":[{"href":"https:\/\/distribucionarc.com\/sk\/wp-json\/wp\/v2\/product\/2830","targetHints":{"allow":["GET"]}}],"collection":[{"href":"https:\/\/distribucionarc.com\/sk\/wp-json\/wp\/v2\/product"}],"about":[{"href":"https:\/\/distribucionarc.com\/sk\/wp-json\/wp\/v2\/types\/product"}],"replies":[{"embeddable":true,"href":"https:\/\/distribucionarc.com\/sk\/wp-json\/wp\/v2\/comments?post=2830"}],"version-history":[{"count":0,"href":"https:\/\/distribucionarc.com\/sk\/wp-json\/wp\/v2\/product\/2830\/revisions"}],"wp:featuredmedia":[{"embeddable":true,"href":"https:\/\/distribucionarc.com\/sk\/wp-json\/wp\/v2\/media\/2831"}],"wp:attachment":[{"href":"https:\/\/distribucionarc.com\/sk\/wp-json\/wp\/v2\/media?parent=2830"}],"wp:term":[{"taxonomy":"product_brand","embeddable":true,"href":"https:\/\/distribucionarc.com\/sk\/wp-json\/wp\/v2\/product_brand?post=2830"},{"taxonomy":"product_cat","embeddable":true,"href":"https:\/\/distribucionarc.com\/sk\/wp-json\/wp\/v2\/product_cat?post=2830"},{"taxonomy":"product_tag","embeddable":true,"href":"https:\/\/distribucionarc.com\/sk\/wp-json\/wp\/v2\/product_tag?post=2830"}],"curies":[{"name":"pracovn\u00fd list","href":"https:\/\/api.w.org\/{rel}","templated":true}]}}