{"id":2856,"date":"2020-08-25T09:32:15","date_gmt":"2020-08-25T09:32:15","guid":{"rendered":"https:\/\/distribucionarc.com\/?post_type=product&#038;p=2856"},"modified":"2020-10-01T11:10:14","modified_gmt":"2020-10-01T11:10:14","slug":"profi-pocitadlo-minci-300-min","status":"publish","type":"product","link":"https:\/\/distribucionarc.com\/sk\/producto\/contador-de-monedas-profesional-300-min\/","title":{"rendered":"Profesion\u00e1lne po\u010d\u00edtadlo minc\u00ed 300\/min\u00a0"},"content":{"rendered":"<h3>Profesion\u00e1lne po\u010d\u00edtadlo minc\u00ed 300\/min<\/h3>\n<p>On <strong>triedi\u010d minc\u00ed <span style=\"color: #ff0000;\">TO<\/span><span style=\"color: #0000ff;\">R<\/span>c<\/strong> je profesion\u00e1lne elektronick\u00e9 po\u010d\u00edtadlo minc\u00ed, ktor\u00e9 v\u00e1m u\u0161etr\u00ed \u010das t\u00fdm, \u017ee oddel\u00ed a spo\u010d\u00edta ka\u017ed\u00fa mincu v r\u00f4znych priehradk\u00e1ch, pri\u010dom na digit\u00e1lnom displeji zobraz\u00ed celkov\u00fd po\u010det a jedine\u010dn\u00fd s\u00fa\u010det ka\u017edej hodnoty.<\/p>\n<p>Triedi\u010d automaticky spo\u010d\u00edta a roztriedi v\u0161etky euromince od 1 centa do 2 eur. On <strong>automatick\u00e9 po\u010d\u00edtadlo <span style=\"color: #ff0000;\">TO<\/span><span style=\"color: #0000ff;\">R<\/span>300 CMCM<\/strong> m\u00f4\u017ee po\u010d\u00edta\u0165 <span style=\"color: #000000;\"><strong>300 minc\u00ed za min\u00fatu<\/strong><\/span>, to v\u00e1m zaru\u010d\u00ed r\u00fdchly a efekt\u00edvny stroj.<\/p>\n<p>Disponuje digit\u00e1lnym displejom, kde si m\u00f4\u017eete vypo\u010d\u00edta\u0165 a zobrazi\u0165 presne celkov\u00fd po\u010det jednotliv\u00fdch typov hodn\u00f4t. M\u00e1 tri modely po\u010d\u00edtania: vo\u013en\u00e9 po\u010d\u00edtanie, d\u00e1vkov\u00e9 po\u010d\u00edtanie a re\u017eim pevn\u00e9ho po\u010d\u00edtania.<\/p>\n<h6><b>Z\u00e1ruka<\/b><strong>\u00a0<\/strong><span style=\"color: #ff0000;\"><strong>TO<\/strong><\/span><span style=\"color: #0000ff;\"><strong>R<\/strong><\/span><strong>C 2 ROKY<\/strong><\/h6>\n<h6><span style=\"color: #008000;\">Stroj<b> Efekt\u00edvne po\u010d\u00edtanie, n\u00edzka spotreba 40W<\/b><\/span><\/h6>\n<h6><b>vr\u00e1tane technickej podpory.<\/b><\/h6>\n<p>&nbsp;<\/p>\n<table width=\"100%\">\n<tbody>\n<tr>\n<td>Zna\u010dka:<\/td>\n<td width=\"32%\">ARC<\/td>\n<td>Hmotnos\u0165:<\/td>\n<td width=\"30%\">3,9 kg<\/td>\n<\/tr>\n<tr>\n<td>Krajina distrib\u00facie:<\/td>\n<td width=\"32%\">\u0160panielsko, Nemecko, USA<\/td>\n<td>v\u00fd\u0161ka:<\/td>\n<td width=\"30%\">26 cm<\/td>\n<\/tr>\n<tr>\n<td>Farba:<\/td>\n<td width=\"32%\">\u010cierna<\/td>\n<td>Dlh\u00e9:<\/td>\n<td width=\"30%\">39 cm<\/td>\n<\/tr>\n<tr>\n<td>Typ produktu:<\/td>\n<td width=\"32%\">Po\u010d\u00edtadlo minc\u00ed<\/td>\n<td>\u0160irok\u00e1:<\/td>\n<td width=\"30%\">30 cm<\/td>\n<\/tr>\n<tr>\n<td>\u010c\u00edslo v\u00fdrobcu:<\/td>\n<td width=\"32%\">ARCMCM300<\/td>\n<td>R\u00fdchlos\u0165 po\u010d\u00edtania:<\/td>\n<td width=\"30%\">300 za min\u00fatu<\/td>\n<\/tr>\n<tr>\n<td>\u00a0Z\u00e1ruka:<\/td>\n<td width=\"32%\">\u00a02 ROKY<\/td>\n<td>Kapacita pultu:<\/td>\n<td width=\"30%\">700 (z\u00e1vis\u00ed od ve\u013ekosti)<\/td>\n<\/tr>\n<tr>\n<td>V\u00fdkon:<\/td>\n<td width=\"32%\">40 W<\/td>\n<td>Zah\u0155\u0148a:<\/td>\n<td width=\"30%\">8 zbern\u00fdch boxov<\/td>\n<\/tr>\n<\/tbody>\n<\/table>","protected":false},"excerpt":{"rendered":"<h2>Profesion\u00e1lne po\u010d\u00edtadlo minc\u00ed 300\/min<\/h2>\n<p style=\"margin: 0cm;\"><span style=\"font-family: 'Arial',sans-serif; color: black;\">On<strong> po\u010d\u00edtadlo minc\u00ed <span style=\"color: #ff0000;\">TO<\/span><span style=\"color: #0000ff;\">R<\/span>c<\/strong> M\u00f4\u017eu automaticky klasifikova\u0165 a po\u010d\u00edta\u0165 zmie\u0161an\u00e9 mince v re\u00e1lnom \u010dase a m\u00f4\u017eu tie\u017e klasifikova\u0165 a vypo\u010d\u00edta\u0165 individu\u00e1lnu hodnotu ka\u017edej mince. Zabudnite na hlu\u010dn\u00e9 a objemn\u00e9 triedi\u010de minc\u00ed!<\/span><\/p>\n<h6><\/h6>\n<h6><b>Z\u00e1ruka<\/b><strong>\u00a0<\/strong><span style=\"color: #ff0000;\"><strong>TO<\/strong><\/span><span style=\"color: #0000ff;\"><strong>R<\/strong><\/span><strong>C 2 ROKY<\/strong><\/h6>\n<h6><span style=\"color: #008000;\">Stroj<b> Efekt\u00edvne po\u010d\u00edtanie, n\u00edzka spotreba 40W<\/b><\/span><\/h6>\n<h6><b>vr\u00e1tane technickej podpory.<\/b><\/h6>","protected":false},"featured_media":2865,"comment_status":"open","ping_status":"closed","template":"","meta":{"wds_primary_product_brand":0,"wds_primary_product_cat":0},"product_brand":[],"product_cat":[69],"product_tag":[],"class_list":{"0":"post-2856","1":"product","2":"type-product","3":"status-publish","4":"has-post-thumbnail","6":"product_cat-maquinas-variadas","7":"product_shipping_class-hosteleria","9":"first","10":"instock","11":"sale","12":"taxable","13":"shipping-taxable","14":"purchasable","15":"product-type-simple"},"yoast_head":"<!-- This site is optimized with the Yoast SEO Premium plugin v24.9 (Yoast SEO v26.1) - https:\/\/yoast.com\/wordpress\/plugins\/seo\/ -->\n<title>Contador de monedas profesional 300\/min\u00a0 - distribuci\u00f3n ARC<\/title>\n<meta name=\"robots\" content=\"index, follow, max-snippet:-1, max-image-preview:large, max-video-preview:-1\" \/>\n<link rel=\"canonical\" href=\"https:\/\/www.distribucionarc.com\/sk\/producto\/contador-de-monedas-profesional-300-min\/\" \/>\n<meta property=\"og:locale\" content=\"sk_SK\" \/>\n<meta property=\"og:type\" content=\"article\" \/>\n<meta property=\"og:title\" content=\"Contador de monedas profesional 300\/min\u00a0\" \/>\n<meta property=\"og:description\" content=\"Contador de monedas profesional 300\/min El contador de monedas ARC pueden clasificar y contar autom\u00e1ticamente monedas mixtas en tiempo real, adem\u00e1s puede clasificar y calcular la cifra individual de cada moneda. \u00a1Olv\u00eddese de los clasificadores de monedas ruidosos y voluminosos!   Garant\u00eda\u00a0ARC 2 A\u00d1OS M\u00e1quina de conteo eficiente, bajo consumo 40 W soporte t\u00e9cnico incluido.\" \/>\n<meta property=\"og:url\" content=\"https:\/\/www.distribucionarc.com\/sk\/producto\/contador-de-monedas-profesional-300-min\/\" \/>\n<meta property=\"og:site_name\" content=\"distribuci\u00f3n ARC\" \/>\n<meta property=\"article:modified_time\" content=\"2020-10-01T11:10:14+00:00\" \/>\n<meta property=\"og:image\" content=\"https:\/\/www.distribucionarc.com\/wp-content\/uploads\/2020\/08\/Contador-de-monedas-profesional-300min-0.jpg\" \/>\n\t<meta property=\"og:image:width\" content=\"1600\" \/>\n\t<meta property=\"og:image:height\" content=\"1600\" \/>\n\t<meta property=\"og:image:type\" content=\"image\/jpeg\" \/>\n<meta name=\"twitter:card\" content=\"summary_large_image\" \/>\n<meta name=\"twitter:label1\" content=\"Predpokladan\u00fd \u010das \u010d\u00edtania\" \/>\n\t<meta name=\"twitter:data1\" content=\"1 min\u00fata\" \/>\n<script type=\"application\/ld+json\" class=\"yoast-schema-graph\">{\"@context\":\"https:\/\/schema.org\",\"@graph\":[{\"@type\":\"WebPage\",\"@id\":\"https:\/\/www.distribucionarc.com\/sk\/producto\/contador-de-monedas-profesional-300-min\/\",\"url\":\"https:\/\/www.distribucionarc.com\/sk\/producto\/contador-de-monedas-profesional-300-min\/\",\"name\":\"Contador de monedas profesional 300\/min\u00a0 - distribuci\u00f3n ARC\",\"isPartOf\":{\"@id\":\"https:\/\/www.distribucionarc.com\/de\/#website\"},\"primaryImageOfPage\":{\"@id\":\"https:\/\/www.distribucionarc.com\/sk\/producto\/contador-de-monedas-profesional-300-min\/#primaryimage\"},\"image\":{\"@id\":\"https:\/\/www.distribucionarc.com\/sk\/producto\/contador-de-monedas-profesional-300-min\/#primaryimage\"},\"thumbnailUrl\":\"https:\/\/distribucionarc.com\/wp-content\/uploads\/2020\/08\/Contador-de-monedas-profesional-300min-0.jpg\",\"datePublished\":\"2020-08-25T09:32:15+00:00\",\"dateModified\":\"2020-10-01T11:10:14+00:00\",\"breadcrumb\":{\"@id\":\"https:\/\/www.distribucionarc.com\/sk\/producto\/contador-de-monedas-profesional-300-min\/#breadcrumb\"},\"inLanguage\":\"sk-SK\",\"potentialAction\":[{\"@type\":\"ReadAction\",\"target\":[\"https:\/\/www.distribucionarc.com\/sk\/producto\/contador-de-monedas-profesional-300-min\/\"]}]},{\"@type\":\"ImageObject\",\"inLanguage\":\"sk-SK\",\"@id\":\"https:\/\/www.distribucionarc.com\/sk\/producto\/contador-de-monedas-profesional-300-min\/#primaryimage\",\"url\":\"https:\/\/distribucionarc.com\/wp-content\/uploads\/2020\/08\/Contador-de-monedas-profesional-300min-0.jpg\",\"contentUrl\":\"https:\/\/distribucionarc.com\/wp-content\/uploads\/2020\/08\/Contador-de-monedas-profesional-300min-0.jpg\",\"width\":1600,\"height\":1600,\"caption\":\"Contador de monedas profesional 300\/min\u00a0\"},{\"@type\":\"BreadcrumbList\",\"@id\":\"https:\/\/www.distribucionarc.com\/sk\/producto\/contador-de-monedas-profesional-300-min\/#breadcrumb\",\"itemListElement\":[{\"@type\":\"ListItem\",\"position\":1,\"name\":\"Portada\",\"item\":\"https:\/\/www.distribucionarc.com\/en\/\"},{\"@type\":\"ListItem\",\"position\":2,\"name\":\"Products\",\"item\":\"https:\/\/www.distribucionarc.com\/en\/shop\/\"},{\"@type\":\"ListItem\",\"position\":3,\"name\":\"Contador de monedas profesional 300\/min\u00a0\"}]},{\"@type\":\"WebSite\",\"@id\":\"https:\/\/www.distribucionarc.com\/de\/#website\",\"url\":\"https:\/\/www.distribucionarc.com\/de\/\",\"name\":\"distribuci\u00f3n ARC\",\"description\":\"Empresa especializada en la fabricaci\u00f3n y distribuci\u00f3n de maquinaria industrial, selladoras de latas, Maquinas de hacer pastillas, Maquinas de cortar carne...\",\"publisher\":{\"@id\":\"https:\/\/www.distribucionarc.com\/de\/#organization\"},\"potentialAction\":[{\"@type\":\"SearchAction\",\"target\":{\"@type\":\"EntryPoint\",\"urlTemplate\":\"https:\/\/www.distribucionarc.com\/de\/?s={search_term_string}\"},\"query-input\":{\"@type\":\"PropertyValueSpecification\",\"valueRequired\":true,\"valueName\":\"search_term_string\"}}],\"inLanguage\":\"sk-SK\"},{\"@type\":\"Organization\",\"@id\":\"https:\/\/www.distribucionarc.com\/de\/#organization\",\"name\":\"Distribuci\u00f3n ARC\",\"url\":\"https:\/\/www.distribucionarc.com\/de\/\",\"logo\":{\"@type\":\"ImageObject\",\"inLanguage\":\"sk-SK\",\"@id\":\"https:\/\/www.distribucionarc.com\/de\/#\/schema\/logo\/image\/\",\"url\":\"https:\/\/distribucionarc.com\/wp-content\/uploads\/2024\/10\/distribucion-ARC-COLOR-SIN-FONDO-e1732295305345.png\",\"contentUrl\":\"https:\/\/distribucionarc.com\/wp-content\/uploads\/2024\/10\/distribucion-ARC-COLOR-SIN-FONDO-e1732295305345.png\",\"width\":1164,\"height\":558,\"caption\":\"Distribuci\u00f3n ARC\"},\"image\":{\"@id\":\"https:\/\/www.distribucionarc.com\/de\/#\/schema\/logo\/image\/\"},\"description\":\"Empresa especializada en la fabricaci\u00f3n y distribuci\u00f3n de maquinaria industrial para los sectores alimentario y farmac\u00e9utico. Nos especializamos en: M\u00e1quinas de cortar carne Fabricaci\u00f3n de comprimidos Sistemas de transporte industrial L\u00edneas de embotellado Dosificadores Y mucho m\u00e1s... Ofrecemos soluciones innovadoras y personalizadas para optimizar los procesos productivos de tu empresa.\",\"email\":\"Admistracion@distribucionarc.com\",\"telephone\":\"+34 643496664\",\"legalName\":\"ARC TECH SOLUTIONS\",\"foundingDate\":\"2024-04-09\",\"vatID\":\"B55480172\",\"numberOfEmployees\":{\"@type\":\"QuantitativeValue\",\"minValue\":\"1\",\"maxValue\":\"10\"}}]}<\/script>\n<!-- \/ Yoast SEO Premium plugin. -->","yoast_head_json":{"title":"Profesion\u00e1lne po\u010d\u00edtadlo minc\u00ed 300\/min - ARC rozvod","robots":{"index":"index","follow":"follow","max-snippet":"max-snippet:-1","max-image-preview":"max-image-preview:large","max-video-preview":"max-video-preview:-1"},"canonical":"https:\/\/www.distribucionarc.com\/sk\/producto\/contador-de-monedas-profesional-300-min\/","og_locale":"sk_SK","og_type":"article","og_title":"Contador de monedas profesional 300\/min\u00a0","og_description":"Contador de monedas profesional 300\/min El contador de monedas ARC pueden clasificar y contar autom\u00e1ticamente monedas mixtas en tiempo real, adem\u00e1s puede clasificar y calcular la cifra individual de cada moneda. \u00a1Olv\u00eddese de los clasificadores de monedas ruidosos y voluminosos!   Garant\u00eda\u00a0ARC 2 A\u00d1OS M\u00e1quina de conteo eficiente, bajo consumo 40 W soporte t\u00e9cnico incluido.","og_url":"https:\/\/www.distribucionarc.com\/sk\/producto\/contador-de-monedas-profesional-300-min\/","og_site_name":"distribuci\u00f3n ARC","article_modified_time":"2020-10-01T11:10:14+00:00","og_image":[{"width":1600,"height":1600,"url":"https:\/\/www.distribucionarc.com\/wp-content\/uploads\/2020\/08\/Contador-de-monedas-profesional-300min-0.jpg","type":"image\/jpeg"}],"twitter_card":"summary_large_image","twitter_misc":{"Predpokladan\u00fd \u010das \u010d\u00edtania":"1 min\u00fata"},"schema":{"@context":"https:\/\/schema.org","@graph":[{"@type":"WebPage","@id":"https:\/\/www.distribucionarc.com\/sk\/producto\/contador-de-monedas-profesional-300-min\/","url":"https:\/\/www.distribucionarc.com\/sk\/producto\/contador-de-monedas-profesional-300-min\/","name":"Profesion\u00e1lne po\u010d\u00edtadlo minc\u00ed 300\/min - ARC rozvod","isPartOf":{"@id":"https:\/\/www.distribucionarc.com\/de\/#website"},"primaryImageOfPage":{"@id":"https:\/\/www.distribucionarc.com\/sk\/producto\/contador-de-monedas-profesional-300-min\/#primaryimage"},"image":{"@id":"https:\/\/www.distribucionarc.com\/sk\/producto\/contador-de-monedas-profesional-300-min\/#primaryimage"},"thumbnailUrl":"https:\/\/distribucionarc.com\/wp-content\/uploads\/2020\/08\/Contador-de-monedas-profesional-300min-0.jpg","datePublished":"2020-08-25T09:32:15+00:00","dateModified":"2020-10-01T11:10:14+00:00","breadcrumb":{"@id":"https:\/\/www.distribucionarc.com\/sk\/producto\/contador-de-monedas-profesional-300-min\/#breadcrumb"},"inLanguage":"sk-SK","potentialAction":[{"@type":"ReadAction","target":["https:\/\/www.distribucionarc.com\/sk\/producto\/contador-de-monedas-profesional-300-min\/"]}]},{"@type":"ImageObject","inLanguage":"sk-SK","@id":"https:\/\/www.distribucionarc.com\/sk\/producto\/contador-de-monedas-profesional-300-min\/#primaryimage","url":"https:\/\/distribucionarc.com\/wp-content\/uploads\/2020\/08\/Contador-de-monedas-profesional-300min-0.jpg","contentUrl":"https:\/\/distribucionarc.com\/wp-content\/uploads\/2020\/08\/Contador-de-monedas-profesional-300min-0.jpg","width":1600,"height":1600,"caption":"Contador de monedas profesional 300\/min\u00a0"},{"@type":"BreadcrumbList","@id":"https:\/\/www.distribucionarc.com\/sk\/producto\/contador-de-monedas-profesional-300-min\/#breadcrumb","itemListElement":[{"@type":"ListItem","position":1,"name":"Portada","item":"https:\/\/www.distribucionarc.com\/en\/"},{"@type":"ListItem","position":2,"name":"Products","item":"https:\/\/www.distribucionarc.com\/en\/shop\/"},{"@type":"ListItem","position":3,"name":"Contador de monedas profesional 300\/min\u00a0"}]},{"@type":"WebSite","@id":"https:\/\/www.distribucionarc.com\/de\/#website","url":"https:\/\/www.distribucionarc.com\/de\/","name":"ARC distrib\u00facia","description":"Spolo\u010dnos\u0165 sa \u0161pecializuje na v\u00fdrobu a distrib\u00faciu priemyseln\u00fdch strojov, strojov na uzatv\u00e1ranie plechoviek, strojov na v\u00fdrobu tabliet, strojov na porciovanie m\u00e4sa...","publisher":{"@id":"https:\/\/www.distribucionarc.com\/de\/#organization"},"potentialAction":[{"@type":"SearchAction","target":{"@type":"EntryPoint","urlTemplate":"https:\/\/www.distribucionarc.com\/de\/?s={search_term_string}"},"query-input":{"@type":"PropertyValueSpecification","valueRequired":true,"valueName":"search_term_string"}}],"inLanguage":"sk-SK"},{"@type":"Organization","@id":"https:\/\/www.distribucionarc.com\/de\/#organization","name":"Distrib\u00facia ARC","url":"https:\/\/www.distribucionarc.com\/de\/","logo":{"@type":"ImageObject","inLanguage":"sk-SK","@id":"https:\/\/www.distribucionarc.com\/de\/#\/schema\/logo\/image\/","url":"https:\/\/distribucionarc.com\/wp-content\/uploads\/2024\/10\/distribucion-ARC-COLOR-SIN-FONDO-e1732295305345.png","contentUrl":"https:\/\/distribucionarc.com\/wp-content\/uploads\/2024\/10\/distribucion-ARC-COLOR-SIN-FONDO-e1732295305345.png","width":1164,"height":558,"caption":"Distribuci\u00f3n ARC"},"image":{"@id":"https:\/\/www.distribucionarc.com\/de\/#\/schema\/logo\/image\/"},"description":"Spolo\u010dnos\u0165 \u0161pecializuj\u00faca sa na v\u00fdrobu a distrib\u00faciu priemyseln\u00fdch strojov pre potravin\u00e1rsky a farmaceutick\u00fd sektor. \u0160pecializujeme sa na: Stroje na kr\u00e1janie m\u00e4sa V\u00fdroba tabliet Priemyseln\u00e9 dopravn\u00e9 syst\u00e9my D\u00e1vkova\u010de na f\u013ea\u0161e A ove\u013ea viac... Pon\u00fakame inovat\u00edvne a prisp\u00f4soben\u00e9 rie\u0161enia na optimaliz\u00e1ciu v\u00fdrobn\u00fdch procesov va\u0161ej spolo\u010dnosti.","email":"Admistracion@distribucionarc.com","telephone":"+34 643496664","legalName":"ARC TECH SOLUTIONS","foundingDate":"2024-04-09","vatID":"B55480172","numberOfEmployees":{"@type":"QuantitativeValue","minValue":"1","maxValue":"10"}}]}},"_links":{"self":[{"href":"https:\/\/distribucionarc.com\/sk\/wp-json\/wp\/v2\/product\/2856","targetHints":{"allow":["GET"]}}],"collection":[{"href":"https:\/\/distribucionarc.com\/sk\/wp-json\/wp\/v2\/product"}],"about":[{"href":"https:\/\/distribucionarc.com\/sk\/wp-json\/wp\/v2\/types\/product"}],"replies":[{"embeddable":true,"href":"https:\/\/distribucionarc.com\/sk\/wp-json\/wp\/v2\/comments?post=2856"}],"version-history":[{"count":0,"href":"https:\/\/distribucionarc.com\/sk\/wp-json\/wp\/v2\/product\/2856\/revisions"}],"wp:featuredmedia":[{"embeddable":true,"href":"https:\/\/distribucionarc.com\/sk\/wp-json\/wp\/v2\/media\/2865"}],"wp:attachment":[{"href":"https:\/\/distribucionarc.com\/sk\/wp-json\/wp\/v2\/media?parent=2856"}],"wp:term":[{"taxonomy":"product_brand","embeddable":true,"href":"https:\/\/distribucionarc.com\/sk\/wp-json\/wp\/v2\/product_brand?post=2856"},{"taxonomy":"product_cat","embeddable":true,"href":"https:\/\/distribucionarc.com\/sk\/wp-json\/wp\/v2\/product_cat?post=2856"},{"taxonomy":"product_tag","embeddable":true,"href":"https:\/\/distribucionarc.com\/sk\/wp-json\/wp\/v2\/product_tag?post=2856"}],"curies":[{"name":"pracovn\u00fd list","href":"https:\/\/api.w.org\/{rel}","templated":true}]}}