{"id":2881,"date":"2020-08-25T11:44:51","date_gmt":"2020-08-25T11:44:51","guid":{"rendered":"https:\/\/distribucionarc.com\/?post_type=product&#038;p=2881"},"modified":"2020-10-01T11:17:22","modified_gmt":"2020-10-01T11:17:22","slug":"automaticke-odizolovanie-kablov-15-38mm","status":"publish","type":"product","link":"https:\/\/distribucionarc.com\/sk\/producto\/peladora-de-cables-automatica-15-38mm\/","title":{"rendered":"Automatick\u00fd odizolova\u010d k\u00e1blov 1,5 \u2013 38 mm"},"content":{"rendered":"<h3>Automatick\u00fd odizolova\u010d k\u00e1blov 1,5 \u2013 38 mm<\/h3>\n<p>Prenosn\u00fd a \u013eahk\u00fd dizajn u\u013eah\u010duje pren\u00e1\u0161anie. <strong>automatick\u00fd stroj na odizolovanie k\u00e1blov <span style=\"color: #ff0000;\">TO<\/span><span style=\"color: #0000ff;\">R<\/span>c<\/strong>. Vyroben\u00e9 z odolnej ocele na zaistenie odolnosti a bezpe\u010dnosti po\u010das procesu. Jednoduch\u00e1 obsluha v\u010faka 4 mont\u00e1\u017enym otvorom.<\/p>\n<p>V\u00fdkonn\u00fd 400 wattov\u00fd 1 f\u00e1zov\u00fd \u0161tvorp\u00f3lov\u00fd motor, dosahuje r\u00fdchlos\u0165: 1400 ot.\/min. a m\u00e1 krytie: IP44. Rezn\u00e9 kot\u00fa\u010de maj\u00fa vysok\u00fa tvrdos\u0165 a s\u00fa antikor\u00f3zne. V\u010faka sile motora je r\u00fdchlos\u0165 l\u00fapania r\u00fdchla.<\/p>\n<p>S <strong>odizolova\u010d k\u00e1blov<span style=\"color: #ff0000;\"> TO<\/span><span style=\"color: #0000ff;\">R<\/span>CPCE400<\/strong> Pre r\u00f4zne potreby, ktor\u00e9 m\u00f4\u017eu nasta\u0165, m\u00f4\u017eete vykona\u0165 automatick\u00fd alebo k\u013eukov\u00fd proces. Je schopn\u00fd odizolova\u0165 okr\u00fahle alebo ploch\u00e9 k\u00e1ble s pl\u00e1\u0161\u0165om od 1,5 mm do 38 mm.  D\u013a\u017eka rezu m\u00f4\u017ee by\u0165 150-99999 mm<\/p>\n<h6><strong>Z\u00e1ruka\u00a0<span style=\"color: #ff0000;\">TO<\/span><span style=\"color: #0000ff;\">R<\/span>C 2 ROKY<\/strong><\/h6>\n<h6><span style=\"color: #008000;\">Efekt\u00edvny odizolova\u010d k\u00e1blov, n\u00edzka spotreba 320w<\/span><\/h6>\n<h6><strong>vr\u00e1tane technickej podpory<\/strong><\/h6>\n<p>&nbsp;<\/p>\n<table role=\"presentation\" width=\"100%\" cellspacing=\"0\" cellpadding=\"0\">\n<tbody>\n<tr>\n<td class=\"attrLabels\">Zna\u010dka:<\/td>\n<td width=\"50.0%\">ARC<\/td>\n<\/tr>\n<tr>\n<td class=\"attrLabels\">Krajina distrib\u00facie:<\/td>\n<td width=\"50.0%\">\u0160panielsko, Nemecko, USA<\/td>\n<td class=\"attrLabels\">Hmotnos\u0165:<\/td>\n<td width=\"50.0%\">45 kg<\/td>\n<\/tr>\n<tr>\n<td class=\"attrLabels\">Zna\u010dka:<\/td>\n<td width=\"50.0%\">ARC<\/td>\n<td class=\"attrLabels\">v\u00fd\u0161ka:<\/td>\n<td width=\"50.0%\">32,2 cm<\/td>\n<\/tr>\n<tr>\n<td class=\"attrLabels\">Farba:<\/td>\n<td width=\"50.0%\">\u010cierna, \u017elt\u00e1<\/td>\n<td class=\"attrLabels\">Dlh\u00e9:<\/td>\n<td width=\"50.0%\">81,5 cm<\/td>\n<\/tr>\n<tr>\n<td class=\"attrLabels\">Typ produktu:<\/td>\n<td width=\"50.0%\">elektrick\u00fd mlyn\u010dek<\/td>\n<td class=\"attrLabels\">\u0160irok\u00e1:<\/td>\n<td width=\"50.0%\">34,3 cm<\/td>\n<\/tr>\n<tr>\n<td class=\"attrLabels\">\u010c\u00edslo v\u00fdrobcu:<\/td>\n<td width=\"50.0%\">ARCPCE400<\/td>\n<td class=\"attrLabels\">\u00darove\u0148 ochrany:<\/td>\n<td width=\"50.0%\">IP44<\/td>\n<\/tr>\n<tr>\n<td class=\"attrLabels\">Materi\u00e1l:<\/td>\n<td width=\"50.0%\">oce\u013eov\u00fd, v\u00fdkonn\u00fd motor<\/td>\n<td class=\"attrLabels\">Nomin\u00e1lna r\u00fdchlos\u0165:<\/td>\n<td width=\"50.0%\">14000 ot.\/min<\/td>\n<\/tr>\n<tr>\n<td class=\"attrLabels\">Z\u00e1ruka:<\/td>\n<td width=\"50.0%\">\u00a0 2 roky<\/td>\n<td class=\"attrLabels\">Sloty:<\/td>\n<td width=\"50.0%\">8 okr\u00fahlych otvorov a 2 ploch\u00e9 otvory<\/td>\n<\/tr>\n<tr>\n<td class=\"attrLabels\">V\u00fdkon:<\/td>\n<td width=\"50.0%\">320 W<\/td>\n<td class=\"attrLabels\">\u010cepele:<\/td>\n<td width=\"50.0%\">10<\/td>\n<\/tr>\n<\/tbody>\n<\/table>","protected":false},"excerpt":{"rendered":"<h2>Automatick\u00fd odizolova\u010d k\u00e1blov 1,5 \u2013 38 mm<\/h2>\n<p>The <strong>automatick\u00fd stroj na odizolovanie dr\u00f4tov<\/strong> pracovnej plochy <strong><span style=\"color: #ff0000;\">TO<\/span><span style=\"color: #0000ff;\">R<\/span>c<\/strong> odizoluje dr\u00f4t od 1,5 mm do 38 mm. Navrhnut\u00e9 ako prenosn\u00e9, s plne chr\u00e1nen\u00fdmi \u010depe\u013eami a tla\u010didlom n\u00fadzov\u00e9ho zastavenia na zaistenie bezpe\u010dnosti. Motor z \u010distej medi s menovitou r\u00fdchlos\u0165ou 1400 ot.\/min., pre r\u00fdchle a stabiln\u00e9 odizolovanie dr\u00f4tu. Tento stroj na odizolovanie medi je ide\u00e1lny pre r\u00f4zne typy okr\u00fahlych k\u00e1blov a k\u00e1blov s ploch\u00fdm pl\u00e1\u0161\u0165om.<\/p>\n<h6><strong>Z\u00e1ruka\u00a0<span style=\"color: #ff0000;\">TO<\/span><span style=\"color: #0000ff;\">R<\/span>C 2 ROKY<\/strong><\/h6>\n<h6><span style=\"color: #008000;\">Efekt\u00edvny odizolova\u010d k\u00e1blov, n\u00edzka spotreba 320w<\/span><\/h6>\n<h6><strong>vr\u00e1tane technickej podpory<\/strong><\/h6>","protected":false},"featured_media":2892,"comment_status":"open","ping_status":"closed","template":"","meta":{"wds_primary_product_brand":0,"wds_primary_product_cat":0},"product_brand":[],"product_cat":[69],"product_tag":[],"class_list":{"0":"post-2881","1":"product","2":"type-product","3":"status-publish","4":"has-post-thumbnail","6":"product_cat-maquinas-variadas","7":"product_shipping_class-express","9":"first","10":"instock","11":"sale","12":"taxable","13":"shipping-taxable","14":"purchasable","15":"product-type-simple"},"yoast_head":"<!-- This site is optimized with the Yoast SEO Premium plugin v24.9 (Yoast SEO v26.1) - https:\/\/yoast.com\/wordpress\/plugins\/seo\/ -->\n<title>Peladora de cables autom\u00e1tica 1,5 - 38mm - distribuci\u00f3n ARC<\/title>\n<meta name=\"robots\" content=\"index, follow, max-snippet:-1, max-image-preview:large, max-video-preview:-1\" \/>\n<link rel=\"canonical\" href=\"https:\/\/www.distribucionarc.com\/bg\/producto\/peladora-de-cables-automatica-15-38mm\/\" \/>\n<meta property=\"og:locale\" content=\"sk_SK\" \/>\n<meta property=\"og:type\" content=\"article\" \/>\n<meta property=\"og:title\" content=\"Peladora de cables autom\u00e1tica 1,5 - 38mm\" \/>\n<meta property=\"og:description\" content=\"Peladora de cables autom\u00e1tica 1,5 - 38mm La m\u00e1quina peladora de cables autom\u00e1tica de sobremesa ARC pelar\u00e1 alambre de hasta 1.5 mm a 38mm. Dise\u00f1ado para ser port\u00e1til, con cuchillas totalmente protegidas y bot\u00f3n de parada de emergencia para garantizar la seguridad. El Motor de cobre puro con velocidad nominal de 1400Rpm, para pelar cables de forma r\u00e1pida y estable. Esta m\u00e1quina peladora de cobre es ideal para varios tipos de cables redondos y cables planos de cubierta. Garant\u00eda\u00a0ARC 2 A\u00d1OS Peladora de cable eficiente, bajo consumo 320w soporte t\u00e9cnico incluido\" \/>\n<meta property=\"og:url\" content=\"https:\/\/www.distribucionarc.com\/bg\/producto\/peladora-de-cables-automatica-15-38mm\/\" \/>\n<meta property=\"og:site_name\" content=\"distribuci\u00f3n ARC\" \/>\n<meta property=\"article:modified_time\" content=\"2020-10-01T11:17:22+00:00\" \/>\n<meta property=\"og:image\" content=\"https:\/\/distribucionarc.com\/wp-content\/uploads\/2020\/08\/Peladora-de-cables-autom\u00e1tica-1-5-38mm-0.jpg\" \/>\n\t<meta property=\"og:image:width\" content=\"1600\" \/>\n\t<meta property=\"og:image:height\" content=\"1600\" \/>\n\t<meta property=\"og:image:type\" content=\"image\/jpeg\" \/>\n<meta name=\"twitter:card\" content=\"summary_large_image\" \/>\n<meta name=\"twitter:label1\" content=\"Predpokladan\u00fd \u010das \u010d\u00edtania\" \/>\n\t<meta name=\"twitter:data1\" content=\"1 min\u00fata\" \/>\n<script type=\"application\/ld+json\" class=\"yoast-schema-graph\">{\"@context\":\"https:\/\/schema.org\",\"@graph\":[{\"@type\":\"WebPage\",\"@id\":\"https:\/\/www.distribucionarc.com\/bg\/producto\/peladora-de-cables-automatica-15-38mm\/\",\"url\":\"https:\/\/www.distribucionarc.com\/bg\/producto\/peladora-de-cables-automatica-15-38mm\/\",\"name\":\"Peladora de cables autom\u00e1tica 1,5 - 38mm - distribuci\u00f3n ARC\",\"isPartOf\":{\"@id\":\"https:\/\/www.distribucionarc.com\/tr\/#website\"},\"primaryImageOfPage\":{\"@id\":\"https:\/\/www.distribucionarc.com\/bg\/producto\/peladora-de-cables-automatica-15-38mm\/#primaryimage\"},\"image\":{\"@id\":\"https:\/\/www.distribucionarc.com\/bg\/producto\/peladora-de-cables-automatica-15-38mm\/#primaryimage\"},\"thumbnailUrl\":\"https:\/\/distribucionarc.com\/wp-content\/uploads\/2020\/08\/Peladora-de-cables-autom\u00e1tica-1-5-38mm-0.jpg\",\"datePublished\":\"2020-08-25T11:44:51+00:00\",\"dateModified\":\"2020-10-01T11:17:22+00:00\",\"breadcrumb\":{\"@id\":\"https:\/\/www.distribucionarc.com\/bg\/producto\/peladora-de-cables-automatica-15-38mm\/#breadcrumb\"},\"inLanguage\":\"sk-SK\",\"potentialAction\":[{\"@type\":\"ReadAction\",\"target\":[\"https:\/\/www.distribucionarc.com\/bg\/producto\/peladora-de-cables-automatica-15-38mm\/\"]}]},{\"@type\":\"ImageObject\",\"inLanguage\":\"sk-SK\",\"@id\":\"https:\/\/www.distribucionarc.com\/bg\/producto\/peladora-de-cables-automatica-15-38mm\/#primaryimage\",\"url\":\"https:\/\/distribucionarc.com\/wp-content\/uploads\/2020\/08\/Peladora-de-cables-autom\u00e1tica-1-5-38mm-0.jpg\",\"contentUrl\":\"https:\/\/distribucionarc.com\/wp-content\/uploads\/2020\/08\/Peladora-de-cables-autom\u00e1tica-1-5-38mm-0.jpg\",\"width\":1600,\"height\":1600,\"caption\":\"Peladora de cables autom\u00e1tica 1,5 - 38mm\"},{\"@type\":\"BreadcrumbList\",\"@id\":\"https:\/\/www.distribucionarc.com\/bg\/producto\/peladora-de-cables-automatica-15-38mm\/#breadcrumb\",\"itemListElement\":[{\"@type\":\"ListItem\",\"position\":1,\"name\":\"Portada\",\"item\":\"https:\/\/www.distribucionarc.com\/tr\/\"},{\"@type\":\"ListItem\",\"position\":2,\"name\":\"Produktai\",\"item\":\"https:\/\/distribucionarc.com\/lt\/parduotuve\/\"},{\"@type\":\"ListItem\",\"position\":3,\"name\":\"Peladora de cables autom\u00e1tica 1,5 &#8211; 38mm\"}]},{\"@type\":\"WebSite\",\"@id\":\"https:\/\/www.distribucionarc.com\/tr\/#website\",\"url\":\"https:\/\/www.distribucionarc.com\/tr\/\",\"name\":\"distribuci\u00f3n ARC\",\"description\":\"Empresa especializada en la fabricaci\u00f3n y distribuci\u00f3n de maquinaria industrial, selladoras de latas, Maquinas de hacer pastillas, Maquinas de cortar carne...\",\"publisher\":{\"@id\":\"https:\/\/www.distribucionarc.com\/tr\/#organization\"},\"potentialAction\":[{\"@type\":\"SearchAction\",\"target\":{\"@type\":\"EntryPoint\",\"urlTemplate\":\"https:\/\/www.distribucionarc.com\/tr\/?s={search_term_string}\"},\"query-input\":{\"@type\":\"PropertyValueSpecification\",\"valueRequired\":true,\"valueName\":\"search_term_string\"}}],\"inLanguage\":\"sk-SK\"},{\"@type\":\"Organization\",\"@id\":\"https:\/\/www.distribucionarc.com\/tr\/#organization\",\"name\":\"Distribuci\u00f3n ARC\",\"url\":\"https:\/\/www.distribucionarc.com\/tr\/\",\"logo\":{\"@type\":\"ImageObject\",\"inLanguage\":\"sk-SK\",\"@id\":\"https:\/\/www.distribucionarc.com\/tr\/#\/schema\/logo\/image\/\",\"url\":\"https:\/\/distribucionarc.com\/wp-content\/uploads\/2024\/10\/distribucion-ARC-COLOR-SIN-FONDO-e1732295305345.png\",\"contentUrl\":\"https:\/\/distribucionarc.com\/wp-content\/uploads\/2024\/10\/distribucion-ARC-COLOR-SIN-FONDO-e1732295305345.png\",\"width\":1164,\"height\":558,\"caption\":\"Distribuci\u00f3n ARC\"},\"image\":{\"@id\":\"https:\/\/www.distribucionarc.com\/tr\/#\/schema\/logo\/image\/\"},\"description\":\"Empresa especializada en la fabricaci\u00f3n y distribuci\u00f3n de maquinaria industrial para los sectores alimentario y farmac\u00e9utico. Nos especializamos en: M\u00e1quinas de cortar carne Fabricaci\u00f3n de comprimidos Sistemas de transporte industrial L\u00edneas de embotellado Dosificadores Y mucho m\u00e1s... Ofrecemos soluciones innovadoras y personalizadas para optimizar los procesos productivos de tu empresa.\",\"email\":\"Admistracion@distribucionarc.com\",\"telephone\":\"+34 643496664\",\"legalName\":\"ARC TECH SOLUTIONS\",\"foundingDate\":\"2024-04-09\",\"vatID\":\"B55480172\",\"numberOfEmployees\":{\"@type\":\"QuantitativeValue\",\"minValue\":\"1\",\"maxValue\":\"10\"}}]}<\/script>\n<!-- \/ Yoast SEO Premium plugin. -->","yoast_head_json":{"title":"Automatick\u00fd odizolova\u010d k\u00e1blov 1,5 - 38mm - ARC rozvod","robots":{"index":"index","follow":"follow","max-snippet":"max-snippet:-1","max-image-preview":"max-image-preview:large","max-video-preview":"max-video-preview:-1"},"canonical":"https:\/\/www.distribucionarc.com\/bg\/producto\/peladora-de-cables-automatica-15-38mm\/","og_locale":"sk_SK","og_type":"article","og_title":"Peladora de cables autom\u00e1tica 1,5 - 38mm","og_description":"Peladora de cables autom\u00e1tica 1,5 - 38mm La m\u00e1quina peladora de cables autom\u00e1tica de sobremesa ARC pelar\u00e1 alambre de hasta 1.5 mm a 38mm. Dise\u00f1ado para ser port\u00e1til, con cuchillas totalmente protegidas y bot\u00f3n de parada de emergencia para garantizar la seguridad. El Motor de cobre puro con velocidad nominal de 1400Rpm, para pelar cables de forma r\u00e1pida y estable. Esta m\u00e1quina peladora de cobre es ideal para varios tipos de cables redondos y cables planos de cubierta. Garant\u00eda\u00a0ARC 2 A\u00d1OS Peladora de cable eficiente, bajo consumo 320w soporte t\u00e9cnico incluido","og_url":"https:\/\/www.distribucionarc.com\/bg\/producto\/peladora-de-cables-automatica-15-38mm\/","og_site_name":"distribuci\u00f3n ARC","article_modified_time":"2020-10-01T11:17:22+00:00","og_image":[{"width":1600,"height":1600,"url":"https:\/\/distribucionarc.com\/wp-content\/uploads\/2020\/08\/Peladora-de-cables-autom\u00e1tica-1-5-38mm-0.jpg","type":"image\/jpeg"}],"twitter_card":"summary_large_image","twitter_misc":{"Predpokladan\u00fd \u010das \u010d\u00edtania":"1 min\u00fata"},"schema":{"@context":"https:\/\/schema.org","@graph":[{"@type":"WebPage","@id":"https:\/\/www.distribucionarc.com\/bg\/producto\/peladora-de-cables-automatica-15-38mm\/","url":"https:\/\/www.distribucionarc.com\/bg\/producto\/peladora-de-cables-automatica-15-38mm\/","name":"Automatick\u00fd odizolova\u010d k\u00e1blov 1,5 - 38mm - ARC rozvod","isPartOf":{"@id":"https:\/\/www.distribucionarc.com\/tr\/#website"},"primaryImageOfPage":{"@id":"https:\/\/www.distribucionarc.com\/bg\/producto\/peladora-de-cables-automatica-15-38mm\/#primaryimage"},"image":{"@id":"https:\/\/www.distribucionarc.com\/bg\/producto\/peladora-de-cables-automatica-15-38mm\/#primaryimage"},"thumbnailUrl":"https:\/\/distribucionarc.com\/wp-content\/uploads\/2020\/08\/Peladora-de-cables-autom\u00e1tica-1-5-38mm-0.jpg","datePublished":"2020-08-25T11:44:51+00:00","dateModified":"2020-10-01T11:17:22+00:00","breadcrumb":{"@id":"https:\/\/www.distribucionarc.com\/bg\/producto\/peladora-de-cables-automatica-15-38mm\/#breadcrumb"},"inLanguage":"sk-SK","potentialAction":[{"@type":"ReadAction","target":["https:\/\/www.distribucionarc.com\/bg\/producto\/peladora-de-cables-automatica-15-38mm\/"]}]},{"@type":"ImageObject","inLanguage":"sk-SK","@id":"https:\/\/www.distribucionarc.com\/bg\/producto\/peladora-de-cables-automatica-15-38mm\/#primaryimage","url":"https:\/\/distribucionarc.com\/wp-content\/uploads\/2020\/08\/Peladora-de-cables-autom\u00e1tica-1-5-38mm-0.jpg","contentUrl":"https:\/\/distribucionarc.com\/wp-content\/uploads\/2020\/08\/Peladora-de-cables-autom\u00e1tica-1-5-38mm-0.jpg","width":1600,"height":1600,"caption":"Peladora de cables autom\u00e1tica 1,5 - 38mm"},{"@type":"BreadcrumbList","@id":"https:\/\/www.distribucionarc.com\/bg\/producto\/peladora-de-cables-automatica-15-38mm\/#breadcrumb","itemListElement":[{"@type":"ListItem","position":1,"name":"Portada","item":"https:\/\/www.distribucionarc.com\/tr\/"},{"@type":"ListItem","position":2,"name":"Produktai","item":"https:\/\/distribucionarc.com\/lt\/parduotuve\/"},{"@type":"ListItem","position":3,"name":"Peladora de cables autom\u00e1tica 1,5 &#8211; 38mm"}]},{"@type":"WebSite","@id":"https:\/\/www.distribucionarc.com\/tr\/#website","url":"https:\/\/www.distribucionarc.com\/tr\/","name":"ARC distrib\u00facia","description":"Spolo\u010dnos\u0165 sa \u0161pecializuje na v\u00fdrobu a distrib\u00faciu priemyseln\u00fdch strojov, strojov na uzatv\u00e1ranie plechoviek, strojov na v\u00fdrobu tabliet, strojov na porciovanie m\u00e4sa...","publisher":{"@id":"https:\/\/www.distribucionarc.com\/tr\/#organization"},"potentialAction":[{"@type":"SearchAction","target":{"@type":"EntryPoint","urlTemplate":"https:\/\/www.distribucionarc.com\/tr\/?s={search_term_string}"},"query-input":{"@type":"PropertyValueSpecification","valueRequired":true,"valueName":"search_term_string"}}],"inLanguage":"sk-SK"},{"@type":"Organization","@id":"https:\/\/www.distribucionarc.com\/tr\/#organization","name":"Distrib\u00facia ARC","url":"https:\/\/www.distribucionarc.com\/tr\/","logo":{"@type":"ImageObject","inLanguage":"sk-SK","@id":"https:\/\/www.distribucionarc.com\/tr\/#\/schema\/logo\/image\/","url":"https:\/\/distribucionarc.com\/wp-content\/uploads\/2024\/10\/distribucion-ARC-COLOR-SIN-FONDO-e1732295305345.png","contentUrl":"https:\/\/distribucionarc.com\/wp-content\/uploads\/2024\/10\/distribucion-ARC-COLOR-SIN-FONDO-e1732295305345.png","width":1164,"height":558,"caption":"Distribuci\u00f3n ARC"},"image":{"@id":"https:\/\/www.distribucionarc.com\/tr\/#\/schema\/logo\/image\/"},"description":"Spolo\u010dnos\u0165 \u0161pecializuj\u00faca sa na v\u00fdrobu a distrib\u00faciu priemyseln\u00fdch strojov pre potravin\u00e1rsky a farmaceutick\u00fd sektor. \u0160pecializujeme sa na: Stroje na kr\u00e1janie m\u00e4sa V\u00fdroba tabliet Priemyseln\u00e9 dopravn\u00e9 syst\u00e9my D\u00e1vkova\u010de na f\u013ea\u0161e A ove\u013ea viac... Pon\u00fakame inovat\u00edvne a prisp\u00f4soben\u00e9 rie\u0161enia na optimaliz\u00e1ciu v\u00fdrobn\u00fdch procesov va\u0161ej spolo\u010dnosti.","email":"Admistracion@distribucionarc.com","telephone":"+34 643496664","legalName":"ARC TECH SOLUTIONS","foundingDate":"2024-04-09","vatID":"B55480172","numberOfEmployees":{"@type":"QuantitativeValue","minValue":"1","maxValue":"10"}}]}},"_links":{"self":[{"href":"https:\/\/distribucionarc.com\/sk\/wp-json\/wp\/v2\/product\/2881","targetHints":{"allow":["GET"]}}],"collection":[{"href":"https:\/\/distribucionarc.com\/sk\/wp-json\/wp\/v2\/product"}],"about":[{"href":"https:\/\/distribucionarc.com\/sk\/wp-json\/wp\/v2\/types\/product"}],"replies":[{"embeddable":true,"href":"https:\/\/distribucionarc.com\/sk\/wp-json\/wp\/v2\/comments?post=2881"}],"version-history":[{"count":0,"href":"https:\/\/distribucionarc.com\/sk\/wp-json\/wp\/v2\/product\/2881\/revisions"}],"wp:featuredmedia":[{"embeddable":true,"href":"https:\/\/distribucionarc.com\/sk\/wp-json\/wp\/v2\/media\/2892"}],"wp:attachment":[{"href":"https:\/\/distribucionarc.com\/sk\/wp-json\/wp\/v2\/media?parent=2881"}],"wp:term":[{"taxonomy":"product_brand","embeddable":true,"href":"https:\/\/distribucionarc.com\/sk\/wp-json\/wp\/v2\/product_brand?post=2881"},{"taxonomy":"product_cat","embeddable":true,"href":"https:\/\/distribucionarc.com\/sk\/wp-json\/wp\/v2\/product_cat?post=2881"},{"taxonomy":"product_tag","embeddable":true,"href":"https:\/\/distribucionarc.com\/sk\/wp-json\/wp\/v2\/product_tag?post=2881"}],"curies":[{"name":"pracovn\u00fd list","href":"https:\/\/api.w.org\/{rel}","templated":true}]}}