{"id":2894,"date":"2020-08-25T12:35:57","date_gmt":"2020-08-25T12:35:57","guid":{"rendered":"https:\/\/distribucionarc.com\/?post_type=product&#038;p=2894"},"modified":"2020-10-01T11:19:52","modified_gmt":"2020-10-01T11:19:52","slug":"vlakno-opticka-zvaracka-fiber-fusion-splicer-al-8","status":"publish","type":"product","link":"https:\/\/distribucionarc.com\/sk\/producto\/soldadora-de-fibra-optica-empalmadora-de-fibra-de-fusion-al-8\/","title":{"rendered":"Zv\u00e1ra\u010dka optick\u00fdch vl\u00e1kien, zv\u00e1ra\u010dka vl\u00e1kien Al-8"},"content":{"rendered":"<h3>Zv\u00e1ra\u010dka optick\u00fdch vl\u00e1kien, zv\u00e1ra\u010dka vl\u00e1kien Al-8<\/h3>\n<p>The <strong>zv\u00e1ra\u010dka optick\u00fdch vl\u00e1kien <span style=\"color: #ff0000;\">TO<\/span><span style=\"color: #0000ff;\">R<\/span>c<\/strong> Je obzvl\u00e1\u0161\u0165 vhodn\u00fd pre projekty optick\u00fdch vl\u00e1kien a k\u00e1blov, vedeck\u00fd v\u00fdskum a \u00fadr\u017ebu. SM, MM, hol\u00e9 vl\u00e1kno, viacvl\u00e1knov\u00fd k\u00e1bel s gumovou izol\u00e1ciou. Pou\u017eite\u013en\u00e9 vl\u00e1kna: SM (G.652 a G.657); MM (G.651); DS (G.657); NZDS (G.655). Plne kvalifikovan\u00fd s projektom FTTH, bezpe\u010dnostn\u00fdm monitorovan\u00edm a in\u00fdmi projektmi sp\u00e1jania optick\u00fdch k\u00e1blov.<\/p>\n<p>Prij\u00edma 5-palcov\u00fd 800 Vstavan\u00e1 vysokokapacitn\u00e1 l\u00edtiov\u00e1 bat\u00e9ria 7800 mAh, doba nab\u00edjania \u2264 3,5 hodiny, nepretr\u017eit\u00e9 sp\u00e1janie a zahrievanie asi 200-kr\u00e1t<\/p>\n<p>S\u00faprava n\u00e1strojov z<strong> zv\u00e1ra\u010dka vl\u00e1kien <span style=\"color: #ff0000;\">TO<\/span><span style=\"color: #0000ff;\">R<\/span>CSFO8<\/strong> Dod\u00e1va sa so stoli\u010dkou na u\u013eah\u010denie pr\u00e1ce oper\u00e1torom, unesie 100 kg. Pri pr\u00e1ci nie je potrebn\u00e9 vybera\u0165 spojku zo skrinky na n\u00e1radie. S multifunk\u010dn\u00fdm portom m\u00f4\u017eete pou\u017ei\u0165 extern\u00e9 LED svetlo v noci na presn\u00fa prev\u00e1dzku; Umo\u017e\u0148uje v\u00e1m nab\u00edja\u0165 telef\u00f3n nab\u00edjac\u00edm nap\u00e4t\u00edm 13,5VDC\/4A.<\/p>\n<h6><strong>Z\u00e1ruka <span style=\"color: #ff0000;\">TO<\/span><\/strong><strong style=\"font-style: normal; font-size: 17.6px;\"><span style=\"color: #0000ff;\">R<\/span><\/strong><strong style=\"font-size: 1.1em;\">C 2 ROKY<\/strong><\/h6>\n<h6><strong>vr\u00e1tane technickej podpory<\/strong><\/h6>\n<p>&nbsp;<\/p>\n<table role=\"presentation\" width=\"100%\" cellspacing=\"0\" cellpadding=\"0\">\n<tbody>\n<tr>\n<td class=\"attrLabels\">Zna\u010dka:<\/td>\n<td width=\"50.0%\">ARC<\/td>\n<\/tr>\n<tr>\n<td class=\"attrLabels\">Krajina distrib\u00facie:<\/td>\n<td width=\"50.0%\">\u0160panielsko, Nemecko, USA<\/td>\n<td class=\"attrLabels\">\u010cas sp\u00e1jania:<\/td>\n<td width=\"50.0%\">6 sek\u00fand<\/td>\n<\/tr>\n<tr>\n<td class=\"attrLabels\">\u010c\u00edslo v\u00fdrobcu:<\/td>\n<td width=\"50.0%\">ARCSFO8<\/td>\n<td class=\"attrLabels\">Doba ohrevu:<\/td>\n<td width=\"50.0%\">15 sek\u00fand<\/td>\n<\/tr>\n<tr>\n<td class=\"attrLabels\">Farba:<\/td>\n<td width=\"50.0%\">Zelen\u00e1, strieborn\u00e1<\/td>\n<td class=\"attrLabels\">Strata spoja:<\/td>\n<td width=\"50.0%\">0,025 dBm (SM) \/ 0,01 dB (MM) \/ 0,04 dB (DS \/ NZDS)<\/td>\n<\/tr>\n<tr>\n<td class=\"attrLabels\">Typ produktu:<\/td>\n<td width=\"50.0%\">Zv\u00e1ra\u010dka optick\u00fdch vl\u00e1kien<\/td>\n<td class=\"attrLabels\">Pou\u017eite\u013en\u00e9 vl\u00e1kna:<\/td>\n<td width=\"50.0%\">SM (G.652 &amp; G.657) \/ MM (G.651) DS (G.657) \/ NZDS (G.655)<\/td>\n<\/tr>\n<tr>\n<td class=\"attrLabels\">Hmotnos\u0165:<\/td>\n<td width=\"50.0%\">10,2 kg<\/td>\n<td class=\"attrLabels\">Kapacita bat\u00e9rie:<\/td>\n<td width=\"50.0%\">7800 mAh<\/td>\n<\/tr>\n<tr>\n<td class=\"attrLabels\">v\u00fd\u0161ka:<\/td>\n<td width=\"50.0%\">15<\/td>\n<td class=\"attrLabels\">vstupn\u00e9 nap\u00e4tie<\/td>\n<td width=\"50.0%\">230V \u2013 50Hz<\/td>\n<\/tr>\n<tr>\n<td class=\"attrLabels\">Dlh\u00e9:<\/td>\n<td width=\"50.0%\">\u00a0 17<\/td>\n<td class=\"attrLabels\">Doba nab\u00edjania:<\/td>\n<td width=\"50.0%\">\u22643,5H<\/td>\n<\/tr>\n<tr>\n<td class=\"attrLabels\">\u0160irok\u00e1:<\/td>\n<td width=\"50.0%\">23<\/td>\n<td class=\"attrLabels\">Vstupn\u00e9 nap\u00e4tie:<\/td>\n<td width=\"50.0%\">AC100-240V 50\/60Hz<\/td>\n<\/tr>\n<\/tbody>\n<\/table>","protected":false},"excerpt":{"rendered":"<h2>Zv\u00e1ra\u010dka optick\u00fdch vl\u00e1kien, zv\u00e1ra\u010dka vl\u00e1kien Al-8<\/h2>\n<p><strong><span style=\"color: #ff0000;\">TO<\/span><span style=\"color: #0000ff;\">R<\/span>c<\/strong> v\u00e1m pon\u00faka <strong>tavn\u00e1 zv\u00e1ra\u010dka vl\u00e1kien na elektr\u00f3dy Al-8<\/strong> Horn\u00e1 \u010das\u0165 s re\u017eimom sp\u00e1jania s 5-palcovou obrazovkou s vysok\u00fdm rozl\u00ed\u0161en\u00edm 800 x 480, jednoduch\u00fdm a intuit\u00edvnym ovl\u00e1dan\u00edm. Stroj sa pou\u017e\u00edva hlavne na sp\u00e1janie optick\u00fdch vl\u00e1kien, ktor\u00e9 je mo\u017en\u00e9 dodato\u010dne prepoji\u0165 be\u017en\u00fdmi optick\u00fdmi k\u00e1blami, prepojkami a viacn\u00e1sobne posunut\u00fdmi disperzn\u00fdmi, jednovidov\u00fdmi a viacvidov\u00fdmi kremenn\u00fdmi optick\u00fdmi vl\u00e1knami.<\/p>\n<h6><strong>Z\u00e1ruka <span style=\"color: #ff0000;\">TO<\/span><\/strong><strong style=\"font-style: normal; font-size: 17.6px;\"><span style=\"color: #0000ff;\">R<\/span><\/strong><strong style=\"font-size: 1.1em;\">C 2 ROKY<\/strong><\/h6>\n<h6><strong>vr\u00e1tane technickej podpory<\/strong><\/h6>\n<div id=\"gtx-trans\" style=\"position: absolute; left: 173px; top: 116.556px;\">\n<div class=\"gtx-trans-icon\"><\/div>\n<\/div>","protected":false},"featured_media":2901,"comment_status":"open","ping_status":"closed","template":"","meta":{"wds_primary_product_brand":0,"wds_primary_product_cat":0},"product_brand":[],"product_cat":[69],"product_tag":[],"class_list":{"0":"post-2894","1":"product","2":"type-product","3":"status-publish","4":"has-post-thumbnail","6":"product_cat-maquinas-variadas","7":"product_shipping_class-express","9":"first","10":"instock","11":"sale","12":"taxable","13":"shipping-taxable","14":"purchasable","15":"product-type-simple"},"yoast_head":"<!-- This site is optimized with the Yoast SEO Premium plugin v24.9 (Yoast SEO v26.1) - https:\/\/yoast.com\/wordpress\/plugins\/seo\/ -->\n<title>Soldadora de fibra \u00f3ptica, empalmadora de fibra de fusi\u00f3n Al-8 - distribuci\u00f3n ARC<\/title>\n<meta name=\"robots\" content=\"index, follow, max-snippet:-1, max-image-preview:large, max-video-preview:-1\" \/>\n<link rel=\"canonical\" href=\"https:\/\/distribucionarc.com\/sk\/produktov\/vlakno-opticka-zvaracka-fiber-fusion-splicer-al-8\/\" \/>\n<meta property=\"og:locale\" content=\"sk_SK\" \/>\n<meta property=\"og:type\" content=\"article\" \/>\n<meta property=\"og:title\" content=\"Soldadora de fibra \u00f3ptica, empalmadora de fibra de fusi\u00f3n Al-8\" \/>\n<meta property=\"og:description\" content=\"Soldadora de fibra \u00f3ptica, empalmadora de fibra de fusi\u00f3n Al-8 ARC le ofrece el soldador de fusi\u00f3n de fibra para electrodos Al-8 superior con modo de empalme con pantalla de alta resoluci\u00f3n de 5 pulgadas 800 X 480, funcionamiento simple e intuitivo. La m\u00e1quina se utiliza principalmente para conectar fibras \u00f3pticas, que adem\u00e1s se pueden conectar con cables de fibra \u00f3ptica ordinarios, puentes y m\u00faltiples fibras \u00f3pticas de cuarzo de dispersi\u00f3n desplazada, monomodo y multimodo. Garant\u00eda ARC 2 A\u00d1OS soporte t\u00e9cnico incluido\" \/>\n<meta property=\"og:url\" content=\"https:\/\/distribucionarc.com\/sk\/produktov\/vlakno-opticka-zvaracka-fiber-fusion-splicer-al-8\/\" \/>\n<meta property=\"og:site_name\" content=\"distribuci\u00f3n ARC\" \/>\n<meta property=\"article:modified_time\" content=\"2020-10-01T11:19:52+00:00\" \/>\n<meta property=\"og:image\" content=\"https:\/\/distribucionarc.com\/wp-content\/uploads\/2020\/08\/Soldadora-de-fibra-\u00f3ptica-empalmadora-de-fibra-de-fusi\u00f3n-Al-8-0.jpg\" \/>\n\t<meta property=\"og:image:width\" content=\"1600\" \/>\n\t<meta property=\"og:image:height\" content=\"1600\" \/>\n\t<meta property=\"og:image:type\" content=\"image\/jpeg\" \/>\n<meta name=\"twitter:card\" content=\"summary_large_image\" \/>\n<meta name=\"twitter:label1\" content=\"Predpokladan\u00fd \u010das \u010d\u00edtania\" \/>\n\t<meta name=\"twitter:data1\" content=\"1 min\u00fata\" \/>\n<script type=\"application\/ld+json\" class=\"yoast-schema-graph\">{\"@context\":\"https:\/\/schema.org\",\"@graph\":[{\"@type\":\"WebPage\",\"@id\":\"https:\/\/distribucionarc.com\/ro\/producto\/soldadora-de-fibra-optica-empalmadora-de-fibra-de-fusion-al-8\/\",\"url\":\"https:\/\/distribucionarc.com\/ro\/producto\/soldadora-de-fibra-optica-empalmadora-de-fibra-de-fusion-al-8\/\",\"name\":\"Soldadora de fibra \u00f3ptica, empalmadora de fibra de fusi\u00f3n Al-8 - distribuci\u00f3n ARC\",\"isPartOf\":{\"@id\":\"https:\/\/distribucionarc.com\/ro\/#website\"},\"primaryImageOfPage\":{\"@id\":\"https:\/\/distribucionarc.com\/ro\/producto\/soldadora-de-fibra-optica-empalmadora-de-fibra-de-fusion-al-8\/#primaryimage\"},\"image\":{\"@id\":\"https:\/\/distribucionarc.com\/ro\/producto\/soldadora-de-fibra-optica-empalmadora-de-fibra-de-fusion-al-8\/#primaryimage\"},\"thumbnailUrl\":\"https:\/\/distribucionarc.com\/wp-content\/uploads\/2020\/08\/Soldadora-de-fibra-\u00f3ptica-empalmadora-de-fibra-de-fusi\u00f3n-Al-8-0.jpg\",\"datePublished\":\"2020-08-25T12:35:57+00:00\",\"dateModified\":\"2020-10-01T11:19:52+00:00\",\"breadcrumb\":{\"@id\":\"https:\/\/distribucionarc.com\/ro\/producto\/soldadora-de-fibra-optica-empalmadora-de-fibra-de-fusion-al-8\/#breadcrumb\"},\"inLanguage\":\"sk-SK\",\"potentialAction\":[{\"@type\":\"ReadAction\",\"target\":[\"https:\/\/distribucionarc.com\/ro\/producto\/soldadora-de-fibra-optica-empalmadora-de-fibra-de-fusion-al-8\/\"]}]},{\"@type\":\"ImageObject\",\"inLanguage\":\"sk-SK\",\"@id\":\"https:\/\/distribucionarc.com\/ro\/producto\/soldadora-de-fibra-optica-empalmadora-de-fibra-de-fusion-al-8\/#primaryimage\",\"url\":\"https:\/\/distribucionarc.com\/wp-content\/uploads\/2020\/08\/Soldadora-de-fibra-\u00f3ptica-empalmadora-de-fibra-de-fusi\u00f3n-Al-8-0.jpg\",\"contentUrl\":\"https:\/\/distribucionarc.com\/wp-content\/uploads\/2020\/08\/Soldadora-de-fibra-\u00f3ptica-empalmadora-de-fibra-de-fusi\u00f3n-Al-8-0.jpg\",\"width\":1600,\"height\":1600,\"caption\":\"Soldadora de fibra \u00f3ptica, empalmadora de fibra de fusi\u00f3n Al-8\"},{\"@type\":\"BreadcrumbList\",\"@id\":\"https:\/\/distribucionarc.com\/ro\/producto\/soldadora-de-fibra-optica-empalmadora-de-fibra-de-fusion-al-8\/#breadcrumb\",\"itemListElement\":[{\"@type\":\"ListItem\",\"position\":1,\"name\":\"Portada\",\"item\":\"https:\/\/distribucionarc.com\/ar\/\"},{\"@type\":\"ListItem\",\"position\":2,\"name\":\"Proizvodi\",\"item\":\"https:\/\/www.distribucionarc.com\/hr\/ducan\/\"},{\"@type\":\"ListItem\",\"position\":3,\"name\":\"Soldadora de fibra \u00f3ptica, empalmadora de fibra de fusi\u00f3n Al-8\"}]},{\"@type\":\"WebSite\",\"@id\":\"https:\/\/distribucionarc.com\/ro\/#website\",\"url\":\"https:\/\/distribucionarc.com\/ro\/\",\"name\":\"distribuci\u00f3n ARC\",\"description\":\"Empresa especializada en la fabricaci\u00f3n y distribuci\u00f3n de maquinaria industrial, selladoras de latas, Maquinas de hacer pastillas, Maquinas de cortar carne...\",\"publisher\":{\"@id\":\"https:\/\/distribucionarc.com\/ro\/#organization\"},\"potentialAction\":[{\"@type\":\"SearchAction\",\"target\":{\"@type\":\"EntryPoint\",\"urlTemplate\":\"https:\/\/distribucionarc.com\/ro\/?s={search_term_string}\"},\"query-input\":{\"@type\":\"PropertyValueSpecification\",\"valueRequired\":true,\"valueName\":\"search_term_string\"}}],\"inLanguage\":\"sk-SK\"},{\"@type\":\"Organization\",\"@id\":\"https:\/\/distribucionarc.com\/ro\/#organization\",\"name\":\"Distribuci\u00f3n ARC\",\"url\":\"https:\/\/distribucionarc.com\/ro\/\",\"logo\":{\"@type\":\"ImageObject\",\"inLanguage\":\"sk-SK\",\"@id\":\"https:\/\/distribucionarc.com\/ro\/#\/schema\/logo\/image\/\",\"url\":\"https:\/\/distribucionarc.com\/wp-content\/uploads\/2024\/10\/distribucion-ARC-COLOR-SIN-FONDO-e1732295305345.png\",\"contentUrl\":\"https:\/\/distribucionarc.com\/wp-content\/uploads\/2024\/10\/distribucion-ARC-COLOR-SIN-FONDO-e1732295305345.png\",\"width\":1164,\"height\":558,\"caption\":\"Distribuci\u00f3n ARC\"},\"image\":{\"@id\":\"https:\/\/distribucionarc.com\/ro\/#\/schema\/logo\/image\/\"},\"description\":\"Empresa especializada en la fabricaci\u00f3n y distribuci\u00f3n de maquinaria industrial para los sectores alimentario y farmac\u00e9utico. Nos especializamos en: M\u00e1quinas de cortar carne Fabricaci\u00f3n de comprimidos Sistemas de transporte industrial L\u00edneas de embotellado Dosificadores Y mucho m\u00e1s... Ofrecemos soluciones innovadoras y personalizadas para optimizar los procesos productivos de tu empresa.\",\"email\":\"Admistracion@distribucionarc.com\",\"telephone\":\"+34 643496664\",\"legalName\":\"ARC TECH SOLUTIONS\",\"foundingDate\":\"2024-04-09\",\"vatID\":\"B55480172\",\"numberOfEmployees\":{\"@type\":\"QuantitativeValue\",\"minValue\":\"1\",\"maxValue\":\"10\"}}]}<\/script>\n<!-- \/ Yoast SEO Premium plugin. -->","yoast_head_json":{"title":"Zv\u00e1ra\u010dka optick\u00fdch vl\u00e1kien, zv\u00e1ra\u010dka vl\u00e1kien Al-8 - ARC distrib\u00facia","robots":{"index":"index","follow":"follow","max-snippet":"max-snippet:-1","max-image-preview":"max-image-preview:large","max-video-preview":"max-video-preview:-1"},"canonical":"https:\/\/distribucionarc.com\/sk\/produktov\/vlakno-opticka-zvaracka-fiber-fusion-splicer-al-8\/","og_locale":"sk_SK","og_type":"article","og_title":"Soldadora de fibra \u00f3ptica, empalmadora de fibra de fusi\u00f3n Al-8","og_description":"Soldadora de fibra \u00f3ptica, empalmadora de fibra de fusi\u00f3n Al-8 ARC le ofrece el soldador de fusi\u00f3n de fibra para electrodos Al-8 superior con modo de empalme con pantalla de alta resoluci\u00f3n de 5 pulgadas 800 X 480, funcionamiento simple e intuitivo. La m\u00e1quina se utiliza principalmente para conectar fibras \u00f3pticas, que adem\u00e1s se pueden conectar con cables de fibra \u00f3ptica ordinarios, puentes y m\u00faltiples fibras \u00f3pticas de cuarzo de dispersi\u00f3n desplazada, monomodo y multimodo. Garant\u00eda ARC 2 A\u00d1OS soporte t\u00e9cnico incluido","og_url":"https:\/\/distribucionarc.com\/sk\/produktov\/vlakno-opticka-zvaracka-fiber-fusion-splicer-al-8\/","og_site_name":"distribuci\u00f3n ARC","article_modified_time":"2020-10-01T11:19:52+00:00","og_image":[{"width":1600,"height":1600,"url":"https:\/\/distribucionarc.com\/wp-content\/uploads\/2020\/08\/Soldadora-de-fibra-\u00f3ptica-empalmadora-de-fibra-de-fusi\u00f3n-Al-8-0.jpg","type":"image\/jpeg"}],"twitter_card":"summary_large_image","twitter_misc":{"Predpokladan\u00fd \u010das \u010d\u00edtania":"1 min\u00fata"},"schema":{"@context":"https:\/\/schema.org","@graph":[{"@type":"WebPage","@id":"https:\/\/distribucionarc.com\/ro\/producto\/soldadora-de-fibra-optica-empalmadora-de-fibra-de-fusion-al-8\/","url":"https:\/\/distribucionarc.com\/ro\/producto\/soldadora-de-fibra-optica-empalmadora-de-fibra-de-fusion-al-8\/","name":"Zv\u00e1ra\u010dka optick\u00fdch vl\u00e1kien, zv\u00e1ra\u010dka vl\u00e1kien Al-8 - ARC distrib\u00facia","isPartOf":{"@id":"https:\/\/distribucionarc.com\/ro\/#website"},"primaryImageOfPage":{"@id":"https:\/\/distribucionarc.com\/ro\/producto\/soldadora-de-fibra-optica-empalmadora-de-fibra-de-fusion-al-8\/#primaryimage"},"image":{"@id":"https:\/\/distribucionarc.com\/ro\/producto\/soldadora-de-fibra-optica-empalmadora-de-fibra-de-fusion-al-8\/#primaryimage"},"thumbnailUrl":"https:\/\/distribucionarc.com\/wp-content\/uploads\/2020\/08\/Soldadora-de-fibra-\u00f3ptica-empalmadora-de-fibra-de-fusi\u00f3n-Al-8-0.jpg","datePublished":"2020-08-25T12:35:57+00:00","dateModified":"2020-10-01T11:19:52+00:00","breadcrumb":{"@id":"https:\/\/distribucionarc.com\/ro\/producto\/soldadora-de-fibra-optica-empalmadora-de-fibra-de-fusion-al-8\/#breadcrumb"},"inLanguage":"sk-SK","potentialAction":[{"@type":"ReadAction","target":["https:\/\/distribucionarc.com\/ro\/producto\/soldadora-de-fibra-optica-empalmadora-de-fibra-de-fusion-al-8\/"]}]},{"@type":"ImageObject","inLanguage":"sk-SK","@id":"https:\/\/distribucionarc.com\/ro\/producto\/soldadora-de-fibra-optica-empalmadora-de-fibra-de-fusion-al-8\/#primaryimage","url":"https:\/\/distribucionarc.com\/wp-content\/uploads\/2020\/08\/Soldadora-de-fibra-\u00f3ptica-empalmadora-de-fibra-de-fusi\u00f3n-Al-8-0.jpg","contentUrl":"https:\/\/distribucionarc.com\/wp-content\/uploads\/2020\/08\/Soldadora-de-fibra-\u00f3ptica-empalmadora-de-fibra-de-fusi\u00f3n-Al-8-0.jpg","width":1600,"height":1600,"caption":"Soldadora de fibra \u00f3ptica, empalmadora de fibra de fusi\u00f3n Al-8"},{"@type":"BreadcrumbList","@id":"https:\/\/distribucionarc.com\/ro\/producto\/soldadora-de-fibra-optica-empalmadora-de-fibra-de-fusion-al-8\/#breadcrumb","itemListElement":[{"@type":"ListItem","position":1,"name":"Portada","item":"https:\/\/distribucionarc.com\/ar\/"},{"@type":"ListItem","position":2,"name":"Proizvodi","item":"https:\/\/www.distribucionarc.com\/hr\/ducan\/"},{"@type":"ListItem","position":3,"name":"Soldadora de fibra \u00f3ptica, empalmadora de fibra de fusi\u00f3n Al-8"}]},{"@type":"WebSite","@id":"https:\/\/distribucionarc.com\/ro\/#website","url":"https:\/\/distribucionarc.com\/ro\/","name":"ARC distrib\u00facia","description":"Spolo\u010dnos\u0165 sa \u0161pecializuje na v\u00fdrobu a distrib\u00faciu priemyseln\u00fdch strojov, strojov na uzatv\u00e1ranie plechoviek, strojov na v\u00fdrobu tabliet, strojov na porciovanie m\u00e4sa...","publisher":{"@id":"https:\/\/distribucionarc.com\/ro\/#organization"},"potentialAction":[{"@type":"SearchAction","target":{"@type":"EntryPoint","urlTemplate":"https:\/\/distribucionarc.com\/ro\/?s={search_term_string}"},"query-input":{"@type":"PropertyValueSpecification","valueRequired":true,"valueName":"search_term_string"}}],"inLanguage":"sk-SK"},{"@type":"Organization","@id":"https:\/\/distribucionarc.com\/ro\/#organization","name":"Distrib\u00facia ARC","url":"https:\/\/distribucionarc.com\/ro\/","logo":{"@type":"ImageObject","inLanguage":"sk-SK","@id":"https:\/\/distribucionarc.com\/ro\/#\/schema\/logo\/image\/","url":"https:\/\/distribucionarc.com\/wp-content\/uploads\/2024\/10\/distribucion-ARC-COLOR-SIN-FONDO-e1732295305345.png","contentUrl":"https:\/\/distribucionarc.com\/wp-content\/uploads\/2024\/10\/distribucion-ARC-COLOR-SIN-FONDO-e1732295305345.png","width":1164,"height":558,"caption":"Distribuci\u00f3n ARC"},"image":{"@id":"https:\/\/distribucionarc.com\/ro\/#\/schema\/logo\/image\/"},"description":"Spolo\u010dnos\u0165 \u0161pecializuj\u00faca sa na v\u00fdrobu a distrib\u00faciu priemyseln\u00fdch strojov pre potravin\u00e1rsky a farmaceutick\u00fd sektor. \u0160pecializujeme sa na: Stroje na kr\u00e1janie m\u00e4sa V\u00fdroba tabliet Priemyseln\u00e9 dopravn\u00e9 syst\u00e9my D\u00e1vkova\u010de na f\u013ea\u0161e A ove\u013ea viac... Pon\u00fakame inovat\u00edvne a prisp\u00f4soben\u00e9 rie\u0161enia na optimaliz\u00e1ciu v\u00fdrobn\u00fdch procesov va\u0161ej spolo\u010dnosti.","email":"Admistracion@distribucionarc.com","telephone":"+34 643496664","legalName":"ARC TECH SOLUTIONS","foundingDate":"2024-04-09","vatID":"B55480172","numberOfEmployees":{"@type":"QuantitativeValue","minValue":"1","maxValue":"10"}}]}},"_links":{"self":[{"href":"https:\/\/distribucionarc.com\/sk\/wp-json\/wp\/v2\/product\/2894","targetHints":{"allow":["GET"]}}],"collection":[{"href":"https:\/\/distribucionarc.com\/sk\/wp-json\/wp\/v2\/product"}],"about":[{"href":"https:\/\/distribucionarc.com\/sk\/wp-json\/wp\/v2\/types\/product"}],"replies":[{"embeddable":true,"href":"https:\/\/distribucionarc.com\/sk\/wp-json\/wp\/v2\/comments?post=2894"}],"version-history":[{"count":0,"href":"https:\/\/distribucionarc.com\/sk\/wp-json\/wp\/v2\/product\/2894\/revisions"}],"wp:featuredmedia":[{"embeddable":true,"href":"https:\/\/distribucionarc.com\/sk\/wp-json\/wp\/v2\/media\/2901"}],"wp:attachment":[{"href":"https:\/\/distribucionarc.com\/sk\/wp-json\/wp\/v2\/media?parent=2894"}],"wp:term":[{"taxonomy":"product_brand","embeddable":true,"href":"https:\/\/distribucionarc.com\/sk\/wp-json\/wp\/v2\/product_brand?post=2894"},{"taxonomy":"product_cat","embeddable":true,"href":"https:\/\/distribucionarc.com\/sk\/wp-json\/wp\/v2\/product_cat?post=2894"},{"taxonomy":"product_tag","embeddable":true,"href":"https:\/\/distribucionarc.com\/sk\/wp-json\/wp\/v2\/product_tag?post=2894"}],"curies":[{"name":"pracovn\u00fd list","href":"https:\/\/api.w.org\/{rel}","templated":true}]}}