{"id":2933,"date":"2020-08-27T09:04:27","date_gmt":"2020-08-27T09:04:27","guid":{"rendered":"https:\/\/distribucionarc.com\/?post_type=product&#038;p=2933"},"modified":"2020-10-01T11:29:47","modified_gmt":"2020-10-01T11:29:47","slug":"pocitadlo-falosnych-ucet-detektor-1000x-min","status":"publish","type":"product","link":"https:\/\/distribucionarc.com\/sk\/producto\/contador-de-billetes-detector-de-billetes-falsos-1000x-min\/","title":{"rendered":"Po\u010d\u00edtadlo bankoviek, detektor falo\u0161n\u00fdch bankoviek 1000x\/min"},"content":{"rendered":"<h3>Po\u010d\u00edtadlo bankoviek, detektor falo\u0161n\u00fdch bankoviek 1000x\/min<\/h3>\n<p>On\u00a0<strong>triedi\u010d bankoviek <span style=\"color: #ff0000;\">TO<\/span><span style=\"color: #0000ff;\">R<\/span>c<\/strong>\u00a0 U\u0161etr\u00edte \u010das po\u010d\u00edtan\u00edm ka\u017edej bankovky rovnakej nomin\u00e1lnej hodnoty zobrazen\u00edm celkov\u00e9ho po\u010dtu ka\u017edej bankovky na digit\u00e1lnej obrazovke. Okrem ich met\u00f3d <strong>kontrola falo\u0161n\u00fdch bankoviek<\/strong> UV a MG.<\/p>\n<p>On <strong>automatick\u00e9 po\u010d\u00edtadlo <span style=\"color: #ff0000;\">TO<\/span><span style=\"color: #0000ff;\">R<\/span>CMCB1M<\/strong> m\u00f4\u017ee po\u010d\u00edta\u0165 <strong>1000 bankoviek za min\u00fatu<\/strong>, to v\u00e1m zaru\u010d\u00ed r\u00fdchly a efekt\u00edvny stroj. Funkcia paketu: po\u010d\u00edtanie sa zastav\u00ed po dosiahnut\u00ed po\u017eadovan\u00e9ho po\u010dtu. M\u00e1 druh\u00fa volite\u013en\u00fa extern\u00fa obrazovku, ktor\u00e1 umo\u017e\u0148uje overenie aj klientom.<\/p>\n<h6><b>Z\u00e1ruka<\/b><strong>\u00a0<\/strong><span style=\"color: #ff0000;\"><strong>TO<\/strong><\/span><span style=\"color: #0000ff;\"><strong>R<\/strong><\/span><strong>C 2 ROKY<\/strong><\/h6>\n<h6><span style=\"color: #008000;\">Stroj<b> efekt\u00edvne po\u010d\u00edtanie, n\u00edzka spotreba &lt;65 W<\/b><\/span><\/h6>\n<h6><b>vr\u00e1tane technickej podpory.<\/b><\/h6>\n<p>&nbsp;<\/p>\n<p>&nbsp;<\/p>\n<table width=\"100%\">\n<tbody>\n<tr>\n<td>Zna\u010dka:<\/td>\n<td width=\"32%\">ARC<\/td>\n<td>Hmotnos\u0165:<\/td>\n<td width=\"30%\">7 kg<\/td>\n<\/tr>\n<tr>\n<td>Krajina distrib\u00facie:<\/td>\n<td width=\"32%\">\u0160panielsko, Nemecko, USA<\/td>\n<td>v\u00fd\u0161ka:<\/td>\n<td width=\"30%\">17 cm<\/td>\n<\/tr>\n<tr>\n<td>Farba:<\/td>\n<td width=\"32%\">Biela<\/td>\n<td>Dlh\u00e9:<\/td>\n<td width=\"30%\">23,5 cm<\/td>\n<\/tr>\n<tr>\n<td>Typ produktu:<\/td>\n<td width=\"32%\">Po\u010d\u00edtadlo bankoviek<\/td>\n<td>\u0160irok\u00e1:<\/td>\n<td width=\"30%\">26 cm<\/td>\n<\/tr>\n<tr>\n<td>\u010c\u00edslo v\u00fdrobcu:<\/td>\n<td width=\"32%\">ARCMCB1M<\/td>\n<td>R\u00fdchlos\u0165 po\u010d\u00edtania:<\/td>\n<td width=\"30%\">1000 za min\u00fatu<\/td>\n<\/tr>\n<tr>\n<td>\u00a0Z\u00e1ruka:<\/td>\n<td width=\"32%\">\u00a02 ROKY<\/td>\n<td>Kontroln\u00e9 syst\u00e9my:<\/td>\n<td width=\"30%\">UV a MG<\/td>\n<\/tr>\n<tr>\n<td>V\u00fdkon:<\/td>\n<td width=\"32%\">&lt; 65 W<\/td>\n<td>Funkcia:<\/td>\n<td width=\"30%\">\u00a0M\u00f4\u017eete si vyrobi\u0165 zv\u00e4zky bankoviek pod\u013ea \u017eelanej hodnoty.<\/td>\n<\/tr>\n<\/tbody>\n<\/table>\n<h6><\/h6>","protected":false},"excerpt":{"rendered":"<h2>Po\u010d\u00edtadlo bankoviek, detektor falo\u0161n\u00fdch bankoviek 1000x\/min<\/h2>\n<p>On<strong> po\u010d\u00edtadlo \u00fa\u010dtov <span style=\"color: #ff0000;\">TO<\/span><span style=\"color: #0000ff;\">R<\/span>c<\/strong> Dok\u00e1\u017ee automaticky po\u010d\u00edta\u0165 bankovky a tie\u017e identifikova\u0165 falo\u0161n\u00e9 bankovky pod\u013ea toho, ktor\u00e9 z nich s\u00fa na digit\u00e1lnom displeji. Jednoduchos\u0165 pr\u00e1ce a bezpe\u010dnos\u0165, ktor\u00fa to pon\u00faka <strong>detektor<\/strong> v\u010faka ich <span style=\"color: #333399;\"><strong>UV l\u00fa\u010dmi<\/strong><\/span> Zaru\u010dia v\u00e1m r\u00fdchly stroj, ktor\u00fd \u013eahko spo\u010d\u00edta po\u010det bankoviek.<\/p>\n<h6><b>Z\u00e1ruka<\/b><strong>\u00a0<\/strong><span style=\"color: #ff0000;\"><strong>TO<\/strong><\/span><span style=\"color: #0000ff;\"><strong>R<\/strong><\/span><strong>C 2 ROKY<\/strong><\/h6>\n<h6><span style=\"color: #008000;\">Stroj<b> efekt\u00edvne po\u010d\u00edtanie, n\u00edzka spotreba &lt;65 W<\/b><\/span><\/h6>\n<h6><b>vr\u00e1tane technickej podpory.<\/b><\/h6>","protected":false},"featured_media":2937,"comment_status":"open","ping_status":"closed","template":"","meta":{"wds_primary_product_brand":0,"wds_primary_product_cat":0},"product_brand":[],"product_cat":[69],"product_tag":[],"class_list":{"0":"post-2933","1":"product","2":"type-product","3":"status-publish","4":"has-post-thumbnail","6":"product_cat-maquinas-variadas","7":"product_shipping_class-hosteleria","9":"first","10":"instock","11":"sale","12":"taxable","13":"shipping-taxable","14":"purchasable","15":"product-type-simple"},"yoast_head":"<!-- This site is optimized with the Yoast SEO Premium plugin v24.9 (Yoast SEO v26.1) - https:\/\/yoast.com\/wordpress\/plugins\/seo\/ -->\n<title>Contador de billetes, detector de billetes falsos 1000x\/min - distribuci\u00f3n ARC<\/title>\n<meta name=\"robots\" content=\"index, follow, max-snippet:-1, max-image-preview:large, max-video-preview:-1\" \/>\n<link rel=\"canonical\" href=\"https:\/\/www.distribucionarc.com\/de\/producto\/contador-de-billetes-detector-de-billetes-falsos-1000x-min\/\" \/>\n<meta property=\"og:locale\" content=\"sk_SK\" \/>\n<meta property=\"og:type\" content=\"article\" \/>\n<meta property=\"og:title\" content=\"Contador de billetes, detector de billetes falsos 1000x\/min\" \/>\n<meta property=\"og:description\" content=\"Contador de billetes, detector de billetes falsos 1000x\/min El contador de billetes ARC puede contar autom\u00e1ticamente billetes, adem\u00e1s de identificar los billetes falsos indicando cual es en la pantalla digital. La simplicidad de trabajo y seguridad que ofrece este detector gracias a sus rayos UV le aseguran una m\u00e1quina r\u00e1pida que contar\u00e1 f\u00e1cilmente el n\u00famero de billetes. Garant\u00eda\u00a0ARC 2 A\u00d1OS M\u00e1quina de conteo eficiente, bajo consumo &lt;65 W soporte t\u00e9cnico incluido.\" \/>\n<meta property=\"og:url\" content=\"https:\/\/www.distribucionarc.com\/de\/producto\/contador-de-billetes-detector-de-billetes-falsos-1000x-min\/\" \/>\n<meta property=\"og:site_name\" content=\"distribuci\u00f3n ARC\" \/>\n<meta property=\"article:modified_time\" content=\"2020-10-01T11:29:47+00:00\" \/>\n<meta property=\"og:image\" content=\"https:\/\/www.distribucionarc.com\/wp-content\/uploads\/2020\/08\/Contador-de-billetes-detector-de-billetes-falsos-1000xmin-2.jpg\" \/>\n\t<meta property=\"og:image:width\" content=\"1443\" \/>\n\t<meta property=\"og:image:height\" content=\"1011\" \/>\n\t<meta property=\"og:image:type\" content=\"image\/jpeg\" \/>\n<meta name=\"twitter:card\" content=\"summary_large_image\" \/>\n<meta name=\"twitter:label1\" content=\"Predpokladan\u00fd \u010das \u010d\u00edtania\" \/>\n\t<meta name=\"twitter:data1\" content=\"1 min\u00fata\" \/>\n<script type=\"application\/ld+json\" class=\"yoast-schema-graph\">{\"@context\":\"https:\/\/schema.org\",\"@graph\":[{\"@type\":\"WebPage\",\"@id\":\"https:\/\/www.distribucionarc.com\/de\/producto\/contador-de-billetes-detector-de-billetes-falsos-1000x-min\/\",\"url\":\"https:\/\/www.distribucionarc.com\/de\/producto\/contador-de-billetes-detector-de-billetes-falsos-1000x-min\/\",\"name\":\"Contador de billetes, detector de billetes falsos 1000x\/min - distribuci\u00f3n ARC\",\"isPartOf\":{\"@id\":\"https:\/\/www.distribucionarc.com\/sl\/#website\"},\"primaryImageOfPage\":{\"@id\":\"https:\/\/www.distribucionarc.com\/de\/producto\/contador-de-billetes-detector-de-billetes-falsos-1000x-min\/#primaryimage\"},\"image\":{\"@id\":\"https:\/\/www.distribucionarc.com\/de\/producto\/contador-de-billetes-detector-de-billetes-falsos-1000x-min\/#primaryimage\"},\"thumbnailUrl\":\"https:\/\/distribucionarc.com\/wp-content\/uploads\/2020\/08\/Contador-de-billetes-detector-de-billetes-falsos-1000xmin-2.jpg\",\"datePublished\":\"2020-08-27T09:04:27+00:00\",\"dateModified\":\"2020-10-01T11:29:47+00:00\",\"breadcrumb\":{\"@id\":\"https:\/\/www.distribucionarc.com\/de\/producto\/contador-de-billetes-detector-de-billetes-falsos-1000x-min\/#breadcrumb\"},\"inLanguage\":\"sk-SK\",\"potentialAction\":[{\"@type\":\"ReadAction\",\"target\":[\"https:\/\/www.distribucionarc.com\/de\/producto\/contador-de-billetes-detector-de-billetes-falsos-1000x-min\/\"]}]},{\"@type\":\"ImageObject\",\"inLanguage\":\"sk-SK\",\"@id\":\"https:\/\/www.distribucionarc.com\/de\/producto\/contador-de-billetes-detector-de-billetes-falsos-1000x-min\/#primaryimage\",\"url\":\"https:\/\/distribucionarc.com\/wp-content\/uploads\/2020\/08\/Contador-de-billetes-detector-de-billetes-falsos-1000xmin-2.jpg\",\"contentUrl\":\"https:\/\/distribucionarc.com\/wp-content\/uploads\/2020\/08\/Contador-de-billetes-detector-de-billetes-falsos-1000xmin-2.jpg\",\"width\":1443,\"height\":1011,\"caption\":\"Contador de billetes, detector de billetes falsos 1000x\/min\"},{\"@type\":\"BreadcrumbList\",\"@id\":\"https:\/\/www.distribucionarc.com\/de\/producto\/contador-de-billetes-detector-de-billetes-falsos-1000x-min\/#breadcrumb\",\"itemListElement\":[{\"@type\":\"ListItem\",\"position\":1,\"name\":\"Portada\",\"item\":\"https:\/\/www.distribucionarc.com\/\"},{\"@type\":\"ListItem\",\"position\":2,\"name\":\"\u00dcr\u00fcnler\",\"item\":\"https:\/\/www.distribucionarc.com\/tr\/magaza\/\"},{\"@type\":\"ListItem\",\"position\":3,\"name\":\"Contador de billetes, detector de billetes falsos 1000x\/min\"}]},{\"@type\":\"WebSite\",\"@id\":\"https:\/\/www.distribucionarc.com\/sl\/#website\",\"url\":\"https:\/\/www.distribucionarc.com\/sl\/\",\"name\":\"distribuci\u00f3n ARC\",\"description\":\"Empresa especializada en la fabricaci\u00f3n y distribuci\u00f3n de maquinaria industrial, selladoras de latas, Maquinas de hacer pastillas, Maquinas de cortar carne...\",\"publisher\":{\"@id\":\"https:\/\/www.distribucionarc.com\/sl\/#organization\"},\"potentialAction\":[{\"@type\":\"SearchAction\",\"target\":{\"@type\":\"EntryPoint\",\"urlTemplate\":\"https:\/\/www.distribucionarc.com\/sl\/?s={search_term_string}\"},\"query-input\":{\"@type\":\"PropertyValueSpecification\",\"valueRequired\":true,\"valueName\":\"search_term_string\"}}],\"inLanguage\":\"sk-SK\"},{\"@type\":\"Organization\",\"@id\":\"https:\/\/www.distribucionarc.com\/sl\/#organization\",\"name\":\"Distribuci\u00f3n ARC\",\"url\":\"https:\/\/www.distribucionarc.com\/sl\/\",\"logo\":{\"@type\":\"ImageObject\",\"inLanguage\":\"sk-SK\",\"@id\":\"https:\/\/www.distribucionarc.com\/sl\/#\/schema\/logo\/image\/\",\"url\":\"https:\/\/distribucionarc.com\/wp-content\/uploads\/2024\/10\/distribucion-ARC-COLOR-SIN-FONDO-e1732295305345.png\",\"contentUrl\":\"https:\/\/distribucionarc.com\/wp-content\/uploads\/2024\/10\/distribucion-ARC-COLOR-SIN-FONDO-e1732295305345.png\",\"width\":1164,\"height\":558,\"caption\":\"Distribuci\u00f3n ARC\"},\"image\":{\"@id\":\"https:\/\/www.distribucionarc.com\/sl\/#\/schema\/logo\/image\/\"},\"description\":\"Empresa especializada en la fabricaci\u00f3n y distribuci\u00f3n de maquinaria industrial para los sectores alimentario y farmac\u00e9utico. Nos especializamos en: M\u00e1quinas de cortar carne Fabricaci\u00f3n de comprimidos Sistemas de transporte industrial L\u00edneas de embotellado Dosificadores Y mucho m\u00e1s... Ofrecemos soluciones innovadoras y personalizadas para optimizar los procesos productivos de tu empresa.\",\"email\":\"Admistracion@distribucionarc.com\",\"telephone\":\"+34 643496664\",\"legalName\":\"ARC TECH SOLUTIONS\",\"foundingDate\":\"2024-04-09\",\"vatID\":\"B55480172\",\"numberOfEmployees\":{\"@type\":\"QuantitativeValue\",\"minValue\":\"1\",\"maxValue\":\"10\"}}]}<\/script>\n<!-- \/ Yoast SEO Premium plugin. -->","yoast_head_json":{"title":"Po\u010d\u00edtadlo bankoviek, detektor falzifik\u00e1tov 1000x\/min - ARC rozvod","robots":{"index":"index","follow":"follow","max-snippet":"max-snippet:-1","max-image-preview":"max-image-preview:large","max-video-preview":"max-video-preview:-1"},"canonical":"https:\/\/www.distribucionarc.com\/de\/producto\/contador-de-billetes-detector-de-billetes-falsos-1000x-min\/","og_locale":"sk_SK","og_type":"article","og_title":"Contador de billetes, detector de billetes falsos 1000x\/min","og_description":"Contador de billetes, detector de billetes falsos 1000x\/min El contador de billetes ARC puede contar autom\u00e1ticamente billetes, adem\u00e1s de identificar los billetes falsos indicando cual es en la pantalla digital. La simplicidad de trabajo y seguridad que ofrece este detector gracias a sus rayos UV le aseguran una m\u00e1quina r\u00e1pida que contar\u00e1 f\u00e1cilmente el n\u00famero de billetes. Garant\u00eda\u00a0ARC 2 A\u00d1OS M\u00e1quina de conteo eficiente, bajo consumo &lt;65 W soporte t\u00e9cnico incluido.","og_url":"https:\/\/www.distribucionarc.com\/de\/producto\/contador-de-billetes-detector-de-billetes-falsos-1000x-min\/","og_site_name":"distribuci\u00f3n ARC","article_modified_time":"2020-10-01T11:29:47+00:00","og_image":[{"width":1443,"height":1011,"url":"https:\/\/www.distribucionarc.com\/wp-content\/uploads\/2020\/08\/Contador-de-billetes-detector-de-billetes-falsos-1000xmin-2.jpg","type":"image\/jpeg"}],"twitter_card":"summary_large_image","twitter_misc":{"Predpokladan\u00fd \u010das \u010d\u00edtania":"1 min\u00fata"},"schema":{"@context":"https:\/\/schema.org","@graph":[{"@type":"WebPage","@id":"https:\/\/www.distribucionarc.com\/de\/producto\/contador-de-billetes-detector-de-billetes-falsos-1000x-min\/","url":"https:\/\/www.distribucionarc.com\/de\/producto\/contador-de-billetes-detector-de-billetes-falsos-1000x-min\/","name":"Po\u010d\u00edtadlo bankoviek, detektor falzifik\u00e1tov 1000x\/min - ARC rozvod","isPartOf":{"@id":"https:\/\/www.distribucionarc.com\/sl\/#website"},"primaryImageOfPage":{"@id":"https:\/\/www.distribucionarc.com\/de\/producto\/contador-de-billetes-detector-de-billetes-falsos-1000x-min\/#primaryimage"},"image":{"@id":"https:\/\/www.distribucionarc.com\/de\/producto\/contador-de-billetes-detector-de-billetes-falsos-1000x-min\/#primaryimage"},"thumbnailUrl":"https:\/\/distribucionarc.com\/wp-content\/uploads\/2020\/08\/Contador-de-billetes-detector-de-billetes-falsos-1000xmin-2.jpg","datePublished":"2020-08-27T09:04:27+00:00","dateModified":"2020-10-01T11:29:47+00:00","breadcrumb":{"@id":"https:\/\/www.distribucionarc.com\/de\/producto\/contador-de-billetes-detector-de-billetes-falsos-1000x-min\/#breadcrumb"},"inLanguage":"sk-SK","potentialAction":[{"@type":"ReadAction","target":["https:\/\/www.distribucionarc.com\/de\/producto\/contador-de-billetes-detector-de-billetes-falsos-1000x-min\/"]}]},{"@type":"ImageObject","inLanguage":"sk-SK","@id":"https:\/\/www.distribucionarc.com\/de\/producto\/contador-de-billetes-detector-de-billetes-falsos-1000x-min\/#primaryimage","url":"https:\/\/distribucionarc.com\/wp-content\/uploads\/2020\/08\/Contador-de-billetes-detector-de-billetes-falsos-1000xmin-2.jpg","contentUrl":"https:\/\/distribucionarc.com\/wp-content\/uploads\/2020\/08\/Contador-de-billetes-detector-de-billetes-falsos-1000xmin-2.jpg","width":1443,"height":1011,"caption":"Contador de billetes, detector de billetes falsos 1000x\/min"},{"@type":"BreadcrumbList","@id":"https:\/\/www.distribucionarc.com\/de\/producto\/contador-de-billetes-detector-de-billetes-falsos-1000x-min\/#breadcrumb","itemListElement":[{"@type":"ListItem","position":1,"name":"Portada","item":"https:\/\/www.distribucionarc.com\/"},{"@type":"ListItem","position":2,"name":"\u00dcr\u00fcnler","item":"https:\/\/www.distribucionarc.com\/tr\/magaza\/"},{"@type":"ListItem","position":3,"name":"Contador de billetes, detector de billetes falsos 1000x\/min"}]},{"@type":"WebSite","@id":"https:\/\/www.distribucionarc.com\/sl\/#website","url":"https:\/\/www.distribucionarc.com\/sl\/","name":"ARC distrib\u00facia","description":"Spolo\u010dnos\u0165 sa \u0161pecializuje na v\u00fdrobu a distrib\u00faciu priemyseln\u00fdch strojov, strojov na uzatv\u00e1ranie plechoviek, strojov na v\u00fdrobu tabliet, strojov na porciovanie m\u00e4sa...","publisher":{"@id":"https:\/\/www.distribucionarc.com\/sl\/#organization"},"potentialAction":[{"@type":"SearchAction","target":{"@type":"EntryPoint","urlTemplate":"https:\/\/www.distribucionarc.com\/sl\/?s={search_term_string}"},"query-input":{"@type":"PropertyValueSpecification","valueRequired":true,"valueName":"search_term_string"}}],"inLanguage":"sk-SK"},{"@type":"Organization","@id":"https:\/\/www.distribucionarc.com\/sl\/#organization","name":"Distrib\u00facia ARC","url":"https:\/\/www.distribucionarc.com\/sl\/","logo":{"@type":"ImageObject","inLanguage":"sk-SK","@id":"https:\/\/www.distribucionarc.com\/sl\/#\/schema\/logo\/image\/","url":"https:\/\/distribucionarc.com\/wp-content\/uploads\/2024\/10\/distribucion-ARC-COLOR-SIN-FONDO-e1732295305345.png","contentUrl":"https:\/\/distribucionarc.com\/wp-content\/uploads\/2024\/10\/distribucion-ARC-COLOR-SIN-FONDO-e1732295305345.png","width":1164,"height":558,"caption":"Distribuci\u00f3n ARC"},"image":{"@id":"https:\/\/www.distribucionarc.com\/sl\/#\/schema\/logo\/image\/"},"description":"Spolo\u010dnos\u0165 \u0161pecializuj\u00faca sa na v\u00fdrobu a distrib\u00faciu priemyseln\u00fdch strojov pre potravin\u00e1rsky a farmaceutick\u00fd sektor. \u0160pecializujeme sa na: Stroje na kr\u00e1janie m\u00e4sa V\u00fdroba tabliet Priemyseln\u00e9 dopravn\u00e9 syst\u00e9my D\u00e1vkova\u010de na f\u013ea\u0161e A ove\u013ea viac... Pon\u00fakame inovat\u00edvne a prisp\u00f4soben\u00e9 rie\u0161enia na optimaliz\u00e1ciu v\u00fdrobn\u00fdch procesov va\u0161ej spolo\u010dnosti.","email":"Admistracion@distribucionarc.com","telephone":"+34 643496664","legalName":"ARC TECH SOLUTIONS","foundingDate":"2024-04-09","vatID":"B55480172","numberOfEmployees":{"@type":"QuantitativeValue","minValue":"1","maxValue":"10"}}]}},"_links":{"self":[{"href":"https:\/\/distribucionarc.com\/sk\/wp-json\/wp\/v2\/product\/2933","targetHints":{"allow":["GET"]}}],"collection":[{"href":"https:\/\/distribucionarc.com\/sk\/wp-json\/wp\/v2\/product"}],"about":[{"href":"https:\/\/distribucionarc.com\/sk\/wp-json\/wp\/v2\/types\/product"}],"replies":[{"embeddable":true,"href":"https:\/\/distribucionarc.com\/sk\/wp-json\/wp\/v2\/comments?post=2933"}],"version-history":[{"count":0,"href":"https:\/\/distribucionarc.com\/sk\/wp-json\/wp\/v2\/product\/2933\/revisions"}],"wp:featuredmedia":[{"embeddable":true,"href":"https:\/\/distribucionarc.com\/sk\/wp-json\/wp\/v2\/media\/2937"}],"wp:attachment":[{"href":"https:\/\/distribucionarc.com\/sk\/wp-json\/wp\/v2\/media?parent=2933"}],"wp:term":[{"taxonomy":"product_brand","embeddable":true,"href":"https:\/\/distribucionarc.com\/sk\/wp-json\/wp\/v2\/product_brand?post=2933"},{"taxonomy":"product_cat","embeddable":true,"href":"https:\/\/distribucionarc.com\/sk\/wp-json\/wp\/v2\/product_cat?post=2933"},{"taxonomy":"product_tag","embeddable":true,"href":"https:\/\/distribucionarc.com\/sk\/wp-json\/wp\/v2\/product_tag?post=2933"}],"curies":[{"name":"pracovn\u00fd list","href":"https:\/\/api.w.org\/{rel}","templated":true}]}}