{"id":2973,"date":"2020-08-27T13:53:19","date_gmt":"2020-08-27T13:53:19","guid":{"rendered":"https:\/\/distribucionarc.com\/?post_type=product&#038;p=2973"},"modified":"2020-10-01T11:38:37","modified_gmt":"2020-10-01T11:38:37","slug":"hamburgery-s-manualnym-lisovanim","status":"publish","type":"product","link":"https:\/\/distribucionarc.com\/sk\/producto\/prensa-manual-para-fabricar-hamburguesas\/","title":{"rendered":"Ru\u010dn\u00fd lis na v\u00fdrobu 10 cm hamburgerov"},"content":{"rendered":"<h2>Ru\u010dn\u00fd lis na v\u00fdrobu 10 cm hamburgerov<\/h2>\n<p>Toto <strong>lis na hamburgery <span style=\"color: #ff0000;\">TO<\/span><span style=\"color: #0000ff;\">R<\/span>CPHM3<\/strong> Je vyroben\u00fd z pr\u00e9miov\u00e9ho liateho hlin\u00edka a nerezovej ocele 304. Povrch je eloxovan\u00fd, pevn\u00fd a odoln\u00fd vo\u010di hrdzi. T\u00e1cka je vyroben\u00e1 z nehrdzavej\u00facej ocele 304 zdravotne nez\u00e1vadnej pre potraviny s priemerom 100 mm. \u0164a\u017eko sa deformuje a hrdzavie.<\/p>\n<p>Hr\u00fabku burgeru je mo\u017en\u00e9 upravi\u0165 v z\u00e1vislosti od mno\u017estva m\u00e4sa, ktor\u00e9 obsahuje. Maxim\u00e1lna hr\u00fabka je 25 mm. Pod ka\u017ed\u00fdm rohom je podlo\u017eka zabra\u0148uj\u00faca po\u0161myknutiu. Gumov\u00fd materi\u00e1l zni\u017euje vibr\u00e1cie v\u010faka svojej elasticite pre stabilitu po\u010das prev\u00e1dzky.<\/p>\n<p>S\u00fa\u010das\u0165ou balenia je 1000 listov papiera absorbuj\u00faceho olej. M\u00f4\u017eu by\u0165 ulo\u017een\u00e9 v dr\u017eiaku umiestnenom v hornej \u010dasti stroja. Tieto pl\u00e1ty zabra\u0148uj\u00fa vz\u00e1jomn\u00e9mu dotyku potrav\u00edn a udr\u017euj\u00fa ka\u017ed\u00fd burger \u010derstv\u00fd a \u0161\u0165avnat\u00fd.<\/p>\n<h6><\/h6>\n<h6><strong>Z\u00e1ruka\u00a0<\/strong><span style=\"color: #ff0000;\"><strong>TO<\/strong><\/span><span style=\"color: #0000ff;\"><strong>R<\/strong><\/span><strong>C 2 ROKY<\/strong><\/h6>\n<h6><strong>vr\u00e1tane technickej podpory<\/strong><\/h6>\n<p>&nbsp;<\/p>\n<table width=\"100%\">\n<tbody>\n<tr>\n<td>chlap:<\/td>\n<td width=\"50%\">manu\u00e1l<\/td>\n<td colspan=\"2\" width=\"327\"><\/td>\n<\/tr>\n<tr>\n<td>Krajina distrib\u00facie:<\/td>\n<td width=\"50%\">\u0160panielsko, Nemecko, USA<\/td>\n<td>Hmotnos\u0165:<\/td>\n<td width=\"50%\">6 kg<\/td>\n<\/tr>\n<tr>\n<td>Zna\u010dka:<\/td>\n<td width=\"50%\">ARC<\/td>\n<td>v\u00fd\u0161ka:<\/td>\n<td width=\"50%\">27,9 cm<\/td>\n<\/tr>\n<tr>\n<td>Farba:<\/td>\n<td width=\"50%\">Strieborn\u00e1<\/td>\n<td>Dlh\u00e9:<\/td>\n<td width=\"50%\">24,1 cm<\/td>\n<\/tr>\n<tr>\n<td>Typ produktu:<\/td>\n<td width=\"50%\">v\u00fdrobca hamburgerov<\/td>\n<td>\u0160irok\u00e1:<\/td>\n<td width=\"50%\">16,5 cm<\/td>\n<\/tr>\n<tr>\n<td>\u010c\u00edslo v\u00fdrobcu:<\/td>\n<td width=\"50%\">ARCPHM3<\/td>\n<td>Typ lisovania:<\/td>\n<td width=\"50%\">ruku<\/td>\n<\/tr>\n<tr>\n<td>Materi\u00e1l:<\/td>\n<td width=\"50%\">\u00a0potravin\u00e1rska nehrdzavej\u00faca oce\u013e<\/td>\n<td>Ve\u013ekos\u0165 formy:<\/td>\n<td width=\"50%\">10 cm<\/td>\n<\/tr>\n<tr>\n<td>Z\u00e1ruka:<\/td>\n<td width=\"50%\">2 ROKY<\/td>\n<td>Hr\u00fabka hamburgeru:<\/td>\n<td width=\"50%\">2,5 cm<\/td>\n<\/tr>\n<tr>\n<td>In\u0161tala\u010dn\u00e9 n\u00e1stroje:<\/td>\n<td width=\"50%\">\u00c1no<\/td>\n<td>Vybavenie:<\/td>\n<td width=\"50%\">1000 listov sav\u00e9ho papiera<\/td>\n<\/tr>\n<\/tbody>\n<\/table>","protected":false},"excerpt":{"rendered":"<h2>Ru\u010dn\u00fd lis na v\u00fdrobu 10 cm hamburgerov<\/h2>\n<p>Toto <strong>lis na hamburgery<span style=\"color: #ff0000;\"> TO<\/span><span style=\"color: #0000ff;\">R<\/span>c<\/strong> Pevn\u00e1 kon\u0161trukcia je vyroben\u00e1 z liateho hlin\u00edka a potravin\u00e1rskej nerezovej ocele 304. Burger je dod\u00e1van\u00fd s podnosom s priemerom 10 cm, dr\u017eiakom na papier a ergonomickou rukov\u00e4\u0165ou. Dok\u00e1\u017ee r\u00fdchlo premeni\u0165 mlet\u00e9 m\u00e4so na dokonal\u00fd okr\u00fahly burger jednoduch\u00fdm sklopen\u00edm p\u00e1ky. Stroj na hamburgery je vhodn\u00fd na komer\u010dn\u00e9 vyu\u017eitie.<\/p>\n<h6><strong>Z\u00e1ruka\u00a0<\/strong><span style=\"color: #ff0000;\"><strong>TO<\/strong><\/span><span style=\"color: #0000ff;\"><strong>R<\/strong><\/span><strong>C 2 ROKY<\/strong><\/h6>\n<h6><strong>vr\u00e1tane technickej podpory<\/strong><\/h6>","protected":false},"featured_media":2974,"comment_status":"open","ping_status":"closed","template":"","meta":{"wds_primary_product_brand":0,"wds_primary_product_cat":0},"product_brand":[],"product_cat":[50],"product_tag":[],"class_list":{"0":"post-2973","1":"product","2":"type-product","3":"status-publish","4":"has-post-thumbnail","6":"product_cat-elaboradoras-de-croquetas-y-albondigas","7":"product_shipping_class-hosteleria","9":"first","10":"instock","11":"sale","12":"taxable","13":"shipping-taxable","14":"purchasable","15":"product-type-simple"},"yoast_head":"<!-- This site is optimized with the Yoast SEO Premium plugin v24.9 (Yoast SEO v26.1) - https:\/\/yoast.com\/wordpress\/plugins\/seo\/ -->\n<title>Prensa manual para fabricar hamburguesas\u00a010cm - distribuci\u00f3n ARC<\/title>\n<meta name=\"robots\" content=\"index, follow, max-snippet:-1, max-image-preview:large, max-video-preview:-1\" \/>\n<link rel=\"canonical\" href=\"https:\/\/www.distribucionarc.com\/ar\/producto\/prensa-manual-para-fabricar-hamburguesas\/\" \/>\n<meta property=\"og:locale\" content=\"sk_SK\" \/>\n<meta property=\"og:type\" content=\"article\" \/>\n<meta property=\"og:title\" content=\"Prensa manual para fabricar hamburguesas\u00a010cm\" \/>\n<meta property=\"og:description\" content=\"Prensa manual para fabricar hamburguesas 10cm Esta prensa para hamburguesas ARC de estructura resistente est\u00e1 hecha de aluminio fundido y acero inoxidable 304 de calidad alimentaria. La m\u00e1quina para hacer hamburguesas viene con una bandeja de 10cm de di\u00e1metro, un soporte para papel y un mango ergon\u00f3mico. Capaz de convertir r\u00e1pidamente la carne picada en una hamburguesa redonda perfecta bajando la palanca sin esfuerzo. La m\u00e1quina de hamburguesas es adecuada para uso comercial. Garant\u00eda\u00a0ARC 2 A\u00d1OS soporte t\u00e9cnico\u00a0incluido\" \/>\n<meta property=\"og:url\" content=\"https:\/\/www.distribucionarc.com\/ar\/producto\/prensa-manual-para-fabricar-hamburguesas\/\" \/>\n<meta property=\"og:site_name\" content=\"distribuci\u00f3n ARC\" \/>\n<meta property=\"article:modified_time\" content=\"2020-10-01T11:38:37+00:00\" \/>\n<meta property=\"og:image\" content=\"https:\/\/www.distribucionarc.com\/wp-content\/uploads\/2020\/08\/Prensa-manual-para-fabricar-hamburguesas-10cm-0.jpg\" \/>\n\t<meta property=\"og:image:width\" content=\"1600\" \/>\n\t<meta property=\"og:image:height\" content=\"1600\" \/>\n\t<meta property=\"og:image:type\" content=\"image\/jpeg\" \/>\n<meta name=\"twitter:card\" content=\"summary_large_image\" \/>\n<meta name=\"twitter:label1\" content=\"Predpokladan\u00fd \u010das \u010d\u00edtania\" \/>\n\t<meta name=\"twitter:data1\" content=\"1 min\u00fata\" \/>\n<script type=\"application\/ld+json\" class=\"yoast-schema-graph\">{\"@context\":\"https:\/\/schema.org\",\"@graph\":[{\"@type\":\"WebPage\",\"@id\":\"https:\/\/www.distribucionarc.com\/ar\/producto\/prensa-manual-para-fabricar-hamburguesas\/\",\"url\":\"https:\/\/www.distribucionarc.com\/ar\/producto\/prensa-manual-para-fabricar-hamburguesas\/\",\"name\":\"Prensa manual para fabricar hamburguesas\u00a010cm - distribuci\u00f3n ARC\",\"isPartOf\":{\"@id\":\"https:\/\/distribucionarc.com\/sk\/#website\"},\"primaryImageOfPage\":{\"@id\":\"https:\/\/www.distribucionarc.com\/ar\/producto\/prensa-manual-para-fabricar-hamburguesas\/#primaryimage\"},\"image\":{\"@id\":\"https:\/\/www.distribucionarc.com\/ar\/producto\/prensa-manual-para-fabricar-hamburguesas\/#primaryimage\"},\"thumbnailUrl\":\"https:\/\/distribucionarc.com\/wp-content\/uploads\/2020\/08\/Prensa-manual-para-fabricar-hamburguesas-10cm-0.jpg\",\"datePublished\":\"2020-08-27T13:53:19+00:00\",\"dateModified\":\"2020-10-01T11:38:37+00:00\",\"breadcrumb\":{\"@id\":\"https:\/\/www.distribucionarc.com\/ar\/producto\/prensa-manual-para-fabricar-hamburguesas\/#breadcrumb\"},\"inLanguage\":\"sk-SK\",\"potentialAction\":[{\"@type\":\"ReadAction\",\"target\":[\"https:\/\/www.distribucionarc.com\/ar\/producto\/prensa-manual-para-fabricar-hamburguesas\/\"]}]},{\"@type\":\"ImageObject\",\"inLanguage\":\"sk-SK\",\"@id\":\"https:\/\/www.distribucionarc.com\/ar\/producto\/prensa-manual-para-fabricar-hamburguesas\/#primaryimage\",\"url\":\"https:\/\/distribucionarc.com\/wp-content\/uploads\/2020\/08\/Prensa-manual-para-fabricar-hamburguesas-10cm-0.jpg\",\"contentUrl\":\"https:\/\/distribucionarc.com\/wp-content\/uploads\/2020\/08\/Prensa-manual-para-fabricar-hamburguesas-10cm-0.jpg\",\"width\":1600,\"height\":1600,\"caption\":\"Prensa manual para fabricar hamburguesas\u00a0\"},{\"@type\":\"BreadcrumbList\",\"@id\":\"https:\/\/www.distribucionarc.com\/ar\/producto\/prensa-manual-para-fabricar-hamburguesas\/#breadcrumb\",\"itemListElement\":[{\"@type\":\"ListItem\",\"position\":1,\"name\":\"Portada\",\"item\":\"https:\/\/distribucionarc.com\/ro\/\"},{\"@type\":\"ListItem\",\"position\":2,\"name\":\"Produse\",\"item\":\"https:\/\/distribucionarc.com\/ro\/magazin\/\"},{\"@type\":\"ListItem\",\"position\":3,\"name\":\"Prensa manual para fabricar hamburguesas\u00a010cm\"}]},{\"@type\":\"WebSite\",\"@id\":\"https:\/\/distribucionarc.com\/sk\/#website\",\"url\":\"https:\/\/distribucionarc.com\/sk\/\",\"name\":\"distribuci\u00f3n ARC\",\"description\":\"Empresa especializada en la fabricaci\u00f3n y distribuci\u00f3n de maquinaria industrial, selladoras de latas, Maquinas de hacer pastillas, Maquinas de cortar carne...\",\"publisher\":{\"@id\":\"https:\/\/distribucionarc.com\/sk\/#organization\"},\"potentialAction\":[{\"@type\":\"SearchAction\",\"target\":{\"@type\":\"EntryPoint\",\"urlTemplate\":\"https:\/\/distribucionarc.com\/sk\/?s={search_term_string}\"},\"query-input\":{\"@type\":\"PropertyValueSpecification\",\"valueRequired\":true,\"valueName\":\"search_term_string\"}}],\"inLanguage\":\"sk-SK\"},{\"@type\":\"Organization\",\"@id\":\"https:\/\/distribucionarc.com\/sk\/#organization\",\"name\":\"Distribuci\u00f3n ARC\",\"url\":\"https:\/\/distribucionarc.com\/sk\/\",\"logo\":{\"@type\":\"ImageObject\",\"inLanguage\":\"sk-SK\",\"@id\":\"https:\/\/distribucionarc.com\/sk\/#\/schema\/logo\/image\/\",\"url\":\"https:\/\/distribucionarc.com\/wp-content\/uploads\/2024\/10\/distribucion-ARC-COLOR-SIN-FONDO-e1732295305345.png\",\"contentUrl\":\"https:\/\/distribucionarc.com\/wp-content\/uploads\/2024\/10\/distribucion-ARC-COLOR-SIN-FONDO-e1732295305345.png\",\"width\":1164,\"height\":558,\"caption\":\"Distribuci\u00f3n ARC\"},\"image\":{\"@id\":\"https:\/\/distribucionarc.com\/sk\/#\/schema\/logo\/image\/\"},\"description\":\"Empresa especializada en la fabricaci\u00f3n y distribuci\u00f3n de maquinaria industrial para los sectores alimentario y farmac\u00e9utico. Nos especializamos en: M\u00e1quinas de cortar carne Fabricaci\u00f3n de comprimidos Sistemas de transporte industrial L\u00edneas de embotellado Dosificadores Y mucho m\u00e1s... Ofrecemos soluciones innovadoras y personalizadas para optimizar los procesos productivos de tu empresa.\",\"email\":\"Admistracion@distribucionarc.com\",\"telephone\":\"+34 643496664\",\"legalName\":\"ARC TECH SOLUTIONS\",\"foundingDate\":\"2024-04-09\",\"vatID\":\"B55480172\",\"numberOfEmployees\":{\"@type\":\"QuantitativeValue\",\"minValue\":\"1\",\"maxValue\":\"10\"}}]}<\/script>\n<!-- \/ Yoast SEO Premium plugin. -->","yoast_head_json":{"title":"Ru\u010dn\u00fd lis na v\u00fdrobu 10 cm hamburgerov - distrib\u00facia ARC","robots":{"index":"index","follow":"follow","max-snippet":"max-snippet:-1","max-image-preview":"max-image-preview:large","max-video-preview":"max-video-preview:-1"},"canonical":"https:\/\/www.distribucionarc.com\/ar\/producto\/prensa-manual-para-fabricar-hamburguesas\/","og_locale":"sk_SK","og_type":"article","og_title":"Prensa manual para fabricar hamburguesas\u00a010cm","og_description":"Prensa manual para fabricar hamburguesas 10cm Esta prensa para hamburguesas ARC de estructura resistente est\u00e1 hecha de aluminio fundido y acero inoxidable 304 de calidad alimentaria. La m\u00e1quina para hacer hamburguesas viene con una bandeja de 10cm de di\u00e1metro, un soporte para papel y un mango ergon\u00f3mico. Capaz de convertir r\u00e1pidamente la carne picada en una hamburguesa redonda perfecta bajando la palanca sin esfuerzo. La m\u00e1quina de hamburguesas es adecuada para uso comercial. Garant\u00eda\u00a0ARC 2 A\u00d1OS soporte t\u00e9cnico\u00a0incluido","og_url":"https:\/\/www.distribucionarc.com\/ar\/producto\/prensa-manual-para-fabricar-hamburguesas\/","og_site_name":"distribuci\u00f3n ARC","article_modified_time":"2020-10-01T11:38:37+00:00","og_image":[{"width":1600,"height":1600,"url":"https:\/\/www.distribucionarc.com\/wp-content\/uploads\/2020\/08\/Prensa-manual-para-fabricar-hamburguesas-10cm-0.jpg","type":"image\/jpeg"}],"twitter_card":"summary_large_image","twitter_misc":{"Predpokladan\u00fd \u010das \u010d\u00edtania":"1 min\u00fata"},"schema":{"@context":"https:\/\/schema.org","@graph":[{"@type":"WebPage","@id":"https:\/\/www.distribucionarc.com\/ar\/producto\/prensa-manual-para-fabricar-hamburguesas\/","url":"https:\/\/www.distribucionarc.com\/ar\/producto\/prensa-manual-para-fabricar-hamburguesas\/","name":"Ru\u010dn\u00fd lis na v\u00fdrobu 10 cm hamburgerov - distrib\u00facia ARC","isPartOf":{"@id":"https:\/\/distribucionarc.com\/sk\/#website"},"primaryImageOfPage":{"@id":"https:\/\/www.distribucionarc.com\/ar\/producto\/prensa-manual-para-fabricar-hamburguesas\/#primaryimage"},"image":{"@id":"https:\/\/www.distribucionarc.com\/ar\/producto\/prensa-manual-para-fabricar-hamburguesas\/#primaryimage"},"thumbnailUrl":"https:\/\/distribucionarc.com\/wp-content\/uploads\/2020\/08\/Prensa-manual-para-fabricar-hamburguesas-10cm-0.jpg","datePublished":"2020-08-27T13:53:19+00:00","dateModified":"2020-10-01T11:38:37+00:00","breadcrumb":{"@id":"https:\/\/www.distribucionarc.com\/ar\/producto\/prensa-manual-para-fabricar-hamburguesas\/#breadcrumb"},"inLanguage":"sk-SK","potentialAction":[{"@type":"ReadAction","target":["https:\/\/www.distribucionarc.com\/ar\/producto\/prensa-manual-para-fabricar-hamburguesas\/"]}]},{"@type":"ImageObject","inLanguage":"sk-SK","@id":"https:\/\/www.distribucionarc.com\/ar\/producto\/prensa-manual-para-fabricar-hamburguesas\/#primaryimage","url":"https:\/\/distribucionarc.com\/wp-content\/uploads\/2020\/08\/Prensa-manual-para-fabricar-hamburguesas-10cm-0.jpg","contentUrl":"https:\/\/distribucionarc.com\/wp-content\/uploads\/2020\/08\/Prensa-manual-para-fabricar-hamburguesas-10cm-0.jpg","width":1600,"height":1600,"caption":"Prensa manual para fabricar hamburguesas\u00a0"},{"@type":"BreadcrumbList","@id":"https:\/\/www.distribucionarc.com\/ar\/producto\/prensa-manual-para-fabricar-hamburguesas\/#breadcrumb","itemListElement":[{"@type":"ListItem","position":1,"name":"Portada","item":"https:\/\/distribucionarc.com\/ro\/"},{"@type":"ListItem","position":2,"name":"Produse","item":"https:\/\/distribucionarc.com\/ro\/magazin\/"},{"@type":"ListItem","position":3,"name":"Prensa manual para fabricar hamburguesas\u00a010cm"}]},{"@type":"WebSite","@id":"https:\/\/distribucionarc.com\/sk\/#website","url":"https:\/\/distribucionarc.com\/sk\/","name":"ARC distrib\u00facia","description":"Spolo\u010dnos\u0165 sa \u0161pecializuje na v\u00fdrobu a distrib\u00faciu priemyseln\u00fdch strojov, strojov na uzatv\u00e1ranie plechoviek, strojov na v\u00fdrobu tabliet, strojov na porciovanie m\u00e4sa...","publisher":{"@id":"https:\/\/distribucionarc.com\/sk\/#organization"},"potentialAction":[{"@type":"SearchAction","target":{"@type":"EntryPoint","urlTemplate":"https:\/\/distribucionarc.com\/sk\/?s={search_term_string}"},"query-input":{"@type":"PropertyValueSpecification","valueRequired":true,"valueName":"search_term_string"}}],"inLanguage":"sk-SK"},{"@type":"Organization","@id":"https:\/\/distribucionarc.com\/sk\/#organization","name":"Distrib\u00facia ARC","url":"https:\/\/distribucionarc.com\/sk\/","logo":{"@type":"ImageObject","inLanguage":"sk-SK","@id":"https:\/\/distribucionarc.com\/sk\/#\/schema\/logo\/image\/","url":"https:\/\/distribucionarc.com\/wp-content\/uploads\/2024\/10\/distribucion-ARC-COLOR-SIN-FONDO-e1732295305345.png","contentUrl":"https:\/\/distribucionarc.com\/wp-content\/uploads\/2024\/10\/distribucion-ARC-COLOR-SIN-FONDO-e1732295305345.png","width":1164,"height":558,"caption":"Distribuci\u00f3n ARC"},"image":{"@id":"https:\/\/distribucionarc.com\/sk\/#\/schema\/logo\/image\/"},"description":"Spolo\u010dnos\u0165 \u0161pecializuj\u00faca sa na v\u00fdrobu a distrib\u00faciu priemyseln\u00fdch strojov pre potravin\u00e1rsky a farmaceutick\u00fd sektor. \u0160pecializujeme sa na: Stroje na kr\u00e1janie m\u00e4sa V\u00fdroba tabliet Priemyseln\u00e9 dopravn\u00e9 syst\u00e9my D\u00e1vkova\u010de na f\u013ea\u0161e A ove\u013ea viac... Pon\u00fakame inovat\u00edvne a prisp\u00f4soben\u00e9 rie\u0161enia na optimaliz\u00e1ciu v\u00fdrobn\u00fdch procesov va\u0161ej spolo\u010dnosti.","email":"Admistracion@distribucionarc.com","telephone":"+34 643496664","legalName":"ARC TECH SOLUTIONS","foundingDate":"2024-04-09","vatID":"B55480172","numberOfEmployees":{"@type":"QuantitativeValue","minValue":"1","maxValue":"10"}}]}},"_links":{"self":[{"href":"https:\/\/distribucionarc.com\/sk\/wp-json\/wp\/v2\/product\/2973","targetHints":{"allow":["GET"]}}],"collection":[{"href":"https:\/\/distribucionarc.com\/sk\/wp-json\/wp\/v2\/product"}],"about":[{"href":"https:\/\/distribucionarc.com\/sk\/wp-json\/wp\/v2\/types\/product"}],"replies":[{"embeddable":true,"href":"https:\/\/distribucionarc.com\/sk\/wp-json\/wp\/v2\/comments?post=2973"}],"version-history":[{"count":0,"href":"https:\/\/distribucionarc.com\/sk\/wp-json\/wp\/v2\/product\/2973\/revisions"}],"wp:featuredmedia":[{"embeddable":true,"href":"https:\/\/distribucionarc.com\/sk\/wp-json\/wp\/v2\/media\/2974"}],"wp:attachment":[{"href":"https:\/\/distribucionarc.com\/sk\/wp-json\/wp\/v2\/media?parent=2973"}],"wp:term":[{"taxonomy":"product_brand","embeddable":true,"href":"https:\/\/distribucionarc.com\/sk\/wp-json\/wp\/v2\/product_brand?post=2973"},{"taxonomy":"product_cat","embeddable":true,"href":"https:\/\/distribucionarc.com\/sk\/wp-json\/wp\/v2\/product_cat?post=2973"},{"taxonomy":"product_tag","embeddable":true,"href":"https:\/\/distribucionarc.com\/sk\/wp-json\/wp\/v2\/product_tag?post=2973"}],"curies":[{"name":"pracovn\u00fd list","href":"https:\/\/api.w.org\/{rel}","templated":true}]}}