{"id":3045,"date":"2020-09-21T10:02:38","date_gmt":"2020-09-21T10:02:38","guid":{"rendered":"https:\/\/distribucionarc.com\/?post_type=product&#038;p=3045"},"modified":"2020-10-01T13:43:29","modified_gmt":"2020-10-01T13:43:29","slug":"stroj-na-vyrobu-ladu-vo-vlockach-40-kg","status":"publish","type":"product","link":"https:\/\/distribucionarc.com\/sk\/producto\/maquina-para-hacer-hielo-en-escamas-40kg\/","title":{"rendered":"Stroj na v\u00fdrobu \u013eadov\u00fdch vlo\u010diek s hmotnos\u0165ou 40 kg"},"content":{"rendered":"<h2>Stroj na v\u00fdrobu \u013eadov\u00fdch vlo\u010diek s hmotnos\u0165ou 40 kg<\/h2>\n<p>Tento stroj <strong>v\u00fdrobn\u00edk drven\u00e9ho \u013eadu <span style=\"color: #ff0000;\">TO<\/span><span style=\"color: #0000ff;\">R<\/span>c<\/strong> je schopn\u00fd produkova\u0165 <strong>40 kg \u013eadu<\/strong> \u010dist\u00e9 a zdrav\u00e9 <strong>ka\u017ed\u00fdch 24 hod\u00edn<\/strong>. Okrem toho m\u00e1 priehradku, kde m\u00f4\u017eete ulo\u017ei\u0165 10 kg \u013eadu.<\/p>\n<p>Je vybaven\u00fd pl\u00e1\u0161\u0165om z nehrdzavej\u00facej ocele 304 s vn\u00fatornou n\u00e1dobou z potravin\u00e1rskeho ABS. Na zabezpe\u010denie bezpe\u010dn\u00e9ho a \u010dist\u00e9ho produktu. Chu\u0165 nie je fal\u0161ovan\u00e1 v\u010faka kvalite materi\u00e1lov, z ktor\u00fdch je vyroben\u00e1.<\/p>\n<p>Toto<strong> stroj na v\u00fdrobu \u013eadu <span style=\"color: #ff0000;\">TO<\/span><span style=\"color: #0000ff;\">R<\/span>CMHE40<\/strong> M\u00e1 vysoko\u00fa\u010dinn\u00fd bezfluoridov\u00fd kompresor so schv\u00e1len\u00edm ETL pre splnenie predpisov, \u010do zais\u0165uje ve\u013ek\u00fa \u00fasporu energie a prispieva tak k ochrane \u017eivotn\u00e9ho prostredia.<\/p>\n<p>Ovl\u00e1dacia oblas\u0165 m\u00e1 r\u00f4zne LED kontrolky. \u017de v\u00e1s bud\u00fa informova\u0165 o akejko\u013evek situ\u00e1cii, ktorou stroj prech\u00e1dza, ako napr\u00edklad: n\u00edzka hladina vody, pln\u00e1 priehradka na \u013ead alebo porucha syst\u00e9mu. M\u00e1 syst\u00e9m jednoduch\u00e9ho otv\u00e1rania a zatv\u00e1rania veka pre zaistenie pohodlia. Obsahuje nabera\u010dku na \u013ead pre \u013eahk\u00fd pr\u00edstup k v\u00fdrobe \u013eadu.<\/p>\n<h6><strong>Z\u00e1ruka\u00a0<span style=\"color: #ff0000;\">TO<\/span><span style=\"color: #0000ff;\">R<\/span>C 2 ROKY<\/strong><\/h6>\n<h6><span style=\"color: #008000;\"><strong>Efekt\u00edvny stroj na v\u00fdrobu \u013eadov\u00fdch vlo\u010diek, n\u00edzka spotreba 350w<\/strong><\/span><\/h6>\n<h6><strong>vr\u00e1tane technickej podpory<\/strong><\/h6>\n<p>&nbsp;<\/p>\n<table role=\"presentation\" width=\"100%\" cellspacing=\"0\" cellpadding=\"0\">\n<tbody>\n<tr>\n<td class=\"attrLabels\">V\u00fdkon:<\/td>\n<td width=\"50.0%\">350 W<\/td>\n<\/tr>\n<tr>\n<td class=\"attrLabels\">Nap\u00e4tie:<\/td>\n<td width=\"50.0%\">220V \u2013 240V, 50Hz<\/td>\n<td class=\"attrLabels\">Hmotnos\u0165:<\/td>\n<td width=\"50.0%\">47,8 kg<\/td>\n<\/tr>\n<tr>\n<td class=\"attrLabels\">Krajina distrib\u00facie:<\/td>\n<td width=\"50.0%\">\u0160panielsko, Nemecko, USA<\/td>\n<td class=\"attrLabels\">v\u00fd\u0161ka:<\/td>\n<td width=\"50.0%\">70,1 cm<\/td>\n<\/tr>\n<tr>\n<td class=\"attrLabels\">Zna\u010dka:<\/td>\n<td width=\"50.0%\">ARC<\/td>\n<td class=\"attrLabels\">Dlh\u00e9:<\/td>\n<td width=\"50.0%\">39,8 cm<\/td>\n<\/tr>\n<tr>\n<td class=\"attrLabels\">Typ produktu:<\/td>\n<td width=\"50.0%\">Stroj na \u013eadov\u00e9 vlo\u010dky<\/td>\n<td class=\"attrLabels\">\u0160irok\u00e1:<\/td>\n<td width=\"50.0%\">\u00a054,1 cm<\/td>\n<\/tr>\n<tr>\n<td class=\"attrLabels\">\u010c\u00edslo v\u00fdrobcu:<\/td>\n<td width=\"50.0%\">ARCMHE40<\/td>\n<td class=\"attrLabels\">Pracovn\u00e1 r\u00fdchlos\u0165:<\/td>\n<td width=\"50.0%\">\u00a040 kg za 24 hod\u00edn<\/td>\n<\/tr>\n<tr>\n<td class=\"attrLabels\">Materi\u00e1l:<\/td>\n<td width=\"50.0%\">nerezov\u00e1 oce\u013e, optimalizovan\u00fd motor, kompresor bez fluoridu, LED svetl\u00e1<\/td>\n<td class=\"attrLabels\">Typ \u013eadu:<\/td>\n<td width=\"50.0%\">vlo\u010dky, \u010dastice<\/td>\n<\/tr>\n<tr>\n<td class=\"attrLabels\">Farba:<\/td>\n<td width=\"50.0%\">Strieborn\u00e1<\/td>\n<td class=\"attrLabels\">Ukladac\u00ed priestor:<\/td>\n<td width=\"50.0%\">10 kg<\/td>\n<\/tr>\n<tr>\n<td class=\"attrLabels\">In\u0161tala\u010dn\u00e9 n\u00e1stroje:<\/td>\n<td width=\"50.0%\">\u00c1no<\/td>\n<td class=\"attrLabels\">Z\u00e1ruka:<\/td>\n<td width=\"50.0%\">2 ROKY<\/td>\n<\/tr>\n<\/tbody>\n<\/table>\n<p>&nbsp;<\/p>","protected":false},"excerpt":{"rendered":"<h3>Stroj na v\u00fdrobu \u013eadov\u00fdch vlo\u010diek s hmotnos\u0165ou 40 kg<\/h3>\n<p>Toto <strong>stroj na v\u00fdrobu \u013eadu<\/strong> Je navrhnut\u00fd tak, aby bol jednoduch\u00fd a \u013eahko pou\u017eite\u013en\u00fd, jeho viacero LED svetiel v\u00e1s bude informova\u0165 o ak\u00fdchko\u013evek ne\u00faspechoch. M\u00e1 puzdro z <strong>Nerezov\u00e1 oce\u013e 304 a potravin\u00e1rsky ABS<\/strong> aby sa zabezpe\u010dilo bezpe\u010dn\u00e9 pou\u017e\u00edvanie a \u017eivotnos\u0165 stroj\u010deka na vlo\u010dky. Tento drvi\u010d produkuje mal\u00e9 \u010diasto\u010dky \u010dist\u00e9ho, zdrav\u00e9ho a nepravideln\u00e9ho snehov\u00e9ho \u013eadu.<strong> Nemenia chu\u0165<\/strong> tohto. \u0160iroko pou\u017e\u00edvan\u00fd v nemocniciach, lek\u00e1rskych aplik\u00e1ci\u00e1ch, potravin\u00e1rskom priemysle, chemickom priemysle at\u010f.<\/p>\n<h6><strong>Z\u00e1ruka\u00a0<span style=\"color: #ff0000;\">TO<\/span><span style=\"color: #0000ff;\">R<\/span>C 2 ROKY<\/strong><\/h6>\n<h6><span style=\"color: #008000;\"><strong>Efekt\u00edvny stroj na v\u00fdrobu \u013eadov\u00fdch vlo\u010diek, n\u00edzka spotreba 350w<\/strong><\/span><\/h6>\n<h6><strong>vr\u00e1tane technickej podpory<\/strong><\/h6>\n<p>&nbsp;<\/p>","protected":false},"featured_media":3046,"comment_status":"open","ping_status":"closed","template":"","meta":{"wds_primary_product_brand":0,"wds_primary_product_cat":0},"product_brand":[],"product_cat":[59],"product_tag":[],"class_list":{"0":"post-3045","1":"product","2":"type-product","3":"status-publish","4":"has-post-thumbnail","6":"product_cat-hielo","7":"product_shipping_class-express","9":"first","10":"instock","11":"sale","12":"taxable","13":"shipping-taxable","14":"purchasable","15":"product-type-simple"},"yoast_head":"<!-- This site is optimized with the Yoast SEO Premium plugin v24.9 (Yoast SEO v26.1) - https:\/\/yoast.com\/wordpress\/plugins\/seo\/ -->\n<title>M\u00e1quina para hacer hielo en escamas 40kg - distribuci\u00f3n ARC<\/title>\n<meta name=\"robots\" content=\"index, follow, max-snippet:-1, max-image-preview:large, max-video-preview:-1\" \/>\n<link rel=\"canonical\" href=\"https:\/\/distribucionarc.com\/sk\/produktov\/stroj-na-vyrobu-ladu-vo-vlockach-40-kg\/\" \/>\n<meta property=\"og:locale\" content=\"sk_SK\" \/>\n<meta property=\"og:type\" content=\"article\" \/>\n<meta property=\"og:title\" content=\"M\u00e1quina para hacer hielo en escamas 40kg\" \/>\n<meta property=\"og:description\" content=\"M\u00e1quina para hacer hielo en escamas 40kg Esta m\u00e1quina fabricadora de hielo est\u00e1 dise\u00f1ada para ser simple y f\u00e1cil de utilizar, sus m\u00faltiples luces LED le informaran de cualquier contratiempo. Cuenta con una carcasa de acero inoxidable 304 y ABS de grado alimenticio para asegurar un uso seguro y la durabilidad de la fabricadora de escamas. Esta trituradora produce peque\u00f1as part\u00edculas de hielo de nieve irregular puro, saludable y no alteran el sabor de este.\u00a0 Ampliamente utilizada en hospitales, aplicaciones m\u00e9dicas, industrias alimentarias, industrias qu\u00edmicas, etc. Garant\u00eda\u00a0ARC 2 A\u00d1OS Maquina para hielo en escama eficiente, bajo consumo 350w soporte t\u00e9cnico\u00a0incluido &nbsp;\" \/>\n<meta property=\"og:url\" content=\"https:\/\/distribucionarc.com\/sk\/produktov\/stroj-na-vyrobu-ladu-vo-vlockach-40-kg\/\" \/>\n<meta property=\"og:site_name\" content=\"distribuci\u00f3n ARC\" \/>\n<meta property=\"article:modified_time\" content=\"2020-10-01T13:43:29+00:00\" \/>\n<meta property=\"og:image\" content=\"https:\/\/distribucionarc.com\/wp-content\/uploads\/2020\/09\/M\u00e1quina-para-hacer-hielo-en-escamas-40kg-0.jpg\" \/>\n\t<meta property=\"og:image:width\" content=\"1600\" \/>\n\t<meta property=\"og:image:height\" content=\"1600\" \/>\n\t<meta property=\"og:image:type\" content=\"image\/jpeg\" \/>\n<meta name=\"twitter:card\" content=\"summary_large_image\" \/>\n<meta name=\"twitter:label1\" content=\"Predpokladan\u00fd \u010das \u010d\u00edtania\" \/>\n\t<meta name=\"twitter:data1\" content=\"1 min\u00fata\" \/>\n<script type=\"application\/ld+json\" class=\"yoast-schema-graph\">{\"@context\":\"https:\/\/schema.org\",\"@graph\":[{\"@type\":\"WebPage\",\"@id\":\"https:\/\/distribucionarc.com\/sl\/producto\/maquina-para-hacer-hielo-en-escamas-40kg\/\",\"url\":\"https:\/\/distribucionarc.com\/sl\/producto\/maquina-para-hacer-hielo-en-escamas-40kg\/\",\"name\":\"M\u00e1quina para hacer hielo en escamas 40kg - distribuci\u00f3n ARC\",\"isPartOf\":{\"@id\":\"https:\/\/www.distribucionarc.com\/sl\/#website\"},\"primaryImageOfPage\":{\"@id\":\"https:\/\/distribucionarc.com\/sl\/producto\/maquina-para-hacer-hielo-en-escamas-40kg\/#primaryimage\"},\"image\":{\"@id\":\"https:\/\/distribucionarc.com\/sl\/producto\/maquina-para-hacer-hielo-en-escamas-40kg\/#primaryimage\"},\"thumbnailUrl\":\"https:\/\/distribucionarc.com\/wp-content\/uploads\/2020\/09\/M\u00e1quina-para-hacer-hielo-en-escamas-40kg-0.jpg\",\"datePublished\":\"2020-09-21T10:02:38+00:00\",\"dateModified\":\"2020-10-01T13:43:29+00:00\",\"breadcrumb\":{\"@id\":\"https:\/\/distribucionarc.com\/sl\/producto\/maquina-para-hacer-hielo-en-escamas-40kg\/#breadcrumb\"},\"inLanguage\":\"sk-SK\",\"potentialAction\":[{\"@type\":\"ReadAction\",\"target\":[\"https:\/\/distribucionarc.com\/sl\/producto\/maquina-para-hacer-hielo-en-escamas-40kg\/\"]}]},{\"@type\":\"ImageObject\",\"inLanguage\":\"sk-SK\",\"@id\":\"https:\/\/distribucionarc.com\/sl\/producto\/maquina-para-hacer-hielo-en-escamas-40kg\/#primaryimage\",\"url\":\"https:\/\/distribucionarc.com\/wp-content\/uploads\/2020\/09\/M\u00e1quina-para-hacer-hielo-en-escamas-40kg-0.jpg\",\"contentUrl\":\"https:\/\/distribucionarc.com\/wp-content\/uploads\/2020\/09\/M\u00e1quina-para-hacer-hielo-en-escamas-40kg-0.jpg\",\"width\":1600,\"height\":1600,\"caption\":\"M\u00e1quina para fabricar hielo en escamas 40kg\"},{\"@type\":\"BreadcrumbList\",\"@id\":\"https:\/\/distribucionarc.com\/sl\/producto\/maquina-para-hacer-hielo-en-escamas-40kg\/#breadcrumb\",\"itemListElement\":[{\"@type\":\"ListItem\",\"position\":1,\"name\":\"Portada\",\"item\":\"https:\/\/www.distribucionarc.com\/\"},{\"@type\":\"ListItem\",\"position\":2,\"name\":\"\u00dcr\u00fcnler\",\"item\":\"https:\/\/www.distribucionarc.com\/tr\/magaza\/\"},{\"@type\":\"ListItem\",\"position\":3,\"name\":\"M\u00e1quina para hacer hielo en escamas 40kg\"}]},{\"@type\":\"WebSite\",\"@id\":\"https:\/\/www.distribucionarc.com\/sl\/#website\",\"url\":\"https:\/\/www.distribucionarc.com\/sl\/\",\"name\":\"distribuci\u00f3n ARC\",\"description\":\"Empresa especializada en la fabricaci\u00f3n y distribuci\u00f3n de maquinaria industrial, selladoras de latas, Maquinas de hacer pastillas, Maquinas de cortar carne...\",\"publisher\":{\"@id\":\"https:\/\/www.distribucionarc.com\/sl\/#organization\"},\"potentialAction\":[{\"@type\":\"SearchAction\",\"target\":{\"@type\":\"EntryPoint\",\"urlTemplate\":\"https:\/\/www.distribucionarc.com\/sl\/?s={search_term_string}\"},\"query-input\":{\"@type\":\"PropertyValueSpecification\",\"valueRequired\":true,\"valueName\":\"search_term_string\"}}],\"inLanguage\":\"sk-SK\"},{\"@type\":\"Organization\",\"@id\":\"https:\/\/www.distribucionarc.com\/sl\/#organization\",\"name\":\"Distribuci\u00f3n ARC\",\"url\":\"https:\/\/www.distribucionarc.com\/sl\/\",\"logo\":{\"@type\":\"ImageObject\",\"inLanguage\":\"sk-SK\",\"@id\":\"https:\/\/www.distribucionarc.com\/sl\/#\/schema\/logo\/image\/\",\"url\":\"https:\/\/distribucionarc.com\/wp-content\/uploads\/2024\/10\/distribucion-ARC-COLOR-SIN-FONDO-e1732295305345.png\",\"contentUrl\":\"https:\/\/distribucionarc.com\/wp-content\/uploads\/2024\/10\/distribucion-ARC-COLOR-SIN-FONDO-e1732295305345.png\",\"width\":1164,\"height\":558,\"caption\":\"Distribuci\u00f3n ARC\"},\"image\":{\"@id\":\"https:\/\/www.distribucionarc.com\/sl\/#\/schema\/logo\/image\/\"},\"description\":\"Empresa especializada en la fabricaci\u00f3n y distribuci\u00f3n de maquinaria industrial para los sectores alimentario y farmac\u00e9utico. Nos especializamos en: M\u00e1quinas de cortar carne Fabricaci\u00f3n de comprimidos Sistemas de transporte industrial L\u00edneas de embotellado Dosificadores Y mucho m\u00e1s... Ofrecemos soluciones innovadoras y personalizadas para optimizar los procesos productivos de tu empresa.\",\"email\":\"Admistracion@distribucionarc.com\",\"telephone\":\"+34 643496664\",\"legalName\":\"ARC TECH SOLUTIONS\",\"foundingDate\":\"2024-04-09\",\"vatID\":\"B55480172\",\"numberOfEmployees\":{\"@type\":\"QuantitativeValue\",\"minValue\":\"1\",\"maxValue\":\"10\"}}]}<\/script>\n<!-- \/ Yoast SEO Premium plugin. -->","yoast_head_json":{"title":"40kg stroj na v\u00fdrobu \u013eadov\u00fdch vlo\u010diek - ARC rozvod","robots":{"index":"index","follow":"follow","max-snippet":"max-snippet:-1","max-image-preview":"max-image-preview:large","max-video-preview":"max-video-preview:-1"},"canonical":"https:\/\/distribucionarc.com\/sk\/produktov\/stroj-na-vyrobu-ladu-vo-vlockach-40-kg\/","og_locale":"sk_SK","og_type":"article","og_title":"M\u00e1quina para hacer hielo en escamas 40kg","og_description":"M\u00e1quina para hacer hielo en escamas 40kg Esta m\u00e1quina fabricadora de hielo est\u00e1 dise\u00f1ada para ser simple y f\u00e1cil de utilizar, sus m\u00faltiples luces LED le informaran de cualquier contratiempo. Cuenta con una carcasa de acero inoxidable 304 y ABS de grado alimenticio para asegurar un uso seguro y la durabilidad de la fabricadora de escamas. Esta trituradora produce peque\u00f1as part\u00edculas de hielo de nieve irregular puro, saludable y no alteran el sabor de este.\u00a0 Ampliamente utilizada en hospitales, aplicaciones m\u00e9dicas, industrias alimentarias, industrias qu\u00edmicas, etc. Garant\u00eda\u00a0ARC 2 A\u00d1OS Maquina para hielo en escama eficiente, bajo consumo 350w soporte t\u00e9cnico\u00a0incluido &nbsp;","og_url":"https:\/\/distribucionarc.com\/sk\/produktov\/stroj-na-vyrobu-ladu-vo-vlockach-40-kg\/","og_site_name":"distribuci\u00f3n ARC","article_modified_time":"2020-10-01T13:43:29+00:00","og_image":[{"width":1600,"height":1600,"url":"https:\/\/distribucionarc.com\/wp-content\/uploads\/2020\/09\/M\u00e1quina-para-hacer-hielo-en-escamas-40kg-0.jpg","type":"image\/jpeg"}],"twitter_card":"summary_large_image","twitter_misc":{"Predpokladan\u00fd \u010das \u010d\u00edtania":"1 min\u00fata"},"schema":{"@context":"https:\/\/schema.org","@graph":[{"@type":"WebPage","@id":"https:\/\/distribucionarc.com\/sl\/producto\/maquina-para-hacer-hielo-en-escamas-40kg\/","url":"https:\/\/distribucionarc.com\/sl\/producto\/maquina-para-hacer-hielo-en-escamas-40kg\/","name":"40kg stroj na v\u00fdrobu \u013eadov\u00fdch vlo\u010diek - ARC rozvod","isPartOf":{"@id":"https:\/\/www.distribucionarc.com\/sl\/#website"},"primaryImageOfPage":{"@id":"https:\/\/distribucionarc.com\/sl\/producto\/maquina-para-hacer-hielo-en-escamas-40kg\/#primaryimage"},"image":{"@id":"https:\/\/distribucionarc.com\/sl\/producto\/maquina-para-hacer-hielo-en-escamas-40kg\/#primaryimage"},"thumbnailUrl":"https:\/\/distribucionarc.com\/wp-content\/uploads\/2020\/09\/M\u00e1quina-para-hacer-hielo-en-escamas-40kg-0.jpg","datePublished":"2020-09-21T10:02:38+00:00","dateModified":"2020-10-01T13:43:29+00:00","breadcrumb":{"@id":"https:\/\/distribucionarc.com\/sl\/producto\/maquina-para-hacer-hielo-en-escamas-40kg\/#breadcrumb"},"inLanguage":"sk-SK","potentialAction":[{"@type":"ReadAction","target":["https:\/\/distribucionarc.com\/sl\/producto\/maquina-para-hacer-hielo-en-escamas-40kg\/"]}]},{"@type":"ImageObject","inLanguage":"sk-SK","@id":"https:\/\/distribucionarc.com\/sl\/producto\/maquina-para-hacer-hielo-en-escamas-40kg\/#primaryimage","url":"https:\/\/distribucionarc.com\/wp-content\/uploads\/2020\/09\/M\u00e1quina-para-hacer-hielo-en-escamas-40kg-0.jpg","contentUrl":"https:\/\/distribucionarc.com\/wp-content\/uploads\/2020\/09\/M\u00e1quina-para-hacer-hielo-en-escamas-40kg-0.jpg","width":1600,"height":1600,"caption":"M\u00e1quina para fabricar hielo en escamas 40kg"},{"@type":"BreadcrumbList","@id":"https:\/\/distribucionarc.com\/sl\/producto\/maquina-para-hacer-hielo-en-escamas-40kg\/#breadcrumb","itemListElement":[{"@type":"ListItem","position":1,"name":"Portada","item":"https:\/\/www.distribucionarc.com\/"},{"@type":"ListItem","position":2,"name":"\u00dcr\u00fcnler","item":"https:\/\/www.distribucionarc.com\/tr\/magaza\/"},{"@type":"ListItem","position":3,"name":"M\u00e1quina para hacer hielo en escamas 40kg"}]},{"@type":"WebSite","@id":"https:\/\/www.distribucionarc.com\/sl\/#website","url":"https:\/\/www.distribucionarc.com\/sl\/","name":"ARC distrib\u00facia","description":"Spolo\u010dnos\u0165 sa \u0161pecializuje na v\u00fdrobu a distrib\u00faciu priemyseln\u00fdch strojov, strojov na uzatv\u00e1ranie plechoviek, strojov na v\u00fdrobu tabliet, strojov na porciovanie m\u00e4sa...","publisher":{"@id":"https:\/\/www.distribucionarc.com\/sl\/#organization"},"potentialAction":[{"@type":"SearchAction","target":{"@type":"EntryPoint","urlTemplate":"https:\/\/www.distribucionarc.com\/sl\/?s={search_term_string}"},"query-input":{"@type":"PropertyValueSpecification","valueRequired":true,"valueName":"search_term_string"}}],"inLanguage":"sk-SK"},{"@type":"Organization","@id":"https:\/\/www.distribucionarc.com\/sl\/#organization","name":"Distrib\u00facia ARC","url":"https:\/\/www.distribucionarc.com\/sl\/","logo":{"@type":"ImageObject","inLanguage":"sk-SK","@id":"https:\/\/www.distribucionarc.com\/sl\/#\/schema\/logo\/image\/","url":"https:\/\/distribucionarc.com\/wp-content\/uploads\/2024\/10\/distribucion-ARC-COLOR-SIN-FONDO-e1732295305345.png","contentUrl":"https:\/\/distribucionarc.com\/wp-content\/uploads\/2024\/10\/distribucion-ARC-COLOR-SIN-FONDO-e1732295305345.png","width":1164,"height":558,"caption":"Distribuci\u00f3n ARC"},"image":{"@id":"https:\/\/www.distribucionarc.com\/sl\/#\/schema\/logo\/image\/"},"description":"Spolo\u010dnos\u0165 \u0161pecializuj\u00faca sa na v\u00fdrobu a distrib\u00faciu priemyseln\u00fdch strojov pre potravin\u00e1rsky a farmaceutick\u00fd sektor. \u0160pecializujeme sa na: Stroje na kr\u00e1janie m\u00e4sa V\u00fdroba tabliet Priemyseln\u00e9 dopravn\u00e9 syst\u00e9my D\u00e1vkova\u010de na f\u013ea\u0161e A ove\u013ea viac... Pon\u00fakame inovat\u00edvne a prisp\u00f4soben\u00e9 rie\u0161enia na optimaliz\u00e1ciu v\u00fdrobn\u00fdch procesov va\u0161ej spolo\u010dnosti.","email":"Admistracion@distribucionarc.com","telephone":"+34 643496664","legalName":"ARC TECH SOLUTIONS","foundingDate":"2024-04-09","vatID":"B55480172","numberOfEmployees":{"@type":"QuantitativeValue","minValue":"1","maxValue":"10"}}]}},"_links":{"self":[{"href":"https:\/\/distribucionarc.com\/sk\/wp-json\/wp\/v2\/product\/3045","targetHints":{"allow":["GET"]}}],"collection":[{"href":"https:\/\/distribucionarc.com\/sk\/wp-json\/wp\/v2\/product"}],"about":[{"href":"https:\/\/distribucionarc.com\/sk\/wp-json\/wp\/v2\/types\/product"}],"replies":[{"embeddable":true,"href":"https:\/\/distribucionarc.com\/sk\/wp-json\/wp\/v2\/comments?post=3045"}],"version-history":[{"count":0,"href":"https:\/\/distribucionarc.com\/sk\/wp-json\/wp\/v2\/product\/3045\/revisions"}],"wp:featuredmedia":[{"embeddable":true,"href":"https:\/\/distribucionarc.com\/sk\/wp-json\/wp\/v2\/media\/3046"}],"wp:attachment":[{"href":"https:\/\/distribucionarc.com\/sk\/wp-json\/wp\/v2\/media?parent=3045"}],"wp:term":[{"taxonomy":"product_brand","embeddable":true,"href":"https:\/\/distribucionarc.com\/sk\/wp-json\/wp\/v2\/product_brand?post=3045"},{"taxonomy":"product_cat","embeddable":true,"href":"https:\/\/distribucionarc.com\/sk\/wp-json\/wp\/v2\/product_cat?post=3045"},{"taxonomy":"product_tag","embeddable":true,"href":"https:\/\/distribucionarc.com\/sk\/wp-json\/wp\/v2\/product_tag?post=3045"}],"curies":[{"name":"pracovn\u00fd list","href":"https:\/\/api.w.org\/{rel}","templated":true}]}}