{"id":3070,"date":"2020-09-21T12:14:29","date_gmt":"2020-09-21T12:14:29","guid":{"rendered":"https:\/\/distribucionarc.com\/?post_type=product&#038;p=3070"},"modified":"2020-10-01T13:48:45","modified_gmt":"2020-10-01T13:48:45","slug":"8-zasobnik-ohrievac-riadu","status":"publish","type":"product","link":"https:\/\/distribucionarc.com\/sk\/producto\/calentador-de-platos-de-8-bandejas\/","title":{"rendered":"8 Ohrieva\u010d riadu"},"content":{"rendered":"<h3>8 Ohrieva\u010d riadu<\/h3>\n<p>Toto <strong>ohrieva\u010d bain-marie na jedlo<\/strong> je vyroben\u00fd z toho najlep\u0161ieho<strong>potravin\u00e1rska nehrdzavej\u00faca oce\u013e nula<\/strong>, ktor\u00e1 zabezpe\u010duje trvanliv\u00fd v\u00fdrobok, ktor\u00fd vyhovuje zdravotn\u00fdm predpisom. Hr\u00fabka plechov dosahuje a\u017e 0,7 mm. Vyhrievac\u00ed prvok z nehrdzavej\u00facej ocele 304 v tvare p\u00edsmena U vyu\u017e\u00edva trojrozmern\u00fd ohrev s vysokoteplotnou cirkul\u00e1ciou a v\u00e4\u010d\u0161ou vykurovacou plochou, ktor\u00e1 zais\u0165uje vy\u0161\u0161iu \u00fa\u010dinnos\u0165.<\/p>\n<p>Toto <strong>teplej\u0161ia polievka <span style=\"color: #ff0000;\">TO<\/span><span style=\"color: #0000ff;\">R<\/span>c<\/strong> \u0160peci\u00e1lne pre bufet, m\u00e1 odn\u00edmate\u013en\u00fd chr\u00e1ni\u010d z tvrden\u00e9ho skla s hr\u00fabkou 8 mm. V\u010faka sklenen\u00e9mu \u0161t\u00edtu m\u00f4\u017eu va\u0161i z\u00e1kazn\u00edci priamo pozorova\u0165 svoj riad a z\u00e1rove\u0148 zabezpe\u010di\u0165 hygienu potrav\u00edn.<\/p>\n<p>Toto <strong>t\u00e1cka na udr\u017eanie jedla v teple <span style=\"color: #ff0000;\">TO<\/span><span style=\"color: #0000ff;\">R<\/span>CBBM8<\/strong> Dod\u00e1va sa s \u00f4smimi ve\u013ekokapacitn\u00fdmi odn\u00edmate\u013en\u00fdmi kastr\u00f3lmi, ktor\u00e9 s\u00fa vyroben\u00e9 z potravin\u00e1rskej nehrdzavej\u00facej ocele. Rozmer ka\u017ed\u00e9ho <strong>z\u00e1sobn\u00edk<\/strong> je z <strong>1\/2 univerz\u00e1lna ve\u013ekos\u0165<\/strong>\u00a0(32,5 \u00d7 26,5 \u00d7 15 cm), hoci s\u00fa a\u017e o 5 cm hlb\u0161ie ako ostatn\u00e9, \u010d\u00edm sa z\u00edska dodato\u010dn\u00e1 kapacita 501 TP3T. Ka\u017ed\u00fd podnos na potraviny m\u00e1 veko z nehrdzavej\u00facej ocele, aby sa do jedla nedostal prach.<\/p>\n<p>Pomocou oto\u010dn\u00e9ho gomb\u00edka m\u00f4\u017eete \u013eahko nastavi\u0165 teplotu od 30 \u00b0C do 85 \u00b0C. Teplomer v\u00e1m ukazuje teplotu v re\u00e1lnom \u010dase. Je vybaven\u00e1 vyp\u00fa\u0161\u0165ac\u00edm koh\u00fatikom pre \u013eahk\u00e9 vypustenie prebyto\u010dnej vody.<\/p>\n<h6><strong>Z\u00e1ruka\u00a0<span style=\"color: #ff0000;\">TO<\/span><span style=\"color: #0000ff;\">R<\/span>C 2 ROKY<\/strong><\/h6>\n<h6><span style=\"color: #008000;\">Efekt\u00edvny ohrieva\u010d potrav\u00edn, n\u00edzka spotreba 1350w<\/span><\/h6>\n<h6><strong>vr\u00e1tane technickej podpory<\/strong><\/h6>\n<p>&nbsp;<\/p>\n<table role=\"presentation\" width=\"100%\" cellspacing=\"0\" cellpadding=\"0\">\n<tbody>\n<tr>\n<td class=\"attrLabels\">Zna\u010dka:<\/td>\n<td width=\"50.0%\">ARC<\/td>\n<\/tr>\n<tr>\n<td class=\"attrLabels\">Krajina distrib\u00facie:<\/td>\n<td width=\"50.0%\">\u0160panielsko, Nemecko, USA<\/td>\n<td class=\"attrLabels\">Hmotnos\u0165:<\/td>\n<td width=\"50.0%\">28 kg<\/td>\n<\/tr>\n<tr>\n<td class=\"attrLabels\">Zna\u010dka:<\/td>\n<td width=\"50.0%\">ARC<\/td>\n<td class=\"attrLabels\">v\u00fd\u0161ka:<\/td>\n<td width=\"50.0%\">40 cm<\/td>\n<\/tr>\n<tr>\n<td class=\"attrLabels\">Farba:<\/td>\n<td width=\"50.0%\">Strieborn\u00e1<\/td>\n<td class=\"attrLabels\">Dlh\u00e9:<\/td>\n<td width=\"50.0%\">147 cm<\/td>\n<\/tr>\n<tr>\n<td class=\"attrLabels\">Typ produktu:<\/td>\n<td width=\"50.0%\">Podnos na ohrievanie jedla<\/td>\n<td class=\"attrLabels\">\u0160irok\u00e1:<\/td>\n<td width=\"50.0%\">57,9 cm<\/td>\n<\/tr>\n<tr>\n<td class=\"attrLabels\">\u010c\u00edslo v\u00fdrobcu:<\/td>\n<td width=\"50.0%\">ARCBBM8<\/td>\n<td class=\"attrLabels\">V\u00fdkon:<\/td>\n<td width=\"50.0%\">1350 W<\/td>\n<\/tr>\n<tr>\n<td class=\"attrLabels\">Materi\u00e1l:<\/td>\n<td width=\"50.0%\">nerezov\u00e1 oce\u013e, regul\u00e1cia teploty<\/td>\n<td class=\"attrLabels\">vstupn\u00e9 nap\u00e4tie<\/td>\n<td width=\"50.0%\">230V \u2013 50Hz<\/td>\n<\/tr>\n<tr>\n<td class=\"attrLabels\">Z\u00e1ruka:<\/td>\n<td width=\"50.0%\">\u00a0 2 roky<\/td>\n<td class=\"attrLabels\">teplota:<\/td>\n<td width=\"50.0%\">30\u00ba \u2013 85\u00ba C<\/td>\n<\/tr>\n<tr>\n<td class=\"attrLabels\">In\u0161tala\u010dn\u00e9 n\u00e1stroje:<\/td>\n<td width=\"50.0%\">\u00c1no<\/td>\n<td class=\"attrLabels\">N\u00e1doby:<\/td>\n<td width=\"50.0%\">\u00a08 GN 1\/2 (32,5\u00d726,5\u00d715 cm)<\/td>\n<\/tr>\n<\/tbody>\n<\/table>","protected":false},"excerpt":{"rendered":"<h2>8 Ohrieva\u010d riadu<\/h2>\n<p>The<strong> ohrieva\u010de tanierov <span style=\"color: #ff0000;\">TO<\/span><span style=\"color: #0000ff;\">R<\/span>c<\/strong> udr\u017eiava predvaren\u00e9 jedlo pri dokonalej teplote, aby si po dlh\u00fa dobu zachovalo v\u0161etku svoju chu\u0165 a text\u00faru. S\u00fa vyroben\u00e9 z najlep\u0161ej potravin\u00e1rskej nehrdzavej\u00facej ocele, \u013eahko sa \u010distia, s\u00fa hygienick\u00e9 a nemenia chu\u0165 produktu. Sta\u010d\u00ed naplni\u0165 uveden\u00fa hladinu vody a nastavi\u0165 8 podnosov na pulte. M\u00e1 tvrden\u00e9 sklo pre zaistenie vy\u0161\u0161ej hygieny a u\u013eah\u010denie vidite\u013enosti jedla. Oto\u010dn\u00fdm gomb\u00edkom m\u00f4\u017eete nastavi\u0165 teplotu medzi 30 \u00b0C a 85 \u00b0C, aby sa jedlo udr\u017ealo tepl\u00e9 bez prilepenia, prip\u00e1lenia alebo vysu\u0161enia. Tieto <strong>dvojkotlov\u00e9 ohrieva\u010de<\/strong> S\u00fa ide\u00e1lne pre bufety, re\u0161taur\u00e1cie, bary, re\u0161taur\u00e1cie r\u00fdchleho ob\u010derstvenia, hotely at\u010f.<\/p>\n<h6><strong>Z\u00e1ruka\u00a0<span style=\"color: #ff0000;\">TO<\/span><span style=\"color: #0000ff;\">R<\/span>C 2 ROKY<\/strong><\/h6>\n<h6><span style=\"color: #008000;\">Efekt\u00edvny ohrieva\u010d potrav\u00edn, n\u00edzka spotreba 1350w<\/span><\/h6>\n<h6><strong>vr\u00e1tane technickej podpory<\/strong><\/h6>","protected":false},"featured_media":3076,"comment_status":"open","ping_status":"closed","template":"","meta":{"wds_primary_product_brand":0,"wds_primary_product_cat":0},"product_brand":[],"product_cat":[41],"product_tag":[],"class_list":{"0":"post-3070","1":"product","2":"type-product","3":"status-publish","4":"has-post-thumbnail","6":"product_cat-expositor-de-alimentos","7":"product_shipping_class-express","9":"first","10":"instock","11":"sale","12":"taxable","13":"shipping-taxable","14":"purchasable","15":"product-type-simple"},"yoast_head":"<!-- This site is optimized with the Yoast SEO Premium plugin v24.9 (Yoast SEO v26.1) - https:\/\/yoast.com\/wordpress\/plugins\/seo\/ -->\n<title>Calentador de platos de 8 bandejas - distribuci\u00f3n ARC<\/title>\n<meta name=\"robots\" content=\"index, follow, max-snippet:-1, max-image-preview:large, max-video-preview:-1\" \/>\n<link rel=\"canonical\" href=\"https:\/\/distribucionarc.com\/sk\/produktov\/8-zasobnik-ohrievac-riadu\/\" \/>\n<meta property=\"og:locale\" content=\"sk_SK\" \/>\n<meta property=\"og:type\" content=\"article\" \/>\n<meta property=\"og:title\" content=\"Calentador de platos de 8 bandejas\" \/>\n<meta property=\"og:description\" content=\"Calentador de platos de 8 bandejas Los calentadores de platos ARC mantiene la comida precocinada a la temperatura perfecta para que conserven todo el sabor y textura durante largos periodos de tiempo. Est\u00e1n fabricados del mejor acero inoxidable para alimentos f\u00e1cil de limpiar, higi\u00e9nico y no alteran el sabor del producto. Tan solo llene el nivel de agua indicado y ajuste las 8 bandejas en el mostrador, cuenta con vidrio de cristal templado para asegurar mayor higiene y facilitar la visibilidad de los alimentos. Puede ajustar la temperatura entre 30\u2103 y 85\u2103 con el bot\u00f3n giratorio, para mantener la comida caliente sin que se pegue, queme o se seque. Estos calentadores de ba\u00f1o mar\u00eda son ideales para buffets, restaurantes, bares, restaurantes de comida r\u00e1pida, hoteles, etc. Garant\u00eda\u00a0ARC 2 A\u00d1OS Calentador de alimentos eficiente, bajo consumo 1350w soporte t\u00e9cnico incluido\" \/>\n<meta property=\"og:url\" content=\"https:\/\/distribucionarc.com\/sk\/produktov\/8-zasobnik-ohrievac-riadu\/\" \/>\n<meta property=\"og:site_name\" content=\"distribuci\u00f3n ARC\" \/>\n<meta property=\"article:modified_time\" content=\"2020-10-01T13:48:45+00:00\" \/>\n<meta property=\"og:image\" content=\"https:\/\/distribucionarc.com\/wp-content\/uploads\/2020\/09\/Calentador-de-platos-de-8-bandejas-10.jpg\" \/>\n\t<meta property=\"og:image:width\" content=\"1600\" \/>\n\t<meta property=\"og:image:height\" content=\"1600\" \/>\n\t<meta property=\"og:image:type\" content=\"image\/jpeg\" \/>\n<meta name=\"twitter:card\" content=\"summary_large_image\" \/>\n<meta name=\"twitter:label1\" content=\"Predpokladan\u00fd \u010das \u010d\u00edtania\" \/>\n\t<meta name=\"twitter:data1\" content=\"2 min\u00faty\" \/>\n<script type=\"application\/ld+json\" class=\"yoast-schema-graph\">{\"@context\":\"https:\/\/schema.org\",\"@graph\":[{\"@type\":\"WebPage\",\"@id\":\"https:\/\/distribucionarc.com\/tr\/producto\/calentador-de-platos-de-8-bandejas\/\",\"url\":\"https:\/\/distribucionarc.com\/tr\/producto\/calentador-de-platos-de-8-bandejas\/\",\"name\":\"Calentador de platos de 8 bandejas - distribuci\u00f3n ARC\",\"isPartOf\":{\"@id\":\"https:\/\/distribucionarc.com\/de\/#website\"},\"primaryImageOfPage\":{\"@id\":\"https:\/\/distribucionarc.com\/tr\/producto\/calentador-de-platos-de-8-bandejas\/#primaryimage\"},\"image\":{\"@id\":\"https:\/\/distribucionarc.com\/tr\/producto\/calentador-de-platos-de-8-bandejas\/#primaryimage\"},\"thumbnailUrl\":\"https:\/\/distribucionarc.com\/wp-content\/uploads\/2020\/09\/Calentador-de-platos-de-8-bandejas-10.jpg\",\"datePublished\":\"2020-09-21T12:14:29+00:00\",\"dateModified\":\"2020-10-01T13:48:45+00:00\",\"breadcrumb\":{\"@id\":\"https:\/\/distribucionarc.com\/tr\/producto\/calentador-de-platos-de-8-bandejas\/#breadcrumb\"},\"inLanguage\":\"sk-SK\",\"potentialAction\":[{\"@type\":\"ReadAction\",\"target\":[\"https:\/\/distribucionarc.com\/tr\/producto\/calentador-de-platos-de-8-bandejas\/\"]}]},{\"@type\":\"ImageObject\",\"inLanguage\":\"sk-SK\",\"@id\":\"https:\/\/distribucionarc.com\/tr\/producto\/calentador-de-platos-de-8-bandejas\/#primaryimage\",\"url\":\"https:\/\/distribucionarc.com\/wp-content\/uploads\/2020\/09\/Calentador-de-platos-de-8-bandejas-10.jpg\",\"contentUrl\":\"https:\/\/distribucionarc.com\/wp-content\/uploads\/2020\/09\/Calentador-de-platos-de-8-bandejas-10.jpg\",\"width\":1600,\"height\":1600,\"caption\":\"Calentador de platos de 8 bandejas\"},{\"@type\":\"BreadcrumbList\",\"@id\":\"https:\/\/distribucionarc.com\/tr\/producto\/calentador-de-platos-de-8-bandejas\/#breadcrumb\",\"itemListElement\":[{\"@type\":\"ListItem\",\"position\":1,\"name\":\"Portada\",\"item\":\"https:\/\/distribucionarc.com\/pl\/\"},{\"@type\":\"ListItem\",\"position\":2,\"name\":\"Produkty\",\"item\":\"https:\/\/distribucionarc.com\/pl\/shop\/\"},{\"@type\":\"ListItem\",\"position\":3,\"name\":\"Calentador de platos de 8 bandejas\"}]},{\"@type\":\"WebSite\",\"@id\":\"https:\/\/distribucionarc.com\/de\/#website\",\"url\":\"https:\/\/distribucionarc.com\/de\/\",\"name\":\"distribuci\u00f3n ARC\",\"description\":\"Empresa especializada en la fabricaci\u00f3n y distribuci\u00f3n de maquinaria industrial, selladoras de latas, Maquinas de hacer pastillas, Maquinas de cortar carne...\",\"publisher\":{\"@id\":\"https:\/\/distribucionarc.com\/de\/#organization\"},\"potentialAction\":[{\"@type\":\"SearchAction\",\"target\":{\"@type\":\"EntryPoint\",\"urlTemplate\":\"https:\/\/distribucionarc.com\/de\/?s={search_term_string}\"},\"query-input\":{\"@type\":\"PropertyValueSpecification\",\"valueRequired\":true,\"valueName\":\"search_term_string\"}}],\"inLanguage\":\"sk-SK\"},{\"@type\":\"Organization\",\"@id\":\"https:\/\/distribucionarc.com\/de\/#organization\",\"name\":\"Distribuci\u00f3n ARC\",\"url\":\"https:\/\/distribucionarc.com\/de\/\",\"logo\":{\"@type\":\"ImageObject\",\"inLanguage\":\"sk-SK\",\"@id\":\"https:\/\/distribucionarc.com\/de\/#\/schema\/logo\/image\/\",\"url\":\"https:\/\/distribucionarc.com\/wp-content\/uploads\/2024\/10\/distribucion-ARC-COLOR-SIN-FONDO-e1732295305345.png\",\"contentUrl\":\"https:\/\/distribucionarc.com\/wp-content\/uploads\/2024\/10\/distribucion-ARC-COLOR-SIN-FONDO-e1732295305345.png\",\"width\":1164,\"height\":558,\"caption\":\"Distribuci\u00f3n ARC\"},\"image\":{\"@id\":\"https:\/\/distribucionarc.com\/de\/#\/schema\/logo\/image\/\"},\"description\":\"Empresa especializada en la fabricaci\u00f3n y distribuci\u00f3n de maquinaria industrial para los sectores alimentario y farmac\u00e9utico. Nos especializamos en: M\u00e1quinas de cortar carne Fabricaci\u00f3n de comprimidos Sistemas de transporte industrial L\u00edneas de embotellado Dosificadores Y mucho m\u00e1s... Ofrecemos soluciones innovadoras y personalizadas para optimizar los procesos productivos de tu empresa.\",\"email\":\"Admistracion@distribucionarc.com\",\"telephone\":\"+34 643496664\",\"legalName\":\"ARC TECH SOLUTIONS\",\"foundingDate\":\"2024-04-09\",\"vatID\":\"B55480172\",\"numberOfEmployees\":{\"@type\":\"QuantitativeValue\",\"minValue\":\"1\",\"maxValue\":\"10\"}}]}<\/script>\n<!-- \/ Yoast SEO Premium plugin. -->","yoast_head_json":{"title":"8-z\u00e1sobn\u00edkov\u00fd ohrieva\u010d riadu - ARC rozvod","robots":{"index":"index","follow":"follow","max-snippet":"max-snippet:-1","max-image-preview":"max-image-preview:large","max-video-preview":"max-video-preview:-1"},"canonical":"https:\/\/distribucionarc.com\/sk\/produktov\/8-zasobnik-ohrievac-riadu\/","og_locale":"sk_SK","og_type":"article","og_title":"Calentador de platos de 8 bandejas","og_description":"Calentador de platos de 8 bandejas Los calentadores de platos ARC mantiene la comida precocinada a la temperatura perfecta para que conserven todo el sabor y textura durante largos periodos de tiempo. Est\u00e1n fabricados del mejor acero inoxidable para alimentos f\u00e1cil de limpiar, higi\u00e9nico y no alteran el sabor del producto. Tan solo llene el nivel de agua indicado y ajuste las 8 bandejas en el mostrador, cuenta con vidrio de cristal templado para asegurar mayor higiene y facilitar la visibilidad de los alimentos. Puede ajustar la temperatura entre 30\u2103 y 85\u2103 con el bot\u00f3n giratorio, para mantener la comida caliente sin que se pegue, queme o se seque. Estos calentadores de ba\u00f1o mar\u00eda son ideales para buffets, restaurantes, bares, restaurantes de comida r\u00e1pida, hoteles, etc. Garant\u00eda\u00a0ARC 2 A\u00d1OS Calentador de alimentos eficiente, bajo consumo 1350w soporte t\u00e9cnico incluido","og_url":"https:\/\/distribucionarc.com\/sk\/produktov\/8-zasobnik-ohrievac-riadu\/","og_site_name":"distribuci\u00f3n ARC","article_modified_time":"2020-10-01T13:48:45+00:00","og_image":[{"width":1600,"height":1600,"url":"https:\/\/distribucionarc.com\/wp-content\/uploads\/2020\/09\/Calentador-de-platos-de-8-bandejas-10.jpg","type":"image\/jpeg"}],"twitter_card":"summary_large_image","twitter_misc":{"Predpokladan\u00fd \u010das \u010d\u00edtania":"2 min\u00faty"},"schema":{"@context":"https:\/\/schema.org","@graph":[{"@type":"WebPage","@id":"https:\/\/distribucionarc.com\/tr\/producto\/calentador-de-platos-de-8-bandejas\/","url":"https:\/\/distribucionarc.com\/tr\/producto\/calentador-de-platos-de-8-bandejas\/","name":"8-z\u00e1sobn\u00edkov\u00fd ohrieva\u010d riadu - ARC rozvod","isPartOf":{"@id":"https:\/\/distribucionarc.com\/de\/#website"},"primaryImageOfPage":{"@id":"https:\/\/distribucionarc.com\/tr\/producto\/calentador-de-platos-de-8-bandejas\/#primaryimage"},"image":{"@id":"https:\/\/distribucionarc.com\/tr\/producto\/calentador-de-platos-de-8-bandejas\/#primaryimage"},"thumbnailUrl":"https:\/\/distribucionarc.com\/wp-content\/uploads\/2020\/09\/Calentador-de-platos-de-8-bandejas-10.jpg","datePublished":"2020-09-21T12:14:29+00:00","dateModified":"2020-10-01T13:48:45+00:00","breadcrumb":{"@id":"https:\/\/distribucionarc.com\/tr\/producto\/calentador-de-platos-de-8-bandejas\/#breadcrumb"},"inLanguage":"sk-SK","potentialAction":[{"@type":"ReadAction","target":["https:\/\/distribucionarc.com\/tr\/producto\/calentador-de-platos-de-8-bandejas\/"]}]},{"@type":"ImageObject","inLanguage":"sk-SK","@id":"https:\/\/distribucionarc.com\/tr\/producto\/calentador-de-platos-de-8-bandejas\/#primaryimage","url":"https:\/\/distribucionarc.com\/wp-content\/uploads\/2020\/09\/Calentador-de-platos-de-8-bandejas-10.jpg","contentUrl":"https:\/\/distribucionarc.com\/wp-content\/uploads\/2020\/09\/Calentador-de-platos-de-8-bandejas-10.jpg","width":1600,"height":1600,"caption":"Calentador de platos de 8 bandejas"},{"@type":"BreadcrumbList","@id":"https:\/\/distribucionarc.com\/tr\/producto\/calentador-de-platos-de-8-bandejas\/#breadcrumb","itemListElement":[{"@type":"ListItem","position":1,"name":"Portada","item":"https:\/\/distribucionarc.com\/pl\/"},{"@type":"ListItem","position":2,"name":"Produkty","item":"https:\/\/distribucionarc.com\/pl\/shop\/"},{"@type":"ListItem","position":3,"name":"Calentador de platos de 8 bandejas"}]},{"@type":"WebSite","@id":"https:\/\/distribucionarc.com\/de\/#website","url":"https:\/\/distribucionarc.com\/de\/","name":"ARC distrib\u00facia","description":"Spolo\u010dnos\u0165 sa \u0161pecializuje na v\u00fdrobu a distrib\u00faciu priemyseln\u00fdch strojov, strojov na uzatv\u00e1ranie plechoviek, strojov na v\u00fdrobu tabliet, strojov na porciovanie m\u00e4sa...","publisher":{"@id":"https:\/\/distribucionarc.com\/de\/#organization"},"potentialAction":[{"@type":"SearchAction","target":{"@type":"EntryPoint","urlTemplate":"https:\/\/distribucionarc.com\/de\/?s={search_term_string}"},"query-input":{"@type":"PropertyValueSpecification","valueRequired":true,"valueName":"search_term_string"}}],"inLanguage":"sk-SK"},{"@type":"Organization","@id":"https:\/\/distribucionarc.com\/de\/#organization","name":"Distrib\u00facia ARC","url":"https:\/\/distribucionarc.com\/de\/","logo":{"@type":"ImageObject","inLanguage":"sk-SK","@id":"https:\/\/distribucionarc.com\/de\/#\/schema\/logo\/image\/","url":"https:\/\/distribucionarc.com\/wp-content\/uploads\/2024\/10\/distribucion-ARC-COLOR-SIN-FONDO-e1732295305345.png","contentUrl":"https:\/\/distribucionarc.com\/wp-content\/uploads\/2024\/10\/distribucion-ARC-COLOR-SIN-FONDO-e1732295305345.png","width":1164,"height":558,"caption":"Distribuci\u00f3n ARC"},"image":{"@id":"https:\/\/distribucionarc.com\/de\/#\/schema\/logo\/image\/"},"description":"Spolo\u010dnos\u0165 \u0161pecializuj\u00faca sa na v\u00fdrobu a distrib\u00faciu priemyseln\u00fdch strojov pre potravin\u00e1rsky a farmaceutick\u00fd sektor. \u0160pecializujeme sa na: Stroje na kr\u00e1janie m\u00e4sa V\u00fdroba tabliet Priemyseln\u00e9 dopravn\u00e9 syst\u00e9my D\u00e1vkova\u010de na f\u013ea\u0161e A ove\u013ea viac... Pon\u00fakame inovat\u00edvne a prisp\u00f4soben\u00e9 rie\u0161enia na optimaliz\u00e1ciu v\u00fdrobn\u00fdch procesov va\u0161ej spolo\u010dnosti.","email":"Admistracion@distribucionarc.com","telephone":"+34 643496664","legalName":"ARC TECH SOLUTIONS","foundingDate":"2024-04-09","vatID":"B55480172","numberOfEmployees":{"@type":"QuantitativeValue","minValue":"1","maxValue":"10"}}]}},"_links":{"self":[{"href":"https:\/\/distribucionarc.com\/sk\/wp-json\/wp\/v2\/product\/3070","targetHints":{"allow":["GET"]}}],"collection":[{"href":"https:\/\/distribucionarc.com\/sk\/wp-json\/wp\/v2\/product"}],"about":[{"href":"https:\/\/distribucionarc.com\/sk\/wp-json\/wp\/v2\/types\/product"}],"replies":[{"embeddable":true,"href":"https:\/\/distribucionarc.com\/sk\/wp-json\/wp\/v2\/comments?post=3070"}],"version-history":[{"count":0,"href":"https:\/\/distribucionarc.com\/sk\/wp-json\/wp\/v2\/product\/3070\/revisions"}],"wp:featuredmedia":[{"embeddable":true,"href":"https:\/\/distribucionarc.com\/sk\/wp-json\/wp\/v2\/media\/3076"}],"wp:attachment":[{"href":"https:\/\/distribucionarc.com\/sk\/wp-json\/wp\/v2\/media?parent=3070"}],"wp:term":[{"taxonomy":"product_brand","embeddable":true,"href":"https:\/\/distribucionarc.com\/sk\/wp-json\/wp\/v2\/product_brand?post=3070"},{"taxonomy":"product_cat","embeddable":true,"href":"https:\/\/distribucionarc.com\/sk\/wp-json\/wp\/v2\/product_cat?post=3070"},{"taxonomy":"product_tag","embeddable":true,"href":"https:\/\/distribucionarc.com\/sk\/wp-json\/wp\/v2\/product_tag?post=3070"}],"curies":[{"name":"pracovn\u00fd list","href":"https:\/\/api.w.org\/{rel}","templated":true}]}}