{"id":325,"date":"2020-04-17T12:08:24","date_gmt":"2020-04-17T12:08:24","guid":{"rendered":"https:\/\/distribucionarc.com\/?post_type=product&#038;p=325"},"modified":"2025-05-08T20:54:03","modified_gmt":"2025-05-08T18:54:03","slug":"davkovac-na-plnenie-tekutin-%f0%9f%8d%be-digitalny-2ml-%f0%9f%94%9b-3500ml","status":"publish","type":"product","link":"https:\/\/distribucionarc.com\/sk\/producto\/dosificadora-embotelladora-llenadora-de-liquidos-%f0%9f%8d%be-digital-de-2ml-%f0%9f%94%9b-3500ml\/","title":{"rendered":"D\u00e1vkovanie, plnenie do flia\u0161, plnenie tekut\u00edn? 2 ml digit\u00e1lny? 3500 ml"},"content":{"rendered":"<h2><strong>D\u00e1vkovanie, plnenie do flia\u0161, plnenie tekut\u00edn? 2 ml digit\u00e1lny? 3500 ml<\/strong><\/h2>\n<p>&nbsp;<\/p>\n<p>\u0160iroko pou\u017e\u00edvan\u00fd v medic\u00edne, ch\u00e9mii, potravin\u00e1ch, n\u00e1pojoch, olejoch, kozmetike at\u010f.<br \/>\nAutomatick\u00e1 funkcia na po\u010d\u00edtanie a kontrolu mno\u017estva n\u00e1plne.<br \/>\nVysoko\u00fa\u010dinn\u00fd jedno\u010dipov\u00fd mikropo\u010d\u00edta\u010d s n\u00edzkou spotrebou energie.<br \/>\nLCD displej s dotykov\u00fdm displejom, ktor\u00fd sa ve\u013emi \u013eahko ovl\u00e1da.<br \/>\nVysok\u00e1 presnos\u0165 plnenia a objemu.<br \/>\nPracovn\u00fd v\u00fdkon je stabiln\u00fd a m\u00f4\u017ee sa pou\u017e\u00edva\u0165 dlhodobo.<br \/>\nDizajn proti odkvapk\u00e1vaniu a kon\u0161trukcia z nehrdzavej\u00facej ocele.<\/p>\n<p>Tento stroj je ur\u010den\u00fd pre kvapaliny s n\u00edzkou viskozitou, najhustej\u0161\u00ed produkt, ktor\u00fd dok\u00e1\u017ee d\u00e1vkova\u0165, je ako text\u00fara oleja alebo kvapal\u00edn s n\u00edzkou viskozitou ako zm\u00e4k\u010dova\u010d, pre produkty s vy\u0161\u0161ou hustotou odpor\u00fa\u010dame pneumatick\u00fd piestov\u00fd d\u00e1vkova\u010d. ke\u010f\u017ee tieto stroje n\u00e1m v\u010faka svojim charakteristik\u00e1m m\u00f4\u017eu poskytn\u00fa\u0165 lep\u0161\u00ed v\u00fdkon a vy\u0161\u0161iu produktivitu.<\/p>\n<ul>\n<li>Nap\u00e4tie: 220V.<\/li>\n<li>V\u00fdkon: 30W.<\/li>\n<li>R\u00fdchlos\u0165 plnenia a\u017e: 3,2 litra za min\u00fatu.<\/li>\n<li>Rozmery n\u00e1plne od: 2ml \u27a1\ufe0f 3500 ml.<\/li>\n<li>Sacia vzdialenos\u0165: 2 metre.<\/li>\n<li>Hranica chyby: &lt;0,5%<\/li>\n<li>Rozmery: 40 x 40 x 20 cm.<\/li>\n<li>Hmotnos\u0165: 6,0 kg.<\/li>\n<\/ul>\n<p><iframe loading=\"lazy\" src=\"https:\/\/www.youtube.com\/embed\/-kZNNjctB0Y\" width=\"560\" height=\"315\" frameborder=\"0\" allowfullscreen=\"allowfullscreen\"><\/iframe><\/p>\n<p><iframe loading=\"lazy\" src=\"https:\/\/www.youtube.com\/embed\/idvit7Rznto\" width=\"560\" height=\"315\" frameborder=\"0\" allowfullscreen=\"allowfullscreen\"><\/iframe><\/p>","protected":false},"excerpt":{"rendered":"<p>Tento stroj vyu\u017e\u00edva mikropo\u010d\u00edta\u010d na riadenie \u010dasu a r\u00fdchlosti pumpy, aby sa mohla plni\u0165 hladko a presne.<br \/>\nElektromotor je oddelen\u00fd od \u010derpadla.<br \/>\nM\u00e1 9 r\u00fdchlost\u00ed plnenia, Nastavenie plnenia: 0,01\u279699,99s, \u010casov\u00fd interval medzi plnen\u00edm: 0,01\u279699,99s.<br \/>\nUlo\u017ete si a\u017e 6 nastaven\u00ed pre r\u00f4zne ve\u013ekosti flia\u0161, aby ste si mohli jednoducho vybra\u0165.<br \/>\nJe to kompaktn\u00fd a prenosn\u00fd stroj.<br \/>\nPuzdro je vyroben\u00e9 z nehrdzavej\u00facej ocele, je tie\u017e odoln\u00e9 a \u013eahko sa \u010dist\u00ed.<br \/>\nM\u00f4\u017ee by\u0165 pou\u017eit\u00fd pre mnoho typov \u010d\u00edrych a riedkych tekut\u00edn, ako napr\u00edklad:<br \/>\nVoda, olivov\u00fd olej, palivo, n\u00e1poje, ocot, mlieko at\u010f.<\/p>","protected":false},"featured_media":17454,"comment_status":"open","ping_status":"closed","template":"","meta":{"wds_primary_product_brand":0,"wds_primary_product_cat":0},"product_brand":[],"product_cat":[18,19,74,73,320,21],"product_tag":[],"class_list":{"0":"post-325","1":"product","2":"type-product","3":"status-publish","4":"has-post-thumbnail","6":"product_cat-dosificadoras","7":"product_cat-dosificadoras-de-liquidos","8":"product_cat-llenadoras-de-botellas","9":"product_cat-llenadoras-de-liquidos","10":"product_cat-llenadoras-de-liquidos-por-gravedad","11":"product_cat-maquinas-llenadoras","13":"first","14":"instock","15":"sale","16":"taxable","17":"shipping-taxable","18":"purchasable","19":"product-type-simple"},"yoast_head":"<!-- This site is optimized with the Yoast SEO Premium plugin v24.9 (Yoast SEO v26.1) - https:\/\/yoast.com\/wordpress\/plugins\/seo\/ -->\n<title>Dosificadora, Embotelladora, Llenadora de L\u00edquidos ? Digital de 2 ml ? 3500 ml - distribuci\u00f3n ARC<\/title>\n<meta name=\"robots\" content=\"index, follow, max-snippet:-1, max-image-preview:large, max-video-preview:-1\" \/>\n<link rel=\"canonical\" href=\"https:\/\/www.distribucionarc.com\/en\/producto\/dosificadora-embotelladora-llenadora-de-liquidos-\ud83c\udf7e-digital-de-2ml-\ud83d\udd1b-3500ml\/\" \/>\n<meta property=\"og:locale\" content=\"sk_SK\" \/>\n<meta property=\"og:type\" content=\"article\" \/>\n<meta property=\"og:title\" content=\"Dosificadora, Embotelladora, Llenadora de L\u00edquidos ? Digital de 2 ml ? 3500 ml\" \/>\n<meta property=\"og:description\" content=\"Esta m\u00e1quina utiliza un microordenador para controlar el tiempo y la velocidad de la bomba, para que pueda llenar con fluidez y precisi\u00f3n. El motor el\u00e9ctrico est\u00e1 separado de la bomba. Cuenta con 9 Velocidades de llenado, Ajuste para llenado de: 0.01\u279699.99s, Intervalo de tiempo entre llenado de: 0.01\u279699.99s. Guarda hasta 6 configuraciones para los diferentes tama\u00f1os de botellas y as\u00ed poder elegir f\u00e1cilmente. Es una m\u00e1quina compacta y port\u00e1til. La carcasa es de acero inoxidable, adem\u00e1s es resistente y f\u00e1cil de limpiar. Se puede utilizar para muchos tipos de l\u00edquidos claros y delgados, tales como: Agua, aceite de oliva, combustible, bebidas, vinagre, leche, etc.\" \/>\n<meta property=\"og:url\" content=\"https:\/\/www.distribucionarc.com\/en\/producto\/dosificadora-embotelladora-llenadora-de-liquidos-\ud83c\udf7e-digital-de-2ml-\ud83d\udd1b-3500ml\/\" \/>\n<meta property=\"og:site_name\" content=\"distribuci\u00f3n ARC\" \/>\n<meta property=\"article:modified_time\" content=\"2025-05-08T18:54:03+00:00\" \/>\n<meta property=\"og:image\" content=\"https:\/\/www.distribucionarc.com\/wp-content\/uploads\/2020\/04\/maquina-de-llenado-de-liquidos-en-botellas-asta-3-litros-por-minuto.png\" \/>\n\t<meta property=\"og:image:width\" content=\"828\" \/>\n\t<meta property=\"og:image:height\" content=\"527\" \/>\n\t<meta property=\"og:image:type\" content=\"image\/png\" \/>\n<meta name=\"twitter:card\" content=\"summary_large_image\" \/>\n<meta name=\"twitter:label1\" content=\"Predpokladan\u00fd \u010das \u010d\u00edtania\" \/>\n\t<meta name=\"twitter:data1\" content=\"2 min\u00faty\" \/>\n<script type=\"application\/ld+json\" class=\"yoast-schema-graph\">{\"@context\":\"https:\/\/schema.org\",\"@graph\":[{\"@type\":\"WebPage\",\"@id\":\"https:\/\/www.distribucionarc.com\/en\/producto\/dosificadora-embotelladora-llenadora-de-liquidos-%f0%9f%8d%be-digital-de-2ml-%f0%9f%94%9b-3500ml\/\",\"url\":\"https:\/\/www.distribucionarc.com\/en\/producto\/dosificadora-embotelladora-llenadora-de-liquidos-%f0%9f%8d%be-digital-de-2ml-%f0%9f%94%9b-3500ml\/\",\"name\":\"Dosificadora, Embotelladora, Llenadora de L\u00edquidos ? Digital de 2 ml ? 3500 ml - distribuci\u00f3n ARC\",\"isPartOf\":{\"@id\":\"https:\/\/distribucionarc.com\/de\/#website\"},\"primaryImageOfPage\":{\"@id\":\"https:\/\/www.distribucionarc.com\/en\/producto\/dosificadora-embotelladora-llenadora-de-liquidos-%f0%9f%8d%be-digital-de-2ml-%f0%9f%94%9b-3500ml\/#primaryimage\"},\"image\":{\"@id\":\"https:\/\/www.distribucionarc.com\/en\/producto\/dosificadora-embotelladora-llenadora-de-liquidos-%f0%9f%8d%be-digital-de-2ml-%f0%9f%94%9b-3500ml\/#primaryimage\"},\"thumbnailUrl\":\"https:\/\/distribucionarc.com\/wp-content\/uploads\/2020\/04\/maquina-de-llenado-de-liquidos-en-botellas-asta-3-litros-por-minuto.png\",\"datePublished\":\"2020-04-17T12:08:24+00:00\",\"dateModified\":\"2025-05-08T18:54:03+00:00\",\"breadcrumb\":{\"@id\":\"https:\/\/www.distribucionarc.com\/en\/producto\/dosificadora-embotelladora-llenadora-de-liquidos-%f0%9f%8d%be-digital-de-2ml-%f0%9f%94%9b-3500ml\/#breadcrumb\"},\"inLanguage\":\"sk-SK\",\"potentialAction\":[{\"@type\":\"ReadAction\",\"target\":[\"https:\/\/www.distribucionarc.com\/en\/producto\/dosificadora-embotelladora-llenadora-de-liquidos-%f0%9f%8d%be-digital-de-2ml-%f0%9f%94%9b-3500ml\/\"]}]},{\"@type\":\"ImageObject\",\"inLanguage\":\"sk-SK\",\"@id\":\"https:\/\/www.distribucionarc.com\/en\/producto\/dosificadora-embotelladora-llenadora-de-liquidos-%f0%9f%8d%be-digital-de-2ml-%f0%9f%94%9b-3500ml\/#primaryimage\",\"url\":\"https:\/\/distribucionarc.com\/wp-content\/uploads\/2020\/04\/maquina-de-llenado-de-liquidos-en-botellas-asta-3-litros-por-minuto.png\",\"contentUrl\":\"https:\/\/distribucionarc.com\/wp-content\/uploads\/2020\/04\/maquina-de-llenado-de-liquidos-en-botellas-asta-3-litros-por-minuto.png\",\"width\":828,\"height\":527,\"caption\":\"Maquina de llenado para botellas peque\u00f1as liqudis de baja densidad\"},{\"@type\":\"BreadcrumbList\",\"@id\":\"https:\/\/www.distribucionarc.com\/en\/producto\/dosificadora-embotelladora-llenadora-de-liquidos-%f0%9f%8d%be-digital-de-2ml-%f0%9f%94%9b-3500ml\/#breadcrumb\",\"itemListElement\":[{\"@type\":\"ListItem\",\"position\":1,\"name\":\"Portada\",\"item\":\"https:\/\/distribucionarc.com\/pl\/\"},{\"@type\":\"ListItem\",\"position\":2,\"name\":\"Produkty\",\"item\":\"https:\/\/distribucionarc.com\/pl\/shop\/\"},{\"@type\":\"ListItem\",\"position\":3,\"name\":\"Dosificadora, Embotelladora, Llenadora de L\u00edquidos ? Digital de 2 ml ? 3500 ml\"}]},{\"@type\":\"WebSite\",\"@id\":\"https:\/\/distribucionarc.com\/de\/#website\",\"url\":\"https:\/\/distribucionarc.com\/de\/\",\"name\":\"distribuci\u00f3n ARC\",\"description\":\"Empresa especializada en la fabricaci\u00f3n y distribuci\u00f3n de maquinaria industrial, selladoras de latas, Maquinas de hacer pastillas, Maquinas de cortar carne...\",\"publisher\":{\"@id\":\"https:\/\/distribucionarc.com\/de\/#organization\"},\"potentialAction\":[{\"@type\":\"SearchAction\",\"target\":{\"@type\":\"EntryPoint\",\"urlTemplate\":\"https:\/\/distribucionarc.com\/de\/?s={search_term_string}\"},\"query-input\":{\"@type\":\"PropertyValueSpecification\",\"valueRequired\":true,\"valueName\":\"search_term_string\"}}],\"inLanguage\":\"sk-SK\"},{\"@type\":\"Organization\",\"@id\":\"https:\/\/distribucionarc.com\/de\/#organization\",\"name\":\"Distribuci\u00f3n ARC\",\"url\":\"https:\/\/distribucionarc.com\/de\/\",\"logo\":{\"@type\":\"ImageObject\",\"inLanguage\":\"sk-SK\",\"@id\":\"https:\/\/distribucionarc.com\/de\/#\/schema\/logo\/image\/\",\"url\":\"https:\/\/distribucionarc.com\/wp-content\/uploads\/2024\/10\/distribucion-ARC-COLOR-SIN-FONDO-e1732295305345.png\",\"contentUrl\":\"https:\/\/distribucionarc.com\/wp-content\/uploads\/2024\/10\/distribucion-ARC-COLOR-SIN-FONDO-e1732295305345.png\",\"width\":1164,\"height\":558,\"caption\":\"Distribuci\u00f3n ARC\"},\"image\":{\"@id\":\"https:\/\/distribucionarc.com\/de\/#\/schema\/logo\/image\/\"},\"description\":\"Empresa especializada en la fabricaci\u00f3n y distribuci\u00f3n de maquinaria industrial para los sectores alimentario y farmac\u00e9utico. Nos especializamos en: M\u00e1quinas de cortar carne Fabricaci\u00f3n de comprimidos Sistemas de transporte industrial L\u00edneas de embotellado Dosificadores Y mucho m\u00e1s... Ofrecemos soluciones innovadoras y personalizadas para optimizar los procesos productivos de tu empresa.\",\"email\":\"Admistracion@distribucionarc.com\",\"telephone\":\"+34 643496664\",\"legalName\":\"ARC TECH SOLUTIONS\",\"foundingDate\":\"2024-04-09\",\"vatID\":\"B55480172\",\"numberOfEmployees\":{\"@type\":\"QuantitativeValue\",\"minValue\":\"1\",\"maxValue\":\"10\"}}]}<\/script>\n<!-- \/ Yoast SEO Premium plugin. -->","yoast_head_json":{"title":"D\u00e1vkovanie, plnenie do flia\u0161, plnenie tekut\u00edn? 2 ml digit\u00e1lny? 3500 ml - ARC rozvod","robots":{"index":"index","follow":"follow","max-snippet":"max-snippet:-1","max-image-preview":"max-image-preview:large","max-video-preview":"max-video-preview:-1"},"canonical":"https:\/\/www.distribucionarc.com\/en\/producto\/dosificadora-embotelladora-llenadora-de-liquidos-\ud83c\udf7e-digital-de-2ml-\ud83d\udd1b-3500ml\/","og_locale":"sk_SK","og_type":"article","og_title":"Dosificadora, Embotelladora, Llenadora de L\u00edquidos ? Digital de 2 ml ? 3500 ml","og_description":"Esta m\u00e1quina utiliza un microordenador para controlar el tiempo y la velocidad de la bomba, para que pueda llenar con fluidez y precisi\u00f3n. El motor el\u00e9ctrico est\u00e1 separado de la bomba. Cuenta con 9 Velocidades de llenado, Ajuste para llenado de: 0.01\u279699.99s, Intervalo de tiempo entre llenado de: 0.01\u279699.99s. Guarda hasta 6 configuraciones para los diferentes tama\u00f1os de botellas y as\u00ed poder elegir f\u00e1cilmente. Es una m\u00e1quina compacta y port\u00e1til. La carcasa es de acero inoxidable, adem\u00e1s es resistente y f\u00e1cil de limpiar. Se puede utilizar para muchos tipos de l\u00edquidos claros y delgados, tales como: Agua, aceite de oliva, combustible, bebidas, vinagre, leche, etc.","og_url":"https:\/\/www.distribucionarc.com\/en\/producto\/dosificadora-embotelladora-llenadora-de-liquidos-\ud83c\udf7e-digital-de-2ml-\ud83d\udd1b-3500ml\/","og_site_name":"distribuci\u00f3n ARC","article_modified_time":"2025-05-08T18:54:03+00:00","og_image":[{"width":828,"height":527,"url":"https:\/\/www.distribucionarc.com\/wp-content\/uploads\/2020\/04\/maquina-de-llenado-de-liquidos-en-botellas-asta-3-litros-por-minuto.png","type":"image\/png"}],"twitter_card":"summary_large_image","twitter_misc":{"Predpokladan\u00fd \u010das \u010d\u00edtania":"2 min\u00faty"},"schema":{"@context":"https:\/\/schema.org","@graph":[{"@type":"WebPage","@id":"https:\/\/www.distribucionarc.com\/en\/producto\/dosificadora-embotelladora-llenadora-de-liquidos-%f0%9f%8d%be-digital-de-2ml-%f0%9f%94%9b-3500ml\/","url":"https:\/\/www.distribucionarc.com\/en\/producto\/dosificadora-embotelladora-llenadora-de-liquidos-%f0%9f%8d%be-digital-de-2ml-%f0%9f%94%9b-3500ml\/","name":"D\u00e1vkovanie, plnenie do flia\u0161, plnenie tekut\u00edn? 2 ml digit\u00e1lny? 3500 ml - ARC rozvod","isPartOf":{"@id":"https:\/\/distribucionarc.com\/de\/#website"},"primaryImageOfPage":{"@id":"https:\/\/www.distribucionarc.com\/en\/producto\/dosificadora-embotelladora-llenadora-de-liquidos-%f0%9f%8d%be-digital-de-2ml-%f0%9f%94%9b-3500ml\/#primaryimage"},"image":{"@id":"https:\/\/www.distribucionarc.com\/en\/producto\/dosificadora-embotelladora-llenadora-de-liquidos-%f0%9f%8d%be-digital-de-2ml-%f0%9f%94%9b-3500ml\/#primaryimage"},"thumbnailUrl":"https:\/\/distribucionarc.com\/wp-content\/uploads\/2020\/04\/maquina-de-llenado-de-liquidos-en-botellas-asta-3-litros-por-minuto.png","datePublished":"2020-04-17T12:08:24+00:00","dateModified":"2025-05-08T18:54:03+00:00","breadcrumb":{"@id":"https:\/\/www.distribucionarc.com\/en\/producto\/dosificadora-embotelladora-llenadora-de-liquidos-%f0%9f%8d%be-digital-de-2ml-%f0%9f%94%9b-3500ml\/#breadcrumb"},"inLanguage":"sk-SK","potentialAction":[{"@type":"ReadAction","target":["https:\/\/www.distribucionarc.com\/en\/producto\/dosificadora-embotelladora-llenadora-de-liquidos-%f0%9f%8d%be-digital-de-2ml-%f0%9f%94%9b-3500ml\/"]}]},{"@type":"ImageObject","inLanguage":"sk-SK","@id":"https:\/\/www.distribucionarc.com\/en\/producto\/dosificadora-embotelladora-llenadora-de-liquidos-%f0%9f%8d%be-digital-de-2ml-%f0%9f%94%9b-3500ml\/#primaryimage","url":"https:\/\/distribucionarc.com\/wp-content\/uploads\/2020\/04\/maquina-de-llenado-de-liquidos-en-botellas-asta-3-litros-por-minuto.png","contentUrl":"https:\/\/distribucionarc.com\/wp-content\/uploads\/2020\/04\/maquina-de-llenado-de-liquidos-en-botellas-asta-3-litros-por-minuto.png","width":828,"height":527,"caption":"Maquina de llenado para botellas peque\u00f1as liqudis de baja densidad"},{"@type":"BreadcrumbList","@id":"https:\/\/www.distribucionarc.com\/en\/producto\/dosificadora-embotelladora-llenadora-de-liquidos-%f0%9f%8d%be-digital-de-2ml-%f0%9f%94%9b-3500ml\/#breadcrumb","itemListElement":[{"@type":"ListItem","position":1,"name":"Portada","item":"https:\/\/distribucionarc.com\/pl\/"},{"@type":"ListItem","position":2,"name":"Produkty","item":"https:\/\/distribucionarc.com\/pl\/shop\/"},{"@type":"ListItem","position":3,"name":"Dosificadora, Embotelladora, Llenadora de L\u00edquidos ? Digital de 2 ml ? 3500 ml"}]},{"@type":"WebSite","@id":"https:\/\/distribucionarc.com\/de\/#website","url":"https:\/\/distribucionarc.com\/de\/","name":"ARC distrib\u00facia","description":"Spolo\u010dnos\u0165 sa \u0161pecializuje na v\u00fdrobu a distrib\u00faciu priemyseln\u00fdch strojov, strojov na uzatv\u00e1ranie plechoviek, strojov na v\u00fdrobu tabliet, strojov na porciovanie m\u00e4sa...","publisher":{"@id":"https:\/\/distribucionarc.com\/de\/#organization"},"potentialAction":[{"@type":"SearchAction","target":{"@type":"EntryPoint","urlTemplate":"https:\/\/distribucionarc.com\/de\/?s={search_term_string}"},"query-input":{"@type":"PropertyValueSpecification","valueRequired":true,"valueName":"search_term_string"}}],"inLanguage":"sk-SK"},{"@type":"Organization","@id":"https:\/\/distribucionarc.com\/de\/#organization","name":"Distrib\u00facia ARC","url":"https:\/\/distribucionarc.com\/de\/","logo":{"@type":"ImageObject","inLanguage":"sk-SK","@id":"https:\/\/distribucionarc.com\/de\/#\/schema\/logo\/image\/","url":"https:\/\/distribucionarc.com\/wp-content\/uploads\/2024\/10\/distribucion-ARC-COLOR-SIN-FONDO-e1732295305345.png","contentUrl":"https:\/\/distribucionarc.com\/wp-content\/uploads\/2024\/10\/distribucion-ARC-COLOR-SIN-FONDO-e1732295305345.png","width":1164,"height":558,"caption":"Distribuci\u00f3n ARC"},"image":{"@id":"https:\/\/distribucionarc.com\/de\/#\/schema\/logo\/image\/"},"description":"Spolo\u010dnos\u0165 \u0161pecializuj\u00faca sa na v\u00fdrobu a distrib\u00faciu priemyseln\u00fdch strojov pre potravin\u00e1rsky a farmaceutick\u00fd sektor. \u0160pecializujeme sa na: Stroje na kr\u00e1janie m\u00e4sa V\u00fdroba tabliet Priemyseln\u00e9 dopravn\u00e9 syst\u00e9my D\u00e1vkova\u010de na f\u013ea\u0161e A ove\u013ea viac... Pon\u00fakame inovat\u00edvne a prisp\u00f4soben\u00e9 rie\u0161enia na optimaliz\u00e1ciu v\u00fdrobn\u00fdch procesov va\u0161ej spolo\u010dnosti.","email":"Admistracion@distribucionarc.com","telephone":"+34 643496664","legalName":"ARC TECH SOLUTIONS","foundingDate":"2024-04-09","vatID":"B55480172","numberOfEmployees":{"@type":"QuantitativeValue","minValue":"1","maxValue":"10"}}]}},"_links":{"self":[{"href":"https:\/\/distribucionarc.com\/sk\/wp-json\/wp\/v2\/product\/325","targetHints":{"allow":["GET"]}}],"collection":[{"href":"https:\/\/distribucionarc.com\/sk\/wp-json\/wp\/v2\/product"}],"about":[{"href":"https:\/\/distribucionarc.com\/sk\/wp-json\/wp\/v2\/types\/product"}],"replies":[{"embeddable":true,"href":"https:\/\/distribucionarc.com\/sk\/wp-json\/wp\/v2\/comments?post=325"}],"version-history":[{"count":1,"href":"https:\/\/distribucionarc.com\/sk\/wp-json\/wp\/v2\/product\/325\/revisions"}],"predecessor-version":[{"id":17455,"href":"https:\/\/distribucionarc.com\/sk\/wp-json\/wp\/v2\/product\/325\/revisions\/17455"}],"wp:featuredmedia":[{"embeddable":true,"href":"https:\/\/distribucionarc.com\/sk\/wp-json\/wp\/v2\/media\/17454"}],"wp:attachment":[{"href":"https:\/\/distribucionarc.com\/sk\/wp-json\/wp\/v2\/media?parent=325"}],"wp:term":[{"taxonomy":"product_brand","embeddable":true,"href":"https:\/\/distribucionarc.com\/sk\/wp-json\/wp\/v2\/product_brand?post=325"},{"taxonomy":"product_cat","embeddable":true,"href":"https:\/\/distribucionarc.com\/sk\/wp-json\/wp\/v2\/product_cat?post=325"},{"taxonomy":"product_tag","embeddable":true,"href":"https:\/\/distribucionarc.com\/sk\/wp-json\/wp\/v2\/product_tag?post=325"}],"curies":[{"name":"pracovn\u00fd list","href":"https:\/\/api.w.org\/{rel}","templated":true}]}}