{"id":3443,"date":"2020-10-02T14:44:31","date_gmt":"2020-10-02T14:44:31","guid":{"rendered":"https:\/\/distribucionarc.com\/?post_type=product&#038;p=3443"},"modified":"2020-10-03T10:37:08","modified_gmt":"2020-10-03T10:37:08","slug":"airless-rozprasovac-farieb","status":"publish","type":"product","link":"https:\/\/distribucionarc.com\/sk\/producto\/pulverizador-de-pintura-sin-aire\/","title":{"rendered":"Bezvzduchov\u00fd rozpra\u0161ova\u010d farieb"},"content":{"rendered":"<h3>Bezvzduchov\u00fd rozpra\u0161ova\u010d farieb<\/h3>\n<p>Toto<strong> pi\u0161to\u013e na ma\u013eovanie stien <span style=\"color: #0000ff;\"><span style=\"color: #ff0000;\">TO<\/span>R<\/span>c<\/strong> Vyroben\u00e9 z vysoko kvalitnej nehrdzavej\u00facej ocele, je odoln\u00e9 vo\u010di hrdzi a trv\u00e1cne. V\u0161etky komponenty s\u00fa vyroben\u00e9 tak, aby vydr\u017eali dlh\u00fa dobu.  Odn\u00edmate\u013en\u00fd dizajn pon\u00faka r\u00fdchle a jednoduch\u00e9 \u010distenie po nastriekan\u00ed. V\u010faka funkcii automatick\u00e9ho zastavenia sa t\u00e1to pi\u0161to\u013e na ma\u013eovanie stien \u013eahko ovl\u00e1da.<\/p>\n<p>Vybaven\u00fd super v\u00fdkonn\u00fdm 1650W bezkomut\u00e1torov\u00fdm motorom, Tento motor z <strong>airless lakovacia pi\u0161to\u013e <span style=\"color: #ff0000;\">TO<\/span><span style=\"color: #0000ff;\">R<\/span>CPPA18<\/strong> zabezpe\u010duje vysok\u00fa odolnos\u0165. Zlep\u0161ite efektivitu svojej pr\u00e1ce a u\u0161etrite drahocenn\u00fd \u010das. N\u00e1ter s vy\u0161\u0161ou \u00fa\u010dinnos\u0165ou ako 80% (vzduchov\u00fd sprej 30%) \u0161etr\u00ed suroviny.<\/p>\n<p>n\u00e1\u0161 <strong>n\u00e1stenn\u00fd rozpra\u0161ova\u010d<\/strong> M\u00e1 maxim\u00e1lnu nosnos\u0165 a airless postrekova\u010d je vhodn\u00fd na natieranie materi\u00e1lov vr\u00e1tane vn\u00fatorn\u00fdch a vonkaj\u0161\u00edch farieb na vodnej a olejovej b\u00e1ze. Vysok\u00fd tlak, vysok\u00e1 penetr\u00e1cia, zv\u00fd\u0161enie mechanick\u00e9ho povlaku na skus s telesom steny, lep\u0161ie rie\u0161enie povlaku bubl\u00edn, trhl\u00edn a in\u00fdch probl\u00e9mov.<\/p>\n<h6><strong>Z\u00e1ruka\u00a0<span style=\"color: #ff0000;\">TO<\/span><span style=\"color: #0000ff;\">R<\/span>C 2 ROKY<\/strong><\/h6>\n<h6><span style=\"color: #008000;\"><strong>Efekt\u00edvna airless n\u00e1stenn\u00e1 striekacia pi\u0161to\u013e, n\u00edzka spotreba 1650w<\/strong><\/span><\/h6>\n<h6><strong>vr\u00e1tane technickej podpory.<\/strong><\/h6>\n<p>&nbsp;<\/p>\n<table role=\"presentation\" width=\"100%\" cellspacing=\"0\" cellpadding=\"0\">\n<tbody>\n<tr>\n<td class=\"attrLabels\">Zna\u010dka:<\/td>\n<td width=\"50.0%\">ARC<\/td>\n<\/tr>\n<tr>\n<td class=\"attrLabels\">Krajina distrib\u00facie:<\/td>\n<td width=\"50.0%\">\u0160panielsko, Nemecko, USA<\/td>\n<td class=\"attrLabels\">Hmotnos\u0165:<\/td>\n<td width=\"50.0%\">18 kg<\/td>\n<\/tr>\n<tr>\n<td class=\"attrLabels\">Typ produktu:<\/td>\n<td width=\"50.0%\">Airless postrekova\u010d<\/td>\n<td class=\"attrLabels\">v\u00fd\u0161ka:<\/td>\n<td width=\"50.0%\">42,5 cm<\/td>\n<\/tr>\n<tr>\n<td class=\"attrLabels\">Farba:<\/td>\n<td width=\"50.0%\">\u010derven\u00e1, \u010dierna<\/td>\n<td class=\"attrLabels\">Dlh\u00e9:<\/td>\n<td width=\"50.0%\">40,8 cm<\/td>\n<\/tr>\n<tr>\n<td class=\"attrLabels\">\u010c\u00edslo v\u00fdrobcu:<\/td>\n<td width=\"50.0%\">ARCPPA18<\/td>\n<td class=\"attrLabels\">\u0160irok\u00e1:<\/td>\n<td width=\"50.0%\">30,8 cm<\/td>\n<\/tr>\n<tr>\n<td class=\"attrLabels\">Z\u00e1ruka:<\/td>\n<td width=\"50.0%\">2 roky<\/td>\n<td class=\"attrLabels\">Tlak pi\u0161tole:<\/td>\n<td width=\"50.0%\">2800 PSI<\/td>\n<\/tr>\n<tr>\n<td class=\"attrLabels\">Materi\u00e1l:<\/td>\n<td width=\"50.0%\">nerezov\u00fd, v\u00fdkonn\u00fd motor<\/td>\n<td class=\"attrLabels\">Striekacia vzdialenos\u0165:<\/td>\n<td width=\"50.0%\">35 cm<\/td>\n<\/tr>\n<tr>\n<td class=\"attrLabels\">\u00a0V\u00fdkon:<\/td>\n<td width=\"50.0%\">1650 W<\/td>\n<td class=\"attrLabels\">\u0160\u00edrka striekania:<\/td>\n<td width=\"50.0%\">30 cm<\/td>\n<\/tr>\n<tr>\n<td class=\"attrLabels\">Vstupn\u00e9 nap\u00e4tie:<\/td>\n<td width=\"50.0%\">220V \u2013 50Hz<\/td>\n<td class=\"attrLabels\">Prietok:<\/td>\n<td width=\"50.0%\">2,3 l za min\u00fatu<\/td>\n<\/tr>\n<\/tbody>\n<\/table>\n<p>&nbsp;<\/p>","protected":false},"excerpt":{"rendered":"<h2>Bezvzduchov\u00fd rozpra\u0161ova\u010d farieb<\/h2>\n<p>Toto <strong>maliarska pi\u0161to\u013e<\/strong> stena <strong>airless<span style=\"color: #ff0000;\"> TO<\/span><span style=\"color: #0000ff;\">R<\/span>c<\/strong> Vyr\u00e1ba sa vysoko \u00fa\u010dinnou technol\u00f3giou. Je vybaven\u00fd super v\u00fdkonn\u00fdm, ultra tich\u00fdm 1650 W bezkomut\u00e1torov\u00fdm motorom, ktor\u00fd zais\u0165uje dlh\u00fa \u017eivotnos\u0165. Tesniaci kr\u00fa\u017eok z hov\u00e4dzej ko\u017ee, odoln\u00fd proti opotrebovaniu.  Odn\u00edmate\u013en\u00fd dizajn pon\u00faka r\u00fdchle a jednoduch\u00e9 \u010distenie po nastriekan\u00ed. S n\u00e1dobou s objemom 1000 ml nie je potrebn\u00e9 \u010dasto prid\u00e1va\u0165 farbu.<\/p>\n<h6><strong>Z\u00e1ruka\u00a0<span style=\"color: #ff0000;\">TO<\/span><span style=\"color: #0000ff;\">R<\/span>C 2 ROKY<\/strong><\/h6>\n<h6><span style=\"color: #008000;\"><strong>Efekt\u00edvna airless n\u00e1stenn\u00e1 striekacia pi\u0161to\u013e, n\u00edzka spotreba 1650w<\/strong><\/span><\/h6>\n<h6><strong>vr\u00e1tane technickej podpory.<\/strong><\/h6>\n<p>&nbsp;<\/p>\n<p>&nbsp;<\/p>","protected":false},"featured_media":3449,"comment_status":"open","ping_status":"closed","template":"","meta":{"wds_primary_product_brand":0,"wds_primary_product_cat":0},"product_brand":[],"product_cat":[71,69],"product_tag":[],"class_list":{"0":"post-3443","1":"product","2":"type-product","3":"status-publish","4":"has-post-thumbnail","6":"product_cat-maquinas-para-pintar","7":"product_cat-maquinas-variadas","8":"product_shipping_class-hosteleria","10":"first","11":"instock","12":"sale","13":"taxable","14":"shipping-taxable","15":"purchasable","16":"product-type-simple"},"yoast_head":"<!-- This site is optimized with the Yoast SEO Premium plugin v24.9 (Yoast SEO v26.1) - https:\/\/yoast.com\/wordpress\/plugins\/seo\/ -->\n<title>Pulverizador de pintura sin aire - distribuci\u00f3n ARC<\/title>\n<meta name=\"robots\" content=\"index, follow, max-snippet:-1, max-image-preview:large, max-video-preview:-1\" \/>\n<link rel=\"canonical\" href=\"https:\/\/www.distribucionarc.com\/pl\/producto\/pulverizador-de-pintura-sin-aire\/\" \/>\n<meta property=\"og:locale\" content=\"sk_SK\" \/>\n<meta property=\"og:type\" content=\"article\" \/>\n<meta property=\"og:title\" content=\"Pulverizador de pintura sin aire\" \/>\n<meta property=\"og:description\" content=\"Pulverizador de pintura sin aire Esta pistola de pintura de pared sin aire ARC est\u00e1 fabricada con tecnolog\u00eda de alta eficiencia. Cuenta con un motor sin escobillas de 1650 W superpotente, ultra silencioso y le asegura una larga vida \u00fatil. Anillo de sello de piel de vaca, resistente al desgaste. \u00a0El dise\u00f1o desmontable ofrece una limpieza r\u00e1pida y sencilla despu\u00e9s de la pulverizaci\u00f3n. Con el recipiente de 1000 ml, no es necesario agregar la pintura con frecuencia. Garant\u00eda\u00a0ARC 2 A\u00d1OS Pistola de pared sin aire eficiente, bajo consumo 1650w soporte t\u00e9cnico incluido. &nbsp;  &nbsp;\" \/>\n<meta property=\"og:url\" content=\"https:\/\/www.distribucionarc.com\/pl\/producto\/pulverizador-de-pintura-sin-aire\/\" \/>\n<meta property=\"og:site_name\" content=\"distribuci\u00f3n ARC\" \/>\n<meta property=\"article:modified_time\" content=\"2020-10-03T10:37:08+00:00\" \/>\n<meta property=\"og:image\" content=\"https:\/\/www.distribucionarc.com\/wp-content\/uploads\/2020\/10\/Pulverizador-de-pintura-sin-aire-0.jpg\" \/>\n\t<meta property=\"og:image:width\" content=\"1001\" \/>\n\t<meta property=\"og:image:height\" content=\"1001\" \/>\n\t<meta property=\"og:image:type\" content=\"image\/jpeg\" \/>\n<meta name=\"twitter:card\" content=\"summary_large_image\" \/>\n<meta name=\"twitter:label1\" content=\"Predpokladan\u00fd \u010das \u010d\u00edtania\" \/>\n\t<meta name=\"twitter:data1\" content=\"1 min\u00fata\" \/>\n<script type=\"application\/ld+json\" class=\"yoast-schema-graph\">{\"@context\":\"https:\/\/schema.org\",\"@graph\":[{\"@type\":\"WebPage\",\"@id\":\"https:\/\/www.distribucionarc.com\/pl\/producto\/pulverizador-de-pintura-sin-aire\/\",\"url\":\"https:\/\/www.distribucionarc.com\/pl\/producto\/pulverizador-de-pintura-sin-aire\/\",\"name\":\"Pulverizador de pintura sin aire - distribuci\u00f3n ARC\",\"isPartOf\":{\"@id\":\"https:\/\/distribucionarc.com\/bg\/#website\"},\"primaryImageOfPage\":{\"@id\":\"https:\/\/www.distribucionarc.com\/pl\/producto\/pulverizador-de-pintura-sin-aire\/#primaryimage\"},\"image\":{\"@id\":\"https:\/\/www.distribucionarc.com\/pl\/producto\/pulverizador-de-pintura-sin-aire\/#primaryimage\"},\"thumbnailUrl\":\"https:\/\/distribucionarc.com\/wp-content\/uploads\/2020\/10\/Pulverizador-de-pintura-sin-aire-0.jpg\",\"datePublished\":\"2020-10-02T14:44:31+00:00\",\"dateModified\":\"2020-10-03T10:37:08+00:00\",\"breadcrumb\":{\"@id\":\"https:\/\/www.distribucionarc.com\/pl\/producto\/pulverizador-de-pintura-sin-aire\/#breadcrumb\"},\"inLanguage\":\"sk-SK\",\"potentialAction\":[{\"@type\":\"ReadAction\",\"target\":[\"https:\/\/www.distribucionarc.com\/pl\/producto\/pulverizador-de-pintura-sin-aire\/\"]}]},{\"@type\":\"ImageObject\",\"inLanguage\":\"sk-SK\",\"@id\":\"https:\/\/www.distribucionarc.com\/pl\/producto\/pulverizador-de-pintura-sin-aire\/#primaryimage\",\"url\":\"https:\/\/distribucionarc.com\/wp-content\/uploads\/2020\/10\/Pulverizador-de-pintura-sin-aire-0.jpg\",\"contentUrl\":\"https:\/\/distribucionarc.com\/wp-content\/uploads\/2020\/10\/Pulverizador-de-pintura-sin-aire-0.jpg\",\"width\":1001,\"height\":1001,\"caption\":\"Pulverizador de pintura sin aire\"},{\"@type\":\"BreadcrumbList\",\"@id\":\"https:\/\/www.distribucionarc.com\/pl\/producto\/pulverizador-de-pintura-sin-aire\/#breadcrumb\",\"itemListElement\":[{\"@type\":\"ListItem\",\"position\":1,\"name\":\"Portada\",\"item\":\"https:\/\/distribucionarc.com\/nb\/\"},{\"@type\":\"ListItem\",\"position\":2,\"name\":\"Products\",\"item\":\"https:\/\/www.distribucionarc.com\/en\/shop\/\"},{\"@type\":\"ListItem\",\"position\":3,\"name\":\"Pulverizador de pintura sin aire\"}]},{\"@type\":\"WebSite\",\"@id\":\"https:\/\/distribucionarc.com\/bg\/#website\",\"url\":\"https:\/\/distribucionarc.com\/bg\/\",\"name\":\"distribuci\u00f3n ARC\",\"description\":\"Empresa especializada en la fabricaci\u00f3n y distribuci\u00f3n de maquinaria industrial, selladoras de latas, Maquinas de hacer pastillas, Maquinas de cortar carne...\",\"publisher\":{\"@id\":\"https:\/\/distribucionarc.com\/bg\/#organization\"},\"potentialAction\":[{\"@type\":\"SearchAction\",\"target\":{\"@type\":\"EntryPoint\",\"urlTemplate\":\"https:\/\/distribucionarc.com\/bg\/?s={search_term_string}\"},\"query-input\":{\"@type\":\"PropertyValueSpecification\",\"valueRequired\":true,\"valueName\":\"search_term_string\"}}],\"inLanguage\":\"sk-SK\"},{\"@type\":\"Organization\",\"@id\":\"https:\/\/distribucionarc.com\/bg\/#organization\",\"name\":\"Distribuci\u00f3n ARC\",\"url\":\"https:\/\/distribucionarc.com\/bg\/\",\"logo\":{\"@type\":\"ImageObject\",\"inLanguage\":\"sk-SK\",\"@id\":\"https:\/\/distribucionarc.com\/bg\/#\/schema\/logo\/image\/\",\"url\":\"https:\/\/distribucionarc.com\/wp-content\/uploads\/2024\/10\/distribucion-ARC-COLOR-SIN-FONDO-e1732295305345.png\",\"contentUrl\":\"https:\/\/distribucionarc.com\/wp-content\/uploads\/2024\/10\/distribucion-ARC-COLOR-SIN-FONDO-e1732295305345.png\",\"width\":1164,\"height\":558,\"caption\":\"Distribuci\u00f3n ARC\"},\"image\":{\"@id\":\"https:\/\/distribucionarc.com\/bg\/#\/schema\/logo\/image\/\"},\"description\":\"Empresa especializada en la fabricaci\u00f3n y distribuci\u00f3n de maquinaria industrial para los sectores alimentario y farmac\u00e9utico. Nos especializamos en: M\u00e1quinas de cortar carne Fabricaci\u00f3n de comprimidos Sistemas de transporte industrial L\u00edneas de embotellado Dosificadores Y mucho m\u00e1s... Ofrecemos soluciones innovadoras y personalizadas para optimizar los procesos productivos de tu empresa.\",\"email\":\"Admistracion@distribucionarc.com\",\"telephone\":\"+34 643496664\",\"legalName\":\"ARC TECH SOLUTIONS\",\"foundingDate\":\"2024-04-09\",\"vatID\":\"B55480172\",\"numberOfEmployees\":{\"@type\":\"QuantitativeValue\",\"minValue\":\"1\",\"maxValue\":\"10\"}}]}<\/script>\n<!-- \/ Yoast SEO Premium plugin. -->","yoast_head_json":{"title":"Airless strieka\u010dka farieb - ARC rozvod","robots":{"index":"index","follow":"follow","max-snippet":"max-snippet:-1","max-image-preview":"max-image-preview:large","max-video-preview":"max-video-preview:-1"},"canonical":"https:\/\/www.distribucionarc.com\/pl\/producto\/pulverizador-de-pintura-sin-aire\/","og_locale":"sk_SK","og_type":"article","og_title":"Pulverizador de pintura sin aire","og_description":"Pulverizador de pintura sin aire Esta pistola de pintura de pared sin aire ARC est\u00e1 fabricada con tecnolog\u00eda de alta eficiencia. Cuenta con un motor sin escobillas de 1650 W superpotente, ultra silencioso y le asegura una larga vida \u00fatil. Anillo de sello de piel de vaca, resistente al desgaste. \u00a0El dise\u00f1o desmontable ofrece una limpieza r\u00e1pida y sencilla despu\u00e9s de la pulverizaci\u00f3n. Con el recipiente de 1000 ml, no es necesario agregar la pintura con frecuencia. Garant\u00eda\u00a0ARC 2 A\u00d1OS Pistola de pared sin aire eficiente, bajo consumo 1650w soporte t\u00e9cnico incluido. &nbsp;  &nbsp;","og_url":"https:\/\/www.distribucionarc.com\/pl\/producto\/pulverizador-de-pintura-sin-aire\/","og_site_name":"distribuci\u00f3n ARC","article_modified_time":"2020-10-03T10:37:08+00:00","og_image":[{"width":1001,"height":1001,"url":"https:\/\/www.distribucionarc.com\/wp-content\/uploads\/2020\/10\/Pulverizador-de-pintura-sin-aire-0.jpg","type":"image\/jpeg"}],"twitter_card":"summary_large_image","twitter_misc":{"Predpokladan\u00fd \u010das \u010d\u00edtania":"1 min\u00fata"},"schema":{"@context":"https:\/\/schema.org","@graph":[{"@type":"WebPage","@id":"https:\/\/www.distribucionarc.com\/pl\/producto\/pulverizador-de-pintura-sin-aire\/","url":"https:\/\/www.distribucionarc.com\/pl\/producto\/pulverizador-de-pintura-sin-aire\/","name":"Airless strieka\u010dka farieb - ARC rozvod","isPartOf":{"@id":"https:\/\/distribucionarc.com\/bg\/#website"},"primaryImageOfPage":{"@id":"https:\/\/www.distribucionarc.com\/pl\/producto\/pulverizador-de-pintura-sin-aire\/#primaryimage"},"image":{"@id":"https:\/\/www.distribucionarc.com\/pl\/producto\/pulverizador-de-pintura-sin-aire\/#primaryimage"},"thumbnailUrl":"https:\/\/distribucionarc.com\/wp-content\/uploads\/2020\/10\/Pulverizador-de-pintura-sin-aire-0.jpg","datePublished":"2020-10-02T14:44:31+00:00","dateModified":"2020-10-03T10:37:08+00:00","breadcrumb":{"@id":"https:\/\/www.distribucionarc.com\/pl\/producto\/pulverizador-de-pintura-sin-aire\/#breadcrumb"},"inLanguage":"sk-SK","potentialAction":[{"@type":"ReadAction","target":["https:\/\/www.distribucionarc.com\/pl\/producto\/pulverizador-de-pintura-sin-aire\/"]}]},{"@type":"ImageObject","inLanguage":"sk-SK","@id":"https:\/\/www.distribucionarc.com\/pl\/producto\/pulverizador-de-pintura-sin-aire\/#primaryimage","url":"https:\/\/distribucionarc.com\/wp-content\/uploads\/2020\/10\/Pulverizador-de-pintura-sin-aire-0.jpg","contentUrl":"https:\/\/distribucionarc.com\/wp-content\/uploads\/2020\/10\/Pulverizador-de-pintura-sin-aire-0.jpg","width":1001,"height":1001,"caption":"Pulverizador de pintura sin aire"},{"@type":"BreadcrumbList","@id":"https:\/\/www.distribucionarc.com\/pl\/producto\/pulverizador-de-pintura-sin-aire\/#breadcrumb","itemListElement":[{"@type":"ListItem","position":1,"name":"Portada","item":"https:\/\/distribucionarc.com\/nb\/"},{"@type":"ListItem","position":2,"name":"Products","item":"https:\/\/www.distribucionarc.com\/en\/shop\/"},{"@type":"ListItem","position":3,"name":"Pulverizador de pintura sin aire"}]},{"@type":"WebSite","@id":"https:\/\/distribucionarc.com\/bg\/#website","url":"https:\/\/distribucionarc.com\/bg\/","name":"ARC distrib\u00facia","description":"Spolo\u010dnos\u0165 sa \u0161pecializuje na v\u00fdrobu a distrib\u00faciu priemyseln\u00fdch strojov, strojov na uzatv\u00e1ranie plechoviek, strojov na v\u00fdrobu tabliet, strojov na porciovanie m\u00e4sa...","publisher":{"@id":"https:\/\/distribucionarc.com\/bg\/#organization"},"potentialAction":[{"@type":"SearchAction","target":{"@type":"EntryPoint","urlTemplate":"https:\/\/distribucionarc.com\/bg\/?s={search_term_string}"},"query-input":{"@type":"PropertyValueSpecification","valueRequired":true,"valueName":"search_term_string"}}],"inLanguage":"sk-SK"},{"@type":"Organization","@id":"https:\/\/distribucionarc.com\/bg\/#organization","name":"Distrib\u00facia ARC","url":"https:\/\/distribucionarc.com\/bg\/","logo":{"@type":"ImageObject","inLanguage":"sk-SK","@id":"https:\/\/distribucionarc.com\/bg\/#\/schema\/logo\/image\/","url":"https:\/\/distribucionarc.com\/wp-content\/uploads\/2024\/10\/distribucion-ARC-COLOR-SIN-FONDO-e1732295305345.png","contentUrl":"https:\/\/distribucionarc.com\/wp-content\/uploads\/2024\/10\/distribucion-ARC-COLOR-SIN-FONDO-e1732295305345.png","width":1164,"height":558,"caption":"Distribuci\u00f3n ARC"},"image":{"@id":"https:\/\/distribucionarc.com\/bg\/#\/schema\/logo\/image\/"},"description":"Spolo\u010dnos\u0165 \u0161pecializuj\u00faca sa na v\u00fdrobu a distrib\u00faciu priemyseln\u00fdch strojov pre potravin\u00e1rsky a farmaceutick\u00fd sektor. \u0160pecializujeme sa na: Stroje na kr\u00e1janie m\u00e4sa V\u00fdroba tabliet Priemyseln\u00e9 dopravn\u00e9 syst\u00e9my D\u00e1vkova\u010de na f\u013ea\u0161e A ove\u013ea viac... Pon\u00fakame inovat\u00edvne a prisp\u00f4soben\u00e9 rie\u0161enia na optimaliz\u00e1ciu v\u00fdrobn\u00fdch procesov va\u0161ej spolo\u010dnosti.","email":"Admistracion@distribucionarc.com","telephone":"+34 643496664","legalName":"ARC TECH SOLUTIONS","foundingDate":"2024-04-09","vatID":"B55480172","numberOfEmployees":{"@type":"QuantitativeValue","minValue":"1","maxValue":"10"}}]}},"_links":{"self":[{"href":"https:\/\/distribucionarc.com\/sk\/wp-json\/wp\/v2\/product\/3443","targetHints":{"allow":["GET"]}}],"collection":[{"href":"https:\/\/distribucionarc.com\/sk\/wp-json\/wp\/v2\/product"}],"about":[{"href":"https:\/\/distribucionarc.com\/sk\/wp-json\/wp\/v2\/types\/product"}],"replies":[{"embeddable":true,"href":"https:\/\/distribucionarc.com\/sk\/wp-json\/wp\/v2\/comments?post=3443"}],"version-history":[{"count":0,"href":"https:\/\/distribucionarc.com\/sk\/wp-json\/wp\/v2\/product\/3443\/revisions"}],"wp:featuredmedia":[{"embeddable":true,"href":"https:\/\/distribucionarc.com\/sk\/wp-json\/wp\/v2\/media\/3449"}],"wp:attachment":[{"href":"https:\/\/distribucionarc.com\/sk\/wp-json\/wp\/v2\/media?parent=3443"}],"wp:term":[{"taxonomy":"product_brand","embeddable":true,"href":"https:\/\/distribucionarc.com\/sk\/wp-json\/wp\/v2\/product_brand?post=3443"},{"taxonomy":"product_cat","embeddable":true,"href":"https:\/\/distribucionarc.com\/sk\/wp-json\/wp\/v2\/product_cat?post=3443"},{"taxonomy":"product_tag","embeddable":true,"href":"https:\/\/distribucionarc.com\/sk\/wp-json\/wp\/v2\/product_tag?post=3443"}],"curies":[{"name":"pracovn\u00fd list","href":"https:\/\/api.w.org\/{rel}","templated":true}]}}