{"id":355,"date":"2020-04-17T22:24:28","date_gmt":"2020-04-17T22:24:28","guid":{"rendered":"https:\/\/distribucionarc.com\/?post_type=product&#038;p=355"},"modified":"2025-05-10T00:28:45","modified_gmt":"2025-05-09T22:28:45","slug":"davkovaci-plniaci-baliaci-stroj-100ml-%f0%9f%94%9b-1000ml","status":"publish","type":"product","link":"https:\/\/distribucionarc.com\/sk\/producto\/dosificadora-embotelladora-llenadora-envasadora-100ml-%f0%9f%94%9b-1000ml\/","title":{"rendered":"D\u00e1vkovac\u00ed, plniaci, plniaci a baliaci stroj 100 ml? 1000 ml"},"content":{"rendered":"<h2 data-start=\"422\" data-end=\"515\">\ud83e\udd6b D\u00e1vkovac\u00ed, pln\u00edc\u00ed a plniaci stroj \u2013 100 a\u017e 1000 ml pre visk\u00f3zne produkty<\/h2>\n<p data-start=\"517\" data-end=\"916\">The <strong data-start=\"520\" data-end=\"573\">D\u00e1vkovac\u00ed a plniaci stroj od 100 do 1000 ml<\/strong> s pneumatick\u00fdm piestov\u00fdm syst\u00e9mom sa uk\u00e1zal ako efekt\u00edvne, presn\u00e9 a vysoko spo\u013eahliv\u00e9 rie\u0161enie pre \u0161irok\u00fa \u0161k\u00e1lu visk\u00f3znych produktov. Vyroben\u00e9 v <strong data-start=\"726\" data-end=\"775\">nehrdzavej\u00faca oce\u013e potravin\u00e1rskej triedy 304\/316<\/strong>, sp\u013a\u0148a najvy\u0161\u0161ie \u0161tandardy kvality a hygieny a je navrhnut\u00fd tak, aby pon\u00fakal priemyseln\u00fd v\u00fdkon s ve\u013emi jednoduch\u00fdm pou\u017e\u00edvan\u00edm.<\/p>\n<h3 data-start=\"918\" data-end=\"958\">\ud83e\udde0 Re\u00e1lne pr\u00edpady od na\u0161ich klientov<\/h3>\n<p data-start=\"960\" data-end=\"1229\">In <strong data-start=\"963\" data-end=\"983\">Distrib\u00facia ARC<\/strong>, nepred\u00e1vame len stroje: <strong data-start=\"1014\" data-end=\"1079\">Pou\u017e\u00edvame ho, vylep\u0161ujeme ho a podporujeme ho sk\u00fasenos\u0165ami z re\u00e1lneho sveta.<\/strong>. Nieko\u013eko na\u0161ich z\u00e1kazn\u00edkov pou\u017e\u00edva tento stroj vo svojej ka\u017edodennej v\u00fdrobe u\u017e roky s vynikaj\u00facimi v\u00fdsledkami. Nieko\u013eko konkr\u00e9tnych pr\u00edkladov:<\/p>\n<h4 data-start=\"1231\" data-end=\"1260\">\ud83e\udd5c Potravin\u00e1rsky priemysel<\/h4>\n<ul data-start=\"1261\" data-end=\"1737\">\n<li data-start=\"1261\" data-end=\"1454\">\n<p data-start=\"1263\" data-end=\"1454\"><strong data-start=\"1263\" data-end=\"1285\">Ara\u0161idov\u00e9 maslo<\/strong>Jeden z na\u0161ich dlhoro\u010dn\u00fdch z\u00e1kazn\u00edkov vyr\u00e1ba ara\u0161idov\u00e9 maslo v r\u00f4znych text\u00farach pomocou tohto stroja s ve\u013ekou presnos\u0165ou a bez potreby \u00faprav.<\/p>\n<\/li>\n<li data-start=\"1455\" data-end=\"1613\">\n<p data-start=\"1457\" data-end=\"1613\"><strong data-start=\"1457\" data-end=\"1485\">Tradi\u010dn\u00e9 d\u017eemy<\/strong>\u010eal\u0161\u00ed z\u00e1kazn\u00edk, remeseln\u00fd v\u00fdrobca d\u017eemov, pou\u017e\u00edva t\u00fato plni\u010dku na 250 ml a 500 ml poh\u00e1re bez odpadu alebo ch\u00fdb.<\/p>\n<\/li>\n<li data-start=\"1614\" data-end=\"1737\">\n<p data-start=\"1616\" data-end=\"1737\"><strong data-start=\"1616\" data-end=\"1652\">Hust\u00e9 om\u00e1\u010dky a paradajkov\u00e9 pretlaky<\/strong>Pou\u017e\u00edvaj\u00fa ho aj v\u00fdrobcovia grilovac\u00edch om\u00e1\u010dok, aioli alebo hust\u00fdch dresingov.<\/p>\n<\/li>\n<\/ul>\n<h4 data-start=\"1739\" data-end=\"1756\">\ud83e\uddf4 Kozmetika<\/h4>\n<ul data-start=\"1757\" data-end=\"1866\">\n<li data-start=\"1757\" data-end=\"1787\">\n<p data-start=\"1759\" data-end=\"1787\"><strong data-start=\"1759\" data-end=\"1787\">Hust\u00e9 telov\u00e9 kr\u00e9my<\/strong><\/p>\n<\/li>\n<li data-start=\"1788\" data-end=\"1832\">\n<p data-start=\"1790\" data-end=\"1832\"><strong data-start=\"1790\" data-end=\"1832\">Masky na tv\u00e1r s \u0165a\u017ekou text\u00farou<\/strong><\/p>\n<\/li>\n<li data-start=\"1833\" data-end=\"1866\">\n<p data-start=\"1835\" data-end=\"1866\"><strong data-start=\"1835\" data-end=\"1866\">Telov\u00e9 g\u00e9ly a balzamy<\/strong><\/p>\n<\/li>\n<\/ul>\n<h4 data-start=\"1868\" data-end=\"1883\">\ud83e\uddea Ch\u00e9mia<\/h4>\n<ul data-start=\"1884\" data-end=\"2000\">\n<li data-start=\"1884\" data-end=\"1917\">\n<p data-start=\"1886\" data-end=\"1917\"><strong data-start=\"1886\" data-end=\"1917\">Priemyseln\u00e1 \u010distiaca pasta<\/strong><\/p>\n<\/li>\n<li data-start=\"1918\" data-end=\"1953\">\n<p data-start=\"1920\" data-end=\"1953\"><strong data-start=\"1920\" data-end=\"1953\">Hust\u00e9, nepeniace pracie prostriedky<\/strong><\/p>\n<\/li>\n<li data-start=\"1954\" data-end=\"2000\">\n<p data-start=\"1956\" data-end=\"2000\"><strong data-start=\"1956\" data-end=\"2000\">Polotuh\u00e9 maziv\u00e1 v m\u00e4kkom balen\u00ed<\/strong><\/p>\n<\/li>\n<\/ul>\n<h4 data-start=\"2002\" data-end=\"2035\">\ud83d\udc8a Lie\u010div\u00e1 a bylinn\u00e9 lieky<\/h4>\n<ul data-start=\"2036\" data-end=\"2129\">\n<li data-start=\"2036\" data-end=\"2070\">\n<p data-start=\"2038\" data-end=\"2070\"><strong data-start=\"2038\" data-end=\"2070\">Visk\u00f3zne rastlinn\u00e9 extrakty<\/strong><\/p>\n<\/li>\n<li data-start=\"2071\" data-end=\"2092\">\n<p data-start=\"2073\" data-end=\"2092\"><strong data-start=\"2073\" data-end=\"2092\">Hust\u00e9 sirupy<\/strong><\/p>\n<\/li>\n<li data-start=\"2093\" data-end=\"2129\">\n<p data-start=\"2095\" data-end=\"2129\"><strong data-start=\"2095\" data-end=\"2129\">Pr\u00edrodn\u00e9 masti a balzamy<\/strong><\/p>\n<\/li>\n<\/ul>\n<p data-start=\"2131\" data-end=\"2360\">V\u010faka v\u00e1\u0161mu <strong data-start=\"2144\" data-end=\"2162\">50 kg z\u00e1sobn\u00edk<\/strong>, jeho <strong data-start=\"2167\" data-end=\"2211\">tryska s nastavite\u013en\u00fdm syst\u00e9mom proti odkvapk\u00e1vaniu<\/strong> a v\u010faka modul\u00e1rnej kon\u0161trukcii (ktor\u00e1 umo\u017e\u0148uje r\u00fdchlu v\u00fdmenu dielov v pr\u00edpade poruchy) je tento stroj <strong data-start=\"2314\" data-end=\"2357\">ve\u013emi jednoduch\u00e1 obsluha, \u010distenie a \u00fadr\u017eba<\/strong>.<\/p>\n<p data-start=\"2362\" data-end=\"2520\">Okrem toho, by\u0165 <strong data-start=\"2377\" data-end=\"2435\">poloautomatick\u00fd s mo\u017enos\u0165ou automatickej prev\u00e1dzky<\/strong>, je dokonale vhodn\u00fd pre remeseln\u00e9 aj priemyseln\u00e9 v\u00fdrobn\u00e9 linky.<\/p>\n<p data-start=\"2522\" data-end=\"2673\">S certifik\u00e1tom <strong data-start=\"2538\" data-end=\"2544\">EC<\/strong>, priama technick\u00e1 podpora a <strong data-start=\"2572\" data-end=\"2594\">2-ro\u010dn\u00e1 z\u00e1ruka<\/strong>T\u00e1to v\u00fdpl\u0148 je navrhnut\u00e1 tak, aby vydr\u017eala a prisp\u00f4sobila sa r\u00f4znym v\u00fdrob\u00e1m.<\/p>\n<p>&nbsp;<\/p>\n<table>\n<thead>\n<tr>\n<th>Funkcia<\/th>\n<th>Detail<\/th>\n<\/tr>\n<\/thead>\n<tbody>\n<tr>\n<td>Typ stroja<\/td>\n<td>Pneumatick\u00fd piestov\u00fd d\u00e1vkovac\u00ed stroj na plnenie flia\u0161<\/td>\n<\/tr>\n<tr>\n<td>Rozsah plnenia<\/td>\n<td>100 ml \u2013 1000 ml<\/td>\n<\/tr>\n<tr>\n<td>Plniaci syst\u00e9m<\/td>\n<td>Pneumatick\u00fd piest s rota\u010dn\u00fdm ventilom<\/td>\n<\/tr>\n<tr>\n<td>Plniaca hlava<\/td>\n<td>Samostatn\u00e1 tryska so syst\u00e9mom proti odkvapk\u00e1vaniu<\/td>\n<\/tr>\n<tr>\n<td>R\u00fdchlos\u0165 v\u00fdroby<\/td>\n<td>A\u017e 30 flia\u0161 za min\u00fatu<\/td>\n<\/tr>\n<tr>\n<td>Objem z\u00e1sobn\u00edka<\/td>\n<td>50 kg<\/td>\n<\/tr>\n<tr>\n<td>Presnos\u0165 plnenia<\/td>\n<td>\u00b11%<\/td>\n<\/tr>\n<tr>\n<td>Re\u017eim prev\u00e1dzky<\/td>\n<td>Poloautomatick\u00fd \/ Automatick\u00fd<\/td>\n<\/tr>\n<tr>\n<td>Regul\u00e1cia plnenia<\/td>\n<td>Nastavite\u013en\u00e1 hlasitos\u0165 a r\u00fdchlos\u0165<\/td>\n<\/tr>\n<tr>\n<td>Materi\u00e1l v kontakte<\/td>\n<td>Nerezov\u00e1 oce\u013e 304\/316<\/td>\n<\/tr>\n<tr>\n<td>Prev\u00e1dzkov\u00fd tlak<\/td>\n<td>0,4 \u2013 0,9 MPa<\/td>\n<\/tr>\n<tr>\n<td>Nap\u00e1jac\u00ed zdroj<\/td>\n<td>220 V<\/td>\n<\/tr>\n<tr>\n<td>\u010cistenie a \u00fadr\u017eba<\/td>\n<td>Jednoduch\u00e1 demont\u00e1\u017e a um\u00fdvanie<\/td>\n<\/tr>\n<tr>\n<td>Modul\u00e1rny dizajn<\/td>\n<td>\u00c1no, s r\u00fdchlou v\u00fdmenou dielov<\/td>\n<\/tr>\n<tr>\n<td>Tlakomer<\/td>\n<td>Vr\u00e1tane<\/td>\n<\/tr>\n<tr>\n<td>Certifik\u00e1cia<\/td>\n<td>EC<\/td>\n<\/tr>\n<tr>\n<td>Z\u00e1ruka<\/td>\n<td>2 roky<\/td>\n<\/tr>\n<tr>\n<td>Technick\u00e1 podpora<\/td>\n<td>Vr\u00e1tane<\/td>\n<\/tr>\n<\/tbody>\n<\/table>\n<p>&nbsp;<\/p>","protected":false},"excerpt":{"rendered":"<p>Stroj na plnenie ve\u013emi visk\u00f3znych kvapal\u00edn Poloautomatick\u00fd, poh\u00e1\u0148an\u00fd pneumatick\u00fdm piestom, vyroben\u00fd z najkvalitnej\u0161\u00edch materi\u00e1lov. Vybaven\u00fd piatimi ventilmi, ktor\u00e9 riadia tok produktov. Kon\u0161trukcia s vynikaj\u00facim dizajnom a v\u0161etky modely sa \u013eahko ovl\u00e1daj\u00fa. Pou\u017eit\u00e9 pneumatick\u00e9 komponenty s\u00fa vyroben\u00e9 v Nemecku a na Taiwane. V\u0161etky pou\u017eit\u00e9 kontaktn\u00e9 materi\u00e1ly s\u00fa z nehrdzavej\u00facej ocele 316 v s\u00falade s po\u017eiadavkami GMP. Mno\u017estvo objemu a r\u00fdchlos\u0165 plnenia je mo\u017en\u00e9 regulova\u0165 s ve\u013ekou presnos\u0165ou.<\/p>","protected":false},"featured_media":17479,"comment_status":"open","ping_status":"closed","template":"","meta":{"wds_primary_product_brand":0,"wds_primary_product_cat":0},"product_brand":[],"product_cat":[18,20,321,21],"product_tag":[],"class_list":{"0":"post-355","1":"product","2":"type-product","3":"status-publish","4":"has-post-thumbnail","6":"product_cat-dosificadoras","7":"product_cat-dosificadoras-de-pastosos","8":"product_cat-llenadoras-de-piston","9":"product_cat-maquinas-llenadoras","11":"first","12":"instock","13":"sale","14":"taxable","15":"shipping-taxable","16":"purchasable","17":"product-type-simple"},"yoast_head":"<!-- This site is optimized with the Yoast SEO Premium plugin v24.9 (Yoast SEO v26.1) - https:\/\/yoast.com\/wordpress\/plugins\/seo\/ -->\n<title>Dosificadora, Embotelladora, Llenadora Envasadora 100 ml ? 1000 ml - distribuci\u00f3n ARC<\/title>\n<meta name=\"description\" content=\"M\u00e1quina dosificadora y embotelladora para productos viscosos como cremas, mermeladas, salsas y cosm\u00e9ticos. Rango de llenado de 100 a 1000 ml. Precisi\u00f3n \u00b11%. F\u00e1cil de usar y limpiar.\" \/>\n<meta name=\"robots\" content=\"index, follow, max-snippet:-1, max-image-preview:large, max-video-preview:-1\" \/>\n<link rel=\"canonical\" href=\"https:\/\/distribucionarc.com\/sk\/produktov\/davkovaci-plniaci-baliaci-stroj-100ml-\ud83d\udd1b-1000ml\/\" \/>\n<meta property=\"og:locale\" content=\"sk_SK\" \/>\n<meta property=\"og:type\" content=\"article\" \/>\n<meta property=\"og:title\" content=\"Dosificadora, Embotelladora, Llenadora Envasadora 100 ml ? 1000 ml\" \/>\n<meta property=\"og:description\" content=\"M\u00e1quina dosificadora y embotelladora para productos viscosos como cremas, mermeladas, salsas y cosm\u00e9ticos. Rango de llenado de 100 a 1000 ml. Precisi\u00f3n \u00b11%. F\u00e1cil de usar y limpiar.\" \/>\n<meta property=\"og:url\" content=\"https:\/\/distribucionarc.com\/sk\/produktov\/davkovaci-plniaci-baliaci-stroj-100ml-\ud83d\udd1b-1000ml\/\" \/>\n<meta property=\"og:site_name\" content=\"distribuci\u00f3n ARC\" \/>\n<meta property=\"article:modified_time\" content=\"2025-05-09T22:28:45+00:00\" \/>\n<meta property=\"og:image\" content=\"https:\/\/distribucionarc.com\/wp-content\/uploads\/2020\/04\/Maquina-dosificadora-de-mermeladas-y-cremas.png\" \/>\n\t<meta property=\"og:image:width\" content=\"628\" \/>\n\t<meta property=\"og:image:height\" content=\"476\" \/>\n\t<meta property=\"og:image:type\" content=\"image\/png\" \/>\n<meta name=\"twitter:card\" content=\"summary_large_image\" \/>\n<meta name=\"twitter:label1\" content=\"Predpokladan\u00fd \u010das \u010d\u00edtania\" \/>\n\t<meta name=\"twitter:data1\" content=\"3 min\u00faty\" \/>\n<script type=\"application\/ld+json\" class=\"yoast-schema-graph\">{\"@context\":\"https:\/\/schema.org\",\"@graph\":[{\"@type\":\"WebPage\",\"@id\":\"https:\/\/distribucionarc.com\/sl\/producto\/dosificadora-embotelladora-llenadora-envasadora-100ml-%f0%9f%94%9b-1000ml\/\",\"url\":\"https:\/\/distribucionarc.com\/sl\/producto\/dosificadora-embotelladora-llenadora-envasadora-100ml-%f0%9f%94%9b-1000ml\/\",\"name\":\"Dosificadora, Embotelladora, Llenadora Envasadora 100 ml ? 1000 ml - distribuci\u00f3n ARC\",\"isPartOf\":{\"@id\":\"https:\/\/www.distribucionarc.com\/sl\/#website\"},\"primaryImageOfPage\":{\"@id\":\"https:\/\/distribucionarc.com\/sl\/producto\/dosificadora-embotelladora-llenadora-envasadora-100ml-%f0%9f%94%9b-1000ml\/#primaryimage\"},\"image\":{\"@id\":\"https:\/\/distribucionarc.com\/sl\/producto\/dosificadora-embotelladora-llenadora-envasadora-100ml-%f0%9f%94%9b-1000ml\/#primaryimage\"},\"thumbnailUrl\":\"https:\/\/distribucionarc.com\/wp-content\/uploads\/2020\/04\/Maquina-dosificadora-de-mermeladas-y-cremas.png\",\"datePublished\":\"2020-04-17T22:24:28+00:00\",\"dateModified\":\"2025-05-09T22:28:45+00:00\",\"description\":\"M\u00e1quina dosificadora y embotelladora para productos viscosos como cremas, mermeladas, salsas y cosm\u00e9ticos. Rango de llenado de 100 a 1000 ml. Precisi\u00f3n \u00b11%. F\u00e1cil de usar y limpiar.\",\"breadcrumb\":{\"@id\":\"https:\/\/distribucionarc.com\/sl\/producto\/dosificadora-embotelladora-llenadora-envasadora-100ml-%f0%9f%94%9b-1000ml\/#breadcrumb\"},\"inLanguage\":\"sk-SK\",\"potentialAction\":[{\"@type\":\"ReadAction\",\"target\":[\"https:\/\/distribucionarc.com\/sl\/producto\/dosificadora-embotelladora-llenadora-envasadora-100ml-%f0%9f%94%9b-1000ml\/\"]}]},{\"@type\":\"ImageObject\",\"inLanguage\":\"sk-SK\",\"@id\":\"https:\/\/distribucionarc.com\/sl\/producto\/dosificadora-embotelladora-llenadora-envasadora-100ml-%f0%9f%94%9b-1000ml\/#primaryimage\",\"url\":\"https:\/\/distribucionarc.com\/wp-content\/uploads\/2020\/04\/Maquina-dosificadora-de-mermeladas-y-cremas.png\",\"contentUrl\":\"https:\/\/distribucionarc.com\/wp-content\/uploads\/2020\/04\/Maquina-dosificadora-de-mermeladas-y-cremas.png\",\"width\":628,\"height\":476,\"caption\":\"Vista frontal de la m\u00e1quina dosificadora 100\u20131000 ml ideal para mermeladas, cremas y productos alimentarios viscosos\"},{\"@type\":\"BreadcrumbList\",\"@id\":\"https:\/\/distribucionarc.com\/sl\/producto\/dosificadora-embotelladora-llenadora-envasadora-100ml-%f0%9f%94%9b-1000ml\/#breadcrumb\",\"itemListElement\":[{\"@type\":\"ListItem\",\"position\":1,\"name\":\"Portada\",\"item\":\"https:\/\/www.distribucionarc.com\/\"},{\"@type\":\"ListItem\",\"position\":2,\"name\":\"\u00dcr\u00fcnler\",\"item\":\"https:\/\/www.distribucionarc.com\/tr\/magaza\/\"},{\"@type\":\"ListItem\",\"position\":3,\"name\":\"Dosificadora, Embotelladora, Llenadora Envasadora 100 ml ? 1000 ml\"}]},{\"@type\":\"WebSite\",\"@id\":\"https:\/\/www.distribucionarc.com\/sl\/#website\",\"url\":\"https:\/\/www.distribucionarc.com\/sl\/\",\"name\":\"distribuci\u00f3n ARC\",\"description\":\"Empresa especializada en la fabricaci\u00f3n y distribuci\u00f3n de maquinaria industrial, selladoras de latas, Maquinas de hacer pastillas, Maquinas de cortar carne...\",\"publisher\":{\"@id\":\"https:\/\/www.distribucionarc.com\/sl\/#organization\"},\"potentialAction\":[{\"@type\":\"SearchAction\",\"target\":{\"@type\":\"EntryPoint\",\"urlTemplate\":\"https:\/\/www.distribucionarc.com\/sl\/?s={search_term_string}\"},\"query-input\":{\"@type\":\"PropertyValueSpecification\",\"valueRequired\":true,\"valueName\":\"search_term_string\"}}],\"inLanguage\":\"sk-SK\"},{\"@type\":\"Organization\",\"@id\":\"https:\/\/www.distribucionarc.com\/sl\/#organization\",\"name\":\"Distribuci\u00f3n ARC\",\"url\":\"https:\/\/www.distribucionarc.com\/sl\/\",\"logo\":{\"@type\":\"ImageObject\",\"inLanguage\":\"sk-SK\",\"@id\":\"https:\/\/www.distribucionarc.com\/sl\/#\/schema\/logo\/image\/\",\"url\":\"https:\/\/distribucionarc.com\/wp-content\/uploads\/2024\/10\/distribucion-ARC-COLOR-SIN-FONDO-e1732295305345.png\",\"contentUrl\":\"https:\/\/distribucionarc.com\/wp-content\/uploads\/2024\/10\/distribucion-ARC-COLOR-SIN-FONDO-e1732295305345.png\",\"width\":1164,\"height\":558,\"caption\":\"Distribuci\u00f3n ARC\"},\"image\":{\"@id\":\"https:\/\/www.distribucionarc.com\/sl\/#\/schema\/logo\/image\/\"},\"description\":\"Empresa especializada en la fabricaci\u00f3n y distribuci\u00f3n de maquinaria industrial para los sectores alimentario y farmac\u00e9utico. Nos especializamos en: M\u00e1quinas de cortar carne Fabricaci\u00f3n de comprimidos Sistemas de transporte industrial L\u00edneas de embotellado Dosificadores Y mucho m\u00e1s... Ofrecemos soluciones innovadoras y personalizadas para optimizar los procesos productivos de tu empresa.\",\"email\":\"Admistracion@distribucionarc.com\",\"telephone\":\"+34 643496664\",\"legalName\":\"ARC TECH SOLUTIONS\",\"foundingDate\":\"2024-04-09\",\"vatID\":\"B55480172\",\"numberOfEmployees\":{\"@type\":\"QuantitativeValue\",\"minValue\":\"1\",\"maxValue\":\"10\"}}]}<\/script>\n<!-- \/ Yoast SEO Premium plugin. -->","yoast_head_json":{"title":"D\u00e1vkovac\u00ed, plniaci, plniaci a baliaci stroj 100 ml? 1000 ml - ARC rozvod","description":"D\u00e1vkovac\u00ed a plniaci stroj na visk\u00f3zne produkty, ako s\u00fa kr\u00e9my, d\u017eemy, om\u00e1\u010dky a kozmetika. Rozsah plnenia od 100 do 1000 ml. Presnos\u0165 \u00b11%. Jednoduch\u00e9 pou\u017eitie a \u010distenie.","robots":{"index":"index","follow":"follow","max-snippet":"max-snippet:-1","max-image-preview":"max-image-preview:large","max-video-preview":"max-video-preview:-1"},"canonical":"https:\/\/distribucionarc.com\/sk\/produktov\/davkovaci-plniaci-baliaci-stroj-100ml-\ud83d\udd1b-1000ml\/","og_locale":"sk_SK","og_type":"article","og_title":"Dosificadora, Embotelladora, Llenadora Envasadora 100 ml ? 1000 ml","og_description":"M\u00e1quina dosificadora y embotelladora para productos viscosos como cremas, mermeladas, salsas y cosm\u00e9ticos. Rango de llenado de 100 a 1000 ml. Precisi\u00f3n \u00b11%. F\u00e1cil de usar y limpiar.","og_url":"https:\/\/distribucionarc.com\/sk\/produktov\/davkovaci-plniaci-baliaci-stroj-100ml-\ud83d\udd1b-1000ml\/","og_site_name":"distribuci\u00f3n ARC","article_modified_time":"2025-05-09T22:28:45+00:00","og_image":[{"width":628,"height":476,"url":"https:\/\/distribucionarc.com\/wp-content\/uploads\/2020\/04\/Maquina-dosificadora-de-mermeladas-y-cremas.png","type":"image\/png"}],"twitter_card":"summary_large_image","twitter_misc":{"Predpokladan\u00fd \u010das \u010d\u00edtania":"3 min\u00faty"},"schema":{"@context":"https:\/\/schema.org","@graph":[{"@type":"WebPage","@id":"https:\/\/distribucionarc.com\/sl\/producto\/dosificadora-embotelladora-llenadora-envasadora-100ml-%f0%9f%94%9b-1000ml\/","url":"https:\/\/distribucionarc.com\/sl\/producto\/dosificadora-embotelladora-llenadora-envasadora-100ml-%f0%9f%94%9b-1000ml\/","name":"D\u00e1vkovac\u00ed, plniaci, plniaci a baliaci stroj 100 ml? 1000 ml - ARC rozvod","isPartOf":{"@id":"https:\/\/www.distribucionarc.com\/sl\/#website"},"primaryImageOfPage":{"@id":"https:\/\/distribucionarc.com\/sl\/producto\/dosificadora-embotelladora-llenadora-envasadora-100ml-%f0%9f%94%9b-1000ml\/#primaryimage"},"image":{"@id":"https:\/\/distribucionarc.com\/sl\/producto\/dosificadora-embotelladora-llenadora-envasadora-100ml-%f0%9f%94%9b-1000ml\/#primaryimage"},"thumbnailUrl":"https:\/\/distribucionarc.com\/wp-content\/uploads\/2020\/04\/Maquina-dosificadora-de-mermeladas-y-cremas.png","datePublished":"2020-04-17T22:24:28+00:00","dateModified":"2025-05-09T22:28:45+00:00","description":"D\u00e1vkovac\u00ed a plniaci stroj na visk\u00f3zne produkty, ako s\u00fa kr\u00e9my, d\u017eemy, om\u00e1\u010dky a kozmetika. Rozsah plnenia od 100 do 1000 ml. Presnos\u0165 \u00b11%. Jednoduch\u00e9 pou\u017eitie a \u010distenie.","breadcrumb":{"@id":"https:\/\/distribucionarc.com\/sl\/producto\/dosificadora-embotelladora-llenadora-envasadora-100ml-%f0%9f%94%9b-1000ml\/#breadcrumb"},"inLanguage":"sk-SK","potentialAction":[{"@type":"ReadAction","target":["https:\/\/distribucionarc.com\/sl\/producto\/dosificadora-embotelladora-llenadora-envasadora-100ml-%f0%9f%94%9b-1000ml\/"]}]},{"@type":"ImageObject","inLanguage":"sk-SK","@id":"https:\/\/distribucionarc.com\/sl\/producto\/dosificadora-embotelladora-llenadora-envasadora-100ml-%f0%9f%94%9b-1000ml\/#primaryimage","url":"https:\/\/distribucionarc.com\/wp-content\/uploads\/2020\/04\/Maquina-dosificadora-de-mermeladas-y-cremas.png","contentUrl":"https:\/\/distribucionarc.com\/wp-content\/uploads\/2020\/04\/Maquina-dosificadora-de-mermeladas-y-cremas.png","width":628,"height":476,"caption":"Vista frontal de la m\u00e1quina dosificadora 100\u20131000 ml ideal para mermeladas, cremas y productos alimentarios viscosos"},{"@type":"BreadcrumbList","@id":"https:\/\/distribucionarc.com\/sl\/producto\/dosificadora-embotelladora-llenadora-envasadora-100ml-%f0%9f%94%9b-1000ml\/#breadcrumb","itemListElement":[{"@type":"ListItem","position":1,"name":"Portada","item":"https:\/\/www.distribucionarc.com\/"},{"@type":"ListItem","position":2,"name":"\u00dcr\u00fcnler","item":"https:\/\/www.distribucionarc.com\/tr\/magaza\/"},{"@type":"ListItem","position":3,"name":"Dosificadora, Embotelladora, Llenadora Envasadora 100 ml ? 1000 ml"}]},{"@type":"WebSite","@id":"https:\/\/www.distribucionarc.com\/sl\/#website","url":"https:\/\/www.distribucionarc.com\/sl\/","name":"ARC distrib\u00facia","description":"Spolo\u010dnos\u0165 sa \u0161pecializuje na v\u00fdrobu a distrib\u00faciu priemyseln\u00fdch strojov, strojov na uzatv\u00e1ranie plechoviek, strojov na v\u00fdrobu tabliet, strojov na porciovanie m\u00e4sa...","publisher":{"@id":"https:\/\/www.distribucionarc.com\/sl\/#organization"},"potentialAction":[{"@type":"SearchAction","target":{"@type":"EntryPoint","urlTemplate":"https:\/\/www.distribucionarc.com\/sl\/?s={search_term_string}"},"query-input":{"@type":"PropertyValueSpecification","valueRequired":true,"valueName":"search_term_string"}}],"inLanguage":"sk-SK"},{"@type":"Organization","@id":"https:\/\/www.distribucionarc.com\/sl\/#organization","name":"Distrib\u00facia ARC","url":"https:\/\/www.distribucionarc.com\/sl\/","logo":{"@type":"ImageObject","inLanguage":"sk-SK","@id":"https:\/\/www.distribucionarc.com\/sl\/#\/schema\/logo\/image\/","url":"https:\/\/distribucionarc.com\/wp-content\/uploads\/2024\/10\/distribucion-ARC-COLOR-SIN-FONDO-e1732295305345.png","contentUrl":"https:\/\/distribucionarc.com\/wp-content\/uploads\/2024\/10\/distribucion-ARC-COLOR-SIN-FONDO-e1732295305345.png","width":1164,"height":558,"caption":"Distribuci\u00f3n ARC"},"image":{"@id":"https:\/\/www.distribucionarc.com\/sl\/#\/schema\/logo\/image\/"},"description":"Spolo\u010dnos\u0165 \u0161pecializuj\u00faca sa na v\u00fdrobu a distrib\u00faciu priemyseln\u00fdch strojov pre potravin\u00e1rsky a farmaceutick\u00fd sektor. \u0160pecializujeme sa na: Stroje na kr\u00e1janie m\u00e4sa V\u00fdroba tabliet Priemyseln\u00e9 dopravn\u00e9 syst\u00e9my D\u00e1vkova\u010de na f\u013ea\u0161e A ove\u013ea viac... Pon\u00fakame inovat\u00edvne a prisp\u00f4soben\u00e9 rie\u0161enia na optimaliz\u00e1ciu v\u00fdrobn\u00fdch procesov va\u0161ej spolo\u010dnosti.","email":"Admistracion@distribucionarc.com","telephone":"+34 643496664","legalName":"ARC TECH SOLUTIONS","foundingDate":"2024-04-09","vatID":"B55480172","numberOfEmployees":{"@type":"QuantitativeValue","minValue":"1","maxValue":"10"}}]}},"_links":{"self":[{"href":"https:\/\/distribucionarc.com\/sk\/wp-json\/wp\/v2\/product\/355","targetHints":{"allow":["GET"]}}],"collection":[{"href":"https:\/\/distribucionarc.com\/sk\/wp-json\/wp\/v2\/product"}],"about":[{"href":"https:\/\/distribucionarc.com\/sk\/wp-json\/wp\/v2\/types\/product"}],"replies":[{"embeddable":true,"href":"https:\/\/distribucionarc.com\/sk\/wp-json\/wp\/v2\/comments?post=355"}],"version-history":[{"count":2,"href":"https:\/\/distribucionarc.com\/sk\/wp-json\/wp\/v2\/product\/355\/revisions"}],"predecessor-version":[{"id":17483,"href":"https:\/\/distribucionarc.com\/sk\/wp-json\/wp\/v2\/product\/355\/revisions\/17483"}],"wp:featuredmedia":[{"embeddable":true,"href":"https:\/\/distribucionarc.com\/sk\/wp-json\/wp\/v2\/media\/17479"}],"wp:attachment":[{"href":"https:\/\/distribucionarc.com\/sk\/wp-json\/wp\/v2\/media?parent=355"}],"wp:term":[{"taxonomy":"product_brand","embeddable":true,"href":"https:\/\/distribucionarc.com\/sk\/wp-json\/wp\/v2\/product_brand?post=355"},{"taxonomy":"product_cat","embeddable":true,"href":"https:\/\/distribucionarc.com\/sk\/wp-json\/wp\/v2\/product_cat?post=355"},{"taxonomy":"product_tag","embeddable":true,"href":"https:\/\/distribucionarc.com\/sk\/wp-json\/wp\/v2\/product_tag?post=355"}],"curies":[{"name":"pracovn\u00fd list","href":"https:\/\/api.w.org\/{rel}","templated":true}]}}