{"id":3604,"date":"2020-10-05T14:10:27","date_gmt":"2020-10-05T14:10:27","guid":{"rendered":"https:\/\/distribucionarc.com\/?post_type=product&#038;p=3604"},"modified":"2025-05-08T22:19:18","modified_gmt":"2025-05-08T20:19:18","slug":"davkovac-na-flase-s-mixerom-a-dvojitym-plnidlom-100-ml-%f0%9f%94%9b-1000-ml","status":"publish","type":"product","link":"https:\/\/distribucionarc.com\/sk\/producto\/dosificadora-embotelladora-con-batidor-y-doble-llenador-100-ml-%f0%9f%94%9b-1000-ml\/","title":{"rendered":"D\u00e1vkova\u010d, F\u013ea\u0161ovanie, s mix\u00e9rom a dvojitou n\u00e1pl\u0148ou 100 ml? 1000 ml"},"content":{"rendered":"<h2 data-start=\"460\" data-end=\"548\">\ud83c\udf6f D\u00e1vkovac\u00ed a pln\u00edc\u00ed stroj s vysokou viskozitou a dvojitou tryskou \u2013 100 a\u017e 1000 ml<\/h2>\n<p data-start=\"550\" data-end=\"936\">The <strong data-start=\"553\" data-end=\"619\">poloautomatick\u00fd d\u00e1vkovac\u00ed a plniaci stroj s dvojitou tryskou<\/strong> Je \u0161peci\u00e1lne navrhnut\u00fd na plnenie v\u00fdrobkov <strong data-start=\"680\" data-end=\"699\">vysok\u00e1 viskozita<\/strong> bez potreby mie\u0161adla, \u010do pon\u00faka presn\u00fd, \u010dist\u00fd a kon\u0161tantn\u00fd prietok. Je ide\u00e1lny pre firmy, ktor\u00e9 potrebuj\u00fa robustn\u00e9 a efekt\u00edvne rie\u0161enie na balenie hust\u00fdch produktov bez pevn\u00fdch \u010dast\u00edc, ktor\u00e9 m\u00f4\u017eu sp\u00f4sobi\u0165 sediment\u00e1ciu.<\/p>\n<p data-start=\"938\" data-end=\"1304\">V\u010faka v\u00e1\u0161mu <strong data-start=\"951\" data-end=\"982\">pneumatick\u00fd piestov\u00fd syst\u00e9m<\/strong>, jeho dizajn s <strong data-start=\"998\" data-end=\"1040\">vysokov\u00fdkonn\u00e9 rota\u010dn\u00e9 ventily<\/strong> a jeho <strong data-start=\"1046\" data-end=\"1085\">dvojit\u00e1 hlava so syst\u00e9mom proti odkvapk\u00e1vaniu<\/strong>Tento stroj umo\u017e\u0148uje r\u00fdchle, presn\u00e9 a bezkvapkav\u00e9 d\u00e1vkovanie. Jeho modul\u00e1rna \u0161trukt\u00fara u\u013eah\u010duje \u00fadr\u017ebu a v pr\u00edpade poruchy je mo\u017en\u00e9 vymeni\u0165 cel\u00e9 moduly pre r\u00fdchle a n\u00e1kladovo efekt\u00edvne opravy.<\/p>\n<p data-start=\"1306\" data-end=\"1352\">Je ide\u00e1lny na plnenie produktov, ako s\u00fa:<\/p>\n<ul data-start=\"1354\" data-end=\"1602\">\n<li data-start=\"1354\" data-end=\"1386\">\n<p data-start=\"1356\" data-end=\"1386\">\ud83e\udd5c <strong data-start=\"1359\" data-end=\"1386\">Hladk\u00e9 ara\u0161idov\u00e9 maslo<\/strong><\/p>\n<\/li>\n<li data-start=\"1387\" data-end=\"1429\">\n<p data-start=\"1389\" data-end=\"1429\">\ud83c\udf53 <strong data-start=\"1392\" data-end=\"1429\">D\u017eemy bez k\u00faskov a semienok<\/strong><\/p>\n<\/li>\n<li data-start=\"1430\" data-end=\"1450\">\n<p data-start=\"1432\" data-end=\"1450\">\ud83c\udf6f <strong data-start=\"1435\" data-end=\"1450\">Hust\u00fd med<\/strong><\/p>\n<\/li>\n<li data-start=\"1451\" data-end=\"1497\">\n<p data-start=\"1453\" data-end=\"1497\">\ud83e\uddf4 <strong data-start=\"1456\" data-end=\"1497\">Hust\u00e9 kozmetick\u00e9 kr\u00e9my a emulzie<\/strong><\/p>\n<\/li>\n<li data-start=\"1498\" data-end=\"1535\">\n<p data-start=\"1500\" data-end=\"1535\">\ud83c\udf6b <strong data-start=\"1503\" data-end=\"1535\">Tekut\u00e1 \u010dokol\u00e1da bez hrudiek<\/strong><\/p>\n<\/li>\n<li data-start=\"1536\" data-end=\"1602\">\n<p data-start=\"1538\" data-end=\"1602\">\ud83c\udf45 <strong data-start=\"1541\" data-end=\"1602\">Hust\u00e9, homog\u00e9nne om\u00e1\u010dky (ako je jemn\u00fd ke\u010dup alebo sriracha)<\/strong><\/p>\n<\/li>\n<\/ul>\n<p data-start=\"1604\" data-end=\"1829\"><strong data-start=\"1604\" data-end=\"1618\">D\u00f4le\u017eit\u00e9<\/strong>Pri produktoch s pevn\u00fdmi stopami (k\u00fasky ovocia, semen\u00e1, mlet\u00e9 orechy alebo podobn\u00e9) sa odpor\u00fa\u010da pou\u017eitie n\u00e1sypky s metli\u010dkou, aby sa zabezpe\u010dilo homog\u00e9nne d\u00e1vkovanie a predi\u0161lo sa upchatiu.<\/p>\n<p data-start=\"1831\" data-end=\"2178\">Tento model m\u00e1 <strong data-start=\"1854\" data-end=\"1895\">dvojit\u00e1 tryska pre vy\u0161\u0161\u00ed v\u00fdkon<\/strong>, \u010do umo\u017e\u0148uje s\u00fa\u010dasn\u00e9 plnenie dvoch n\u00e1dob a dosiahnutie r\u00fdchlosti a\u017e 60 flia\u0161 za min\u00fatu. Obsahuje indik\u00e1tor tlaku vzduchu, regul\u00e1ciu objemu a r\u00fdchlosti plnenia a m\u00f4\u017ee pracova\u0165 v re\u017eime <strong data-start=\"2116\" data-end=\"2147\">automatick\u00fd alebo poloautomatick\u00fd<\/strong> pod\u013ea po\u017eiadaviek prev\u00e1dzkovate\u013ea.<\/p>\n<p data-start=\"2180\" data-end=\"2261\">Zah\u0155\u0148a <strong data-start=\"2188\" data-end=\"2208\">Certifik\u00e1cia CE<\/strong>, 2-ro\u010dn\u00e1 z\u00e1ruka a personalizovan\u00e1 technick\u00e1 podpora.<\/p>\n<hr data-start=\"2263\" data-end=\"2266\" \/>\n<h3 data-start=\"2268\" data-end=\"2297\">Technick\u00e9 \u0161pecifik\u00e1cie<\/h3>\n<div class=\"_tableContainer_16hzy_1\">\n<div class=\"_tableWrapper_16hzy_14 group flex w-fit flex-col-reverse\" tabindex=\"-1\">\n<table class=\"w-fit min-w-(--thread-content-width)\" data-start=\"2299\" data-end=\"3941\">\n<thead data-start=\"2299\" data-end=\"2374\">\n<tr data-start=\"2299\" data-end=\"2374\">\n<th data-start=\"2299\" data-end=\"2333\" data-col-size=\"sm\">Funkcia<\/th>\n<th data-start=\"2333\" data-end=\"2374\" data-col-size=\"md\">Detail<\/th>\n<\/tr>\n<\/thead>\n<tbody data-start=\"2451\" data-end=\"3941\">\n<tr data-start=\"2451\" data-end=\"2536\">\n<td data-start=\"2451\" data-end=\"2485\" data-col-size=\"sm\">Typ stroja<\/td>\n<td data-col-size=\"md\" data-start=\"2485\" data-end=\"2536\">Stroj na plnenie a d\u00e1vkovanie do flia\u0161 s vysokou viskozitou<\/td>\n<\/tr>\n<tr data-start=\"2537\" data-end=\"2636\">\n<td data-start=\"2537\" data-end=\"2571\" data-col-size=\"sm\">Typ produktov<\/td>\n<td data-col-size=\"md\" data-start=\"2571\" data-end=\"2636\">Hust\u00e9 kr\u00e9my, d\u017eemy bez hrudiek, med, homog\u00e9nne om\u00e1\u010dky<\/td>\n<\/tr>\n<tr data-start=\"2637\" data-end=\"2712\">\n<td data-start=\"2637\" data-end=\"2671\" data-col-size=\"sm\">Aplik\u00e1cie<\/td>\n<td data-col-size=\"md\" data-start=\"2671\" data-end=\"2712\">Potraviny, kozmetika, lie\u010div\u00e1<\/td>\n<\/tr>\n<tr data-start=\"2713\" data-end=\"2789\">\n<td data-start=\"2713\" data-end=\"2747\" data-col-size=\"sm\">Plniaci syst\u00e9m<\/td>\n<td data-col-size=\"md\" data-start=\"2747\" data-end=\"2789\">Pneumatick\u00fd piest s rota\u010dn\u00fdm ventilom<\/td>\n<\/tr>\n<tr data-start=\"2790\" data-end=\"2865\">\n<td data-start=\"2790\" data-end=\"2824\" data-col-size=\"sm\">Presnos\u0165 plnenia<\/td>\n<td data-col-size=\"md\" data-start=\"2824\" data-end=\"2865\">\u00b11%<\/td>\n<\/tr>\n<tr data-start=\"2866\" data-end=\"2942\">\n<td data-start=\"2866\" data-end=\"2900\" data-col-size=\"sm\">Rozsah plnenia<\/td>\n<td data-col-size=\"md\" data-start=\"2900\" data-end=\"2942\">100 ml \u2013 1000 ml<\/td>\n<\/tr>\n<tr data-start=\"2943\" data-end=\"3017\">\n<td data-start=\"2943\" data-end=\"2976\" data-col-size=\"sm\">Objem z\u00e1sobn\u00edka<\/td>\n<td data-col-size=\"md\" data-start=\"2976\" data-end=\"3017\">50 litrov<\/td>\n<\/tr>\n<tr data-start=\"3018\" data-end=\"3093\">\n<td data-start=\"3018\" data-end=\"3052\" data-col-size=\"sm\">R\u00fdchlos\u0165 v\u00fdroby<\/td>\n<td data-col-size=\"md\" data-start=\"3052\" data-end=\"3093\">20 \u2013 60 flia\u0161 za min\u00fatu<\/td>\n<\/tr>\n<tr data-start=\"3094\" data-end=\"3169\">\n<td data-start=\"3094\" data-end=\"3128\" data-col-size=\"sm\">Plniaca hlava<\/td>\n<td data-col-size=\"md\" data-start=\"3128\" data-end=\"3169\">Dvojit\u00e1 tryska so syst\u00e9mom proti odkvapk\u00e1vaniu<\/td>\n<\/tr>\n<tr data-start=\"3170\" data-end=\"3246\">\n<td data-start=\"3170\" data-end=\"3204\" data-col-size=\"sm\">Nap\u00e1jac\u00ed zdroj<\/td>\n<td data-col-size=\"md\" data-start=\"3204\" data-end=\"3246\">220 V<\/td>\n<\/tr>\n<tr data-start=\"3247\" data-end=\"3323\">\n<td data-start=\"3247\" data-end=\"3281\" data-col-size=\"sm\">Pracovn\u00fd tlak<\/td>\n<td data-col-size=\"md\" data-start=\"3281\" data-end=\"3323\">0,4 \u2013 0,9 MPa<\/td>\n<\/tr>\n<tr data-start=\"3324\" data-end=\"3399\">\n<td data-start=\"3324\" data-end=\"3358\" data-col-size=\"sm\">Materi\u00e1l v kontakte<\/td>\n<td data-col-size=\"md\" data-start=\"3358\" data-end=\"3399\">Nerezov\u00e1 oce\u013e potravin\u00e1rskej kvality<\/td>\n<\/tr>\n<tr data-start=\"3400\" data-end=\"3475\">\n<td data-start=\"3400\" data-end=\"3434\" data-col-size=\"sm\">V\u0161eobecn\u00fd materi\u00e1l<\/td>\n<td data-col-size=\"md\" data-start=\"3434\" data-end=\"3475\">Nerezov\u00e1 oce\u013e 304\/316<\/td>\n<\/tr>\n<tr data-start=\"3476\" data-end=\"3551\">\n<td data-start=\"3476\" data-end=\"3510\" data-col-size=\"sm\">Re\u017eimy prev\u00e1dzky<\/td>\n<td data-col-size=\"md\" data-start=\"3510\" data-end=\"3551\">Poloautomatick\u00fd \/ Automatick\u00fd<\/td>\n<\/tr>\n<tr data-start=\"3552\" data-end=\"3634\">\n<td data-start=\"3552\" data-end=\"3586\" data-col-size=\"sm\">Indik\u00e1tory a ovl\u00e1dacie prvky<\/td>\n<td data-col-size=\"md\" data-start=\"3586\" data-end=\"3634\">Tlakomer, regul\u00e1cia objemu a r\u00fdchlosti<\/td>\n<\/tr>\n<tr data-start=\"3635\" data-end=\"3710\">\n<td data-start=\"3635\" data-end=\"3669\" data-col-size=\"sm\">\u010cistenie a \u00fadr\u017eba<\/td>\n<td data-col-size=\"md\" data-start=\"3669\" data-end=\"3710\">Jednoduch\u00e1 demont\u00e1\u017e a \u010distenie<\/td>\n<\/tr>\n<tr data-start=\"3711\" data-end=\"3787\">\n<td data-start=\"3711\" data-end=\"3745\" data-col-size=\"sm\">Certifik\u00e1cia<\/td>\n<td data-col-size=\"md\" data-start=\"3745\" data-end=\"3787\">EC<\/td>\n<\/tr>\n<tr data-start=\"3788\" data-end=\"3864\">\n<td data-start=\"3788\" data-end=\"3822\" data-col-size=\"sm\">Z\u00e1ruka<\/td>\n<td data-col-size=\"md\" data-start=\"3822\" data-end=\"3864\">2 roky<\/td>\n<\/tr>\n<tr data-start=\"3865\" data-end=\"3941\">\n<td data-start=\"3865\" data-end=\"3899\" data-col-size=\"sm\">Technick\u00e1 podpora<\/td>\n<td data-col-size=\"md\" data-start=\"3899\" data-end=\"3941\">Vr\u00e1tane<\/td>\n<\/tr>\n<\/tbody>\n<\/table>\n<div class=\"sticky end-(--thread-content-margin) h-0 self-end select-none\">\n<div class=\"absolute end-0 flex items-end\"><\/div>\n<\/div>\n<\/div>\n<\/div>","protected":false},"excerpt":{"rendered":"<h2>D\u00e1vkova\u010d, F\u013ea\u0161ovanie, s mix\u00e9rom a dvojitou n\u00e1pl\u0148ou 100 ml? 1000 ml<\/h2>\n<p><strong>Stroj na plnenie tekut\u00edn<\/strong> vysoko visk\u00f3zny poloautomatick\u00fd, poh\u00e1\u0148an\u00fd pneumatick\u00fdm piestom, vyroben\u00fd z materi\u00e1lov najvy\u0161\u0161ej kvality. Vybaven\u00fd piatimi ventilmi, ktor\u00e9 riadia prietok produktov, m\u00e1 tie\u017e dvojit\u00fd d\u00e1vkova\u010d pre r\u00fdchlej\u0161ie a efekt\u00edvnej\u0161ie plnenie. \u0160pi\u010dkov\u00e1 kon\u0161trukcia a v\u0161etky modely sa \u013eahko ovl\u00e1daj\u00fa. Pou\u017eit\u00e9 pneumatick\u00e9 komponenty s\u00fa vyroben\u00e9 v Nemecku a na Taiwane. V\u0161etky pou\u017eit\u00e9 kontaktn\u00e9 materi\u00e1ly s\u00fa z nehrdzavej\u00facej ocele 316 v s\u00falade s po\u017eiadavkami GMP. Mno\u017estvo objemu a r\u00fdchlos\u0165 plnenia je mo\u017en\u00e9 regulova\u0165 s ve\u013ekou presnos\u0165ou.<\/p>\n<p>&nbsp;<\/p>","protected":false},"featured_media":3612,"comment_status":"open","ping_status":"closed","template":"","meta":{"wds_primary_product_brand":0,"wds_primary_product_cat":0},"product_brand":[],"product_cat":[18,20,321,21],"product_tag":[],"class_list":{"0":"post-3604","1":"product","2":"type-product","3":"status-publish","4":"has-post-thumbnail","6":"product_cat-dosificadoras","7":"product_cat-dosificadoras-de-pastosos","8":"product_cat-llenadoras-de-piston","9":"product_cat-maquinas-llenadoras","10":"product_shipping_class-express","12":"first","13":"instock","14":"sale","15":"taxable","16":"shipping-taxable","17":"purchasable","18":"product-type-simple"},"yoast_head":"<!-- This site is optimized with the Yoast SEO Premium plugin v24.9 (Yoast SEO v26.1) - https:\/\/yoast.com\/wordpress\/plugins\/seo\/ -->\n<title>Dosificadora, Embotelladora, con batidor y doble llenador 100 ml ? 1000 ml - distribuci\u00f3n ARC<\/title>\n<meta name=\"robots\" content=\"index, follow, max-snippet:-1, max-image-preview:large, max-video-preview:-1\" \/>\n<link rel=\"canonical\" href=\"https:\/\/www.distribucionarc.com\/producto\/dosificadora-embotelladora-con-batidor-y-doble-llenador-100-ml-\ud83d\udd1b-1000-ml\/\" \/>\n<meta property=\"og:locale\" content=\"sk_SK\" \/>\n<meta property=\"og:type\" content=\"article\" \/>\n<meta property=\"og:title\" content=\"Dosificadora, Embotelladora, con batidor y doble llenador 100 ml ? 1000 ml\" \/>\n<meta property=\"og:description\" content=\"Dosificadora, Embotelladora, con batidor y doble llenador 100 ml ? 1000 ml M\u00e1quina para llenado de l\u00edquidos muy viscosos semiautom\u00e1tica, impulsada por un pist\u00f3n neum\u00e1tico, fabricada con materiales de primera calidad. Equipada con cinco v\u00e1lvulas que controlan el flujo de los productos adem\u00e1s, cuenta con doble dosificador para un llenado m\u00e1s eficaz y r\u00e1pido. Estructura con dise\u00f1o superior y todos los modelos son f\u00e1ciles de operar. Los componentes neum\u00e1ticos utilizados son hechos en Alemania y Taiwan. Todos los materiales de contacto utilizados, son de acero inoxidable 316 de acuerdo con los requisitos de GMP. La cantidad de volumen y la velocidad de llenado pueden ser regulados con una gran precisi\u00f3n.  &nbsp;\" \/>\n<meta property=\"og:url\" content=\"https:\/\/www.distribucionarc.com\/producto\/dosificadora-embotelladora-con-batidor-y-doble-llenador-100-ml-\ud83d\udd1b-1000-ml\/\" \/>\n<meta property=\"og:site_name\" content=\"distribuci\u00f3n ARC\" \/>\n<meta property=\"article:modified_time\" content=\"2025-05-08T20:19:18+00:00\" \/>\n<meta property=\"og:image\" content=\"https:\/\/www.distribucionarc.com\/wp-content\/uploads\/2020\/10\/Dosificadora-Embotelladora-con-batidor-y-doble-llenador-100-ml-1000-ml-0.jpg\" \/>\n\t<meta property=\"og:image:width\" content=\"1600\" \/>\n\t<meta property=\"og:image:height\" content=\"1600\" \/>\n\t<meta property=\"og:image:type\" content=\"image\/jpeg\" \/>\n<meta name=\"twitter:card\" content=\"summary_large_image\" \/>\n<meta name=\"twitter:label1\" content=\"Predpokladan\u00fd \u010das \u010d\u00edtania\" \/>\n\t<meta name=\"twitter:data1\" content=\"2 min\u00faty\" \/>\n<script type=\"application\/ld+json\" class=\"yoast-schema-graph\">{\"@context\":\"https:\/\/schema.org\",\"@graph\":[{\"@type\":\"WebPage\",\"@id\":\"https:\/\/www.distribucionarc.com\/producto\/dosificadora-embotelladora-con-batidor-y-doble-llenador-100-ml-%f0%9f%94%9b-1000-ml\/\",\"url\":\"https:\/\/www.distribucionarc.com\/producto\/dosificadora-embotelladora-con-batidor-y-doble-llenador-100-ml-%f0%9f%94%9b-1000-ml\/\",\"name\":\"Dosificadora, Embotelladora, con batidor y doble llenador 100 ml ? 1000 ml - distribuci\u00f3n ARC\",\"isPartOf\":{\"@id\":\"https:\/\/www.distribucionarc.com\/sl\/#website\"},\"primaryImageOfPage\":{\"@id\":\"https:\/\/www.distribucionarc.com\/producto\/dosificadora-embotelladora-con-batidor-y-doble-llenador-100-ml-%f0%9f%94%9b-1000-ml\/#primaryimage\"},\"image\":{\"@id\":\"https:\/\/www.distribucionarc.com\/producto\/dosificadora-embotelladora-con-batidor-y-doble-llenador-100-ml-%f0%9f%94%9b-1000-ml\/#primaryimage\"},\"thumbnailUrl\":\"https:\/\/distribucionarc.com\/wp-content\/uploads\/2020\/10\/Dosificadora-Embotelladora-con-batidor-y-doble-llenador-100-ml-1000-ml-0.jpg\",\"datePublished\":\"2020-10-05T14:10:27+00:00\",\"dateModified\":\"2025-05-08T20:19:18+00:00\",\"breadcrumb\":{\"@id\":\"https:\/\/www.distribucionarc.com\/producto\/dosificadora-embotelladora-con-batidor-y-doble-llenador-100-ml-%f0%9f%94%9b-1000-ml\/#breadcrumb\"},\"inLanguage\":\"sk-SK\",\"potentialAction\":[{\"@type\":\"ReadAction\",\"target\":[\"https:\/\/www.distribucionarc.com\/producto\/dosificadora-embotelladora-con-batidor-y-doble-llenador-100-ml-%f0%9f%94%9b-1000-ml\/\"]}]},{\"@type\":\"ImageObject\",\"inLanguage\":\"sk-SK\",\"@id\":\"https:\/\/www.distribucionarc.com\/producto\/dosificadora-embotelladora-con-batidor-y-doble-llenador-100-ml-%f0%9f%94%9b-1000-ml\/#primaryimage\",\"url\":\"https:\/\/distribucionarc.com\/wp-content\/uploads\/2020\/10\/Dosificadora-Embotelladora-con-batidor-y-doble-llenador-100-ml-1000-ml-0.jpg\",\"contentUrl\":\"https:\/\/distribucionarc.com\/wp-content\/uploads\/2020\/10\/Dosificadora-Embotelladora-con-batidor-y-doble-llenador-100-ml-1000-ml-0.jpg\",\"width\":1600,\"height\":1600,\"caption\":\"Dosificadora, Embotelladora, con batidor y doble llenador 100 ml 1000 ml\"},{\"@type\":\"BreadcrumbList\",\"@id\":\"https:\/\/www.distribucionarc.com\/producto\/dosificadora-embotelladora-con-batidor-y-doble-llenador-100-ml-%f0%9f%94%9b-1000-ml\/#breadcrumb\",\"itemListElement\":[{\"@type\":\"ListItem\",\"position\":1,\"name\":\"Portada\",\"item\":\"https:\/\/www.distribucionarc.com\/\"},{\"@type\":\"ListItem\",\"position\":2,\"name\":\"\u00dcr\u00fcnler\",\"item\":\"https:\/\/www.distribucionarc.com\/tr\/magaza\/\"},{\"@type\":\"ListItem\",\"position\":3,\"name\":\"Dosificadora, Embotelladora, con batidor y doble llenador 100 ml ? 1000 ml\"}]},{\"@type\":\"WebSite\",\"@id\":\"https:\/\/www.distribucionarc.com\/sl\/#website\",\"url\":\"https:\/\/www.distribucionarc.com\/sl\/\",\"name\":\"distribuci\u00f3n ARC\",\"description\":\"Empresa especializada en la fabricaci\u00f3n y distribuci\u00f3n de maquinaria industrial, selladoras de latas, Maquinas de hacer pastillas, Maquinas de cortar carne...\",\"publisher\":{\"@id\":\"https:\/\/www.distribucionarc.com\/sl\/#organization\"},\"potentialAction\":[{\"@type\":\"SearchAction\",\"target\":{\"@type\":\"EntryPoint\",\"urlTemplate\":\"https:\/\/www.distribucionarc.com\/sl\/?s={search_term_string}\"},\"query-input\":{\"@type\":\"PropertyValueSpecification\",\"valueRequired\":true,\"valueName\":\"search_term_string\"}}],\"inLanguage\":\"sk-SK\"},{\"@type\":\"Organization\",\"@id\":\"https:\/\/www.distribucionarc.com\/sl\/#organization\",\"name\":\"Distribuci\u00f3n ARC\",\"url\":\"https:\/\/www.distribucionarc.com\/sl\/\",\"logo\":{\"@type\":\"ImageObject\",\"inLanguage\":\"sk-SK\",\"@id\":\"https:\/\/www.distribucionarc.com\/sl\/#\/schema\/logo\/image\/\",\"url\":\"https:\/\/distribucionarc.com\/wp-content\/uploads\/2024\/10\/distribucion-ARC-COLOR-SIN-FONDO-e1732295305345.png\",\"contentUrl\":\"https:\/\/distribucionarc.com\/wp-content\/uploads\/2024\/10\/distribucion-ARC-COLOR-SIN-FONDO-e1732295305345.png\",\"width\":1164,\"height\":558,\"caption\":\"Distribuci\u00f3n ARC\"},\"image\":{\"@id\":\"https:\/\/www.distribucionarc.com\/sl\/#\/schema\/logo\/image\/\"},\"description\":\"Empresa especializada en la fabricaci\u00f3n y distribuci\u00f3n de maquinaria industrial para los sectores alimentario y farmac\u00e9utico. Nos especializamos en: M\u00e1quinas de cortar carne Fabricaci\u00f3n de comprimidos Sistemas de transporte industrial L\u00edneas de embotellado Dosificadores Y mucho m\u00e1s... Ofrecemos soluciones innovadoras y personalizadas para optimizar los procesos productivos de tu empresa.\",\"email\":\"Admistracion@distribucionarc.com\",\"telephone\":\"+34 643496664\",\"legalName\":\"ARC TECH SOLUTIONS\",\"foundingDate\":\"2024-04-09\",\"vatID\":\"B55480172\",\"numberOfEmployees\":{\"@type\":\"QuantitativeValue\",\"minValue\":\"1\",\"maxValue\":\"10\"}}]}<\/script>\n<!-- \/ Yoast SEO Premium plugin. -->","yoast_head_json":{"title":"D\u00e1vkovanie, plnenie do flia\u0161, s mix\u00e9rom a dvojit\u00fdm plnidlom 100 ml? 1000 ml - ARC rozvod","robots":{"index":"index","follow":"follow","max-snippet":"max-snippet:-1","max-image-preview":"max-image-preview:large","max-video-preview":"max-video-preview:-1"},"canonical":"https:\/\/www.distribucionarc.com\/producto\/dosificadora-embotelladora-con-batidor-y-doble-llenador-100-ml-\ud83d\udd1b-1000-ml\/","og_locale":"sk_SK","og_type":"article","og_title":"Dosificadora, Embotelladora, con batidor y doble llenador 100 ml ? 1000 ml","og_description":"Dosificadora, Embotelladora, con batidor y doble llenador 100 ml ? 1000 ml M\u00e1quina para llenado de l\u00edquidos muy viscosos semiautom\u00e1tica, impulsada por un pist\u00f3n neum\u00e1tico, fabricada con materiales de primera calidad. Equipada con cinco v\u00e1lvulas que controlan el flujo de los productos adem\u00e1s, cuenta con doble dosificador para un llenado m\u00e1s eficaz y r\u00e1pido. Estructura con dise\u00f1o superior y todos los modelos son f\u00e1ciles de operar. Los componentes neum\u00e1ticos utilizados son hechos en Alemania y Taiwan. Todos los materiales de contacto utilizados, son de acero inoxidable 316 de acuerdo con los requisitos de GMP. La cantidad de volumen y la velocidad de llenado pueden ser regulados con una gran precisi\u00f3n.  &nbsp;","og_url":"https:\/\/www.distribucionarc.com\/producto\/dosificadora-embotelladora-con-batidor-y-doble-llenador-100-ml-\ud83d\udd1b-1000-ml\/","og_site_name":"distribuci\u00f3n ARC","article_modified_time":"2025-05-08T20:19:18+00:00","og_image":[{"width":1600,"height":1600,"url":"https:\/\/www.distribucionarc.com\/wp-content\/uploads\/2020\/10\/Dosificadora-Embotelladora-con-batidor-y-doble-llenador-100-ml-1000-ml-0.jpg","type":"image\/jpeg"}],"twitter_card":"summary_large_image","twitter_misc":{"Predpokladan\u00fd \u010das \u010d\u00edtania":"2 min\u00faty"},"schema":{"@context":"https:\/\/schema.org","@graph":[{"@type":"WebPage","@id":"https:\/\/www.distribucionarc.com\/producto\/dosificadora-embotelladora-con-batidor-y-doble-llenador-100-ml-%f0%9f%94%9b-1000-ml\/","url":"https:\/\/www.distribucionarc.com\/producto\/dosificadora-embotelladora-con-batidor-y-doble-llenador-100-ml-%f0%9f%94%9b-1000-ml\/","name":"D\u00e1vkovanie, plnenie do flia\u0161, s mix\u00e9rom a dvojit\u00fdm plnidlom 100 ml? 1000 ml - ARC rozvod","isPartOf":{"@id":"https:\/\/www.distribucionarc.com\/sl\/#website"},"primaryImageOfPage":{"@id":"https:\/\/www.distribucionarc.com\/producto\/dosificadora-embotelladora-con-batidor-y-doble-llenador-100-ml-%f0%9f%94%9b-1000-ml\/#primaryimage"},"image":{"@id":"https:\/\/www.distribucionarc.com\/producto\/dosificadora-embotelladora-con-batidor-y-doble-llenador-100-ml-%f0%9f%94%9b-1000-ml\/#primaryimage"},"thumbnailUrl":"https:\/\/distribucionarc.com\/wp-content\/uploads\/2020\/10\/Dosificadora-Embotelladora-con-batidor-y-doble-llenador-100-ml-1000-ml-0.jpg","datePublished":"2020-10-05T14:10:27+00:00","dateModified":"2025-05-08T20:19:18+00:00","breadcrumb":{"@id":"https:\/\/www.distribucionarc.com\/producto\/dosificadora-embotelladora-con-batidor-y-doble-llenador-100-ml-%f0%9f%94%9b-1000-ml\/#breadcrumb"},"inLanguage":"sk-SK","potentialAction":[{"@type":"ReadAction","target":["https:\/\/www.distribucionarc.com\/producto\/dosificadora-embotelladora-con-batidor-y-doble-llenador-100-ml-%f0%9f%94%9b-1000-ml\/"]}]},{"@type":"ImageObject","inLanguage":"sk-SK","@id":"https:\/\/www.distribucionarc.com\/producto\/dosificadora-embotelladora-con-batidor-y-doble-llenador-100-ml-%f0%9f%94%9b-1000-ml\/#primaryimage","url":"https:\/\/distribucionarc.com\/wp-content\/uploads\/2020\/10\/Dosificadora-Embotelladora-con-batidor-y-doble-llenador-100-ml-1000-ml-0.jpg","contentUrl":"https:\/\/distribucionarc.com\/wp-content\/uploads\/2020\/10\/Dosificadora-Embotelladora-con-batidor-y-doble-llenador-100-ml-1000-ml-0.jpg","width":1600,"height":1600,"caption":"Dosificadora, Embotelladora, con batidor y doble llenador 100 ml 1000 ml"},{"@type":"BreadcrumbList","@id":"https:\/\/www.distribucionarc.com\/producto\/dosificadora-embotelladora-con-batidor-y-doble-llenador-100-ml-%f0%9f%94%9b-1000-ml\/#breadcrumb","itemListElement":[{"@type":"ListItem","position":1,"name":"Portada","item":"https:\/\/www.distribucionarc.com\/"},{"@type":"ListItem","position":2,"name":"\u00dcr\u00fcnler","item":"https:\/\/www.distribucionarc.com\/tr\/magaza\/"},{"@type":"ListItem","position":3,"name":"Dosificadora, Embotelladora, con batidor y doble llenador 100 ml ? 1000 ml"}]},{"@type":"WebSite","@id":"https:\/\/www.distribucionarc.com\/sl\/#website","url":"https:\/\/www.distribucionarc.com\/sl\/","name":"ARC distrib\u00facia","description":"Spolo\u010dnos\u0165 sa \u0161pecializuje na v\u00fdrobu a distrib\u00faciu priemyseln\u00fdch strojov, strojov na uzatv\u00e1ranie plechoviek, strojov na v\u00fdrobu tabliet, strojov na porciovanie m\u00e4sa...","publisher":{"@id":"https:\/\/www.distribucionarc.com\/sl\/#organization"},"potentialAction":[{"@type":"SearchAction","target":{"@type":"EntryPoint","urlTemplate":"https:\/\/www.distribucionarc.com\/sl\/?s={search_term_string}"},"query-input":{"@type":"PropertyValueSpecification","valueRequired":true,"valueName":"search_term_string"}}],"inLanguage":"sk-SK"},{"@type":"Organization","@id":"https:\/\/www.distribucionarc.com\/sl\/#organization","name":"Distrib\u00facia ARC","url":"https:\/\/www.distribucionarc.com\/sl\/","logo":{"@type":"ImageObject","inLanguage":"sk-SK","@id":"https:\/\/www.distribucionarc.com\/sl\/#\/schema\/logo\/image\/","url":"https:\/\/distribucionarc.com\/wp-content\/uploads\/2024\/10\/distribucion-ARC-COLOR-SIN-FONDO-e1732295305345.png","contentUrl":"https:\/\/distribucionarc.com\/wp-content\/uploads\/2024\/10\/distribucion-ARC-COLOR-SIN-FONDO-e1732295305345.png","width":1164,"height":558,"caption":"Distribuci\u00f3n ARC"},"image":{"@id":"https:\/\/www.distribucionarc.com\/sl\/#\/schema\/logo\/image\/"},"description":"Spolo\u010dnos\u0165 \u0161pecializuj\u00faca sa na v\u00fdrobu a distrib\u00faciu priemyseln\u00fdch strojov pre potravin\u00e1rsky a farmaceutick\u00fd sektor. \u0160pecializujeme sa na: Stroje na kr\u00e1janie m\u00e4sa V\u00fdroba tabliet Priemyseln\u00e9 dopravn\u00e9 syst\u00e9my D\u00e1vkova\u010de na f\u013ea\u0161e A ove\u013ea viac... Pon\u00fakame inovat\u00edvne a prisp\u00f4soben\u00e9 rie\u0161enia na optimaliz\u00e1ciu v\u00fdrobn\u00fdch procesov va\u0161ej spolo\u010dnosti.","email":"Admistracion@distribucionarc.com","telephone":"+34 643496664","legalName":"ARC TECH SOLUTIONS","foundingDate":"2024-04-09","vatID":"B55480172","numberOfEmployees":{"@type":"QuantitativeValue","minValue":"1","maxValue":"10"}}]}},"_links":{"self":[{"href":"https:\/\/distribucionarc.com\/sk\/wp-json\/wp\/v2\/product\/3604","targetHints":{"allow":["GET"]}}],"collection":[{"href":"https:\/\/distribucionarc.com\/sk\/wp-json\/wp\/v2\/product"}],"about":[{"href":"https:\/\/distribucionarc.com\/sk\/wp-json\/wp\/v2\/types\/product"}],"replies":[{"embeddable":true,"href":"https:\/\/distribucionarc.com\/sk\/wp-json\/wp\/v2\/comments?post=3604"}],"version-history":[{"count":3,"href":"https:\/\/distribucionarc.com\/sk\/wp-json\/wp\/v2\/product\/3604\/revisions"}],"predecessor-version":[{"id":17467,"href":"https:\/\/distribucionarc.com\/sk\/wp-json\/wp\/v2\/product\/3604\/revisions\/17467"}],"wp:featuredmedia":[{"embeddable":true,"href":"https:\/\/distribucionarc.com\/sk\/wp-json\/wp\/v2\/media\/3612"}],"wp:attachment":[{"href":"https:\/\/distribucionarc.com\/sk\/wp-json\/wp\/v2\/media?parent=3604"}],"wp:term":[{"taxonomy":"product_brand","embeddable":true,"href":"https:\/\/distribucionarc.com\/sk\/wp-json\/wp\/v2\/product_brand?post=3604"},{"taxonomy":"product_cat","embeddable":true,"href":"https:\/\/distribucionarc.com\/sk\/wp-json\/wp\/v2\/product_cat?post=3604"},{"taxonomy":"product_tag","embeddable":true,"href":"https:\/\/distribucionarc.com\/sk\/wp-json\/wp\/v2\/product_tag?post=3604"}],"curies":[{"name":"pracovn\u00fd list","href":"https:\/\/api.w.org\/{rel}","templated":true}]}}