{"id":3631,"date":"2020-10-05T14:55:53","date_gmt":"2020-10-05T14:55:53","guid":{"rendered":"https:\/\/distribucionarc.com\/?post_type=product&#038;p=3631"},"modified":"2025-05-08T22:48:16","modified_gmt":"2025-05-08T20:48:16","slug":"stroj-na-plnenie-do-flias-viskozne-kvapaliny-olej-detergent-500-az-5000ml","status":"publish","type":"product","link":"https:\/\/distribucionarc.com\/sk\/producto\/embotelladora-liquidos-viscosos-aceite-detergente-500-a-5000ml\/","title":{"rendered":"Plnenie visk\u00f3znych kvapal\u00edn, oleja, \u010distiaceho prostriedku, 500 a\u017e 5000 ml"},"content":{"rendered":"<h2 data-start=\"438\" data-end=\"518\">\ud83e\uddfc D\u00e1vkovac\u00ed a plniaci stroj na \u010distiace prostriedky \u2013 500 ml a\u017e 5000 ml<\/h2>\n<p data-start=\"520\" data-end=\"870\">The <strong data-start=\"523\" data-end=\"573\">vysokokapacitn\u00fd d\u00e1vkovac\u00ed a plniaci stroj<\/strong> Je to stroj \u0161peci\u00e1lne navrhnut\u00fd na plnenie chemick\u00fdch a \u010distiacich prostriedkov do ve\u013ek\u00fdch n\u00e1dob, ako s\u00fa 3 a\u017e 5-litrov\u00e9 d\u017eb\u00e1ny alebo 1-litrov\u00e9 f\u013ea\u0161e. V\u010faka svojmu syst\u00e9mu <strong data-start=\"761\" data-end=\"803\">pneumatick\u00fd piest s rota\u010dn\u00fdm ventilom<\/strong>, pon\u00faka presn\u00e9 a \u010dist\u00e9 d\u00e1vkovanie bez kvapkania alebo odpadu.<\/p>\n<p data-start=\"872\" data-end=\"1197\">Je ide\u00e1lny pre produkty <strong data-start=\"896\" data-end=\"912\">neperliv\u00fd<\/strong>, ke\u010f\u017ee sa pln\u00ed zhora na n\u00e1dobe. Pre v\u00fdrobky, ktor\u00e9 po\u010das plnenia vytv\u00e1raj\u00fa penu (ako napr\u00edklad niektor\u00e9 peniace mydl\u00e1 alebo peniace \u010distiace prostriedky), sa odpor\u00fa\u010da in\u00fd typ stroja. <strong data-start=\"1114\" data-end=\"1137\">ponorn\u00e1 tryska<\/strong> postupne st\u00fapajte, aby ste predi\u0161li tvorbe bubl\u00edn.<\/p>\n<p data-start=\"1199\" data-end=\"1483\">Tento stroj <strong data-start=\"1212\" data-end=\"1234\">neobsahuje metli\u010dku<\/strong>, ale umo\u017e\u0148uje dve mo\u017enosti pod\u00e1vania produktu: manu\u00e1lne plnenie z\u00e1sobn\u00edka (50 l) alebo priame pripojenie pomocou <strong data-start=\"1354\" data-end=\"1388\">hadica k externej n\u00e1dr\u017ei<\/strong>, ako napr\u00edklad <strong data-start=\"1398\" data-end=\"1444\">1000-litrov\u00e9 IBC kontajnery alebo 200-litrov\u00e9 sudy<\/strong>, ide\u00e1lne pre priemyseln\u00fa v\u00fdrobu.<\/p>\n<p data-start=\"1485\" data-end=\"1527\">Nieko\u013eko pr\u00edkladov kompatibiln\u00fdch produktov:<\/p>\n<ul data-start=\"1529\" data-end=\"1835\">\n<li data-start=\"1529\" data-end=\"1563\">\n<p data-start=\"1531\" data-end=\"1563\">\ud83e\uddfc <strong data-start=\"1534\" data-end=\"1563\">Nepeniace tekut\u00e9 mydlo<\/strong><\/p>\n<\/li>\n<li data-start=\"1564\" data-end=\"1596\">\n<p data-start=\"1566\" data-end=\"1596\">\ud83e\uddfd <strong data-start=\"1569\" data-end=\"1596\">\u010cistiace prostriedky na podlahy<\/strong><\/p>\n<\/li>\n<li data-start=\"1597\" data-end=\"1629\">\n<p data-start=\"1599\" data-end=\"1629\">\ud83e\uddf4 <strong data-start=\"1602\" data-end=\"1629\">Tekut\u00e9 dezinfek\u010dn\u00e9 prostriedky<\/strong><\/p>\n<\/li>\n<li data-start=\"1630\" data-end=\"1670\">\n<p data-start=\"1632\" data-end=\"1670\">\ud83e\uddea <strong data-start=\"1635\" data-end=\"1670\">Priemyseln\u00e9 chemik\u00e1lie<\/strong><\/p>\n<\/li>\n<li data-start=\"1671\" data-end=\"1733\">\n<p data-start=\"1673\" data-end=\"1733\">\ud83d\udee2\ufe0f <strong data-start=\"1677\" data-end=\"1733\">Tekut\u00fd vosk, le\u0161tidl\u00e1, viac\u00fa\u010delov\u00e9 \u010distiace prostriedky<\/strong><\/p>\n<\/li>\n<li data-start=\"1734\" data-end=\"1785\">\n<p data-start=\"1736\" data-end=\"1785\">\u2744\ufe0f <strong data-start=\"1739\" data-end=\"1785\">Nemrzn\u00faca zmes a automobilov\u00e9 kvapaliny<\/strong><\/p>\n<\/li>\n<li data-start=\"1786\" data-end=\"1835\">\n<p data-start=\"1788\" data-end=\"1835\">\ud83e\uddf4 <strong data-start=\"1791\" data-end=\"1835\">Zm\u00e4k\u010dovadl\u00e1 alebo hust\u00e9 technick\u00e9 roztoky<\/strong><\/p>\n<\/li>\n<\/ul>\n<p data-start=\"1837\" data-end=\"2162\">Tento stroj je vyroben\u00fd z nehrdzavej\u00facej ocele 304\/316 a umo\u017e\u0148uje v\u00e1m regulova\u0165 objem aj r\u00fdchlos\u0165 plnenia a\u017e <strong data-start=\"1969\" data-end=\"1994\">30 kontajnerov za min\u00fatu<\/strong>a m\u00f4\u017ee pracova\u0165 v re\u017eime <strong data-start=\"2021\" data-end=\"2052\">automatick\u00fd alebo poloautomatick\u00fd<\/strong>. Jeho modul\u00e1rna kon\u0161trukcia umo\u017e\u0148uje r\u00fdchlu \u00fadr\u017ebu, \u010do u\u013eah\u010duje v\u00fdmenu dielov v pr\u00edpade poruchy.<\/p>\n<p data-start=\"2164\" data-end=\"2251\">Zah\u0155\u0148a <strong data-start=\"2172\" data-end=\"2192\">Certifik\u00e1cia CE<\/strong>, <strong data-start=\"2194\" data-end=\"2216\">2 ro\u010dn\u00e1 z\u00e1ruka<\/strong> a <strong data-start=\"2219\" data-end=\"2250\">profesion\u00e1lna technick\u00e1 podpora<\/strong>.<\/p>\n<hr data-start=\"2253\" data-end=\"2256\" \/>\n<h3 data-start=\"2258\" data-end=\"2287\">Technick\u00e9 \u0161pecifik\u00e1cie<\/h3>\n<div class=\"_tableContainer_16hzy_1\">\n<div class=\"_tableWrapper_16hzy_14 group flex w-fit flex-col-reverse\" tabindex=\"-1\">\n<table class=\"w-fit min-w-(--thread-content-width)\" data-start=\"2289\" data-end=\"4035\">\n<thead data-start=\"2289\" data-end=\"2364\">\n<tr data-start=\"2289\" data-end=\"2364\">\n<th data-start=\"2289\" data-end=\"2323\" data-col-size=\"sm\">Funkcia<\/th>\n<th data-start=\"2323\" data-end=\"2364\" data-col-size=\"md\">Detail<\/th>\n<\/tr>\n<\/thead>\n<tbody data-start=\"2441\" data-end=\"4035\">\n<tr data-start=\"2441\" data-end=\"2531\">\n<td data-start=\"2441\" data-end=\"2475\" data-col-size=\"sm\">Typ stroja<\/td>\n<td data-col-size=\"md\" data-start=\"2475\" data-end=\"2531\">Plniaci a d\u00e1vkovac\u00ed stroj na \u010distiace kvapaliny<\/td>\n<\/tr>\n<tr data-start=\"2532\" data-end=\"2607\">\n<td data-start=\"2532\" data-end=\"2566\" data-col-size=\"sm\">Typ produktov<\/td>\n<td data-col-size=\"md\" data-start=\"2566\" data-end=\"2607\">Nepeniace visk\u00f3zne kvapaliny<\/td>\n<\/tr>\n<tr data-start=\"2608\" data-end=\"2685\">\n<td data-start=\"2608\" data-end=\"2642\" data-col-size=\"sm\">Aplik\u00e1cie<\/td>\n<td data-col-size=\"md\" data-start=\"2642\" data-end=\"2685\">Chemick\u00fd, \u010distiaci a automobilov\u00fd priemysel<\/td>\n<\/tr>\n<tr data-start=\"2686\" data-end=\"2797\">\n<td data-start=\"2686\" data-end=\"2720\" data-col-size=\"sm\">Kompatibiln\u00e9 produkty<\/td>\n<td data-col-size=\"md\" data-start=\"2720\" data-end=\"2797\">Tekut\u00e9 mydlo, \u010distiace prostriedky, dezinfek\u010dn\u00e9 prostriedky, tekut\u00fd vosk, nemrzn\u00faca zmes<\/td>\n<\/tr>\n<tr data-start=\"2798\" data-end=\"2874\">\n<td data-start=\"2798\" data-end=\"2832\" data-col-size=\"sm\">Plniaci syst\u00e9m<\/td>\n<td data-col-size=\"md\" data-start=\"2832\" data-end=\"2874\">Pneumatick\u00fd piest s rota\u010dn\u00fdm ventilom<\/td>\n<\/tr>\n<tr data-start=\"2875\" data-end=\"2950\">\n<td data-start=\"2875\" data-end=\"2909\" data-col-size=\"sm\">Presnos\u0165 plnenia<\/td>\n<td data-col-size=\"md\" data-start=\"2909\" data-end=\"2950\">\u00b11%<\/td>\n<\/tr>\n<tr data-start=\"2951\" data-end=\"3027\">\n<td data-start=\"2951\" data-end=\"2985\" data-col-size=\"sm\">Rozsah plnenia<\/td>\n<td data-col-size=\"md\" data-start=\"2985\" data-end=\"3027\">500 ml \u2013 5000 ml<\/td>\n<\/tr>\n<tr data-start=\"3028\" data-end=\"3107\">\n<td data-start=\"3028\" data-end=\"3061\" data-col-size=\"sm\">Objem z\u00e1sobn\u00edka<\/td>\n<td data-col-size=\"md\" data-start=\"3061\" data-end=\"3107\">50 litrov (alebo doplnenie z IBC\/suda)<\/td>\n<\/tr>\n<tr data-start=\"3108\" data-end=\"3183\">\n<td data-start=\"3108\" data-end=\"3142\" data-col-size=\"sm\">R\u00fdchlos\u0165 v\u00fdroby<\/td>\n<td data-col-size=\"md\" data-start=\"3142\" data-end=\"3183\">A\u017e 30 kontajnerov za min\u00fatu<\/td>\n<\/tr>\n<tr data-start=\"3184\" data-end=\"3263\">\n<td data-start=\"3184\" data-end=\"3218\" data-col-size=\"sm\">Plniaca hlava<\/td>\n<td data-col-size=\"md\" data-start=\"3218\" data-end=\"3263\">Samostatn\u00e1 tryska so syst\u00e9mom proti odkvapk\u00e1vaniu<\/td>\n<\/tr>\n<tr data-start=\"3264\" data-end=\"3340\">\n<td data-start=\"3264\" data-end=\"3298\" data-col-size=\"sm\">Nap\u00e1jac\u00ed zdroj<\/td>\n<td data-col-size=\"md\" data-start=\"3298\" data-end=\"3340\">220 V<\/td>\n<\/tr>\n<tr data-start=\"3341\" data-end=\"3417\">\n<td data-start=\"3341\" data-end=\"3375\" data-col-size=\"sm\">Pracovn\u00fd tlak<\/td>\n<td data-col-size=\"md\" data-start=\"3375\" data-end=\"3417\">0,4 \u2013 0,9 MPa<\/td>\n<\/tr>\n<tr data-start=\"3418\" data-end=\"3493\">\n<td data-start=\"3418\" data-end=\"3452\" data-col-size=\"sm\">Materi\u00e1l v kontakte<\/td>\n<td data-col-size=\"md\" data-start=\"3452\" data-end=\"3493\">Nerezov\u00e1 oce\u013e potravin\u00e1rskej kvality<\/td>\n<\/tr>\n<tr data-start=\"3494\" data-end=\"3569\">\n<td data-start=\"3494\" data-end=\"3528\" data-col-size=\"sm\">V\u0161eobecn\u00fd materi\u00e1l<\/td>\n<td data-col-size=\"md\" data-start=\"3528\" data-end=\"3569\">Nerezov\u00e1 oce\u013e 304\/316<\/td>\n<\/tr>\n<tr data-start=\"3570\" data-end=\"3645\">\n<td data-start=\"3570\" data-end=\"3604\" data-col-size=\"sm\">Re\u017eimy prev\u00e1dzky<\/td>\n<td data-col-size=\"md\" data-start=\"3604\" data-end=\"3645\">Poloautomatick\u00fd \/ Automatick\u00fd<\/td>\n<\/tr>\n<tr data-start=\"3646\" data-end=\"3728\">\n<td data-start=\"3646\" data-end=\"3680\" data-col-size=\"sm\">Indik\u00e1tory a ovl\u00e1dacie prvky<\/td>\n<td data-col-size=\"md\" data-start=\"3680\" data-end=\"3728\">Tlakomer, regul\u00e1cia objemu a r\u00fdchlosti<\/td>\n<\/tr>\n<tr data-start=\"3729\" data-end=\"3804\">\n<td data-start=\"3729\" data-end=\"3763\" data-col-size=\"sm\">\u010cistenie a \u00fadr\u017eba<\/td>\n<td data-col-size=\"md\" data-start=\"3763\" data-end=\"3804\">Jednoduch\u00e1 demont\u00e1\u017e a \u010distenie<\/td>\n<\/tr>\n<tr data-start=\"3805\" data-end=\"3881\">\n<td data-start=\"3805\" data-end=\"3839\" data-col-size=\"sm\">Certifik\u00e1cia<\/td>\n<td data-col-size=\"md\" data-start=\"3839\" data-end=\"3881\">EC<\/td>\n<\/tr>\n<tr data-start=\"3882\" data-end=\"3958\">\n<td data-start=\"3882\" data-end=\"3916\" data-col-size=\"sm\">Z\u00e1ruka<\/td>\n<td data-col-size=\"md\" data-start=\"3916\" data-end=\"3958\">2 roky<\/td>\n<\/tr>\n<tr data-start=\"3959\" data-end=\"4035\">\n<td data-start=\"3959\" data-end=\"3993\" data-col-size=\"sm\">Technick\u00e1 podpora<\/td>\n<td data-col-size=\"md\" data-start=\"3993\" data-end=\"4035\">Vr\u00e1tane<\/td>\n<\/tr>\n<\/tbody>\n<\/table>\n<div class=\"sticky end-(--thread-content-margin) h-0 self-end select-none\">\n<div class=\"absolute end-0 flex items-end\"><\/div>\n<\/div>\n<\/div>\n<\/div>\n<p>&nbsp;<\/p>","protected":false},"excerpt":{"rendered":"<h2>D\u00e1vkovac\u00ed, plniaci, plniaci stroj s metli\u010dkou 500 ml? 5000 ml<\/h2>\n<p><b>Plni\u010dka na prac\u00ed prostriedok, chemik\u00e1lie, d\u017eemy<\/b>\u00a0ve\u013emi visk\u00f3zny poloautomatick\u00fd, poh\u00e1\u0148an\u00fd pneumatick\u00fdm piestom, vyroben\u00fd z materi\u00e1lov najvy\u0161\u0161ej kvality. Vybaven\u00fd piatimi ventilmi, ktor\u00e9 riadia tok produktov. Kon\u0161trukcia s vynikaj\u00facim dizajnom a v\u0161etky modely sa \u013eahko ovl\u00e1daj\u00fa. Pou\u017eit\u00e9 pneumatick\u00e9 komponenty s\u00fa vyroben\u00e9 v Nemecku a na Taiwane. V\u0161etky pou\u017eit\u00e9 kontaktn\u00e9 materi\u00e1ly s\u00fa z nehrdzavej\u00facej ocele 316 v s\u00falade s po\u017eiadavkami GMP. Mno\u017estvo objemu a r\u00fdchlos\u0165 plnenia je mo\u017en\u00e9 regulova\u0165 s ve\u013ekou presnos\u0165ou.<\/p>","protected":false},"featured_media":3632,"comment_status":"open","ping_status":"closed","template":"","meta":{"wds_primary_product_brand":0,"wds_primary_product_cat":0},"product_brand":[],"product_cat":[18,19,321,21],"product_tag":[],"class_list":{"0":"post-3631","1":"product","2":"type-product","3":"status-publish","4":"has-post-thumbnail","6":"product_cat-dosificadoras","7":"product_cat-dosificadoras-de-liquidos","8":"product_cat-llenadoras-de-piston","9":"product_cat-maquinas-llenadoras","10":"product_shipping_class-express","12":"first","13":"instock","14":"sale","15":"taxable","16":"shipping-taxable","17":"purchasable","18":"product-type-simple"},"yoast_head":"<!-- This site is optimized with the Yoast SEO Premium plugin v24.9 (Yoast SEO v26.1) - https:\/\/yoast.com\/wordpress\/plugins\/seo\/ -->\n<title>Embotelladora l\u00edquidos viscosos, aceite, detergente, 500 a 5000ml - distribuci\u00f3n ARC<\/title>\n<meta name=\"robots\" content=\"index, follow, max-snippet:-1, max-image-preview:large, max-video-preview:-1\" \/>\n<link rel=\"canonical\" href=\"https:\/\/www.distribucionarc.com\/lt\/producto\/embotelladora-liquidos-viscosos-aceite-detergente-500-a-5000ml\/\" \/>\n<meta property=\"og:locale\" content=\"sk_SK\" \/>\n<meta property=\"og:type\" content=\"article\" \/>\n<meta property=\"og:title\" content=\"Embotelladora l\u00edquidos viscosos, aceite, detergente, 500 a 5000ml\" \/>\n<meta property=\"og:description\" content=\"Dosificadora, Embotelladora, Llenadora con Batidor 500 ml ? 5000 ml M\u00e1quina para llenado detergente, qu\u00edmicos, mermeladas\u00a0muy viscosos semiautom\u00e1tica, impulsada por un pist\u00f3n neum\u00e1tico, fabricada con materiales de primera calidad. Equipada con cinco v\u00e1lvulas que controlan el flujo de los productos. Estructura con dise\u00f1o superior y todos los modelos son f\u00e1ciles de operar. Los componentes neum\u00e1ticos utilizados son hechos en Alemania y Taiwan. Todos los materiales de contacto utilizados, son de acero inoxidable 316 de acuerdo con los requisitos de GMP. La cantidad de volumen y la velocidad de llenado pueden ser regulados con una gran precisi\u00f3n.\" \/>\n<meta property=\"og:url\" content=\"https:\/\/www.distribucionarc.com\/lt\/producto\/embotelladora-liquidos-viscosos-aceite-detergente-500-a-5000ml\/\" \/>\n<meta property=\"og:site_name\" content=\"distribuci\u00f3n ARC\" \/>\n<meta property=\"article:modified_time\" content=\"2025-05-08T20:48:16+00:00\" \/>\n<meta property=\"og:image\" content=\"https:\/\/www.distribucionarc.com\/wp-content\/uploads\/2020\/10\/Dosificadora-Embotelladora-Llenadora-con-Batidor-500-ml-3000-ml-0.jpg\" \/>\n\t<meta property=\"og:image:width\" content=\"1600\" \/>\n\t<meta property=\"og:image:height\" content=\"1600\" \/>\n\t<meta property=\"og:image:type\" content=\"image\/jpeg\" \/>\n<meta name=\"twitter:card\" content=\"summary_large_image\" \/>\n<meta name=\"twitter:label1\" content=\"Predpokladan\u00fd \u010das \u010d\u00edtania\" \/>\n\t<meta name=\"twitter:data1\" content=\"2 min\u00faty\" \/>\n<script type=\"application\/ld+json\" class=\"yoast-schema-graph\">{\"@context\":\"https:\/\/schema.org\",\"@graph\":[{\"@type\":\"WebPage\",\"@id\":\"https:\/\/www.distribucionarc.com\/lt\/producto\/embotelladora-liquidos-viscosos-aceite-detergente-500-a-5000ml\/\",\"url\":\"https:\/\/www.distribucionarc.com\/lt\/producto\/embotelladora-liquidos-viscosos-aceite-detergente-500-a-5000ml\/\",\"name\":\"Embotelladora l\u00edquidos viscosos, aceite, detergente, 500 a 5000ml - distribuci\u00f3n ARC\",\"isPartOf\":{\"@id\":\"https:\/\/distribucionarc.com\/ar\/#website\"},\"primaryImageOfPage\":{\"@id\":\"https:\/\/www.distribucionarc.com\/lt\/producto\/embotelladora-liquidos-viscosos-aceite-detergente-500-a-5000ml\/#primaryimage\"},\"image\":{\"@id\":\"https:\/\/www.distribucionarc.com\/lt\/producto\/embotelladora-liquidos-viscosos-aceite-detergente-500-a-5000ml\/#primaryimage\"},\"thumbnailUrl\":\"https:\/\/distribucionarc.com\/wp-content\/uploads\/2020\/10\/Dosificadora-Embotelladora-Llenadora-con-Batidor-500-ml-3000-ml-0.jpg\",\"datePublished\":\"2020-10-05T14:55:53+00:00\",\"dateModified\":\"2025-05-08T20:48:16+00:00\",\"breadcrumb\":{\"@id\":\"https:\/\/www.distribucionarc.com\/lt\/producto\/embotelladora-liquidos-viscosos-aceite-detergente-500-a-5000ml\/#breadcrumb\"},\"inLanguage\":\"sk-SK\",\"potentialAction\":[{\"@type\":\"ReadAction\",\"target\":[\"https:\/\/www.distribucionarc.com\/lt\/producto\/embotelladora-liquidos-viscosos-aceite-detergente-500-a-5000ml\/\"]}]},{\"@type\":\"ImageObject\",\"inLanguage\":\"sk-SK\",\"@id\":\"https:\/\/www.distribucionarc.com\/lt\/producto\/embotelladora-liquidos-viscosos-aceite-detergente-500-a-5000ml\/#primaryimage\",\"url\":\"https:\/\/distribucionarc.com\/wp-content\/uploads\/2020\/10\/Dosificadora-Embotelladora-Llenadora-con-Batidor-500-ml-3000-ml-0.jpg\",\"contentUrl\":\"https:\/\/distribucionarc.com\/wp-content\/uploads\/2020\/10\/Dosificadora-Embotelladora-Llenadora-con-Batidor-500-ml-3000-ml-0.jpg\",\"width\":1600,\"height\":1600,\"caption\":\"Dosificadora, Embotelladora, Llenadora con Batidor 500 ml 3000 ml\"},{\"@type\":\"BreadcrumbList\",\"@id\":\"https:\/\/www.distribucionarc.com\/lt\/producto\/embotelladora-liquidos-viscosos-aceite-detergente-500-a-5000ml\/#breadcrumb\",\"itemListElement\":[{\"@type\":\"ListItem\",\"position\":1,\"name\":\"Portada\",\"item\":\"https:\/\/www.distribucionarc.com\/pt\/\"},{\"@type\":\"ListItem\",\"position\":2,\"name\":\"Produtos\",\"item\":\"https:\/\/www.distribucionarc.com\/pt\/shop\/\"},{\"@type\":\"ListItem\",\"position\":3,\"name\":\"Embotelladora l\u00edquidos viscosos, aceite, detergente, 500 a 5000ml\"}]},{\"@type\":\"WebSite\",\"@id\":\"https:\/\/distribucionarc.com\/ar\/#website\",\"url\":\"https:\/\/distribucionarc.com\/ar\/\",\"name\":\"distribuci\u00f3n ARC\",\"description\":\"Empresa especializada en la fabricaci\u00f3n y distribuci\u00f3n de maquinaria industrial, selladoras de latas, Maquinas de hacer pastillas, Maquinas de cortar carne...\",\"publisher\":{\"@id\":\"https:\/\/distribucionarc.com\/ar\/#organization\"},\"potentialAction\":[{\"@type\":\"SearchAction\",\"target\":{\"@type\":\"EntryPoint\",\"urlTemplate\":\"https:\/\/distribucionarc.com\/ar\/?s={search_term_string}\"},\"query-input\":{\"@type\":\"PropertyValueSpecification\",\"valueRequired\":true,\"valueName\":\"search_term_string\"}}],\"inLanguage\":\"sk-SK\"},{\"@type\":\"Organization\",\"@id\":\"https:\/\/distribucionarc.com\/ar\/#organization\",\"name\":\"Distribuci\u00f3n ARC\",\"url\":\"https:\/\/distribucionarc.com\/ar\/\",\"logo\":{\"@type\":\"ImageObject\",\"inLanguage\":\"sk-SK\",\"@id\":\"https:\/\/distribucionarc.com\/ar\/#\/schema\/logo\/image\/\",\"url\":\"https:\/\/distribucionarc.com\/wp-content\/uploads\/2024\/10\/distribucion-ARC-COLOR-SIN-FONDO-e1732295305345.png\",\"contentUrl\":\"https:\/\/distribucionarc.com\/wp-content\/uploads\/2024\/10\/distribucion-ARC-COLOR-SIN-FONDO-e1732295305345.png\",\"width\":1164,\"height\":558,\"caption\":\"Distribuci\u00f3n ARC\"},\"image\":{\"@id\":\"https:\/\/distribucionarc.com\/ar\/#\/schema\/logo\/image\/\"},\"description\":\"Empresa especializada en la fabricaci\u00f3n y distribuci\u00f3n de maquinaria industrial para los sectores alimentario y farmac\u00e9utico. Nos especializamos en: M\u00e1quinas de cortar carne Fabricaci\u00f3n de comprimidos Sistemas de transporte industrial L\u00edneas de embotellado Dosificadores Y mucho m\u00e1s... Ofrecemos soluciones innovadoras y personalizadas para optimizar los procesos productivos de tu empresa.\",\"email\":\"Admistracion@distribucionarc.com\",\"telephone\":\"+34 643496664\",\"legalName\":\"ARC TECH SOLUTIONS\",\"foundingDate\":\"2024-04-09\",\"vatID\":\"B55480172\",\"numberOfEmployees\":{\"@type\":\"QuantitativeValue\",\"minValue\":\"1\",\"maxValue\":\"10\"}}]}<\/script>\n<!-- \/ Yoast SEO Premium plugin. -->","yoast_head_json":{"title":"Plniaci stroj na visk\u00f3zne kvapaliny, olej, \u010distiaci prostriedok, 500 a\u017e 5000 ml - ARC rozvod","robots":{"index":"index","follow":"follow","max-snippet":"max-snippet:-1","max-image-preview":"max-image-preview:large","max-video-preview":"max-video-preview:-1"},"canonical":"https:\/\/www.distribucionarc.com\/lt\/producto\/embotelladora-liquidos-viscosos-aceite-detergente-500-a-5000ml\/","og_locale":"sk_SK","og_type":"article","og_title":"Embotelladora l\u00edquidos viscosos, aceite, detergente, 500 a 5000ml","og_description":"Dosificadora, Embotelladora, Llenadora con Batidor 500 ml ? 5000 ml M\u00e1quina para llenado detergente, qu\u00edmicos, mermeladas\u00a0muy viscosos semiautom\u00e1tica, impulsada por un pist\u00f3n neum\u00e1tico, fabricada con materiales de primera calidad. Equipada con cinco v\u00e1lvulas que controlan el flujo de los productos. Estructura con dise\u00f1o superior y todos los modelos son f\u00e1ciles de operar. Los componentes neum\u00e1ticos utilizados son hechos en Alemania y Taiwan. Todos los materiales de contacto utilizados, son de acero inoxidable 316 de acuerdo con los requisitos de GMP. La cantidad de volumen y la velocidad de llenado pueden ser regulados con una gran precisi\u00f3n.","og_url":"https:\/\/www.distribucionarc.com\/lt\/producto\/embotelladora-liquidos-viscosos-aceite-detergente-500-a-5000ml\/","og_site_name":"distribuci\u00f3n ARC","article_modified_time":"2025-05-08T20:48:16+00:00","og_image":[{"width":1600,"height":1600,"url":"https:\/\/www.distribucionarc.com\/wp-content\/uploads\/2020\/10\/Dosificadora-Embotelladora-Llenadora-con-Batidor-500-ml-3000-ml-0.jpg","type":"image\/jpeg"}],"twitter_card":"summary_large_image","twitter_misc":{"Predpokladan\u00fd \u010das \u010d\u00edtania":"2 min\u00faty"},"schema":{"@context":"https:\/\/schema.org","@graph":[{"@type":"WebPage","@id":"https:\/\/www.distribucionarc.com\/lt\/producto\/embotelladora-liquidos-viscosos-aceite-detergente-500-a-5000ml\/","url":"https:\/\/www.distribucionarc.com\/lt\/producto\/embotelladora-liquidos-viscosos-aceite-detergente-500-a-5000ml\/","name":"Plniaci stroj na visk\u00f3zne kvapaliny, olej, \u010distiaci prostriedok, 500 a\u017e 5000 ml - ARC rozvod","isPartOf":{"@id":"https:\/\/distribucionarc.com\/ar\/#website"},"primaryImageOfPage":{"@id":"https:\/\/www.distribucionarc.com\/lt\/producto\/embotelladora-liquidos-viscosos-aceite-detergente-500-a-5000ml\/#primaryimage"},"image":{"@id":"https:\/\/www.distribucionarc.com\/lt\/producto\/embotelladora-liquidos-viscosos-aceite-detergente-500-a-5000ml\/#primaryimage"},"thumbnailUrl":"https:\/\/distribucionarc.com\/wp-content\/uploads\/2020\/10\/Dosificadora-Embotelladora-Llenadora-con-Batidor-500-ml-3000-ml-0.jpg","datePublished":"2020-10-05T14:55:53+00:00","dateModified":"2025-05-08T20:48:16+00:00","breadcrumb":{"@id":"https:\/\/www.distribucionarc.com\/lt\/producto\/embotelladora-liquidos-viscosos-aceite-detergente-500-a-5000ml\/#breadcrumb"},"inLanguage":"sk-SK","potentialAction":[{"@type":"ReadAction","target":["https:\/\/www.distribucionarc.com\/lt\/producto\/embotelladora-liquidos-viscosos-aceite-detergente-500-a-5000ml\/"]}]},{"@type":"ImageObject","inLanguage":"sk-SK","@id":"https:\/\/www.distribucionarc.com\/lt\/producto\/embotelladora-liquidos-viscosos-aceite-detergente-500-a-5000ml\/#primaryimage","url":"https:\/\/distribucionarc.com\/wp-content\/uploads\/2020\/10\/Dosificadora-Embotelladora-Llenadora-con-Batidor-500-ml-3000-ml-0.jpg","contentUrl":"https:\/\/distribucionarc.com\/wp-content\/uploads\/2020\/10\/Dosificadora-Embotelladora-Llenadora-con-Batidor-500-ml-3000-ml-0.jpg","width":1600,"height":1600,"caption":"Dosificadora, Embotelladora, Llenadora con Batidor 500 ml 3000 ml"},{"@type":"BreadcrumbList","@id":"https:\/\/www.distribucionarc.com\/lt\/producto\/embotelladora-liquidos-viscosos-aceite-detergente-500-a-5000ml\/#breadcrumb","itemListElement":[{"@type":"ListItem","position":1,"name":"Portada","item":"https:\/\/www.distribucionarc.com\/pt\/"},{"@type":"ListItem","position":2,"name":"Produtos","item":"https:\/\/www.distribucionarc.com\/pt\/shop\/"},{"@type":"ListItem","position":3,"name":"Embotelladora l\u00edquidos viscosos, aceite, detergente, 500 a 5000ml"}]},{"@type":"WebSite","@id":"https:\/\/distribucionarc.com\/ar\/#website","url":"https:\/\/distribucionarc.com\/ar\/","name":"ARC distrib\u00facia","description":"Spolo\u010dnos\u0165 sa \u0161pecializuje na v\u00fdrobu a distrib\u00faciu priemyseln\u00fdch strojov, strojov na uzatv\u00e1ranie plechoviek, strojov na v\u00fdrobu tabliet, strojov na porciovanie m\u00e4sa...","publisher":{"@id":"https:\/\/distribucionarc.com\/ar\/#organization"},"potentialAction":[{"@type":"SearchAction","target":{"@type":"EntryPoint","urlTemplate":"https:\/\/distribucionarc.com\/ar\/?s={search_term_string}"},"query-input":{"@type":"PropertyValueSpecification","valueRequired":true,"valueName":"search_term_string"}}],"inLanguage":"sk-SK"},{"@type":"Organization","@id":"https:\/\/distribucionarc.com\/ar\/#organization","name":"Distrib\u00facia ARC","url":"https:\/\/distribucionarc.com\/ar\/","logo":{"@type":"ImageObject","inLanguage":"sk-SK","@id":"https:\/\/distribucionarc.com\/ar\/#\/schema\/logo\/image\/","url":"https:\/\/distribucionarc.com\/wp-content\/uploads\/2024\/10\/distribucion-ARC-COLOR-SIN-FONDO-e1732295305345.png","contentUrl":"https:\/\/distribucionarc.com\/wp-content\/uploads\/2024\/10\/distribucion-ARC-COLOR-SIN-FONDO-e1732295305345.png","width":1164,"height":558,"caption":"Distribuci\u00f3n ARC"},"image":{"@id":"https:\/\/distribucionarc.com\/ar\/#\/schema\/logo\/image\/"},"description":"Spolo\u010dnos\u0165 \u0161pecializuj\u00faca sa na v\u00fdrobu a distrib\u00faciu priemyseln\u00fdch strojov pre potravin\u00e1rsky a farmaceutick\u00fd sektor. \u0160pecializujeme sa na: Stroje na kr\u00e1janie m\u00e4sa V\u00fdroba tabliet Priemyseln\u00e9 dopravn\u00e9 syst\u00e9my D\u00e1vkova\u010de na f\u013ea\u0161e A ove\u013ea viac... Pon\u00fakame inovat\u00edvne a prisp\u00f4soben\u00e9 rie\u0161enia na optimaliz\u00e1ciu v\u00fdrobn\u00fdch procesov va\u0161ej spolo\u010dnosti.","email":"Admistracion@distribucionarc.com","telephone":"+34 643496664","legalName":"ARC TECH SOLUTIONS","foundingDate":"2024-04-09","vatID":"B55480172","numberOfEmployees":{"@type":"QuantitativeValue","minValue":"1","maxValue":"10"}}]}},"_links":{"self":[{"href":"https:\/\/distribucionarc.com\/sk\/wp-json\/wp\/v2\/product\/3631","targetHints":{"allow":["GET"]}}],"collection":[{"href":"https:\/\/distribucionarc.com\/sk\/wp-json\/wp\/v2\/product"}],"about":[{"href":"https:\/\/distribucionarc.com\/sk\/wp-json\/wp\/v2\/types\/product"}],"replies":[{"embeddable":true,"href":"https:\/\/distribucionarc.com\/sk\/wp-json\/wp\/v2\/comments?post=3631"}],"version-history":[{"count":2,"href":"https:\/\/distribucionarc.com\/sk\/wp-json\/wp\/v2\/product\/3631\/revisions"}],"predecessor-version":[{"id":17469,"href":"https:\/\/distribucionarc.com\/sk\/wp-json\/wp\/v2\/product\/3631\/revisions\/17469"}],"wp:featuredmedia":[{"embeddable":true,"href":"https:\/\/distribucionarc.com\/sk\/wp-json\/wp\/v2\/media\/3632"}],"wp:attachment":[{"href":"https:\/\/distribucionarc.com\/sk\/wp-json\/wp\/v2\/media?parent=3631"}],"wp:term":[{"taxonomy":"product_brand","embeddable":true,"href":"https:\/\/distribucionarc.com\/sk\/wp-json\/wp\/v2\/product_brand?post=3631"},{"taxonomy":"product_cat","embeddable":true,"href":"https:\/\/distribucionarc.com\/sk\/wp-json\/wp\/v2\/product_cat?post=3631"},{"taxonomy":"product_tag","embeddable":true,"href":"https:\/\/distribucionarc.com\/sk\/wp-json\/wp\/v2\/product_tag?post=3631"}],"curies":[{"name":"pracovn\u00fd list","href":"https:\/\/api.w.org\/{rel}","templated":true}]}}