{"id":3666,"date":"2020-10-06T10:01:51","date_gmt":"2020-10-06T10:01:51","guid":{"rendered":"https:\/\/distribucionarc.com\/?post_type=product&#038;p=3666"},"modified":"2020-12-09T13:56:32","modified_gmt":"2020-12-09T13:56:32","slug":"elektricky-invalidny-vozik-na-vystup-po-schodoch","status":"publish","type":"product","link":"https:\/\/distribucionarc.com\/sk\/producto\/silla-ruedas-electrica-para-subir-escaleras\/","title":{"rendered":"Elektrick\u00fd invalidn\u00fd voz\u00edk na lezenie po schodoch"},"content":{"rendered":"<h3>Elektrick\u00fd invalidn\u00fd voz\u00edk na lezenie po schodoch<\/h3>\n<p>Sedadlo a operadlo\u00a0<strong>invalidn\u00fd voz\u00edk\u00a0<span style=\"color: #ff0000;\">TO<\/span><span style=\"color: #0000ff;\">R<\/span>c<\/strong>\u00a0S\u00fa nad\u00fdchan\u00e9, m\u00e4kk\u00e9 a pohodln\u00e9, tie\u017e sa \u013eahko sterilizuj\u00fa a \u010distia. Dva p\u00e1sy zais\u0165uj\u00fa bezpe\u010dnos\u0165 u\u017e\u00edvate\u013eov pri v\u00fdstupe\/dole po schodoch. Sklopn\u00e1 lak\u0165ov\u00e1 opierka a opierka n\u00f4h s\u00fa ergonomick\u00e9.  Podporuje ve\u013ek\u00fa kapacitu a\u017e 160 kg<\/p>\n<p>Gumov\u00e9 p\u00e1sy s\u00fa zhrubnut\u00e9 a pred\u013a\u017een\u00e9. Otv\u00e1raj\u00fa a zatv\u00e1raj\u00fa sa jednoducho \u013eahk\u00fdm stla\u010den\u00edm. S\u00fa navrhnut\u00e9 tak, aby p\u00f4sobili proti gravit\u00e1cii a spomalili zostup tren\u00edm; Tieto vykon\u00e1vaj\u00fa trec\u00ed pohyb poh\u00e1\u0148an\u00fd 120W motorom pre minim\u00e1lnu n\u00e1mahu a v\u00e4\u010d\u0161iu bezpe\u010dnos\u0165. M\u00e1 24V l\u00edtiov\u00fa bat\u00e9riu, ktor\u00e1 dok\u00e1\u017ee prejs\u0165 15-kr\u00e1t 15-kr\u00e1t pri maxim\u00e1lnom v\u00fdkone hore a dole, \u010do v\u00e1m poskytne <strong><span style=\"color: #008000;\"> Trvanie 2-3 hodiny<\/span><\/strong>. Koles\u00e1 s\u00fa vyroben\u00e9 z gumy, s\u00fa odoln\u00e9 proti po\u0161kriabaniu a trv\u00e1cnos\u0165.<\/p>\n<p>Zadn\u00e1 strana\u00a0<strong>evakua\u010dn\u00e9 kreslo\u00a0<span style=\"color: #ff0000;\">TO<\/span><span style=\"color: #0000ff;\">R<\/span>CSRE2<\/strong>\u00a0Je navrhnut\u00fd s dvomi zlo\u017een\u00fdmi rukov\u00e4\u0165ami, ktor\u00e9 sa zaistia v danej polohe, \u010do umo\u017e\u0148uje oper\u00e1torom proti\u0161mykov\u00e9 rukov\u00e4te pre bezpe\u010dn\u00fa manipul\u00e1ciu a \u013eahk\u00e9 riadenie. Predn\u00e9 madl\u00e1 s\u00fa zas\u00favate\u013en\u00e9 stla\u010den\u00edm \u010derven\u00e9ho tla\u010didla, sl\u00fa\u017eiaceho na zdvihnutie kresla.<\/p>\n<h6><strong>Z\u00e1ruka\u00a0<\/strong><span style=\"color: #ff0000;\"><strong>TO<\/strong><\/span><span style=\"color: #0000ff;\"><strong>R<\/strong><\/span><strong>C 2 ROKY<\/strong><\/h6>\n<h6><span style=\"color: #008000;\">V\u00fdkonn\u00fd elektrick\u00fd invalidn\u00fd voz\u00edk, pr\u00edkon 100W<\/span><\/h6>\n<h6><strong>vr\u00e1tane technickej podpory<\/strong><\/h6>\n<p>&nbsp;<\/p>\n<table width=\"100%\">\n<tbody>\n<tr>\n<td>chlap:<\/td>\n<td width=\"50%\">Elektrick\u00e9\/manu\u00e1lne<\/td>\n<td colspan=\"2\" width=\"327\"><\/td>\n<\/tr>\n<tr>\n<td>Krajina distrib\u00facie:<\/td>\n<td width=\"50%\">\u0160panielsko, Nemecko, USA<\/td>\n<td>Hmotnos\u0165:<\/td>\n<td width=\"50%\">30 kg<\/td>\n<\/tr>\n<tr>\n<td>Zna\u010dka:<\/td>\n<td width=\"50%\">ARC<\/td>\n<td>v\u00fd\u0161ka:<\/td>\n<td width=\"50%\">115 cm<\/td>\n<\/tr>\n<tr>\n<td>Farba:<\/td>\n<td width=\"50%\">Zelen\u00e1, \u010dierna<\/td>\n<td>Dlh\u00e9:<\/td>\n<td width=\"50%\">65 cm<\/td>\n<\/tr>\n<tr>\n<td>Typ produktu:<\/td>\n<td width=\"50%\">schodiskov\u00fd invalidn\u00fd voz\u00edk<\/td>\n<td>\u0160irok\u00e1:<\/td>\n<td width=\"50%\">50 cm<\/td>\n<\/tr>\n<tr>\n<td>\u010c\u00edslo v\u00fdrobcu:<\/td>\n<td width=\"50%\">ARCSRE2<\/td>\n<td>Typ lezca:<\/td>\n<td width=\"50%\">spevnen\u00e9 trate<\/td>\n<\/tr>\n<tr>\n<td>Materi\u00e1l:<\/td>\n<td width=\"50%\">\u00a0Zliatina hlin\u00edka, zosilnen\u00e1 guma, v\u00fdkonn\u00fd motor<\/td>\n<td>Maxim\u00e1lna v\u00fd\u0161ka:<\/td>\n<td width=\"50%\">162 cm<\/td>\n<\/tr>\n<tr>\n<td>Z\u00e1ruka:<\/td>\n<td width=\"50%\">2 ROKY<\/td>\n<td>Materi\u00e1l sedadla:<\/td>\n<td width=\"50%\">Polstrovan\u00e1 pena<\/td>\n<\/tr>\n<tr>\n<td>In\u0161tala\u010dn\u00e9 n\u00e1stroje:<\/td>\n<td width=\"50%\">\u00c1no<\/td>\n<td>Materi\u00e1l kolies:<\/td>\n<td width=\"50%\">guma<\/td>\n<\/tr>\n<\/tbody>\n<\/table>\n<h6><\/h6>","protected":false},"excerpt":{"rendered":"<h2>Elektrick\u00fd invalidn\u00fd voz\u00edk na lezenie po schodoch<\/h2>\n<p>S t\u00fdmto\u00a0<strong>elektrick\u00fd invalidn\u00fd voz\u00edk <span style=\"color: #ff0000;\">TO<\/span><span style=\"color: #0000ff;\">R<\/span>c<\/strong> Pacientov m\u00f4\u017eete prepravova\u0165 cez stiesnen\u00e9 priestory a hore alebo dole po schodoch, bezpe\u010dne a efekt\u00edvne, v\u010faka <strong>V\u00fdkonn\u00fd 120W motor<\/strong> m\u00f4\u017ee zv\u00fd\u0161i\u0165 bezpe\u010dnos\u0165 prepravy pre pou\u017e\u00edvate\u013ea stoli\u010dky aj pre osobu zodpovedn\u00fa za jej vykon\u00e1vanie. Vybaven\u00fd pevn\u00fdm hlin\u00edkov\u00fdm r\u00e1mom je dostato\u010dne pevn\u00fd, aby udr\u017eal a\u017e <strong>160 kg<\/strong>. Bezpe\u010dnostn\u00fd p\u00e1s tela a \u010fal\u0161ie ergonomick\u00e9 dizajny zais\u0165uj\u00fa pohodlie a bezpe\u010dnos\u0165 pou\u017e\u00edvate\u013eov. Rukov\u00e4te s r\u00f4znymi funkciami v\u00e1m umo\u017e\u0148uj\u00fa man\u00e9vrova\u0165\u00a0<strong>schodiskov\u00e1 stoli\u010dka<\/strong>\u00a0\u013eahko.<\/p>\n<h6><strong>Z\u00e1ruka\u00a0<\/strong><span style=\"color: #ff0000;\"><strong>TO<\/strong><\/span><span style=\"color: #0000ff;\"><strong>R<\/strong><\/span><strong>C 2 ROKY<\/strong><\/h6>\n<h6><span style=\"color: #008000;\">V\u00fdkonn\u00fd elektrick\u00fd invalidn\u00fd voz\u00edk, pr\u00edkon 100W<\/span><\/h6>\n<h6><strong>vr\u00e1tane technickej podpory<\/strong><\/h6>","protected":false},"featured_media":3673,"comment_status":"open","ping_status":"closed","template":"","meta":{"wds_primary_product_brand":0,"wds_primary_product_cat":0},"product_brand":[],"product_cat":[69],"product_tag":[],"class_list":{"0":"post-3666","1":"product","2":"type-product","3":"status-publish","4":"has-post-thumbnail","6":"product_cat-maquinas-variadas","7":"product_shipping_class-express","9":"first","10":"instock","11":"sale","12":"taxable","13":"shipping-taxable","14":"purchasable","15":"product-type-simple"},"yoast_head":"<!-- This site is optimized with the Yoast SEO Premium plugin v24.9 (Yoast SEO v26.1) - https:\/\/yoast.com\/wordpress\/plugins\/seo\/ -->\n<title>Silla ruedas el\u00e9ctrica para subir escaleras - distribuci\u00f3n ARC<\/title>\n<meta name=\"robots\" content=\"index, follow, max-snippet:-1, max-image-preview:large, max-video-preview:-1\" \/>\n<link rel=\"canonical\" href=\"https:\/\/www.distribucionarc.com\/producto\/silla-ruedas-electrica-para-subir-escaleras\/\" \/>\n<meta property=\"og:locale\" content=\"sk_SK\" \/>\n<meta property=\"og:type\" content=\"article\" \/>\n<meta property=\"og:title\" content=\"Silla ruedas el\u00e9ctrica para subir escaleras\" \/>\n<meta property=\"og:description\" content=\"Silla ruedas el\u00e9ctrica para subir escaleras Con esta\u00a0silla de ruedas el\u00e9ctrica ARC puede transportar pacientes a trav\u00e9s de espacios reducidos y subir o bajar escaleras, de manera segura adem\u00e1s de eficiente, gracias a el potente motor de 120W puede realizar un transporte m\u00e1s seguro tanto para el usuario de la silla como para la persona a cargo de realizar el transporte. Equipada con un robusto marco de aluminio es lo suficientemente fuerte como para soportar hasta 160 Kg. El cintur\u00f3n de seguridad para el cuerpo y otros dise\u00f1os ergon\u00f3micos garantizan la comodidad y seguridad de los usuarios. Los mangos de diferentes funciones permiten maniobrar esta\u00a0silla para escaleras\u00a0f\u00e1cilmente. Garant\u00eda\u00a0ARC 2 A\u00d1OS Silla de ruedas el\u00e9ctrica eficiente,\u00a0 consumo el\u00e9ctrico 100W soporte t\u00e9cnico\u00a0incluido\" \/>\n<meta property=\"og:url\" content=\"https:\/\/www.distribucionarc.com\/producto\/silla-ruedas-electrica-para-subir-escaleras\/\" \/>\n<meta property=\"og:site_name\" content=\"distribuci\u00f3n ARC\" \/>\n<meta property=\"article:modified_time\" content=\"2020-12-09T13:56:32+00:00\" \/>\n<meta property=\"og:image\" content=\"https:\/\/distribucionarc.com\/wp-content\/uploads\/2020\/10\/Silla-ruedas-el\u00e9ctrica-para-subir-escaleras-0.jpg\" \/>\n\t<meta property=\"og:image:width\" content=\"1600\" \/>\n\t<meta property=\"og:image:height\" content=\"1600\" \/>\n\t<meta property=\"og:image:type\" content=\"image\/jpeg\" \/>\n<meta name=\"twitter:card\" content=\"summary_large_image\" \/>\n<meta name=\"twitter:label1\" content=\"Predpokladan\u00fd \u010das \u010d\u00edtania\" \/>\n\t<meta name=\"twitter:data1\" content=\"2 min\u00faty\" \/>\n<script type=\"application\/ld+json\" class=\"yoast-schema-graph\">{\"@context\":\"https:\/\/schema.org\",\"@graph\":[{\"@type\":\"WebPage\",\"@id\":\"https:\/\/www.distribucionarc.com\/producto\/silla-ruedas-electrica-para-subir-escaleras\/\",\"url\":\"https:\/\/www.distribucionarc.com\/producto\/silla-ruedas-electrica-para-subir-escaleras\/\",\"name\":\"Silla ruedas el\u00e9ctrica para subir escaleras - distribuci\u00f3n ARC\",\"isPartOf\":{\"@id\":\"https:\/\/distribucionarc.com\/ro\/#website\"},\"primaryImageOfPage\":{\"@id\":\"https:\/\/www.distribucionarc.com\/producto\/silla-ruedas-electrica-para-subir-escaleras\/#primaryimage\"},\"image\":{\"@id\":\"https:\/\/www.distribucionarc.com\/producto\/silla-ruedas-electrica-para-subir-escaleras\/#primaryimage\"},\"thumbnailUrl\":\"https:\/\/distribucionarc.com\/wp-content\/uploads\/2020\/10\/Silla-ruedas-el\u00e9ctrica-para-subir-escaleras-0.jpg\",\"datePublished\":\"2020-10-06T10:01:51+00:00\",\"dateModified\":\"2020-12-09T13:56:32+00:00\",\"breadcrumb\":{\"@id\":\"https:\/\/www.distribucionarc.com\/producto\/silla-ruedas-electrica-para-subir-escaleras\/#breadcrumb\"},\"inLanguage\":\"sk-SK\",\"potentialAction\":[{\"@type\":\"ReadAction\",\"target\":[\"https:\/\/www.distribucionarc.com\/producto\/silla-ruedas-electrica-para-subir-escaleras\/\"]}]},{\"@type\":\"ImageObject\",\"inLanguage\":\"sk-SK\",\"@id\":\"https:\/\/www.distribucionarc.com\/producto\/silla-ruedas-electrica-para-subir-escaleras\/#primaryimage\",\"url\":\"https:\/\/distribucionarc.com\/wp-content\/uploads\/2020\/10\/Silla-ruedas-el\u00e9ctrica-para-subir-escaleras-0.jpg\",\"contentUrl\":\"https:\/\/distribucionarc.com\/wp-content\/uploads\/2020\/10\/Silla-ruedas-el\u00e9ctrica-para-subir-escaleras-0.jpg\",\"width\":1600,\"height\":1600,\"caption\":\"Silla ruedas el\u00e9ctrica para subir escaleras\"},{\"@type\":\"BreadcrumbList\",\"@id\":\"https:\/\/www.distribucionarc.com\/producto\/silla-ruedas-electrica-para-subir-escaleras\/#breadcrumb\",\"itemListElement\":[{\"@type\":\"ListItem\",\"position\":1,\"name\":\"Portada\",\"item\":\"https:\/\/distribucionarc.com\/ar\/\"},{\"@type\":\"ListItem\",\"position\":2,\"name\":\"Proizvodi\",\"item\":\"https:\/\/www.distribucionarc.com\/hr\/ducan\/\"},{\"@type\":\"ListItem\",\"position\":3,\"name\":\"Silla ruedas el\u00e9ctrica para subir escaleras\"}]},{\"@type\":\"WebSite\",\"@id\":\"https:\/\/distribucionarc.com\/ro\/#website\",\"url\":\"https:\/\/distribucionarc.com\/ro\/\",\"name\":\"distribuci\u00f3n ARC\",\"description\":\"Empresa especializada en la fabricaci\u00f3n y distribuci\u00f3n de maquinaria industrial, selladoras de latas, Maquinas de hacer pastillas, Maquinas de cortar carne...\",\"publisher\":{\"@id\":\"https:\/\/distribucionarc.com\/ro\/#organization\"},\"potentialAction\":[{\"@type\":\"SearchAction\",\"target\":{\"@type\":\"EntryPoint\",\"urlTemplate\":\"https:\/\/distribucionarc.com\/ro\/?s={search_term_string}\"},\"query-input\":{\"@type\":\"PropertyValueSpecification\",\"valueRequired\":true,\"valueName\":\"search_term_string\"}}],\"inLanguage\":\"sk-SK\"},{\"@type\":\"Organization\",\"@id\":\"https:\/\/distribucionarc.com\/ro\/#organization\",\"name\":\"Distribuci\u00f3n ARC\",\"url\":\"https:\/\/distribucionarc.com\/ro\/\",\"logo\":{\"@type\":\"ImageObject\",\"inLanguage\":\"sk-SK\",\"@id\":\"https:\/\/distribucionarc.com\/ro\/#\/schema\/logo\/image\/\",\"url\":\"https:\/\/distribucionarc.com\/wp-content\/uploads\/2024\/10\/distribucion-ARC-COLOR-SIN-FONDO-e1732295305345.png\",\"contentUrl\":\"https:\/\/distribucionarc.com\/wp-content\/uploads\/2024\/10\/distribucion-ARC-COLOR-SIN-FONDO-e1732295305345.png\",\"width\":1164,\"height\":558,\"caption\":\"Distribuci\u00f3n ARC\"},\"image\":{\"@id\":\"https:\/\/distribucionarc.com\/ro\/#\/schema\/logo\/image\/\"},\"description\":\"Empresa especializada en la fabricaci\u00f3n y distribuci\u00f3n de maquinaria industrial para los sectores alimentario y farmac\u00e9utico. Nos especializamos en: M\u00e1quinas de cortar carne Fabricaci\u00f3n de comprimidos Sistemas de transporte industrial L\u00edneas de embotellado Dosificadores Y mucho m\u00e1s... Ofrecemos soluciones innovadoras y personalizadas para optimizar los procesos productivos de tu empresa.\",\"email\":\"Admistracion@distribucionarc.com\",\"telephone\":\"+34 643496664\",\"legalName\":\"ARC TECH SOLUTIONS\",\"foundingDate\":\"2024-04-09\",\"vatID\":\"B55480172\",\"numberOfEmployees\":{\"@type\":\"QuantitativeValue\",\"minValue\":\"1\",\"maxValue\":\"10\"}}]}<\/script>\n<!-- \/ Yoast SEO Premium plugin. -->","yoast_head_json":{"title":"Elektrick\u00fd invalidn\u00fd voz\u00edk na lezenie po schodoch - ARC rozvod","robots":{"index":"index","follow":"follow","max-snippet":"max-snippet:-1","max-image-preview":"max-image-preview:large","max-video-preview":"max-video-preview:-1"},"canonical":"https:\/\/www.distribucionarc.com\/producto\/silla-ruedas-electrica-para-subir-escaleras\/","og_locale":"sk_SK","og_type":"article","og_title":"Silla ruedas el\u00e9ctrica para subir escaleras","og_description":"Silla ruedas el\u00e9ctrica para subir escaleras Con esta\u00a0silla de ruedas el\u00e9ctrica ARC puede transportar pacientes a trav\u00e9s de espacios reducidos y subir o bajar escaleras, de manera segura adem\u00e1s de eficiente, gracias a el potente motor de 120W puede realizar un transporte m\u00e1s seguro tanto para el usuario de la silla como para la persona a cargo de realizar el transporte. Equipada con un robusto marco de aluminio es lo suficientemente fuerte como para soportar hasta 160 Kg. El cintur\u00f3n de seguridad para el cuerpo y otros dise\u00f1os ergon\u00f3micos garantizan la comodidad y seguridad de los usuarios. Los mangos de diferentes funciones permiten maniobrar esta\u00a0silla para escaleras\u00a0f\u00e1cilmente. Garant\u00eda\u00a0ARC 2 A\u00d1OS Silla de ruedas el\u00e9ctrica eficiente,\u00a0 consumo el\u00e9ctrico 100W soporte t\u00e9cnico\u00a0incluido","og_url":"https:\/\/www.distribucionarc.com\/producto\/silla-ruedas-electrica-para-subir-escaleras\/","og_site_name":"distribuci\u00f3n ARC","article_modified_time":"2020-12-09T13:56:32+00:00","og_image":[{"width":1600,"height":1600,"url":"https:\/\/distribucionarc.com\/wp-content\/uploads\/2020\/10\/Silla-ruedas-el\u00e9ctrica-para-subir-escaleras-0.jpg","type":"image\/jpeg"}],"twitter_card":"summary_large_image","twitter_misc":{"Predpokladan\u00fd \u010das \u010d\u00edtania":"2 min\u00faty"},"schema":{"@context":"https:\/\/schema.org","@graph":[{"@type":"WebPage","@id":"https:\/\/www.distribucionarc.com\/producto\/silla-ruedas-electrica-para-subir-escaleras\/","url":"https:\/\/www.distribucionarc.com\/producto\/silla-ruedas-electrica-para-subir-escaleras\/","name":"Elektrick\u00fd invalidn\u00fd voz\u00edk na lezenie po schodoch - ARC rozvod","isPartOf":{"@id":"https:\/\/distribucionarc.com\/ro\/#website"},"primaryImageOfPage":{"@id":"https:\/\/www.distribucionarc.com\/producto\/silla-ruedas-electrica-para-subir-escaleras\/#primaryimage"},"image":{"@id":"https:\/\/www.distribucionarc.com\/producto\/silla-ruedas-electrica-para-subir-escaleras\/#primaryimage"},"thumbnailUrl":"https:\/\/distribucionarc.com\/wp-content\/uploads\/2020\/10\/Silla-ruedas-el\u00e9ctrica-para-subir-escaleras-0.jpg","datePublished":"2020-10-06T10:01:51+00:00","dateModified":"2020-12-09T13:56:32+00:00","breadcrumb":{"@id":"https:\/\/www.distribucionarc.com\/producto\/silla-ruedas-electrica-para-subir-escaleras\/#breadcrumb"},"inLanguage":"sk-SK","potentialAction":[{"@type":"ReadAction","target":["https:\/\/www.distribucionarc.com\/producto\/silla-ruedas-electrica-para-subir-escaleras\/"]}]},{"@type":"ImageObject","inLanguage":"sk-SK","@id":"https:\/\/www.distribucionarc.com\/producto\/silla-ruedas-electrica-para-subir-escaleras\/#primaryimage","url":"https:\/\/distribucionarc.com\/wp-content\/uploads\/2020\/10\/Silla-ruedas-el\u00e9ctrica-para-subir-escaleras-0.jpg","contentUrl":"https:\/\/distribucionarc.com\/wp-content\/uploads\/2020\/10\/Silla-ruedas-el\u00e9ctrica-para-subir-escaleras-0.jpg","width":1600,"height":1600,"caption":"Silla ruedas el\u00e9ctrica para subir escaleras"},{"@type":"BreadcrumbList","@id":"https:\/\/www.distribucionarc.com\/producto\/silla-ruedas-electrica-para-subir-escaleras\/#breadcrumb","itemListElement":[{"@type":"ListItem","position":1,"name":"Portada","item":"https:\/\/distribucionarc.com\/ar\/"},{"@type":"ListItem","position":2,"name":"Proizvodi","item":"https:\/\/www.distribucionarc.com\/hr\/ducan\/"},{"@type":"ListItem","position":3,"name":"Silla ruedas el\u00e9ctrica para subir escaleras"}]},{"@type":"WebSite","@id":"https:\/\/distribucionarc.com\/ro\/#website","url":"https:\/\/distribucionarc.com\/ro\/","name":"ARC distrib\u00facia","description":"Spolo\u010dnos\u0165 sa \u0161pecializuje na v\u00fdrobu a distrib\u00faciu priemyseln\u00fdch strojov, strojov na uzatv\u00e1ranie plechoviek, strojov na v\u00fdrobu tabliet, strojov na porciovanie m\u00e4sa...","publisher":{"@id":"https:\/\/distribucionarc.com\/ro\/#organization"},"potentialAction":[{"@type":"SearchAction","target":{"@type":"EntryPoint","urlTemplate":"https:\/\/distribucionarc.com\/ro\/?s={search_term_string}"},"query-input":{"@type":"PropertyValueSpecification","valueRequired":true,"valueName":"search_term_string"}}],"inLanguage":"sk-SK"},{"@type":"Organization","@id":"https:\/\/distribucionarc.com\/ro\/#organization","name":"Distrib\u00facia ARC","url":"https:\/\/distribucionarc.com\/ro\/","logo":{"@type":"ImageObject","inLanguage":"sk-SK","@id":"https:\/\/distribucionarc.com\/ro\/#\/schema\/logo\/image\/","url":"https:\/\/distribucionarc.com\/wp-content\/uploads\/2024\/10\/distribucion-ARC-COLOR-SIN-FONDO-e1732295305345.png","contentUrl":"https:\/\/distribucionarc.com\/wp-content\/uploads\/2024\/10\/distribucion-ARC-COLOR-SIN-FONDO-e1732295305345.png","width":1164,"height":558,"caption":"Distribuci\u00f3n ARC"},"image":{"@id":"https:\/\/distribucionarc.com\/ro\/#\/schema\/logo\/image\/"},"description":"Spolo\u010dnos\u0165 \u0161pecializuj\u00faca sa na v\u00fdrobu a distrib\u00faciu priemyseln\u00fdch strojov pre potravin\u00e1rsky a farmaceutick\u00fd sektor. \u0160pecializujeme sa na: Stroje na kr\u00e1janie m\u00e4sa V\u00fdroba tabliet Priemyseln\u00e9 dopravn\u00e9 syst\u00e9my D\u00e1vkova\u010de na f\u013ea\u0161e A ove\u013ea viac... Pon\u00fakame inovat\u00edvne a prisp\u00f4soben\u00e9 rie\u0161enia na optimaliz\u00e1ciu v\u00fdrobn\u00fdch procesov va\u0161ej spolo\u010dnosti.","email":"Admistracion@distribucionarc.com","telephone":"+34 643496664","legalName":"ARC TECH SOLUTIONS","foundingDate":"2024-04-09","vatID":"B55480172","numberOfEmployees":{"@type":"QuantitativeValue","minValue":"1","maxValue":"10"}}]}},"_links":{"self":[{"href":"https:\/\/distribucionarc.com\/sk\/wp-json\/wp\/v2\/product\/3666","targetHints":{"allow":["GET"]}}],"collection":[{"href":"https:\/\/distribucionarc.com\/sk\/wp-json\/wp\/v2\/product"}],"about":[{"href":"https:\/\/distribucionarc.com\/sk\/wp-json\/wp\/v2\/types\/product"}],"replies":[{"embeddable":true,"href":"https:\/\/distribucionarc.com\/sk\/wp-json\/wp\/v2\/comments?post=3666"}],"version-history":[{"count":0,"href":"https:\/\/distribucionarc.com\/sk\/wp-json\/wp\/v2\/product\/3666\/revisions"}],"wp:featuredmedia":[{"embeddable":true,"href":"https:\/\/distribucionarc.com\/sk\/wp-json\/wp\/v2\/media\/3673"}],"wp:attachment":[{"href":"https:\/\/distribucionarc.com\/sk\/wp-json\/wp\/v2\/media?parent=3666"}],"wp:term":[{"taxonomy":"product_brand","embeddable":true,"href":"https:\/\/distribucionarc.com\/sk\/wp-json\/wp\/v2\/product_brand?post=3666"},{"taxonomy":"product_cat","embeddable":true,"href":"https:\/\/distribucionarc.com\/sk\/wp-json\/wp\/v2\/product_cat?post=3666"},{"taxonomy":"product_tag","embeddable":true,"href":"https:\/\/distribucionarc.com\/sk\/wp-json\/wp\/v2\/product_tag?post=3666"}],"curies":[{"name":"pracovn\u00fd list","href":"https:\/\/api.w.org\/{rel}","templated":true}]}}