{"id":3723,"date":"2020-10-07T09:59:20","date_gmt":"2020-10-07T09:59:20","guid":{"rendered":"https:\/\/distribucionarc.com\/?post_type=product&#038;p=3723"},"modified":"2020-10-07T09:59:20","modified_gmt":"2020-10-07T09:59:20","slug":"stroj-na-rozmnozovanie-klucov","status":"publish","type":"product","link":"https:\/\/distribucionarc.com\/sk\/producto\/maquina-duplicadora-de-llaves\/","title":{"rendered":"stroj na rozmno\u017eovanie k\u013e\u00fa\u010dov"},"content":{"rendered":"<h3>stroj na rozmno\u017eovanie k\u013e\u00fa\u010dov<\/h3>\n<p>Toto <strong>k\u013e\u00fa\u010dov\u00e1 fr\u00e9za <span style=\"color: #ff0000;\">TO<\/span><span style=\"color: #0000ff;\">R<\/span>c<\/strong> Je kompaktn\u00fd a navrhnut\u00fd z vysoko kvalitn\u00fdch materi\u00e1lov s vystu\u017eenou oce\u013eou. Manu\u00e1lne presn\u00e9 stla\u010denie pom\u00e1ha lep\u0161ie fixova\u0165 kl\u00e1vesy, aby sa urobili presn\u00e9 duplik\u00e1ty. M\u00e1 jemn\u00fa ihlu na vytvorenie r\u00f4znych h\u013abok a ozna\u010den\u00ed pre r\u00f4zne typy k\u013e\u00fa\u010dov.<\/p>\n<p>Motor z meden\u00e9ho dr\u00f4tu zais\u0165uje vysok\u00fd v\u00fdkon pri ka\u017edodennom pou\u017e\u00edvan\u00ed a tie\u017e zais\u0165uje dlh\u00fa \u017eivotnos\u0165. Toto <strong>stroj na rozmno\u017eovanie k\u013e\u00fa\u010dov <span style=\"color: #ff0000;\">TO<\/span><span style=\"color: #0000ff;\">R<\/span>CDLL368<\/strong> Je vhodn\u00fd pre \u017eeleziarstva, stol\u00e1rov, z\u00e1mo\u010dn\u00edkov a pod. Vhodn\u00e9 pre r\u00f4zne typy k\u013e\u00fa\u010dov prilo\u017een\u00fdch na obr\u00e1zkoch.<\/p>\n<h6><strong>Z\u00e1ruka\u00a0<span style=\"color: #ff0000;\">TO<\/span><span style=\"color: #0000ff;\">R<\/span>C 2 ROKY<\/strong><\/h6>\n<h6><span style=\"color: #008000;\">V\u00fdkonn\u00e1 k\u013e\u00fa\u010dov\u00e1 fr\u00e9za, n\u00edzka spotreba 120w<\/span><\/h6>\n<h6><strong>vr\u00e1tane technickej podpory<\/strong><\/h6>\n<p>&nbsp;<\/p>\n<table role=\"presentation\" width=\"100%\" cellspacing=\"0\" cellpadding=\"0\">\n<tbody>\n<tr>\n<td class=\"attrLabels\">Zna\u010dka:<\/td>\n<td width=\"50.0%\">ARC<\/td>\n<\/tr>\n<tr>\n<td class=\"attrLabels\">Krajina distrib\u00facie:<\/td>\n<td width=\"50.0%\">\u0160panielsko, Nemecko, USA<\/td>\n<td class=\"attrLabels\">Hmotnos\u0165:<\/td>\n<td width=\"50.0%\">9 kg<\/td>\n<\/tr>\n<tr>\n<td class=\"attrLabels\">Z\u00e1ruka:<\/td>\n<td width=\"50.0%\">2 roky<\/td>\n<td class=\"attrLabels\">v\u00fd\u0161ka:<\/td>\n<td width=\"50.0%\">35 cm<\/td>\n<\/tr>\n<tr>\n<td class=\"attrLabels\">Farba:<\/td>\n<td width=\"50.0%\">oran\u017eov\u00e1, strieborn\u00e1<\/td>\n<td class=\"attrLabels\">Dlh\u00e9:<\/td>\n<td width=\"50.0%\">21 cm<\/td>\n<\/tr>\n<tr>\n<td class=\"attrLabels\">Typ produktu:<\/td>\n<td width=\"50.0%\">Elektrick\u00e1 reza\u010dka l\u00e1tok<\/td>\n<td class=\"attrLabels\">\u0160irok\u00e1:<\/td>\n<td width=\"50.0%\">30 cm<\/td>\n<\/tr>\n<tr>\n<td class=\"attrLabels\">\u010c\u00edslo v\u00fdrobcu:<\/td>\n<td width=\"50.0%\">ARCMLL238<\/td>\n<td class=\"attrLabels\">V\u00fdkon:<\/td>\n<td width=\"50.0%\">120 W<\/td>\n<\/tr>\n<tr>\n<td class=\"attrLabels\">Materi\u00e1l:<\/td>\n<td width=\"50.0%\">vystu\u017een\u00e1 oce\u013e, meden\u00fd motor<\/td>\n<td class=\"attrLabels\">vstupn\u00e9 nap\u00e4tie<\/td>\n<td width=\"50.0%\">220V \u2013 60Hz<\/td>\n<\/tr>\n<tr>\n<td class=\"attrLabels\">In\u0161tala\u010dn\u00e9 n\u00e1stroje:<\/td>\n<td width=\"50.0%\">\u00c1no<\/td>\n<td class=\"attrLabels\">Vhodn\u00e9 pre:<\/td>\n<td width=\"50.0%\">Prilo\u017een\u00e9 na obr\u00e1zkoch<\/td>\n<\/tr>\n<tr>\n<td class=\"attrLabels\">Prev\u00e1dzka:<\/td>\n<td width=\"50.0%\">Elektrick\u00e9\/manu\u00e1lne<\/td>\n<td class=\"attrLabels\"><\/td>\n<td width=\"50.0%\"><\/td>\n<\/tr>\n<\/tbody>\n<\/table>","protected":false},"excerpt":{"rendered":"<h2>stroj na rozmno\u017eovanie k\u013e\u00fa\u010dov<\/h2>\n<p>Toto<strong> Stroj na kop\u00edrovanie k\u013e\u00fa\u010dov ARC<\/strong>, obsahuje jemn\u00fa ihlu na zna\u010denie, r\u00f4zne h\u013abky na vykonanie r\u00fdchleho a presn\u00e9ho procesu. Nastavte lis ru\u010dne, aby ste zabezpe\u010dili presn\u00e9 duplikovanie; Vysoko v\u00fdkonn\u00fd motor z meden\u00e9ho dr\u00f4tu zais\u0165uje r\u00fdchlu a jednoduch\u00fa obsluhu. <strong>Fr\u00e9zka na k\u013e\u00fa\u010de<\/strong> Ve\u013emi vhodn\u00e9 pre z\u00e1mo\u010dn\u00edctvo, stol\u00e1rstvo, kutilstvo, \u017eeleziarstvo a pod.<\/p>\n<h6><strong>Z\u00e1ruka\u00a0<span style=\"color: #ff0000;\">TO<\/span><span style=\"color: #0000ff;\">R<\/span>C 2 ROKY<\/strong><\/h6>\n<h6><span style=\"color: #008000;\">V\u00fdkonn\u00e1 k\u013e\u00fa\u010dov\u00e1 fr\u00e9za, n\u00edzka spotreba 120w<\/span><\/h6>\n<h6><strong>vr\u00e1tane technickej podpory<\/strong><\/h6>","protected":false},"featured_media":3735,"comment_status":"open","ping_status":"closed","template":"","meta":{"wds_primary_product_brand":0,"wds_primary_product_cat":0},"product_brand":[],"product_cat":[69,70],"product_tag":[],"class_list":{"0":"post-3723","1":"product","2":"type-product","3":"status-publish","4":"has-post-thumbnail","6":"product_cat-maquinas-variadas","7":"product_cat-talladoras-marcadoras-de-metal-grabadoras-laser","8":"product_shipping_class-hosteleria","10":"first","11":"instock","12":"sale","13":"taxable","14":"shipping-taxable","15":"purchasable","16":"product-type-simple"},"yoast_head":"<!-- This site is optimized with the Yoast SEO Premium plugin v24.9 (Yoast SEO v26.1) - https:\/\/yoast.com\/wordpress\/plugins\/seo\/ -->\n<title>M\u00e1quina duplicadora de llaves - distribuci\u00f3n ARC<\/title>\n<meta name=\"robots\" content=\"index, follow, max-snippet:-1, max-image-preview:large, max-video-preview:-1\" \/>\n<link rel=\"canonical\" href=\"https:\/\/www.distribucionarc.com\/el\/producto\/maquina-duplicadora-de-llaves\/\" \/>\n<meta property=\"og:locale\" content=\"sk_SK\" \/>\n<meta property=\"og:type\" content=\"article\" \/>\n<meta property=\"og:title\" content=\"M\u00e1quina duplicadora de llaves\" \/>\n<meta property=\"og:description\" content=\"M\u00e1quina duplicadora de llaves Esta m\u00e1quina ARC para copias de llaves, contiene una aguja fina para marcar, distintas profundidades para realizar un proceso r\u00e1pido y preciso. Ajuste la prensa manualmente para asegurar un duplicado preciso; el motor de alta potencia de alambre cobre le asegura una operaci\u00f3n r\u00e1pida y sencilla. Fresadora de llaves muy adecuada para cerrajer\u00edas, carpinter\u00edas, tiendas de bricolaje, ferreter\u00edas etc. Garant\u00eda\u00a0ARC 2 A\u00d1OS Fresadora de llaves eficiente, bajo consumo 120w soporte t\u00e9cnico incluido\" \/>\n<meta property=\"og:url\" content=\"https:\/\/www.distribucionarc.com\/el\/producto\/maquina-duplicadora-de-llaves\/\" \/>\n<meta property=\"og:site_name\" content=\"distribuci\u00f3n ARC\" \/>\n<meta property=\"og:image\" content=\"https:\/\/distribucionarc.com\/wp-content\/uploads\/2020\/10\/M\u00e1quina-duplicadora-de-llaves-0.jpg\" \/>\n\t<meta property=\"og:image:width\" content=\"800\" \/>\n\t<meta property=\"og:image:height\" content=\"800\" \/>\n\t<meta property=\"og:image:type\" content=\"image\/jpeg\" \/>\n<meta name=\"twitter:card\" content=\"summary_large_image\" \/>\n<meta name=\"twitter:label1\" content=\"Predpokladan\u00fd \u010das \u010d\u00edtania\" \/>\n\t<meta name=\"twitter:data1\" content=\"1 min\u00fata\" \/>\n<script type=\"application\/ld+json\" class=\"yoast-schema-graph\">{\"@context\":\"https:\/\/schema.org\",\"@graph\":[{\"@type\":\"WebPage\",\"@id\":\"https:\/\/www.distribucionarc.com\/el\/producto\/maquina-duplicadora-de-llaves\/\",\"url\":\"https:\/\/www.distribucionarc.com\/el\/producto\/maquina-duplicadora-de-llaves\/\",\"name\":\"M\u00e1quina duplicadora de llaves - distribuci\u00f3n ARC\",\"isPartOf\":{\"@id\":\"https:\/\/distribucionarc.com\/bg\/#website\"},\"primaryImageOfPage\":{\"@id\":\"https:\/\/www.distribucionarc.com\/el\/producto\/maquina-duplicadora-de-llaves\/#primaryimage\"},\"image\":{\"@id\":\"https:\/\/www.distribucionarc.com\/el\/producto\/maquina-duplicadora-de-llaves\/#primaryimage\"},\"thumbnailUrl\":\"https:\/\/distribucionarc.com\/wp-content\/uploads\/2020\/10\/M\u00e1quina-duplicadora-de-llaves-0.jpg\",\"datePublished\":\"2020-10-07T09:59:20+00:00\",\"breadcrumb\":{\"@id\":\"https:\/\/www.distribucionarc.com\/el\/producto\/maquina-duplicadora-de-llaves\/#breadcrumb\"},\"inLanguage\":\"sk-SK\",\"potentialAction\":[{\"@type\":\"ReadAction\",\"target\":[\"https:\/\/www.distribucionarc.com\/el\/producto\/maquina-duplicadora-de-llaves\/\"]}]},{\"@type\":\"ImageObject\",\"inLanguage\":\"sk-SK\",\"@id\":\"https:\/\/www.distribucionarc.com\/el\/producto\/maquina-duplicadora-de-llaves\/#primaryimage\",\"url\":\"https:\/\/distribucionarc.com\/wp-content\/uploads\/2020\/10\/M\u00e1quina-duplicadora-de-llaves-0.jpg\",\"contentUrl\":\"https:\/\/distribucionarc.com\/wp-content\/uploads\/2020\/10\/M\u00e1quina-duplicadora-de-llaves-0.jpg\",\"width\":800,\"height\":800,\"caption\":\"M\u00e1quina duplicadora de llaves\"},{\"@type\":\"BreadcrumbList\",\"@id\":\"https:\/\/www.distribucionarc.com\/el\/producto\/maquina-duplicadora-de-llaves\/#breadcrumb\",\"itemListElement\":[{\"@type\":\"ListItem\",\"position\":1,\"name\":\"Portada\",\"item\":\"https:\/\/distribucionarc.com\/nb\/\"},{\"@type\":\"ListItem\",\"position\":2,\"name\":\"Products\",\"item\":\"https:\/\/www.distribucionarc.com\/en\/shop\/\"},{\"@type\":\"ListItem\",\"position\":3,\"name\":\"M\u00e1quina duplicadora de llaves\"}]},{\"@type\":\"WebSite\",\"@id\":\"https:\/\/distribucionarc.com\/bg\/#website\",\"url\":\"https:\/\/distribucionarc.com\/bg\/\",\"name\":\"distribuci\u00f3n ARC\",\"description\":\"Empresa especializada en la fabricaci\u00f3n y distribuci\u00f3n de maquinaria industrial, selladoras de latas, Maquinas de hacer pastillas, Maquinas de cortar carne...\",\"publisher\":{\"@id\":\"https:\/\/distribucionarc.com\/bg\/#organization\"},\"potentialAction\":[{\"@type\":\"SearchAction\",\"target\":{\"@type\":\"EntryPoint\",\"urlTemplate\":\"https:\/\/distribucionarc.com\/bg\/?s={search_term_string}\"},\"query-input\":{\"@type\":\"PropertyValueSpecification\",\"valueRequired\":true,\"valueName\":\"search_term_string\"}}],\"inLanguage\":\"sk-SK\"},{\"@type\":\"Organization\",\"@id\":\"https:\/\/distribucionarc.com\/bg\/#organization\",\"name\":\"Distribuci\u00f3n ARC\",\"url\":\"https:\/\/distribucionarc.com\/bg\/\",\"logo\":{\"@type\":\"ImageObject\",\"inLanguage\":\"sk-SK\",\"@id\":\"https:\/\/distribucionarc.com\/bg\/#\/schema\/logo\/image\/\",\"url\":\"https:\/\/distribucionarc.com\/wp-content\/uploads\/2024\/10\/distribucion-ARC-COLOR-SIN-FONDO-e1732295305345.png\",\"contentUrl\":\"https:\/\/distribucionarc.com\/wp-content\/uploads\/2024\/10\/distribucion-ARC-COLOR-SIN-FONDO-e1732295305345.png\",\"width\":1164,\"height\":558,\"caption\":\"Distribuci\u00f3n ARC\"},\"image\":{\"@id\":\"https:\/\/distribucionarc.com\/bg\/#\/schema\/logo\/image\/\"},\"description\":\"Empresa especializada en la fabricaci\u00f3n y distribuci\u00f3n de maquinaria industrial para los sectores alimentario y farmac\u00e9utico. Nos especializamos en: M\u00e1quinas de cortar carne Fabricaci\u00f3n de comprimidos Sistemas de transporte industrial L\u00edneas de embotellado Dosificadores Y mucho m\u00e1s... Ofrecemos soluciones innovadoras y personalizadas para optimizar los procesos productivos de tu empresa.\",\"email\":\"Admistracion@distribucionarc.com\",\"telephone\":\"+34 643496664\",\"legalName\":\"ARC TECH SOLUTIONS\",\"foundingDate\":\"2024-04-09\",\"vatID\":\"B55480172\",\"numberOfEmployees\":{\"@type\":\"QuantitativeValue\",\"minValue\":\"1\",\"maxValue\":\"10\"}}]}<\/script>\n<!-- \/ Yoast SEO Premium plugin. -->","yoast_head_json":{"title":"Stroj na rozmno\u017eovanie k\u013e\u00fa\u010dov - distrib\u00facia ARC","robots":{"index":"index","follow":"follow","max-snippet":"max-snippet:-1","max-image-preview":"max-image-preview:large","max-video-preview":"max-video-preview:-1"},"canonical":"https:\/\/www.distribucionarc.com\/el\/producto\/maquina-duplicadora-de-llaves\/","og_locale":"sk_SK","og_type":"article","og_title":"M\u00e1quina duplicadora de llaves","og_description":"M\u00e1quina duplicadora de llaves Esta m\u00e1quina ARC para copias de llaves, contiene una aguja fina para marcar, distintas profundidades para realizar un proceso r\u00e1pido y preciso. Ajuste la prensa manualmente para asegurar un duplicado preciso; el motor de alta potencia de alambre cobre le asegura una operaci\u00f3n r\u00e1pida y sencilla. Fresadora de llaves muy adecuada para cerrajer\u00edas, carpinter\u00edas, tiendas de bricolaje, ferreter\u00edas etc. Garant\u00eda\u00a0ARC 2 A\u00d1OS Fresadora de llaves eficiente, bajo consumo 120w soporte t\u00e9cnico incluido","og_url":"https:\/\/www.distribucionarc.com\/el\/producto\/maquina-duplicadora-de-llaves\/","og_site_name":"distribuci\u00f3n ARC","og_image":[{"width":800,"height":800,"url":"https:\/\/distribucionarc.com\/wp-content\/uploads\/2020\/10\/M\u00e1quina-duplicadora-de-llaves-0.jpg","type":"image\/jpeg"}],"twitter_card":"summary_large_image","twitter_misc":{"Predpokladan\u00fd \u010das \u010d\u00edtania":"1 min\u00fata"},"schema":{"@context":"https:\/\/schema.org","@graph":[{"@type":"WebPage","@id":"https:\/\/www.distribucionarc.com\/el\/producto\/maquina-duplicadora-de-llaves\/","url":"https:\/\/www.distribucionarc.com\/el\/producto\/maquina-duplicadora-de-llaves\/","name":"Stroj na rozmno\u017eovanie k\u013e\u00fa\u010dov - distrib\u00facia ARC","isPartOf":{"@id":"https:\/\/distribucionarc.com\/bg\/#website"},"primaryImageOfPage":{"@id":"https:\/\/www.distribucionarc.com\/el\/producto\/maquina-duplicadora-de-llaves\/#primaryimage"},"image":{"@id":"https:\/\/www.distribucionarc.com\/el\/producto\/maquina-duplicadora-de-llaves\/#primaryimage"},"thumbnailUrl":"https:\/\/distribucionarc.com\/wp-content\/uploads\/2020\/10\/M\u00e1quina-duplicadora-de-llaves-0.jpg","datePublished":"2020-10-07T09:59:20+00:00","breadcrumb":{"@id":"https:\/\/www.distribucionarc.com\/el\/producto\/maquina-duplicadora-de-llaves\/#breadcrumb"},"inLanguage":"sk-SK","potentialAction":[{"@type":"ReadAction","target":["https:\/\/www.distribucionarc.com\/el\/producto\/maquina-duplicadora-de-llaves\/"]}]},{"@type":"ImageObject","inLanguage":"sk-SK","@id":"https:\/\/www.distribucionarc.com\/el\/producto\/maquina-duplicadora-de-llaves\/#primaryimage","url":"https:\/\/distribucionarc.com\/wp-content\/uploads\/2020\/10\/M\u00e1quina-duplicadora-de-llaves-0.jpg","contentUrl":"https:\/\/distribucionarc.com\/wp-content\/uploads\/2020\/10\/M\u00e1quina-duplicadora-de-llaves-0.jpg","width":800,"height":800,"caption":"M\u00e1quina duplicadora de llaves"},{"@type":"BreadcrumbList","@id":"https:\/\/www.distribucionarc.com\/el\/producto\/maquina-duplicadora-de-llaves\/#breadcrumb","itemListElement":[{"@type":"ListItem","position":1,"name":"Portada","item":"https:\/\/distribucionarc.com\/nb\/"},{"@type":"ListItem","position":2,"name":"Products","item":"https:\/\/www.distribucionarc.com\/en\/shop\/"},{"@type":"ListItem","position":3,"name":"M\u00e1quina duplicadora de llaves"}]},{"@type":"WebSite","@id":"https:\/\/distribucionarc.com\/bg\/#website","url":"https:\/\/distribucionarc.com\/bg\/","name":"ARC distrib\u00facia","description":"Spolo\u010dnos\u0165 sa \u0161pecializuje na v\u00fdrobu a distrib\u00faciu priemyseln\u00fdch strojov, strojov na uzatv\u00e1ranie plechoviek, strojov na v\u00fdrobu tabliet, strojov na porciovanie m\u00e4sa...","publisher":{"@id":"https:\/\/distribucionarc.com\/bg\/#organization"},"potentialAction":[{"@type":"SearchAction","target":{"@type":"EntryPoint","urlTemplate":"https:\/\/distribucionarc.com\/bg\/?s={search_term_string}"},"query-input":{"@type":"PropertyValueSpecification","valueRequired":true,"valueName":"search_term_string"}}],"inLanguage":"sk-SK"},{"@type":"Organization","@id":"https:\/\/distribucionarc.com\/bg\/#organization","name":"Distrib\u00facia ARC","url":"https:\/\/distribucionarc.com\/bg\/","logo":{"@type":"ImageObject","inLanguage":"sk-SK","@id":"https:\/\/distribucionarc.com\/bg\/#\/schema\/logo\/image\/","url":"https:\/\/distribucionarc.com\/wp-content\/uploads\/2024\/10\/distribucion-ARC-COLOR-SIN-FONDO-e1732295305345.png","contentUrl":"https:\/\/distribucionarc.com\/wp-content\/uploads\/2024\/10\/distribucion-ARC-COLOR-SIN-FONDO-e1732295305345.png","width":1164,"height":558,"caption":"Distribuci\u00f3n ARC"},"image":{"@id":"https:\/\/distribucionarc.com\/bg\/#\/schema\/logo\/image\/"},"description":"Spolo\u010dnos\u0165 \u0161pecializuj\u00faca sa na v\u00fdrobu a distrib\u00faciu priemyseln\u00fdch strojov pre potravin\u00e1rsky a farmaceutick\u00fd sektor. \u0160pecializujeme sa na: Stroje na kr\u00e1janie m\u00e4sa V\u00fdroba tabliet Priemyseln\u00e9 dopravn\u00e9 syst\u00e9my D\u00e1vkova\u010de na f\u013ea\u0161e A ove\u013ea viac... Pon\u00fakame inovat\u00edvne a prisp\u00f4soben\u00e9 rie\u0161enia na optimaliz\u00e1ciu v\u00fdrobn\u00fdch procesov va\u0161ej spolo\u010dnosti.","email":"Admistracion@distribucionarc.com","telephone":"+34 643496664","legalName":"ARC TECH SOLUTIONS","foundingDate":"2024-04-09","vatID":"B55480172","numberOfEmployees":{"@type":"QuantitativeValue","minValue":"1","maxValue":"10"}}]}},"_links":{"self":[{"href":"https:\/\/distribucionarc.com\/sk\/wp-json\/wp\/v2\/product\/3723","targetHints":{"allow":["GET"]}}],"collection":[{"href":"https:\/\/distribucionarc.com\/sk\/wp-json\/wp\/v2\/product"}],"about":[{"href":"https:\/\/distribucionarc.com\/sk\/wp-json\/wp\/v2\/types\/product"}],"replies":[{"embeddable":true,"href":"https:\/\/distribucionarc.com\/sk\/wp-json\/wp\/v2\/comments?post=3723"}],"version-history":[{"count":0,"href":"https:\/\/distribucionarc.com\/sk\/wp-json\/wp\/v2\/product\/3723\/revisions"}],"wp:featuredmedia":[{"embeddable":true,"href":"https:\/\/distribucionarc.com\/sk\/wp-json\/wp\/v2\/media\/3735"}],"wp:attachment":[{"href":"https:\/\/distribucionarc.com\/sk\/wp-json\/wp\/v2\/media?parent=3723"}],"wp:term":[{"taxonomy":"product_brand","embeddable":true,"href":"https:\/\/distribucionarc.com\/sk\/wp-json\/wp\/v2\/product_brand?post=3723"},{"taxonomy":"product_cat","embeddable":true,"href":"https:\/\/distribucionarc.com\/sk\/wp-json\/wp\/v2\/product_cat?post=3723"},{"taxonomy":"product_tag","embeddable":true,"href":"https:\/\/distribucionarc.com\/sk\/wp-json\/wp\/v2\/product_tag?post=3723"}],"curies":[{"name":"pracovn\u00fd list","href":"https:\/\/api.w.org\/{rel}","templated":true}]}}