{"id":3777,"date":"2020-10-08T10:21:14","date_gmt":"2020-10-08T10:21:14","guid":{"rendered":"https:\/\/distribucionarc.com\/?post_type=product&#038;p=3777"},"modified":"2020-10-08T10:21:14","modified_gmt":"2020-10-08T10:21:14","slug":"digitalna-vakuova-susiaca-rura","status":"publish","type":"product","link":"https:\/\/distribucionarc.com\/sk\/producto\/horno-de-secado-al-vacio-digital\/","title":{"rendered":"Digit\u00e1lna v\u00e1kuov\u00e1 su\u0161iaca pec\u00a0"},"content":{"rendered":"<h3>Digit\u00e1lna v\u00e1kuov\u00e1 su\u0161iaca pec<\/h3>\n<p>On <strong><span style=\"color: #ff0000;\">TO<\/span><span style=\"color: #0000ff;\">R<\/span>CHS6020<\/strong> Je vybaven\u00fd nov\u00fdm vysokov\u00fdkonn\u00fdm inteligentn\u00fdm regul\u00e1torom teploty na b\u00e1ze MCU s pokro\u010dil\u00fdm PID algoritmom, ktor\u00fd automaticky vyber\u00e1 najlep\u0161\u00ed parameter na z\u00e1klade teploty, tak\u017ee nevy\u017eaduje \u017eiadne z\u00e1sahy do nastavenia parametrov. Toto<strong> stroj na v\u00e1kuov\u00e9 pe\u010denie<\/strong> M\u00e1 vysoko pevn\u00fa a \u013eahko \u010distite\u013en\u00fa elektricky le\u0161ten\u00fa v\u00e1kuov\u00fa komoru. S dobrou tepelnou izol\u00e1ciou na dosiahnutie n\u00edzkej spotreby energie. V\u010faka tvarovan\u00e9mu tesneniu dver\u00ed zo silik\u00f3novej gumy integrovan\u00e9mu do komory udr\u017euje kon\u0161tantn\u00fa \u00farove\u0148 v\u00e1kua aj pri dlh\u0161ej prev\u00e1dzke. Dvojposchodov\u00e9 pancierov\u00e9 sklenen\u00e9 dvere u\u013eah\u010duj\u00fa pozorovanie v pracovnej komore. M\u00e1 ve\u013ek\u00fd LCD displej, schopn\u00fd zobrazova\u0165 \u00fadaje z r\u00f4znych skup\u00edn.<\/p>\n<p>Toto<strong> v\u00e1kuov\u00e1 su\u0161iare\u0148 <span style=\"color: #ff0000;\">TO<\/span><span style=\"color: #0000ff;\">R<\/span>c<\/strong> Je navrhnut\u00fd tak, aby schol \u0161etrne s homog\u00e9nnym rozlo\u017een\u00edm tepl\u00f4t, zais\u0165uje optim\u00e1lny prenos tepla a minim\u00e1lne kol\u00edsanie teploty v priestore. S regul\u00e1torom teploty s premenliv\u00fdm ziskom dok\u00e1\u017ee udr\u017eiava\u0165 presnos\u0165 +\/- 0,5 \u00b0C od izbovej teploty do 250 \u00b0C. Hlin\u00edkov\u00fd stojan vyrazen\u00fd \u0161peci\u00e1lnymi technikami je schopn\u00fd r\u00fdchlo vies\u0165 teplo a odol\u00e1va\u0165 oxid\u00e1cii pri vysokej teplote.<\/p>\n<p>\u0160iroko pou\u017e\u00edvan\u00fd v biochemickom priemysle, farmaceutickej ch\u00e9mii, zdravotn\u00edctve, po\u013enohospod\u00e1rskom v\u00fdskume, ochrane \u017eivotn\u00e9ho prostredia a \u010fal\u0161\u00edch oblastiach v\u00fdskumu. Zvl\u00e1\u0161\u0165 vhodn\u00e9 na r\u00fdchle a efekt\u00edvne su\u0161enie v\u00fdrobkov zo such\u00fdch l\u00e1tok citliv\u00fdch na teplo, \u013eahko rozlo\u017eite\u013en\u00fdch alebo vysoko oxidovate\u013en\u00fdch, ako aj in\u00fdch zlo\u017eit\u00fdch v\u00fdrobkov.<\/p>\n<h6><strong>Z\u00e1ruka\u00a0<span style=\"color: #ff0000;\">TO<\/span><span style=\"color: #0000ff;\">R<\/span>C 2 ROKY<\/strong><\/h6>\n<h6><span style=\"color: #008000;\">Efekt\u00edvna v\u00e1kuov\u00e1 su\u0161iaca pec, n\u00edzka spotreba 350w<\/span><\/h6>\n<h6><strong>vr\u00e1tane technickej podpory<\/strong><\/h6>\n<p>&nbsp;<\/p>\n<table role=\"presentation\" width=\"100%\" cellspacing=\"0\" cellpadding=\"0\">\n<tbody>\n<tr>\n<td class=\"attrLabels\">Zna\u010dka:<\/td>\n<td width=\"50.0%\">ARC<\/td>\n<\/tr>\n<tr>\n<td class=\"attrLabels\">Krajina distrib\u00facie:<\/td>\n<td width=\"50.0%\">\u0160panielsko, Nemecko, USA<\/td>\n<td class=\"attrLabels\">Rozmery stroja:<\/td>\n<td width=\"50.0%\">58,5 x 47,2 x 45 cm<\/td>\n<\/tr>\n<tr>\n<td class=\"attrLabels\">Z\u00e1ruka:<\/td>\n<td width=\"50.0%\">2 roky<\/td>\n<td class=\"attrLabels\">V\u00fdkon:<\/td>\n<td width=\"50.0%\">350 W<\/td>\n<\/tr>\n<tr>\n<td class=\"attrLabels\">Farba:<\/td>\n<td width=\"50.0%\">Strieborn\u00e1<\/td>\n<td class=\"attrLabels\">Nap\u00e4tie:<\/td>\n<td width=\"50.0%\">220V \u2013 60Hz<\/td>\n<\/tr>\n<tr>\n<td class=\"attrLabels\">Typ produktu:<\/td>\n<td width=\"50.0%\">V\u00e1kuov\u00e1 su\u0161iaca pec<\/td>\n<td class=\"attrLabels\">Objem komory:<\/td>\n<td width=\"50.0%\">25L<\/td>\n<\/tr>\n<tr>\n<td class=\"attrLabels\">\u010c\u00edslo v\u00fdrobcu:<\/td>\n<td width=\"50.0%\">ARCHS6020<\/td>\n<td class=\"attrLabels\">Ve\u013ekos\u0165 vlo\u017eky:<\/td>\n<td width=\"50.0%\">30 x 29,5 x 27,5 cm<\/td>\n<\/tr>\n<tr>\n<td class=\"attrLabels\">Materi\u00e1l:<\/td>\n<td width=\"50.0%\">Lisovan\u00fd hlin\u00edk, inteligentn\u00fd regul\u00e1tor teploty, pancierov\u00e9 dvere, LCD obrazovka, elektrolyticky le\u0161ten\u00e1 komora<\/td>\n<td class=\"attrLabels\">Kone\u010dn\u00e1 \u00farove\u0148 v\u00e1kua:<\/td>\n<td width=\"50.0%\">&lt; 133 pascalov<\/td>\n<\/tr>\n<tr>\n<td class=\"attrLabels\">In\u0161tala\u010dn\u00e9 n\u00e1stroje:<\/td>\n<td width=\"50.0%\">\u00c1no<\/td>\n<td class=\"attrLabels\">Teplotn\u00fd rozsah:<\/td>\n<td width=\"50.0%\">RT + 10 \u2013 250 \u00b0C<\/td>\n<\/tr>\n<tr>\n<td class=\"attrLabels\">Hmotnos\u0165:<\/td>\n<td width=\"50.0%\">35,5 kg<\/td>\n<td class=\"attrLabels\">Kon\u0161tantn\u00e9 kol\u00edsanie teploty:<\/td>\n<td width=\"50.0%\">\u00b11%<\/td>\n<\/tr>\n<\/tbody>\n<\/table>\n<p>&nbsp;<\/p>\n<p>&nbsp;<\/p>","protected":false},"excerpt":{"rendered":"<h2>Digit\u00e1lna v\u00e1kuov\u00e1 su\u0161iaca pec<\/h2>\n<p>Toto <strong>vedeck\u00e1 v\u00e1kuov\u00e1 su\u0161iaca pec <span style=\"color: #ff0000;\">TO<\/span><span style=\"color: #0000ff;\">R<\/span>c<\/strong> Je navrhnut\u00fd tak, aby schol \u0161etrne s homog\u00e9nnym rozlo\u017een\u00edm tepl\u00f4t, \u010do zaru\u010duje optim\u00e1lny prenos tepla a z\u00e1rove\u0148 sa vyh\u00fdba minim\u00e1lnym zmen\u00e1m teploty v priestore. Tento n\u00e1stroj je vhodn\u00fd na r\u00fdchle a efekt\u00edvne su\u0161enie alebo pe\u010denie such\u00fdch predmetov citliv\u00fdch na teplo, ako aj na dezinfekciu a steriliz\u00e1ciu r\u00f4znych typov sklenen\u00fdch n\u00e1dob.<\/p>\n<h6><strong>Z\u00e1ruka\u00a0<span style=\"color: #ff0000;\">TO<\/span><span style=\"color: #0000ff;\">R<\/span>C 2 ROKY<\/strong><\/h6>\n<h6><span style=\"color: #008000;\">Efekt\u00edvna v\u00e1kuov\u00e1 su\u0161iaca pec, n\u00edzka spotreba 350w<\/span><\/h6>\n<h6><strong>vr\u00e1tane technickej podpory<\/strong><\/h6>","protected":false},"featured_media":3786,"comment_status":"open","ping_status":"closed","template":"","meta":{"wds_primary_product_brand":0,"wds_primary_product_cat":0},"product_brand":[],"product_cat":[29],"product_tag":[],"class_list":{"0":"post-3777","1":"product","2":"type-product","3":"status-publish","4":"has-post-thumbnail","6":"product_cat-maquinas-industria-quimica","7":"product_shipping_class-express","9":"first","10":"outofstock","11":"sale","12":"taxable","13":"shipping-taxable","14":"purchasable","15":"product-type-simple"},"yoast_head":"<!-- This site is optimized with the Yoast SEO Premium plugin v24.9 (Yoast SEO v26.1) - https:\/\/yoast.com\/wordpress\/plugins\/seo\/ -->\n<title>Horno de secado al vac\u00edo digital\u00a0 - distribuci\u00f3n ARC<\/title>\n<meta name=\"robots\" content=\"index, follow, max-snippet:-1, max-image-preview:large, max-video-preview:-1\" \/>\n<link rel=\"canonical\" href=\"https:\/\/www.distribucionarc.com\/hr\/producto\/horno-de-secado-al-vacio-digital\/\" \/>\n<meta property=\"og:locale\" content=\"sk_SK\" \/>\n<meta property=\"og:type\" content=\"article\" \/>\n<meta property=\"og:title\" content=\"Horno de secado al vac\u00edo digital\u00a0\" \/>\n<meta property=\"og:description\" content=\"Horno de secado al vac\u00edo digital Este horno de secado al vac\u00edo cient\u00edfico ARC est\u00e1 dise\u00f1ado para secar suavemente con una distribuci\u00f3n de temperatura homog\u00e9nea, lo que garantiza una transferencia de calor \u00f3ptima a su vez que evita la m\u00ednima variaci\u00f3n de temperatura en el espacio. Esta herramienta es adecuada para el secado u horneado r\u00e1pido y eficaz de art\u00edculos de sustancias secas sensibles al calor, adem\u00e1s de usarse para la desinfecci\u00f3n y esterilizaci\u00f3n de varios tipos de envases de vidrio. Garant\u00eda\u00a0ARC 2 A\u00d1OS Horno de secado al vac\u00edo eficiente, bajo consumo 350w soporte t\u00e9cnico incluido\" \/>\n<meta property=\"og:url\" content=\"https:\/\/www.distribucionarc.com\/hr\/producto\/horno-de-secado-al-vacio-digital\/\" \/>\n<meta property=\"og:site_name\" content=\"distribuci\u00f3n ARC\" \/>\n<meta property=\"og:image\" content=\"https:\/\/distribucionarc.com\/wp-content\/uploads\/2020\/10\/Horno-de-secado-al-vac\u00edo-digital-0.jpg\" \/>\n\t<meta property=\"og:image:width\" content=\"1001\" \/>\n\t<meta property=\"og:image:height\" content=\"1001\" \/>\n\t<meta property=\"og:image:type\" content=\"image\/jpeg\" \/>\n<meta name=\"twitter:card\" content=\"summary_large_image\" \/>\n<meta name=\"twitter:label1\" content=\"Predpokladan\u00fd \u010das \u010d\u00edtania\" \/>\n\t<meta name=\"twitter:data1\" content=\"2 min\u00faty\" \/>\n<script type=\"application\/ld+json\" class=\"yoast-schema-graph\">{\"@context\":\"https:\/\/schema.org\",\"@graph\":[{\"@type\":\"WebPage\",\"@id\":\"https:\/\/www.distribucionarc.com\/hr\/producto\/horno-de-secado-al-vacio-digital\/\",\"url\":\"https:\/\/www.distribucionarc.com\/hr\/producto\/horno-de-secado-al-vacio-digital\/\",\"name\":\"Horno de secado al vac\u00edo digital\u00a0 - distribuci\u00f3n ARC\",\"isPartOf\":{\"@id\":\"https:\/\/distribucionarc.com\/ro\/#website\"},\"primaryImageOfPage\":{\"@id\":\"https:\/\/www.distribucionarc.com\/hr\/producto\/horno-de-secado-al-vacio-digital\/#primaryimage\"},\"image\":{\"@id\":\"https:\/\/www.distribucionarc.com\/hr\/producto\/horno-de-secado-al-vacio-digital\/#primaryimage\"},\"thumbnailUrl\":\"https:\/\/distribucionarc.com\/wp-content\/uploads\/2020\/10\/Horno-de-secado-al-vac\u00edo-digital-0.jpg\",\"datePublished\":\"2020-10-08T10:21:14+00:00\",\"breadcrumb\":{\"@id\":\"https:\/\/www.distribucionarc.com\/hr\/producto\/horno-de-secado-al-vacio-digital\/#breadcrumb\"},\"inLanguage\":\"sk-SK\",\"potentialAction\":[{\"@type\":\"ReadAction\",\"target\":[\"https:\/\/www.distribucionarc.com\/hr\/producto\/horno-de-secado-al-vacio-digital\/\"]}]},{\"@type\":\"ImageObject\",\"inLanguage\":\"sk-SK\",\"@id\":\"https:\/\/www.distribucionarc.com\/hr\/producto\/horno-de-secado-al-vacio-digital\/#primaryimage\",\"url\":\"https:\/\/distribucionarc.com\/wp-content\/uploads\/2020\/10\/Horno-de-secado-al-vac\u00edo-digital-0.jpg\",\"contentUrl\":\"https:\/\/distribucionarc.com\/wp-content\/uploads\/2020\/10\/Horno-de-secado-al-vac\u00edo-digital-0.jpg\",\"width\":1001,\"height\":1001,\"caption\":\"Horno de secado al vac\u00edo digital\u00a0\"},{\"@type\":\"BreadcrumbList\",\"@id\":\"https:\/\/www.distribucionarc.com\/hr\/producto\/horno-de-secado-al-vacio-digital\/#breadcrumb\",\"itemListElement\":[{\"@type\":\"ListItem\",\"position\":1,\"name\":\"Portada\",\"item\":\"https:\/\/distribucionarc.com\/ar\/\"},{\"@type\":\"ListItem\",\"position\":2,\"name\":\"Proizvodi\",\"item\":\"https:\/\/www.distribucionarc.com\/hr\/ducan\/\"},{\"@type\":\"ListItem\",\"position\":3,\"name\":\"Horno de secado al vac\u00edo digital\u00a0\"}]},{\"@type\":\"WebSite\",\"@id\":\"https:\/\/distribucionarc.com\/ro\/#website\",\"url\":\"https:\/\/distribucionarc.com\/ro\/\",\"name\":\"distribuci\u00f3n ARC\",\"description\":\"Empresa especializada en la fabricaci\u00f3n y distribuci\u00f3n de maquinaria industrial, selladoras de latas, Maquinas de hacer pastillas, Maquinas de cortar carne...\",\"publisher\":{\"@id\":\"https:\/\/distribucionarc.com\/ro\/#organization\"},\"potentialAction\":[{\"@type\":\"SearchAction\",\"target\":{\"@type\":\"EntryPoint\",\"urlTemplate\":\"https:\/\/distribucionarc.com\/ro\/?s={search_term_string}\"},\"query-input\":{\"@type\":\"PropertyValueSpecification\",\"valueRequired\":true,\"valueName\":\"search_term_string\"}}],\"inLanguage\":\"sk-SK\"},{\"@type\":\"Organization\",\"@id\":\"https:\/\/distribucionarc.com\/ro\/#organization\",\"name\":\"Distribuci\u00f3n ARC\",\"url\":\"https:\/\/distribucionarc.com\/ro\/\",\"logo\":{\"@type\":\"ImageObject\",\"inLanguage\":\"sk-SK\",\"@id\":\"https:\/\/distribucionarc.com\/ro\/#\/schema\/logo\/image\/\",\"url\":\"https:\/\/distribucionarc.com\/wp-content\/uploads\/2024\/10\/distribucion-ARC-COLOR-SIN-FONDO-e1732295305345.png\",\"contentUrl\":\"https:\/\/distribucionarc.com\/wp-content\/uploads\/2024\/10\/distribucion-ARC-COLOR-SIN-FONDO-e1732295305345.png\",\"width\":1164,\"height\":558,\"caption\":\"Distribuci\u00f3n ARC\"},\"image\":{\"@id\":\"https:\/\/distribucionarc.com\/ro\/#\/schema\/logo\/image\/\"},\"description\":\"Empresa especializada en la fabricaci\u00f3n y distribuci\u00f3n de maquinaria industrial para los sectores alimentario y farmac\u00e9utico. Nos especializamos en: M\u00e1quinas de cortar carne Fabricaci\u00f3n de comprimidos Sistemas de transporte industrial L\u00edneas de embotellado Dosificadores Y mucho m\u00e1s... Ofrecemos soluciones innovadoras y personalizadas para optimizar los procesos productivos de tu empresa.\",\"email\":\"Admistracion@distribucionarc.com\",\"telephone\":\"+34 643496664\",\"legalName\":\"ARC TECH SOLUTIONS\",\"foundingDate\":\"2024-04-09\",\"vatID\":\"B55480172\",\"numberOfEmployees\":{\"@type\":\"QuantitativeValue\",\"minValue\":\"1\",\"maxValue\":\"10\"}}]}<\/script>\n<!-- \/ Yoast SEO Premium plugin. -->","yoast_head_json":{"title":"Digit\u00e1lna v\u00e1kuov\u00e1 su\u0161iare\u0148 - ARC rozvod","robots":{"index":"index","follow":"follow","max-snippet":"max-snippet:-1","max-image-preview":"max-image-preview:large","max-video-preview":"max-video-preview:-1"},"canonical":"https:\/\/www.distribucionarc.com\/hr\/producto\/horno-de-secado-al-vacio-digital\/","og_locale":"sk_SK","og_type":"article","og_title":"Horno de secado al vac\u00edo digital\u00a0","og_description":"Horno de secado al vac\u00edo digital Este horno de secado al vac\u00edo cient\u00edfico ARC est\u00e1 dise\u00f1ado para secar suavemente con una distribuci\u00f3n de temperatura homog\u00e9nea, lo que garantiza una transferencia de calor \u00f3ptima a su vez que evita la m\u00ednima variaci\u00f3n de temperatura en el espacio. Esta herramienta es adecuada para el secado u horneado r\u00e1pido y eficaz de art\u00edculos de sustancias secas sensibles al calor, adem\u00e1s de usarse para la desinfecci\u00f3n y esterilizaci\u00f3n de varios tipos de envases de vidrio. Garant\u00eda\u00a0ARC 2 A\u00d1OS Horno de secado al vac\u00edo eficiente, bajo consumo 350w soporte t\u00e9cnico incluido","og_url":"https:\/\/www.distribucionarc.com\/hr\/producto\/horno-de-secado-al-vacio-digital\/","og_site_name":"distribuci\u00f3n ARC","og_image":[{"width":1001,"height":1001,"url":"https:\/\/distribucionarc.com\/wp-content\/uploads\/2020\/10\/Horno-de-secado-al-vac\u00edo-digital-0.jpg","type":"image\/jpeg"}],"twitter_card":"summary_large_image","twitter_misc":{"Predpokladan\u00fd \u010das \u010d\u00edtania":"2 min\u00faty"},"schema":{"@context":"https:\/\/schema.org","@graph":[{"@type":"WebPage","@id":"https:\/\/www.distribucionarc.com\/hr\/producto\/horno-de-secado-al-vacio-digital\/","url":"https:\/\/www.distribucionarc.com\/hr\/producto\/horno-de-secado-al-vacio-digital\/","name":"Digit\u00e1lna v\u00e1kuov\u00e1 su\u0161iare\u0148 - ARC rozvod","isPartOf":{"@id":"https:\/\/distribucionarc.com\/ro\/#website"},"primaryImageOfPage":{"@id":"https:\/\/www.distribucionarc.com\/hr\/producto\/horno-de-secado-al-vacio-digital\/#primaryimage"},"image":{"@id":"https:\/\/www.distribucionarc.com\/hr\/producto\/horno-de-secado-al-vacio-digital\/#primaryimage"},"thumbnailUrl":"https:\/\/distribucionarc.com\/wp-content\/uploads\/2020\/10\/Horno-de-secado-al-vac\u00edo-digital-0.jpg","datePublished":"2020-10-08T10:21:14+00:00","breadcrumb":{"@id":"https:\/\/www.distribucionarc.com\/hr\/producto\/horno-de-secado-al-vacio-digital\/#breadcrumb"},"inLanguage":"sk-SK","potentialAction":[{"@type":"ReadAction","target":["https:\/\/www.distribucionarc.com\/hr\/producto\/horno-de-secado-al-vacio-digital\/"]}]},{"@type":"ImageObject","inLanguage":"sk-SK","@id":"https:\/\/www.distribucionarc.com\/hr\/producto\/horno-de-secado-al-vacio-digital\/#primaryimage","url":"https:\/\/distribucionarc.com\/wp-content\/uploads\/2020\/10\/Horno-de-secado-al-vac\u00edo-digital-0.jpg","contentUrl":"https:\/\/distribucionarc.com\/wp-content\/uploads\/2020\/10\/Horno-de-secado-al-vac\u00edo-digital-0.jpg","width":1001,"height":1001,"caption":"Horno de secado al vac\u00edo digital\u00a0"},{"@type":"BreadcrumbList","@id":"https:\/\/www.distribucionarc.com\/hr\/producto\/horno-de-secado-al-vacio-digital\/#breadcrumb","itemListElement":[{"@type":"ListItem","position":1,"name":"Portada","item":"https:\/\/distribucionarc.com\/ar\/"},{"@type":"ListItem","position":2,"name":"Proizvodi","item":"https:\/\/www.distribucionarc.com\/hr\/ducan\/"},{"@type":"ListItem","position":3,"name":"Horno de secado al vac\u00edo digital\u00a0"}]},{"@type":"WebSite","@id":"https:\/\/distribucionarc.com\/ro\/#website","url":"https:\/\/distribucionarc.com\/ro\/","name":"ARC distrib\u00facia","description":"Spolo\u010dnos\u0165 sa \u0161pecializuje na v\u00fdrobu a distrib\u00faciu priemyseln\u00fdch strojov, strojov na uzatv\u00e1ranie plechoviek, strojov na v\u00fdrobu tabliet, strojov na porciovanie m\u00e4sa...","publisher":{"@id":"https:\/\/distribucionarc.com\/ro\/#organization"},"potentialAction":[{"@type":"SearchAction","target":{"@type":"EntryPoint","urlTemplate":"https:\/\/distribucionarc.com\/ro\/?s={search_term_string}"},"query-input":{"@type":"PropertyValueSpecification","valueRequired":true,"valueName":"search_term_string"}}],"inLanguage":"sk-SK"},{"@type":"Organization","@id":"https:\/\/distribucionarc.com\/ro\/#organization","name":"Distrib\u00facia ARC","url":"https:\/\/distribucionarc.com\/ro\/","logo":{"@type":"ImageObject","inLanguage":"sk-SK","@id":"https:\/\/distribucionarc.com\/ro\/#\/schema\/logo\/image\/","url":"https:\/\/distribucionarc.com\/wp-content\/uploads\/2024\/10\/distribucion-ARC-COLOR-SIN-FONDO-e1732295305345.png","contentUrl":"https:\/\/distribucionarc.com\/wp-content\/uploads\/2024\/10\/distribucion-ARC-COLOR-SIN-FONDO-e1732295305345.png","width":1164,"height":558,"caption":"Distribuci\u00f3n ARC"},"image":{"@id":"https:\/\/distribucionarc.com\/ro\/#\/schema\/logo\/image\/"},"description":"Spolo\u010dnos\u0165 \u0161pecializuj\u00faca sa na v\u00fdrobu a distrib\u00faciu priemyseln\u00fdch strojov pre potravin\u00e1rsky a farmaceutick\u00fd sektor. \u0160pecializujeme sa na: Stroje na kr\u00e1janie m\u00e4sa V\u00fdroba tabliet Priemyseln\u00e9 dopravn\u00e9 syst\u00e9my D\u00e1vkova\u010de na f\u013ea\u0161e A ove\u013ea viac... Pon\u00fakame inovat\u00edvne a prisp\u00f4soben\u00e9 rie\u0161enia na optimaliz\u00e1ciu v\u00fdrobn\u00fdch procesov va\u0161ej spolo\u010dnosti.","email":"Admistracion@distribucionarc.com","telephone":"+34 643496664","legalName":"ARC TECH SOLUTIONS","foundingDate":"2024-04-09","vatID":"B55480172","numberOfEmployees":{"@type":"QuantitativeValue","minValue":"1","maxValue":"10"}}]}},"_links":{"self":[{"href":"https:\/\/distribucionarc.com\/sk\/wp-json\/wp\/v2\/product\/3777","targetHints":{"allow":["GET"]}}],"collection":[{"href":"https:\/\/distribucionarc.com\/sk\/wp-json\/wp\/v2\/product"}],"about":[{"href":"https:\/\/distribucionarc.com\/sk\/wp-json\/wp\/v2\/types\/product"}],"replies":[{"embeddable":true,"href":"https:\/\/distribucionarc.com\/sk\/wp-json\/wp\/v2\/comments?post=3777"}],"version-history":[{"count":0,"href":"https:\/\/distribucionarc.com\/sk\/wp-json\/wp\/v2\/product\/3777\/revisions"}],"wp:featuredmedia":[{"embeddable":true,"href":"https:\/\/distribucionarc.com\/sk\/wp-json\/wp\/v2\/media\/3786"}],"wp:attachment":[{"href":"https:\/\/distribucionarc.com\/sk\/wp-json\/wp\/v2\/media?parent=3777"}],"wp:term":[{"taxonomy":"product_brand","embeddable":true,"href":"https:\/\/distribucionarc.com\/sk\/wp-json\/wp\/v2\/product_brand?post=3777"},{"taxonomy":"product_cat","embeddable":true,"href":"https:\/\/distribucionarc.com\/sk\/wp-json\/wp\/v2\/product_cat?post=3777"},{"taxonomy":"product_tag","embeddable":true,"href":"https:\/\/distribucionarc.com\/sk\/wp-json\/wp\/v2\/product_tag?post=3777"}],"curies":[{"name":"pracovn\u00fd list","href":"https:\/\/api.w.org\/{rel}","templated":true}]}}