{"id":385,"date":"2020-04-18T15:20:05","date_gmt":"2020-04-18T15:20:05","guid":{"rendered":"https:\/\/distribucionarc.com\/?post_type=product&#038;p=385"},"modified":"2023-07-31T18:19:57","modified_gmt":"2023-07-31T18:19:57","slug":"automaticky-zatavovac-sackov-%e2%99%be%ef%b8%8f-samotesniaci-stroj-na-plastove-a-alebo-papierove-vrecka","status":"publish","type":"product","link":"https:\/\/distribucionarc.com\/sk\/producto\/selladora-de-bolsas-automatica-%e2%99%be%ef%b8%8f-maquina-de-autosellado-de-bolsas-plasticoaluniopapel\/","title":{"rendered":"Automatick\u00fd zatavova\u010d vreciek \u267e\ufe0f Samotesniaci stroj na plastov\u00e9, hlin\u00edkov\u00e9, papierov\u00e9 vreck\u00e1"},"content":{"rendered":"<h3><strong>Automatick\u00fd uzatv\u00e1rac\u00ed stroj na vreck\u00e1 \u267e\ufe0f Samotesniaci stroj na plastov\u00e9, hlin\u00edkov\u00e9, papierov\u00e9 vreck\u00e1<\/strong><\/h3>\n<p>&nbsp;<\/p>\n<ul>\n<li>Kontinu\u00e1lne horizont\u00e1lne zv\u00e1ranie stolov\u00fdch ta\u0161iek ide\u00e1lne pre stredn\u00e9 a ve\u013ek\u00e9 v\u00fdroby.<\/li>\n<li>Vyroben\u00e9 v\u00a0<strong>nehrdzavej\u00faca oce\u013e<\/strong>.<\/li>\n<li>Zv\u00e1ra vreck\u00e1 z ak\u00e9hoko\u013evek plastov\u00e9ho materi\u00e1lu. Jeho pou\u017eitie m\u00f4\u017ee siaha\u0165 od potrav\u00edn a\u017e po sterilizovan\u00e9 vreck\u00e1 na lek\u00e1rske pou\u017eitie.<\/li>\n<li><strong>Nastavite\u013en\u00e1 r\u00fdchlos\u0165 dopravn\u00e9ho p\u00e1su.<\/strong><\/li>\n<li><strong>Nastavite\u013en\u00e1 teplota sp\u00e1jkovania.<\/strong><\/li>\n<li><strong>Obsahuje fixku.<\/strong><\/li>\n<li>Je to ve\u013emi robustn\u00fd kus zariadenia vyroben\u00fd z lakovanej ocele, tento tesniaci p\u00e1s je ur\u010den\u00fd na priemyseln\u00e9 pou\u017eitie.<\/li>\n<li>Prechod z jedn\u00e9ho materi\u00e1lu na druh\u00fd je ve\u013emi jednoduch\u00fd a obsluha m\u00f4\u017ee r\u00fdchlo a jednoducho vykona\u0165 \u00fapravy typu zv\u00e1rania: zv\u00e1rac\u00ed tlak, teplota a r\u00fdchlos\u0165. T\u00fdmto sp\u00f4sobom sa dosiahne dokonal\u00fd v\u00fdsledok.<\/li>\n<li>\u0160\u00edrka z\u00edskan\u00e9ho tmelu sa pohybuje od 6 mm do 12 mm a nem\u00e1 \u017eiadne obmedzenie d\u013a\u017eky.<\/li>\n<li>\u00dadr\u017eba tejto zv\u00e1ra\u010dky je ve\u013emi jednoduch\u00e1 a ekonomick\u00e1, v\u00fdmena zv\u00e1rac\u00edch p\u00e1sov trv\u00e1 len nieko\u013eko min\u00fat.<\/li>\n<\/ul>\n<table border=\"0\" cellspacing=\"0\" cellpadding=\"0\">\n<thead>\n<tr>\n<th>TECHNICK\u00c9 CHARAKTERISTIKY<\/th>\n<th>AR900 KONTINU\u00c1LNY ZV\u00c1RAC\u00cd STROJ<\/th>\n<\/tr>\n<\/thead>\n<tfoot>\n<tr>\n<td colspan=\"2\"><\/td>\n<\/tr>\n<\/tfoot>\n<tbody>\n<tr>\n<td>Nap\u00e4tie<\/td>\n<td>220\u00b110V, 50HZ<\/td>\n<\/tr>\n<tr>\n<td>Sila<\/td>\n<td>500 W<\/td>\n<\/tr>\n<tr>\n<td>Rozmery<\/td>\n<td>844 x 390 x 300 mm (d\u013a\u017eka x \u0161\u00edrka x v\u00fd\u0161ka)<\/td>\n<\/tr>\n<tr>\n<td>\u0160\u00edrka zvaru<\/td>\n<td>od 6 mm do 12 mm<\/td>\n<\/tr>\n<tr>\n<td>Rozsah tepl\u00f4t<\/td>\n<td>0-300\u00baC<\/td>\n<\/tr>\n<tr>\n<td>Hmotnos\u0165<\/td>\n<td>30 kg<\/td>\n<\/tr>\n<tr>\n<td>R\u00fdchlos\u0165 zv\u00e1rania<\/td>\n<td>0-12 metrov\/min<\/td>\n<\/tr>\n<\/tbody>\n<\/table>\n<div class=\"row\"><\/div>\n<div class=\"row\"><\/div>\n<p><iframe loading=\"lazy\" src=\"https:\/\/www.youtube.com\/embed\/YzkENIqPNVY\" width=\"560\" height=\"315\" frameborder=\"0\" allowfullscreen=\"allowfullscreen\"><\/iframe><br \/>\n<iframe loading=\"lazy\" src=\"https:\/\/www.youtube.com\/embed\/G3fXjF5u1L4\" width=\"560\" height=\"315\" frameborder=\"0\" allowfullscreen=\"allowfullscreen\"><\/iframe><\/p>","protected":false},"excerpt":{"rendered":"<p><strong>Horizont\u00e1lne kontinu\u00e1lne tesnenie<\/strong>.<\/p>\n<p>Stoln\u00fd stroj vyroben\u00fd v\u00a0<strong>nehrdzavej\u00faca oce\u013e<\/strong>,\u00a0<strong>ide\u00e1lne pre stredn\u00e9 a ve\u013ek\u00e9 produkcie.<\/strong><\/p>\n<p>Ve\u013emi \u013eahko sa konfiguruje, zaru\u010duje dokonal\u00fd zvar ak\u00e9hoko\u013evek tepelne zvarite\u013en\u00e9ho materi\u00e1lu: polyetyl\u00e9nu (PE), polypropyl\u00e9nu (PP) a lamin\u00e1tov.<\/p>\n<p>Vhodn\u00e9 pre v\u0161etky typy ta\u0161iek<\/p>","protected":false},"featured_media":418,"comment_status":"open","ping_status":"closed","template":"","meta":{"wds_primary_product_brand":0,"wds_primary_product_cat":0},"product_brand":[],"product_cat":[15,27],"product_tag":[],"class_list":{"0":"post-385","1":"product","2":"type-product","3":"status-publish","4":"has-post-thumbnail","6":"product_cat-llenadoras-y-selladoras-automaticas-flow-pack-sachet","7":"product_cat-selladoras-de-bolsas","9":"first","10":"instock","11":"sale","12":"taxable","13":"shipping-taxable","14":"purchasable","15":"product-type-simple"},"yoast_head":"<!-- This site is optimized with the Yoast SEO Premium plugin v24.9 (Yoast SEO v26.1) - https:\/\/yoast.com\/wordpress\/plugins\/seo\/ -->\n<title>Selladora de Bolsas Autom\u00e1tica \u267e\ufe0f M\u00e1quina de Autosellado de Bolsas de Pl\u00e1stico, Aluminio, Papel - distribuci\u00f3n ARC<\/title>\n<meta name=\"robots\" content=\"index, follow, max-snippet:-1, max-image-preview:large, max-video-preview:-1\" \/>\n<link rel=\"canonical\" href=\"https:\/\/www.distribucionarc.com\/en\/producto\/selladora-de-bolsas-automatica-\u267e\ufe0f-maquina-de-autosellado-de-bolsas-plasticoaluniopapel\/\" \/>\n<meta property=\"og:locale\" content=\"sk_SK\" \/>\n<meta property=\"og:type\" content=\"article\" \/>\n<meta property=\"og:title\" content=\"Selladora de Bolsas Autom\u00e1tica \u267e\ufe0f M\u00e1quina de Autosellado de Bolsas de Pl\u00e1stico, Aluminio, Papel\" \/>\n<meta property=\"og:description\" content=\"Selladora Horizontalmente en Continuo.  M\u00e1quina de sobremesa fabricada en\u00a0acero inoxidable,\u00a0ideal para medias y grandes producciones.  Muy f\u00e1cil de configurar, garantiza un soldado perfecto de cualquier material termosellable: polietileno (PE), polipropileno (PP) y laminados.  Adecuada para todo tipo de bolsas\" \/>\n<meta property=\"og:url\" content=\"https:\/\/www.distribucionarc.com\/en\/producto\/selladora-de-bolsas-automatica-\u267e\ufe0f-maquina-de-autosellado-de-bolsas-plasticoaluniopapel\/\" \/>\n<meta property=\"og:site_name\" content=\"distribuci\u00f3n ARC\" \/>\n<meta property=\"article:modified_time\" content=\"2023-07-31T18:19:57+00:00\" \/>\n<meta property=\"og:image\" content=\"https:\/\/distribucionarc.com\/wp-content\/uploads\/2020\/04\/selladora_de_bolsas_autom\u00e1tica_0.jpg\" \/>\n\t<meta property=\"og:image:width\" content=\"1600\" \/>\n\t<meta property=\"og:image:height\" content=\"1600\" \/>\n\t<meta property=\"og:image:type\" content=\"image\/jpeg\" \/>\n<meta name=\"twitter:card\" content=\"summary_large_image\" \/>\n<meta name=\"twitter:label1\" content=\"Predpokladan\u00fd \u010das \u010d\u00edtania\" \/>\n\t<meta name=\"twitter:data1\" content=\"1 min\u00fata\" \/>\n<script type=\"application\/ld+json\" class=\"yoast-schema-graph\">{\"@context\":\"https:\/\/schema.org\",\"@graph\":[{\"@type\":\"WebPage\",\"@id\":\"https:\/\/www.distribucionarc.com\/en\/producto\/selladora-de-bolsas-automatica-%e2%99%be%ef%b8%8f-maquina-de-autosellado-de-bolsas-plasticoaluniopapel\/\",\"url\":\"https:\/\/www.distribucionarc.com\/en\/producto\/selladora-de-bolsas-automatica-%e2%99%be%ef%b8%8f-maquina-de-autosellado-de-bolsas-plasticoaluniopapel\/\",\"name\":\"Selladora de Bolsas Autom\u00e1tica \u267e\ufe0f M\u00e1quina de Autosellado de Bolsas de Pl\u00e1stico, Aluminio, Papel - distribuci\u00f3n ARC\",\"isPartOf\":{\"@id\":\"https:\/\/www.distribucionarc.com\/sl\/#website\"},\"primaryImageOfPage\":{\"@id\":\"https:\/\/www.distribucionarc.com\/en\/producto\/selladora-de-bolsas-automatica-%e2%99%be%ef%b8%8f-maquina-de-autosellado-de-bolsas-plasticoaluniopapel\/#primaryimage\"},\"image\":{\"@id\":\"https:\/\/www.distribucionarc.com\/en\/producto\/selladora-de-bolsas-automatica-%e2%99%be%ef%b8%8f-maquina-de-autosellado-de-bolsas-plasticoaluniopapel\/#primaryimage\"},\"thumbnailUrl\":\"https:\/\/distribucionarc.com\/wp-content\/uploads\/2020\/04\/selladora_de_bolsas_autom\u00e1tica_0.jpg\",\"datePublished\":\"2020-04-18T15:20:05+00:00\",\"dateModified\":\"2023-07-31T18:19:57+00:00\",\"breadcrumb\":{\"@id\":\"https:\/\/www.distribucionarc.com\/en\/producto\/selladora-de-bolsas-automatica-%e2%99%be%ef%b8%8f-maquina-de-autosellado-de-bolsas-plasticoaluniopapel\/#breadcrumb\"},\"inLanguage\":\"sk-SK\",\"potentialAction\":[{\"@type\":\"ReadAction\",\"target\":[\"https:\/\/www.distribucionarc.com\/en\/producto\/selladora-de-bolsas-automatica-%e2%99%be%ef%b8%8f-maquina-de-autosellado-de-bolsas-plasticoaluniopapel\/\"]}]},{\"@type\":\"ImageObject\",\"inLanguage\":\"sk-SK\",\"@id\":\"https:\/\/www.distribucionarc.com\/en\/producto\/selladora-de-bolsas-automatica-%e2%99%be%ef%b8%8f-maquina-de-autosellado-de-bolsas-plasticoaluniopapel\/#primaryimage\",\"url\":\"https:\/\/distribucionarc.com\/wp-content\/uploads\/2020\/04\/selladora_de_bolsas_autom\u00e1tica_0.jpg\",\"contentUrl\":\"https:\/\/distribucionarc.com\/wp-content\/uploads\/2020\/04\/selladora_de_bolsas_autom\u00e1tica_0.jpg\",\"width\":1600,\"height\":1600},{\"@type\":\"BreadcrumbList\",\"@id\":\"https:\/\/www.distribucionarc.com\/en\/producto\/selladora-de-bolsas-automatica-%e2%99%be%ef%b8%8f-maquina-de-autosellado-de-bolsas-plasticoaluniopapel\/#breadcrumb\",\"itemListElement\":[{\"@type\":\"ListItem\",\"position\":1,\"name\":\"Portada\",\"item\":\"https:\/\/www.distribucionarc.com\/\"},{\"@type\":\"ListItem\",\"position\":2,\"name\":\"\u00dcr\u00fcnler\",\"item\":\"https:\/\/www.distribucionarc.com\/tr\/magaza\/\"},{\"@type\":\"ListItem\",\"position\":3,\"name\":\"Selladora de Bolsas Autom\u00e1tica \u267e\ufe0f M\u00e1quina de Autosellado de Bolsas de Pl\u00e1stico, Aluminio, Papel\"}]},{\"@type\":\"WebSite\",\"@id\":\"https:\/\/www.distribucionarc.com\/sl\/#website\",\"url\":\"https:\/\/www.distribucionarc.com\/sl\/\",\"name\":\"distribuci\u00f3n ARC\",\"description\":\"Empresa especializada en la fabricaci\u00f3n y distribuci\u00f3n de maquinaria industrial, selladoras de latas, Maquinas de hacer pastillas, Maquinas de cortar carne...\",\"publisher\":{\"@id\":\"https:\/\/www.distribucionarc.com\/sl\/#organization\"},\"potentialAction\":[{\"@type\":\"SearchAction\",\"target\":{\"@type\":\"EntryPoint\",\"urlTemplate\":\"https:\/\/www.distribucionarc.com\/sl\/?s={search_term_string}\"},\"query-input\":{\"@type\":\"PropertyValueSpecification\",\"valueRequired\":true,\"valueName\":\"search_term_string\"}}],\"inLanguage\":\"sk-SK\"},{\"@type\":\"Organization\",\"@id\":\"https:\/\/www.distribucionarc.com\/sl\/#organization\",\"name\":\"Distribuci\u00f3n ARC\",\"url\":\"https:\/\/www.distribucionarc.com\/sl\/\",\"logo\":{\"@type\":\"ImageObject\",\"inLanguage\":\"sk-SK\",\"@id\":\"https:\/\/www.distribucionarc.com\/sl\/#\/schema\/logo\/image\/\",\"url\":\"https:\/\/distribucionarc.com\/wp-content\/uploads\/2024\/10\/distribucion-ARC-COLOR-SIN-FONDO-e1732295305345.png\",\"contentUrl\":\"https:\/\/distribucionarc.com\/wp-content\/uploads\/2024\/10\/distribucion-ARC-COLOR-SIN-FONDO-e1732295305345.png\",\"width\":1164,\"height\":558,\"caption\":\"Distribuci\u00f3n ARC\"},\"image\":{\"@id\":\"https:\/\/www.distribucionarc.com\/sl\/#\/schema\/logo\/image\/\"},\"description\":\"Empresa especializada en la fabricaci\u00f3n y distribuci\u00f3n de maquinaria industrial para los sectores alimentario y farmac\u00e9utico. Nos especializamos en: M\u00e1quinas de cortar carne Fabricaci\u00f3n de comprimidos Sistemas de transporte industrial L\u00edneas de embotellado Dosificadores Y mucho m\u00e1s... Ofrecemos soluciones innovadoras y personalizadas para optimizar los procesos productivos de tu empresa.\",\"email\":\"Admistracion@distribucionarc.com\",\"telephone\":\"+34 643496664\",\"legalName\":\"ARC TECH SOLUTIONS\",\"foundingDate\":\"2024-04-09\",\"vatID\":\"B55480172\",\"numberOfEmployees\":{\"@type\":\"QuantitativeValue\",\"minValue\":\"1\",\"maxValue\":\"10\"}}]}<\/script>\n<!-- \/ Yoast SEO Premium plugin. -->","yoast_head_json":{"title":"Automatick\u00fd zatavova\u010d vreciek \u267e\ufe0f Samotesniaci stroj na plastov\u00e9, hlin\u00edkov\u00e9, papierov\u00e9 vreck\u00e1 - distrib\u00facia ARC","robots":{"index":"index","follow":"follow","max-snippet":"max-snippet:-1","max-image-preview":"max-image-preview:large","max-video-preview":"max-video-preview:-1"},"canonical":"https:\/\/www.distribucionarc.com\/en\/producto\/selladora-de-bolsas-automatica-\u267e\ufe0f-maquina-de-autosellado-de-bolsas-plasticoaluniopapel\/","og_locale":"sk_SK","og_type":"article","og_title":"Selladora de Bolsas Autom\u00e1tica \u267e\ufe0f M\u00e1quina de Autosellado de Bolsas de Pl\u00e1stico, Aluminio, Papel","og_description":"Selladora Horizontalmente en Continuo.  M\u00e1quina de sobremesa fabricada en\u00a0acero inoxidable,\u00a0ideal para medias y grandes producciones.  Muy f\u00e1cil de configurar, garantiza un soldado perfecto de cualquier material termosellable: polietileno (PE), polipropileno (PP) y laminados.  Adecuada para todo tipo de bolsas","og_url":"https:\/\/www.distribucionarc.com\/en\/producto\/selladora-de-bolsas-automatica-\u267e\ufe0f-maquina-de-autosellado-de-bolsas-plasticoaluniopapel\/","og_site_name":"distribuci\u00f3n ARC","article_modified_time":"2023-07-31T18:19:57+00:00","og_image":[{"width":1600,"height":1600,"url":"https:\/\/distribucionarc.com\/wp-content\/uploads\/2020\/04\/selladora_de_bolsas_autom\u00e1tica_0.jpg","type":"image\/jpeg"}],"twitter_card":"summary_large_image","twitter_misc":{"Predpokladan\u00fd \u010das \u010d\u00edtania":"1 min\u00fata"},"schema":{"@context":"https:\/\/schema.org","@graph":[{"@type":"WebPage","@id":"https:\/\/www.distribucionarc.com\/en\/producto\/selladora-de-bolsas-automatica-%e2%99%be%ef%b8%8f-maquina-de-autosellado-de-bolsas-plasticoaluniopapel\/","url":"https:\/\/www.distribucionarc.com\/en\/producto\/selladora-de-bolsas-automatica-%e2%99%be%ef%b8%8f-maquina-de-autosellado-de-bolsas-plasticoaluniopapel\/","name":"Automatick\u00fd zatavova\u010d vreciek \u267e\ufe0f Samotesniaci stroj na plastov\u00e9, hlin\u00edkov\u00e9, papierov\u00e9 vreck\u00e1 - distrib\u00facia ARC","isPartOf":{"@id":"https:\/\/www.distribucionarc.com\/sl\/#website"},"primaryImageOfPage":{"@id":"https:\/\/www.distribucionarc.com\/en\/producto\/selladora-de-bolsas-automatica-%e2%99%be%ef%b8%8f-maquina-de-autosellado-de-bolsas-plasticoaluniopapel\/#primaryimage"},"image":{"@id":"https:\/\/www.distribucionarc.com\/en\/producto\/selladora-de-bolsas-automatica-%e2%99%be%ef%b8%8f-maquina-de-autosellado-de-bolsas-plasticoaluniopapel\/#primaryimage"},"thumbnailUrl":"https:\/\/distribucionarc.com\/wp-content\/uploads\/2020\/04\/selladora_de_bolsas_autom\u00e1tica_0.jpg","datePublished":"2020-04-18T15:20:05+00:00","dateModified":"2023-07-31T18:19:57+00:00","breadcrumb":{"@id":"https:\/\/www.distribucionarc.com\/en\/producto\/selladora-de-bolsas-automatica-%e2%99%be%ef%b8%8f-maquina-de-autosellado-de-bolsas-plasticoaluniopapel\/#breadcrumb"},"inLanguage":"sk-SK","potentialAction":[{"@type":"ReadAction","target":["https:\/\/www.distribucionarc.com\/en\/producto\/selladora-de-bolsas-automatica-%e2%99%be%ef%b8%8f-maquina-de-autosellado-de-bolsas-plasticoaluniopapel\/"]}]},{"@type":"ImageObject","inLanguage":"sk-SK","@id":"https:\/\/www.distribucionarc.com\/en\/producto\/selladora-de-bolsas-automatica-%e2%99%be%ef%b8%8f-maquina-de-autosellado-de-bolsas-plasticoaluniopapel\/#primaryimage","url":"https:\/\/distribucionarc.com\/wp-content\/uploads\/2020\/04\/selladora_de_bolsas_autom\u00e1tica_0.jpg","contentUrl":"https:\/\/distribucionarc.com\/wp-content\/uploads\/2020\/04\/selladora_de_bolsas_autom\u00e1tica_0.jpg","width":1600,"height":1600},{"@type":"BreadcrumbList","@id":"https:\/\/www.distribucionarc.com\/en\/producto\/selladora-de-bolsas-automatica-%e2%99%be%ef%b8%8f-maquina-de-autosellado-de-bolsas-plasticoaluniopapel\/#breadcrumb","itemListElement":[{"@type":"ListItem","position":1,"name":"Portada","item":"https:\/\/www.distribucionarc.com\/"},{"@type":"ListItem","position":2,"name":"\u00dcr\u00fcnler","item":"https:\/\/www.distribucionarc.com\/tr\/magaza\/"},{"@type":"ListItem","position":3,"name":"Selladora de Bolsas Autom\u00e1tica \u267e\ufe0f M\u00e1quina de Autosellado de Bolsas de Pl\u00e1stico, Aluminio, Papel"}]},{"@type":"WebSite","@id":"https:\/\/www.distribucionarc.com\/sl\/#website","url":"https:\/\/www.distribucionarc.com\/sl\/","name":"ARC distrib\u00facia","description":"Spolo\u010dnos\u0165 sa \u0161pecializuje na v\u00fdrobu a distrib\u00faciu priemyseln\u00fdch strojov, strojov na uzatv\u00e1ranie plechoviek, strojov na v\u00fdrobu tabliet, strojov na porciovanie m\u00e4sa...","publisher":{"@id":"https:\/\/www.distribucionarc.com\/sl\/#organization"},"potentialAction":[{"@type":"SearchAction","target":{"@type":"EntryPoint","urlTemplate":"https:\/\/www.distribucionarc.com\/sl\/?s={search_term_string}"},"query-input":{"@type":"PropertyValueSpecification","valueRequired":true,"valueName":"search_term_string"}}],"inLanguage":"sk-SK"},{"@type":"Organization","@id":"https:\/\/www.distribucionarc.com\/sl\/#organization","name":"Distrib\u00facia ARC","url":"https:\/\/www.distribucionarc.com\/sl\/","logo":{"@type":"ImageObject","inLanguage":"sk-SK","@id":"https:\/\/www.distribucionarc.com\/sl\/#\/schema\/logo\/image\/","url":"https:\/\/distribucionarc.com\/wp-content\/uploads\/2024\/10\/distribucion-ARC-COLOR-SIN-FONDO-e1732295305345.png","contentUrl":"https:\/\/distribucionarc.com\/wp-content\/uploads\/2024\/10\/distribucion-ARC-COLOR-SIN-FONDO-e1732295305345.png","width":1164,"height":558,"caption":"Distribuci\u00f3n ARC"},"image":{"@id":"https:\/\/www.distribucionarc.com\/sl\/#\/schema\/logo\/image\/"},"description":"Spolo\u010dnos\u0165 \u0161pecializuj\u00faca sa na v\u00fdrobu a distrib\u00faciu priemyseln\u00fdch strojov pre potravin\u00e1rsky a farmaceutick\u00fd sektor. \u0160pecializujeme sa na: Stroje na kr\u00e1janie m\u00e4sa V\u00fdroba tabliet Priemyseln\u00e9 dopravn\u00e9 syst\u00e9my D\u00e1vkova\u010de na f\u013ea\u0161e A ove\u013ea viac... Pon\u00fakame inovat\u00edvne a prisp\u00f4soben\u00e9 rie\u0161enia na optimaliz\u00e1ciu v\u00fdrobn\u00fdch procesov va\u0161ej spolo\u010dnosti.","email":"Admistracion@distribucionarc.com","telephone":"+34 643496664","legalName":"ARC TECH SOLUTIONS","foundingDate":"2024-04-09","vatID":"B55480172","numberOfEmployees":{"@type":"QuantitativeValue","minValue":"1","maxValue":"10"}}]}},"_links":{"self":[{"href":"https:\/\/distribucionarc.com\/sk\/wp-json\/wp\/v2\/product\/385","targetHints":{"allow":["GET"]}}],"collection":[{"href":"https:\/\/distribucionarc.com\/sk\/wp-json\/wp\/v2\/product"}],"about":[{"href":"https:\/\/distribucionarc.com\/sk\/wp-json\/wp\/v2\/types\/product"}],"replies":[{"embeddable":true,"href":"https:\/\/distribucionarc.com\/sk\/wp-json\/wp\/v2\/comments?post=385"}],"version-history":[{"count":0,"href":"https:\/\/distribucionarc.com\/sk\/wp-json\/wp\/v2\/product\/385\/revisions"}],"wp:featuredmedia":[{"embeddable":true,"href":"https:\/\/distribucionarc.com\/sk\/wp-json\/wp\/v2\/media\/418"}],"wp:attachment":[{"href":"https:\/\/distribucionarc.com\/sk\/wp-json\/wp\/v2\/media?parent=385"}],"wp:term":[{"taxonomy":"product_brand","embeddable":true,"href":"https:\/\/distribucionarc.com\/sk\/wp-json\/wp\/v2\/product_brand?post=385"},{"taxonomy":"product_cat","embeddable":true,"href":"https:\/\/distribucionarc.com\/sk\/wp-json\/wp\/v2\/product_cat?post=385"},{"taxonomy":"product_tag","embeddable":true,"href":"https:\/\/distribucionarc.com\/sk\/wp-json\/wp\/v2\/product_tag?post=385"}],"curies":[{"name":"pracovn\u00fd list","href":"https:\/\/api.w.org\/{rel}","templated":true}]}}