{"id":3890,"date":"2020-10-10T15:15:11","date_gmt":"2020-10-10T15:15:11","guid":{"rendered":"https:\/\/distribucionarc.com\/?post_type=product&#038;p=3890"},"modified":"2023-07-31T09:33:47","modified_gmt":"2023-07-31T09:33:47","slug":"priemyselno-elektricky-mlyn","status":"publish","type":"product","link":"https:\/\/distribucionarc.com\/sk\/producto\/molino-electrico-industrial\/","title":{"rendered":"Priemyseln\u00fd elektrick\u00fd mlyn"},"content":{"rendered":"<h3>Elektrick\u00fd mlyn\u010dek na obilie a obilniny<\/h3>\n<p>Puzdro tohto<strong> elektrick\u00fd mlyn <span style=\"color: #ff0000;\">TO<\/span><span style=\"color: #0000ff;\">R<\/span>c<\/strong> Je vyroben\u00fd z pozinkovan\u00e9ho \u017eeleza, ktor\u00e9 zabra\u0148uje hrdzaveniu alebo deform\u00e1cii mlyna po\u010das procesu mletia. Z\u00edskajte jemn\u00e9 a komplexn\u00e9 mletie ak\u00e9hoko\u013evek zrna alebo obiln\u00edn.  T\u00e1to br\u00faska sa \u013eahko pou\u017e\u00edva a z\u00e1rove\u0148 je r\u00fdchla v\u010faka v\u00fdkonn\u00e9mu 2000W motoru, ktor\u00fd pracuje pri 1400 ot.\/min.<\/p>\n<p>Toto <strong>br\u00faska <span style=\"color: #ff0000;\">TO<\/span><span style=\"color: #0000ff;\">R<\/span>CME2K<\/strong> Je vhodn\u00fd na mletie a drvenie kukurice, ry\u017ee, obiln\u00edn, obiln\u00edn, s\u00f3je at\u010f. Vhodn\u00e9 na v\u00fdrobu m\u00fak alebo pr\u00edpravkov do rastlinn\u00fdch mliek. Z\u00e1rove\u0148 sa d\u00e1 pou\u017ei\u0165 na spracovanie a mletie krmiva.<\/p>\n<h6><strong>Z\u00e1ruka\u00a0<span style=\"color: #ff0000;\">TO<\/span><span style=\"color: #0000ff;\">R<\/span>C 2 ROKY<\/strong><\/h6>\n<h6><span style=\"color: #008000;\">Efekt\u00edvny elektrick\u00fd mlyn, n\u00edzka spotreba 2000w<\/span><\/h6>\n<h6><strong>vr\u00e1tane technickej podpory<\/strong><\/h6>\n<p>&nbsp;<\/p>\n<table role=\"presentation\" width=\"100%\" cellspacing=\"0\" cellpadding=\"0\">\n<tbody>\n<tr>\n<td class=\"attrLabels\">Zna\u010dka:<\/td>\n<td width=\"50.0%\">ARC<\/td>\n<\/tr>\n<tr>\n<td class=\"attrLabels\">Z\u00e1ruka:<\/td>\n<td width=\"50.0%\">2 roky<\/td>\n<td class=\"attrLabels\">Hmotnos\u0165:<\/td>\n<td width=\"50.0%\">28 kg<\/td>\n<\/tr>\n<tr>\n<td class=\"attrLabels\">Krajina distrib\u00facie:<\/td>\n<td width=\"50.0%\">\u0160panielsko, Nemecko, USA<\/td>\n<td class=\"attrLabels\">v\u00fd\u0161ka:<\/td>\n<td width=\"50.0%\">27 cm<\/td>\n<\/tr>\n<tr>\n<td class=\"attrLabels\">Farba:<\/td>\n<td width=\"50.0%\">Zelen\u00e1<\/td>\n<td class=\"attrLabels\">Dlh\u00e9:<\/td>\n<td width=\"50.0%\">58 cm<\/td>\n<\/tr>\n<tr>\n<td class=\"attrLabels\">Typ produktu:<\/td>\n<td width=\"50.0%\">Elektrick\u00e1 br\u00faska<\/td>\n<td class=\"attrLabels\">\u0160irok\u00e1:<\/td>\n<td width=\"50.0%\">43 cm<\/td>\n<\/tr>\n<tr>\n<td class=\"attrLabels\">\u010c\u00edslo v\u00fdrobcu:<\/td>\n<td width=\"50.0%\">ARCME2K<\/td>\n<td class=\"attrLabels\">Kapacita mletia:<\/td>\n<td width=\"50.0%\">50 \u2013 80 kg\/h v z\u00e1vislosti od zrna alebo obilniny<\/td>\n<\/tr>\n<tr>\n<td class=\"attrLabels\">Materi\u00e1l:<\/td>\n<td width=\"50.0%\">Pozinkovan\u00e1 oce\u013e, v\u00fdkonn\u00fd motor<\/td>\n<td class=\"attrLabels\">Spresnenie:<\/td>\n<td width=\"50.0%\">50 kg\/hod<\/td>\n<\/tr>\n<tr>\n<td class=\"attrLabels\">Nap\u00e4tie:<\/td>\n<td width=\"50.0%\">220V 50Hz a\u017e 60Hz<\/td>\n<td class=\"attrLabels\">Ve\u013ekos\u0165 vrt\u00e1ku:<\/td>\n<td width=\"50.0%\">150 mm<\/td>\n<\/tr>\n<tr>\n<td class=\"attrLabels\">V\u00fdkon:<\/td>\n<td width=\"50.0%\">2000 W<\/td>\n<td class=\"attrLabels\">Typ z\u00e1kruty:<\/td>\n<td width=\"50.0%\">\u00a0Proti smeru hodinov\u00fdch ru\u010di\u010diek<\/td>\n<\/tr>\n<\/tbody>\n<\/table>","protected":false},"excerpt":{"rendered":"<h2>Elektrick\u00fd mlyn\u010dek na obilie a obilniny<\/h2>\n<p>Toto <strong>br\u00faska<\/strong> Je vhodn\u00fd na drvenie kukurice, ry\u017ee, obiln\u00edn, obiln\u00edn, s\u00f3je at\u010f. Vhodn\u00e9 na v\u00fdrobu m\u00fak alebo pr\u00edpravkov do rastlinn\u00fdch mliek. Z\u00e1rove\u0148 sa d\u00e1 pou\u017ei\u0165 na spracovanie a mletie krmiva. U\u0161etrite \u010das a peniaze s v\u00fdkonn\u00fdm elektromotorom tohto <strong>vetern\u00fd mlyn<span style=\"color: #ff0000;\"> TO<\/span><span style=\"color: #0000ff;\">R<\/span>c<\/strong><\/p>\n<h6><strong>Z\u00e1ruka\u00a0<span style=\"color: #ff0000;\">TO<\/span><span style=\"color: #0000ff;\">R<\/span>C 2 ROKY<\/strong><\/h6>\n<h6><span style=\"color: #008000;\">Efekt\u00edvny elektrick\u00fd mlyn, n\u00edzka spotreba 2000w<\/span><\/h6>\n<h6><strong>vr\u00e1tane technickej podpory<\/strong><\/h6>","protected":false},"featured_media":3896,"comment_status":"open","ping_status":"closed","template":"","meta":{"wds_primary_product_brand":0,"wds_primary_product_cat":0},"product_brand":[],"product_cat":[30],"product_tag":[],"class_list":{"0":"post-3890","1":"product","2":"type-product","3":"status-publish","4":"has-post-thumbnail","6":"product_cat-maquinaria-apicola","7":"product_shipping_class-hosteleria","9":"first","10":"instock","11":"taxable","12":"shipping-taxable","13":"purchasable","14":"product-type-simple"},"yoast_head":"<!-- This site is optimized with the Yoast SEO Premium plugin v24.9 (Yoast SEO v26.1) - https:\/\/yoast.com\/wordpress\/plugins\/seo\/ -->\n<title>Molino el\u00e9ctrico industrial - distribuci\u00f3n ARC<\/title>\n<meta name=\"robots\" content=\"index, follow, max-snippet:-1, max-image-preview:large, max-video-preview:-1\" \/>\n<link rel=\"canonical\" href=\"https:\/\/www.distribucionarc.com\/pl\/producto\/molino-electrico-industrial\/\" \/>\n<meta property=\"og:locale\" content=\"sk_SK\" \/>\n<meta property=\"og:type\" content=\"article\" \/>\n<meta property=\"og:title\" content=\"Molino el\u00e9ctrico industrial\" \/>\n<meta property=\"og:description\" content=\"Molino el\u00e9ctrico para granos y cereales Esta m\u00e1quina para moler es adecuada para triturar ma\u00edz, arroz, granos, cereales, soja, etc. Adecuada para elaborar harinas o preparados para leches vegetales. Al mismo tiempo, se puede utilizar para elaborar y \u00a0triturar piensos. Ahorre tiempo y dinero con el potente motor el\u00e9ctrico de este molino ARC Garant\u00eda\u00a0ARC 2 A\u00d1OS Molino el\u00e9ctrico eficiente, bajo consumo 2000w soporte t\u00e9cnico incluido\" \/>\n<meta property=\"og:url\" content=\"https:\/\/www.distribucionarc.com\/pl\/producto\/molino-electrico-industrial\/\" \/>\n<meta property=\"og:site_name\" content=\"distribuci\u00f3n ARC\" \/>\n<meta property=\"article:modified_time\" content=\"2023-07-31T09:33:47+00:00\" \/>\n<meta property=\"og:image\" content=\"https:\/\/distribucionarc.com\/wp-content\/uploads\/2020\/10\/Molino-el\u00e9ctrico-industrial-0.jpg\" \/>\n\t<meta property=\"og:image:width\" content=\"800\" \/>\n\t<meta property=\"og:image:height\" content=\"800\" \/>\n\t<meta property=\"og:image:type\" content=\"image\/jpeg\" \/>\n<meta name=\"twitter:card\" content=\"summary_large_image\" \/>\n<meta name=\"twitter:label1\" content=\"Predpokladan\u00fd \u010das \u010d\u00edtania\" \/>\n\t<meta name=\"twitter:data1\" content=\"1 min\u00fata\" \/>\n<script type=\"application\/ld+json\" class=\"yoast-schema-graph\">{\"@context\":\"https:\/\/schema.org\",\"@graph\":[{\"@type\":\"WebPage\",\"@id\":\"https:\/\/www.distribucionarc.com\/pl\/producto\/molino-electrico-industrial\/\",\"url\":\"https:\/\/www.distribucionarc.com\/pl\/producto\/molino-electrico-industrial\/\",\"name\":\"Molino el\u00e9ctrico industrial - distribuci\u00f3n ARC\",\"isPartOf\":{\"@id\":\"https:\/\/distribucionarc.com\/de\/#website\"},\"primaryImageOfPage\":{\"@id\":\"https:\/\/www.distribucionarc.com\/pl\/producto\/molino-electrico-industrial\/#primaryimage\"},\"image\":{\"@id\":\"https:\/\/www.distribucionarc.com\/pl\/producto\/molino-electrico-industrial\/#primaryimage\"},\"thumbnailUrl\":\"https:\/\/distribucionarc.com\/wp-content\/uploads\/2020\/10\/Molino-el\u00e9ctrico-industrial-0.jpg\",\"datePublished\":\"2020-10-10T15:15:11+00:00\",\"dateModified\":\"2023-07-31T09:33:47+00:00\",\"breadcrumb\":{\"@id\":\"https:\/\/www.distribucionarc.com\/pl\/producto\/molino-electrico-industrial\/#breadcrumb\"},\"inLanguage\":\"sk-SK\",\"potentialAction\":[{\"@type\":\"ReadAction\",\"target\":[\"https:\/\/www.distribucionarc.com\/pl\/producto\/molino-electrico-industrial\/\"]}]},{\"@type\":\"ImageObject\",\"inLanguage\":\"sk-SK\",\"@id\":\"https:\/\/www.distribucionarc.com\/pl\/producto\/molino-electrico-industrial\/#primaryimage\",\"url\":\"https:\/\/distribucionarc.com\/wp-content\/uploads\/2020\/10\/Molino-el\u00e9ctrico-industrial-0.jpg\",\"contentUrl\":\"https:\/\/distribucionarc.com\/wp-content\/uploads\/2020\/10\/Molino-el\u00e9ctrico-industrial-0.jpg\",\"width\":800,\"height\":800,\"caption\":\"Molino el\u00e9ctrico industrial\"},{\"@type\":\"BreadcrumbList\",\"@id\":\"https:\/\/www.distribucionarc.com\/pl\/producto\/molino-electrico-industrial\/#breadcrumb\",\"itemListElement\":[{\"@type\":\"ListItem\",\"position\":1,\"name\":\"Portada\",\"item\":\"https:\/\/distribucionarc.com\/pl\/\"},{\"@type\":\"ListItem\",\"position\":2,\"name\":\"Produkty\",\"item\":\"https:\/\/distribucionarc.com\/pl\/shop\/\"},{\"@type\":\"ListItem\",\"position\":3,\"name\":\"Molino el\u00e9ctrico industrial\"}]},{\"@type\":\"WebSite\",\"@id\":\"https:\/\/distribucionarc.com\/de\/#website\",\"url\":\"https:\/\/distribucionarc.com\/de\/\",\"name\":\"distribuci\u00f3n ARC\",\"description\":\"Empresa especializada en la fabricaci\u00f3n y distribuci\u00f3n de maquinaria industrial, selladoras de latas, Maquinas de hacer pastillas, Maquinas de cortar carne...\",\"publisher\":{\"@id\":\"https:\/\/distribucionarc.com\/de\/#organization\"},\"potentialAction\":[{\"@type\":\"SearchAction\",\"target\":{\"@type\":\"EntryPoint\",\"urlTemplate\":\"https:\/\/distribucionarc.com\/de\/?s={search_term_string}\"},\"query-input\":{\"@type\":\"PropertyValueSpecification\",\"valueRequired\":true,\"valueName\":\"search_term_string\"}}],\"inLanguage\":\"sk-SK\"},{\"@type\":\"Organization\",\"@id\":\"https:\/\/distribucionarc.com\/de\/#organization\",\"name\":\"Distribuci\u00f3n ARC\",\"url\":\"https:\/\/distribucionarc.com\/de\/\",\"logo\":{\"@type\":\"ImageObject\",\"inLanguage\":\"sk-SK\",\"@id\":\"https:\/\/distribucionarc.com\/de\/#\/schema\/logo\/image\/\",\"url\":\"https:\/\/distribucionarc.com\/wp-content\/uploads\/2024\/10\/distribucion-ARC-COLOR-SIN-FONDO-e1732295305345.png\",\"contentUrl\":\"https:\/\/distribucionarc.com\/wp-content\/uploads\/2024\/10\/distribucion-ARC-COLOR-SIN-FONDO-e1732295305345.png\",\"width\":1164,\"height\":558,\"caption\":\"Distribuci\u00f3n ARC\"},\"image\":{\"@id\":\"https:\/\/distribucionarc.com\/de\/#\/schema\/logo\/image\/\"},\"description\":\"Empresa especializada en la fabricaci\u00f3n y distribuci\u00f3n de maquinaria industrial para los sectores alimentario y farmac\u00e9utico. Nos especializamos en: M\u00e1quinas de cortar carne Fabricaci\u00f3n de comprimidos Sistemas de transporte industrial L\u00edneas de embotellado Dosificadores Y mucho m\u00e1s... Ofrecemos soluciones innovadoras y personalizadas para optimizar los procesos productivos de tu empresa.\",\"email\":\"Admistracion@distribucionarc.com\",\"telephone\":\"+34 643496664\",\"legalName\":\"ARC TECH SOLUTIONS\",\"foundingDate\":\"2024-04-09\",\"vatID\":\"B55480172\",\"numberOfEmployees\":{\"@type\":\"QuantitativeValue\",\"minValue\":\"1\",\"maxValue\":\"10\"}}]}<\/script>\n<!-- \/ Yoast SEO Premium plugin. -->","yoast_head_json":{"title":"Priemyseln\u00fd elektrick\u00fd mlyn - ARC rozvod","robots":{"index":"index","follow":"follow","max-snippet":"max-snippet:-1","max-image-preview":"max-image-preview:large","max-video-preview":"max-video-preview:-1"},"canonical":"https:\/\/www.distribucionarc.com\/pl\/producto\/molino-electrico-industrial\/","og_locale":"sk_SK","og_type":"article","og_title":"Molino el\u00e9ctrico industrial","og_description":"Molino el\u00e9ctrico para granos y cereales Esta m\u00e1quina para moler es adecuada para triturar ma\u00edz, arroz, granos, cereales, soja, etc. Adecuada para elaborar harinas o preparados para leches vegetales. Al mismo tiempo, se puede utilizar para elaborar y \u00a0triturar piensos. Ahorre tiempo y dinero con el potente motor el\u00e9ctrico de este molino ARC Garant\u00eda\u00a0ARC 2 A\u00d1OS Molino el\u00e9ctrico eficiente, bajo consumo 2000w soporte t\u00e9cnico incluido","og_url":"https:\/\/www.distribucionarc.com\/pl\/producto\/molino-electrico-industrial\/","og_site_name":"distribuci\u00f3n ARC","article_modified_time":"2023-07-31T09:33:47+00:00","og_image":[{"width":800,"height":800,"url":"https:\/\/distribucionarc.com\/wp-content\/uploads\/2020\/10\/Molino-el\u00e9ctrico-industrial-0.jpg","type":"image\/jpeg"}],"twitter_card":"summary_large_image","twitter_misc":{"Predpokladan\u00fd \u010das \u010d\u00edtania":"1 min\u00fata"},"schema":{"@context":"https:\/\/schema.org","@graph":[{"@type":"WebPage","@id":"https:\/\/www.distribucionarc.com\/pl\/producto\/molino-electrico-industrial\/","url":"https:\/\/www.distribucionarc.com\/pl\/producto\/molino-electrico-industrial\/","name":"Priemyseln\u00fd elektrick\u00fd mlyn - ARC rozvod","isPartOf":{"@id":"https:\/\/distribucionarc.com\/de\/#website"},"primaryImageOfPage":{"@id":"https:\/\/www.distribucionarc.com\/pl\/producto\/molino-electrico-industrial\/#primaryimage"},"image":{"@id":"https:\/\/www.distribucionarc.com\/pl\/producto\/molino-electrico-industrial\/#primaryimage"},"thumbnailUrl":"https:\/\/distribucionarc.com\/wp-content\/uploads\/2020\/10\/Molino-el\u00e9ctrico-industrial-0.jpg","datePublished":"2020-10-10T15:15:11+00:00","dateModified":"2023-07-31T09:33:47+00:00","breadcrumb":{"@id":"https:\/\/www.distribucionarc.com\/pl\/producto\/molino-electrico-industrial\/#breadcrumb"},"inLanguage":"sk-SK","potentialAction":[{"@type":"ReadAction","target":["https:\/\/www.distribucionarc.com\/pl\/producto\/molino-electrico-industrial\/"]}]},{"@type":"ImageObject","inLanguage":"sk-SK","@id":"https:\/\/www.distribucionarc.com\/pl\/producto\/molino-electrico-industrial\/#primaryimage","url":"https:\/\/distribucionarc.com\/wp-content\/uploads\/2020\/10\/Molino-el\u00e9ctrico-industrial-0.jpg","contentUrl":"https:\/\/distribucionarc.com\/wp-content\/uploads\/2020\/10\/Molino-el\u00e9ctrico-industrial-0.jpg","width":800,"height":800,"caption":"Molino el\u00e9ctrico industrial"},{"@type":"BreadcrumbList","@id":"https:\/\/www.distribucionarc.com\/pl\/producto\/molino-electrico-industrial\/#breadcrumb","itemListElement":[{"@type":"ListItem","position":1,"name":"Portada","item":"https:\/\/distribucionarc.com\/pl\/"},{"@type":"ListItem","position":2,"name":"Produkty","item":"https:\/\/distribucionarc.com\/pl\/shop\/"},{"@type":"ListItem","position":3,"name":"Molino el\u00e9ctrico industrial"}]},{"@type":"WebSite","@id":"https:\/\/distribucionarc.com\/de\/#website","url":"https:\/\/distribucionarc.com\/de\/","name":"ARC distrib\u00facia","description":"Spolo\u010dnos\u0165 sa \u0161pecializuje na v\u00fdrobu a distrib\u00faciu priemyseln\u00fdch strojov, strojov na uzatv\u00e1ranie plechoviek, strojov na v\u00fdrobu tabliet, strojov na porciovanie m\u00e4sa...","publisher":{"@id":"https:\/\/distribucionarc.com\/de\/#organization"},"potentialAction":[{"@type":"SearchAction","target":{"@type":"EntryPoint","urlTemplate":"https:\/\/distribucionarc.com\/de\/?s={search_term_string}"},"query-input":{"@type":"PropertyValueSpecification","valueRequired":true,"valueName":"search_term_string"}}],"inLanguage":"sk-SK"},{"@type":"Organization","@id":"https:\/\/distribucionarc.com\/de\/#organization","name":"Distrib\u00facia ARC","url":"https:\/\/distribucionarc.com\/de\/","logo":{"@type":"ImageObject","inLanguage":"sk-SK","@id":"https:\/\/distribucionarc.com\/de\/#\/schema\/logo\/image\/","url":"https:\/\/distribucionarc.com\/wp-content\/uploads\/2024\/10\/distribucion-ARC-COLOR-SIN-FONDO-e1732295305345.png","contentUrl":"https:\/\/distribucionarc.com\/wp-content\/uploads\/2024\/10\/distribucion-ARC-COLOR-SIN-FONDO-e1732295305345.png","width":1164,"height":558,"caption":"Distribuci\u00f3n ARC"},"image":{"@id":"https:\/\/distribucionarc.com\/de\/#\/schema\/logo\/image\/"},"description":"Spolo\u010dnos\u0165 \u0161pecializuj\u00faca sa na v\u00fdrobu a distrib\u00faciu priemyseln\u00fdch strojov pre potravin\u00e1rsky a farmaceutick\u00fd sektor. \u0160pecializujeme sa na: Stroje na kr\u00e1janie m\u00e4sa V\u00fdroba tabliet Priemyseln\u00e9 dopravn\u00e9 syst\u00e9my D\u00e1vkova\u010de na f\u013ea\u0161e A ove\u013ea viac... Pon\u00fakame inovat\u00edvne a prisp\u00f4soben\u00e9 rie\u0161enia na optimaliz\u00e1ciu v\u00fdrobn\u00fdch procesov va\u0161ej spolo\u010dnosti.","email":"Admistracion@distribucionarc.com","telephone":"+34 643496664","legalName":"ARC TECH SOLUTIONS","foundingDate":"2024-04-09","vatID":"B55480172","numberOfEmployees":{"@type":"QuantitativeValue","minValue":"1","maxValue":"10"}}]}},"_links":{"self":[{"href":"https:\/\/distribucionarc.com\/sk\/wp-json\/wp\/v2\/product\/3890","targetHints":{"allow":["GET"]}}],"collection":[{"href":"https:\/\/distribucionarc.com\/sk\/wp-json\/wp\/v2\/product"}],"about":[{"href":"https:\/\/distribucionarc.com\/sk\/wp-json\/wp\/v2\/types\/product"}],"replies":[{"embeddable":true,"href":"https:\/\/distribucionarc.com\/sk\/wp-json\/wp\/v2\/comments?post=3890"}],"version-history":[{"count":1,"href":"https:\/\/distribucionarc.com\/sk\/wp-json\/wp\/v2\/product\/3890\/revisions"}],"predecessor-version":[{"id":9818,"href":"https:\/\/distribucionarc.com\/sk\/wp-json\/wp\/v2\/product\/3890\/revisions\/9818"}],"wp:featuredmedia":[{"embeddable":true,"href":"https:\/\/distribucionarc.com\/sk\/wp-json\/wp\/v2\/media\/3896"}],"wp:attachment":[{"href":"https:\/\/distribucionarc.com\/sk\/wp-json\/wp\/v2\/media?parent=3890"}],"wp:term":[{"taxonomy":"product_brand","embeddable":true,"href":"https:\/\/distribucionarc.com\/sk\/wp-json\/wp\/v2\/product_brand?post=3890"},{"taxonomy":"product_cat","embeddable":true,"href":"https:\/\/distribucionarc.com\/sk\/wp-json\/wp\/v2\/product_cat?post=3890"},{"taxonomy":"product_tag","embeddable":true,"href":"https:\/\/distribucionarc.com\/sk\/wp-json\/wp\/v2\/product_tag?post=3890"}],"curies":[{"name":"pracovn\u00fd list","href":"https:\/\/api.w.org\/{rel}","templated":true}]}}