{"id":4026,"date":"2020-10-15T14:18:55","date_gmt":"2020-10-15T14:18:55","guid":{"rendered":"https:\/\/distribucionarc.com\/?post_type=product&#038;p=4026"},"modified":"2020-10-15T14:18:55","modified_gmt":"2020-10-15T14:18:55","slug":"elektricky-stroj-na-vyrobu-cestovin","status":"publish","type":"product","link":"https:\/\/distribucionarc.com\/sk\/producto\/maquina-electrica-para-hacer-pasta\/","title":{"rendered":"Elektrick\u00fd v\u00fdrobn\u00edk cestov\u00edn\u00a0"},"content":{"rendered":"<h2>Elektrick\u00fd stroj na v\u00fdrobu cestov\u00edn<\/h2>\n<p>Toto <strong>stroj\u010dek na cestoviny <span style=\"color: #ff0000;\">TO<\/span><span style=\"color: #0000ff;\">R<\/span>c<\/strong> Je vyroben\u00fd z potravin\u00e1rskej nehrdzavej\u00facej ocele, pevn\u00fd a odoln\u00fd. Vstup z\u00e1sobn\u00edka stroja u\u013eah\u010duje a zabezpe\u010duje obsluhu. V\u00fdkonn\u00fd 400W motor je schopn\u00fd produkova\u0165 <strong>15 a\u017e 20 kg cestov\u00edn <\/strong>dom\u00e1ce<strong>.<\/strong><\/p>\n<p>Pomocou gomb\u00edka na val\u010dekoch m\u00f4\u017eete nastavi\u0165 r\u00f4znu hr\u00fabku cesta od 0,1 mm do 20 mm pre r\u00f4zne druhy cestov\u00edn. Rovnako ako si m\u00f4\u017eete nastavi\u0165 hr\u00fabku rezancov od 3 mm do 9 mm. Prev\u00e1dzka tohto <strong>stroj\u010dek na cestoviny <span style=\"color: #ff0000;\">TO<\/span><span style=\"color: #0000ff;\">R<\/span>CMP20<\/strong> Je to jednoduch\u00e9 v\u010faka nastavite\u013en\u00fdm gomb\u00edkom a ovl\u00e1daciemu tla\u010didlu.<\/p>\n<h6><strong>Z\u00e1ruka\u00a0<span style=\"color: #ff0000;\">TO<\/span><span style=\"color: #0000ff;\">R<\/span>c<\/strong><strong>\u00a02 ROKY<\/strong><\/h6>\n<h6><span style=\"color: #008000;\">V\u00fdkonn\u00fd stroj na cestoviny, n\u00edzka spotreba 350 \u2013 550w<\/span><\/h6>\n<h6><strong>vr\u00e1tane technickej podpory<\/strong><\/h6>\n<p>&nbsp;<\/p>\n<table role=\"presentation\" width=\"100%\" cellspacing=\"0\" cellpadding=\"0\">\n<tbody>\n<tr>\n<td class=\"attrLabels\">Zna\u010dka:<\/td>\n<td width=\"50.0%\">ARC<\/td>\n<\/tr>\n<tr>\n<td class=\"attrLabels\">Z\u00e1ruka:<\/td>\n<td width=\"50.0%\">2 roky<\/td>\n<td class=\"attrLabels\">Hmotnos\u0165:<\/td>\n<td width=\"50.0%\">20 kg<\/td>\n<\/tr>\n<tr>\n<td class=\"attrLabels\">Krajina distrib\u00facie:<\/td>\n<td width=\"50.0%\">\u0160panielsko, Nemecko, USA<\/td>\n<td class=\"attrLabels\">v\u00fd\u0161ka:<\/td>\n<td width=\"50.0%\">48,1 cm<\/td>\n<\/tr>\n<tr>\n<td class=\"attrLabels\">Farba:<\/td>\n<td width=\"50.0%\">Strieborn\u00e1<\/td>\n<td class=\"attrLabels\">Dlh\u00e9:<\/td>\n<td width=\"50.0%\">23,6 cm<\/td>\n<\/tr>\n<tr>\n<td class=\"attrLabels\">Typ produktu:<\/td>\n<td width=\"50.0%\">Stroj\u010dek na cestoviny<\/td>\n<td class=\"attrLabels\">\u0160irok\u00e1:<\/td>\n<td width=\"50.0%\">34 cm<\/td>\n<\/tr>\n<tr>\n<td class=\"attrLabels\">\u010c\u00edslo v\u00fdrobcu:<\/td>\n<td width=\"50.0%\">ARCMP20<\/td>\n<td class=\"attrLabels\">D\u013a\u017eka no\u017ea na cesto:<\/td>\n<td width=\"50.0%\">18 cm<\/td>\n<\/tr>\n<tr>\n<td class=\"attrLabels\">Materi\u00e1l:<\/td>\n<td width=\"50.0%\">304 potravin\u00e1rska nehrdzavej\u00faca oce\u013e<\/td>\n<td class=\"attrLabels\">Hr\u00fabka rezancov:<\/td>\n<td width=\"50.0%\">3 mm \u2013 9 mm<\/td>\n<\/tr>\n<tr>\n<td class=\"attrLabels\">Prev\u00e1dzka:<\/td>\n<td width=\"50.0%\">Energick\u00fd<\/td>\n<td class=\"attrLabels\">Hr\u00fabka cesta:<\/td>\n<td width=\"50.0%\">0,1 mm \u2013 20 mm<\/td>\n<\/tr>\n<tr>\n<td class=\"attrLabels\">Spotreba elektriny:<\/td>\n<td width=\"50.0%\">350W \u2013 550W<\/td>\n<td class=\"attrLabels\">Nap\u00e4tie:<\/td>\n<td width=\"50.0%\">220V 50Hz<\/td>\n<\/tr>\n<\/tbody>\n<\/table>","protected":false},"excerpt":{"rendered":"<h2>Elektrick\u00fd stroj na v\u00fdrobu cestov\u00edn<\/h2>\n<p>Toto<strong> elektrick\u00fd stroj\u010dek na cestoviny <span style=\"color: #ff0000;\">TO<\/span><span style=\"color: #0000ff;\">R<\/span>c<\/strong> Je vhodn\u00fd na v\u00fdrobu vlastn\u00fdch dom\u00e1cich cestov\u00edn, ktor\u00e9 s\u00fa ve\u013emi \u017eiadan\u00e9 v potravin\u00e1rskom priemysle ako aj v re\u0161taur\u00e1ci\u00e1ch, hoteloch, bufetoch a pod. Hr\u00fabku cestov\u00edn si m\u00f4\u017eete upravi\u0165 pod\u013ea svojich potrieb, necha\u0165 ju jednoducho vlo\u017ei\u0165 cesto a stla\u010den\u00edm tla\u010didla z\u00edskate lahodn\u00e9 tagliatelle, \u0161pagety alebo rezance. Siln\u00fd motor zabezpe\u010duje dostatok v\u00fdkonu. <strong>15 \u2013 20 kg cestov\u00edn za hodinu.<\/strong><\/p>","protected":false},"featured_media":4028,"comment_status":"open","ping_status":"closed","template":"","meta":{"wds_primary_product_brand":0,"wds_primary_product_cat":0},"product_brand":[],"product_cat":[266],"product_tag":[],"class_list":{"0":"post-4026","1":"product","2":"type-product","3":"status-publish","4":"has-post-thumbnail","6":"product_cat-accessories","7":"product_shipping_class-hosteleria","9":"first","10":"instock","11":"sale","12":"taxable","13":"shipping-taxable","14":"purchasable","15":"product-type-simple"},"yoast_head":"<!-- This site is optimized with the Yoast SEO Premium plugin v24.9 (Yoast SEO v26.1) - https:\/\/yoast.com\/wordpress\/plugins\/seo\/ -->\n<title>M\u00e1quina el\u00e9ctrica\u00a0para hacer pasta\u00a0 - distribuci\u00f3n ARC<\/title>\n<meta name=\"robots\" content=\"index, follow, max-snippet:-1, max-image-preview:large, max-video-preview:-1\" \/>\n<link rel=\"canonical\" href=\"https:\/\/www.distribucionarc.com\/nb\/producto\/maquina-electrica-para-hacer-pasta\/\" \/>\n<meta property=\"og:locale\" content=\"sk_SK\" \/>\n<meta property=\"og:type\" content=\"article\" \/>\n<meta property=\"og:title\" content=\"M\u00e1quina el\u00e9ctrica\u00a0para hacer pasta\u00a0\" \/>\n<meta property=\"og:description\" content=\"M\u00e1quina el\u00e9ctrica para hacer pasta Esta m\u00e1quina para pasta el\u00e9ctrica ARC es la adecuada para elaborar su propia pasta casera muy demandada en industria alimentaria al igual que en restaurantes, hoteles, buf\u00e9s, etc. Puede ajustar el grosor de las pastas seg\u00fan sus necesidades, dejarla configurada para simplemente introducir la masa y accionar el bot\u00f3n para obtener deliciosos tallarines, espaguetis o fideos. El potente motor le asegura bastante rendimiento de 15 \u2013 20 Kg de pasta por hora.\" \/>\n<meta property=\"og:url\" content=\"https:\/\/www.distribucionarc.com\/nb\/producto\/maquina-electrica-para-hacer-pasta\/\" \/>\n<meta property=\"og:site_name\" content=\"distribuci\u00f3n ARC\" \/>\n<meta property=\"og:image\" content=\"https:\/\/distribucionarc.com\/wp-content\/uploads\/2020\/10\/M\u00e1quina-el\u00e9ctrica-para-hacer-pasta-1.jpg\" \/>\n\t<meta property=\"og:image:width\" content=\"1001\" \/>\n\t<meta property=\"og:image:height\" content=\"1001\" \/>\n\t<meta property=\"og:image:type\" content=\"image\/jpeg\" \/>\n<meta name=\"twitter:card\" content=\"summary_large_image\" \/>\n<meta name=\"twitter:label1\" content=\"Predpokladan\u00fd \u010das \u010d\u00edtania\" \/>\n\t<meta name=\"twitter:data1\" content=\"1 min\u00fata\" \/>\n<script type=\"application\/ld+json\" class=\"yoast-schema-graph\">{\"@context\":\"https:\/\/schema.org\",\"@graph\":[{\"@type\":\"WebPage\",\"@id\":\"https:\/\/www.distribucionarc.com\/nb\/producto\/maquina-electrica-para-hacer-pasta\/\",\"url\":\"https:\/\/www.distribucionarc.com\/nb\/producto\/maquina-electrica-para-hacer-pasta\/\",\"name\":\"M\u00e1quina el\u00e9ctrica\u00a0para hacer pasta\u00a0 - distribuci\u00f3n ARC\",\"isPartOf\":{\"@id\":\"https:\/\/www.distribucionarc.com\/sl\/#website\"},\"primaryImageOfPage\":{\"@id\":\"https:\/\/www.distribucionarc.com\/nb\/producto\/maquina-electrica-para-hacer-pasta\/#primaryimage\"},\"image\":{\"@id\":\"https:\/\/www.distribucionarc.com\/nb\/producto\/maquina-electrica-para-hacer-pasta\/#primaryimage\"},\"thumbnailUrl\":\"https:\/\/distribucionarc.com\/wp-content\/uploads\/2020\/10\/M\u00e1quina-el\u00e9ctrica-para-hacer-pasta-1.jpg\",\"datePublished\":\"2020-10-15T14:18:55+00:00\",\"breadcrumb\":{\"@id\":\"https:\/\/www.distribucionarc.com\/nb\/producto\/maquina-electrica-para-hacer-pasta\/#breadcrumb\"},\"inLanguage\":\"sk-SK\",\"potentialAction\":[{\"@type\":\"ReadAction\",\"target\":[\"https:\/\/www.distribucionarc.com\/nb\/producto\/maquina-electrica-para-hacer-pasta\/\"]}]},{\"@type\":\"ImageObject\",\"inLanguage\":\"sk-SK\",\"@id\":\"https:\/\/www.distribucionarc.com\/nb\/producto\/maquina-electrica-para-hacer-pasta\/#primaryimage\",\"url\":\"https:\/\/distribucionarc.com\/wp-content\/uploads\/2020\/10\/M\u00e1quina-el\u00e9ctrica-para-hacer-pasta-1.jpg\",\"contentUrl\":\"https:\/\/distribucionarc.com\/wp-content\/uploads\/2020\/10\/M\u00e1quina-el\u00e9ctrica-para-hacer-pasta-1.jpg\",\"width\":1001,\"height\":1001,\"caption\":\"M\u00e1quina el\u00e9ctrica\u00a0para hacer pasta\u00a0\"},{\"@type\":\"BreadcrumbList\",\"@id\":\"https:\/\/www.distribucionarc.com\/nb\/producto\/maquina-electrica-para-hacer-pasta\/#breadcrumb\",\"itemListElement\":[{\"@type\":\"ListItem\",\"position\":1,\"name\":\"Portada\",\"item\":\"https:\/\/www.distribucionarc.com\/\"},{\"@type\":\"ListItem\",\"position\":2,\"name\":\"\u00dcr\u00fcnler\",\"item\":\"https:\/\/www.distribucionarc.com\/tr\/magaza\/\"},{\"@type\":\"ListItem\",\"position\":3,\"name\":\"M\u00e1quina el\u00e9ctrica\u00a0para hacer pasta\u00a0\"}]},{\"@type\":\"WebSite\",\"@id\":\"https:\/\/www.distribucionarc.com\/sl\/#website\",\"url\":\"https:\/\/www.distribucionarc.com\/sl\/\",\"name\":\"distribuci\u00f3n ARC\",\"description\":\"Empresa especializada en la fabricaci\u00f3n y distribuci\u00f3n de maquinaria industrial, selladoras de latas, Maquinas de hacer pastillas, Maquinas de cortar carne...\",\"publisher\":{\"@id\":\"https:\/\/www.distribucionarc.com\/sl\/#organization\"},\"potentialAction\":[{\"@type\":\"SearchAction\",\"target\":{\"@type\":\"EntryPoint\",\"urlTemplate\":\"https:\/\/www.distribucionarc.com\/sl\/?s={search_term_string}\"},\"query-input\":{\"@type\":\"PropertyValueSpecification\",\"valueRequired\":true,\"valueName\":\"search_term_string\"}}],\"inLanguage\":\"sk-SK\"},{\"@type\":\"Organization\",\"@id\":\"https:\/\/www.distribucionarc.com\/sl\/#organization\",\"name\":\"Distribuci\u00f3n ARC\",\"url\":\"https:\/\/www.distribucionarc.com\/sl\/\",\"logo\":{\"@type\":\"ImageObject\",\"inLanguage\":\"sk-SK\",\"@id\":\"https:\/\/www.distribucionarc.com\/sl\/#\/schema\/logo\/image\/\",\"url\":\"https:\/\/distribucionarc.com\/wp-content\/uploads\/2024\/10\/distribucion-ARC-COLOR-SIN-FONDO-e1732295305345.png\",\"contentUrl\":\"https:\/\/distribucionarc.com\/wp-content\/uploads\/2024\/10\/distribucion-ARC-COLOR-SIN-FONDO-e1732295305345.png\",\"width\":1164,\"height\":558,\"caption\":\"Distribuci\u00f3n ARC\"},\"image\":{\"@id\":\"https:\/\/www.distribucionarc.com\/sl\/#\/schema\/logo\/image\/\"},\"description\":\"Empresa especializada en la fabricaci\u00f3n y distribuci\u00f3n de maquinaria industrial para los sectores alimentario y farmac\u00e9utico. Nos especializamos en: M\u00e1quinas de cortar carne Fabricaci\u00f3n de comprimidos Sistemas de transporte industrial L\u00edneas de embotellado Dosificadores Y mucho m\u00e1s... Ofrecemos soluciones innovadoras y personalizadas para optimizar los procesos productivos de tu empresa.\",\"email\":\"Admistracion@distribucionarc.com\",\"telephone\":\"+34 643496664\",\"legalName\":\"ARC TECH SOLUTIONS\",\"foundingDate\":\"2024-04-09\",\"vatID\":\"B55480172\",\"numberOfEmployees\":{\"@type\":\"QuantitativeValue\",\"minValue\":\"1\",\"maxValue\":\"10\"}}]}<\/script>\n<!-- \/ Yoast SEO Premium plugin. -->","yoast_head_json":{"title":"Elektrick\u00fd v\u00fdrobn\u00edk cestov\u00edn - ARC rozvod","robots":{"index":"index","follow":"follow","max-snippet":"max-snippet:-1","max-image-preview":"max-image-preview:large","max-video-preview":"max-video-preview:-1"},"canonical":"https:\/\/www.distribucionarc.com\/nb\/producto\/maquina-electrica-para-hacer-pasta\/","og_locale":"sk_SK","og_type":"article","og_title":"M\u00e1quina el\u00e9ctrica\u00a0para hacer pasta\u00a0","og_description":"M\u00e1quina el\u00e9ctrica para hacer pasta Esta m\u00e1quina para pasta el\u00e9ctrica ARC es la adecuada para elaborar su propia pasta casera muy demandada en industria alimentaria al igual que en restaurantes, hoteles, buf\u00e9s, etc. Puede ajustar el grosor de las pastas seg\u00fan sus necesidades, dejarla configurada para simplemente introducir la masa y accionar el bot\u00f3n para obtener deliciosos tallarines, espaguetis o fideos. El potente motor le asegura bastante rendimiento de 15 \u2013 20 Kg de pasta por hora.","og_url":"https:\/\/www.distribucionarc.com\/nb\/producto\/maquina-electrica-para-hacer-pasta\/","og_site_name":"distribuci\u00f3n ARC","og_image":[{"width":1001,"height":1001,"url":"https:\/\/distribucionarc.com\/wp-content\/uploads\/2020\/10\/M\u00e1quina-el\u00e9ctrica-para-hacer-pasta-1.jpg","type":"image\/jpeg"}],"twitter_card":"summary_large_image","twitter_misc":{"Predpokladan\u00fd \u010das \u010d\u00edtania":"1 min\u00fata"},"schema":{"@context":"https:\/\/schema.org","@graph":[{"@type":"WebPage","@id":"https:\/\/www.distribucionarc.com\/nb\/producto\/maquina-electrica-para-hacer-pasta\/","url":"https:\/\/www.distribucionarc.com\/nb\/producto\/maquina-electrica-para-hacer-pasta\/","name":"Elektrick\u00fd v\u00fdrobn\u00edk cestov\u00edn - ARC rozvod","isPartOf":{"@id":"https:\/\/www.distribucionarc.com\/sl\/#website"},"primaryImageOfPage":{"@id":"https:\/\/www.distribucionarc.com\/nb\/producto\/maquina-electrica-para-hacer-pasta\/#primaryimage"},"image":{"@id":"https:\/\/www.distribucionarc.com\/nb\/producto\/maquina-electrica-para-hacer-pasta\/#primaryimage"},"thumbnailUrl":"https:\/\/distribucionarc.com\/wp-content\/uploads\/2020\/10\/M\u00e1quina-el\u00e9ctrica-para-hacer-pasta-1.jpg","datePublished":"2020-10-15T14:18:55+00:00","breadcrumb":{"@id":"https:\/\/www.distribucionarc.com\/nb\/producto\/maquina-electrica-para-hacer-pasta\/#breadcrumb"},"inLanguage":"sk-SK","potentialAction":[{"@type":"ReadAction","target":["https:\/\/www.distribucionarc.com\/nb\/producto\/maquina-electrica-para-hacer-pasta\/"]}]},{"@type":"ImageObject","inLanguage":"sk-SK","@id":"https:\/\/www.distribucionarc.com\/nb\/producto\/maquina-electrica-para-hacer-pasta\/#primaryimage","url":"https:\/\/distribucionarc.com\/wp-content\/uploads\/2020\/10\/M\u00e1quina-el\u00e9ctrica-para-hacer-pasta-1.jpg","contentUrl":"https:\/\/distribucionarc.com\/wp-content\/uploads\/2020\/10\/M\u00e1quina-el\u00e9ctrica-para-hacer-pasta-1.jpg","width":1001,"height":1001,"caption":"M\u00e1quina el\u00e9ctrica\u00a0para hacer pasta\u00a0"},{"@type":"BreadcrumbList","@id":"https:\/\/www.distribucionarc.com\/nb\/producto\/maquina-electrica-para-hacer-pasta\/#breadcrumb","itemListElement":[{"@type":"ListItem","position":1,"name":"Portada","item":"https:\/\/www.distribucionarc.com\/"},{"@type":"ListItem","position":2,"name":"\u00dcr\u00fcnler","item":"https:\/\/www.distribucionarc.com\/tr\/magaza\/"},{"@type":"ListItem","position":3,"name":"M\u00e1quina el\u00e9ctrica\u00a0para hacer pasta\u00a0"}]},{"@type":"WebSite","@id":"https:\/\/www.distribucionarc.com\/sl\/#website","url":"https:\/\/www.distribucionarc.com\/sl\/","name":"ARC distrib\u00facia","description":"Spolo\u010dnos\u0165 sa \u0161pecializuje na v\u00fdrobu a distrib\u00faciu priemyseln\u00fdch strojov, strojov na uzatv\u00e1ranie plechoviek, strojov na v\u00fdrobu tabliet, strojov na porciovanie m\u00e4sa...","publisher":{"@id":"https:\/\/www.distribucionarc.com\/sl\/#organization"},"potentialAction":[{"@type":"SearchAction","target":{"@type":"EntryPoint","urlTemplate":"https:\/\/www.distribucionarc.com\/sl\/?s={search_term_string}"},"query-input":{"@type":"PropertyValueSpecification","valueRequired":true,"valueName":"search_term_string"}}],"inLanguage":"sk-SK"},{"@type":"Organization","@id":"https:\/\/www.distribucionarc.com\/sl\/#organization","name":"Distrib\u00facia ARC","url":"https:\/\/www.distribucionarc.com\/sl\/","logo":{"@type":"ImageObject","inLanguage":"sk-SK","@id":"https:\/\/www.distribucionarc.com\/sl\/#\/schema\/logo\/image\/","url":"https:\/\/distribucionarc.com\/wp-content\/uploads\/2024\/10\/distribucion-ARC-COLOR-SIN-FONDO-e1732295305345.png","contentUrl":"https:\/\/distribucionarc.com\/wp-content\/uploads\/2024\/10\/distribucion-ARC-COLOR-SIN-FONDO-e1732295305345.png","width":1164,"height":558,"caption":"Distribuci\u00f3n ARC"},"image":{"@id":"https:\/\/www.distribucionarc.com\/sl\/#\/schema\/logo\/image\/"},"description":"Spolo\u010dnos\u0165 \u0161pecializuj\u00faca sa na v\u00fdrobu a distrib\u00faciu priemyseln\u00fdch strojov pre potravin\u00e1rsky a farmaceutick\u00fd sektor. \u0160pecializujeme sa na: Stroje na kr\u00e1janie m\u00e4sa V\u00fdroba tabliet Priemyseln\u00e9 dopravn\u00e9 syst\u00e9my D\u00e1vkova\u010de na f\u013ea\u0161e A ove\u013ea viac... Pon\u00fakame inovat\u00edvne a prisp\u00f4soben\u00e9 rie\u0161enia na optimaliz\u00e1ciu v\u00fdrobn\u00fdch procesov va\u0161ej spolo\u010dnosti.","email":"Admistracion@distribucionarc.com","telephone":"+34 643496664","legalName":"ARC TECH SOLUTIONS","foundingDate":"2024-04-09","vatID":"B55480172","numberOfEmployees":{"@type":"QuantitativeValue","minValue":"1","maxValue":"10"}}]}},"_links":{"self":[{"href":"https:\/\/distribucionarc.com\/sk\/wp-json\/wp\/v2\/product\/4026","targetHints":{"allow":["GET"]}}],"collection":[{"href":"https:\/\/distribucionarc.com\/sk\/wp-json\/wp\/v2\/product"}],"about":[{"href":"https:\/\/distribucionarc.com\/sk\/wp-json\/wp\/v2\/types\/product"}],"replies":[{"embeddable":true,"href":"https:\/\/distribucionarc.com\/sk\/wp-json\/wp\/v2\/comments?post=4026"}],"version-history":[{"count":0,"href":"https:\/\/distribucionarc.com\/sk\/wp-json\/wp\/v2\/product\/4026\/revisions"}],"wp:featuredmedia":[{"embeddable":true,"href":"https:\/\/distribucionarc.com\/sk\/wp-json\/wp\/v2\/media\/4028"}],"wp:attachment":[{"href":"https:\/\/distribucionarc.com\/sk\/wp-json\/wp\/v2\/media?parent=4026"}],"wp:term":[{"taxonomy":"product_brand","embeddable":true,"href":"https:\/\/distribucionarc.com\/sk\/wp-json\/wp\/v2\/product_brand?post=4026"},{"taxonomy":"product_cat","embeddable":true,"href":"https:\/\/distribucionarc.com\/sk\/wp-json\/wp\/v2\/product_cat?post=4026"},{"taxonomy":"product_tag","embeddable":true,"href":"https:\/\/distribucionarc.com\/sk\/wp-json\/wp\/v2\/product_tag?post=4026"}],"curies":[{"name":"pracovn\u00fd list","href":"https:\/\/api.w.org\/{rel}","templated":true}]}}