{"id":425,"date":"2020-04-18T16:38:10","date_gmt":"2020-04-18T16:38:10","guid":{"rendered":"https:\/\/distribucionarc.com\/?post_type=product&#038;p=425"},"modified":"2023-04-02T10:06:45","modified_gmt":"2023-04-02T10:06:45","slug":"poloautomaticky-pneumaticky-adhezivny-plniaci-davkovac","status":"publish","type":"product","link":"https:\/\/distribucionarc.com\/sk\/producto\/dosificadora-de-adesivos-llenadora-neumatica-semiautomatica\/","title":{"rendered":"D\u00e1vkova\u010d lepidla Pneumatick\u00fd alebo poloautomatick\u00fd plni\u010d"},"content":{"rendered":"<h3>D\u00e1vkova\u010d tekut\u00e9ho lepidla Pneumatick\u00fd a poloautomatick\u00fd plni\u010d<\/h3>\n<p>&nbsp;<\/p>\n<p>Stroj na manu\u00e1lne alebo automatick\u00e9 d\u00e1vkovanie lepidla s \u010dasova\u010dom, m\u00e1 ped\u00e1l, s t\u00fdmto strojom m\u00f4\u017eete ma\u0165 presnej\u0161ie v\u00fdsledky, lep\u0161ie opracovanie va\u0161ich kusov a zv\u00fd\u0161enie v\u00fdroby, \u017eivotnos\u0165 tohto stroja je a\u017e ? rokov m\u00e1 syst\u00e9m proti odkvapk\u00e1vaniu. Navrhnut\u00e9 pre \u0161irok\u00fa \u0161k\u00e1lu aplik\u00e1ci\u00ed, ako s\u00fa EFD, I&amp;J Fisnar.<\/p>\n<p>Kompletn\u00e9 so s\u00fapravou na d\u00e1vkovanie pr\u00edslu\u0161enstva.<\/p>\n<p>\u010cas d\u00e1vkovania re\u017eimu \u010dasova\u010da 0,01-99,99 sek\u00fand.<\/p>\n<p>\u010cas cyklu re\u017eimu \u010dasova\u010da 0,1-9,9 sekundy.<\/p>\n<p>Manu\u00e1lny re\u017eim, materi\u00e1ly m\u00f4\u017eu by\u0165 d\u00e1vkovan\u00e9 nepretr\u017eite, k\u00fdm oper\u00e1tor neuvo\u013en\u00ed ped\u00e1l.<\/p>\n<p>Toto <strong>d\u00e1vkova\u010d lepidla<\/strong> mus\u00ed by\u0165 pripojen\u00fd ku vzduchov\u00e9mu kompresoru (1,5 HP alebo vy\u0161\u0161\u00ed).<\/p>\n<p>On <strong>d\u00e1vkova\u010d lepidla<\/strong>\u00a0<b>profesion\u00e1l,<\/b>\u00a0Precise vyu\u017e\u00edva najnov\u0161\u00ed digit\u00e1lny riadiaci syst\u00e9m,<\/p>\n<p>1. Typ d\u00e1vkovania: Vo\u013ene nastavi\u0165 16 druhov tvarov, so zobrazen\u00edm \u010dasu d\u00e1vkovania<\/p>\n<p>2. Automatick\u00fd \u010dasova\u010d d\u00e1vkovania: 00,01S-99,99S<\/p>\n<p>3. Manu\u00e1lne d\u00e1vkovanie \u010dasovanie: M\u00f4\u017ee d\u00e1vkova\u0165 n\u00e1ter, alebo v kontinu\u00e1lnej linke<\/p>\n<p>4. Minim\u00e1lne d\u00e1vkovanie lepidla: 0,0001 ml<\/p>\n<p>5. \u010casov\u00fd rozsah d\u00e1vkovania: 0,1-9,9S (funkcia automatick\u00e9ho \u010dasovania)<\/p>\n<p>6. Vstupn\u00e9 nap\u00e4tie: 220V -10% 50 Hz \/ 110V -10% 60 Hz (220V pre Eur\u00f3pu;110V pre Ameriku at\u010f.)<\/p>\n<p>7. Vn\u00fatorn\u00e9 nap\u00e4tie: 12V DC \/ 24V DC<\/p>\n<p>8. Vstupn\u00fd tlak vzduchu: 10-100pSi<\/p>\n<p>9. V\u00fdstupn\u00fd tlak vzduchu: 1-80pSi<\/p>\n<p>10. Celkov\u00fd rozmer: 235*225*63mm<\/p>\n<p>11. \u010cist\u00e1 hmotnos\u0165: 2,2 Kg<\/p>\n<p>1. Sie\u0165ov\u00fd vyp\u00edna\u010d: kontrolka umiestnenia zobrazuje &quot;On&quot;, vypnut\u00e1 kontrolka ukazuje &quot;Off&quot;<\/p>\n<p>2. Zobrazenie \u010dasu v\u00fddaja: Nastavenie \u010dasu na obrazovke<\/p>\n<p>3. Regul\u00e1tor tlaku vstupn\u00e9ho vzduchu: Najprv vytiahnite, reverz\u00e1cia je ni\u017e\u0161\u00ed tlak, odvzdu\u0161\u0148ovanie je vy\u0161\u0161\u00ed tlak<\/p>\n<p>4. Barometer: rozsah zobrazenia: 0-100pSi<\/p>\n<p>5. V\u00e1kuov\u00e1 riadiaca jednotka: Reverz\u00e1cia je vysok\u00e1 v\u00e1kuov\u00e1 pumpa, r\u00fdchlos\u0165 je n\u00edzka v\u00e1kuov\u00e1 pumpa<\/p>\n<p>6. Testovacie tla\u010didlo: Po\u010das testovania m\u00f4\u017eete vymeni\u0165 no\u017en\u00fd sp\u00edna\u010d<\/p>\n<p>7. Tla\u010didlo vyt\u00e1\u010dania \u010dasu d\u00e1vkovania: Zobrazenie \u010dasu nastavenia, prij\u00edma formu pridania a od\u010d\u00edtania 00.01S-99.99S<\/p>\n<p>8. Tla\u010didlo \u010d\u00edseln\u00edka na nastavenie \u010dasov\u00e9ho intervalu: Zobrazte \u010das nastavenia, prij\u00edma sp\u00f4sob prid\u00e1vania a od\u010d\u00edtania 0,1 S-9,9 S<\/p>\n<p>9. V\u00fdstupn\u00e9 rozhranie d\u00e1vkovania: Pripojte k valcu d\u00e1vkovacej ihly.<\/p>\n<p>10. Vstupn\u00e9 rozhranie tlaku vzduchu: Pripojte k \u010dist\u00e9mu zdroju vysok\u00e9ho tlaku (kompresor)<\/p>\n<p>11. Sp\u00f4sob v\u00fddaja: 16 druhov zdarma<\/p>\n<p>12. Rozhranie no\u017en\u00e9ho ovl\u00e1da\u010da: Pripojte k no\u017en\u00e9mu sp\u00edna\u010du<\/p>\n<p>13. Vstupn\u00fd konektor nap\u00e1jania<\/p>\n<p>14. Dr\u017eiak pu\u0161ky<\/p>\n<p><strong>OBSAH:<\/strong><\/p>\n<p>1 <strong>stroj na d\u00e1vkovanie lepidla<\/strong><\/p>\n<p>1 no\u017en\u00fd sp\u00edna\u010d<\/p>\n<p>1 ru\u010dn\u00fd sp\u00edna\u010d<\/p>\n<p>1 dr\u017eiak d\u00e1vkova\u010da<\/p>\n<p>2 injek\u010dn\u00e1 strieka\u010dka s objemom 30 cm3<\/p>\n<p>1 Vzduchov\u00e1 hadi\u010dka k injek\u010dnej strieka\u010dke<\/p>\n<p>1 Vzduchov\u00e1 trubica k zdroju vzduchu<\/p>\n<p>1 s\u00faprava oce\u013eov\u00fdch a plastov\u00fdch ihiel<\/p>\n<p>1 Nap\u00e1jac\u00ed k\u00e1bel<\/p>\n<p><strong>V tomto videu m\u00f4\u017eete vidie\u0165, ako stroj funguje<\/strong><\/p>\n<p><iframe loading=\"lazy\" src=\"https:\/\/www.youtube.com\/embed\/XuHbrKqcgD8\" width=\"560\" height=\"315\" frameborder=\"0\" allowfullscreen=\"allowfullscreen\"><\/iframe><\/p>","protected":false},"excerpt":{"rendered":"<p>Stroj na d\u00e1vkovanie lepidla sa pou\u017e\u00edva v r\u00f4znych oblastiach priemyslu, elektroniky, letectva, optiky, ch\u00e9mie, automobilu, lek\u00e1rskeho o\u0161etrenia, ropy, balenia,<\/p>\n<p>Klenotn\u00edcky a stroj\u00e1rsky priemysel.<\/p>\n<p>Na\u0161e stroje prech\u00e1dzaj\u00fa n\u00e1ro\u010dnou kontrolou kvality, t\u00fdmto sp\u00f4sobom garantujeme 2\ufe0f\u20e3 roky z\u00e1ruky a technick\u00fa podporu v pr\u00edpade poruchy<\/p>","protected":false},"featured_media":426,"comment_status":"open","ping_status":"closed","template":"","meta":{"wds_primary_product_brand":0,"wds_primary_product_cat":0},"product_brand":[],"product_cat":[18,19,20],"product_tag":[],"class_list":{"0":"post-425","1":"product","2":"type-product","3":"status-publish","4":"has-post-thumbnail","6":"product_cat-dosificadoras","7":"product_cat-dosificadoras-de-liquidos","8":"product_cat-dosificadoras-de-pastosos","10":"first","11":"instock","12":"taxable","13":"shipping-taxable","14":"purchasable","15":"product-type-simple"},"yoast_head":"<!-- This site is optimized with the Yoast SEO Premium plugin v24.9 (Yoast SEO v26.1) - https:\/\/yoast.com\/wordpress\/plugins\/seo\/ -->\n<title>Dosificadora de adhesivo Llenadora Neum\u00e1tica o Semiautom\u00e1tica - distribuci\u00f3n ARC<\/title>\n<meta name=\"robots\" content=\"index, follow, max-snippet:-1, max-image-preview:large, max-video-preview:-1\" \/>\n<link rel=\"canonical\" href=\"https:\/\/www.distribucionarc.com\/fr\/producto\/dosificadora-de-adesivos-llenadora-neumatica-semiautomatica\/\" \/>\n<meta property=\"og:locale\" content=\"sk_SK\" \/>\n<meta property=\"og:type\" content=\"article\" \/>\n<meta property=\"og:title\" content=\"Dosificadora de adhesivo Llenadora Neum\u00e1tica o Semiautom\u00e1tica\" \/>\n<meta property=\"og:description\" content=\"M\u00e1quina dosificadora de adhesivo se utilizada en diferentes campos de la industrias, electr\u00f3nica, aviaci\u00f3n, \u00f3ptica, qu\u00edmica, autom\u00f3vil, tratamiento m\u00e9dico, petr\u00f3leo, embalaje,  Industria de joyer\u00eda y maquinaria.  Nuestras m\u00e1quinas pasan un exigente control de calidad de esta forma garantizamos 2\ufe0f\u20e3 a\u00f1os de garant\u00eda y soporte t\u00e9cnico en caso de aver\u00eda\" \/>\n<meta property=\"og:url\" content=\"https:\/\/www.distribucionarc.com\/fr\/producto\/dosificadora-de-adesivos-llenadora-neumatica-semiautomatica\/\" \/>\n<meta property=\"og:site_name\" content=\"distribuci\u00f3n ARC\" \/>\n<meta property=\"article:modified_time\" content=\"2023-04-02T10:06:45+00:00\" \/>\n<meta property=\"og:image\" content=\"https:\/\/www.distribucionarc.com\/wp-content\/uploads\/2020\/04\/dosificadora_de_adesivos_llenadora_neumatica_0.jpg\" \/>\n\t<meta property=\"og:image:width\" content=\"800\" \/>\n\t<meta property=\"og:image:height\" content=\"800\" \/>\n\t<meta property=\"og:image:type\" content=\"image\/jpeg\" \/>\n<meta name=\"twitter:card\" content=\"summary_large_image\" \/>\n<meta name=\"twitter:label1\" content=\"Predpokladan\u00fd \u010das \u010d\u00edtania\" \/>\n\t<meta name=\"twitter:data1\" content=\"3 min\u00faty\" \/>\n<script type=\"application\/ld+json\" class=\"yoast-schema-graph\">{\"@context\":\"https:\/\/schema.org\",\"@graph\":[{\"@type\":\"WebPage\",\"@id\":\"https:\/\/www.distribucionarc.com\/fr\/producto\/dosificadora-de-adesivos-llenadora-neumatica-semiautomatica\/\",\"url\":\"https:\/\/www.distribucionarc.com\/fr\/producto\/dosificadora-de-adesivos-llenadora-neumatica-semiautomatica\/\",\"name\":\"Dosificadora de adhesivo Llenadora Neum\u00e1tica o Semiautom\u00e1tica - distribuci\u00f3n ARC\",\"isPartOf\":{\"@id\":\"https:\/\/www.distribucionarc.com\/sl\/#website\"},\"primaryImageOfPage\":{\"@id\":\"https:\/\/www.distribucionarc.com\/fr\/producto\/dosificadora-de-adesivos-llenadora-neumatica-semiautomatica\/#primaryimage\"},\"image\":{\"@id\":\"https:\/\/www.distribucionarc.com\/fr\/producto\/dosificadora-de-adesivos-llenadora-neumatica-semiautomatica\/#primaryimage\"},\"thumbnailUrl\":\"https:\/\/distribucionarc.com\/wp-content\/uploads\/2020\/04\/dosificadora_de_adesivos_llenadora_neumatica_0.jpg\",\"datePublished\":\"2020-04-18T16:38:10+00:00\",\"dateModified\":\"2023-04-02T10:06:45+00:00\",\"breadcrumb\":{\"@id\":\"https:\/\/www.distribucionarc.com\/fr\/producto\/dosificadora-de-adesivos-llenadora-neumatica-semiautomatica\/#breadcrumb\"},\"inLanguage\":\"sk-SK\",\"potentialAction\":[{\"@type\":\"ReadAction\",\"target\":[\"https:\/\/www.distribucionarc.com\/fr\/producto\/dosificadora-de-adesivos-llenadora-neumatica-semiautomatica\/\"]}]},{\"@type\":\"ImageObject\",\"inLanguage\":\"sk-SK\",\"@id\":\"https:\/\/www.distribucionarc.com\/fr\/producto\/dosificadora-de-adesivos-llenadora-neumatica-semiautomatica\/#primaryimage\",\"url\":\"https:\/\/distribucionarc.com\/wp-content\/uploads\/2020\/04\/dosificadora_de_adesivos_llenadora_neumatica_0.jpg\",\"contentUrl\":\"https:\/\/distribucionarc.com\/wp-content\/uploads\/2020\/04\/dosificadora_de_adesivos_llenadora_neumatica_0.jpg\",\"width\":800,\"height\":800},{\"@type\":\"BreadcrumbList\",\"@id\":\"https:\/\/www.distribucionarc.com\/fr\/producto\/dosificadora-de-adesivos-llenadora-neumatica-semiautomatica\/#breadcrumb\",\"itemListElement\":[{\"@type\":\"ListItem\",\"position\":1,\"name\":\"Portada\",\"item\":\"https:\/\/www.distribucionarc.com\/\"},{\"@type\":\"ListItem\",\"position\":2,\"name\":\"\u00dcr\u00fcnler\",\"item\":\"https:\/\/www.distribucionarc.com\/tr\/magaza\/\"},{\"@type\":\"ListItem\",\"position\":3,\"name\":\"Dosificadora de adhesivo Llenadora Neum\u00e1tica o Semiautom\u00e1tica\"}]},{\"@type\":\"WebSite\",\"@id\":\"https:\/\/www.distribucionarc.com\/sl\/#website\",\"url\":\"https:\/\/www.distribucionarc.com\/sl\/\",\"name\":\"distribuci\u00f3n ARC\",\"description\":\"Empresa especializada en la fabricaci\u00f3n y distribuci\u00f3n de maquinaria industrial, selladoras de latas, Maquinas de hacer pastillas, Maquinas de cortar carne...\",\"publisher\":{\"@id\":\"https:\/\/www.distribucionarc.com\/sl\/#organization\"},\"potentialAction\":[{\"@type\":\"SearchAction\",\"target\":{\"@type\":\"EntryPoint\",\"urlTemplate\":\"https:\/\/www.distribucionarc.com\/sl\/?s={search_term_string}\"},\"query-input\":{\"@type\":\"PropertyValueSpecification\",\"valueRequired\":true,\"valueName\":\"search_term_string\"}}],\"inLanguage\":\"sk-SK\"},{\"@type\":\"Organization\",\"@id\":\"https:\/\/www.distribucionarc.com\/sl\/#organization\",\"name\":\"Distribuci\u00f3n ARC\",\"url\":\"https:\/\/www.distribucionarc.com\/sl\/\",\"logo\":{\"@type\":\"ImageObject\",\"inLanguage\":\"sk-SK\",\"@id\":\"https:\/\/www.distribucionarc.com\/sl\/#\/schema\/logo\/image\/\",\"url\":\"https:\/\/distribucionarc.com\/wp-content\/uploads\/2024\/10\/distribucion-ARC-COLOR-SIN-FONDO-e1732295305345.png\",\"contentUrl\":\"https:\/\/distribucionarc.com\/wp-content\/uploads\/2024\/10\/distribucion-ARC-COLOR-SIN-FONDO-e1732295305345.png\",\"width\":1164,\"height\":558,\"caption\":\"Distribuci\u00f3n ARC\"},\"image\":{\"@id\":\"https:\/\/www.distribucionarc.com\/sl\/#\/schema\/logo\/image\/\"},\"description\":\"Empresa especializada en la fabricaci\u00f3n y distribuci\u00f3n de maquinaria industrial para los sectores alimentario y farmac\u00e9utico. Nos especializamos en: M\u00e1quinas de cortar carne Fabricaci\u00f3n de comprimidos Sistemas de transporte industrial L\u00edneas de embotellado Dosificadores Y mucho m\u00e1s... Ofrecemos soluciones innovadoras y personalizadas para optimizar los procesos productivos de tu empresa.\",\"email\":\"Admistracion@distribucionarc.com\",\"telephone\":\"+34 643496664\",\"legalName\":\"ARC TECH SOLUTIONS\",\"foundingDate\":\"2024-04-09\",\"vatID\":\"B55480172\",\"numberOfEmployees\":{\"@type\":\"QuantitativeValue\",\"minValue\":\"1\",\"maxValue\":\"10\"}}]}<\/script>\n<!-- \/ Yoast SEO Premium plugin. -->","yoast_head_json":{"title":"D\u00e1vkova\u010d lepidla Pneumatick\u00e1 alebo Poloautomatick\u00e1 plni\u010dka - ARC rozvod","robots":{"index":"index","follow":"follow","max-snippet":"max-snippet:-1","max-image-preview":"max-image-preview:large","max-video-preview":"max-video-preview:-1"},"canonical":"https:\/\/www.distribucionarc.com\/fr\/producto\/dosificadora-de-adesivos-llenadora-neumatica-semiautomatica\/","og_locale":"sk_SK","og_type":"article","og_title":"Dosificadora de adhesivo Llenadora Neum\u00e1tica o Semiautom\u00e1tica","og_description":"M\u00e1quina dosificadora de adhesivo se utilizada en diferentes campos de la industrias, electr\u00f3nica, aviaci\u00f3n, \u00f3ptica, qu\u00edmica, autom\u00f3vil, tratamiento m\u00e9dico, petr\u00f3leo, embalaje,  Industria de joyer\u00eda y maquinaria.  Nuestras m\u00e1quinas pasan un exigente control de calidad de esta forma garantizamos 2\ufe0f\u20e3 a\u00f1os de garant\u00eda y soporte t\u00e9cnico en caso de aver\u00eda","og_url":"https:\/\/www.distribucionarc.com\/fr\/producto\/dosificadora-de-adesivos-llenadora-neumatica-semiautomatica\/","og_site_name":"distribuci\u00f3n ARC","article_modified_time":"2023-04-02T10:06:45+00:00","og_image":[{"width":800,"height":800,"url":"https:\/\/www.distribucionarc.com\/wp-content\/uploads\/2020\/04\/dosificadora_de_adesivos_llenadora_neumatica_0.jpg","type":"image\/jpeg"}],"twitter_card":"summary_large_image","twitter_misc":{"Predpokladan\u00fd \u010das \u010d\u00edtania":"3 min\u00faty"},"schema":{"@context":"https:\/\/schema.org","@graph":[{"@type":"WebPage","@id":"https:\/\/www.distribucionarc.com\/fr\/producto\/dosificadora-de-adesivos-llenadora-neumatica-semiautomatica\/","url":"https:\/\/www.distribucionarc.com\/fr\/producto\/dosificadora-de-adesivos-llenadora-neumatica-semiautomatica\/","name":"D\u00e1vkova\u010d lepidla Pneumatick\u00e1 alebo Poloautomatick\u00e1 plni\u010dka - ARC rozvod","isPartOf":{"@id":"https:\/\/www.distribucionarc.com\/sl\/#website"},"primaryImageOfPage":{"@id":"https:\/\/www.distribucionarc.com\/fr\/producto\/dosificadora-de-adesivos-llenadora-neumatica-semiautomatica\/#primaryimage"},"image":{"@id":"https:\/\/www.distribucionarc.com\/fr\/producto\/dosificadora-de-adesivos-llenadora-neumatica-semiautomatica\/#primaryimage"},"thumbnailUrl":"https:\/\/distribucionarc.com\/wp-content\/uploads\/2020\/04\/dosificadora_de_adesivos_llenadora_neumatica_0.jpg","datePublished":"2020-04-18T16:38:10+00:00","dateModified":"2023-04-02T10:06:45+00:00","breadcrumb":{"@id":"https:\/\/www.distribucionarc.com\/fr\/producto\/dosificadora-de-adesivos-llenadora-neumatica-semiautomatica\/#breadcrumb"},"inLanguage":"sk-SK","potentialAction":[{"@type":"ReadAction","target":["https:\/\/www.distribucionarc.com\/fr\/producto\/dosificadora-de-adesivos-llenadora-neumatica-semiautomatica\/"]}]},{"@type":"ImageObject","inLanguage":"sk-SK","@id":"https:\/\/www.distribucionarc.com\/fr\/producto\/dosificadora-de-adesivos-llenadora-neumatica-semiautomatica\/#primaryimage","url":"https:\/\/distribucionarc.com\/wp-content\/uploads\/2020\/04\/dosificadora_de_adesivos_llenadora_neumatica_0.jpg","contentUrl":"https:\/\/distribucionarc.com\/wp-content\/uploads\/2020\/04\/dosificadora_de_adesivos_llenadora_neumatica_0.jpg","width":800,"height":800},{"@type":"BreadcrumbList","@id":"https:\/\/www.distribucionarc.com\/fr\/producto\/dosificadora-de-adesivos-llenadora-neumatica-semiautomatica\/#breadcrumb","itemListElement":[{"@type":"ListItem","position":1,"name":"Portada","item":"https:\/\/www.distribucionarc.com\/"},{"@type":"ListItem","position":2,"name":"\u00dcr\u00fcnler","item":"https:\/\/www.distribucionarc.com\/tr\/magaza\/"},{"@type":"ListItem","position":3,"name":"Dosificadora de adhesivo Llenadora Neum\u00e1tica o Semiautom\u00e1tica"}]},{"@type":"WebSite","@id":"https:\/\/www.distribucionarc.com\/sl\/#website","url":"https:\/\/www.distribucionarc.com\/sl\/","name":"ARC distrib\u00facia","description":"Spolo\u010dnos\u0165 sa \u0161pecializuje na v\u00fdrobu a distrib\u00faciu priemyseln\u00fdch strojov, strojov na uzatv\u00e1ranie plechoviek, strojov na v\u00fdrobu tabliet, strojov na porciovanie m\u00e4sa...","publisher":{"@id":"https:\/\/www.distribucionarc.com\/sl\/#organization"},"potentialAction":[{"@type":"SearchAction","target":{"@type":"EntryPoint","urlTemplate":"https:\/\/www.distribucionarc.com\/sl\/?s={search_term_string}"},"query-input":{"@type":"PropertyValueSpecification","valueRequired":true,"valueName":"search_term_string"}}],"inLanguage":"sk-SK"},{"@type":"Organization","@id":"https:\/\/www.distribucionarc.com\/sl\/#organization","name":"Distrib\u00facia ARC","url":"https:\/\/www.distribucionarc.com\/sl\/","logo":{"@type":"ImageObject","inLanguage":"sk-SK","@id":"https:\/\/www.distribucionarc.com\/sl\/#\/schema\/logo\/image\/","url":"https:\/\/distribucionarc.com\/wp-content\/uploads\/2024\/10\/distribucion-ARC-COLOR-SIN-FONDO-e1732295305345.png","contentUrl":"https:\/\/distribucionarc.com\/wp-content\/uploads\/2024\/10\/distribucion-ARC-COLOR-SIN-FONDO-e1732295305345.png","width":1164,"height":558,"caption":"Distribuci\u00f3n ARC"},"image":{"@id":"https:\/\/www.distribucionarc.com\/sl\/#\/schema\/logo\/image\/"},"description":"Spolo\u010dnos\u0165 \u0161pecializuj\u00faca sa na v\u00fdrobu a distrib\u00faciu priemyseln\u00fdch strojov pre potravin\u00e1rsky a farmaceutick\u00fd sektor. \u0160pecializujeme sa na: Stroje na kr\u00e1janie m\u00e4sa V\u00fdroba tabliet Priemyseln\u00e9 dopravn\u00e9 syst\u00e9my D\u00e1vkova\u010de na f\u013ea\u0161e A ove\u013ea viac... Pon\u00fakame inovat\u00edvne a prisp\u00f4soben\u00e9 rie\u0161enia na optimaliz\u00e1ciu v\u00fdrobn\u00fdch procesov va\u0161ej spolo\u010dnosti.","email":"Admistracion@distribucionarc.com","telephone":"+34 643496664","legalName":"ARC TECH SOLUTIONS","foundingDate":"2024-04-09","vatID":"B55480172","numberOfEmployees":{"@type":"QuantitativeValue","minValue":"1","maxValue":"10"}}]}},"_links":{"self":[{"href":"https:\/\/distribucionarc.com\/sk\/wp-json\/wp\/v2\/product\/425","targetHints":{"allow":["GET"]}}],"collection":[{"href":"https:\/\/distribucionarc.com\/sk\/wp-json\/wp\/v2\/product"}],"about":[{"href":"https:\/\/distribucionarc.com\/sk\/wp-json\/wp\/v2\/types\/product"}],"replies":[{"embeddable":true,"href":"https:\/\/distribucionarc.com\/sk\/wp-json\/wp\/v2\/comments?post=425"}],"version-history":[{"count":0,"href":"https:\/\/distribucionarc.com\/sk\/wp-json\/wp\/v2\/product\/425\/revisions"}],"wp:featuredmedia":[{"embeddable":true,"href":"https:\/\/distribucionarc.com\/sk\/wp-json\/wp\/v2\/media\/426"}],"wp:attachment":[{"href":"https:\/\/distribucionarc.com\/sk\/wp-json\/wp\/v2\/media?parent=425"}],"wp:term":[{"taxonomy":"product_brand","embeddable":true,"href":"https:\/\/distribucionarc.com\/sk\/wp-json\/wp\/v2\/product_brand?post=425"},{"taxonomy":"product_cat","embeddable":true,"href":"https:\/\/distribucionarc.com\/sk\/wp-json\/wp\/v2\/product_cat?post=425"},{"taxonomy":"product_tag","embeddable":true,"href":"https:\/\/distribucionarc.com\/sk\/wp-json\/wp\/v2\/product_tag?post=425"}],"curies":[{"name":"pracovn\u00fd list","href":"https:\/\/api.w.org\/{rel}","templated":true}]}}