{"id":4260,"date":"2021-01-27T09:18:15","date_gmt":"2021-01-27T09:18:15","guid":{"rendered":"https:\/\/distribucionarc.com\/?post_type=product&#038;p=4260"},"modified":"2023-02-24T11:02:56","modified_gmt":"2023-02-24T11:02:56","slug":"plnicka-davkovac-s-automatickym-uzatvorenim-sackov","status":"publish","type":"product","link":"https:\/\/distribucionarc.com\/sk\/producto\/llenadora-dosificador-con-sellado-automatico-para-sobres\/","title":{"rendered":"Plni\u010dka, d\u00e1vkova\u010d s automatick\u00fdm uzatv\u00e1ran\u00edm ob\u00e1lok"},"content":{"rendered":"<h3>Plni\u010dka, d\u00e1vkova\u010d s automatick\u00fdm uzatv\u00e1ran\u00edm ob\u00e1lok<\/h3>\n<p>The <strong>automatick\u00e1 plni\u010dka s tesnen\u00edm na tekutiny <span style=\"color: #ff0000;\">TO<\/span><span style=\"color: #0000ff;\">R<\/span>c<\/strong> Zah\u0155\u0148a v\u0161etko potrebn\u00e9 na realiz\u00e1ciu re\u0165azov\u00e9ho procesu d\u00e1vkovania, uzatv\u00e1rania a rezania vrec\u00fa\u0161ok od 3 do 100 g. Toto <strong>stroj na balenie vreciek<\/strong> obsahuje: \u0161pecializovan\u00e9 samonas\u00e1vacie \u010derpadlo na zabezpe\u010denie hygieny a kvality v\u00e1\u0161ho produktu. Mie\u0161anie, aby sa zabr\u00e1nilo vzduchov\u00fdm vreck\u00e1m v produkte, automatick\u00e9 plnenie, tesnenie a rezanie, ktor\u00e9 v\u00e1m umo\u017en\u00ed pracova\u0165 bez n\u00e1mahy.<\/p>\n<p>Toto<strong> tesniaci d\u00e1vkova\u010d <span style=\"color: #ff0000;\">TO<\/span><span style=\"color: #0000ff;\">R<\/span>CDS3-100<\/strong> Je vyroben\u00fd z odoln\u00e9ho nerezov\u00e9ho materi\u00e1lu. V\u0161etky materi\u00e1ly, ktor\u00e9 prich\u00e1dzaj\u00fa do styku s produktom, s\u00fa antikor\u00f3zne a odoln\u00e9 vo\u010di oxid\u00e1cii, okrem toho s\u00fa regulovan\u00e9 pre balenie vo farmaceutickom, potravin\u00e1rskom, chemickom priemysle at\u010f. V\u010faka materi\u00e1lom v tomto <strong>milimetrov\u00fd lis na ob\u00e1lky<\/strong> U\u013eah\u010duj\u00fa jej \u010distenie a \u00fadr\u017ebu pri d\u00e1vkovan\u00ed r\u00f4znych produktov.<\/p>\n<p>V porovnan\u00ed s ostatn\u00fdmi, na\u0161e <strong>tesniaca v\u00fdpl\u0148 <span style=\"color: #ff0000;\">TO<\/span><span style=\"color: #0000ff;\">R<\/span>CDS3-100<\/strong> Disponuje elektrick\u00fdm krimpovan\u00edm, schopn\u00fdm zatavi\u0165 viac vreciek r\u00f4znych typov uz\u00e1verov s rozsahom plnenia 3-100g, navy\u0161e dok\u00e1\u017ee zatavi\u0165 vy\u0161\u0161ou r\u00fdchlos\u0165ou 20-40 vreciek\/min. Pou\u017e\u00edva sa na to pokro\u010dil\u00e1 importovan\u00e1 technol\u00f3gia riadenia mikropo\u010d\u00edta\u010dov <strong>uzatv\u00e1rac\u00ed baliaci stroj<\/strong> odde\u013eova\u0165 a bali\u0165 presne a automaticky. Cel\u00fd tento proces m\u00f4\u017eete ovl\u00e1da\u0165 pomocou ovl\u00e1dacieho panela tepelne uzavret\u00e9ho d\u00e1vkova\u010da a upravova\u0165 r\u00fdchlos\u0165, rozsah plnenia a typ uz\u00e1veru.<\/p>\n<ul>\n<li>Rozsah ob\u00e1lok: 1-200 g<\/li>\n<li>R\u00fdchlos\u0165 balenia: 20-40 vriec\/min<\/li>\n<li>\u0160\u00edrka f\u00f3lie: 12,5 cm<\/li>\n<li>D\u013a\u017eka vrecka: 0-15 cm (nastavite\u013en\u00e1)<\/li>\n<\/ul>\n<h6><strong>Z\u00e1ruka\u00a0<span style=\"color: #ff0000;\">TO<\/span><span style=\"color: #0000ff;\">R<\/span>C 2 ROKY<\/strong><\/h6>\n<h6><span style=\"color: #008000;\">Efekt\u00edvna line\u00e1rna v\u00fdpl\u0148 obalu, n\u00edzka spotreba 300W<\/span><\/h6>\n<h6><strong>vr\u00e1tane technickej podpory<\/strong><\/h6>\n<p>&nbsp;<\/p>\n<table role=\"presentation\" width=\"100%\" cellspacing=\"0\" cellpadding=\"0\">\n<tbody>\n<tr>\n<td class=\"attrLabels\">Zna\u010dka:<\/td>\n<td width=\"50.0%\">ARC<\/td>\n<\/tr>\n<tr>\n<td class=\"attrLabels\">Z\u00e1ruka:<\/td>\n<td width=\"50.0%\">2 roky<\/td>\n<td class=\"attrLabels\">Hmotnos\u0165:<\/td>\n<td width=\"50.0%\">36 kg<\/td>\n<\/tr>\n<tr>\n<td class=\"attrLabels\">Krajina distrib\u00facie:<\/td>\n<td width=\"50.0%\">\u0160panielsko, Nemecko, USA<\/td>\n<td class=\"attrLabels\">v\u00fd\u0161ka:<\/td>\n<td width=\"50.0%\">95 cm<\/td>\n<\/tr>\n<tr>\n<td class=\"attrLabels\">Farba:<\/td>\n<td width=\"50.0%\">Strieborn\u00e1<\/td>\n<td class=\"attrLabels\">Dlh\u00e9:<\/td>\n<td width=\"50.0%\">53 cm<\/td>\n<\/tr>\n<tr>\n<td class=\"attrLabels\">Typ produktu:<\/td>\n<td width=\"50.0%\">D\u00e1vkova\u010d s tepeln\u00fdm tesnen\u00edm<\/td>\n<td class=\"attrLabels\">\u0160irok\u00e1:<\/td>\n<td width=\"50.0%\">42 cm<\/td>\n<\/tr>\n<tr>\n<td class=\"attrLabels\">\u010c\u00edslo v\u00fdrobcu:<\/td>\n<td width=\"50.0%\">ARCDS3-100<\/td>\n<td class=\"attrLabels\">Rozsah plnenia:<\/td>\n<td width=\"50.0%\">1 \u2013 200 g<\/td>\n<\/tr>\n<tr>\n<td class=\"attrLabels\">Materi\u00e1l:<\/td>\n<td width=\"50.0%\">304 potravin\u00e1rska nehrdzavej\u00faca oce\u013e<\/td>\n<td class=\"attrLabels\">R\u00fdchlos\u0165 plnenia:<\/td>\n<td width=\"50.0%\">20 \u2013 40 vriec\/min<\/td>\n<\/tr>\n<tr>\n<td class=\"attrLabels\">Prev\u00e1dzka:<\/td>\n<td width=\"50.0%\">Energick\u00fd<\/td>\n<td class=\"attrLabels\">D\u013a\u017eka ta\u0161ky:<\/td>\n<td width=\"50.0%\">Nastavite\u013en\u00e1 0-15 cm<\/td>\n<\/tr>\n<tr>\n<td class=\"attrLabels\">Spotreba elektriny:<\/td>\n<td width=\"50.0%\">300 W<\/td>\n<td class=\"attrLabels\">Nap\u00e4tie:<\/td>\n<td width=\"50.0%\">220V 50Hz<\/td>\n<\/tr>\n<\/tbody>\n<\/table>","protected":false},"excerpt":{"rendered":"<h2>Plni\u010dka, d\u00e1vkova\u010d s automatick\u00fdm uzatv\u00e1ran\u00edm ob\u00e1lok<\/h2>\n<p>Toto <strong>D\u00e1vkova\u010d ob\u00e1lok <span style=\"color: #ff0000;\">TO<\/span><span style=\"color: #0000ff;\">R<\/span>c<\/strong> Je vhodn\u00fd na milimetrov\u00e9 balenie tekut\u00edn alebo om\u00e1\u010dok ako je olej, ke\u010dup, d\u017eem, med, \u0161al\u00e1tov\u00fd dresing, ocot, mlie\u010dny n\u00e1poj, kondenzovan\u00e9 mlieko, med.<\/p>\n<p>Toto<strong> kr\u00e9mov\u00e1 n\u00e1pl\u0148<\/strong> U\u013eah\u010duje line\u00e1rny proces na zv\u00fd\u0161enie va\u0161ej v\u00fdroby a pohodlia, preto\u017ee vyu\u017e\u00edva automatick\u00fd riadiaci syst\u00e9m s mikropo\u010d\u00edta\u010dmi, ktor\u00e9 zais\u0165uj\u00fa presn\u00fd a vysokor\u00fdchlostn\u00fd proces plnenia, okrem presn\u00e9ho rezu, aby sa zachoval re\u0165azov\u00fd proces a proces a\u017e do <strong>40 vreciek za min\u00fatu<\/strong>. Toto <strong>automatick\u00fd tesniaci baliaci stroj <span style=\"color: #ff0000;\">TO<\/span><span style=\"color: #0000ff;\">R<\/span>c<\/strong> Dok\u00e1\u017ee sa prisp\u00f4sobi\u0165 r\u00f4znym hustot\u00e1m a v\u00fdrobkom, aby sa u\u013eah\u010dilo plnenie a uzatv\u00e1ranie r\u00f4znych om\u00e1\u010dok, kr\u00e9mov, d\u017eemov, masla, olejov, cestov\u00edn at\u010f.<\/p>\n<h6><strong>Z\u00e1ruka\u00a0<span style=\"color: #ff0000;\">TO<\/span><span style=\"color: #0000ff;\">R<\/span>C 2 ROKY<\/strong><\/h6>\n<h6><span style=\"color: #008000;\">Efekt\u00edvna line\u00e1rna v\u00fdpl\u0148 obalu, n\u00edzka spotreba 300W<\/span><\/h6>\n<h6><strong>vr\u00e1tane technickej podpory<\/strong><\/h6>\n<p>&nbsp;<\/p>","protected":false},"featured_media":4262,"comment_status":"open","ping_status":"closed","template":"","meta":{"wds_primary_product_brand":0,"wds_primary_product_cat":0},"product_brand":[],"product_cat":[18,19,20,15,27],"product_tag":[],"class_list":{"0":"post-4260","1":"product","2":"type-product","3":"status-publish","4":"has-post-thumbnail","6":"product_cat-dosificadoras","7":"product_cat-dosificadoras-de-liquidos","8":"product_cat-dosificadoras-de-pastosos","9":"product_cat-llenadoras-y-selladoras-automaticas-flow-pack-sachet","10":"product_cat-selladoras-de-bolsas","11":"product_shipping_class-express","13":"first","14":"instock","15":"sale","16":"taxable","17":"shipping-taxable","18":"purchasable","19":"product-type-simple"},"yoast_head":"<!-- This site is optimized with the Yoast SEO Premium plugin v24.9 (Yoast SEO v26.1) - https:\/\/yoast.com\/wordpress\/plugins\/seo\/ -->\n<title>Llenadora, dosificador con sellado autom\u00e1tico para sobres - distribuci\u00f3n ARC<\/title>\n<meta name=\"robots\" content=\"index, follow, max-snippet:-1, max-image-preview:large, max-video-preview:-1\" \/>\n<link rel=\"canonical\" href=\"https:\/\/www.distribucionarc.com\/sl\/producto\/llenadora-dosificador-con-sellado-automatico-para-sobres\/\" \/>\n<meta property=\"og:locale\" content=\"sk_SK\" \/>\n<meta property=\"og:type\" content=\"article\" \/>\n<meta property=\"og:title\" content=\"Llenadora, dosificador con sellado autom\u00e1tico para sobres\" \/>\n<meta property=\"og:description\" content=\"Llenadora, dosificador con sellado autom\u00e1tico para sobres Esta Dosificadora de sobres ARC es adecuada para el envasado milim\u00e9trico de l\u00edquidos o salsas como aceite, k\u00e9tchup, mermelada, miel, aderezo para ensaladas, vinagre, bebida l\u00e1ctea, leche condensada, miel.  Esta llenadora de cremas le facilita el proceso lineal para aumentar su producci\u00f3n y comodidad ya que adopta un sistema de control autom\u00e1tico con microordenadores que le aseguran un proceso de llenado preciso y de alta velocidad, adem\u00e1s, de realizar un corte preciso para conservar el proceso en cadena y procesar hasta 40 bolsas por minuto. Esta envasadora con sellado autom\u00e1tico ARC puede adaptarse a diferentes densidades y productos para facilitar el llenado y sellado de diferentes salsas, cremas, mermeladas, mantequillas, aceites, pastas, etc. Garant\u00eda\u00a0ARC 2 A\u00d1OS Llenadora lineal para sobres eficiente, bajo consumo\u00a0 300W soporte t\u00e9cnico incluido &nbsp;\" \/>\n<meta property=\"og:url\" content=\"https:\/\/www.distribucionarc.com\/sl\/producto\/llenadora-dosificador-con-sellado-automatico-para-sobres\/\" \/>\n<meta property=\"og:site_name\" content=\"distribuci\u00f3n ARC\" \/>\n<meta property=\"article:modified_time\" content=\"2023-02-24T11:02:56+00:00\" \/>\n<meta property=\"og:image\" content=\"https:\/\/www.distribucionarc.com\/wp-content\/uploads\/2021\/01\/Llenadora-dosificador-con-sellado-automatico-para-sobres-0.jpg\" \/>\n\t<meta property=\"og:image:width\" content=\"1600\" \/>\n\t<meta property=\"og:image:height\" content=\"1600\" \/>\n\t<meta property=\"og:image:type\" content=\"image\/jpeg\" \/>\n<meta name=\"twitter:card\" content=\"summary_large_image\" \/>\n<meta name=\"twitter:label1\" content=\"Predpokladan\u00fd \u010das \u010d\u00edtania\" \/>\n\t<meta name=\"twitter:data1\" content=\"2 min\u00faty\" \/>\n<script type=\"application\/ld+json\" class=\"yoast-schema-graph\">{\"@context\":\"https:\/\/schema.org\",\"@graph\":[{\"@type\":\"WebPage\",\"@id\":\"https:\/\/www.distribucionarc.com\/sl\/producto\/llenadora-dosificador-con-sellado-automatico-para-sobres\/\",\"url\":\"https:\/\/www.distribucionarc.com\/sl\/producto\/llenadora-dosificador-con-sellado-automatico-para-sobres\/\",\"name\":\"Llenadora, dosificador con sellado autom\u00e1tico para sobres - distribuci\u00f3n ARC\",\"isPartOf\":{\"@id\":\"https:\/\/distribucionarc.com\/ro\/#website\"},\"primaryImageOfPage\":{\"@id\":\"https:\/\/www.distribucionarc.com\/sl\/producto\/llenadora-dosificador-con-sellado-automatico-para-sobres\/#primaryimage\"},\"image\":{\"@id\":\"https:\/\/www.distribucionarc.com\/sl\/producto\/llenadora-dosificador-con-sellado-automatico-para-sobres\/#primaryimage\"},\"thumbnailUrl\":\"https:\/\/distribucionarc.com\/wp-content\/uploads\/2021\/01\/Llenadora-dosificador-con-sellado-automatico-para-sobres-0.jpg\",\"datePublished\":\"2021-01-27T09:18:15+00:00\",\"dateModified\":\"2023-02-24T11:02:56+00:00\",\"breadcrumb\":{\"@id\":\"https:\/\/www.distribucionarc.com\/sl\/producto\/llenadora-dosificador-con-sellado-automatico-para-sobres\/#breadcrumb\"},\"inLanguage\":\"sk-SK\",\"potentialAction\":[{\"@type\":\"ReadAction\",\"target\":[\"https:\/\/www.distribucionarc.com\/sl\/producto\/llenadora-dosificador-con-sellado-automatico-para-sobres\/\"]}]},{\"@type\":\"ImageObject\",\"inLanguage\":\"sk-SK\",\"@id\":\"https:\/\/www.distribucionarc.com\/sl\/producto\/llenadora-dosificador-con-sellado-automatico-para-sobres\/#primaryimage\",\"url\":\"https:\/\/distribucionarc.com\/wp-content\/uploads\/2021\/01\/Llenadora-dosificador-con-sellado-automatico-para-sobres-0.jpg\",\"contentUrl\":\"https:\/\/distribucionarc.com\/wp-content\/uploads\/2021\/01\/Llenadora-dosificador-con-sellado-automatico-para-sobres-0.jpg\",\"width\":1600,\"height\":1600,\"caption\":\"automatic liquid sealing machine liquid quantitative dispenser automatic liquid quantitative packaging sealing machine 5ml liquid filling machine sauce packing machine liquid filling machine packing sealing machine liquid filling machine automatic\"},{\"@type\":\"BreadcrumbList\",\"@id\":\"https:\/\/www.distribucionarc.com\/sl\/producto\/llenadora-dosificador-con-sellado-automatico-para-sobres\/#breadcrumb\",\"itemListElement\":[{\"@type\":\"ListItem\",\"position\":1,\"name\":\"Portada\",\"item\":\"https:\/\/distribucionarc.com\/ar\/\"},{\"@type\":\"ListItem\",\"position\":2,\"name\":\"Proizvodi\",\"item\":\"https:\/\/www.distribucionarc.com\/hr\/ducan\/\"},{\"@type\":\"ListItem\",\"position\":3,\"name\":\"Llenadora, dosificador con sellado autom\u00e1tico para sobres\"}]},{\"@type\":\"WebSite\",\"@id\":\"https:\/\/distribucionarc.com\/ro\/#website\",\"url\":\"https:\/\/distribucionarc.com\/ro\/\",\"name\":\"distribuci\u00f3n ARC\",\"description\":\"Empresa especializada en la fabricaci\u00f3n y distribuci\u00f3n de maquinaria industrial, selladoras de latas, Maquinas de hacer pastillas, Maquinas de cortar carne...\",\"publisher\":{\"@id\":\"https:\/\/distribucionarc.com\/ro\/#organization\"},\"potentialAction\":[{\"@type\":\"SearchAction\",\"target\":{\"@type\":\"EntryPoint\",\"urlTemplate\":\"https:\/\/distribucionarc.com\/ro\/?s={search_term_string}\"},\"query-input\":{\"@type\":\"PropertyValueSpecification\",\"valueRequired\":true,\"valueName\":\"search_term_string\"}}],\"inLanguage\":\"sk-SK\"},{\"@type\":\"Organization\",\"@id\":\"https:\/\/distribucionarc.com\/ro\/#organization\",\"name\":\"Distribuci\u00f3n ARC\",\"url\":\"https:\/\/distribucionarc.com\/ro\/\",\"logo\":{\"@type\":\"ImageObject\",\"inLanguage\":\"sk-SK\",\"@id\":\"https:\/\/distribucionarc.com\/ro\/#\/schema\/logo\/image\/\",\"url\":\"https:\/\/distribucionarc.com\/wp-content\/uploads\/2024\/10\/distribucion-ARC-COLOR-SIN-FONDO-e1732295305345.png\",\"contentUrl\":\"https:\/\/distribucionarc.com\/wp-content\/uploads\/2024\/10\/distribucion-ARC-COLOR-SIN-FONDO-e1732295305345.png\",\"width\":1164,\"height\":558,\"caption\":\"Distribuci\u00f3n ARC\"},\"image\":{\"@id\":\"https:\/\/distribucionarc.com\/ro\/#\/schema\/logo\/image\/\"},\"description\":\"Empresa especializada en la fabricaci\u00f3n y distribuci\u00f3n de maquinaria industrial para los sectores alimentario y farmac\u00e9utico. Nos especializamos en: M\u00e1quinas de cortar carne Fabricaci\u00f3n de comprimidos Sistemas de transporte industrial L\u00edneas de embotellado Dosificadores Y mucho m\u00e1s... Ofrecemos soluciones innovadoras y personalizadas para optimizar los procesos productivos de tu empresa.\",\"email\":\"Admistracion@distribucionarc.com\",\"telephone\":\"+34 643496664\",\"legalName\":\"ARC TECH SOLUTIONS\",\"foundingDate\":\"2024-04-09\",\"vatID\":\"B55480172\",\"numberOfEmployees\":{\"@type\":\"QuantitativeValue\",\"minValue\":\"1\",\"maxValue\":\"10\"}}]}<\/script>\n<!-- \/ Yoast SEO Premium plugin. -->","yoast_head_json":{"title":"Plni\u010dka, d\u00e1vkova\u010d s automatick\u00fdm uzatv\u00e1ran\u00edm ob\u00e1lok - ARC rozvod","robots":{"index":"index","follow":"follow","max-snippet":"max-snippet:-1","max-image-preview":"max-image-preview:large","max-video-preview":"max-video-preview:-1"},"canonical":"https:\/\/www.distribucionarc.com\/sl\/producto\/llenadora-dosificador-con-sellado-automatico-para-sobres\/","og_locale":"sk_SK","og_type":"article","og_title":"Llenadora, dosificador con sellado autom\u00e1tico para sobres","og_description":"Llenadora, dosificador con sellado autom\u00e1tico para sobres Esta Dosificadora de sobres ARC es adecuada para el envasado milim\u00e9trico de l\u00edquidos o salsas como aceite, k\u00e9tchup, mermelada, miel, aderezo para ensaladas, vinagre, bebida l\u00e1ctea, leche condensada, miel.  Esta llenadora de cremas le facilita el proceso lineal para aumentar su producci\u00f3n y comodidad ya que adopta un sistema de control autom\u00e1tico con microordenadores que le aseguran un proceso de llenado preciso y de alta velocidad, adem\u00e1s, de realizar un corte preciso para conservar el proceso en cadena y procesar hasta 40 bolsas por minuto. Esta envasadora con sellado autom\u00e1tico ARC puede adaptarse a diferentes densidades y productos para facilitar el llenado y sellado de diferentes salsas, cremas, mermeladas, mantequillas, aceites, pastas, etc. Garant\u00eda\u00a0ARC 2 A\u00d1OS Llenadora lineal para sobres eficiente, bajo consumo\u00a0 300W soporte t\u00e9cnico incluido &nbsp;","og_url":"https:\/\/www.distribucionarc.com\/sl\/producto\/llenadora-dosificador-con-sellado-automatico-para-sobres\/","og_site_name":"distribuci\u00f3n ARC","article_modified_time":"2023-02-24T11:02:56+00:00","og_image":[{"width":1600,"height":1600,"url":"https:\/\/www.distribucionarc.com\/wp-content\/uploads\/2021\/01\/Llenadora-dosificador-con-sellado-automatico-para-sobres-0.jpg","type":"image\/jpeg"}],"twitter_card":"summary_large_image","twitter_misc":{"Predpokladan\u00fd \u010das \u010d\u00edtania":"2 min\u00faty"},"schema":{"@context":"https:\/\/schema.org","@graph":[{"@type":"WebPage","@id":"https:\/\/www.distribucionarc.com\/sl\/producto\/llenadora-dosificador-con-sellado-automatico-para-sobres\/","url":"https:\/\/www.distribucionarc.com\/sl\/producto\/llenadora-dosificador-con-sellado-automatico-para-sobres\/","name":"Plni\u010dka, d\u00e1vkova\u010d s automatick\u00fdm uzatv\u00e1ran\u00edm ob\u00e1lok - ARC rozvod","isPartOf":{"@id":"https:\/\/distribucionarc.com\/ro\/#website"},"primaryImageOfPage":{"@id":"https:\/\/www.distribucionarc.com\/sl\/producto\/llenadora-dosificador-con-sellado-automatico-para-sobres\/#primaryimage"},"image":{"@id":"https:\/\/www.distribucionarc.com\/sl\/producto\/llenadora-dosificador-con-sellado-automatico-para-sobres\/#primaryimage"},"thumbnailUrl":"https:\/\/distribucionarc.com\/wp-content\/uploads\/2021\/01\/Llenadora-dosificador-con-sellado-automatico-para-sobres-0.jpg","datePublished":"2021-01-27T09:18:15+00:00","dateModified":"2023-02-24T11:02:56+00:00","breadcrumb":{"@id":"https:\/\/www.distribucionarc.com\/sl\/producto\/llenadora-dosificador-con-sellado-automatico-para-sobres\/#breadcrumb"},"inLanguage":"sk-SK","potentialAction":[{"@type":"ReadAction","target":["https:\/\/www.distribucionarc.com\/sl\/producto\/llenadora-dosificador-con-sellado-automatico-para-sobres\/"]}]},{"@type":"ImageObject","inLanguage":"sk-SK","@id":"https:\/\/www.distribucionarc.com\/sl\/producto\/llenadora-dosificador-con-sellado-automatico-para-sobres\/#primaryimage","url":"https:\/\/distribucionarc.com\/wp-content\/uploads\/2021\/01\/Llenadora-dosificador-con-sellado-automatico-para-sobres-0.jpg","contentUrl":"https:\/\/distribucionarc.com\/wp-content\/uploads\/2021\/01\/Llenadora-dosificador-con-sellado-automatico-para-sobres-0.jpg","width":1600,"height":1600,"caption":"automatic liquid sealing machine liquid quantitative dispenser automatic liquid quantitative packaging sealing machine 5ml liquid filling machine sauce packing machine liquid filling machine packing sealing machine liquid filling machine automatic"},{"@type":"BreadcrumbList","@id":"https:\/\/www.distribucionarc.com\/sl\/producto\/llenadora-dosificador-con-sellado-automatico-para-sobres\/#breadcrumb","itemListElement":[{"@type":"ListItem","position":1,"name":"Portada","item":"https:\/\/distribucionarc.com\/ar\/"},{"@type":"ListItem","position":2,"name":"Proizvodi","item":"https:\/\/www.distribucionarc.com\/hr\/ducan\/"},{"@type":"ListItem","position":3,"name":"Llenadora, dosificador con sellado autom\u00e1tico para sobres"}]},{"@type":"WebSite","@id":"https:\/\/distribucionarc.com\/ro\/#website","url":"https:\/\/distribucionarc.com\/ro\/","name":"ARC distrib\u00facia","description":"Spolo\u010dnos\u0165 sa \u0161pecializuje na v\u00fdrobu a distrib\u00faciu priemyseln\u00fdch strojov, strojov na uzatv\u00e1ranie plechoviek, strojov na v\u00fdrobu tabliet, strojov na porciovanie m\u00e4sa...","publisher":{"@id":"https:\/\/distribucionarc.com\/ro\/#organization"},"potentialAction":[{"@type":"SearchAction","target":{"@type":"EntryPoint","urlTemplate":"https:\/\/distribucionarc.com\/ro\/?s={search_term_string}"},"query-input":{"@type":"PropertyValueSpecification","valueRequired":true,"valueName":"search_term_string"}}],"inLanguage":"sk-SK"},{"@type":"Organization","@id":"https:\/\/distribucionarc.com\/ro\/#organization","name":"Distrib\u00facia ARC","url":"https:\/\/distribucionarc.com\/ro\/","logo":{"@type":"ImageObject","inLanguage":"sk-SK","@id":"https:\/\/distribucionarc.com\/ro\/#\/schema\/logo\/image\/","url":"https:\/\/distribucionarc.com\/wp-content\/uploads\/2024\/10\/distribucion-ARC-COLOR-SIN-FONDO-e1732295305345.png","contentUrl":"https:\/\/distribucionarc.com\/wp-content\/uploads\/2024\/10\/distribucion-ARC-COLOR-SIN-FONDO-e1732295305345.png","width":1164,"height":558,"caption":"Distribuci\u00f3n ARC"},"image":{"@id":"https:\/\/distribucionarc.com\/ro\/#\/schema\/logo\/image\/"},"description":"Spolo\u010dnos\u0165 \u0161pecializuj\u00faca sa na v\u00fdrobu a distrib\u00faciu priemyseln\u00fdch strojov pre potravin\u00e1rsky a farmaceutick\u00fd sektor. \u0160pecializujeme sa na: Stroje na kr\u00e1janie m\u00e4sa V\u00fdroba tabliet Priemyseln\u00e9 dopravn\u00e9 syst\u00e9my D\u00e1vkova\u010de na f\u013ea\u0161e A ove\u013ea viac... Pon\u00fakame inovat\u00edvne a prisp\u00f4soben\u00e9 rie\u0161enia na optimaliz\u00e1ciu v\u00fdrobn\u00fdch procesov va\u0161ej spolo\u010dnosti.","email":"Admistracion@distribucionarc.com","telephone":"+34 643496664","legalName":"ARC TECH SOLUTIONS","foundingDate":"2024-04-09","vatID":"B55480172","numberOfEmployees":{"@type":"QuantitativeValue","minValue":"1","maxValue":"10"}}]}},"_links":{"self":[{"href":"https:\/\/distribucionarc.com\/sk\/wp-json\/wp\/v2\/product\/4260","targetHints":{"allow":["GET"]}}],"collection":[{"href":"https:\/\/distribucionarc.com\/sk\/wp-json\/wp\/v2\/product"}],"about":[{"href":"https:\/\/distribucionarc.com\/sk\/wp-json\/wp\/v2\/types\/product"}],"replies":[{"embeddable":true,"href":"https:\/\/distribucionarc.com\/sk\/wp-json\/wp\/v2\/comments?post=4260"}],"version-history":[{"count":0,"href":"https:\/\/distribucionarc.com\/sk\/wp-json\/wp\/v2\/product\/4260\/revisions"}],"wp:featuredmedia":[{"embeddable":true,"href":"https:\/\/distribucionarc.com\/sk\/wp-json\/wp\/v2\/media\/4262"}],"wp:attachment":[{"href":"https:\/\/distribucionarc.com\/sk\/wp-json\/wp\/v2\/media?parent=4260"}],"wp:term":[{"taxonomy":"product_brand","embeddable":true,"href":"https:\/\/distribucionarc.com\/sk\/wp-json\/wp\/v2\/product_brand?post=4260"},{"taxonomy":"product_cat","embeddable":true,"href":"https:\/\/distribucionarc.com\/sk\/wp-json\/wp\/v2\/product_cat?post=4260"},{"taxonomy":"product_tag","embeddable":true,"href":"https:\/\/distribucionarc.com\/sk\/wp-json\/wp\/v2\/product_tag?post=4260"}],"curies":[{"name":"pracovn\u00fd list","href":"https:\/\/api.w.org\/{rel}","templated":true}]}}