{"id":4274,"date":"2021-01-27T11:36:14","date_gmt":"2021-01-27T11:36:14","guid":{"rendered":"https:\/\/distribucionarc.com\/?post_type=product&#038;p=4274"},"modified":"2021-01-27T11:36:14","modified_gmt":"2021-01-27T11:36:14","slug":"automaticka-skrabka-na-cesnak","status":"publish","type":"product","link":"https:\/\/distribucionarc.com\/sk\/producto\/peladora-de-ajos-automatica\/","title":{"rendered":"Automatick\u00e1 \u0161krabka na cesnak"},"content":{"rendered":"<h3>Automatick\u00e1 \u0161krabka na cesnak<\/h3>\n<p>The<strong> elektrick\u00fd peelingov\u00fd stroj <span style=\"color: #ff0000;\">TO<\/span><span style=\"color: #0000ff;\">R<\/span>c<\/strong> Je vyroben\u00fd z vysoko kvalitnej hrubej nehrdzavej\u00facej ocele; okrem zabezpe\u010denia jeho vyu\u017eitia v potravin\u00e1rskom priemysle. Je tie\u017e trvanliv\u00fd a odoln\u00fd proti kor\u00f3zii, aby sa zabezpe\u010dilo dlhodob\u00e9 pou\u017e\u00edvanie.<\/p>\n<p>Toto <strong>\u0161krabka na cesnak <span style=\"color: #ff0000;\">TO<\/span><span style=\"color: #0000ff;\">R<\/span>CZA25<\/strong> Disponuje pr\u00e9miov\u00fdm motorom s v\u00fdkonom 175 W, vysokou r\u00fdchlos\u0165ou l\u00fapania rot\u00e1ciou zvl\u00e1dne ol\u00fapa\u0165 35 kg cesnaku ka\u017ed\u00fdch 30 min\u00fat za hodinu. R\u00fdchlos\u0165 l\u00fapania m\u00f4\u017ee by\u0165 okolo 951 TP3T, ke\u010f je k\u00f4ra cesnaku such\u0161ia, uprednost\u0148uje<strong> automatick\u00fd \u010disti\u010d cesnaku<span style=\"color: #ff0000;\"> TO<\/span><span style=\"color: #0000ff;\">R<\/span>CZA25<\/strong> vykon\u00e1va\u0165 r\u00fdchlej\u0161ie a efekt\u00edvnej\u0161ie peeling.<\/p>\n<p>Otvorte <strong>stroj\u010dek na l\u00fapan\u00fd cesnak<\/strong> a polo\u017ete str\u00fa\u010diky cesnaku. Cesnakov\u00e1 k\u00f4ra a ovocie sa oddelia automaticky. Peeling s t\u00fdmto<strong> \u0161krabka na cesnak<\/strong> Je to ve\u013emi r\u00fdchle. Vybaven\u00fd kr\u00ed\u017eov\u00fdm separ\u00e1torom vyroben\u00fdm zo \u0161peci\u00e1lneho silik\u00f3nu; To zlep\u0161uje \u00fa\u010dinnos\u0165 l\u00fapania a zni\u017euje po\u0161kodenie, sekanie alebo rezanie cesnaku. The <strong>automatick\u00fd \u0161krab\u00e1k<\/strong> Zlep\u0161uje monot\u00f3nny separ\u00e1tor l\u00fapania cesnaku.<\/p>\n<p>The <strong>stroj na \u010distenie cesnaku<\/strong> \u013dahko sa pres\u00fava pomocou dvoch bo\u010dn\u00fdch rukov\u00e4t\u00ed, aby sa u\u013eah\u010dila preprava tam, kde je to potrebn\u00e9. M\u00e1 zosilnen\u00e9 plniace hrdlo a nerezov\u00fa z\u00e1tku, d\u00e1 sa pou\u017ei\u0165 na o\u0161\u00fapanie r\u00f4znych ve\u013ekost\u00ed cesnaku.  Toto <strong>zariadenie na l\u00fapanie cesnaku<\/strong> Je ide\u00e1lny pre re\u0161taur\u00e1cie, grily, om\u00e1\u010dky, hotely, potravin\u00e1rsky priemysel at\u010f.<\/p>\n<p>&nbsp;<\/p>\n<h6><strong>Z\u00e1ruka\u00a0<span style=\"color: #ff0000;\">TO<\/span><span style=\"color: #0000ff;\">R<\/span>C 2 ROKY<\/strong><\/h6>\n<h6><span style=\"color: #008000;\">V\u00fdkonn\u00e1 \u0161krabka na cesnak, n\u00edzka spotreba 175W<\/span><\/h6>\n<h6><strong>vr\u00e1tane technickej podpory<\/strong><\/h6>\n<p>&nbsp;<\/p>\n<table role=\"presentation\" width=\"100%\" cellspacing=\"0\" cellpadding=\"0\">\n<tbody>\n<tr>\n<td class=\"attrLabels\">Zna\u010dka:<\/td>\n<td width=\"50.0%\">ARC<\/td>\n<\/tr>\n<tr>\n<td class=\"attrLabels\">Z\u00e1ruka:<\/td>\n<td width=\"50.0%\">2 roky<\/td>\n<td class=\"attrLabels\">Hmotnos\u0165:<\/td>\n<td width=\"50.0%\">9 kg<\/td>\n<\/tr>\n<tr>\n<td class=\"attrLabels\">Krajina distrib\u00facie:<\/td>\n<td width=\"50.0%\">\u0160panielsko, Nemecko, USA<\/td>\n<td class=\"attrLabels\">v\u00fd\u0161ka:<\/td>\n<td width=\"50.0%\">52,1 cm<\/td>\n<\/tr>\n<tr>\n<td class=\"attrLabels\">Farba:<\/td>\n<td width=\"50.0%\">Strieborn\u00e1<\/td>\n<td class=\"attrLabels\">Dlh\u00e9:<\/td>\n<td width=\"50.0%\">20,3 cm<\/td>\n<\/tr>\n<tr>\n<td class=\"attrLabels\">Typ produktu:<\/td>\n<td width=\"50.0%\">automatick\u00fd \u010disti\u010d cesnaku<\/td>\n<td class=\"attrLabels\">\u0160irok\u00e1:<\/td>\n<td width=\"50.0%\">20,3 cm<\/td>\n<\/tr>\n<tr>\n<td class=\"attrLabels\">\u010c\u00edslo v\u00fdrobcu:<\/td>\n<td width=\"50.0%\">ARCPA25<\/td>\n<td class=\"attrLabels\">Kapacita z\u00e1sobn\u00edka:<\/td>\n<td width=\"50.0%\">25 kg<\/td>\n<\/tr>\n<tr>\n<td class=\"attrLabels\">Materi\u00e1l:<\/td>\n<td width=\"50.0%\">304 potravin\u00e1rska nehrdzavej\u00faca oce\u013e<\/td>\n<td class=\"attrLabels\">R\u00fdchlos\u0165 odlupovania:<\/td>\n<td width=\"50.0%\">35 kg za hodinu<\/td>\n<\/tr>\n<tr>\n<td class=\"attrLabels\">Prev\u00e1dzka:<\/td>\n<td width=\"50.0%\">Energick\u00fd<\/td>\n<td class=\"attrLabels\">R\u00fdchlos\u0165 odlupovania:<\/td>\n<td width=\"50.0%\">95%<\/td>\n<\/tr>\n<tr>\n<td class=\"attrLabels\">Spotreba elektriny:<\/td>\n<td width=\"50.0%\">175 W<\/td>\n<td class=\"attrLabels\">Nap\u00e4tie:<\/td>\n<td width=\"50.0%\">220V 50Hz<\/td>\n<\/tr>\n<\/tbody>\n<\/table>\n<p>&nbsp;<\/p>\n<p>&nbsp;<\/p>","protected":false},"excerpt":{"rendered":"<h2>Automatick\u00e1 \u0161krabka na cesnak<\/h2>\n<p>Toto <strong>\u0161krabka na cesnak <span style=\"color: #ff0000;\">TO<\/span><span style=\"color: #0000ff;\">R<\/span>c<\/strong> Vyzna\u010duje sa vysokou pevnos\u0165ou v \u0165ahu a odolnos\u0165ou proti kor\u00f3zii. Vyroben\u00e9 z nehrdzavej\u00facej ocele, trvanliv\u00e9, odoln\u00e9 vo\u010di opotrebovaniu a \u0161pecifickej kvality pre pou\u017eitie v potravin\u00e1rskom priemysle. The <strong>priemyseln\u00fd stroj na l\u00fapanie cesnaku <span style=\"color: #ff0000;\">TO<\/span><span style=\"color: #0000ff;\">R<\/span>c<\/strong> Disponuje pr\u00e9miov\u00fdm motorom s v\u00fdkonom 175 W. V\u010faka tomu poskytuje t\u00e1to profesion\u00e1lna \u0161krabka na cesnak vysok\u00fa r\u00fdchlos\u0165 l\u00fapania na jednu ot\u00e1\u010dku a je schopn\u00e1 o\u0161\u00fapa\u0165 a\u017e 35 kg cesnaku. Toto <strong>cesnakov\u00fd \u010disti\u010d<\/strong> Pom\u00f4\u017ee v\u00e1m to ur\u00fdchli\u0165 v\u00fdrobu om\u00e1\u010dok, olejov, kr\u00e9mov, masla at\u010f. V\u010faka kompaktn\u00e9mu a jednoduch\u00e9mu dizajnu u\u013eah\u010duje \u010distenie a \u00fadr\u017ebu stroja.<strong> automatick\u00fd \u0161krab\u00e1k<\/strong>.<\/p>\n<h6><strong>Z\u00e1ruka\u00a0<span style=\"color: #ff0000;\">TO<\/span><span style=\"color: #0000ff;\">R<\/span>C 2 ROKY<\/strong><\/h6>\n<h6><span style=\"color: #008000;\">V\u00fdkonn\u00e1 \u0161krabka na cesnak, n\u00edzka spotreba 175W<\/span><\/h6>\n<h6><strong>vr\u00e1tane technickej podpory<\/strong><\/h6>\n<p>&nbsp;<\/p>","protected":false},"featured_media":4275,"comment_status":"open","ping_status":"closed","template":"","meta":{"wds_primary_product_brand":0,"wds_primary_product_cat":0},"product_brand":[],"product_cat":[43,61],"product_tag":[],"class_list":{"0":"post-4274","1":"product","2":"type-product","3":"status-publish","4":"has-post-thumbnail","6":"product_cat-cortadoras-de-alimentos","7":"product_cat-peladoras-de-alimentos","8":"product_shipping_class-hosteleria","10":"first","11":"instock","12":"sale","13":"taxable","14":"shipping-taxable","15":"purchasable","16":"product-type-simple"},"yoast_head":"<!-- This site is optimized with the Yoast SEO Premium plugin v24.9 (Yoast SEO v26.1) - https:\/\/yoast.com\/wordpress\/plugins\/seo\/ -->\n<title>Peladora de ajos autom\u00e1tica - distribuci\u00f3n ARC<\/title>\n<meta name=\"robots\" content=\"index, follow, max-snippet:-1, max-image-preview:large, max-video-preview:-1\" \/>\n<link rel=\"canonical\" href=\"https:\/\/www.distribucionarc.com\/en\/producto\/peladora-de-ajos-automatica\/\" \/>\n<meta property=\"og:locale\" content=\"sk_SK\" \/>\n<meta property=\"og:type\" content=\"article\" \/>\n<meta property=\"og:title\" content=\"Peladora de ajos autom\u00e1tica\" \/>\n<meta property=\"og:description\" content=\"Peladora de ajos autom\u00e1tica Esta peladora de ajos ARC se caracteriza por una alta resistencia a la tracci\u00f3n y a la corrosi\u00f3n. Hecha de acero inoxidable, duradero, resistente al desgaste y de calidad espec\u00edfica para el uso en la industria alimentaria. La m\u00e1quina industrial para pelar ajos ARC cuenta con un motor premium con 175 W de potencia. Gracias a esto esta peladora profesional de ajos le proporciona una alta velocidad de pelado por rotaci\u00f3n siendo capaz de pelar hasta 35kg de ajos. Esta limpiadora de ajos le favorecer\u00e1 a acelerar la producci\u00f3n para elaborar salsas, aceites, cremas, mantequillas, etc. Gracias a su dise\u00f1o compacto y sencillo le facilita la limpieza y mantenimiento de la peladora autom\u00e1tica. Garant\u00eda\u00a0ARC 2 A\u00d1OS Peladora de ajos eficiente, bajo consumo\u00a0 175W soporte t\u00e9cnico incluido &nbsp;\" \/>\n<meta property=\"og:url\" content=\"https:\/\/www.distribucionarc.com\/en\/producto\/peladora-de-ajos-automatica\/\" \/>\n<meta property=\"og:site_name\" content=\"distribuci\u00f3n ARC\" \/>\n<meta property=\"og:image\" content=\"https:\/\/www.distribucionarc.com\/wp-content\/uploads\/2021\/01\/Peladora-de-ajos-automatica-0.jpg\" \/>\n\t<meta property=\"og:image:width\" content=\"1600\" \/>\n\t<meta property=\"og:image:height\" content=\"1600\" \/>\n\t<meta property=\"og:image:type\" content=\"image\/jpeg\" \/>\n<meta name=\"twitter:card\" content=\"summary_large_image\" \/>\n<meta name=\"twitter:label1\" content=\"Predpokladan\u00fd \u010das \u010d\u00edtania\" \/>\n\t<meta name=\"twitter:data1\" content=\"2 min\u00faty\" \/>\n<script type=\"application\/ld+json\" class=\"yoast-schema-graph\">{\"@context\":\"https:\/\/schema.org\",\"@graph\":[{\"@type\":\"WebPage\",\"@id\":\"https:\/\/www.distribucionarc.com\/en\/producto\/peladora-de-ajos-automatica\/\",\"url\":\"https:\/\/www.distribucionarc.com\/en\/producto\/peladora-de-ajos-automatica\/\",\"name\":\"Peladora de ajos autom\u00e1tica - distribuci\u00f3n ARC\",\"isPartOf\":{\"@id\":\"https:\/\/www.distribucionarc.com\/sl\/#website\"},\"primaryImageOfPage\":{\"@id\":\"https:\/\/www.distribucionarc.com\/en\/producto\/peladora-de-ajos-automatica\/#primaryimage\"},\"image\":{\"@id\":\"https:\/\/www.distribucionarc.com\/en\/producto\/peladora-de-ajos-automatica\/#primaryimage\"},\"thumbnailUrl\":\"https:\/\/distribucionarc.com\/wp-content\/uploads\/2021\/01\/Peladora-de-ajos-automatica-0.jpg\",\"datePublished\":\"2021-01-27T11:36:14+00:00\",\"breadcrumb\":{\"@id\":\"https:\/\/www.distribucionarc.com\/en\/producto\/peladora-de-ajos-automatica\/#breadcrumb\"},\"inLanguage\":\"sk-SK\",\"potentialAction\":[{\"@type\":\"ReadAction\",\"target\":[\"https:\/\/www.distribucionarc.com\/en\/producto\/peladora-de-ajos-automatica\/\"]}]},{\"@type\":\"ImageObject\",\"inLanguage\":\"sk-SK\",\"@id\":\"https:\/\/www.distribucionarc.com\/en\/producto\/peladora-de-ajos-automatica\/#primaryimage\",\"url\":\"https:\/\/distribucionarc.com\/wp-content\/uploads\/2021\/01\/Peladora-de-ajos-automatica-0.jpg\",\"contentUrl\":\"https:\/\/distribucionarc.com\/wp-content\/uploads\/2021\/01\/Peladora-de-ajos-automatica-0.jpg\",\"width\":1600,\"height\":1600,\"caption\":\"Peladora de ajos autom\u00e1tica\"},{\"@type\":\"BreadcrumbList\",\"@id\":\"https:\/\/www.distribucionarc.com\/en\/producto\/peladora-de-ajos-automatica\/#breadcrumb\",\"itemListElement\":[{\"@type\":\"ListItem\",\"position\":1,\"name\":\"Portada\",\"item\":\"https:\/\/www.distribucionarc.com\/\"},{\"@type\":\"ListItem\",\"position\":2,\"name\":\"\u00dcr\u00fcnler\",\"item\":\"https:\/\/www.distribucionarc.com\/tr\/magaza\/\"},{\"@type\":\"ListItem\",\"position\":3,\"name\":\"Peladora de ajos autom\u00e1tica\"}]},{\"@type\":\"WebSite\",\"@id\":\"https:\/\/www.distribucionarc.com\/sl\/#website\",\"url\":\"https:\/\/www.distribucionarc.com\/sl\/\",\"name\":\"distribuci\u00f3n ARC\",\"description\":\"Empresa especializada en la fabricaci\u00f3n y distribuci\u00f3n de maquinaria industrial, selladoras de latas, Maquinas de hacer pastillas, Maquinas de cortar carne...\",\"publisher\":{\"@id\":\"https:\/\/www.distribucionarc.com\/sl\/#organization\"},\"potentialAction\":[{\"@type\":\"SearchAction\",\"target\":{\"@type\":\"EntryPoint\",\"urlTemplate\":\"https:\/\/www.distribucionarc.com\/sl\/?s={search_term_string}\"},\"query-input\":{\"@type\":\"PropertyValueSpecification\",\"valueRequired\":true,\"valueName\":\"search_term_string\"}}],\"inLanguage\":\"sk-SK\"},{\"@type\":\"Organization\",\"@id\":\"https:\/\/www.distribucionarc.com\/sl\/#organization\",\"name\":\"Distribuci\u00f3n ARC\",\"url\":\"https:\/\/www.distribucionarc.com\/sl\/\",\"logo\":{\"@type\":\"ImageObject\",\"inLanguage\":\"sk-SK\",\"@id\":\"https:\/\/www.distribucionarc.com\/sl\/#\/schema\/logo\/image\/\",\"url\":\"https:\/\/distribucionarc.com\/wp-content\/uploads\/2024\/10\/distribucion-ARC-COLOR-SIN-FONDO-e1732295305345.png\",\"contentUrl\":\"https:\/\/distribucionarc.com\/wp-content\/uploads\/2024\/10\/distribucion-ARC-COLOR-SIN-FONDO-e1732295305345.png\",\"width\":1164,\"height\":558,\"caption\":\"Distribuci\u00f3n ARC\"},\"image\":{\"@id\":\"https:\/\/www.distribucionarc.com\/sl\/#\/schema\/logo\/image\/\"},\"description\":\"Empresa especializada en la fabricaci\u00f3n y distribuci\u00f3n de maquinaria industrial para los sectores alimentario y farmac\u00e9utico. Nos especializamos en: M\u00e1quinas de cortar carne Fabricaci\u00f3n de comprimidos Sistemas de transporte industrial L\u00edneas de embotellado Dosificadores Y mucho m\u00e1s... Ofrecemos soluciones innovadoras y personalizadas para optimizar los procesos productivos de tu empresa.\",\"email\":\"Admistracion@distribucionarc.com\",\"telephone\":\"+34 643496664\",\"legalName\":\"ARC TECH SOLUTIONS\",\"foundingDate\":\"2024-04-09\",\"vatID\":\"B55480172\",\"numberOfEmployees\":{\"@type\":\"QuantitativeValue\",\"minValue\":\"1\",\"maxValue\":\"10\"}}]}<\/script>\n<!-- \/ Yoast SEO Premium plugin. -->","yoast_head_json":{"title":"Automatick\u00e1 \u0161krabka na cesnak - ARC rozvod","robots":{"index":"index","follow":"follow","max-snippet":"max-snippet:-1","max-image-preview":"max-image-preview:large","max-video-preview":"max-video-preview:-1"},"canonical":"https:\/\/www.distribucionarc.com\/en\/producto\/peladora-de-ajos-automatica\/","og_locale":"sk_SK","og_type":"article","og_title":"Peladora de ajos autom\u00e1tica","og_description":"Peladora de ajos autom\u00e1tica Esta peladora de ajos ARC se caracteriza por una alta resistencia a la tracci\u00f3n y a la corrosi\u00f3n. Hecha de acero inoxidable, duradero, resistente al desgaste y de calidad espec\u00edfica para el uso en la industria alimentaria. La m\u00e1quina industrial para pelar ajos ARC cuenta con un motor premium con 175 W de potencia. Gracias a esto esta peladora profesional de ajos le proporciona una alta velocidad de pelado por rotaci\u00f3n siendo capaz de pelar hasta 35kg de ajos. Esta limpiadora de ajos le favorecer\u00e1 a acelerar la producci\u00f3n para elaborar salsas, aceites, cremas, mantequillas, etc. Gracias a su dise\u00f1o compacto y sencillo le facilita la limpieza y mantenimiento de la peladora autom\u00e1tica. Garant\u00eda\u00a0ARC 2 A\u00d1OS Peladora de ajos eficiente, bajo consumo\u00a0 175W soporte t\u00e9cnico incluido &nbsp;","og_url":"https:\/\/www.distribucionarc.com\/en\/producto\/peladora-de-ajos-automatica\/","og_site_name":"distribuci\u00f3n ARC","og_image":[{"width":1600,"height":1600,"url":"https:\/\/www.distribucionarc.com\/wp-content\/uploads\/2021\/01\/Peladora-de-ajos-automatica-0.jpg","type":"image\/jpeg"}],"twitter_card":"summary_large_image","twitter_misc":{"Predpokladan\u00fd \u010das \u010d\u00edtania":"2 min\u00faty"},"schema":{"@context":"https:\/\/schema.org","@graph":[{"@type":"WebPage","@id":"https:\/\/www.distribucionarc.com\/en\/producto\/peladora-de-ajos-automatica\/","url":"https:\/\/www.distribucionarc.com\/en\/producto\/peladora-de-ajos-automatica\/","name":"Automatick\u00e1 \u0161krabka na cesnak - ARC rozvod","isPartOf":{"@id":"https:\/\/www.distribucionarc.com\/sl\/#website"},"primaryImageOfPage":{"@id":"https:\/\/www.distribucionarc.com\/en\/producto\/peladora-de-ajos-automatica\/#primaryimage"},"image":{"@id":"https:\/\/www.distribucionarc.com\/en\/producto\/peladora-de-ajos-automatica\/#primaryimage"},"thumbnailUrl":"https:\/\/distribucionarc.com\/wp-content\/uploads\/2021\/01\/Peladora-de-ajos-automatica-0.jpg","datePublished":"2021-01-27T11:36:14+00:00","breadcrumb":{"@id":"https:\/\/www.distribucionarc.com\/en\/producto\/peladora-de-ajos-automatica\/#breadcrumb"},"inLanguage":"sk-SK","potentialAction":[{"@type":"ReadAction","target":["https:\/\/www.distribucionarc.com\/en\/producto\/peladora-de-ajos-automatica\/"]}]},{"@type":"ImageObject","inLanguage":"sk-SK","@id":"https:\/\/www.distribucionarc.com\/en\/producto\/peladora-de-ajos-automatica\/#primaryimage","url":"https:\/\/distribucionarc.com\/wp-content\/uploads\/2021\/01\/Peladora-de-ajos-automatica-0.jpg","contentUrl":"https:\/\/distribucionarc.com\/wp-content\/uploads\/2021\/01\/Peladora-de-ajos-automatica-0.jpg","width":1600,"height":1600,"caption":"Peladora de ajos autom\u00e1tica"},{"@type":"BreadcrumbList","@id":"https:\/\/www.distribucionarc.com\/en\/producto\/peladora-de-ajos-automatica\/#breadcrumb","itemListElement":[{"@type":"ListItem","position":1,"name":"Portada","item":"https:\/\/www.distribucionarc.com\/"},{"@type":"ListItem","position":2,"name":"\u00dcr\u00fcnler","item":"https:\/\/www.distribucionarc.com\/tr\/magaza\/"},{"@type":"ListItem","position":3,"name":"Peladora de ajos autom\u00e1tica"}]},{"@type":"WebSite","@id":"https:\/\/www.distribucionarc.com\/sl\/#website","url":"https:\/\/www.distribucionarc.com\/sl\/","name":"ARC distrib\u00facia","description":"Spolo\u010dnos\u0165 sa \u0161pecializuje na v\u00fdrobu a distrib\u00faciu priemyseln\u00fdch strojov, strojov na uzatv\u00e1ranie plechoviek, strojov na v\u00fdrobu tabliet, strojov na porciovanie m\u00e4sa...","publisher":{"@id":"https:\/\/www.distribucionarc.com\/sl\/#organization"},"potentialAction":[{"@type":"SearchAction","target":{"@type":"EntryPoint","urlTemplate":"https:\/\/www.distribucionarc.com\/sl\/?s={search_term_string}"},"query-input":{"@type":"PropertyValueSpecification","valueRequired":true,"valueName":"search_term_string"}}],"inLanguage":"sk-SK"},{"@type":"Organization","@id":"https:\/\/www.distribucionarc.com\/sl\/#organization","name":"Distrib\u00facia ARC","url":"https:\/\/www.distribucionarc.com\/sl\/","logo":{"@type":"ImageObject","inLanguage":"sk-SK","@id":"https:\/\/www.distribucionarc.com\/sl\/#\/schema\/logo\/image\/","url":"https:\/\/distribucionarc.com\/wp-content\/uploads\/2024\/10\/distribucion-ARC-COLOR-SIN-FONDO-e1732295305345.png","contentUrl":"https:\/\/distribucionarc.com\/wp-content\/uploads\/2024\/10\/distribucion-ARC-COLOR-SIN-FONDO-e1732295305345.png","width":1164,"height":558,"caption":"Distribuci\u00f3n ARC"},"image":{"@id":"https:\/\/www.distribucionarc.com\/sl\/#\/schema\/logo\/image\/"},"description":"Spolo\u010dnos\u0165 \u0161pecializuj\u00faca sa na v\u00fdrobu a distrib\u00faciu priemyseln\u00fdch strojov pre potravin\u00e1rsky a farmaceutick\u00fd sektor. \u0160pecializujeme sa na: Stroje na kr\u00e1janie m\u00e4sa V\u00fdroba tabliet Priemyseln\u00e9 dopravn\u00e9 syst\u00e9my D\u00e1vkova\u010de na f\u013ea\u0161e A ove\u013ea viac... Pon\u00fakame inovat\u00edvne a prisp\u00f4soben\u00e9 rie\u0161enia na optimaliz\u00e1ciu v\u00fdrobn\u00fdch procesov va\u0161ej spolo\u010dnosti.","email":"Admistracion@distribucionarc.com","telephone":"+34 643496664","legalName":"ARC TECH SOLUTIONS","foundingDate":"2024-04-09","vatID":"B55480172","numberOfEmployees":{"@type":"QuantitativeValue","minValue":"1","maxValue":"10"}}]}},"_links":{"self":[{"href":"https:\/\/distribucionarc.com\/sk\/wp-json\/wp\/v2\/product\/4274","targetHints":{"allow":["GET"]}}],"collection":[{"href":"https:\/\/distribucionarc.com\/sk\/wp-json\/wp\/v2\/product"}],"about":[{"href":"https:\/\/distribucionarc.com\/sk\/wp-json\/wp\/v2\/types\/product"}],"replies":[{"embeddable":true,"href":"https:\/\/distribucionarc.com\/sk\/wp-json\/wp\/v2\/comments?post=4274"}],"version-history":[{"count":0,"href":"https:\/\/distribucionarc.com\/sk\/wp-json\/wp\/v2\/product\/4274\/revisions"}],"wp:featuredmedia":[{"embeddable":true,"href":"https:\/\/distribucionarc.com\/sk\/wp-json\/wp\/v2\/media\/4275"}],"wp:attachment":[{"href":"https:\/\/distribucionarc.com\/sk\/wp-json\/wp\/v2\/media?parent=4274"}],"wp:term":[{"taxonomy":"product_brand","embeddable":true,"href":"https:\/\/distribucionarc.com\/sk\/wp-json\/wp\/v2\/product_brand?post=4274"},{"taxonomy":"product_cat","embeddable":true,"href":"https:\/\/distribucionarc.com\/sk\/wp-json\/wp\/v2\/product_cat?post=4274"},{"taxonomy":"product_tag","embeddable":true,"href":"https:\/\/distribucionarc.com\/sk\/wp-json\/wp\/v2\/product_tag?post=4274"}],"curies":[{"name":"pracovn\u00fd list","href":"https:\/\/api.w.org\/{rel}","templated":true}]}}