{"id":4318,"date":"2021-01-28T14:12:22","date_gmt":"2021-01-28T14:12:22","guid":{"rendered":"https:\/\/distribucionarc.com\/?post_type=product&#038;p=4318"},"modified":"2021-01-28T14:12:22","modified_gmt":"2021-01-28T14:12:22","slug":"automaticka-rezacka-pasky","status":"publish","type":"product","link":"https:\/\/distribucionarc.com\/sk\/producto\/cortadora-de-cinta-automatica\/","title":{"rendered":"Automatick\u00e1 reza\u010dka p\u00e1sky\u00a0"},"content":{"rendered":"<h3>Automatick\u00e1 reza\u010dka p\u00e1sky<\/h3>\n<p>The <strong>reza\u010dka\u00a0<\/strong><b>studen\u00fd<\/b>\u00a0Je vyroben\u00fd z nehrdzavej\u00facej ocele a kvalitn\u00e9ho plastu, ktor\u00fd sa vyzna\u010duje vysokou kvalitou a odolnos\u0165ou. Z bezpe\u010dnostn\u00fdch d\u00f4vodov toto <strong>stroj na rezanie popruhov <span style=\"color: #ff0000;\">TO<\/span><span style=\"color: #0000ff;\">R<\/span>CCCA175<\/strong> Je vybaven\u00fd uzem\u0148ovac\u00edmi z\u00e1str\u010dkami a nieko\u013ek\u00fdmi otvormi na odvod tepla.<\/p>\n<p>Toto <strong>stroj na strihanie p\u00e1sok<\/strong> Je vybaven\u00fd mikropo\u010d\u00edta\u010dov\u00fdm riaden\u00edm, tzv <strong>reza\u010dka p\u00e1sky <span style=\"color: #ff0000;\">TO<\/span><span style=\"color: #0000ff;\">R<\/span>c<\/strong> Je to \u00faplne automatick\u00e9. Prieh\u013eadn\u00fd ovl\u00e1dac\u00ed panel u\u013eah\u010duje a pohodlne obsluhuje. <strong>Milimetrov\u00e1 fr\u00e9za<\/strong> na synchronizovan\u00e9 rezanie p\u00e1sov so \u0161\u00edrkou rezu 100 mm. R\u00fdchlos\u0165 rezania a pod\u00e1vania je nastavite\u013en\u00e1. Biela oce\u013eov\u00e1 zv\u00e1racia \u010depe\u013e m\u00e1 skvel\u00fd rezn\u00fd \u00fa\u010dinok.<\/p>\n<p>V\u010faka vysokej presnosti indukcie to <strong>stroj na rezanie za studena <span style=\"color: #ff0000;\">TO<\/span><span style=\"color: #0000ff;\">R<\/span>CCCA175<\/strong> Po dokon\u010den\u00ed rezania sa automaticky zastav\u00ed. \u0160etrite energiu a elektrinu. Z\u00e1rove\u0148 je zaru\u010den\u00e1 bezpe\u010dnos\u0165. Svorka tohto <strong>Milimetrov\u00e1 elektrick\u00e1 reza\u010dka<\/strong> Podporuje dve rolky p\u00e1sky, ktor\u00e9 m\u00f4\u017eu pracova\u0165 s\u00fa\u010dasne. Vzdialenos\u0165 medzi doskami je nastavite\u013en\u00e1. Ak sa traky uvo\u013enia alebo strih nie je hladk\u00fd, traky zapnite. Toto<strong> zariadenie na rezanie popruhov<\/strong> Je vhodn\u00fd na r\u00f4zne p\u00e1sky, ako s\u00fa pleteniny, popruhy na such\u00fd zips, ko\u017ea, stuhy, opasky na batohy, \u0161n\u00farky do top\u00e1nok, plast, gumi\u010dky, zipsy at\u010f.<\/p>\n<h6><strong>Z\u00e1ruka\u00a0<span style=\"color: #ff0000;\">TO<\/span><span style=\"color: #0000ff;\">R<\/span>C 2 ROKY<\/strong><\/h6>\n<h6><span style=\"color: #008000;\">Efekt\u00edvna automatick\u00e1 reza\u010dka p\u00e1sky, n\u00edzka spotreba 225w<\/span><\/h6>\n<h6><strong>vr\u00e1tane technickej podpory<\/strong><\/h6>\n<p>&nbsp;<\/p>\n<table role=\"presentation\" width=\"100%\" cellspacing=\"0\" cellpadding=\"0\">\n<tbody>\n<tr>\n<td class=\"attrLabels\">Zna\u010dka:<\/td>\n<td width=\"50.0%\">ARC<\/td>\n<\/tr>\n<tr>\n<td class=\"attrLabels\">Z\u00e1ruka:<\/td>\n<td width=\"50.0%\">2 roky<\/td>\n<td class=\"attrLabels\">Hmotnos\u0165:<\/td>\n<td width=\"50.0%\">22,5 kg<\/td>\n<\/tr>\n<tr>\n<td class=\"attrLabels\">Krajina distrib\u00facie:<\/td>\n<td width=\"50.0%\">\u0160panielsko, Nemecko, USA<\/td>\n<td class=\"attrLabels\">v\u00fd\u0161ka:<\/td>\n<td width=\"50.0%\">42,5 cm<\/td>\n<\/tr>\n<tr>\n<td class=\"attrLabels\">Farba:<\/td>\n<td width=\"50.0%\">Strieborn\u00e1<\/td>\n<td class=\"attrLabels\">Dlh\u00e9:<\/td>\n<td width=\"50.0%\">96 cm<\/td>\n<\/tr>\n<tr>\n<td class=\"attrLabels\">Typ produktu:<\/td>\n<td width=\"50.0%\">reza\u010dka p\u00e1sky<\/td>\n<td class=\"attrLabels\">\u0160irok\u00e1:<\/td>\n<td width=\"50.0%\">31,5 cm<\/td>\n<\/tr>\n<tr>\n<td class=\"attrLabels\">\u010c\u00edslo v\u00fdrobcu:<\/td>\n<td width=\"50.0%\">ARCCCA175<\/td>\n<td class=\"attrLabels\">D\u013a\u017eka rezu:<\/td>\n<td width=\"50.0%\">1-99999 mm<\/td>\n<\/tr>\n<tr>\n<td class=\"attrLabels\">Materi\u00e1l:<\/td>\n<td width=\"50.0%\">nehrdzavej\u00faca oce\u013e, mikropo\u010d\u00edta\u010d<\/td>\n<td class=\"attrLabels\">R\u00fdchlos\u0165 rezania:<\/td>\n<td width=\"50.0%\">110 pr\u00fa\u017ekov za min\u00fatu (d\u013a\u017eka 50 mm)<\/td>\n<\/tr>\n<tr>\n<td class=\"attrLabels\">V\u00fdkon:<\/td>\n<td width=\"50.0%\">225 W<\/td>\n<td class=\"attrLabels\">\u0160\u00edrka rezu:<\/td>\n<td width=\"50.0%\">100 mm<\/td>\n<\/tr>\n<tr>\n<td class=\"attrLabels\">Nap\u00e4tie:<\/td>\n<td width=\"50.0%\">220V 50Hz a\u017e 60Hz<\/td>\n<td class=\"attrLabels\">Hr\u00fabka rezu:<\/td>\n<td width=\"50.0%\">2 mm<\/td>\n<\/tr>\n<\/tbody>\n<\/table>","protected":false},"excerpt":{"rendered":"<h2>Automatick\u00e1 reza\u010dka p\u00e1sky<\/h2>\n<p>Toto <strong>orez\u00e1va\u010d popruhov <span style=\"color: #ff0000;\">TO<\/span><span style=\"color: #0000ff;\">R<\/span>c<\/strong> s funkciou rezania za studena. Je riaden\u00fd mikropo\u010d\u00edta\u010dov\u00fdm riadiacim syst\u00e9mom. Cel\u00fd proces rezania je automatick\u00fd, jednoduch\u00fd a bezpe\u010dn\u00fd. The <strong>reza\u010dka p\u00e1sky<\/strong> M\u00f4\u017ee by\u0165 pou\u017eit\u00fd pre mnoho popruhov r\u00f4znych d\u013a\u017eok, ako s\u00fa popruhy na such\u00fd zips, nylonov\u00e9 popruhy at\u010f. The <strong>stroj na strihanie p\u00e1sok <span style=\"color: #ff0000;\">TO<\/span><span style=\"color: #0000ff;\">R<\/span>c<\/strong> M\u00e1 funkciu rezania za studena, \u013eahko a pohodlne sa pou\u017e\u00edva. Toto <strong>elektrick\u00e1 reza\u010dka p\u00e1sov<\/strong> Vyzna\u010duje sa vynikaj\u00facim rezn\u00fdm \u00fa\u010dinkom, \u00fa\u010dinnos\u0165ou a spracovan\u00edm bez otrepov. D\u013a\u017eka p\u00e1sky m\u00f4\u017ee by\u0165 50 mm, t\u00e1to milimetrov\u00e1 fr\u00e9za dok\u00e1\u017ee odreza\u0165 a\u017e 110 kusov za min\u00fatu.<\/p>\n<h6><strong>Z\u00e1ruka\u00a0<span style=\"color: #ff0000;\">TO<\/span><span style=\"color: #0000ff;\">R<\/span>C 2 ROKY<\/strong><\/h6>\n<h6><span style=\"color: #008000;\">Efekt\u00edvna automatick\u00e1 reza\u010dka p\u00e1sky, n\u00edzka spotreba 225w<\/span><\/h6>\n<h6><strong>vr\u00e1tane technickej podpory<\/strong><\/h6>","protected":false},"featured_media":4319,"comment_status":"open","ping_status":"closed","template":"","meta":{"wds_primary_product_brand":0,"wds_primary_product_cat":0},"product_brand":[],"product_cat":[69],"product_tag":[],"class_list":{"0":"post-4318","1":"product","2":"type-product","3":"status-publish","4":"has-post-thumbnail","6":"product_cat-maquinas-variadas","7":"product_shipping_class-express","9":"first","10":"instock","11":"sale","12":"taxable","13":"shipping-taxable","14":"purchasable","15":"product-type-simple"},"yoast_head":"<!-- This site is optimized with the Yoast SEO Premium plugin v24.9 (Yoast SEO v26.1) - https:\/\/yoast.com\/wordpress\/plugins\/seo\/ -->\n<title>Cortadora de cinta autom\u00e1tica\u00a0 - distribuci\u00f3n ARC<\/title>\n<meta name=\"robots\" content=\"index, follow, max-snippet:-1, max-image-preview:large, max-video-preview:-1\" \/>\n<link rel=\"canonical\" href=\"https:\/\/distribucionarc.com\/sk\/produktov\/automaticka-rezacka-pasky\/\" \/>\n<meta property=\"og:locale\" content=\"sk_SK\" \/>\n<meta property=\"og:type\" content=\"article\" \/>\n<meta property=\"og:title\" content=\"Cortadora de cinta autom\u00e1tica\u00a0\" \/>\n<meta property=\"og:description\" content=\"Cortadora de cinta autom\u00e1tica Esta cortadora de correas ARC con funci\u00f3n de corte en fr\u00edo. Est\u00e1 controlado por un sistema de control por microordenador. Todo el proceso de corte es autom\u00e1tico, sencillo y seguro. La cortadora de cintas se puede utilizar para muchas correas de diferentes longitudes, tales como correas de velcro, correas de nailon, etc. La m\u00e1quina para corte de cintas ARC cuenta con funci\u00f3n de corte en fr\u00edo, es f\u00e1cil y c\u00f3modo de usar. Esta cortadora el\u00e9ctrica de correas se caracteriza por su excelente efecto de corte, eficiencia y procesamiento sin rebabas. La longitud de la cinta puede ser de 50 mm, esta cortadora milim\u00e9trica puede cortar hasta 110 piezas por minuto. Garant\u00eda\u00a0ARC 2 A\u00d1OS Cortador de cinta autom\u00e1tico eficiente, bajo consumo 225w soporte t\u00e9cnico incluido\" \/>\n<meta property=\"og:url\" content=\"https:\/\/distribucionarc.com\/sk\/produktov\/automaticka-rezacka-pasky\/\" \/>\n<meta property=\"og:site_name\" content=\"distribuci\u00f3n ARC\" \/>\n<meta property=\"og:image\" content=\"https:\/\/distribucionarc.com\/wp-content\/uploads\/2021\/01\/Cortadora-de-cinta-automatica-0.jpg\" \/>\n\t<meta property=\"og:image:width\" content=\"1600\" \/>\n\t<meta property=\"og:image:height\" content=\"1600\" \/>\n\t<meta property=\"og:image:type\" content=\"image\/jpeg\" \/>\n<meta name=\"twitter:card\" content=\"summary_large_image\" \/>\n<meta name=\"twitter:label1\" content=\"Predpokladan\u00fd \u010das \u010d\u00edtania\" \/>\n\t<meta name=\"twitter:data1\" content=\"2 min\u00faty\" \/>\n<script type=\"application\/ld+json\" class=\"yoast-schema-graph\">{\"@context\":\"https:\/\/schema.org\",\"@graph\":[{\"@type\":\"WebPage\",\"@id\":\"https:\/\/distribucionarc.com\/pl\/producto\/cortadora-de-cinta-automatica\/\",\"url\":\"https:\/\/distribucionarc.com\/pl\/producto\/cortadora-de-cinta-automatica\/\",\"name\":\"Cortadora de cinta autom\u00e1tica\u00a0 - distribuci\u00f3n ARC\",\"isPartOf\":{\"@id\":\"https:\/\/distribucionarc.com\/de\/#website\"},\"primaryImageOfPage\":{\"@id\":\"https:\/\/distribucionarc.com\/pl\/producto\/cortadora-de-cinta-automatica\/#primaryimage\"},\"image\":{\"@id\":\"https:\/\/distribucionarc.com\/pl\/producto\/cortadora-de-cinta-automatica\/#primaryimage\"},\"thumbnailUrl\":\"https:\/\/distribucionarc.com\/wp-content\/uploads\/2021\/01\/Cortadora-de-cinta-automatica-0.jpg\",\"datePublished\":\"2021-01-28T14:12:22+00:00\",\"breadcrumb\":{\"@id\":\"https:\/\/distribucionarc.com\/pl\/producto\/cortadora-de-cinta-automatica\/#breadcrumb\"},\"inLanguage\":\"sk-SK\",\"potentialAction\":[{\"@type\":\"ReadAction\",\"target\":[\"https:\/\/distribucionarc.com\/pl\/producto\/cortadora-de-cinta-automatica\/\"]}]},{\"@type\":\"ImageObject\",\"inLanguage\":\"sk-SK\",\"@id\":\"https:\/\/distribucionarc.com\/pl\/producto\/cortadora-de-cinta-automatica\/#primaryimage\",\"url\":\"https:\/\/distribucionarc.com\/wp-content\/uploads\/2021\/01\/Cortadora-de-cinta-automatica-0.jpg\",\"contentUrl\":\"https:\/\/distribucionarc.com\/wp-content\/uploads\/2021\/01\/Cortadora-de-cinta-automatica-0.jpg\",\"width\":1600,\"height\":1600,\"caption\":\"Cortadora de cinta autom\u00e1tica\u00a0\"},{\"@type\":\"BreadcrumbList\",\"@id\":\"https:\/\/distribucionarc.com\/pl\/producto\/cortadora-de-cinta-automatica\/#breadcrumb\",\"itemListElement\":[{\"@type\":\"ListItem\",\"position\":1,\"name\":\"Portada\",\"item\":\"https:\/\/distribucionarc.com\/pl\/\"},{\"@type\":\"ListItem\",\"position\":2,\"name\":\"Produkty\",\"item\":\"https:\/\/distribucionarc.com\/pl\/shop\/\"},{\"@type\":\"ListItem\",\"position\":3,\"name\":\"Cortadora de cinta autom\u00e1tica\u00a0\"}]},{\"@type\":\"WebSite\",\"@id\":\"https:\/\/distribucionarc.com\/de\/#website\",\"url\":\"https:\/\/distribucionarc.com\/de\/\",\"name\":\"distribuci\u00f3n ARC\",\"description\":\"Empresa especializada en la fabricaci\u00f3n y distribuci\u00f3n de maquinaria industrial, selladoras de latas, Maquinas de hacer pastillas, Maquinas de cortar carne...\",\"publisher\":{\"@id\":\"https:\/\/distribucionarc.com\/de\/#organization\"},\"potentialAction\":[{\"@type\":\"SearchAction\",\"target\":{\"@type\":\"EntryPoint\",\"urlTemplate\":\"https:\/\/distribucionarc.com\/de\/?s={search_term_string}\"},\"query-input\":{\"@type\":\"PropertyValueSpecification\",\"valueRequired\":true,\"valueName\":\"search_term_string\"}}],\"inLanguage\":\"sk-SK\"},{\"@type\":\"Organization\",\"@id\":\"https:\/\/distribucionarc.com\/de\/#organization\",\"name\":\"Distribuci\u00f3n ARC\",\"url\":\"https:\/\/distribucionarc.com\/de\/\",\"logo\":{\"@type\":\"ImageObject\",\"inLanguage\":\"sk-SK\",\"@id\":\"https:\/\/distribucionarc.com\/de\/#\/schema\/logo\/image\/\",\"url\":\"https:\/\/distribucionarc.com\/wp-content\/uploads\/2024\/10\/distribucion-ARC-COLOR-SIN-FONDO-e1732295305345.png\",\"contentUrl\":\"https:\/\/distribucionarc.com\/wp-content\/uploads\/2024\/10\/distribucion-ARC-COLOR-SIN-FONDO-e1732295305345.png\",\"width\":1164,\"height\":558,\"caption\":\"Distribuci\u00f3n ARC\"},\"image\":{\"@id\":\"https:\/\/distribucionarc.com\/de\/#\/schema\/logo\/image\/\"},\"description\":\"Empresa especializada en la fabricaci\u00f3n y distribuci\u00f3n de maquinaria industrial para los sectores alimentario y farmac\u00e9utico. Nos especializamos en: M\u00e1quinas de cortar carne Fabricaci\u00f3n de comprimidos Sistemas de transporte industrial L\u00edneas de embotellado Dosificadores Y mucho m\u00e1s... Ofrecemos soluciones innovadoras y personalizadas para optimizar los procesos productivos de tu empresa.\",\"email\":\"Admistracion@distribucionarc.com\",\"telephone\":\"+34 643496664\",\"legalName\":\"ARC TECH SOLUTIONS\",\"foundingDate\":\"2024-04-09\",\"vatID\":\"B55480172\",\"numberOfEmployees\":{\"@type\":\"QuantitativeValue\",\"minValue\":\"1\",\"maxValue\":\"10\"}}]}<\/script>\n<!-- \/ Yoast SEO Premium plugin. -->","yoast_head_json":{"title":"Automatick\u00e1 reza\u010dka p\u00e1sky - ARC rozvod","robots":{"index":"index","follow":"follow","max-snippet":"max-snippet:-1","max-image-preview":"max-image-preview:large","max-video-preview":"max-video-preview:-1"},"canonical":"https:\/\/distribucionarc.com\/sk\/produktov\/automaticka-rezacka-pasky\/","og_locale":"sk_SK","og_type":"article","og_title":"Cortadora de cinta autom\u00e1tica\u00a0","og_description":"Cortadora de cinta autom\u00e1tica Esta cortadora de correas ARC con funci\u00f3n de corte en fr\u00edo. Est\u00e1 controlado por un sistema de control por microordenador. Todo el proceso de corte es autom\u00e1tico, sencillo y seguro. La cortadora de cintas se puede utilizar para muchas correas de diferentes longitudes, tales como correas de velcro, correas de nailon, etc. La m\u00e1quina para corte de cintas ARC cuenta con funci\u00f3n de corte en fr\u00edo, es f\u00e1cil y c\u00f3modo de usar. Esta cortadora el\u00e9ctrica de correas se caracteriza por su excelente efecto de corte, eficiencia y procesamiento sin rebabas. La longitud de la cinta puede ser de 50 mm, esta cortadora milim\u00e9trica puede cortar hasta 110 piezas por minuto. Garant\u00eda\u00a0ARC 2 A\u00d1OS Cortador de cinta autom\u00e1tico eficiente, bajo consumo 225w soporte t\u00e9cnico incluido","og_url":"https:\/\/distribucionarc.com\/sk\/produktov\/automaticka-rezacka-pasky\/","og_site_name":"distribuci\u00f3n ARC","og_image":[{"width":1600,"height":1600,"url":"https:\/\/distribucionarc.com\/wp-content\/uploads\/2021\/01\/Cortadora-de-cinta-automatica-0.jpg","type":"image\/jpeg"}],"twitter_card":"summary_large_image","twitter_misc":{"Predpokladan\u00fd \u010das \u010d\u00edtania":"2 min\u00faty"},"schema":{"@context":"https:\/\/schema.org","@graph":[{"@type":"WebPage","@id":"https:\/\/distribucionarc.com\/pl\/producto\/cortadora-de-cinta-automatica\/","url":"https:\/\/distribucionarc.com\/pl\/producto\/cortadora-de-cinta-automatica\/","name":"Automatick\u00e1 reza\u010dka p\u00e1sky - ARC rozvod","isPartOf":{"@id":"https:\/\/distribucionarc.com\/de\/#website"},"primaryImageOfPage":{"@id":"https:\/\/distribucionarc.com\/pl\/producto\/cortadora-de-cinta-automatica\/#primaryimage"},"image":{"@id":"https:\/\/distribucionarc.com\/pl\/producto\/cortadora-de-cinta-automatica\/#primaryimage"},"thumbnailUrl":"https:\/\/distribucionarc.com\/wp-content\/uploads\/2021\/01\/Cortadora-de-cinta-automatica-0.jpg","datePublished":"2021-01-28T14:12:22+00:00","breadcrumb":{"@id":"https:\/\/distribucionarc.com\/pl\/producto\/cortadora-de-cinta-automatica\/#breadcrumb"},"inLanguage":"sk-SK","potentialAction":[{"@type":"ReadAction","target":["https:\/\/distribucionarc.com\/pl\/producto\/cortadora-de-cinta-automatica\/"]}]},{"@type":"ImageObject","inLanguage":"sk-SK","@id":"https:\/\/distribucionarc.com\/pl\/producto\/cortadora-de-cinta-automatica\/#primaryimage","url":"https:\/\/distribucionarc.com\/wp-content\/uploads\/2021\/01\/Cortadora-de-cinta-automatica-0.jpg","contentUrl":"https:\/\/distribucionarc.com\/wp-content\/uploads\/2021\/01\/Cortadora-de-cinta-automatica-0.jpg","width":1600,"height":1600,"caption":"Cortadora de cinta autom\u00e1tica\u00a0"},{"@type":"BreadcrumbList","@id":"https:\/\/distribucionarc.com\/pl\/producto\/cortadora-de-cinta-automatica\/#breadcrumb","itemListElement":[{"@type":"ListItem","position":1,"name":"Portada","item":"https:\/\/distribucionarc.com\/pl\/"},{"@type":"ListItem","position":2,"name":"Produkty","item":"https:\/\/distribucionarc.com\/pl\/shop\/"},{"@type":"ListItem","position":3,"name":"Cortadora de cinta autom\u00e1tica\u00a0"}]},{"@type":"WebSite","@id":"https:\/\/distribucionarc.com\/de\/#website","url":"https:\/\/distribucionarc.com\/de\/","name":"ARC distrib\u00facia","description":"Spolo\u010dnos\u0165 sa \u0161pecializuje na v\u00fdrobu a distrib\u00faciu priemyseln\u00fdch strojov, strojov na uzatv\u00e1ranie plechoviek, strojov na v\u00fdrobu tabliet, strojov na porciovanie m\u00e4sa...","publisher":{"@id":"https:\/\/distribucionarc.com\/de\/#organization"},"potentialAction":[{"@type":"SearchAction","target":{"@type":"EntryPoint","urlTemplate":"https:\/\/distribucionarc.com\/de\/?s={search_term_string}"},"query-input":{"@type":"PropertyValueSpecification","valueRequired":true,"valueName":"search_term_string"}}],"inLanguage":"sk-SK"},{"@type":"Organization","@id":"https:\/\/distribucionarc.com\/de\/#organization","name":"Distrib\u00facia ARC","url":"https:\/\/distribucionarc.com\/de\/","logo":{"@type":"ImageObject","inLanguage":"sk-SK","@id":"https:\/\/distribucionarc.com\/de\/#\/schema\/logo\/image\/","url":"https:\/\/distribucionarc.com\/wp-content\/uploads\/2024\/10\/distribucion-ARC-COLOR-SIN-FONDO-e1732295305345.png","contentUrl":"https:\/\/distribucionarc.com\/wp-content\/uploads\/2024\/10\/distribucion-ARC-COLOR-SIN-FONDO-e1732295305345.png","width":1164,"height":558,"caption":"Distribuci\u00f3n ARC"},"image":{"@id":"https:\/\/distribucionarc.com\/de\/#\/schema\/logo\/image\/"},"description":"Spolo\u010dnos\u0165 \u0161pecializuj\u00faca sa na v\u00fdrobu a distrib\u00faciu priemyseln\u00fdch strojov pre potravin\u00e1rsky a farmaceutick\u00fd sektor. \u0160pecializujeme sa na: Stroje na kr\u00e1janie m\u00e4sa V\u00fdroba tabliet Priemyseln\u00e9 dopravn\u00e9 syst\u00e9my D\u00e1vkova\u010de na f\u013ea\u0161e A ove\u013ea viac... Pon\u00fakame inovat\u00edvne a prisp\u00f4soben\u00e9 rie\u0161enia na optimaliz\u00e1ciu v\u00fdrobn\u00fdch procesov va\u0161ej spolo\u010dnosti.","email":"Admistracion@distribucionarc.com","telephone":"+34 643496664","legalName":"ARC TECH SOLUTIONS","foundingDate":"2024-04-09","vatID":"B55480172","numberOfEmployees":{"@type":"QuantitativeValue","minValue":"1","maxValue":"10"}}]}},"_links":{"self":[{"href":"https:\/\/distribucionarc.com\/sk\/wp-json\/wp\/v2\/product\/4318","targetHints":{"allow":["GET"]}}],"collection":[{"href":"https:\/\/distribucionarc.com\/sk\/wp-json\/wp\/v2\/product"}],"about":[{"href":"https:\/\/distribucionarc.com\/sk\/wp-json\/wp\/v2\/types\/product"}],"replies":[{"embeddable":true,"href":"https:\/\/distribucionarc.com\/sk\/wp-json\/wp\/v2\/comments?post=4318"}],"version-history":[{"count":0,"href":"https:\/\/distribucionarc.com\/sk\/wp-json\/wp\/v2\/product\/4318\/revisions"}],"wp:featuredmedia":[{"embeddable":true,"href":"https:\/\/distribucionarc.com\/sk\/wp-json\/wp\/v2\/media\/4319"}],"wp:attachment":[{"href":"https:\/\/distribucionarc.com\/sk\/wp-json\/wp\/v2\/media?parent=4318"}],"wp:term":[{"taxonomy":"product_brand","embeddable":true,"href":"https:\/\/distribucionarc.com\/sk\/wp-json\/wp\/v2\/product_brand?post=4318"},{"taxonomy":"product_cat","embeddable":true,"href":"https:\/\/distribucionarc.com\/sk\/wp-json\/wp\/v2\/product_cat?post=4318"},{"taxonomy":"product_tag","embeddable":true,"href":"https:\/\/distribucionarc.com\/sk\/wp-json\/wp\/v2\/product_tag?post=4318"}],"curies":[{"name":"pracovn\u00fd list","href":"https:\/\/api.w.org\/{rel}","templated":true}]}}