{"id":4330,"date":"2021-01-28T15:10:44","date_gmt":"2021-01-28T15:10:44","guid":{"rendered":"https:\/\/distribucionarc.com\/?post_type=product&#038;p=4330"},"modified":"2021-01-28T15:10:44","modified_gmt":"2021-01-28T15:10:44","slug":"multifunkcny-krajac-krajac","status":"publish","type":"product","link":"https:\/\/distribucionarc.com\/sk\/producto\/cortador-de-rodajas-multifuncional\/","title":{"rendered":"Multifunk\u010dn\u00fd kr\u00e1ja\u010d"},"content":{"rendered":"<h3>Multifunk\u010dn\u00fd kr\u00e1ja\u010d<\/h3>\n<p>\u010cepele tohto <strong>lis na filetovanie ovocia<\/strong> S\u00fa vyroben\u00e9 z nehrdzavej\u00facej ocele 420, s\u00fa ostr\u00e9 a odoln\u00e9 a kr\u00e1jaj\u00fa r\u00f4zne druhy ovocia a zeleniny (cibu\u013eu, zemiaky, citr\u00f3ny, cibu\u013eku at\u010f.) na jednotn\u00e9 k\u00fasky, p\u00e1siky a kocky. Hlavn\u00e1 \u010das\u0165 tohto <strong>kr\u00e1ja\u010d na citr\u00f3n<span style=\"color: #ff0000;\"> TO<\/span><span style=\"color: #0000ff;\">R<\/span>CCRM64<\/strong> Je navrhnut\u00fd z hlin\u00edkovej zliatiny, je \u013eahk\u00fd, pevn\u00fd, odoln\u00fd a \u013eahko sa pren\u00e1\u0161a. Cel\u00fd tlakov\u00fd reza\u010d je mo\u017en\u00e9 opl\u00e1chnu\u0165 priamo vodou.<\/p>\n<p>Dlh\u00e1 p\u00e1kov\u00e1 rukov\u00e4\u0165 s dostato\u010dnou vzdialenos\u0165ou na pohyb a jednoduch\u00fdm dr\u017ean\u00edm \u0161etr\u00ed pr\u00e1cu a \u010das. S t\u00fdmto<strong> reza\u010d pl\u00e1tkov <span style=\"color: #ff0000;\">TO<\/span><span style=\"color: #0000ff;\">R<\/span>CCRM64<\/strong>, m\u00f4\u017eete \u013eah\u0161ie reza\u0165 aj tvrd\u00e9 materi\u00e1ly. Dod\u00e1van\u00e1 t\u00e1cka udr\u017e\u00ed nasekan\u00e9 produkty na mieste a zabr\u00e1ni striekaniu ovocnej\/zeleninovej \u0161\u0165avy pri kr\u00e1jan\u00ed.<\/p>\n<p>The <strong>reza\u010dka na citr\u00f3n<\/strong> M\u00e1 \u0161tyri podlo\u017eky na nohy, ktor\u00e9 mu poskytuj\u00fa v\u00e4\u010d\u0161iu odolnos\u0165 proti po\u0161myknutiu. Gumov\u00fd materi\u00e1l zni\u017euje vibr\u00e1cie v\u010faka elasticite. Preto je mo\u017en\u00e9 zn\u00ed\u017ei\u0165 aj hlu\u010dnos\u0165, v\u010faka \u010domu bude proces rezania prebieha\u0165 hladko a stabilne. Tento kr\u00e1ja\u010d cibule je vhodn\u00fd najm\u00e4 na ovocie a zeleninu.<\/p>\n<h6><strong>Z\u00e1ruka\u00a0<span style=\"color: #ff0000;\">TO<\/span><span style=\"color: #0000ff;\">R<\/span>C 2 ROKY<\/strong><\/h6>\n<h6><strong>vr\u00e1tane technickej podpory<\/strong><\/h6>\n<p>&nbsp;<\/p>\n<table width=\"100%\">\n<tbody>\n<tr>\n<td>Zna\u010dka:<\/td>\n<td width=\"32%\">ARC<\/td>\n<td>Hmotnos\u0165:<\/td>\n<td width=\"30%\">8,9 kg<\/td>\n<\/tr>\n<tr>\n<td>Krajina distrib\u00facie:<\/td>\n<td width=\"32%\">\u0160panielsko, Nemecko, USA<\/td>\n<td>v\u00fd\u0161ka:<\/td>\n<td width=\"30%\">80,2 cm<\/td>\n<\/tr>\n<tr>\n<td>Farba:<\/td>\n<td width=\"32%\">Strieborn\u00e1<\/td>\n<td>Dlh\u00e9:<\/td>\n<td width=\"30%\">25,9 cm<\/td>\n<\/tr>\n<tr>\n<td>Typ produktu:<\/td>\n<td width=\"32%\">reza\u010d pl\u00e1tkov<\/td>\n<td>\u0160irok\u00e1:<\/td>\n<td width=\"30%\">49,5 cm<\/td>\n<\/tr>\n<tr>\n<td>\u010c\u00edslo v\u00fdrobcu:<\/td>\n<td width=\"32%\">ARCCRM64<\/td>\n<td>Rezacia \u010depe\u013e:<\/td>\n<td width=\"30%\">Nehrdzavej\u00faca oce\u013e 420<\/td>\n<\/tr>\n<tr>\n<td>Materi\u00e1l:<\/td>\n<td width=\"32%\">nehrdzavej\u00faca oce\u013e<\/td>\n<td>Mno\u017estvo rezu:<\/td>\n<td width=\"30%\">15 pl\u00e1tkov<\/td>\n<\/tr>\n<tr>\n<td>Ve\u013ekos\u0165 rezu:<\/td>\n<td width=\"32%\">6,5 mm<\/td>\n<td>Z\u00e1ruka:<\/td>\n<td width=\"30%\">2 ROKY<\/td>\n<\/tr>\n<\/tbody>\n<\/table>\n<p>&nbsp;<\/p>","protected":false},"excerpt":{"rendered":"<h2>Multifunk\u010dn\u00fd kr\u00e1ja\u010d<\/h2>\n<p>S t\u00fdmto odoln\u00fdm <strong>reza\u010dka na citr\u00f3n<\/strong> M\u00f4\u017ee u\u0161etri\u0165 \u010das, pr\u00e1cu a vytvori\u0165 jednotn\u00e9 pl\u00e1tky. Toto <strong>priemyseln\u00e1 reza\u010dka <span style=\"color: #ff0000;\">TO<\/span><span style=\"color: #0000ff;\">R<\/span>c<\/strong> \u013eahko sa pou\u017e\u00edva. Jednoducho vlo\u017ete ovocie alebo zeleninu medzi \u010depele a zatla\u010dte na ergonomick\u00fa rukov\u00e4\u0165. Vyroben\u00e9 z odoln\u00e9ho hlin\u00edka a nehrdzavej\u00facej ocele <strong>zeleninov\u00e9 plnivo<\/strong> Zais\u0165uje dlhodob\u00e9 pou\u017e\u00edvanie, bezpe\u010dn\u00fd a efekt\u00edvny n\u00e1stroj pre komer\u010dn\u00e9 a s\u00fakromn\u00e9 kuchyne.<\/p>\n<h6><strong>Z\u00e1ruka\u00a0<span style=\"color: #ff0000;\">TO<\/span><span style=\"color: #0000ff;\">R<\/span>C 2 ROKY<\/strong><\/h6>\n<h6><strong>vr\u00e1tane technickej podpory<\/strong><\/h6>","protected":false},"featured_media":4331,"comment_status":"open","ping_status":"closed","template":"","meta":{"wds_primary_product_brand":0,"wds_primary_product_cat":0},"product_brand":[],"product_cat":[43],"product_tag":[],"class_list":{"0":"post-4330","1":"product","2":"type-product","3":"status-publish","4":"has-post-thumbnail","6":"product_cat-cortadoras-de-alimentos","7":"product_shipping_class-hosteleria","9":"first","10":"instock","11":"sale","12":"taxable","13":"shipping-taxable","14":"purchasable","15":"product-type-simple"},"yoast_head":"<!-- This site is optimized with the Yoast SEO Premium plugin v24.9 (Yoast SEO v26.1) - https:\/\/yoast.com\/wordpress\/plugins\/seo\/ -->\n<title>Cortador de rodajas multifuncional - distribuci\u00f3n ARC<\/title>\n<meta name=\"robots\" content=\"index, follow, max-snippet:-1, max-image-preview:large, max-video-preview:-1\" \/>\n<link rel=\"canonical\" href=\"https:\/\/www.distribucionarc.com\/en\/producto\/cortador-de-rodajas-multifuncional\/\" \/>\n<meta property=\"og:locale\" content=\"sk_SK\" \/>\n<meta property=\"og:type\" content=\"article\" \/>\n<meta property=\"og:title\" content=\"Cortador de rodajas multifuncional\" \/>\n<meta property=\"og:description\" content=\"Cortador de rodajas multifuncional Con este resistente cortador de limones puede ahorrar tiempo, trabajo y crear rodajas uniformes. Este cortador industrial ARC es f\u00e1cil de usar. Simplemente coloca la fruta o verdura entre las cuchillas y presiona el mango ergon\u00f3mico hacia abajo. Hecho de aluminio duradero y acero inoxidable el fileteador de verduras garantiza un uso a largo plazo, una herramienta segura y eficiente para cocinas comerciales y privadas. Garant\u00eda\u00a0ARC 2 A\u00d1OS soporte t\u00e9cnico incluido\" \/>\n<meta property=\"og:url\" content=\"https:\/\/www.distribucionarc.com\/en\/producto\/cortador-de-rodajas-multifuncional\/\" \/>\n<meta property=\"og:site_name\" content=\"distribuci\u00f3n ARC\" \/>\n<meta property=\"og:image\" content=\"https:\/\/www.distribucionarc.com\/wp-content\/uploads\/2021\/01\/Cortador-de-rodajas-multifuncional-0.jpg\" \/>\n\t<meta property=\"og:image:width\" content=\"1600\" \/>\n\t<meta property=\"og:image:height\" content=\"1600\" \/>\n\t<meta property=\"og:image:type\" content=\"image\/jpeg\" \/>\n<meta name=\"twitter:card\" content=\"summary_large_image\" \/>\n<meta name=\"twitter:label1\" content=\"Predpokladan\u00fd \u010das \u010d\u00edtania\" \/>\n\t<meta name=\"twitter:data1\" content=\"1 min\u00fata\" \/>\n<script type=\"application\/ld+json\" class=\"yoast-schema-graph\">{\"@context\":\"https:\/\/schema.org\",\"@graph\":[{\"@type\":\"WebPage\",\"@id\":\"https:\/\/www.distribucionarc.com\/en\/producto\/cortador-de-rodajas-multifuncional\/\",\"url\":\"https:\/\/www.distribucionarc.com\/en\/producto\/cortador-de-rodajas-multifuncional\/\",\"name\":\"Cortador de rodajas multifuncional - distribuci\u00f3n ARC\",\"isPartOf\":{\"@id\":\"https:\/\/www.distribucionarc.com\/sl\/#website\"},\"primaryImageOfPage\":{\"@id\":\"https:\/\/www.distribucionarc.com\/en\/producto\/cortador-de-rodajas-multifuncional\/#primaryimage\"},\"image\":{\"@id\":\"https:\/\/www.distribucionarc.com\/en\/producto\/cortador-de-rodajas-multifuncional\/#primaryimage\"},\"thumbnailUrl\":\"https:\/\/distribucionarc.com\/wp-content\/uploads\/2021\/01\/Cortador-de-rodajas-multifuncional-0.jpg\",\"datePublished\":\"2021-01-28T15:10:44+00:00\",\"breadcrumb\":{\"@id\":\"https:\/\/www.distribucionarc.com\/en\/producto\/cortador-de-rodajas-multifuncional\/#breadcrumb\"},\"inLanguage\":\"sk-SK\",\"potentialAction\":[{\"@type\":\"ReadAction\",\"target\":[\"https:\/\/www.distribucionarc.com\/en\/producto\/cortador-de-rodajas-multifuncional\/\"]}]},{\"@type\":\"ImageObject\",\"inLanguage\":\"sk-SK\",\"@id\":\"https:\/\/www.distribucionarc.com\/en\/producto\/cortador-de-rodajas-multifuncional\/#primaryimage\",\"url\":\"https:\/\/distribucionarc.com\/wp-content\/uploads\/2021\/01\/Cortador-de-rodajas-multifuncional-0.jpg\",\"contentUrl\":\"https:\/\/distribucionarc.com\/wp-content\/uploads\/2021\/01\/Cortador-de-rodajas-multifuncional-0.jpg\",\"width\":1600,\"height\":1600,\"caption\":\"Cortador de rodajas multifuncional\"},{\"@type\":\"BreadcrumbList\",\"@id\":\"https:\/\/www.distribucionarc.com\/en\/producto\/cortador-de-rodajas-multifuncional\/#breadcrumb\",\"itemListElement\":[{\"@type\":\"ListItem\",\"position\":1,\"name\":\"Portada\",\"item\":\"https:\/\/www.distribucionarc.com\/\"},{\"@type\":\"ListItem\",\"position\":2,\"name\":\"\u00dcr\u00fcnler\",\"item\":\"https:\/\/www.distribucionarc.com\/tr\/magaza\/\"},{\"@type\":\"ListItem\",\"position\":3,\"name\":\"Cortador de rodajas multifuncional\"}]},{\"@type\":\"WebSite\",\"@id\":\"https:\/\/www.distribucionarc.com\/sl\/#website\",\"url\":\"https:\/\/www.distribucionarc.com\/sl\/\",\"name\":\"distribuci\u00f3n ARC\",\"description\":\"Empresa especializada en la fabricaci\u00f3n y distribuci\u00f3n de maquinaria industrial, selladoras de latas, Maquinas de hacer pastillas, Maquinas de cortar carne...\",\"publisher\":{\"@id\":\"https:\/\/www.distribucionarc.com\/sl\/#organization\"},\"potentialAction\":[{\"@type\":\"SearchAction\",\"target\":{\"@type\":\"EntryPoint\",\"urlTemplate\":\"https:\/\/www.distribucionarc.com\/sl\/?s={search_term_string}\"},\"query-input\":{\"@type\":\"PropertyValueSpecification\",\"valueRequired\":true,\"valueName\":\"search_term_string\"}}],\"inLanguage\":\"sk-SK\"},{\"@type\":\"Organization\",\"@id\":\"https:\/\/www.distribucionarc.com\/sl\/#organization\",\"name\":\"Distribuci\u00f3n ARC\",\"url\":\"https:\/\/www.distribucionarc.com\/sl\/\",\"logo\":{\"@type\":\"ImageObject\",\"inLanguage\":\"sk-SK\",\"@id\":\"https:\/\/www.distribucionarc.com\/sl\/#\/schema\/logo\/image\/\",\"url\":\"https:\/\/distribucionarc.com\/wp-content\/uploads\/2024\/10\/distribucion-ARC-COLOR-SIN-FONDO-e1732295305345.png\",\"contentUrl\":\"https:\/\/distribucionarc.com\/wp-content\/uploads\/2024\/10\/distribucion-ARC-COLOR-SIN-FONDO-e1732295305345.png\",\"width\":1164,\"height\":558,\"caption\":\"Distribuci\u00f3n ARC\"},\"image\":{\"@id\":\"https:\/\/www.distribucionarc.com\/sl\/#\/schema\/logo\/image\/\"},\"description\":\"Empresa especializada en la fabricaci\u00f3n y distribuci\u00f3n de maquinaria industrial para los sectores alimentario y farmac\u00e9utico. Nos especializamos en: M\u00e1quinas de cortar carne Fabricaci\u00f3n de comprimidos Sistemas de transporte industrial L\u00edneas de embotellado Dosificadores Y mucho m\u00e1s... Ofrecemos soluciones innovadoras y personalizadas para optimizar los procesos productivos de tu empresa.\",\"email\":\"Admistracion@distribucionarc.com\",\"telephone\":\"+34 643496664\",\"legalName\":\"ARC TECH SOLUTIONS\",\"foundingDate\":\"2024-04-09\",\"vatID\":\"B55480172\",\"numberOfEmployees\":{\"@type\":\"QuantitativeValue\",\"minValue\":\"1\",\"maxValue\":\"10\"}}]}<\/script>\n<!-- \/ Yoast SEO Premium plugin. -->","yoast_head_json":{"title":"Multifunk\u010dn\u00fd kr\u00e1ja\u010d - ARC rozvod","robots":{"index":"index","follow":"follow","max-snippet":"max-snippet:-1","max-image-preview":"max-image-preview:large","max-video-preview":"max-video-preview:-1"},"canonical":"https:\/\/www.distribucionarc.com\/en\/producto\/cortador-de-rodajas-multifuncional\/","og_locale":"sk_SK","og_type":"article","og_title":"Cortador de rodajas multifuncional","og_description":"Cortador de rodajas multifuncional Con este resistente cortador de limones puede ahorrar tiempo, trabajo y crear rodajas uniformes. Este cortador industrial ARC es f\u00e1cil de usar. Simplemente coloca la fruta o verdura entre las cuchillas y presiona el mango ergon\u00f3mico hacia abajo. Hecho de aluminio duradero y acero inoxidable el fileteador de verduras garantiza un uso a largo plazo, una herramienta segura y eficiente para cocinas comerciales y privadas. Garant\u00eda\u00a0ARC 2 A\u00d1OS soporte t\u00e9cnico incluido","og_url":"https:\/\/www.distribucionarc.com\/en\/producto\/cortador-de-rodajas-multifuncional\/","og_site_name":"distribuci\u00f3n ARC","og_image":[{"width":1600,"height":1600,"url":"https:\/\/www.distribucionarc.com\/wp-content\/uploads\/2021\/01\/Cortador-de-rodajas-multifuncional-0.jpg","type":"image\/jpeg"}],"twitter_card":"summary_large_image","twitter_misc":{"Predpokladan\u00fd \u010das \u010d\u00edtania":"1 min\u00fata"},"schema":{"@context":"https:\/\/schema.org","@graph":[{"@type":"WebPage","@id":"https:\/\/www.distribucionarc.com\/en\/producto\/cortador-de-rodajas-multifuncional\/","url":"https:\/\/www.distribucionarc.com\/en\/producto\/cortador-de-rodajas-multifuncional\/","name":"Multifunk\u010dn\u00fd kr\u00e1ja\u010d - ARC rozvod","isPartOf":{"@id":"https:\/\/www.distribucionarc.com\/sl\/#website"},"primaryImageOfPage":{"@id":"https:\/\/www.distribucionarc.com\/en\/producto\/cortador-de-rodajas-multifuncional\/#primaryimage"},"image":{"@id":"https:\/\/www.distribucionarc.com\/en\/producto\/cortador-de-rodajas-multifuncional\/#primaryimage"},"thumbnailUrl":"https:\/\/distribucionarc.com\/wp-content\/uploads\/2021\/01\/Cortador-de-rodajas-multifuncional-0.jpg","datePublished":"2021-01-28T15:10:44+00:00","breadcrumb":{"@id":"https:\/\/www.distribucionarc.com\/en\/producto\/cortador-de-rodajas-multifuncional\/#breadcrumb"},"inLanguage":"sk-SK","potentialAction":[{"@type":"ReadAction","target":["https:\/\/www.distribucionarc.com\/en\/producto\/cortador-de-rodajas-multifuncional\/"]}]},{"@type":"ImageObject","inLanguage":"sk-SK","@id":"https:\/\/www.distribucionarc.com\/en\/producto\/cortador-de-rodajas-multifuncional\/#primaryimage","url":"https:\/\/distribucionarc.com\/wp-content\/uploads\/2021\/01\/Cortador-de-rodajas-multifuncional-0.jpg","contentUrl":"https:\/\/distribucionarc.com\/wp-content\/uploads\/2021\/01\/Cortador-de-rodajas-multifuncional-0.jpg","width":1600,"height":1600,"caption":"Cortador de rodajas multifuncional"},{"@type":"BreadcrumbList","@id":"https:\/\/www.distribucionarc.com\/en\/producto\/cortador-de-rodajas-multifuncional\/#breadcrumb","itemListElement":[{"@type":"ListItem","position":1,"name":"Portada","item":"https:\/\/www.distribucionarc.com\/"},{"@type":"ListItem","position":2,"name":"\u00dcr\u00fcnler","item":"https:\/\/www.distribucionarc.com\/tr\/magaza\/"},{"@type":"ListItem","position":3,"name":"Cortador de rodajas multifuncional"}]},{"@type":"WebSite","@id":"https:\/\/www.distribucionarc.com\/sl\/#website","url":"https:\/\/www.distribucionarc.com\/sl\/","name":"ARC distrib\u00facia","description":"Spolo\u010dnos\u0165 sa \u0161pecializuje na v\u00fdrobu a distrib\u00faciu priemyseln\u00fdch strojov, strojov na uzatv\u00e1ranie plechoviek, strojov na v\u00fdrobu tabliet, strojov na porciovanie m\u00e4sa...","publisher":{"@id":"https:\/\/www.distribucionarc.com\/sl\/#organization"},"potentialAction":[{"@type":"SearchAction","target":{"@type":"EntryPoint","urlTemplate":"https:\/\/www.distribucionarc.com\/sl\/?s={search_term_string}"},"query-input":{"@type":"PropertyValueSpecification","valueRequired":true,"valueName":"search_term_string"}}],"inLanguage":"sk-SK"},{"@type":"Organization","@id":"https:\/\/www.distribucionarc.com\/sl\/#organization","name":"Distrib\u00facia ARC","url":"https:\/\/www.distribucionarc.com\/sl\/","logo":{"@type":"ImageObject","inLanguage":"sk-SK","@id":"https:\/\/www.distribucionarc.com\/sl\/#\/schema\/logo\/image\/","url":"https:\/\/distribucionarc.com\/wp-content\/uploads\/2024\/10\/distribucion-ARC-COLOR-SIN-FONDO-e1732295305345.png","contentUrl":"https:\/\/distribucionarc.com\/wp-content\/uploads\/2024\/10\/distribucion-ARC-COLOR-SIN-FONDO-e1732295305345.png","width":1164,"height":558,"caption":"Distribuci\u00f3n ARC"},"image":{"@id":"https:\/\/www.distribucionarc.com\/sl\/#\/schema\/logo\/image\/"},"description":"Spolo\u010dnos\u0165 \u0161pecializuj\u00faca sa na v\u00fdrobu a distrib\u00faciu priemyseln\u00fdch strojov pre potravin\u00e1rsky a farmaceutick\u00fd sektor. \u0160pecializujeme sa na: Stroje na kr\u00e1janie m\u00e4sa V\u00fdroba tabliet Priemyseln\u00e9 dopravn\u00e9 syst\u00e9my D\u00e1vkova\u010de na f\u013ea\u0161e A ove\u013ea viac... Pon\u00fakame inovat\u00edvne a prisp\u00f4soben\u00e9 rie\u0161enia na optimaliz\u00e1ciu v\u00fdrobn\u00fdch procesov va\u0161ej spolo\u010dnosti.","email":"Admistracion@distribucionarc.com","telephone":"+34 643496664","legalName":"ARC TECH SOLUTIONS","foundingDate":"2024-04-09","vatID":"B55480172","numberOfEmployees":{"@type":"QuantitativeValue","minValue":"1","maxValue":"10"}}]}},"_links":{"self":[{"href":"https:\/\/distribucionarc.com\/sk\/wp-json\/wp\/v2\/product\/4330","targetHints":{"allow":["GET"]}}],"collection":[{"href":"https:\/\/distribucionarc.com\/sk\/wp-json\/wp\/v2\/product"}],"about":[{"href":"https:\/\/distribucionarc.com\/sk\/wp-json\/wp\/v2\/types\/product"}],"replies":[{"embeddable":true,"href":"https:\/\/distribucionarc.com\/sk\/wp-json\/wp\/v2\/comments?post=4330"}],"version-history":[{"count":0,"href":"https:\/\/distribucionarc.com\/sk\/wp-json\/wp\/v2\/product\/4330\/revisions"}],"wp:featuredmedia":[{"embeddable":true,"href":"https:\/\/distribucionarc.com\/sk\/wp-json\/wp\/v2\/media\/4331"}],"wp:attachment":[{"href":"https:\/\/distribucionarc.com\/sk\/wp-json\/wp\/v2\/media?parent=4330"}],"wp:term":[{"taxonomy":"product_brand","embeddable":true,"href":"https:\/\/distribucionarc.com\/sk\/wp-json\/wp\/v2\/product_brand?post=4330"},{"taxonomy":"product_cat","embeddable":true,"href":"https:\/\/distribucionarc.com\/sk\/wp-json\/wp\/v2\/product_cat?post=4330"},{"taxonomy":"product_tag","embeddable":true,"href":"https:\/\/distribucionarc.com\/sk\/wp-json\/wp\/v2\/product_tag?post=4330"}],"curies":[{"name":"pracovn\u00fd list","href":"https:\/\/api.w.org\/{rel}","templated":true}]}}