{"id":4352,"date":"2021-01-29T11:28:31","date_gmt":"2021-01-29T11:28:31","guid":{"rendered":"https:\/\/distribucionarc.com\/?post_type=product&#038;p=4352"},"modified":"2023-02-24T11:07:34","modified_gmt":"2023-02-24T11:07:34","slug":"vertikalny-tepelny-vrecko-tesniaci-prostriedok","status":"publish","type":"product","link":"https:\/\/distribucionarc.com\/sk\/producto\/selladora-termica-de-bolsas-vertical\/","title":{"rendered":"Vertik\u00e1lny tepeln\u00fd uz\u00e1ver vrecka"},"content":{"rendered":"<h3>Vertik\u00e1lny tepeln\u00fd uz\u00e1ver vrecka<\/h3>\n<p><strong>Vertik\u00e1lne tepeln\u00e9 tesnenie <span style=\"color: #ff0000;\">TO<\/span><span style=\"color: #0000ff;\">R<\/span>CSTV10<\/strong> nepretr\u017eite. Stoln\u00fd stroj pre <strong>tepeln\u00fd tmel<\/strong> Vyroben\u00e9 z nehrdzavej\u00facej ocele, ide\u00e1lne pre stredn\u00e9 a ve\u013ek\u00e9 produkcie. Ve\u013emi jednoduch\u00e9 nastavenie, zaru\u010duje dokonal\u00e9 utesnenie ak\u00e9hoko\u013evek tepelne zv\u00e1rate\u013en\u00e9ho materi\u00e1lu: polyetyl\u00e9nu (PE), polypropyl\u00e9nu (PP) a lamin\u00e1tov. Vhodn\u00e9 pre v\u0161etky typy ta\u0161iek.<\/p>\n<ul>\n<li>Kontinu\u00e1lne vertik\u00e1lne zv\u00e1ranie stolov\u00fdch ta\u0161iek, ide\u00e1lne pre stredn\u00e9 a ve\u013ek\u00e9 v\u00fdroby.<\/li>\n<li>Vyroben\u00e9 z nehrdzavej\u00facej ocele.<\/li>\n<li>Zv\u00e1ra vreck\u00e1 z ak\u00e9hoko\u013evek plastov\u00e9ho materi\u00e1lu. Jeho pou\u017eitie m\u00f4\u017ee siaha\u0165 od potrav\u00edn a\u017e po sterilizovan\u00e9 vreck\u00e1 na lek\u00e1rske pou\u017eitie.<\/li>\n<li>Nastavite\u013en\u00e1 r\u00fdchlos\u0165 dopravn\u00e9ho p\u00e1su.<\/li>\n<li>Nastavite\u013en\u00e1 teplota sp\u00e1jkovania.<\/li>\n<li>Obsahuje fixku.<\/li>\n<li>Je to ve\u013emi robustn\u00fd kus zariadenia vyroben\u00fd z lakovanej ocele, tento tesniaci p\u00e1s je ur\u010den\u00fd na priemyseln\u00e9 pou\u017eitie.<\/li>\n<li>Prechod z jedn\u00e9ho materi\u00e1lu na druh\u00fd je ve\u013emi jednoduch\u00fd a obsluha m\u00f4\u017ee r\u00fdchlo a jednoducho vykona\u0165 \u00fapravy typu zv\u00e1rania: zv\u00e1rac\u00ed tlak, teplota a r\u00fdchlos\u0165. T\u00fdmto sp\u00f4sobom sa dosiahne dokonal\u00fd v\u00fdsledok.<\/li>\n<li>\u0160\u00edrka z\u00edskan\u00e9ho tmelu sa pohybuje od 5 mm do 17 mm a d\u013a\u017eka nie je obmedzen\u00e1.<\/li>\n<li>\u00dadr\u017eba tejto zv\u00e1ra\u010dky je ve\u013emi jednoduch\u00e1 a ekonomick\u00e1, v\u00fdmena zv\u00e1rac\u00edch p\u00e1sov trv\u00e1 len nieko\u013eko min\u00fat.<\/li>\n<\/ul>\n<h6><strong>Z\u00e1ruka<span style=\"color: #ff0000;\">\u00a0TO<\/span><span style=\"color: #0000ff;\">R<\/span>C 2 ROKY<\/strong><\/h6>\n<h6><span style=\"color: #008000;\">Efekt\u00edvny vertik\u00e1lny tmel, n\u00edzka spotreba 400W<\/span><\/h6>\n<h6><strong>vr\u00e1tane technickej podpory<\/strong><\/h6>\n<p>&nbsp;<\/p>\n<hr \/>\n<div class=\"woocommerce-tabs wc-tabs-wrapper\">\n<div id=\"tab-description\" class=\"woocommerce-Tabs-panel woocommerce-Tabs-panel--description panel entry-content wc-tab\" role=\"tabpanel\" aria-labelledby=\"tab-title-description\">\n<p>&nbsp;<\/p>\n<table border=\"0\" cellspacing=\"0\" cellpadding=\"0\">\n<thead>\n<tr>\n<th>TECHNICK\u00c9 CHARAKTERISTIKY<\/th>\n<th>AR900 KONTINU\u00c1LNY ZV\u00c1RAC\u00cd STROJ<\/th>\n<\/tr>\n<\/thead>\n<tfoot>\n<tr>\n<td colspan=\"2\"><\/td>\n<\/tr>\n<\/tfoot>\n<tbody>\n<tr>\n<td>Nap\u00e4tie<\/td>\n<td>220V, 50HZ<\/td>\n<\/tr>\n<tr>\n<td>Sila<\/td>\n<td>400 W<\/td>\n<\/tr>\n<tr>\n<td>Rozmery<\/td>\n<td>81 x 37 x 62 cm (d\u013a\u017eka x \u0161\u00edrka x v\u00fd\u0161ka)<\/td>\n<\/tr>\n<tr>\n<td>\u0160\u00edrka zvaru<\/td>\n<td>od 6 mm do 12 mm<\/td>\n<\/tr>\n<tr>\n<td>Rozsah tepl\u00f4t<\/td>\n<td>0-300\u00baC<\/td>\n<\/tr>\n<tr>\n<td>Hmotnos\u0165<\/td>\n<td>30 kg<\/td>\n<\/tr>\n<tr>\n<td>R\u00fdchlos\u0165 zv\u00e1rania<\/td>\n<td>0-12 metrov\/min<\/td>\n<\/tr>\n<\/tbody>\n<\/table>\n<\/div>\n<\/div>\n<section class=\"related products\">\n<div class=\"astra-shop-summary-wrap\"><\/div>\n<\/section>","protected":false},"excerpt":{"rendered":"<h2>Vertik\u00e1lny tepeln\u00fd uz\u00e1ver vrecka<\/h2>\n<p>Toto <strong>ta\u0161ka bli\u017e\u0161ie <span style=\"color: #ff0000;\">TO<\/span><span style=\"color: #0000ff;\">R<\/span>c<\/strong> Vyu\u017e\u00edva elektronick\u00fa regul\u00e1ciu kon\u0161tantnej teploty a automatick\u00e9 transportn\u00e9 zariadenie, s ktor\u00fdm s t\u00fdmto <strong>Tepeln\u00e9 tesnenie<\/strong> M\u00f4\u017eu ovl\u00e1da\u0165 a pou\u017e\u00edva\u0165 p\u00e1sy plastov\u00fdch f\u00f3li\u00ed r\u00f4znych tvarov na baliacej linke. The <strong>Termoplastick\u00fd tmel<\/strong> Je vybaven\u00fd jednoduch\u00fdm, u\u017e\u00edvate\u013esky pr\u00edjemn\u00fdm a \u013eahko pou\u017eite\u013en\u00fdm ovl\u00e1dac\u00edm panelom. Toto<strong> vertik\u00e1lny uz\u00e1ver vrecka<\/strong> M\u00e1 vysoko v\u00fdkonn\u00fd motor s dlhou \u017eivotnos\u0165ou a stabilnej\u0161\u00edm chodom. Dopravn\u00fd st\u00f4l tohto <strong>stroj na tepeln\u00e9 zv\u00e1ranie <span style=\"color: #ff0000;\">TO<\/span><span style=\"color: #0000ff;\">R<\/span>c<\/strong> D\u00e1 sa nastavi\u0165 nahor a nadol a d\u00e1 sa upravi\u0165 pod\u013ea skuto\u010dn\u00fdch po\u017eiadaviek na zlep\u0161enie \u00fa\u010dinnosti.<\/p>\n<h6><strong>Z\u00e1ruka<span style=\"color: #ff0000;\">\u00a0TO<\/span><span style=\"color: #0000ff;\">R<\/span>C 2 ROKY<\/strong><\/h6>\n<h6><span style=\"color: #008000;\">Efekt\u00edvny vertik\u00e1lny tmel, n\u00edzka spotreba 400W<\/span><\/h6>\n<h6><strong>vr\u00e1tane technickej podpory<\/strong><\/h6>","protected":false},"featured_media":4353,"comment_status":"open","ping_status":"closed","template":"","meta":{"wds_primary_product_brand":0,"wds_primary_product_cat":0},"product_brand":[],"product_cat":[15,27],"product_tag":[],"class_list":{"0":"post-4352","1":"product","2":"type-product","3":"status-publish","4":"has-post-thumbnail","6":"product_cat-llenadoras-y-selladoras-automaticas-flow-pack-sachet","7":"product_cat-selladoras-de-bolsas","8":"product_shipping_class-express","10":"first","11":"instock","12":"sale","13":"taxable","14":"shipping-taxable","15":"purchasable","16":"product-type-simple"},"yoast_head":"<!-- This site is optimized with the Yoast SEO Premium plugin v24.9 (Yoast SEO v26.1) - https:\/\/yoast.com\/wordpress\/plugins\/seo\/ -->\n<title>Selladora t\u00e9rmica de bolsas vertical - distribuci\u00f3n ARC<\/title>\n<meta name=\"robots\" content=\"index, follow, max-snippet:-1, max-image-preview:large, max-video-preview:-1\" \/>\n<link rel=\"canonical\" href=\"https:\/\/www.distribucionarc.com\/en\/producto\/selladora-termica-de-bolsas-vertical\/\" \/>\n<meta property=\"og:locale\" content=\"sk_SK\" \/>\n<meta property=\"og:type\" content=\"article\" \/>\n<meta property=\"og:title\" content=\"Selladora t\u00e9rmica de bolsas vertical\" \/>\n<meta property=\"og:description\" content=\"Selladora t\u00e9rmica de bolsas vertical Esta cerradora de bolsas ARC utiliza control electr\u00f3nico de temperatura constante y un dispositivo de transporte autom\u00e1tico, con el cual con esta Selladora t\u00e9rmica pueden controlar y utilizar tiras de pel\u00edcula pl\u00e1stica de diferentes formas en una l\u00ednea de envasado. La Selladora termopl\u00e1stica cuenta con un panel de control simple, f\u00e1cil de usar y f\u00e1cil de usar. Esta cerradora de bolsas vertical cuenta con un motor de alto rendimiento con una larga vida \u00fatil y un funcionamiento m\u00e1s estable. La mesa del transportador de esta m\u00e1quina de sellado t\u00e9rmico ARC se puede ajustar hacia arriba y hacia abajo, y se puede ajustar de acuerdo con los requisitos reales para mejorar la eficiencia. Garant\u00eda\u00a0ARC 2 A\u00d1OS Selladora vertical eficiente, bajo consumo\u00a0 400W soporte t\u00e9cnico incluido\" \/>\n<meta property=\"og:url\" content=\"https:\/\/www.distribucionarc.com\/en\/producto\/selladora-termica-de-bolsas-vertical\/\" \/>\n<meta property=\"og:site_name\" content=\"distribuci\u00f3n ARC\" \/>\n<meta property=\"article:modified_time\" content=\"2023-02-24T11:07:34+00:00\" \/>\n<meta property=\"og:image\" content=\"https:\/\/www.distribucionarc.com\/wp-content\/uploads\/2021\/01\/Selladora-termica-de-bolsas-vertical-0.jpg\" \/>\n\t<meta property=\"og:image:width\" content=\"1000\" \/>\n\t<meta property=\"og:image:height\" content=\"1000\" \/>\n\t<meta property=\"og:image:type\" content=\"image\/jpeg\" \/>\n<meta name=\"twitter:card\" content=\"summary_large_image\" \/>\n<meta name=\"twitter:label1\" content=\"Predpokladan\u00fd \u010das \u010d\u00edtania\" \/>\n\t<meta name=\"twitter:data1\" content=\"1 min\u00fata\" \/>\n<script type=\"application\/ld+json\" class=\"yoast-schema-graph\">{\"@context\":\"https:\/\/schema.org\",\"@graph\":[{\"@type\":\"WebPage\",\"@id\":\"https:\/\/www.distribucionarc.com\/en\/producto\/selladora-termica-de-bolsas-vertical\/\",\"url\":\"https:\/\/www.distribucionarc.com\/en\/producto\/selladora-termica-de-bolsas-vertical\/\",\"name\":\"Selladora t\u00e9rmica de bolsas vertical - distribuci\u00f3n ARC\",\"isPartOf\":{\"@id\":\"https:\/\/www.distribucionarc.com\/sl\/#website\"},\"primaryImageOfPage\":{\"@id\":\"https:\/\/www.distribucionarc.com\/en\/producto\/selladora-termica-de-bolsas-vertical\/#primaryimage\"},\"image\":{\"@id\":\"https:\/\/www.distribucionarc.com\/en\/producto\/selladora-termica-de-bolsas-vertical\/#primaryimage\"},\"thumbnailUrl\":\"https:\/\/distribucionarc.com\/wp-content\/uploads\/2021\/01\/Selladora-termica-de-bolsas-vertical-0.jpg\",\"datePublished\":\"2021-01-29T11:28:31+00:00\",\"dateModified\":\"2023-02-24T11:07:34+00:00\",\"breadcrumb\":{\"@id\":\"https:\/\/www.distribucionarc.com\/en\/producto\/selladora-termica-de-bolsas-vertical\/#breadcrumb\"},\"inLanguage\":\"sk-SK\",\"potentialAction\":[{\"@type\":\"ReadAction\",\"target\":[\"https:\/\/www.distribucionarc.com\/en\/producto\/selladora-termica-de-bolsas-vertical\/\"]}]},{\"@type\":\"ImageObject\",\"inLanguage\":\"sk-SK\",\"@id\":\"https:\/\/www.distribucionarc.com\/en\/producto\/selladora-termica-de-bolsas-vertical\/#primaryimage\",\"url\":\"https:\/\/distribucionarc.com\/wp-content\/uploads\/2021\/01\/Selladora-termica-de-bolsas-vertical-0.jpg\",\"contentUrl\":\"https:\/\/distribucionarc.com\/wp-content\/uploads\/2021\/01\/Selladora-termica-de-bolsas-vertical-0.jpg\",\"width\":1000,\"height\":1000,\"caption\":\"Selladora t\u00e9rmica de bolsas vertical\"},{\"@type\":\"BreadcrumbList\",\"@id\":\"https:\/\/www.distribucionarc.com\/en\/producto\/selladora-termica-de-bolsas-vertical\/#breadcrumb\",\"itemListElement\":[{\"@type\":\"ListItem\",\"position\":1,\"name\":\"Portada\",\"item\":\"https:\/\/www.distribucionarc.com\/\"},{\"@type\":\"ListItem\",\"position\":2,\"name\":\"\u00dcr\u00fcnler\",\"item\":\"https:\/\/www.distribucionarc.com\/tr\/magaza\/\"},{\"@type\":\"ListItem\",\"position\":3,\"name\":\"Selladora t\u00e9rmica de bolsas vertical\"}]},{\"@type\":\"WebSite\",\"@id\":\"https:\/\/www.distribucionarc.com\/sl\/#website\",\"url\":\"https:\/\/www.distribucionarc.com\/sl\/\",\"name\":\"distribuci\u00f3n ARC\",\"description\":\"Empresa especializada en la fabricaci\u00f3n y distribuci\u00f3n de maquinaria industrial, selladoras de latas, Maquinas de hacer pastillas, Maquinas de cortar carne...\",\"publisher\":{\"@id\":\"https:\/\/www.distribucionarc.com\/sl\/#organization\"},\"potentialAction\":[{\"@type\":\"SearchAction\",\"target\":{\"@type\":\"EntryPoint\",\"urlTemplate\":\"https:\/\/www.distribucionarc.com\/sl\/?s={search_term_string}\"},\"query-input\":{\"@type\":\"PropertyValueSpecification\",\"valueRequired\":true,\"valueName\":\"search_term_string\"}}],\"inLanguage\":\"sk-SK\"},{\"@type\":\"Organization\",\"@id\":\"https:\/\/www.distribucionarc.com\/sl\/#organization\",\"name\":\"Distribuci\u00f3n ARC\",\"url\":\"https:\/\/www.distribucionarc.com\/sl\/\",\"logo\":{\"@type\":\"ImageObject\",\"inLanguage\":\"sk-SK\",\"@id\":\"https:\/\/www.distribucionarc.com\/sl\/#\/schema\/logo\/image\/\",\"url\":\"https:\/\/distribucionarc.com\/wp-content\/uploads\/2024\/10\/distribucion-ARC-COLOR-SIN-FONDO-e1732295305345.png\",\"contentUrl\":\"https:\/\/distribucionarc.com\/wp-content\/uploads\/2024\/10\/distribucion-ARC-COLOR-SIN-FONDO-e1732295305345.png\",\"width\":1164,\"height\":558,\"caption\":\"Distribuci\u00f3n ARC\"},\"image\":{\"@id\":\"https:\/\/www.distribucionarc.com\/sl\/#\/schema\/logo\/image\/\"},\"description\":\"Empresa especializada en la fabricaci\u00f3n y distribuci\u00f3n de maquinaria industrial para los sectores alimentario y farmac\u00e9utico. Nos especializamos en: M\u00e1quinas de cortar carne Fabricaci\u00f3n de comprimidos Sistemas de transporte industrial L\u00edneas de embotellado Dosificadores Y mucho m\u00e1s... Ofrecemos soluciones innovadoras y personalizadas para optimizar los procesos productivos de tu empresa.\",\"email\":\"Admistracion@distribucionarc.com\",\"telephone\":\"+34 643496664\",\"legalName\":\"ARC TECH SOLUTIONS\",\"foundingDate\":\"2024-04-09\",\"vatID\":\"B55480172\",\"numberOfEmployees\":{\"@type\":\"QuantitativeValue\",\"minValue\":\"1\",\"maxValue\":\"10\"}}]}<\/script>\n<!-- \/ Yoast SEO Premium plugin. -->","yoast_head_json":{"title":"Vertik\u00e1lny s\u00e1\u010dkovac\u00ed tepeln\u00fd spoj - ARC rozvod","robots":{"index":"index","follow":"follow","max-snippet":"max-snippet:-1","max-image-preview":"max-image-preview:large","max-video-preview":"max-video-preview:-1"},"canonical":"https:\/\/www.distribucionarc.com\/en\/producto\/selladora-termica-de-bolsas-vertical\/","og_locale":"sk_SK","og_type":"article","og_title":"Selladora t\u00e9rmica de bolsas vertical","og_description":"Selladora t\u00e9rmica de bolsas vertical Esta cerradora de bolsas ARC utiliza control electr\u00f3nico de temperatura constante y un dispositivo de transporte autom\u00e1tico, con el cual con esta Selladora t\u00e9rmica pueden controlar y utilizar tiras de pel\u00edcula pl\u00e1stica de diferentes formas en una l\u00ednea de envasado. La Selladora termopl\u00e1stica cuenta con un panel de control simple, f\u00e1cil de usar y f\u00e1cil de usar. Esta cerradora de bolsas vertical cuenta con un motor de alto rendimiento con una larga vida \u00fatil y un funcionamiento m\u00e1s estable. La mesa del transportador de esta m\u00e1quina de sellado t\u00e9rmico ARC se puede ajustar hacia arriba y hacia abajo, y se puede ajustar de acuerdo con los requisitos reales para mejorar la eficiencia. Garant\u00eda\u00a0ARC 2 A\u00d1OS Selladora vertical eficiente, bajo consumo\u00a0 400W soporte t\u00e9cnico incluido","og_url":"https:\/\/www.distribucionarc.com\/en\/producto\/selladora-termica-de-bolsas-vertical\/","og_site_name":"distribuci\u00f3n ARC","article_modified_time":"2023-02-24T11:07:34+00:00","og_image":[{"width":1000,"height":1000,"url":"https:\/\/www.distribucionarc.com\/wp-content\/uploads\/2021\/01\/Selladora-termica-de-bolsas-vertical-0.jpg","type":"image\/jpeg"}],"twitter_card":"summary_large_image","twitter_misc":{"Predpokladan\u00fd \u010das \u010d\u00edtania":"1 min\u00fata"},"schema":{"@context":"https:\/\/schema.org","@graph":[{"@type":"WebPage","@id":"https:\/\/www.distribucionarc.com\/en\/producto\/selladora-termica-de-bolsas-vertical\/","url":"https:\/\/www.distribucionarc.com\/en\/producto\/selladora-termica-de-bolsas-vertical\/","name":"Vertik\u00e1lny s\u00e1\u010dkovac\u00ed tepeln\u00fd spoj - ARC rozvod","isPartOf":{"@id":"https:\/\/www.distribucionarc.com\/sl\/#website"},"primaryImageOfPage":{"@id":"https:\/\/www.distribucionarc.com\/en\/producto\/selladora-termica-de-bolsas-vertical\/#primaryimage"},"image":{"@id":"https:\/\/www.distribucionarc.com\/en\/producto\/selladora-termica-de-bolsas-vertical\/#primaryimage"},"thumbnailUrl":"https:\/\/distribucionarc.com\/wp-content\/uploads\/2021\/01\/Selladora-termica-de-bolsas-vertical-0.jpg","datePublished":"2021-01-29T11:28:31+00:00","dateModified":"2023-02-24T11:07:34+00:00","breadcrumb":{"@id":"https:\/\/www.distribucionarc.com\/en\/producto\/selladora-termica-de-bolsas-vertical\/#breadcrumb"},"inLanguage":"sk-SK","potentialAction":[{"@type":"ReadAction","target":["https:\/\/www.distribucionarc.com\/en\/producto\/selladora-termica-de-bolsas-vertical\/"]}]},{"@type":"ImageObject","inLanguage":"sk-SK","@id":"https:\/\/www.distribucionarc.com\/en\/producto\/selladora-termica-de-bolsas-vertical\/#primaryimage","url":"https:\/\/distribucionarc.com\/wp-content\/uploads\/2021\/01\/Selladora-termica-de-bolsas-vertical-0.jpg","contentUrl":"https:\/\/distribucionarc.com\/wp-content\/uploads\/2021\/01\/Selladora-termica-de-bolsas-vertical-0.jpg","width":1000,"height":1000,"caption":"Selladora t\u00e9rmica de bolsas vertical"},{"@type":"BreadcrumbList","@id":"https:\/\/www.distribucionarc.com\/en\/producto\/selladora-termica-de-bolsas-vertical\/#breadcrumb","itemListElement":[{"@type":"ListItem","position":1,"name":"Portada","item":"https:\/\/www.distribucionarc.com\/"},{"@type":"ListItem","position":2,"name":"\u00dcr\u00fcnler","item":"https:\/\/www.distribucionarc.com\/tr\/magaza\/"},{"@type":"ListItem","position":3,"name":"Selladora t\u00e9rmica de bolsas vertical"}]},{"@type":"WebSite","@id":"https:\/\/www.distribucionarc.com\/sl\/#website","url":"https:\/\/www.distribucionarc.com\/sl\/","name":"ARC distrib\u00facia","description":"Spolo\u010dnos\u0165 sa \u0161pecializuje na v\u00fdrobu a distrib\u00faciu priemyseln\u00fdch strojov, strojov na uzatv\u00e1ranie plechoviek, strojov na v\u00fdrobu tabliet, strojov na porciovanie m\u00e4sa...","publisher":{"@id":"https:\/\/www.distribucionarc.com\/sl\/#organization"},"potentialAction":[{"@type":"SearchAction","target":{"@type":"EntryPoint","urlTemplate":"https:\/\/www.distribucionarc.com\/sl\/?s={search_term_string}"},"query-input":{"@type":"PropertyValueSpecification","valueRequired":true,"valueName":"search_term_string"}}],"inLanguage":"sk-SK"},{"@type":"Organization","@id":"https:\/\/www.distribucionarc.com\/sl\/#organization","name":"Distrib\u00facia ARC","url":"https:\/\/www.distribucionarc.com\/sl\/","logo":{"@type":"ImageObject","inLanguage":"sk-SK","@id":"https:\/\/www.distribucionarc.com\/sl\/#\/schema\/logo\/image\/","url":"https:\/\/distribucionarc.com\/wp-content\/uploads\/2024\/10\/distribucion-ARC-COLOR-SIN-FONDO-e1732295305345.png","contentUrl":"https:\/\/distribucionarc.com\/wp-content\/uploads\/2024\/10\/distribucion-ARC-COLOR-SIN-FONDO-e1732295305345.png","width":1164,"height":558,"caption":"Distribuci\u00f3n ARC"},"image":{"@id":"https:\/\/www.distribucionarc.com\/sl\/#\/schema\/logo\/image\/"},"description":"Spolo\u010dnos\u0165 \u0161pecializuj\u00faca sa na v\u00fdrobu a distrib\u00faciu priemyseln\u00fdch strojov pre potravin\u00e1rsky a farmaceutick\u00fd sektor. \u0160pecializujeme sa na: Stroje na kr\u00e1janie m\u00e4sa V\u00fdroba tabliet Priemyseln\u00e9 dopravn\u00e9 syst\u00e9my D\u00e1vkova\u010de na f\u013ea\u0161e A ove\u013ea viac... Pon\u00fakame inovat\u00edvne a prisp\u00f4soben\u00e9 rie\u0161enia na optimaliz\u00e1ciu v\u00fdrobn\u00fdch procesov va\u0161ej spolo\u010dnosti.","email":"Admistracion@distribucionarc.com","telephone":"+34 643496664","legalName":"ARC TECH SOLUTIONS","foundingDate":"2024-04-09","vatID":"B55480172","numberOfEmployees":{"@type":"QuantitativeValue","minValue":"1","maxValue":"10"}}]}},"_links":{"self":[{"href":"https:\/\/distribucionarc.com\/sk\/wp-json\/wp\/v2\/product\/4352","targetHints":{"allow":["GET"]}}],"collection":[{"href":"https:\/\/distribucionarc.com\/sk\/wp-json\/wp\/v2\/product"}],"about":[{"href":"https:\/\/distribucionarc.com\/sk\/wp-json\/wp\/v2\/types\/product"}],"replies":[{"embeddable":true,"href":"https:\/\/distribucionarc.com\/sk\/wp-json\/wp\/v2\/comments?post=4352"}],"version-history":[{"count":0,"href":"https:\/\/distribucionarc.com\/sk\/wp-json\/wp\/v2\/product\/4352\/revisions"}],"wp:featuredmedia":[{"embeddable":true,"href":"https:\/\/distribucionarc.com\/sk\/wp-json\/wp\/v2\/media\/4353"}],"wp:attachment":[{"href":"https:\/\/distribucionarc.com\/sk\/wp-json\/wp\/v2\/media?parent=4352"}],"wp:term":[{"taxonomy":"product_brand","embeddable":true,"href":"https:\/\/distribucionarc.com\/sk\/wp-json\/wp\/v2\/product_brand?post=4352"},{"taxonomy":"product_cat","embeddable":true,"href":"https:\/\/distribucionarc.com\/sk\/wp-json\/wp\/v2\/product_cat?post=4352"},{"taxonomy":"product_tag","embeddable":true,"href":"https:\/\/distribucionarc.com\/sk\/wp-json\/wp\/v2\/product_tag?post=4352"}],"curies":[{"name":"pracovn\u00fd list","href":"https:\/\/api.w.org\/{rel}","templated":true}]}}