{"id":437,"date":"2020-04-18T19:36:10","date_gmt":"2020-04-18T19:36:10","guid":{"rendered":"https:\/\/distribucionarc.com\/?post_type=product&#038;p=437"},"modified":"2022-03-01T16:32:24","modified_gmt":"2022-03-01T16:32:24","slug":"balenie-plnenie-vaku-davkovacky-stroj-na-prasok-sosovicu-zeleninu","status":"publish","type":"product","link":"https:\/\/distribucionarc.com\/sk\/producto\/empaquetadora-llenadora-de-bolsas-dosificadora-para-polvo-lentejas-legumbres\/","title":{"rendered":"Bal\u00edkova\u010d, baliaci stroj, plni\u010dka vreciek, d\u00e1vkova\u010d pr\u00e1\u0161ku, \u0161o\u0161ovice a strukov\u00edn?"},"content":{"rendered":"<h3 class=\"LC20lb DKV0Md\">Vrecovac\u00ed stroj, lis, baliaci stroj, plni\u010dka vreciek, d\u00e1vkova\u010d na pr\u00e1\u0161ok, \u0161o\u0161ovicu a strukoviny?<\/h3>\n<p>&nbsp;<\/p>\n<p>Baliaci stroj 10g\u27961000g<\/p>\n<p>S na\u0161\u00edm baliacim strojom m\u00f4\u017eete ma\u0165 efekt\u00edvne a kvalitn\u00e9 rie\u0161enie a\u017e 5 000 s\u00e1\u010dkov denne. Tento stroj je ide\u00e1lny pre d\u00e1vkovanie nel\u00fapan\u00fdch ara\u0161idov produkt.<\/p>\n<p>Baliaci syst\u00e9m je jednoduch\u00fd, je to vibra\u010dn\u00fd syst\u00e9m, na ktorom je mo\u017en\u00e9 naprogramova\u0165 3 \u00farovne: m\u00e4kk\u00e1\/stredn\u00e1\/r\u00fdchla Niektor\u00e9 produkty si mus\u00edte vybra\u0165 ktor\u00fd najlep\u0161ie vyhovuje v\u00e1\u0161mu produktu. z\u00e1sobn\u00edk, ktor\u00fd m\u00e1 vo vn\u00fatri vibr\u00e1tor, tak\u017ee produkt pad\u00e1 do druh\u00e9ho z\u00e1sobn\u00edka, ktor\u00fd bude v\u00e1\u017ei\u0165 produkt, k\u00fdm nedosiahne zna\u010dku plnenia stanoven\u00fa oper\u00e1torom, zastav\u00ed sa a otvor\u00ed br\u00e1nu, aby ho nad\u00e1vkoval do vrecka<\/p>\n<p>Povrchov\u00e1 \u00faprava z nehrdzavej\u00facej ocele 304<\/p>\n<p>N\u00e1\u0161 baliaci stroj je navrhnut\u00fd modulmi, ak d\u00f4jde k poruche, budete musie\u0165 modul iba vymeni\u0165, m\u00e1me 2-ro\u010dn\u00fa z\u00e1ruku, na\u0161e stroje prech\u00e1dzaj\u00fa pr\u00edsnou kontrolou kvality<\/p>\n<p>\u0161pecifik\u00e1cie:<br \/>\nTyp: Inteligentn\u00fd panelov\u00fd pr\u00e1\u0161kov\u00fd plniaci stroj MG-999g<br \/>\nPrev\u00e1dzkov\u00e9 nap\u00e4tie: len 220V<br \/>\nV\u00fdkon: 180W<br \/>\nR\u00fdchlos\u0165: 10 a\u017e 15 vreciek\/min<br \/>\nRozsah: 10 \u2796 999 g (mo\u017eno \u013eubovo\u013ene nastavi\u0165)<br \/>\nVe\u013ekos\u0165: (30 \u2716\ufe0f 50 \u2716\ufe0f 125 cm) 11,8&quot; \u2716\ufe0f 19,68&quot; \u2716\ufe0f 48&quot;<br \/>\nPresnos\u0165: 2 g (v z\u00e1vislosti od materi\u00e1lu, ktor\u00fd pln\u00edte)<br \/>\nMateri\u00e1l stroja: nehrdzavej\u00faca oce\u013e<br \/>\n\u010cist\u00e1 hmotnos\u0165: 26 kg<br \/>\nHmotnos\u0165 balenia: 38 kg (\u0161tandardn\u00e1 dreven\u00e1 krabica)<br \/>\nZ\u00e1ruka kvality: 2 roky<\/p>\n<p>Certifik\u00e1t CE<\/p>\n<p>Tu v\u00e1m nech\u00e1me video stroja v prev\u00e1dzke<\/p>\n<p><iframe loading=\"lazy\" src=\"https:\/\/www.youtube.com\/embed\/G3fXjF5u1L4\" width=\"560\" height=\"315\" frameborder=\"0\" allowfullscreen=\"allowfullscreen\"><\/iframe><\/p>","protected":false},"excerpt":{"rendered":"<p>Baliaci stroj 10g\u27961000g<\/p>\n<p>Kvalita s 2\ufe0f\u20e3 ro\u010dnou z\u00e1rukou<\/p>\n<p>Technick\u00e1 podpora v pr\u00edpade poruchy<\/p>\n<p>S na\u0161\u00edm baliacim strojom m\u00f4\u017eete ma\u0165 efekt\u00edvne a kvalitn\u00e9 rie\u0161enie a\u017e 5000 vriec denne, tento stroj je dokonal\u00fd, najv\u00e4\u010d\u0161ia ve\u013ekos\u0165, ktor\u00e1 dok\u00e1\u017ee d\u00e1vkova\u0165 nel\u00fapan\u00e9 ara\u0161idy, to n\u00e1m d\u00e1va cel\u00fd rad mo\u017enost\u00ed d\u00e1vkova\u0165 ak\u00fdko\u013evek druh strukov\u00edn alebo in\u00fd druh .<\/p>","protected":false},"featured_media":445,"comment_status":"open","ping_status":"closed","template":"","meta":{"wds_primary_product_brand":0,"wds_primary_product_cat":0},"product_brand":[],"product_cat":[22,21],"product_tag":[],"class_list":{"0":"post-437","1":"product","2":"type-product","3":"status-publish","4":"has-post-thumbnail","6":"product_cat-llenadora-de-bolsas-granos-y-polvo","7":"product_cat-maquinas-llenadoras","9":"first","10":"instock","11":"sale","12":"taxable","13":"shipping-taxable","14":"purchasable","15":"product-type-simple"},"yoast_head":"<!-- This site is optimized with the Yoast SEO Premium plugin v24.9 (Yoast SEO v26.1) - https:\/\/yoast.com\/wordpress\/plugins\/seo\/ -->\n<title>Empacadora, Empaquetadora, Llenadora de Bolsas, Dosificadora para polvo, Lentejas y Legumbres? - distribuci\u00f3n ARC<\/title>\n<meta name=\"robots\" content=\"index, follow, max-snippet:-1, max-image-preview:large, max-video-preview:-1\" \/>\n<link rel=\"canonical\" href=\"https:\/\/www.distribucionarc.com\/tr\/producto\/empaquetadora-llenadora-de-bolsas-dosificadora-para-polvo-lentejas-legumbres\/\" \/>\n<meta property=\"og:locale\" content=\"sk_SK\" \/>\n<meta property=\"og:type\" content=\"article\" \/>\n<meta property=\"og:title\" content=\"Empacadora, Empaquetadora, Llenadora de Bolsas, Dosificadora para polvo, Lentejas y Legumbres?\" \/>\n<meta property=\"og:description\" content=\"Empaquetadora 10g\u27961000g  Calidad con 2\ufe0f\u20e3 a\u00f1os de garant\u00eda  Soporte t\u00e9cnico en caso de aver\u00eda  Con nuestra m\u00e1quina empaquetadora podr\u00e1 tener un soluci\u00f3n eficaz y de calidad hasta\u00a0 5000 bolsas diarias \u00e9sta m\u00e1quina es perfecta el tama\u00f1o m\u00e1s grande que puede dosificar con cacahuetes sin pelar, esto nos da un abanico de posibilidades para dosificar cualquier tipo de legumbre u otro tipo de productos.\" \/>\n<meta property=\"og:url\" content=\"https:\/\/www.distribucionarc.com\/tr\/producto\/empaquetadora-llenadora-de-bolsas-dosificadora-para-polvo-lentejas-legumbres\/\" \/>\n<meta property=\"og:site_name\" content=\"distribuci\u00f3n ARC\" \/>\n<meta property=\"article:modified_time\" content=\"2022-03-01T16:32:24+00:00\" \/>\n<meta property=\"og:image\" content=\"https:\/\/www.distribucionarc.com\/wp-content\/uploads\/2020\/04\/llenadora_dosificadora_polvos_granos_automatica_0.jpg\" \/>\n\t<meta property=\"og:image:width\" content=\"800\" \/>\n\t<meta property=\"og:image:height\" content=\"800\" \/>\n\t<meta property=\"og:image:type\" content=\"image\/jpeg\" \/>\n<meta name=\"twitter:card\" content=\"summary_large_image\" \/>\n<meta name=\"twitter:label1\" content=\"Predpokladan\u00fd \u010das \u010d\u00edtania\" \/>\n\t<meta name=\"twitter:data1\" content=\"1 min\u00fata\" \/>\n<script type=\"application\/ld+json\" class=\"yoast-schema-graph\">{\"@context\":\"https:\/\/schema.org\",\"@graph\":[{\"@type\":\"WebPage\",\"@id\":\"https:\/\/www.distribucionarc.com\/tr\/producto\/empaquetadora-llenadora-de-bolsas-dosificadora-para-polvo-lentejas-legumbres\/\",\"url\":\"https:\/\/www.distribucionarc.com\/tr\/producto\/empaquetadora-llenadora-de-bolsas-dosificadora-para-polvo-lentejas-legumbres\/\",\"name\":\"Empacadora, Empaquetadora, Llenadora de Bolsas, Dosificadora para polvo, Lentejas y Legumbres? - distribuci\u00f3n ARC\",\"isPartOf\":{\"@id\":\"https:\/\/www.distribucionarc.com\/sl\/#website\"},\"primaryImageOfPage\":{\"@id\":\"https:\/\/www.distribucionarc.com\/tr\/producto\/empaquetadora-llenadora-de-bolsas-dosificadora-para-polvo-lentejas-legumbres\/#primaryimage\"},\"image\":{\"@id\":\"https:\/\/www.distribucionarc.com\/tr\/producto\/empaquetadora-llenadora-de-bolsas-dosificadora-para-polvo-lentejas-legumbres\/#primaryimage\"},\"thumbnailUrl\":\"https:\/\/distribucionarc.com\/wp-content\/uploads\/2020\/04\/llenadora_dosificadora_polvos_granos_automatica_0.jpg\",\"datePublished\":\"2020-04-18T19:36:10+00:00\",\"dateModified\":\"2022-03-01T16:32:24+00:00\",\"breadcrumb\":{\"@id\":\"https:\/\/www.distribucionarc.com\/tr\/producto\/empaquetadora-llenadora-de-bolsas-dosificadora-para-polvo-lentejas-legumbres\/#breadcrumb\"},\"inLanguage\":\"sk-SK\",\"potentialAction\":[{\"@type\":\"ReadAction\",\"target\":[\"https:\/\/www.distribucionarc.com\/tr\/producto\/empaquetadora-llenadora-de-bolsas-dosificadora-para-polvo-lentejas-legumbres\/\"]}]},{\"@type\":\"ImageObject\",\"inLanguage\":\"sk-SK\",\"@id\":\"https:\/\/www.distribucionarc.com\/tr\/producto\/empaquetadora-llenadora-de-bolsas-dosificadora-para-polvo-lentejas-legumbres\/#primaryimage\",\"url\":\"https:\/\/distribucionarc.com\/wp-content\/uploads\/2020\/04\/llenadora_dosificadora_polvos_granos_automatica_0.jpg\",\"contentUrl\":\"https:\/\/distribucionarc.com\/wp-content\/uploads\/2020\/04\/llenadora_dosificadora_polvos_granos_automatica_0.jpg\",\"width\":800,\"height\":800},{\"@type\":\"BreadcrumbList\",\"@id\":\"https:\/\/www.distribucionarc.com\/tr\/producto\/empaquetadora-llenadora-de-bolsas-dosificadora-para-polvo-lentejas-legumbres\/#breadcrumb\",\"itemListElement\":[{\"@type\":\"ListItem\",\"position\":1,\"name\":\"Portada\",\"item\":\"https:\/\/www.distribucionarc.com\/\"},{\"@type\":\"ListItem\",\"position\":2,\"name\":\"\u00dcr\u00fcnler\",\"item\":\"https:\/\/www.distribucionarc.com\/tr\/magaza\/\"},{\"@type\":\"ListItem\",\"position\":3,\"name\":\"Empacadora, Empaquetadora, Llenadora de Bolsas, Dosificadora para polvo, Lentejas y Legumbres?\"}]},{\"@type\":\"WebSite\",\"@id\":\"https:\/\/www.distribucionarc.com\/sl\/#website\",\"url\":\"https:\/\/www.distribucionarc.com\/sl\/\",\"name\":\"distribuci\u00f3n ARC\",\"description\":\"Empresa especializada en la fabricaci\u00f3n y distribuci\u00f3n de maquinaria industrial, selladoras de latas, Maquinas de hacer pastillas, Maquinas de cortar carne...\",\"publisher\":{\"@id\":\"https:\/\/www.distribucionarc.com\/sl\/#organization\"},\"potentialAction\":[{\"@type\":\"SearchAction\",\"target\":{\"@type\":\"EntryPoint\",\"urlTemplate\":\"https:\/\/www.distribucionarc.com\/sl\/?s={search_term_string}\"},\"query-input\":{\"@type\":\"PropertyValueSpecification\",\"valueRequired\":true,\"valueName\":\"search_term_string\"}}],\"inLanguage\":\"sk-SK\"},{\"@type\":\"Organization\",\"@id\":\"https:\/\/www.distribucionarc.com\/sl\/#organization\",\"name\":\"Distribuci\u00f3n ARC\",\"url\":\"https:\/\/www.distribucionarc.com\/sl\/\",\"logo\":{\"@type\":\"ImageObject\",\"inLanguage\":\"sk-SK\",\"@id\":\"https:\/\/www.distribucionarc.com\/sl\/#\/schema\/logo\/image\/\",\"url\":\"https:\/\/distribucionarc.com\/wp-content\/uploads\/2024\/10\/distribucion-ARC-COLOR-SIN-FONDO-e1732295305345.png\",\"contentUrl\":\"https:\/\/distribucionarc.com\/wp-content\/uploads\/2024\/10\/distribucion-ARC-COLOR-SIN-FONDO-e1732295305345.png\",\"width\":1164,\"height\":558,\"caption\":\"Distribuci\u00f3n ARC\"},\"image\":{\"@id\":\"https:\/\/www.distribucionarc.com\/sl\/#\/schema\/logo\/image\/\"},\"description\":\"Empresa especializada en la fabricaci\u00f3n y distribuci\u00f3n de maquinaria industrial para los sectores alimentario y farmac\u00e9utico. Nos especializamos en: M\u00e1quinas de cortar carne Fabricaci\u00f3n de comprimidos Sistemas de transporte industrial L\u00edneas de embotellado Dosificadores Y mucho m\u00e1s... Ofrecemos soluciones innovadoras y personalizadas para optimizar los procesos productivos de tu empresa.\",\"email\":\"Admistracion@distribucionarc.com\",\"telephone\":\"+34 643496664\",\"legalName\":\"ARC TECH SOLUTIONS\",\"foundingDate\":\"2024-04-09\",\"vatID\":\"B55480172\",\"numberOfEmployees\":{\"@type\":\"QuantitativeValue\",\"minValue\":\"1\",\"maxValue\":\"10\"}}]}<\/script>\n<!-- \/ Yoast SEO Premium plugin. -->","yoast_head_json":{"title":"Bal\u00edkova\u010d, baliaci stroj, plni\u010dka vreciek, d\u00e1vkova\u010d pr\u00e1\u0161ku, \u0161o\u0161ovice a strukov\u00edn? - ARC rozvod","robots":{"index":"index","follow":"follow","max-snippet":"max-snippet:-1","max-image-preview":"max-image-preview:large","max-video-preview":"max-video-preview:-1"},"canonical":"https:\/\/www.distribucionarc.com\/tr\/producto\/empaquetadora-llenadora-de-bolsas-dosificadora-para-polvo-lentejas-legumbres\/","og_locale":"sk_SK","og_type":"article","og_title":"Empacadora, Empaquetadora, Llenadora de Bolsas, Dosificadora para polvo, Lentejas y Legumbres?","og_description":"Empaquetadora 10g\u27961000g  Calidad con 2\ufe0f\u20e3 a\u00f1os de garant\u00eda  Soporte t\u00e9cnico en caso de aver\u00eda  Con nuestra m\u00e1quina empaquetadora podr\u00e1 tener un soluci\u00f3n eficaz y de calidad hasta\u00a0 5000 bolsas diarias \u00e9sta m\u00e1quina es perfecta el tama\u00f1o m\u00e1s grande que puede dosificar con cacahuetes sin pelar, esto nos da un abanico de posibilidades para dosificar cualquier tipo de legumbre u otro tipo de productos.","og_url":"https:\/\/www.distribucionarc.com\/tr\/producto\/empaquetadora-llenadora-de-bolsas-dosificadora-para-polvo-lentejas-legumbres\/","og_site_name":"distribuci\u00f3n ARC","article_modified_time":"2022-03-01T16:32:24+00:00","og_image":[{"width":800,"height":800,"url":"https:\/\/www.distribucionarc.com\/wp-content\/uploads\/2020\/04\/llenadora_dosificadora_polvos_granos_automatica_0.jpg","type":"image\/jpeg"}],"twitter_card":"summary_large_image","twitter_misc":{"Predpokladan\u00fd \u010das \u010d\u00edtania":"1 min\u00fata"},"schema":{"@context":"https:\/\/schema.org","@graph":[{"@type":"WebPage","@id":"https:\/\/www.distribucionarc.com\/tr\/producto\/empaquetadora-llenadora-de-bolsas-dosificadora-para-polvo-lentejas-legumbres\/","url":"https:\/\/www.distribucionarc.com\/tr\/producto\/empaquetadora-llenadora-de-bolsas-dosificadora-para-polvo-lentejas-legumbres\/","name":"Bal\u00edkova\u010d, baliaci stroj, plni\u010dka vreciek, d\u00e1vkova\u010d pr\u00e1\u0161ku, \u0161o\u0161ovice a strukov\u00edn? - ARC rozvod","isPartOf":{"@id":"https:\/\/www.distribucionarc.com\/sl\/#website"},"primaryImageOfPage":{"@id":"https:\/\/www.distribucionarc.com\/tr\/producto\/empaquetadora-llenadora-de-bolsas-dosificadora-para-polvo-lentejas-legumbres\/#primaryimage"},"image":{"@id":"https:\/\/www.distribucionarc.com\/tr\/producto\/empaquetadora-llenadora-de-bolsas-dosificadora-para-polvo-lentejas-legumbres\/#primaryimage"},"thumbnailUrl":"https:\/\/distribucionarc.com\/wp-content\/uploads\/2020\/04\/llenadora_dosificadora_polvos_granos_automatica_0.jpg","datePublished":"2020-04-18T19:36:10+00:00","dateModified":"2022-03-01T16:32:24+00:00","breadcrumb":{"@id":"https:\/\/www.distribucionarc.com\/tr\/producto\/empaquetadora-llenadora-de-bolsas-dosificadora-para-polvo-lentejas-legumbres\/#breadcrumb"},"inLanguage":"sk-SK","potentialAction":[{"@type":"ReadAction","target":["https:\/\/www.distribucionarc.com\/tr\/producto\/empaquetadora-llenadora-de-bolsas-dosificadora-para-polvo-lentejas-legumbres\/"]}]},{"@type":"ImageObject","inLanguage":"sk-SK","@id":"https:\/\/www.distribucionarc.com\/tr\/producto\/empaquetadora-llenadora-de-bolsas-dosificadora-para-polvo-lentejas-legumbres\/#primaryimage","url":"https:\/\/distribucionarc.com\/wp-content\/uploads\/2020\/04\/llenadora_dosificadora_polvos_granos_automatica_0.jpg","contentUrl":"https:\/\/distribucionarc.com\/wp-content\/uploads\/2020\/04\/llenadora_dosificadora_polvos_granos_automatica_0.jpg","width":800,"height":800},{"@type":"BreadcrumbList","@id":"https:\/\/www.distribucionarc.com\/tr\/producto\/empaquetadora-llenadora-de-bolsas-dosificadora-para-polvo-lentejas-legumbres\/#breadcrumb","itemListElement":[{"@type":"ListItem","position":1,"name":"Portada","item":"https:\/\/www.distribucionarc.com\/"},{"@type":"ListItem","position":2,"name":"\u00dcr\u00fcnler","item":"https:\/\/www.distribucionarc.com\/tr\/magaza\/"},{"@type":"ListItem","position":3,"name":"Empacadora, Empaquetadora, Llenadora de Bolsas, Dosificadora para polvo, Lentejas y Legumbres?"}]},{"@type":"WebSite","@id":"https:\/\/www.distribucionarc.com\/sl\/#website","url":"https:\/\/www.distribucionarc.com\/sl\/","name":"ARC distrib\u00facia","description":"Spolo\u010dnos\u0165 sa \u0161pecializuje na v\u00fdrobu a distrib\u00faciu priemyseln\u00fdch strojov, strojov na uzatv\u00e1ranie plechoviek, strojov na v\u00fdrobu tabliet, strojov na porciovanie m\u00e4sa...","publisher":{"@id":"https:\/\/www.distribucionarc.com\/sl\/#organization"},"potentialAction":[{"@type":"SearchAction","target":{"@type":"EntryPoint","urlTemplate":"https:\/\/www.distribucionarc.com\/sl\/?s={search_term_string}"},"query-input":{"@type":"PropertyValueSpecification","valueRequired":true,"valueName":"search_term_string"}}],"inLanguage":"sk-SK"},{"@type":"Organization","@id":"https:\/\/www.distribucionarc.com\/sl\/#organization","name":"Distrib\u00facia ARC","url":"https:\/\/www.distribucionarc.com\/sl\/","logo":{"@type":"ImageObject","inLanguage":"sk-SK","@id":"https:\/\/www.distribucionarc.com\/sl\/#\/schema\/logo\/image\/","url":"https:\/\/distribucionarc.com\/wp-content\/uploads\/2024\/10\/distribucion-ARC-COLOR-SIN-FONDO-e1732295305345.png","contentUrl":"https:\/\/distribucionarc.com\/wp-content\/uploads\/2024\/10\/distribucion-ARC-COLOR-SIN-FONDO-e1732295305345.png","width":1164,"height":558,"caption":"Distribuci\u00f3n ARC"},"image":{"@id":"https:\/\/www.distribucionarc.com\/sl\/#\/schema\/logo\/image\/"},"description":"Spolo\u010dnos\u0165 \u0161pecializuj\u00faca sa na v\u00fdrobu a distrib\u00faciu priemyseln\u00fdch strojov pre potravin\u00e1rsky a farmaceutick\u00fd sektor. \u0160pecializujeme sa na: Stroje na kr\u00e1janie m\u00e4sa V\u00fdroba tabliet Priemyseln\u00e9 dopravn\u00e9 syst\u00e9my D\u00e1vkova\u010de na f\u013ea\u0161e A ove\u013ea viac... Pon\u00fakame inovat\u00edvne a prisp\u00f4soben\u00e9 rie\u0161enia na optimaliz\u00e1ciu v\u00fdrobn\u00fdch procesov va\u0161ej spolo\u010dnosti.","email":"Admistracion@distribucionarc.com","telephone":"+34 643496664","legalName":"ARC TECH SOLUTIONS","foundingDate":"2024-04-09","vatID":"B55480172","numberOfEmployees":{"@type":"QuantitativeValue","minValue":"1","maxValue":"10"}}]}},"_links":{"self":[{"href":"https:\/\/distribucionarc.com\/sk\/wp-json\/wp\/v2\/product\/437","targetHints":{"allow":["GET"]}}],"collection":[{"href":"https:\/\/distribucionarc.com\/sk\/wp-json\/wp\/v2\/product"}],"about":[{"href":"https:\/\/distribucionarc.com\/sk\/wp-json\/wp\/v2\/types\/product"}],"replies":[{"embeddable":true,"href":"https:\/\/distribucionarc.com\/sk\/wp-json\/wp\/v2\/comments?post=437"}],"version-history":[{"count":0,"href":"https:\/\/distribucionarc.com\/sk\/wp-json\/wp\/v2\/product\/437\/revisions"}],"wp:featuredmedia":[{"embeddable":true,"href":"https:\/\/distribucionarc.com\/sk\/wp-json\/wp\/v2\/media\/445"}],"wp:attachment":[{"href":"https:\/\/distribucionarc.com\/sk\/wp-json\/wp\/v2\/media?parent=437"}],"wp:term":[{"taxonomy":"product_brand","embeddable":true,"href":"https:\/\/distribucionarc.com\/sk\/wp-json\/wp\/v2\/product_brand?post=437"},{"taxonomy":"product_cat","embeddable":true,"href":"https:\/\/distribucionarc.com\/sk\/wp-json\/wp\/v2\/product_cat?post=437"},{"taxonomy":"product_tag","embeddable":true,"href":"https:\/\/distribucionarc.com\/sk\/wp-json\/wp\/v2\/product_tag?post=437"}],"curies":[{"name":"pracovn\u00fd list","href":"https:\/\/api.w.org\/{rel}","templated":true}]}}