{"id":450,"date":"2020-04-18T22:50:14","date_gmt":"2020-04-18T22:50:14","guid":{"rendered":"https:\/\/distribucionarc.com\/?post_type=product&#038;p=450"},"modified":"2020-11-17T07:04:34","modified_gmt":"2020-11-17T07:04:34","slug":"baliaci-stroj-plnicka-vreciek-davkovac-praskovej-sosovice-strukoviny%f0%9f%a5%9c","status":"publish","type":"product","link":"https:\/\/distribucionarc.com\/sk\/producto\/empacadora-empaquetadora-llenadora-de-bolsas-dosificadora-para-polvo-lentejas-legumbres%f0%9f%a5%9c\/","title":{"rendered":"Bal\u00edkova\u010d, baliaci stroj, plni\u010dka vreciek, d\u00e1vkova\u010d pr\u00e1\u0161ku, \u0161o\u0161ovice, strukov\u00edn?"},"content":{"rendered":"<h3 class=\"LC20lb DKV0Md\">Vrecovac\u00ed stroj, lis, baliaci stroj, plni\u010dka vreciek, d\u00e1vkova\u010d na pr\u00e1\u0161ok, \u0161o\u0161ovicu a strukoviny?<\/h3>\n<p>&nbsp;<\/p>\n<p>Baliaci stroj\u010dek 2g\u2796200g<\/p>\n<p>S na\u0161\u00edm baliacim strojom m\u00f4\u017eete ma\u0165 efekt\u00edvne a kvalitn\u00e9 rie\u0161enie a\u017e 5 000 vrec\u00fa\u0161ok denne. Tento stroj je dokonal\u00fd, najv\u00e4\u010d\u0161ia ve\u013ekos\u0165, ktor\u00e1 dok\u00e1\u017ee vypusti\u0165 l\u00fapan\u00e9 ara\u0161idy typ produktu.<\/p>\n<p>Baliaci syst\u00e9m je jednoduch\u00fd, je to vibra\u010dn\u00fd syst\u00e9m, umiest\u0148uje v\u00fdrobok navrch, stroj m\u00f4\u017eete naprogramova\u0165 na tri \u00farovne m\u00e4kk\u00fd\/stredn\u00fd\/r\u00fdchly, niektor\u00e9 v\u00fdrobky funguj\u00fa lep\u0161ie s \u00farov\u0148ou alebo inou, mus\u00edte si vybra\u0165 t\u00fa, ktor\u00e1 v\u00e1m vyhovuje v\u00e1\u0161 produkt. N\u00e1sypka vo vn\u00fatri zavibruje, tak\u017ee produkt spadne do druhej n\u00e1sypky, ktor\u00e1 bude v\u00e1\u017ei\u0165 produkt, ke\u010f dosiahne stanoven\u00fa zna\u010dku naplnenia, zastav\u00ed sa a ke\u010f sa vrece pribl\u00ed\u017ei, senzor to zaznamen\u00e1 a automaticky alebo manu\u00e1lne otvor\u00ed dvierka ped\u00e1l.<\/p>\n<ul>\n<li>Poloautomatick\u00fd stroj navrhnut\u00fd vynikaj\u00facimi in\u017einiermi, ktor\u00ed starostlivo \u0161tuduj\u00fa pou\u017eitie mikropo\u010d\u00edta\u010dov\u00e9ho riadenia s optickou technol\u00f3giou, vysokou presnos\u0165ou, r\u00fdchlou a dobrou kvalitou na vyrie\u0161enie \u00fanavn\u00e9ho tradi\u010dn\u00e9ho procesu balenia.<\/li>\n<li>Komponenty s\u00fa vhodn\u00e9 pre: potraviny, semen\u00e1, ovocie, chemik\u00e1lie vo forme obiln\u00edn a lie\u010div, nelepiv\u00e9 mikro a drobn\u00e9 pevn\u00e9 materi\u00e1ly.<\/li>\n<li>Odpor\u00fa\u010dan\u00e9 materi\u00e1ly: M\u00faka, su\u0161en\u00e9 mlieko, chemick\u00e9 pr\u00e1\u0161ky, jedl\u00e9 pr\u00e1\u0161ky, k\u00e1vov\u00fd pr\u00e1\u0161ok, semen\u00e1, fazu\u013ea, ry\u017ea, granule, bylinky, obilniny, so\u013e, cukor, korenie, chemick\u00e9 zl\u00fa\u010deniny, elektronick\u00e9 s\u00fa\u010diastky, hardv\u00e9rov\u00e9 komponenty at\u010f.<\/li>\n<\/ul>\n<p>Povrchov\u00e1 \u00faprava z nehrdzavej\u00facej ocele 304<\/p>\n<p>N\u00e1\u0161 baliaci stroj je navrhnut\u00fd po moduloch, ak d\u00f4jde k poruche, budete musie\u0165 modul iba vymeni\u0165, na na\u0161e stroje m\u00e1me 2-ro\u010dn\u00fa z\u00e1ruku a pred uveden\u00edm do predaja pre\u0161li pr\u00edsnou kontrolou kvality.<\/p>\n<ul>\n<li>Mikropo\u010d\u00edta\u010d s riaden\u00edm vlastnej energie, tak\u017ee d\u00e1vkovanie je ove\u013ea presnej\u0161ie a presnej\u0161ie.<\/li>\n<li>Proces d\u00e1vkovania je r\u00fdchly a plne automatizovan\u00fd.<\/li>\n<li>V\u0161etky kontaktn\u00e9 \u010dasti s\u00fa vyroben\u00e9 z nehrdzavej\u00facej ocele, tak\u017ee nedoch\u00e1dza ku kontamin\u00e1cii materi\u00e1lu.<\/li>\n<li>Dvojit\u00e1 \u0161okov\u00e1 kon\u0161trukcia, tak\u017ee stroj be\u017e\u00ed hladko s n\u00edzkou hlu\u010dnos\u0165ou.<\/li>\n<li>M\u00e1 mal\u00fa ve\u013ekos\u0165 a n\u00edzku hmotnos\u0165.<\/li>\n<li>Spotrebuje minimum energie.<\/li>\n<li>\u0160ikm\u00fd vrhac\u00ed posuv, ktor\u00fd nepri\u0161kripne ani nepo\u0161kod\u00ed materi\u00e1ly.<\/li>\n<li>Zobrazuje hmotnos\u0165 a po\u010det bal\u00edkov.<\/li>\n<li>Nastavite\u013en\u00e1 r\u00fdchlos\u0165 plnenia.<\/li>\n<li>M\u00f4\u017eete nastavi\u0165 alarm nadmernej hmotnosti.<\/li>\n<li>Kapacita: 2\u2796 200 g na stiahnutie.<\/li>\n<li>Priemern\u00e1 r\u00fdchlos\u0165: a\u017e 15 stiahnut\u00ed za min\u00fatu.<\/li>\n<li>Rozmer z\u00e1sobn\u00edka: 20 cm priemer x 16 cm v\u00fd\u0161ka.<\/li>\n<li>Vstupn\u00e9 nap\u00e4tie: 220V\/110V<\/li>\n<\/ul>\n<p>Z\u00e1ruka kvality: 2 roky<\/p>\n<p>Certifik\u00e1t CE<\/p>\n<p>Tu v\u00e1m nech\u00e1me video stroja v prev\u00e1dzke<\/p>\n<p><iframe loading=\"lazy\" src=\"https:\/\/www.youtube.com\/embed\/hWMSdtFaN28\" width=\"560\" height=\"315\" frameborder=\"0\" allowfullscreen=\"allowfullscreen\"><\/iframe><\/p>","protected":false},"excerpt":{"rendered":"<p>Baliaci stroj\u010dek 2g\u2796200g<\/p>\n<p>Kvalita s 2\ufe0f\u20e3 ro\u010dnou z\u00e1rukou<\/p>\n<p>Technick\u00e1 podpora v pr\u00edpade poruchy<\/p>\n<p>S na\u0161\u00edm baliacim strojom m\u00f4\u017eete ma\u0165 efekt\u00edvne a kvalitn\u00e9 rie\u0161enie a\u017e 5 000 vrec\u00fa\u0161ok denne. Tento stroj je perfektn\u00fd pre l\u00fapan\u00e9 ara\u0161idy typ produktu.<\/p>","protected":false},"featured_media":458,"comment_status":"open","ping_status":"closed","template":"","meta":{"wds_primary_product_brand":0,"wds_primary_product_cat":0},"product_brand":[],"product_cat":[22,21],"product_tag":[],"class_list":{"0":"post-450","1":"product","2":"type-product","3":"status-publish","4":"has-post-thumbnail","6":"product_cat-llenadora-de-bolsas-granos-y-polvo","7":"product_cat-maquinas-llenadoras","9":"first","10":"instock","11":"sale","12":"taxable","13":"shipping-taxable","14":"purchasable","15":"product-type-simple"},"yoast_head":"<!-- This site is optimized with the Yoast SEO Premium plugin v24.9 (Yoast SEO v26.1) - https:\/\/yoast.com\/wordpress\/plugins\/seo\/ -->\n<title>Empacadora, Empaquetadora, Llenadora de Bolsas, Dosificadora para Polvo, Lentejas, Legumbres? - distribuci\u00f3n ARC<\/title>\n<meta name=\"robots\" content=\"index, follow, max-snippet:-1, max-image-preview:large, max-video-preview:-1\" \/>\n<link rel=\"canonical\" href=\"https:\/\/www.distribucionarc.com\/en\/producto\/empacadora-empaquetadora-llenadora-de-bolsas-dosificadora-para-polvo-lentejas-legumbres\ud83e\udd5c\/\" \/>\n<meta property=\"og:locale\" content=\"sk_SK\" \/>\n<meta property=\"og:type\" content=\"article\" \/>\n<meta property=\"og:title\" content=\"Empacadora, Empaquetadora, Llenadora de Bolsas, Dosificadora para Polvo, Lentejas, Legumbres?\" \/>\n<meta property=\"og:description\" content=\"Empaquetadora 2g\u2796200g  Calidad con 2\ufe0f\u20e3 a\u00f1os de garant\u00eda  Soporte t\u00e9cnico en caso de aver\u00eda  Con nuestra m\u00e1quina empaquetadora podr\u00e1 tener un soluci\u00f3n eficaz y de calidad hasta\u00a0 5000 bolsas diarias Esta m\u00e1quina es perfecta el tama\u00f1o mas grande que puede dosificar son cacahuetes pelados\u00a0 esto nos da un abanico de posibilidades para dosificar cualquier tipo de legumbre u otro tipo de productos.\" \/>\n<meta property=\"og:url\" content=\"https:\/\/www.distribucionarc.com\/en\/producto\/empacadora-empaquetadora-llenadora-de-bolsas-dosificadora-para-polvo-lentejas-legumbres\ud83e\udd5c\/\" \/>\n<meta property=\"og:site_name\" content=\"distribuci\u00f3n ARC\" \/>\n<meta property=\"article:modified_time\" content=\"2020-11-17T07:04:34+00:00\" \/>\n<meta property=\"og:image\" content=\"https:\/\/www.distribucionarc.com\/wp-content\/uploads\/2020\/04\/empaquetadora_llenadora_de_bolsas_dosificadora_para_polvo_0.jpg\" \/>\n\t<meta property=\"og:image:width\" content=\"1600\" \/>\n\t<meta property=\"og:image:height\" content=\"1600\" \/>\n\t<meta property=\"og:image:type\" content=\"image\/jpeg\" \/>\n<meta name=\"twitter:card\" content=\"summary_large_image\" \/>\n<meta name=\"twitter:label1\" content=\"Predpokladan\u00fd \u010das \u010d\u00edtania\" \/>\n\t<meta name=\"twitter:data1\" content=\"2 min\u00faty\" \/>\n<script type=\"application\/ld+json\" class=\"yoast-schema-graph\">{\"@context\":\"https:\/\/schema.org\",\"@graph\":[{\"@type\":\"WebPage\",\"@id\":\"https:\/\/www.distribucionarc.com\/en\/producto\/empacadora-empaquetadora-llenadora-de-bolsas-dosificadora-para-polvo-lentejas-legumbres%f0%9f%a5%9c\/\",\"url\":\"https:\/\/www.distribucionarc.com\/en\/producto\/empacadora-empaquetadora-llenadora-de-bolsas-dosificadora-para-polvo-lentejas-legumbres%f0%9f%a5%9c\/\",\"name\":\"Empacadora, Empaquetadora, Llenadora de Bolsas, Dosificadora para Polvo, Lentejas, Legumbres? - distribuci\u00f3n ARC\",\"isPartOf\":{\"@id\":\"https:\/\/www.distribucionarc.com\/sl\/#website\"},\"primaryImageOfPage\":{\"@id\":\"https:\/\/www.distribucionarc.com\/en\/producto\/empacadora-empaquetadora-llenadora-de-bolsas-dosificadora-para-polvo-lentejas-legumbres%f0%9f%a5%9c\/#primaryimage\"},\"image\":{\"@id\":\"https:\/\/www.distribucionarc.com\/en\/producto\/empacadora-empaquetadora-llenadora-de-bolsas-dosificadora-para-polvo-lentejas-legumbres%f0%9f%a5%9c\/#primaryimage\"},\"thumbnailUrl\":\"https:\/\/distribucionarc.com\/wp-content\/uploads\/2020\/04\/empaquetadora_llenadora_de_bolsas_dosificadora_para_polvo_0.jpg\",\"datePublished\":\"2020-04-18T22:50:14+00:00\",\"dateModified\":\"2020-11-17T07:04:34+00:00\",\"breadcrumb\":{\"@id\":\"https:\/\/www.distribucionarc.com\/en\/producto\/empacadora-empaquetadora-llenadora-de-bolsas-dosificadora-para-polvo-lentejas-legumbres%f0%9f%a5%9c\/#breadcrumb\"},\"inLanguage\":\"sk-SK\",\"potentialAction\":[{\"@type\":\"ReadAction\",\"target\":[\"https:\/\/www.distribucionarc.com\/en\/producto\/empacadora-empaquetadora-llenadora-de-bolsas-dosificadora-para-polvo-lentejas-legumbres%f0%9f%a5%9c\/\"]}]},{\"@type\":\"ImageObject\",\"inLanguage\":\"sk-SK\",\"@id\":\"https:\/\/www.distribucionarc.com\/en\/producto\/empacadora-empaquetadora-llenadora-de-bolsas-dosificadora-para-polvo-lentejas-legumbres%f0%9f%a5%9c\/#primaryimage\",\"url\":\"https:\/\/distribucionarc.com\/wp-content\/uploads\/2020\/04\/empaquetadora_llenadora_de_bolsas_dosificadora_para_polvo_0.jpg\",\"contentUrl\":\"https:\/\/distribucionarc.com\/wp-content\/uploads\/2020\/04\/empaquetadora_llenadora_de_bolsas_dosificadora_para_polvo_0.jpg\",\"width\":1600,\"height\":1600},{\"@type\":\"BreadcrumbList\",\"@id\":\"https:\/\/www.distribucionarc.com\/en\/producto\/empacadora-empaquetadora-llenadora-de-bolsas-dosificadora-para-polvo-lentejas-legumbres%f0%9f%a5%9c\/#breadcrumb\",\"itemListElement\":[{\"@type\":\"ListItem\",\"position\":1,\"name\":\"Portada\",\"item\":\"https:\/\/www.distribucionarc.com\/\"},{\"@type\":\"ListItem\",\"position\":2,\"name\":\"\u00dcr\u00fcnler\",\"item\":\"https:\/\/www.distribucionarc.com\/tr\/magaza\/\"},{\"@type\":\"ListItem\",\"position\":3,\"name\":\"Empacadora, Empaquetadora, Llenadora de Bolsas, Dosificadora para Polvo, Lentejas, Legumbres?\"}]},{\"@type\":\"WebSite\",\"@id\":\"https:\/\/www.distribucionarc.com\/sl\/#website\",\"url\":\"https:\/\/www.distribucionarc.com\/sl\/\",\"name\":\"distribuci\u00f3n ARC\",\"description\":\"Empresa especializada en la fabricaci\u00f3n y distribuci\u00f3n de maquinaria industrial, selladoras de latas, Maquinas de hacer pastillas, Maquinas de cortar carne...\",\"publisher\":{\"@id\":\"https:\/\/www.distribucionarc.com\/sl\/#organization\"},\"potentialAction\":[{\"@type\":\"SearchAction\",\"target\":{\"@type\":\"EntryPoint\",\"urlTemplate\":\"https:\/\/www.distribucionarc.com\/sl\/?s={search_term_string}\"},\"query-input\":{\"@type\":\"PropertyValueSpecification\",\"valueRequired\":true,\"valueName\":\"search_term_string\"}}],\"inLanguage\":\"sk-SK\"},{\"@type\":\"Organization\",\"@id\":\"https:\/\/www.distribucionarc.com\/sl\/#organization\",\"name\":\"Distribuci\u00f3n ARC\",\"url\":\"https:\/\/www.distribucionarc.com\/sl\/\",\"logo\":{\"@type\":\"ImageObject\",\"inLanguage\":\"sk-SK\",\"@id\":\"https:\/\/www.distribucionarc.com\/sl\/#\/schema\/logo\/image\/\",\"url\":\"https:\/\/distribucionarc.com\/wp-content\/uploads\/2024\/10\/distribucion-ARC-COLOR-SIN-FONDO-e1732295305345.png\",\"contentUrl\":\"https:\/\/distribucionarc.com\/wp-content\/uploads\/2024\/10\/distribucion-ARC-COLOR-SIN-FONDO-e1732295305345.png\",\"width\":1164,\"height\":558,\"caption\":\"Distribuci\u00f3n ARC\"},\"image\":{\"@id\":\"https:\/\/www.distribucionarc.com\/sl\/#\/schema\/logo\/image\/\"},\"description\":\"Empresa especializada en la fabricaci\u00f3n y distribuci\u00f3n de maquinaria industrial para los sectores alimentario y farmac\u00e9utico. Nos especializamos en: M\u00e1quinas de cortar carne Fabricaci\u00f3n de comprimidos Sistemas de transporte industrial L\u00edneas de embotellado Dosificadores Y mucho m\u00e1s... Ofrecemos soluciones innovadoras y personalizadas para optimizar los procesos productivos de tu empresa.\",\"email\":\"Admistracion@distribucionarc.com\",\"telephone\":\"+34 643496664\",\"legalName\":\"ARC TECH SOLUTIONS\",\"foundingDate\":\"2024-04-09\",\"vatID\":\"B55480172\",\"numberOfEmployees\":{\"@type\":\"QuantitativeValue\",\"minValue\":\"1\",\"maxValue\":\"10\"}}]}<\/script>\n<!-- \/ Yoast SEO Premium plugin. -->","yoast_head_json":{"title":"Bal\u00edkova\u010d, baliaci stroj, plni\u010dka vreciek, d\u00e1vkova\u010d pr\u00e1\u0161ku, \u0161o\u0161ovice, strukov\u00edn? - ARC rozvod","robots":{"index":"index","follow":"follow","max-snippet":"max-snippet:-1","max-image-preview":"max-image-preview:large","max-video-preview":"max-video-preview:-1"},"canonical":"https:\/\/www.distribucionarc.com\/en\/producto\/empacadora-empaquetadora-llenadora-de-bolsas-dosificadora-para-polvo-lentejas-legumbres\ud83e\udd5c\/","og_locale":"sk_SK","og_type":"article","og_title":"Empacadora, Empaquetadora, Llenadora de Bolsas, Dosificadora para Polvo, Lentejas, Legumbres?","og_description":"Empaquetadora 2g\u2796200g  Calidad con 2\ufe0f\u20e3 a\u00f1os de garant\u00eda  Soporte t\u00e9cnico en caso de aver\u00eda  Con nuestra m\u00e1quina empaquetadora podr\u00e1 tener un soluci\u00f3n eficaz y de calidad hasta\u00a0 5000 bolsas diarias Esta m\u00e1quina es perfecta el tama\u00f1o mas grande que puede dosificar son cacahuetes pelados\u00a0 esto nos da un abanico de posibilidades para dosificar cualquier tipo de legumbre u otro tipo de productos.","og_url":"https:\/\/www.distribucionarc.com\/en\/producto\/empacadora-empaquetadora-llenadora-de-bolsas-dosificadora-para-polvo-lentejas-legumbres\ud83e\udd5c\/","og_site_name":"distribuci\u00f3n ARC","article_modified_time":"2020-11-17T07:04:34+00:00","og_image":[{"width":1600,"height":1600,"url":"https:\/\/www.distribucionarc.com\/wp-content\/uploads\/2020\/04\/empaquetadora_llenadora_de_bolsas_dosificadora_para_polvo_0.jpg","type":"image\/jpeg"}],"twitter_card":"summary_large_image","twitter_misc":{"Predpokladan\u00fd \u010das \u010d\u00edtania":"2 min\u00faty"},"schema":{"@context":"https:\/\/schema.org","@graph":[{"@type":"WebPage","@id":"https:\/\/www.distribucionarc.com\/en\/producto\/empacadora-empaquetadora-llenadora-de-bolsas-dosificadora-para-polvo-lentejas-legumbres%f0%9f%a5%9c\/","url":"https:\/\/www.distribucionarc.com\/en\/producto\/empacadora-empaquetadora-llenadora-de-bolsas-dosificadora-para-polvo-lentejas-legumbres%f0%9f%a5%9c\/","name":"Bal\u00edkova\u010d, baliaci stroj, plni\u010dka vreciek, d\u00e1vkova\u010d pr\u00e1\u0161ku, \u0161o\u0161ovice, strukov\u00edn? - ARC rozvod","isPartOf":{"@id":"https:\/\/www.distribucionarc.com\/sl\/#website"},"primaryImageOfPage":{"@id":"https:\/\/www.distribucionarc.com\/en\/producto\/empacadora-empaquetadora-llenadora-de-bolsas-dosificadora-para-polvo-lentejas-legumbres%f0%9f%a5%9c\/#primaryimage"},"image":{"@id":"https:\/\/www.distribucionarc.com\/en\/producto\/empacadora-empaquetadora-llenadora-de-bolsas-dosificadora-para-polvo-lentejas-legumbres%f0%9f%a5%9c\/#primaryimage"},"thumbnailUrl":"https:\/\/distribucionarc.com\/wp-content\/uploads\/2020\/04\/empaquetadora_llenadora_de_bolsas_dosificadora_para_polvo_0.jpg","datePublished":"2020-04-18T22:50:14+00:00","dateModified":"2020-11-17T07:04:34+00:00","breadcrumb":{"@id":"https:\/\/www.distribucionarc.com\/en\/producto\/empacadora-empaquetadora-llenadora-de-bolsas-dosificadora-para-polvo-lentejas-legumbres%f0%9f%a5%9c\/#breadcrumb"},"inLanguage":"sk-SK","potentialAction":[{"@type":"ReadAction","target":["https:\/\/www.distribucionarc.com\/en\/producto\/empacadora-empaquetadora-llenadora-de-bolsas-dosificadora-para-polvo-lentejas-legumbres%f0%9f%a5%9c\/"]}]},{"@type":"ImageObject","inLanguage":"sk-SK","@id":"https:\/\/www.distribucionarc.com\/en\/producto\/empacadora-empaquetadora-llenadora-de-bolsas-dosificadora-para-polvo-lentejas-legumbres%f0%9f%a5%9c\/#primaryimage","url":"https:\/\/distribucionarc.com\/wp-content\/uploads\/2020\/04\/empaquetadora_llenadora_de_bolsas_dosificadora_para_polvo_0.jpg","contentUrl":"https:\/\/distribucionarc.com\/wp-content\/uploads\/2020\/04\/empaquetadora_llenadora_de_bolsas_dosificadora_para_polvo_0.jpg","width":1600,"height":1600},{"@type":"BreadcrumbList","@id":"https:\/\/www.distribucionarc.com\/en\/producto\/empacadora-empaquetadora-llenadora-de-bolsas-dosificadora-para-polvo-lentejas-legumbres%f0%9f%a5%9c\/#breadcrumb","itemListElement":[{"@type":"ListItem","position":1,"name":"Portada","item":"https:\/\/www.distribucionarc.com\/"},{"@type":"ListItem","position":2,"name":"\u00dcr\u00fcnler","item":"https:\/\/www.distribucionarc.com\/tr\/magaza\/"},{"@type":"ListItem","position":3,"name":"Empacadora, Empaquetadora, Llenadora de Bolsas, Dosificadora para Polvo, Lentejas, Legumbres?"}]},{"@type":"WebSite","@id":"https:\/\/www.distribucionarc.com\/sl\/#website","url":"https:\/\/www.distribucionarc.com\/sl\/","name":"ARC distrib\u00facia","description":"Spolo\u010dnos\u0165 sa \u0161pecializuje na v\u00fdrobu a distrib\u00faciu priemyseln\u00fdch strojov, strojov na uzatv\u00e1ranie plechoviek, strojov na v\u00fdrobu tabliet, strojov na porciovanie m\u00e4sa...","publisher":{"@id":"https:\/\/www.distribucionarc.com\/sl\/#organization"},"potentialAction":[{"@type":"SearchAction","target":{"@type":"EntryPoint","urlTemplate":"https:\/\/www.distribucionarc.com\/sl\/?s={search_term_string}"},"query-input":{"@type":"PropertyValueSpecification","valueRequired":true,"valueName":"search_term_string"}}],"inLanguage":"sk-SK"},{"@type":"Organization","@id":"https:\/\/www.distribucionarc.com\/sl\/#organization","name":"Distrib\u00facia ARC","url":"https:\/\/www.distribucionarc.com\/sl\/","logo":{"@type":"ImageObject","inLanguage":"sk-SK","@id":"https:\/\/www.distribucionarc.com\/sl\/#\/schema\/logo\/image\/","url":"https:\/\/distribucionarc.com\/wp-content\/uploads\/2024\/10\/distribucion-ARC-COLOR-SIN-FONDO-e1732295305345.png","contentUrl":"https:\/\/distribucionarc.com\/wp-content\/uploads\/2024\/10\/distribucion-ARC-COLOR-SIN-FONDO-e1732295305345.png","width":1164,"height":558,"caption":"Distribuci\u00f3n ARC"},"image":{"@id":"https:\/\/www.distribucionarc.com\/sl\/#\/schema\/logo\/image\/"},"description":"Spolo\u010dnos\u0165 \u0161pecializuj\u00faca sa na v\u00fdrobu a distrib\u00faciu priemyseln\u00fdch strojov pre potravin\u00e1rsky a farmaceutick\u00fd sektor. \u0160pecializujeme sa na: Stroje na kr\u00e1janie m\u00e4sa V\u00fdroba tabliet Priemyseln\u00e9 dopravn\u00e9 syst\u00e9my D\u00e1vkova\u010de na f\u013ea\u0161e A ove\u013ea viac... Pon\u00fakame inovat\u00edvne a prisp\u00f4soben\u00e9 rie\u0161enia na optimaliz\u00e1ciu v\u00fdrobn\u00fdch procesov va\u0161ej spolo\u010dnosti.","email":"Admistracion@distribucionarc.com","telephone":"+34 643496664","legalName":"ARC TECH SOLUTIONS","foundingDate":"2024-04-09","vatID":"B55480172","numberOfEmployees":{"@type":"QuantitativeValue","minValue":"1","maxValue":"10"}}]}},"_links":{"self":[{"href":"https:\/\/distribucionarc.com\/sk\/wp-json\/wp\/v2\/product\/450","targetHints":{"allow":["GET"]}}],"collection":[{"href":"https:\/\/distribucionarc.com\/sk\/wp-json\/wp\/v2\/product"}],"about":[{"href":"https:\/\/distribucionarc.com\/sk\/wp-json\/wp\/v2\/types\/product"}],"replies":[{"embeddable":true,"href":"https:\/\/distribucionarc.com\/sk\/wp-json\/wp\/v2\/comments?post=450"}],"version-history":[{"count":0,"href":"https:\/\/distribucionarc.com\/sk\/wp-json\/wp\/v2\/product\/450\/revisions"}],"wp:featuredmedia":[{"embeddable":true,"href":"https:\/\/distribucionarc.com\/sk\/wp-json\/wp\/v2\/media\/458"}],"wp:attachment":[{"href":"https:\/\/distribucionarc.com\/sk\/wp-json\/wp\/v2\/media?parent=450"}],"wp:term":[{"taxonomy":"product_brand","embeddable":true,"href":"https:\/\/distribucionarc.com\/sk\/wp-json\/wp\/v2\/product_brand?post=450"},{"taxonomy":"product_cat","embeddable":true,"href":"https:\/\/distribucionarc.com\/sk\/wp-json\/wp\/v2\/product_cat?post=450"},{"taxonomy":"product_tag","embeddable":true,"href":"https:\/\/distribucionarc.com\/sk\/wp-json\/wp\/v2\/product_tag?post=450"}],"curies":[{"name":"pracovn\u00fd list","href":"https:\/\/api.w.org\/{rel}","templated":true}]}}