{"id":472,"date":"2020-04-19T14:01:14","date_gmt":"2020-04-19T14:01:14","guid":{"rendered":"https:\/\/distribucionarc.com\/?post_type=product&#038;p=472"},"modified":"2023-03-31T07:43:15","modified_gmt":"2023-03-31T07:43:15","slug":"elektricky-stroj-na-etiketovanie-flias-5%ef%b8%8f%e2%83%a30%ef%b8%8f%e2%83%a3-etikety-za-minutu-%f0%9f3tp3ta71tp","status":"publish","type":"product","link":"https:\/\/distribucionarc.com\/sk\/producto\/maquina-etiquetadora-de-botellas-electrica-5%ef%b8%8f%e2%83%a30%ef%b8%8f%e2%83%a3-etiquetas-por-minuto-%f0%9f%a7%b4\/","title":{"rendered":"Elektrick\u00fd stroj na etiketovanie flia\u0161 5\ufe0f\u20e30\ufe0f\u20e3 \u0161t\u00edtkov za min\u00fatu?"},"content":{"rendered":"<h2>Elektrick\u00fd stroj na etiketovanie flia\u0161 5\ufe0f\u20e30\ufe0f\u20e3 \u0161t\u00edtkov za min\u00fatu?<strong>\u00a0<\/strong><\/h2>\n<p>&nbsp;<\/p>\n<p>Poloautomatick\u00fd stroj vhodn\u00fd pre r\u00f4zne ve\u013ekosti lepiacich etikiet, ako aj pre v\u0161etky typy okr\u00fahlych flia\u0161 M\u00e1 tie\u017e vysok\u00fa presnos\u0165 a vysok\u00fa r\u00fdchlos\u0165 pre automatick\u00e9 d\u00e1vkovanie a etiketovanie. M\u00f4\u017ee by\u0165 pou\u017eit\u00fd na PET f\u013ea\u0161e, plastov\u00e9 f\u013ea\u0161e, sklenen\u00e9 f\u013ea\u0161e, kovov\u00e9 f\u013ea\u0161e at\u010f.<\/p>\n<ul class=\"_1V4Ij\" data-hook=\"collapse-info-section\">\n<li class=\"_2knBS undefined\" data-hook=\"collapse-info-item\">\n<div class=\"rah-static rah-static--height-auto\" aria-hidden=\"false\">\n<div>\n<div class=\"_1yvxJ cell\">\n<div class=\"WncCi\" data-hook=\"info-section-description\">\n<ul>\n<li>Vhodn\u00e9 na ozna\u010dovanie okr\u00fahlych flia\u0161 r\u00f4znych ve\u013ekost\u00ed.<\/li>\n<li>Nastavite\u013en\u00e9 ozna\u010dovanie pod\u013ea potrieb obrobku.<\/li>\n<li>\u00da\u010dinnos\u0165 ozna\u010dovania je ve\u013emi vysok\u00e1.<\/li>\n<li>F\u013ea\u0161u sta\u010d\u00ed ru\u010dne vlo\u017ei\u0165 do po\u017eadovanej orient\u00e1cie a stla\u010di\u0165.<\/li>\n<li>Dokonal\u00e9 ozna\u010dovanie, bez z\u00e1hybov, vr\u00e1sok alebo bubl\u00edn, zvy\u0161uj\u00face konkurencieschopnos\u0165 produktu.<\/li>\n<li>Senzory a elektronick\u00e9 komponenty s\u00fa riaden\u00e9 PLC, v\u010faka \u010domu je v\u00fdkon stabilnej\u0161\u00ed.<\/li>\n<li>\u00dadr\u017eba a opravy s\u00fa n\u00edzke n\u00e1klady.<\/li>\n<li>Pou\u017e\u00edva sa ve\u013emi jednoducho.<\/li>\n<\/ul>\n<\/div>\n<\/div>\n<\/div>\n<\/div>\n<\/li>\n<li class=\"_2knBS\" data-hook=\"collapse-info-item\">\n<h3 class=\"s8gg2 _2UIKs\" data-hook=\"info-section-title\">\u0161pecifik\u00e1cie:<\/h3>\n<\/li>\n<li>Nap\u00e4tie: 220V<\/li>\n<li>V\u00fdkon motora: 120W<\/li>\n<li>Priemer flia\u0161 od: 15 do 120 mm.<\/li>\n<li>Maxim\u00e1lny vonkaj\u0161\u00ed priemer cievky: 275 mm.<\/li>\n<li>Vn\u00fatorn\u00fd priemer rolky: 75 mm.<\/li>\n<li>Minim\u00e1lna ve\u013ekos\u0165 \u0161t\u00edtku: 26 mm (\u0161\u00edrka) x 25 mm (d\u013a\u017eka)<\/li>\n<li>Maxim\u00e1lna ve\u013ekos\u0165 \u0161t\u00edtku: 150 mm (\u0161\u00edrka) x 180 mm (d\u013a\u017eka)<\/li>\n<li>R\u00fdchlos\u0165 ozna\u010dovania: 20 a\u017e 40 flia\u0161\/min.<\/li>\n<li>Presnos\u0165: +\/- 0,5 mm.<\/li>\n<\/ul>\n<h3>V tomto videu m\u00f4\u017eete vidie\u0165 mont\u00e1\u017e stroja na etiketovanie flia\u0161. M\u00f4\u017eeme ho vidie\u0165 aj v prev\u00e1dzke?<\/h3>\n<p><iframe loading=\"lazy\" src=\"https:\/\/www.youtube.com\/embed\/_gJQm-YM1Cc\" width=\"560\" height=\"315\" frameborder=\"0\" allowfullscreen=\"allowfullscreen\"><\/iframe><\/p>","protected":false},"excerpt":{"rendered":"<p>stroj na etiketovanie flia\u0161<\/p>\n<p>T\u00fdmto strojom m\u00f4\u017eeme ozna\u010dova\u0165 r\u00f4zne typy flia\u0161, m\u00f4\u017eu by\u0165 hlin\u00edkov\u00e9, sklenen\u00e9 alebo plastov\u00e9.<\/p>\n<p>Ve\u013ekos\u0165 f\u013ea\u0161e (d\u013a\u017eka) maxim\u00e1lne 15 mm \u2796 120 mm<\/p>\n<p>Na v\u0161etky na\u0161e stroje sa vz\u0165ahuje 2\ufe0f\u20e3 ro\u010dn\u00e1 z\u00e1ruka.<\/p>\n<p>Technick\u00e1 podpora v pr\u00edpade poruchy.<\/p>","protected":false},"featured_media":483,"comment_status":"open","ping_status":"closed","template":"","meta":{"wds_primary_product_brand":0,"wds_primary_product_cat":0},"product_brand":[],"product_cat":[44],"product_tag":[],"class_list":{"0":"post-472","1":"product","2":"type-product","3":"status-publish","4":"has-post-thumbnail","6":"product_cat-etiquetadoras-de-botellas","8":"first","9":"instock","10":"taxable","11":"shipping-taxable","12":"purchasable","13":"product-type-simple"},"yoast_head":"<!-- This site is optimized with the Yoast SEO Premium plugin v24.9 (Yoast SEO v26.1) - https:\/\/yoast.com\/wordpress\/plugins\/seo\/ -->\n<title>M\u00e1quina Etiquetadora de Botellas El\u00e9ctrica 5\ufe0f\u20e30\ufe0f\u20e3 Etiquetas por Minuto ? - distribuci\u00f3n ARC<\/title>\n<meta name=\"robots\" content=\"index, follow, max-snippet:-1, max-image-preview:large, max-video-preview:-1\" \/>\n<link rel=\"canonical\" href=\"https:\/\/distribucionarc.com\/sk\/produktov\/elektricky-stroj-na-etiketovanie-flias-5\ufe0f\u20e30\ufe0f\u20e3-etikety-za-minutu-?3tp3ta71tp\/\" \/>\n<meta property=\"og:locale\" content=\"sk_SK\" \/>\n<meta property=\"og:type\" content=\"article\" \/>\n<meta property=\"og:title\" content=\"M\u00e1quina Etiquetadora de Botellas El\u00e9ctrica 5\ufe0f\u20e30\ufe0f\u20e3 Etiquetas por Minuto ?\" \/>\n<meta property=\"og:description\" content=\"M\u00e1quina etiquetadora de botellas  Con \u00e9sta m\u00e1quina podemos etiquetar diferentes tipos de botellas pueden ser de aluminio,cristal o pl\u00e1stico.  Tama\u00f1o de la botella (largo) maximo 15mm\u2796120mm  Toda nuestra maquinaria tiene garant\u00eda de 2\ufe0f\u20e3 a\u00f1os.  Soporte t\u00e9cnico en caso de aver\u00eda.\" \/>\n<meta property=\"og:url\" content=\"\" \/>\n<meta property=\"og:site_name\" content=\"distribuci\u00f3n ARC\" \/>\n<meta property=\"article:modified_time\" content=\"2023-03-31T07:43:15+00:00\" \/>\n<meta property=\"og:image\" content=\"https:\/\/distribucionarc.com\/wp-content\/uploads\/2020\/04\/etiquetadora_de_botellas_plastico_cristal_aluminio_0.jpg\" \/>\n\t<meta property=\"og:image:width\" content=\"1001\" \/>\n\t<meta property=\"og:image:height\" content=\"1001\" \/>\n\t<meta property=\"og:image:type\" content=\"image\/jpeg\" \/>\n<meta name=\"twitter:card\" content=\"summary_large_image\" \/>\n<meta name=\"twitter:label1\" content=\"Predpokladan\u00fd \u010das \u010d\u00edtania\" \/>\n\t<meta name=\"twitter:data1\" content=\"1 min\u00fata\" \/>\n<script type=\"application\/ld+json\" class=\"yoast-schema-graph\">{\"@context\":\"https:\/\/schema.org\",\"@graph\":[{\"@type\":\"WebPage\",\"@id\":\"https:\/\/distribucionarc.com\/producto\/maquina-etiquetadora-de-botellas-electrica-5%ef%b8%8f%e2%83%a30%ef%b8%8f%e2%83%a3-etiquetas-por-minuto-%f0%9f%a7%b4\/\",\"url\":\"https:\/\/distribucionarc.com\/producto\/maquina-etiquetadora-de-botellas-electrica-5%ef%b8%8f%e2%83%a30%ef%b8%8f%e2%83%a3-etiquetas-por-minuto-%f0%9f%a7%b4\/\",\"name\":\"M\u00e1quina Etiquetadora de Botellas El\u00e9ctrica 5\ufe0f\u20e30\ufe0f\u20e3 Etiquetas por Minuto ? - distribuci\u00f3n ARC\",\"isPartOf\":{\"@id\":\"https:\/\/www.distribucionarc.com\/sl\/#website\"},\"primaryImageOfPage\":{\"@id\":\"https:\/\/distribucionarc.com\/producto\/maquina-etiquetadora-de-botellas-electrica-5%ef%b8%8f%e2%83%a30%ef%b8%8f%e2%83%a3-etiquetas-por-minuto-%f0%9f%a7%b4\/#primaryimage\"},\"image\":{\"@id\":\"https:\/\/distribucionarc.com\/producto\/maquina-etiquetadora-de-botellas-electrica-5%ef%b8%8f%e2%83%a30%ef%b8%8f%e2%83%a3-etiquetas-por-minuto-%f0%9f%a7%b4\/#primaryimage\"},\"thumbnailUrl\":\"https:\/\/distribucionarc.com\/wp-content\/uploads\/2020\/04\/etiquetadora_de_botellas_plastico_cristal_aluminio_0.jpg\",\"datePublished\":\"2020-04-19T14:01:14+00:00\",\"dateModified\":\"2023-03-31T07:43:15+00:00\",\"breadcrumb\":{\"@id\":\"https:\/\/distribucionarc.com\/producto\/maquina-etiquetadora-de-botellas-electrica-5%ef%b8%8f%e2%83%a30%ef%b8%8f%e2%83%a3-etiquetas-por-minuto-%f0%9f%a7%b4\/#breadcrumb\"},\"inLanguage\":\"sk-SK\",\"potentialAction\":[{\"@type\":\"ReadAction\",\"target\":[\"https:\/\/distribucionarc.com\/producto\/maquina-etiquetadora-de-botellas-electrica-5%ef%b8%8f%e2%83%a30%ef%b8%8f%e2%83%a3-etiquetas-por-minuto-%f0%9f%a7%b4\/\"]}]},{\"@type\":\"ImageObject\",\"inLanguage\":\"sk-SK\",\"@id\":\"https:\/\/distribucionarc.com\/producto\/maquina-etiquetadora-de-botellas-electrica-5%ef%b8%8f%e2%83%a30%ef%b8%8f%e2%83%a3-etiquetas-por-minuto-%f0%9f%a7%b4\/#primaryimage\",\"url\":\"https:\/\/distribucionarc.com\/wp-content\/uploads\/2020\/04\/etiquetadora_de_botellas_plastico_cristal_aluminio_0.jpg\",\"contentUrl\":\"https:\/\/distribucionarc.com\/wp-content\/uploads\/2020\/04\/etiquetadora_de_botellas_plastico_cristal_aluminio_0.jpg\",\"width\":1001,\"height\":1001},{\"@type\":\"BreadcrumbList\",\"@id\":\"https:\/\/distribucionarc.com\/producto\/maquina-etiquetadora-de-botellas-electrica-5%ef%b8%8f%e2%83%a30%ef%b8%8f%e2%83%a3-etiquetas-por-minuto-%f0%9f%a7%b4\/#breadcrumb\",\"itemListElement\":[{\"@type\":\"ListItem\",\"position\":1,\"name\":\"Portada\",\"item\":\"https:\/\/www.distribucionarc.com\/\"},{\"@type\":\"ListItem\",\"position\":2,\"name\":\"\u00dcr\u00fcnler\",\"item\":\"https:\/\/www.distribucionarc.com\/tr\/magaza\/\"},{\"@type\":\"ListItem\",\"position\":3,\"name\":\"M\u00e1quina Etiquetadora de Botellas El\u00e9ctrica 5\ufe0f\u20e30\ufe0f\u20e3 Etiquetas por Minuto ?\"}]},{\"@type\":\"WebSite\",\"@id\":\"https:\/\/www.distribucionarc.com\/sl\/#website\",\"url\":\"https:\/\/www.distribucionarc.com\/sl\/\",\"name\":\"distribuci\u00f3n ARC\",\"description\":\"Empresa especializada en la fabricaci\u00f3n y distribuci\u00f3n de maquinaria industrial, selladoras de latas, Maquinas de hacer pastillas, Maquinas de cortar carne...\",\"publisher\":{\"@id\":\"https:\/\/www.distribucionarc.com\/sl\/#organization\"},\"potentialAction\":[{\"@type\":\"SearchAction\",\"target\":{\"@type\":\"EntryPoint\",\"urlTemplate\":\"https:\/\/www.distribucionarc.com\/sl\/?s={search_term_string}\"},\"query-input\":{\"@type\":\"PropertyValueSpecification\",\"valueRequired\":true,\"valueName\":\"search_term_string\"}}],\"inLanguage\":\"sk-SK\"},{\"@type\":\"Organization\",\"@id\":\"https:\/\/www.distribucionarc.com\/sl\/#organization\",\"name\":\"Distribuci\u00f3n ARC\",\"url\":\"https:\/\/www.distribucionarc.com\/sl\/\",\"logo\":{\"@type\":\"ImageObject\",\"inLanguage\":\"sk-SK\",\"@id\":\"https:\/\/www.distribucionarc.com\/sl\/#\/schema\/logo\/image\/\",\"url\":\"https:\/\/distribucionarc.com\/wp-content\/uploads\/2024\/10\/distribucion-ARC-COLOR-SIN-FONDO-e1732295305345.png\",\"contentUrl\":\"https:\/\/distribucionarc.com\/wp-content\/uploads\/2024\/10\/distribucion-ARC-COLOR-SIN-FONDO-e1732295305345.png\",\"width\":1164,\"height\":558,\"caption\":\"Distribuci\u00f3n ARC\"},\"image\":{\"@id\":\"https:\/\/www.distribucionarc.com\/sl\/#\/schema\/logo\/image\/\"},\"description\":\"Empresa especializada en la fabricaci\u00f3n y distribuci\u00f3n de maquinaria industrial para los sectores alimentario y farmac\u00e9utico. Nos especializamos en: M\u00e1quinas de cortar carne Fabricaci\u00f3n de comprimidos Sistemas de transporte industrial L\u00edneas de embotellado Dosificadores Y mucho m\u00e1s... Ofrecemos soluciones innovadoras y personalizadas para optimizar los procesos productivos de tu empresa.\",\"email\":\"Admistracion@distribucionarc.com\",\"telephone\":\"+34 643496664\",\"legalName\":\"ARC TECH SOLUTIONS\",\"foundingDate\":\"2024-04-09\",\"vatID\":\"B55480172\",\"numberOfEmployees\":{\"@type\":\"QuantitativeValue\",\"minValue\":\"1\",\"maxValue\":\"10\"}}]}<\/script>\n<!-- \/ Yoast SEO Premium plugin. -->","yoast_head_json":{"title":"Elektrick\u00fd stroj na etiketovanie flia\u0161 5\ufe0f\u20e30\ufe0f\u20e3 \u0161t\u00edtkov za min\u00fatu? - ARC rozvod","robots":{"index":"index","follow":"follow","max-snippet":"max-snippet:-1","max-image-preview":"max-image-preview:large","max-video-preview":"max-video-preview:-1"},"canonical":"https:\/\/distribucionarc.com\/sk\/produktov\/elektricky-stroj-na-etiketovanie-flias-5\ufe0f\u20e30\ufe0f\u20e3-etikety-za-minutu-?3tp3ta71tp\/","og_locale":"sk_SK","og_type":"article","og_title":"M\u00e1quina Etiquetadora de Botellas El\u00e9ctrica 5\ufe0f\u20e30\ufe0f\u20e3 Etiquetas por Minuto ?","og_description":"M\u00e1quina etiquetadora de botellas  Con \u00e9sta m\u00e1quina podemos etiquetar diferentes tipos de botellas pueden ser de aluminio,cristal o pl\u00e1stico.  Tama\u00f1o de la botella (largo) maximo 15mm\u2796120mm  Toda nuestra maquinaria tiene garant\u00eda de 2\ufe0f\u20e3 a\u00f1os.  Soporte t\u00e9cnico en caso de aver\u00eda.","og_url":"https:\/\/distribucionarc.com\/sk\/produktov\/elektricky-stroj-na-etiketovanie-flias-5\ufe0f\u20e30\ufe0f\u20e3-etikety-za-minutu-?3tp3ta71tp\/","og_site_name":"distribuci\u00f3n ARC","article_modified_time":"2023-03-31T07:43:15+00:00","og_image":[{"width":1001,"height":1001,"url":"https:\/\/distribucionarc.com\/wp-content\/uploads\/2020\/04\/etiquetadora_de_botellas_plastico_cristal_aluminio_0.jpg","type":"image\/jpeg"}],"twitter_card":"summary_large_image","twitter_misc":{"Predpokladan\u00fd \u010das \u010d\u00edtania":"1 min\u00fata"},"schema":{"@context":"https:\/\/schema.org","@graph":[{"@type":"WebPage","@id":"https:\/\/distribucionarc.com\/producto\/maquina-etiquetadora-de-botellas-electrica-5%ef%b8%8f%e2%83%a30%ef%b8%8f%e2%83%a3-etiquetas-por-minuto-%f0%9f%a7%b4\/","url":"https:\/\/distribucionarc.com\/producto\/maquina-etiquetadora-de-botellas-electrica-5%ef%b8%8f%e2%83%a30%ef%b8%8f%e2%83%a3-etiquetas-por-minuto-%f0%9f%a7%b4\/","name":"Elektrick\u00fd stroj na etiketovanie flia\u0161 5\ufe0f\u20e30\ufe0f\u20e3 \u0161t\u00edtkov za min\u00fatu? - ARC rozvod","isPartOf":{"@id":"https:\/\/www.distribucionarc.com\/sl\/#website"},"primaryImageOfPage":{"@id":"https:\/\/distribucionarc.com\/producto\/maquina-etiquetadora-de-botellas-electrica-5%ef%b8%8f%e2%83%a30%ef%b8%8f%e2%83%a3-etiquetas-por-minuto-%f0%9f%a7%b4\/#primaryimage"},"image":{"@id":"https:\/\/distribucionarc.com\/producto\/maquina-etiquetadora-de-botellas-electrica-5%ef%b8%8f%e2%83%a30%ef%b8%8f%e2%83%a3-etiquetas-por-minuto-%f0%9f%a7%b4\/#primaryimage"},"thumbnailUrl":"https:\/\/distribucionarc.com\/wp-content\/uploads\/2020\/04\/etiquetadora_de_botellas_plastico_cristal_aluminio_0.jpg","datePublished":"2020-04-19T14:01:14+00:00","dateModified":"2023-03-31T07:43:15+00:00","breadcrumb":{"@id":"https:\/\/distribucionarc.com\/producto\/maquina-etiquetadora-de-botellas-electrica-5%ef%b8%8f%e2%83%a30%ef%b8%8f%e2%83%a3-etiquetas-por-minuto-%f0%9f%a7%b4\/#breadcrumb"},"inLanguage":"sk-SK","potentialAction":[{"@type":"ReadAction","target":["https:\/\/distribucionarc.com\/producto\/maquina-etiquetadora-de-botellas-electrica-5%ef%b8%8f%e2%83%a30%ef%b8%8f%e2%83%a3-etiquetas-por-minuto-%f0%9f%a7%b4\/"]}]},{"@type":"ImageObject","inLanguage":"sk-SK","@id":"https:\/\/distribucionarc.com\/producto\/maquina-etiquetadora-de-botellas-electrica-5%ef%b8%8f%e2%83%a30%ef%b8%8f%e2%83%a3-etiquetas-por-minuto-%f0%9f%a7%b4\/#primaryimage","url":"https:\/\/distribucionarc.com\/wp-content\/uploads\/2020\/04\/etiquetadora_de_botellas_plastico_cristal_aluminio_0.jpg","contentUrl":"https:\/\/distribucionarc.com\/wp-content\/uploads\/2020\/04\/etiquetadora_de_botellas_plastico_cristal_aluminio_0.jpg","width":1001,"height":1001},{"@type":"BreadcrumbList","@id":"https:\/\/distribucionarc.com\/producto\/maquina-etiquetadora-de-botellas-electrica-5%ef%b8%8f%e2%83%a30%ef%b8%8f%e2%83%a3-etiquetas-por-minuto-%f0%9f%a7%b4\/#breadcrumb","itemListElement":[{"@type":"ListItem","position":1,"name":"Portada","item":"https:\/\/www.distribucionarc.com\/"},{"@type":"ListItem","position":2,"name":"\u00dcr\u00fcnler","item":"https:\/\/www.distribucionarc.com\/tr\/magaza\/"},{"@type":"ListItem","position":3,"name":"M\u00e1quina Etiquetadora de Botellas El\u00e9ctrica 5\ufe0f\u20e30\ufe0f\u20e3 Etiquetas por Minuto ?"}]},{"@type":"WebSite","@id":"https:\/\/www.distribucionarc.com\/sl\/#website","url":"https:\/\/www.distribucionarc.com\/sl\/","name":"ARC distrib\u00facia","description":"Spolo\u010dnos\u0165 sa \u0161pecializuje na v\u00fdrobu a distrib\u00faciu priemyseln\u00fdch strojov, strojov na uzatv\u00e1ranie plechoviek, strojov na v\u00fdrobu tabliet, strojov na porciovanie m\u00e4sa...","publisher":{"@id":"https:\/\/www.distribucionarc.com\/sl\/#organization"},"potentialAction":[{"@type":"SearchAction","target":{"@type":"EntryPoint","urlTemplate":"https:\/\/www.distribucionarc.com\/sl\/?s={search_term_string}"},"query-input":{"@type":"PropertyValueSpecification","valueRequired":true,"valueName":"search_term_string"}}],"inLanguage":"sk-SK"},{"@type":"Organization","@id":"https:\/\/www.distribucionarc.com\/sl\/#organization","name":"Distrib\u00facia ARC","url":"https:\/\/www.distribucionarc.com\/sl\/","logo":{"@type":"ImageObject","inLanguage":"sk-SK","@id":"https:\/\/www.distribucionarc.com\/sl\/#\/schema\/logo\/image\/","url":"https:\/\/distribucionarc.com\/wp-content\/uploads\/2024\/10\/distribucion-ARC-COLOR-SIN-FONDO-e1732295305345.png","contentUrl":"https:\/\/distribucionarc.com\/wp-content\/uploads\/2024\/10\/distribucion-ARC-COLOR-SIN-FONDO-e1732295305345.png","width":1164,"height":558,"caption":"Distribuci\u00f3n ARC"},"image":{"@id":"https:\/\/www.distribucionarc.com\/sl\/#\/schema\/logo\/image\/"},"description":"Spolo\u010dnos\u0165 \u0161pecializuj\u00faca sa na v\u00fdrobu a distrib\u00faciu priemyseln\u00fdch strojov pre potravin\u00e1rsky a farmaceutick\u00fd sektor. \u0160pecializujeme sa na: Stroje na kr\u00e1janie m\u00e4sa V\u00fdroba tabliet Priemyseln\u00e9 dopravn\u00e9 syst\u00e9my D\u00e1vkova\u010de na f\u013ea\u0161e A ove\u013ea viac... Pon\u00fakame inovat\u00edvne a prisp\u00f4soben\u00e9 rie\u0161enia na optimaliz\u00e1ciu v\u00fdrobn\u00fdch procesov va\u0161ej spolo\u010dnosti.","email":"Admistracion@distribucionarc.com","telephone":"+34 643496664","legalName":"ARC TECH SOLUTIONS","foundingDate":"2024-04-09","vatID":"B55480172","numberOfEmployees":{"@type":"QuantitativeValue","minValue":"1","maxValue":"10"}}]}},"_links":{"self":[{"href":"https:\/\/distribucionarc.com\/sk\/wp-json\/wp\/v2\/product\/472","targetHints":{"allow":["GET"]}}],"collection":[{"href":"https:\/\/distribucionarc.com\/sk\/wp-json\/wp\/v2\/product"}],"about":[{"href":"https:\/\/distribucionarc.com\/sk\/wp-json\/wp\/v2\/types\/product"}],"replies":[{"embeddable":true,"href":"https:\/\/distribucionarc.com\/sk\/wp-json\/wp\/v2\/comments?post=472"}],"version-history":[{"count":0,"href":"https:\/\/distribucionarc.com\/sk\/wp-json\/wp\/v2\/product\/472\/revisions"}],"wp:featuredmedia":[{"embeddable":true,"href":"https:\/\/distribucionarc.com\/sk\/wp-json\/wp\/v2\/media\/483"}],"wp:attachment":[{"href":"https:\/\/distribucionarc.com\/sk\/wp-json\/wp\/v2\/media?parent=472"}],"wp:term":[{"taxonomy":"product_brand","embeddable":true,"href":"https:\/\/distribucionarc.com\/sk\/wp-json\/wp\/v2\/product_brand?post=472"},{"taxonomy":"product_cat","embeddable":true,"href":"https:\/\/distribucionarc.com\/sk\/wp-json\/wp\/v2\/product_cat?post=472"},{"taxonomy":"product_tag","embeddable":true,"href":"https:\/\/distribucionarc.com\/sk\/wp-json\/wp\/v2\/product_tag?post=472"}],"curies":[{"name":"pracovn\u00fd list","href":"https:\/\/api.w.org\/{rel}","templated":true}]}}