{"id":4877,"date":"2022-10-23T21:25:08","date_gmt":"2022-10-23T21:25:08","guid":{"rendered":"https:\/\/distribucionarc.com\/?post_type=product&#038;p=4877"},"modified":"2023-03-30T15:26:19","modified_gmt":"2023-03-30T15:26:19","slug":"indukcny-tmel-na-hlinikovu-foliu","status":"publish","type":"product","link":"https:\/\/distribucionarc.com\/sk\/producto\/selladora-induccion-para-foil-de-aluminio\/","title":{"rendered":"induk\u010dn\u00fd tmel na hlin\u00edkov\u00fa f\u00f3liu"},"content":{"rendered":"<h2>Vysokor\u00fdchlostn\u00e1 induk\u010dn\u00e1 zv\u00e1ra\u010dka na hlin\u00edkov\u00fa f\u00f3liu<\/h2>\n<p>&nbsp;<\/p>\n<p>stroj, ktor\u00fd predl\u017euje \u017eivotnos\u0165 va\u0161ich produktov, zni\u017euje percento vr\u00e1tenia a udr\u017eiava produkt \u010derstv\u00fd, such\u00fd a bezpe\u010dn\u00fd.<\/p>\n<p>&nbsp;<\/p>\n<p><img loading=\"lazy\" decoding=\"async\" class=\"wp-image-4885 aligncenter\" src=\"https:\/\/distribucionarc.com\/wp-content\/uploads\/2022\/10\/selladora-induccion-para-foil-de-aluminio-300x300.jpg\" alt=\"\" width=\"335\" height=\"335\" srcset=\"https:\/\/distribucionarc.com\/wp-content\/uploads\/2022\/10\/selladora-induccion-para-foil-de-aluminio-300x300.jpg 300w, https:\/\/distribucionarc.com\/wp-content\/uploads\/2022\/10\/selladora-induccion-para-foil-de-aluminio-430x430.jpg 430w, https:\/\/distribucionarc.com\/wp-content\/uploads\/2022\/10\/selladora-induccion-para-foil-de-aluminio-150x150.jpg 150w, https:\/\/distribucionarc.com\/wp-content\/uploads\/2022\/10\/selladora-induccion-para-foil-de-aluminio-600x600.jpg 600w, https:\/\/distribucionarc.com\/wp-content\/uploads\/2022\/10\/selladora-induccion-para-foil-de-aluminio-12x12.jpg 12w, https:\/\/distribucionarc.com\/wp-content\/uploads\/2022\/10\/selladora-induccion-para-foil-de-aluminio-320x320.jpg 320w, https:\/\/distribucionarc.com\/wp-content\/uploads\/2022\/10\/selladora-induccion-para-foil-de-aluminio-100x100.jpg 100w, https:\/\/distribucionarc.com\/wp-content\/uploads\/2022\/10\/selladora-induccion-para-foil-de-aluminio.jpg 640w\" sizes=\"auto, (max-width: 335px) 100vw, 335px\" \/><\/p>\n<p>&nbsp;<\/p>\n<p><strong>Hlin\u00edkov\u00fd uz\u00e1ver<\/strong> \u010eal\u0161\u00ed krok vo v\u00fdrobnej linke ARC distribu\u010dn\u00e9ho l\u00eddra v priemyseln\u00fdch strojoch<\/p>\n<p>&nbsp;<\/p>\n<p><img loading=\"lazy\" decoding=\"async\" class=\"wp-image-4884 aligncenter\" src=\"https:\/\/distribucionarc.com\/wp-content\/uploads\/2022\/10\/selladora-de-tapones-300x300.jpg\" alt=\"\" width=\"335\" height=\"335\" srcset=\"https:\/\/distribucionarc.com\/wp-content\/uploads\/2022\/10\/selladora-de-tapones-300x300.jpg 300w, https:\/\/distribucionarc.com\/wp-content\/uploads\/2022\/10\/selladora-de-tapones-430x430.jpg 430w, https:\/\/distribucionarc.com\/wp-content\/uploads\/2022\/10\/selladora-de-tapones-150x150.jpg 150w, https:\/\/distribucionarc.com\/wp-content\/uploads\/2022\/10\/selladora-de-tapones-700x700.jpg 700w, https:\/\/distribucionarc.com\/wp-content\/uploads\/2022\/10\/selladora-de-tapones-768x768.jpg 768w, https:\/\/distribucionarc.com\/wp-content\/uploads\/2022\/10\/selladora-de-tapones-12x12.jpg 12w, https:\/\/distribucionarc.com\/wp-content\/uploads\/2022\/10\/selladora-de-tapones-320x320.jpg 320w, https:\/\/distribucionarc.com\/wp-content\/uploads\/2022\/10\/selladora-de-tapones-600x600.jpg 600w, https:\/\/distribucionarc.com\/wp-content\/uploads\/2022\/10\/selladora-de-tapones-100x100.jpg 100w, https:\/\/distribucionarc.com\/wp-content\/uploads\/2022\/10\/selladora-de-tapones.jpg 1000w\" sizes=\"auto, (max-width: 335px) 100vw, 335px\" \/><\/p>\n<p>&nbsp;<\/p>\n<p>&nbsp;<\/p>\n<p>Stroj <strong>induk\u010dn\u00e9 tesnenie <\/strong>Continuous vyu\u017e\u00edva elektromagnetick\u00fd princ\u00edp, vytv\u00e1ra okam\u017eit\u00e9 vysok\u00e9 teplo, ktor\u00e9 sa m\u00f4\u017ee roztavi\u0165 a utesni\u0165 a <strong>hlin\u00edkov\u00e1 f\u00f3lia <\/strong>na ob\u00e1lke a <strong>f\u013ea\u0161u<\/strong>.<\/p>\n<p>&nbsp;<\/p>\n<p><img loading=\"lazy\" decoding=\"async\" class=\"wp-image-4878 aligncenter\" src=\"https:\/\/distribucionarc.com\/wp-content\/uploads\/2022\/10\/sellado-por-induccion-300x289.jpg\" alt=\"\" width=\"334\" height=\"322\" srcset=\"https:\/\/distribucionarc.com\/wp-content\/uploads\/2022\/10\/sellado-por-induccion-300x289.jpg 300w, https:\/\/distribucionarc.com\/wp-content\/uploads\/2022\/10\/sellado-por-induccion-430x414.jpg 430w, https:\/\/distribucionarc.com\/wp-content\/uploads\/2022\/10\/sellado-por-induccion-150x144.jpg 150w, https:\/\/distribucionarc.com\/wp-content\/uploads\/2022\/10\/sellado-por-induccion-700x673.jpg 700w, https:\/\/distribucionarc.com\/wp-content\/uploads\/2022\/10\/sellado-por-induccion-768x739.jpg 768w, https:\/\/distribucionarc.com\/wp-content\/uploads\/2022\/10\/sellado-por-induccion-12x12.jpg 12w, https:\/\/distribucionarc.com\/wp-content\/uploads\/2022\/10\/sellado-por-induccion-600x577.jpg 600w, https:\/\/distribucionarc.com\/wp-content\/uploads\/2022\/10\/sellado-por-induccion.jpg 835w\" sizes=\"auto, (max-width: 334px) 100vw, 334px\" \/><\/p>\n<p><center><iframe loading=\"lazy\" title=\"Prehr\u00e1va\u010d videa YouTube\" src=\"https:\/\/www.youtube.com\/embed\/NkiiKp9Yi7M\" width=\"560\" height=\"315\" frameborder=\"0\" allowfullscreen=\"allowfullscreen\"><\/iframe><\/center>&nbsp;<\/p>\n<p>&nbsp;<\/p>\n<p>Typy flia\u0161, ktor\u00e9 m\u00f4\u017eete utesni\u0165<\/p>\n<ul>\n<li>sklo<\/li>\n<li>Plastov\u00e9\u2026<\/li>\n<li>Hlin\u00edkov\u00e1 f\u013ea\u0161a (tento stroj nie je vhodn\u00fd, kliknite sem, ak chcete vidie\u0165 uz\u00e1ver na kovov\u00e9 f\u013ea\u0161e)<\/li>\n<\/ul>\n<p>&nbsp;<\/p>\n<p>Technick\u00e9 vlastnosti:<\/p>\n<p>&nbsp;<\/p>\n<table width=\"435\">\n<tbody>\n<tr>\n<td>Model<\/td>\n<td width=\"277\">AR131800<\/td>\n<\/tr>\n<tr>\n<td>Nap\u00e4tie<\/td>\n<td width=\"277\">220V\/50Hz 110V\/60Hz<\/td>\n<\/tr>\n<tr>\n<td>energie<\/td>\n<td width=\"277\">1800 W<\/td>\n<\/tr>\n<tr>\n<td>Priemer tesnenia<\/td>\n<td width=\"277\">15-180 mm<\/td>\n<\/tr>\n<tr>\n<td>V\u00fd\u0161ka f\u013ea\u0161e<\/td>\n<td width=\"277\">50-320 mm<\/td>\n<\/tr>\n<tr>\n<td>D\u013a\u017eka p\u00e1sky<\/td>\n<td width=\"277\">1000 mm<\/td>\n<\/tr>\n<tr>\n<td>\u0160\u00edrka p\u00e1sky<\/td>\n<td width=\"277\">200 mm<\/td>\n<\/tr>\n<tr>\n<td>Maxim\u00e1lna z\u00e1\u0165a\u017e na p\u00e1s<\/td>\n<td width=\"277\">15 kg<\/td>\n<\/tr>\n<tr>\n<td>Prev\u00e1dzka<\/td>\n<td width=\"277\">Elektrick\u00e9<\/td>\n<\/tr>\n<tr>\n<td>Sp\u00f4sob chladenia<\/td>\n<td width=\"277\">vetranie<\/td>\n<\/tr>\n<tr>\n<td>maxim\u00e1lny pr\u00fad<\/td>\n<td width=\"277\">8,5A<\/td>\n<\/tr>\n<tr>\n<td>Pou\u017eite\u013en\u00e1 f\u013ea\u0161a<\/td>\n<td width=\"277\">Plastov\u00e1 f\u013ea\u0161a\/sklenen\u00e1 n\u00e1doba<\/td>\n<\/tr>\n<tr>\n<td>V\u00fdrobn\u00e1 kapacita<\/td>\n<td width=\"277\">\u2264 110 flia\u0161\/min<\/td>\n<\/tr>\n<tr>\n<td>Denn\u00e1 v\u00fdrobn\u00e1 kapacita<\/td>\n<td width=\"277\">\u2264 30 000 flia\u0161<\/td>\n<\/tr>\n<tr>\n<td>Ve\u013ekos\u0165 stroja<\/td>\n<td width=\"277\">1002 mm * 402 mm * 938 mm<\/td>\n<\/tr>\n<tr>\n<td>\u010cist\u00e1 hmotnos\u0165<\/td>\n<td width=\"277\">49 kg<\/td>\n<\/tr>\n<\/tbody>\n<\/table>\n<p>&nbsp;<\/p>\n<div style=\"width: 626px;\" class=\"wp-video\"><video class=\"wp-video-shortcode\" id=\"video-4877-1\" width=\"626\" height=\"360\" preload=\"metadata\" controls=\"controls\"><source type=\"video\/mp4\" src=\"https:\/\/distribucionarc.com\/wp-content\/uploads\/2022\/10\/selladora-de-tapones-lamina-de-aluminio.mp4?_=1\" \/><a href=\"https:\/\/distribucionarc.com\/wp-content\/uploads\/2022\/10\/selladora-de-tapones-lamina-de-aluminio.mp4\">https:\/\/distribucionarc.com\/wp-content\/uploads\/2022\/10\/selladora-de-tapones-lamina-de-aluminio.mp4<\/a><\/video><\/div>\n<p>&nbsp;<\/p>\n<p><strong>Tepelne induk\u010dn\u00fd tmel pre v\u00fdrobn\u00fa linku<\/strong> Tento stroj neobsahuje p\u00e1s a d\u00e1 sa ve\u013emi jednoducho prida\u0165 k u\u017e be\u017eiacej \u0161n\u00fare.<\/p>\n<p>&nbsp;<\/p>\n<p style=\"text-align: center;\">(pre viac inform\u00e1ci\u00ed kliknite na fotografiu)<\/p>\n<p><img loading=\"lazy\" decoding=\"async\" class=\"wp-image-4881 aligncenter\" src=\"https:\/\/distribucionarc.com\/wp-content\/uploads\/2022\/10\/Selladora-de-induccion-termica-para-linea-de-produccion-300x283.jpg\" alt=\"\" width=\"338\" height=\"319\" srcset=\"https:\/\/distribucionarc.com\/wp-content\/uploads\/2022\/10\/Selladora-de-induccion-termica-para-linea-de-produccion-300x283.jpg 300w, https:\/\/distribucionarc.com\/wp-content\/uploads\/2022\/10\/Selladora-de-induccion-termica-para-linea-de-produccion-430x406.jpg 430w, https:\/\/distribucionarc.com\/wp-content\/uploads\/2022\/10\/Selladora-de-induccion-termica-para-linea-de-produccion-150x142.jpg 150w, https:\/\/distribucionarc.com\/wp-content\/uploads\/2022\/10\/Selladora-de-induccion-termica-para-linea-de-produccion-700x661.jpg 700w, https:\/\/distribucionarc.com\/wp-content\/uploads\/2022\/10\/Selladora-de-induccion-termica-para-linea-de-produccion-768x725.jpg 768w, https:\/\/distribucionarc.com\/wp-content\/uploads\/2022\/10\/Selladora-de-induccion-termica-para-linea-de-produccion-13x12.jpg 13w, https:\/\/distribucionarc.com\/wp-content\/uploads\/2022\/10\/Selladora-de-induccion-termica-para-linea-de-produccion-600x567.jpg 600w, https:\/\/distribucionarc.com\/wp-content\/uploads\/2022\/10\/Selladora-de-induccion-termica-para-linea-de-produccion.jpg 883w\" sizes=\"auto, (max-width: 338px) 100vw, 338px\" \/><\/p>\n<p>&nbsp;<\/p>\n<p>&nbsp;<\/p>\n<p>Odpor\u00fa\u010dame tie\u017e <strong>ru\u010dn\u00e9 induk\u010dn\u00e9 tesnenie<\/strong> pre mal\u00e9 v\u00fdroby viac inform\u00e1ci\u00ed kliknite na fotografiu.<\/p>\n<p>&nbsp;<\/p>\n<p><a href=\"https:\/\/distribucionarc.com\/sk\/produktov\/tepelno-indukcny-zatavovaci-stroj-zatavovac-klobucikov\/\"><img loading=\"lazy\" decoding=\"async\" class=\"wp-image-4880 aligncenter\" src=\"https:\/\/distribucionarc.com\/wp-content\/uploads\/2022\/10\/selladora-de-induccion-manual-300x300.jpg\" alt=\"\" width=\"338\" height=\"338\" srcset=\"https:\/\/distribucionarc.com\/wp-content\/uploads\/2022\/10\/selladora-de-induccion-manual-300x300.jpg 300w, https:\/\/distribucionarc.com\/wp-content\/uploads\/2022\/10\/selladora-de-induccion-manual-430x430.jpg 430w, https:\/\/distribucionarc.com\/wp-content\/uploads\/2022\/10\/selladora-de-induccion-manual-150x150.jpg 150w, https:\/\/distribucionarc.com\/wp-content\/uploads\/2022\/10\/selladora-de-induccion-manual-700x700.jpg 700w, https:\/\/distribucionarc.com\/wp-content\/uploads\/2022\/10\/selladora-de-induccion-manual-768x768.jpg 768w, https:\/\/distribucionarc.com\/wp-content\/uploads\/2022\/10\/selladora-de-induccion-manual-12x12.jpg 12w, https:\/\/distribucionarc.com\/wp-content\/uploads\/2022\/10\/selladora-de-induccion-manual-320x320.jpg 320w, https:\/\/distribucionarc.com\/wp-content\/uploads\/2022\/10\/selladora-de-induccion-manual-600x600.jpg 600w, https:\/\/distribucionarc.com\/wp-content\/uploads\/2022\/10\/selladora-de-induccion-manual-100x100.jpg 100w, https:\/\/distribucionarc.com\/wp-content\/uploads\/2022\/10\/selladora-de-induccion-manual.jpg 800w\" sizes=\"auto, (max-width: 338px) 100vw, 338px\" \/><\/a><\/p>\n<p>&nbsp;<\/p>\n<p>&nbsp;<\/p>\n<p>ARC Distribution 2 roky vlastnej v\u00fdroby s kvalitn\u00fdmi dielmi.<\/p>\n<p>#spain #peru #mexico #paraguay #bol\u00edvia #argentina #ecuador #colombia #chile #united States<\/p>","protected":false},"excerpt":{"rendered":"<p><iframe loading=\"lazy\" title=\"Prehr\u00e1va\u010d videa YouTube\" src=\"https:\/\/www.youtube.com\/embed\/bTnwgS5ph8c\" width=\"560\" height=\"315\" frameborder=\"0\" allowfullscreen=\"allowfullscreen\"><\/iframe><\/p>","protected":false},"featured_media":4885,"comment_status":"open","ping_status":"closed","template":"","meta":{"wds_primary_product_brand":0,"wds_primary_product_cat":0},"product_brand":[],"product_cat":[45,28],"product_tag":[],"class_list":{"0":"post-4877","1":"product","2":"type-product","3":"status-publish","4":"has-post-thumbnail","6":"product_cat-selladoras-de-induccion","7":"product_cat-tapadoras","8":"product_shipping_class-express","10":"first","11":"instock","12":"taxable","13":"shipping-taxable","14":"purchasable","15":"product-type-simple"},"yoast_head":"<!-- This site is optimized with the Yoast SEO Premium plugin v24.9 (Yoast SEO v26.1) - https:\/\/yoast.com\/wordpress\/plugins\/seo\/ -->\n<title>selladora induccion para foil de aluminio - distribuci\u00f3n ARC<\/title>\n<meta name=\"robots\" content=\"index, follow, max-snippet:-1, max-image-preview:large, max-video-preview:-1\" \/>\n<link rel=\"canonical\" href=\"https:\/\/distribucionarc.com\/sk\/produktov\/indukcny-tmel-na-hlinikovu-foliu\/\" \/>\n<meta property=\"og:locale\" content=\"sk_SK\" \/>\n<meta property=\"og:type\" content=\"article\" \/>\n<meta property=\"og:title\" content=\"selladora induccion para foil de aluminio\" \/>\n<meta property=\"og:url\" content=\"https:\/\/distribucionarc.com\/sk\/produktov\/indukcny-tmel-na-hlinikovu-foliu\/\" \/>\n<meta property=\"og:site_name\" content=\"distribuci\u00f3n ARC\" \/>\n<meta property=\"article:modified_time\" content=\"2023-03-30T15:26:19+00:00\" \/>\n<meta property=\"og:image\" content=\"https:\/\/distribucionarc.com\/wp-content\/uploads\/2022\/10\/selladora-induccion-para-foil-de-aluminio.jpg\" \/>\n\t<meta property=\"og:image:width\" content=\"640\" \/>\n\t<meta property=\"og:image:height\" content=\"640\" \/>\n\t<meta property=\"og:image:type\" content=\"image\/jpeg\" \/>\n<meta name=\"twitter:card\" content=\"summary_large_image\" \/>\n<meta name=\"twitter:label1\" content=\"Predpokladan\u00fd \u010das \u010d\u00edtania\" \/>\n\t<meta name=\"twitter:data1\" content=\"2 min\u00faty\" \/>\n<script type=\"application\/ld+json\" class=\"yoast-schema-graph\">{\"@context\":\"https:\/\/schema.org\",\"@graph\":[{\"@type\":\"WebPage\",\"@id\":\"https:\/\/distribucionarc.com\/en\/producto\/selladora-induccion-para-foil-de-aluminio\/\",\"url\":\"https:\/\/distribucionarc.com\/en\/producto\/selladora-induccion-para-foil-de-aluminio\/\",\"name\":\"selladora induccion para foil de aluminio - distribuci\u00f3n ARC\",\"isPartOf\":{\"@id\":\"https:\/\/distribucionarc.com\/ro\/#website\"},\"primaryImageOfPage\":{\"@id\":\"https:\/\/distribucionarc.com\/en\/producto\/selladora-induccion-para-foil-de-aluminio\/#primaryimage\"},\"image\":{\"@id\":\"https:\/\/distribucionarc.com\/en\/producto\/selladora-induccion-para-foil-de-aluminio\/#primaryimage\"},\"thumbnailUrl\":\"https:\/\/distribucionarc.com\/wp-content\/uploads\/2022\/10\/selladora-induccion-para-foil-de-aluminio.jpg\",\"datePublished\":\"2022-10-23T21:25:08+00:00\",\"dateModified\":\"2023-03-30T15:26:19+00:00\",\"breadcrumb\":{\"@id\":\"https:\/\/distribucionarc.com\/en\/producto\/selladora-induccion-para-foil-de-aluminio\/#breadcrumb\"},\"inLanguage\":\"sk-SK\",\"potentialAction\":[{\"@type\":\"ReadAction\",\"target\":[\"https:\/\/distribucionarc.com\/en\/producto\/selladora-induccion-para-foil-de-aluminio\/\"]}]},{\"@type\":\"ImageObject\",\"inLanguage\":\"sk-SK\",\"@id\":\"https:\/\/distribucionarc.com\/en\/producto\/selladora-induccion-para-foil-de-aluminio\/#primaryimage\",\"url\":\"https:\/\/distribucionarc.com\/wp-content\/uploads\/2022\/10\/selladora-induccion-para-foil-de-aluminio.jpg\",\"contentUrl\":\"https:\/\/distribucionarc.com\/wp-content\/uploads\/2022\/10\/selladora-induccion-para-foil-de-aluminio.jpg\",\"width\":640,\"height\":640},{\"@type\":\"BreadcrumbList\",\"@id\":\"https:\/\/distribucionarc.com\/en\/producto\/selladora-induccion-para-foil-de-aluminio\/#breadcrumb\",\"itemListElement\":[{\"@type\":\"ListItem\",\"position\":1,\"name\":\"Portada\",\"item\":\"https:\/\/distribucionarc.com\/ar\/\"},{\"@type\":\"ListItem\",\"position\":2,\"name\":\"Proizvodi\",\"item\":\"https:\/\/www.distribucionarc.com\/hr\/ducan\/\"},{\"@type\":\"ListItem\",\"position\":3,\"name\":\"selladora induccion para foil de aluminio\"}]},{\"@type\":\"WebSite\",\"@id\":\"https:\/\/distribucionarc.com\/ro\/#website\",\"url\":\"https:\/\/distribucionarc.com\/ro\/\",\"name\":\"distribuci\u00f3n ARC\",\"description\":\"Empresa especializada en la fabricaci\u00f3n y distribuci\u00f3n de maquinaria industrial, selladoras de latas, Maquinas de hacer pastillas, Maquinas de cortar carne...\",\"publisher\":{\"@id\":\"https:\/\/distribucionarc.com\/ro\/#organization\"},\"potentialAction\":[{\"@type\":\"SearchAction\",\"target\":{\"@type\":\"EntryPoint\",\"urlTemplate\":\"https:\/\/distribucionarc.com\/ro\/?s={search_term_string}\"},\"query-input\":{\"@type\":\"PropertyValueSpecification\",\"valueRequired\":true,\"valueName\":\"search_term_string\"}}],\"inLanguage\":\"sk-SK\"},{\"@type\":\"Organization\",\"@id\":\"https:\/\/distribucionarc.com\/ro\/#organization\",\"name\":\"Distribuci\u00f3n ARC\",\"url\":\"https:\/\/distribucionarc.com\/ro\/\",\"logo\":{\"@type\":\"ImageObject\",\"inLanguage\":\"sk-SK\",\"@id\":\"https:\/\/distribucionarc.com\/ro\/#\/schema\/logo\/image\/\",\"url\":\"https:\/\/distribucionarc.com\/wp-content\/uploads\/2024\/10\/distribucion-ARC-COLOR-SIN-FONDO-e1732295305345.png\",\"contentUrl\":\"https:\/\/distribucionarc.com\/wp-content\/uploads\/2024\/10\/distribucion-ARC-COLOR-SIN-FONDO-e1732295305345.png\",\"width\":1164,\"height\":558,\"caption\":\"Distribuci\u00f3n ARC\"},\"image\":{\"@id\":\"https:\/\/distribucionarc.com\/ro\/#\/schema\/logo\/image\/\"},\"description\":\"Empresa especializada en la fabricaci\u00f3n y distribuci\u00f3n de maquinaria industrial para los sectores alimentario y farmac\u00e9utico. Nos especializamos en: M\u00e1quinas de cortar carne Fabricaci\u00f3n de comprimidos Sistemas de transporte industrial L\u00edneas de embotellado Dosificadores Y mucho m\u00e1s... Ofrecemos soluciones innovadoras y personalizadas para optimizar los procesos productivos de tu empresa.\",\"email\":\"Admistracion@distribucionarc.com\",\"telephone\":\"+34 643496664\",\"legalName\":\"ARC TECH SOLUTIONS\",\"foundingDate\":\"2024-04-09\",\"vatID\":\"B55480172\",\"numberOfEmployees\":{\"@type\":\"QuantitativeValue\",\"minValue\":\"1\",\"maxValue\":\"10\"}}]}<\/script>\n<!-- \/ Yoast SEO Premium plugin. -->","yoast_head_json":{"title":"Induk\u010dn\u00e1 zv\u00e1ra\u010dka na hlin\u00edkov\u00fa f\u00f3liu - ARC rozvod","robots":{"index":"index","follow":"follow","max-snippet":"max-snippet:-1","max-image-preview":"max-image-preview:large","max-video-preview":"max-video-preview:-1"},"canonical":"https:\/\/distribucionarc.com\/sk\/produktov\/indukcny-tmel-na-hlinikovu-foliu\/","og_locale":"sk_SK","og_type":"article","og_title":"selladora induccion para foil de aluminio","og_url":"https:\/\/distribucionarc.com\/sk\/produktov\/indukcny-tmel-na-hlinikovu-foliu\/","og_site_name":"distribuci\u00f3n ARC","article_modified_time":"2023-03-30T15:26:19+00:00","og_image":[{"width":640,"height":640,"url":"https:\/\/distribucionarc.com\/wp-content\/uploads\/2022\/10\/selladora-induccion-para-foil-de-aluminio.jpg","type":"image\/jpeg"}],"twitter_card":"summary_large_image","twitter_misc":{"Predpokladan\u00fd \u010das \u010d\u00edtania":"2 min\u00faty"},"schema":{"@context":"https:\/\/schema.org","@graph":[{"@type":"WebPage","@id":"https:\/\/distribucionarc.com\/en\/producto\/selladora-induccion-para-foil-de-aluminio\/","url":"https:\/\/distribucionarc.com\/en\/producto\/selladora-induccion-para-foil-de-aluminio\/","name":"Induk\u010dn\u00e1 zv\u00e1ra\u010dka na hlin\u00edkov\u00fa f\u00f3liu - ARC rozvod","isPartOf":{"@id":"https:\/\/distribucionarc.com\/ro\/#website"},"primaryImageOfPage":{"@id":"https:\/\/distribucionarc.com\/en\/producto\/selladora-induccion-para-foil-de-aluminio\/#primaryimage"},"image":{"@id":"https:\/\/distribucionarc.com\/en\/producto\/selladora-induccion-para-foil-de-aluminio\/#primaryimage"},"thumbnailUrl":"https:\/\/distribucionarc.com\/wp-content\/uploads\/2022\/10\/selladora-induccion-para-foil-de-aluminio.jpg","datePublished":"2022-10-23T21:25:08+00:00","dateModified":"2023-03-30T15:26:19+00:00","breadcrumb":{"@id":"https:\/\/distribucionarc.com\/en\/producto\/selladora-induccion-para-foil-de-aluminio\/#breadcrumb"},"inLanguage":"sk-SK","potentialAction":[{"@type":"ReadAction","target":["https:\/\/distribucionarc.com\/en\/producto\/selladora-induccion-para-foil-de-aluminio\/"]}]},{"@type":"ImageObject","inLanguage":"sk-SK","@id":"https:\/\/distribucionarc.com\/en\/producto\/selladora-induccion-para-foil-de-aluminio\/#primaryimage","url":"https:\/\/distribucionarc.com\/wp-content\/uploads\/2022\/10\/selladora-induccion-para-foil-de-aluminio.jpg","contentUrl":"https:\/\/distribucionarc.com\/wp-content\/uploads\/2022\/10\/selladora-induccion-para-foil-de-aluminio.jpg","width":640,"height":640},{"@type":"BreadcrumbList","@id":"https:\/\/distribucionarc.com\/en\/producto\/selladora-induccion-para-foil-de-aluminio\/#breadcrumb","itemListElement":[{"@type":"ListItem","position":1,"name":"Portada","item":"https:\/\/distribucionarc.com\/ar\/"},{"@type":"ListItem","position":2,"name":"Proizvodi","item":"https:\/\/www.distribucionarc.com\/hr\/ducan\/"},{"@type":"ListItem","position":3,"name":"selladora induccion para foil de aluminio"}]},{"@type":"WebSite","@id":"https:\/\/distribucionarc.com\/ro\/#website","url":"https:\/\/distribucionarc.com\/ro\/","name":"ARC distrib\u00facia","description":"Spolo\u010dnos\u0165 sa \u0161pecializuje na v\u00fdrobu a distrib\u00faciu priemyseln\u00fdch strojov, strojov na uzatv\u00e1ranie plechoviek, strojov na v\u00fdrobu tabliet, strojov na porciovanie m\u00e4sa...","publisher":{"@id":"https:\/\/distribucionarc.com\/ro\/#organization"},"potentialAction":[{"@type":"SearchAction","target":{"@type":"EntryPoint","urlTemplate":"https:\/\/distribucionarc.com\/ro\/?s={search_term_string}"},"query-input":{"@type":"PropertyValueSpecification","valueRequired":true,"valueName":"search_term_string"}}],"inLanguage":"sk-SK"},{"@type":"Organization","@id":"https:\/\/distribucionarc.com\/ro\/#organization","name":"Distrib\u00facia ARC","url":"https:\/\/distribucionarc.com\/ro\/","logo":{"@type":"ImageObject","inLanguage":"sk-SK","@id":"https:\/\/distribucionarc.com\/ro\/#\/schema\/logo\/image\/","url":"https:\/\/distribucionarc.com\/wp-content\/uploads\/2024\/10\/distribucion-ARC-COLOR-SIN-FONDO-e1732295305345.png","contentUrl":"https:\/\/distribucionarc.com\/wp-content\/uploads\/2024\/10\/distribucion-ARC-COLOR-SIN-FONDO-e1732295305345.png","width":1164,"height":558,"caption":"Distribuci\u00f3n ARC"},"image":{"@id":"https:\/\/distribucionarc.com\/ro\/#\/schema\/logo\/image\/"},"description":"Spolo\u010dnos\u0165 \u0161pecializuj\u00faca sa na v\u00fdrobu a distrib\u00faciu priemyseln\u00fdch strojov pre potravin\u00e1rsky a farmaceutick\u00fd sektor. \u0160pecializujeme sa na: Stroje na kr\u00e1janie m\u00e4sa V\u00fdroba tabliet Priemyseln\u00e9 dopravn\u00e9 syst\u00e9my D\u00e1vkova\u010de na f\u013ea\u0161e A ove\u013ea viac... Pon\u00fakame inovat\u00edvne a prisp\u00f4soben\u00e9 rie\u0161enia na optimaliz\u00e1ciu v\u00fdrobn\u00fdch procesov va\u0161ej spolo\u010dnosti.","email":"Admistracion@distribucionarc.com","telephone":"+34 643496664","legalName":"ARC TECH SOLUTIONS","foundingDate":"2024-04-09","vatID":"B55480172","numberOfEmployees":{"@type":"QuantitativeValue","minValue":"1","maxValue":"10"}}]}},"_links":{"self":[{"href":"https:\/\/distribucionarc.com\/sk\/wp-json\/wp\/v2\/product\/4877","targetHints":{"allow":["GET"]}}],"collection":[{"href":"https:\/\/distribucionarc.com\/sk\/wp-json\/wp\/v2\/product"}],"about":[{"href":"https:\/\/distribucionarc.com\/sk\/wp-json\/wp\/v2\/types\/product"}],"replies":[{"embeddable":true,"href":"https:\/\/distribucionarc.com\/sk\/wp-json\/wp\/v2\/comments?post=4877"}],"version-history":[{"count":0,"href":"https:\/\/distribucionarc.com\/sk\/wp-json\/wp\/v2\/product\/4877\/revisions"}],"wp:featuredmedia":[{"embeddable":true,"href":"https:\/\/distribucionarc.com\/sk\/wp-json\/wp\/v2\/media\/4885"}],"wp:attachment":[{"href":"https:\/\/distribucionarc.com\/sk\/wp-json\/wp\/v2\/media?parent=4877"}],"wp:term":[{"taxonomy":"product_brand","embeddable":true,"href":"https:\/\/distribucionarc.com\/sk\/wp-json\/wp\/v2\/product_brand?post=4877"},{"taxonomy":"product_cat","embeddable":true,"href":"https:\/\/distribucionarc.com\/sk\/wp-json\/wp\/v2\/product_cat?post=4877"},{"taxonomy":"product_tag","embeddable":true,"href":"https:\/\/distribucionarc.com\/sk\/wp-json\/wp\/v2\/product_tag?post=4877"}],"curies":[{"name":"pracovn\u00fd list","href":"https:\/\/api.w.org\/{rel}","templated":true}]}}