{"id":525,"date":"2020-04-21T14:25:35","date_gmt":"2020-04-21T14:25:35","guid":{"rendered":"https:\/\/distribucionarc.com\/?post_type=product&#038;p=525"},"modified":"2024-09-04T15:31:31","modified_gmt":"2024-09-04T15:31:31","slug":"stroj-na-uzatvaranie-flias-plechovky-10mm-%e2%9e%a1%ef%b8%8f-50mm","status":"publish","type":"product","link":"https:\/\/distribucionarc.com\/sk\/producto\/maquina-tapadora-de-botellas-botes-10mm-%e2%9e%a1%ef%b8%8f-50mm\/","title":{"rendered":"Stroj na uzatv\u00e1ranie flia\u0161, 10 mm \u27a1\ufe0f 50 mm zav\u00e1racie poh\u00e1re"},"content":{"rendered":"<h2><strong>Stroj na uzatv\u00e1ranie flia\u0161, 10 mm \u27a1\ufe0f 50 mm zav\u00e1racie poh\u00e1re<\/strong><\/h2>\n<p>Pri v\u00fdrobe produktov, ktor\u00e9 sa musia bali\u0165 do flia\u0161, m\u00f4\u017ee by\u0165 zatv\u00e1ranie flia\u0161 dos\u0165 komplikovan\u00e9 kv\u00f4li predpisom, preto\u017ee jednou z po\u017eiadaviek je, \u017ee musia by\u0165 pevne priskrutkovan\u00e9. Vie\u010dka d\u00f3z maj\u00fa d\u00f4myseln\u00fd dizajn, v\u010faka ktor\u00e9mu sa daj\u00fa \u013eahko otv\u00e1ra\u0165 a zatv\u00e1ra\u0165 ru\u010dne, ale nasadenie na v\u00fdrobn\u00fa linku je \u00faplne in\u00fd pr\u00edbeh. Toto je miesto, kde tento uzatv\u00e1rac\u00ed stroj debutuje. Tento stroj umo\u017en\u00ed oper\u00e1torovi utiahnu\u0165 uz\u00e1very flia\u0161 dostato\u010dnou silou, aby sa nemohli n\u00e1hodne otvori\u0165 po\u010das prepravy alebo skladovania.<br \/>\nBezpochyby je to ide\u00e1lny stroj pre mal\u00e9 a stredn\u00e9 podniky, ktor\u00fd pom\u00e1ha vyhn\u00fa\u0165 sa \u00fanavnej manu\u00e1lnej pr\u00e1ci s u\u0165ahovan\u00edm vie\u010dok n\u00e1dob na ka\u017edej n\u00e1dobe po jednom.<\/p>\n<p>Ke\u010f\u017ee ide o ru\u010dn\u00fd elektrick\u00fd stroj, m\u00f4\u017eete s n\u00edm pracova\u0165 kdeko\u013evek, kde je v bl\u00edzkosti elektrick\u00e1 z\u00e1suvka.<br \/>\nDr\u017eanie len jednou rukou umo\u017e\u0148uje oper\u00e1torovi z\u00edska\u0165 lep\u0161\u00ed \u00fachop a lep\u0161ie umiestnenie, \u010d\u00edm je pr\u00e1ca presnej\u0161ia.<br \/>\nSila spojky m\u00f4\u017ee by\u0165 nastavite\u013en\u00e1, aby sa predi\u0161lo nadmern\u00e9mu u\u0165ahovaniu a t\u00fdm sa zabr\u00e1nilo po\u0161kodeniu z\u00e1vitu n\u00e1doby.<\/p>\n<p>Na\u0161e stroje prech\u00e1dzaj\u00fa pr\u00edsnou kontrolou kvality pred ulo\u017een\u00edm do na\u0161ich skladov. V\u0161etky na\u0161e stroje maj\u00fa 2-ro\u010dn\u00fa z\u00e1ruku.<\/p>\n<p>Garantujeme technick\u00fa podporu v pr\u00edpade poruchy.<\/p>\n<h3 class=\"s8gg2 _2UIKs\" data-hook=\"info-section-title\">\u0161pecifik\u00e1cie:<\/h3>\n<div class=\"_2tV5m cell\"><\/div>\n<div class=\"rah-static rah-static--height-auto\" aria-hidden=\"false\">\n<div>\n<div class=\"_1yvxJ cell\">\n<div class=\"WncCi\" data-hook=\"info-section-description\">\n<ul>\n<li>Nap\u00e4tie: 220V.<\/li>\n<li>V\u00fdkon: 80W.<\/li>\n<li>Obsluha: Manu\u00e1lna.<\/li>\n<li>Priemer z\u00e1vitov\u00e9ho uz\u00e1veru: 10 \u2796 50 mm. do 120 mm<\/li>\n<li>Priemern\u00e1 r\u00fdchlos\u0165: 20 flia\u0161 za min\u00fatu.<\/li>\n<li>Sila spojky: Nastavite\u013en\u00e1.<\/li>\n<\/ul>\n<p>video stroja v prev\u00e1dzke?<\/p>\n<\/div>\n<\/div>\n<\/div>\n<\/div>","protected":false},"excerpt":{"rendered":"<p>Ru\u010dn\u00fd stroj <strong>Distrib\u00facia ARC<\/strong> Je to dokonal\u00e9 rie\u0161enie na uzatv\u00e1ranie poh\u00e1rov a flia\u0161 r\u00f4znych ve\u013ekost\u00ed. Je vysoko prisp\u00f4sobite\u013en\u00fd, so schopnos\u0165ou pracova\u0165 s \u010diapkami od <strong>10<\/strong> <strong>desa\u0165 milimetrov<\/strong>, ide\u00e1lne pre mal\u00e9 n\u00e1doby na tekutiny a produkty s mal\u00fdm uz\u00e1verom, a\u017e <strong>120<\/strong> <strong>sto dvadsa\u0165 milimetrov<\/strong>, v\u010faka \u010domu je ide\u00e1lny pre v\u00e4\u010d\u0161ie poh\u00e1re, ako s\u00fa napr\u00edklad prote\u00ednov\u00e9 poh\u00e1re.<\/p>\n<p>Tento stroj je vhodn\u00fd aj na uzatv\u00e1ranie typick\u00fdch flia\u0161 na pilulky a poskytuje ve\u013ek\u00fa v\u0161estrannos\u0165 na utes\u0148ovanie n\u00e1dob vo farmaceutickom, potravin\u00e1rskom a kozmetickom priemysle. \u010ci u\u017e pracujete s mal\u00fdmi t\u00e9glikmi produktov alebo ve\u013ek\u00fdmi f\u013ea\u0161ami suplementov, tento stroj sa prisp\u00f4sob\u00ed va\u0161im potreb\u00e1m.<\/p>\n<p><strong>D\u00f4le\u017eit\u00e1 pozn\u00e1mka<\/strong>: Stroj je vybaven\u00fd \u0161tandardn\u00fdmi formami, ktor\u00e9 pokr\u00fdvaj\u00fa maxim\u00e1lnu ve\u013ekos\u0165 uz\u00e1veru <strong>50<\/strong> <strong>p\u00e4\u0165desiat milimetrov<\/strong>. Pre v\u00e4\u010d\u0161ie uz\u00e1very a <strong>vlastn\u00e1 matrica<\/strong> ktor\u00e1 zodpoved\u00e1 ve\u013ekosti va\u0161ej n\u00e1doby a zaru\u010duje bezpe\u010dn\u00e9 a presn\u00e9 utesnenie.<\/p>","protected":false},"featured_media":526,"comment_status":"open","ping_status":"closed","template":"","meta":{"wds_primary_product_brand":0,"wds_primary_product_cat":0},"product_brand":[],"product_cat":[45,28],"product_tag":[],"class_list":{"0":"post-525","1":"product","2":"type-product","3":"status-publish","4":"has-post-thumbnail","6":"product_cat-selladoras-de-induccion","7":"product_cat-tapadoras","9":"first","10":"instock","11":"taxable","12":"shipping-taxable","13":"purchasable","14":"product-type-simple"},"yoast_head":"<!-- This site is optimized with the Yoast SEO Premium plugin v24.9 (Yoast SEO v26.1) - https:\/\/yoast.com\/wordpress\/plugins\/seo\/ -->\n<title>M\u00e1quina Tapadora de Botellas, Botes 10mm \u27a1\ufe0f 50mm - distribuci\u00f3n ARC<\/title>\n<meta name=\"robots\" content=\"index, follow, max-snippet:-1, max-image-preview:large, max-video-preview:-1\" \/>\n<link rel=\"canonical\" href=\"https:\/\/www.distribucionarc.com\/en\/producto\/maquina-tapadora-de-botellas-botes-10mm-\u27a1\ufe0f-50mm\/\" \/>\n<meta property=\"og:locale\" content=\"sk_SK\" \/>\n<meta property=\"og:type\" content=\"article\" \/>\n<meta property=\"og:title\" content=\"M\u00e1quina Tapadora de Botellas, Botes 10mm \u27a1\ufe0f 50mm\" \/>\n<meta property=\"og:description\" content=\"La m\u00e1quina manual de Distribuci\u00f3n ARC es la soluci\u00f3n perfecta para el sellado de botes y botellas de diversos tama\u00f1os. Es altamente personalizable, con la capacidad de trabajar con tapas que var\u00edan desde 10 diez mil\u00edmetros, ideal para peque\u00f1os envases de l\u00edquidos y productos con tapones peque\u00f1os, hasta 120 ciento veinte mil\u00edmetros, lo que la hace perfecta para botes m\u00e1s grandes, como los de prote\u00ednas.  Esta m\u00e1quina tambi\u00e9n es apta para tapar botes t\u00edpicos de pastillas, brindando una gran versatilidad para sellar envases en la industria farmac\u00e9utica, alimentaria y cosm\u00e9tica. Ya sea que trabajes con peque\u00f1os frascos de productos o grandes botes de suplementos, esta m\u00e1quina se adapta a tus necesidades.  Nota importante: La m\u00e1quina est\u00e1 equipada con moldes est\u00e1ndar que cubren un tama\u00f1o m\u00e1ximo de tapa de 50 cincuenta mil\u00edmetros. Para tapas m\u00e1s grandes, se requiere un troquel personalizado que se ajuste al tama\u00f1o de tu envase, garantizando un sellado seguro y preciso.\" \/>\n<meta property=\"og:url\" content=\"https:\/\/www.distribucionarc.com\/en\/producto\/maquina-tapadora-de-botellas-botes-10mm-\u27a1\ufe0f-50mm\/\" \/>\n<meta property=\"og:site_name\" content=\"distribuci\u00f3n ARC\" \/>\n<meta property=\"article:modified_time\" content=\"2024-09-04T15:31:31+00:00\" \/>\n<meta property=\"og:image\" content=\"https:\/\/www.distribucionarc.com\/wp-content\/uploads\/2020\/04\/maquina_tapadora_de_botellas_botes-_10mm_50mm_0.jpg\" \/>\n\t<meta property=\"og:image:width\" content=\"1600\" \/>\n\t<meta property=\"og:image:height\" content=\"1600\" \/>\n\t<meta property=\"og:image:type\" content=\"image\/jpeg\" \/>\n<meta name=\"twitter:card\" content=\"summary_large_image\" \/>\n<meta name=\"twitter:label1\" content=\"Predpokladan\u00fd \u010das \u010d\u00edtania\" \/>\n\t<meta name=\"twitter:data1\" content=\"2 min\u00faty\" \/>\n<script type=\"application\/ld+json\" class=\"yoast-schema-graph\">{\"@context\":\"https:\/\/schema.org\",\"@graph\":[{\"@type\":\"WebPage\",\"@id\":\"https:\/\/www.distribucionarc.com\/en\/producto\/maquina-tapadora-de-botellas-botes-10mm-%e2%9e%a1%ef%b8%8f-50mm\/\",\"url\":\"https:\/\/www.distribucionarc.com\/en\/producto\/maquina-tapadora-de-botellas-botes-10mm-%e2%9e%a1%ef%b8%8f-50mm\/\",\"name\":\"M\u00e1quina Tapadora de Botellas, Botes 10mm \u27a1\ufe0f 50mm - distribuci\u00f3n ARC\",\"isPartOf\":{\"@id\":\"https:\/\/www.distribucionarc.com\/sl\/#website\"},\"primaryImageOfPage\":{\"@id\":\"https:\/\/www.distribucionarc.com\/en\/producto\/maquina-tapadora-de-botellas-botes-10mm-%e2%9e%a1%ef%b8%8f-50mm\/#primaryimage\"},\"image\":{\"@id\":\"https:\/\/www.distribucionarc.com\/en\/producto\/maquina-tapadora-de-botellas-botes-10mm-%e2%9e%a1%ef%b8%8f-50mm\/#primaryimage\"},\"thumbnailUrl\":\"https:\/\/distribucionarc.com\/wp-content\/uploads\/2020\/04\/maquina_tapadora_de_botellas_botes-_10mm_50mm_0.jpg\",\"datePublished\":\"2020-04-21T14:25:35+00:00\",\"dateModified\":\"2024-09-04T15:31:31+00:00\",\"breadcrumb\":{\"@id\":\"https:\/\/www.distribucionarc.com\/en\/producto\/maquina-tapadora-de-botellas-botes-10mm-%e2%9e%a1%ef%b8%8f-50mm\/#breadcrumb\"},\"inLanguage\":\"sk-SK\",\"potentialAction\":[{\"@type\":\"ReadAction\",\"target\":[\"https:\/\/www.distribucionarc.com\/en\/producto\/maquina-tapadora-de-botellas-botes-10mm-%e2%9e%a1%ef%b8%8f-50mm\/\"]}]},{\"@type\":\"ImageObject\",\"inLanguage\":\"sk-SK\",\"@id\":\"https:\/\/www.distribucionarc.com\/en\/producto\/maquina-tapadora-de-botellas-botes-10mm-%e2%9e%a1%ef%b8%8f-50mm\/#primaryimage\",\"url\":\"https:\/\/distribucionarc.com\/wp-content\/uploads\/2020\/04\/maquina_tapadora_de_botellas_botes-_10mm_50mm_0.jpg\",\"contentUrl\":\"https:\/\/distribucionarc.com\/wp-content\/uploads\/2020\/04\/maquina_tapadora_de_botellas_botes-_10mm_50mm_0.jpg\",\"width\":1600,\"height\":1600},{\"@type\":\"BreadcrumbList\",\"@id\":\"https:\/\/www.distribucionarc.com\/en\/producto\/maquina-tapadora-de-botellas-botes-10mm-%e2%9e%a1%ef%b8%8f-50mm\/#breadcrumb\",\"itemListElement\":[{\"@type\":\"ListItem\",\"position\":1,\"name\":\"Portada\",\"item\":\"https:\/\/www.distribucionarc.com\/\"},{\"@type\":\"ListItem\",\"position\":2,\"name\":\"\u00dcr\u00fcnler\",\"item\":\"https:\/\/www.distribucionarc.com\/tr\/magaza\/\"},{\"@type\":\"ListItem\",\"position\":3,\"name\":\"M\u00e1quina Tapadora de Botellas, Botes 10mm \u27a1\ufe0f 50mm\"}]},{\"@type\":\"WebSite\",\"@id\":\"https:\/\/www.distribucionarc.com\/sl\/#website\",\"url\":\"https:\/\/www.distribucionarc.com\/sl\/\",\"name\":\"distribuci\u00f3n ARC\",\"description\":\"Empresa especializada en la fabricaci\u00f3n y distribuci\u00f3n de maquinaria industrial, selladoras de latas, Maquinas de hacer pastillas, Maquinas de cortar carne...\",\"publisher\":{\"@id\":\"https:\/\/www.distribucionarc.com\/sl\/#organization\"},\"potentialAction\":[{\"@type\":\"SearchAction\",\"target\":{\"@type\":\"EntryPoint\",\"urlTemplate\":\"https:\/\/www.distribucionarc.com\/sl\/?s={search_term_string}\"},\"query-input\":{\"@type\":\"PropertyValueSpecification\",\"valueRequired\":true,\"valueName\":\"search_term_string\"}}],\"inLanguage\":\"sk-SK\"},{\"@type\":\"Organization\",\"@id\":\"https:\/\/www.distribucionarc.com\/sl\/#organization\",\"name\":\"Distribuci\u00f3n ARC\",\"url\":\"https:\/\/www.distribucionarc.com\/sl\/\",\"logo\":{\"@type\":\"ImageObject\",\"inLanguage\":\"sk-SK\",\"@id\":\"https:\/\/www.distribucionarc.com\/sl\/#\/schema\/logo\/image\/\",\"url\":\"https:\/\/distribucionarc.com\/wp-content\/uploads\/2024\/10\/distribucion-ARC-COLOR-SIN-FONDO-e1732295305345.png\",\"contentUrl\":\"https:\/\/distribucionarc.com\/wp-content\/uploads\/2024\/10\/distribucion-ARC-COLOR-SIN-FONDO-e1732295305345.png\",\"width\":1164,\"height\":558,\"caption\":\"Distribuci\u00f3n ARC\"},\"image\":{\"@id\":\"https:\/\/www.distribucionarc.com\/sl\/#\/schema\/logo\/image\/\"},\"description\":\"Empresa especializada en la fabricaci\u00f3n y distribuci\u00f3n de maquinaria industrial para los sectores alimentario y farmac\u00e9utico. Nos especializamos en: M\u00e1quinas de cortar carne Fabricaci\u00f3n de comprimidos Sistemas de transporte industrial L\u00edneas de embotellado Dosificadores Y mucho m\u00e1s... Ofrecemos soluciones innovadoras y personalizadas para optimizar los procesos productivos de tu empresa.\",\"email\":\"Admistracion@distribucionarc.com\",\"telephone\":\"+34 643496664\",\"legalName\":\"ARC TECH SOLUTIONS\",\"foundingDate\":\"2024-04-09\",\"vatID\":\"B55480172\",\"numberOfEmployees\":{\"@type\":\"QuantitativeValue\",\"minValue\":\"1\",\"maxValue\":\"10\"}}]}<\/script>\n<!-- \/ Yoast SEO Premium plugin. -->","yoast_head_json":{"title":"Stroj na uzatv\u00e1ranie flia\u0161, 10mm \u27a1\ufe0f 50mm plechovky - ARC rozvod","robots":{"index":"index","follow":"follow","max-snippet":"max-snippet:-1","max-image-preview":"max-image-preview:large","max-video-preview":"max-video-preview:-1"},"canonical":"https:\/\/www.distribucionarc.com\/en\/producto\/maquina-tapadora-de-botellas-botes-10mm-\u27a1\ufe0f-50mm\/","og_locale":"sk_SK","og_type":"article","og_title":"M\u00e1quina Tapadora de Botellas, Botes 10mm \u27a1\ufe0f 50mm","og_description":"La m\u00e1quina manual de Distribuci\u00f3n ARC es la soluci\u00f3n perfecta para el sellado de botes y botellas de diversos tama\u00f1os. Es altamente personalizable, con la capacidad de trabajar con tapas que var\u00edan desde 10 diez mil\u00edmetros, ideal para peque\u00f1os envases de l\u00edquidos y productos con tapones peque\u00f1os, hasta 120 ciento veinte mil\u00edmetros, lo que la hace perfecta para botes m\u00e1s grandes, como los de prote\u00ednas.  Esta m\u00e1quina tambi\u00e9n es apta para tapar botes t\u00edpicos de pastillas, brindando una gran versatilidad para sellar envases en la industria farmac\u00e9utica, alimentaria y cosm\u00e9tica. Ya sea que trabajes con peque\u00f1os frascos de productos o grandes botes de suplementos, esta m\u00e1quina se adapta a tus necesidades.  Nota importante: La m\u00e1quina est\u00e1 equipada con moldes est\u00e1ndar que cubren un tama\u00f1o m\u00e1ximo de tapa de 50 cincuenta mil\u00edmetros. Para tapas m\u00e1s grandes, se requiere un troquel personalizado que se ajuste al tama\u00f1o de tu envase, garantizando un sellado seguro y preciso.","og_url":"https:\/\/www.distribucionarc.com\/en\/producto\/maquina-tapadora-de-botellas-botes-10mm-\u27a1\ufe0f-50mm\/","og_site_name":"distribuci\u00f3n ARC","article_modified_time":"2024-09-04T15:31:31+00:00","og_image":[{"width":1600,"height":1600,"url":"https:\/\/www.distribucionarc.com\/wp-content\/uploads\/2020\/04\/maquina_tapadora_de_botellas_botes-_10mm_50mm_0.jpg","type":"image\/jpeg"}],"twitter_card":"summary_large_image","twitter_misc":{"Predpokladan\u00fd \u010das \u010d\u00edtania":"2 min\u00faty"},"schema":{"@context":"https:\/\/schema.org","@graph":[{"@type":"WebPage","@id":"https:\/\/www.distribucionarc.com\/en\/producto\/maquina-tapadora-de-botellas-botes-10mm-%e2%9e%a1%ef%b8%8f-50mm\/","url":"https:\/\/www.distribucionarc.com\/en\/producto\/maquina-tapadora-de-botellas-botes-10mm-%e2%9e%a1%ef%b8%8f-50mm\/","name":"Stroj na uzatv\u00e1ranie flia\u0161, 10mm \u27a1\ufe0f 50mm plechovky - ARC rozvod","isPartOf":{"@id":"https:\/\/www.distribucionarc.com\/sl\/#website"},"primaryImageOfPage":{"@id":"https:\/\/www.distribucionarc.com\/en\/producto\/maquina-tapadora-de-botellas-botes-10mm-%e2%9e%a1%ef%b8%8f-50mm\/#primaryimage"},"image":{"@id":"https:\/\/www.distribucionarc.com\/en\/producto\/maquina-tapadora-de-botellas-botes-10mm-%e2%9e%a1%ef%b8%8f-50mm\/#primaryimage"},"thumbnailUrl":"https:\/\/distribucionarc.com\/wp-content\/uploads\/2020\/04\/maquina_tapadora_de_botellas_botes-_10mm_50mm_0.jpg","datePublished":"2020-04-21T14:25:35+00:00","dateModified":"2024-09-04T15:31:31+00:00","breadcrumb":{"@id":"https:\/\/www.distribucionarc.com\/en\/producto\/maquina-tapadora-de-botellas-botes-10mm-%e2%9e%a1%ef%b8%8f-50mm\/#breadcrumb"},"inLanguage":"sk-SK","potentialAction":[{"@type":"ReadAction","target":["https:\/\/www.distribucionarc.com\/en\/producto\/maquina-tapadora-de-botellas-botes-10mm-%e2%9e%a1%ef%b8%8f-50mm\/"]}]},{"@type":"ImageObject","inLanguage":"sk-SK","@id":"https:\/\/www.distribucionarc.com\/en\/producto\/maquina-tapadora-de-botellas-botes-10mm-%e2%9e%a1%ef%b8%8f-50mm\/#primaryimage","url":"https:\/\/distribucionarc.com\/wp-content\/uploads\/2020\/04\/maquina_tapadora_de_botellas_botes-_10mm_50mm_0.jpg","contentUrl":"https:\/\/distribucionarc.com\/wp-content\/uploads\/2020\/04\/maquina_tapadora_de_botellas_botes-_10mm_50mm_0.jpg","width":1600,"height":1600},{"@type":"BreadcrumbList","@id":"https:\/\/www.distribucionarc.com\/en\/producto\/maquina-tapadora-de-botellas-botes-10mm-%e2%9e%a1%ef%b8%8f-50mm\/#breadcrumb","itemListElement":[{"@type":"ListItem","position":1,"name":"Portada","item":"https:\/\/www.distribucionarc.com\/"},{"@type":"ListItem","position":2,"name":"\u00dcr\u00fcnler","item":"https:\/\/www.distribucionarc.com\/tr\/magaza\/"},{"@type":"ListItem","position":3,"name":"M\u00e1quina Tapadora de Botellas, Botes 10mm \u27a1\ufe0f 50mm"}]},{"@type":"WebSite","@id":"https:\/\/www.distribucionarc.com\/sl\/#website","url":"https:\/\/www.distribucionarc.com\/sl\/","name":"ARC distrib\u00facia","description":"Spolo\u010dnos\u0165 sa \u0161pecializuje na v\u00fdrobu a distrib\u00faciu priemyseln\u00fdch strojov, strojov na uzatv\u00e1ranie plechoviek, strojov na v\u00fdrobu tabliet, strojov na porciovanie m\u00e4sa...","publisher":{"@id":"https:\/\/www.distribucionarc.com\/sl\/#organization"},"potentialAction":[{"@type":"SearchAction","target":{"@type":"EntryPoint","urlTemplate":"https:\/\/www.distribucionarc.com\/sl\/?s={search_term_string}"},"query-input":{"@type":"PropertyValueSpecification","valueRequired":true,"valueName":"search_term_string"}}],"inLanguage":"sk-SK"},{"@type":"Organization","@id":"https:\/\/www.distribucionarc.com\/sl\/#organization","name":"Distrib\u00facia ARC","url":"https:\/\/www.distribucionarc.com\/sl\/","logo":{"@type":"ImageObject","inLanguage":"sk-SK","@id":"https:\/\/www.distribucionarc.com\/sl\/#\/schema\/logo\/image\/","url":"https:\/\/distribucionarc.com\/wp-content\/uploads\/2024\/10\/distribucion-ARC-COLOR-SIN-FONDO-e1732295305345.png","contentUrl":"https:\/\/distribucionarc.com\/wp-content\/uploads\/2024\/10\/distribucion-ARC-COLOR-SIN-FONDO-e1732295305345.png","width":1164,"height":558,"caption":"Distribuci\u00f3n ARC"},"image":{"@id":"https:\/\/www.distribucionarc.com\/sl\/#\/schema\/logo\/image\/"},"description":"Spolo\u010dnos\u0165 \u0161pecializuj\u00faca sa na v\u00fdrobu a distrib\u00faciu priemyseln\u00fdch strojov pre potravin\u00e1rsky a farmaceutick\u00fd sektor. \u0160pecializujeme sa na: Stroje na kr\u00e1janie m\u00e4sa V\u00fdroba tabliet Priemyseln\u00e9 dopravn\u00e9 syst\u00e9my D\u00e1vkova\u010de na f\u013ea\u0161e A ove\u013ea viac... Pon\u00fakame inovat\u00edvne a prisp\u00f4soben\u00e9 rie\u0161enia na optimaliz\u00e1ciu v\u00fdrobn\u00fdch procesov va\u0161ej spolo\u010dnosti.","email":"Admistracion@distribucionarc.com","telephone":"+34 643496664","legalName":"ARC TECH SOLUTIONS","foundingDate":"2024-04-09","vatID":"B55480172","numberOfEmployees":{"@type":"QuantitativeValue","minValue":"1","maxValue":"10"}}]}},"_links":{"self":[{"href":"https:\/\/distribucionarc.com\/sk\/wp-json\/wp\/v2\/product\/525","targetHints":{"allow":["GET"]}}],"collection":[{"href":"https:\/\/distribucionarc.com\/sk\/wp-json\/wp\/v2\/product"}],"about":[{"href":"https:\/\/distribucionarc.com\/sk\/wp-json\/wp\/v2\/types\/product"}],"replies":[{"embeddable":true,"href":"https:\/\/distribucionarc.com\/sk\/wp-json\/wp\/v2\/comments?post=525"}],"version-history":[{"count":0,"href":"https:\/\/distribucionarc.com\/sk\/wp-json\/wp\/v2\/product\/525\/revisions"}],"wp:featuredmedia":[{"embeddable":true,"href":"https:\/\/distribucionarc.com\/sk\/wp-json\/wp\/v2\/media\/526"}],"wp:attachment":[{"href":"https:\/\/distribucionarc.com\/sk\/wp-json\/wp\/v2\/media?parent=525"}],"wp:term":[{"taxonomy":"product_brand","embeddable":true,"href":"https:\/\/distribucionarc.com\/sk\/wp-json\/wp\/v2\/product_brand?post=525"},{"taxonomy":"product_cat","embeddable":true,"href":"https:\/\/distribucionarc.com\/sk\/wp-json\/wp\/v2\/product_cat?post=525"},{"taxonomy":"product_tag","embeddable":true,"href":"https:\/\/distribucionarc.com\/sk\/wp-json\/wp\/v2\/product_tag?post=525"}],"curies":[{"name":"pracovn\u00fd list","href":"https:\/\/api.w.org\/{rel}","templated":true}]}}