{"id":5404,"date":"2023-03-31T15:50:20","date_gmt":"2023-03-31T15:50:20","guid":{"rendered":"https:\/\/distribucionarc.com\/?post_type=product&#038;p=5404"},"modified":"2023-03-31T15:59:39","modified_gmt":"2023-03-31T15:59:39","slug":"poloautomaticky-stroj-na-uzatvaranie-sklenenych-a-plastovych-flias","status":"publish","type":"product","link":"https:\/\/distribucionarc.com\/sk\/producto\/maquina-tapadora-de-botellas-de-plastico-y-cristal-semi-automatica\/","title":{"rendered":"Poloautomatick\u00fd stroj na uzatv\u00e1ranie plastov\u00fdch a sklenen\u00fdch flia\u0161"},"content":{"rendered":"<h3><b>Funkcia stroja na uzatv\u00e1ranie plastov\u00fdch a kovov\u00fdch uz\u00e1verov<\/b><\/h3>\n<ol>\n<li><span style=\"font-weight: 400;\"> Stroj m\u00e1 polohovacie zariadenie, obsluha je \u0161tandardizovan\u00e1.<\/span><\/li>\n<li><span style=\"font-weight: 400;\"> Rozsah uz\u00e1verov je \u0161irok\u00fd, mo\u017eno ho pou\u017ei\u0165 na r\u00f4zne plastov\u00e9 a kovov\u00e9 okr\u00fahle skrutkovacie uz\u00e1very.<\/span><\/li>\n<li><span style=\"font-weight: 400;\"> R\u00fdchlos\u0165 uz\u00e1veru je mo\u017en\u00e9 nastavi\u0165.<\/span><\/li>\n<li><span style=\"font-weight: 400;\"> V r\u00e1mci rozsahu je mo\u017en\u00e9 stroj nastavi\u0165 tak, aby uzatvoril pr\u00edslu\u0161n\u00fd uz\u00e1ver f\u013ea\u0161e.<\/span><\/li>\n<\/ol>\n<table>\n<tbody>\n<tr>\n<td><span style=\"font-weight: 400;\">Model<\/span><\/td>\n<td><span style=\"font-weight: 400;\">ARDX-450<\/span><\/td>\n<\/tr>\n<tr>\n<td><span style=\"font-weight: 400;\">Nap\u00e4tie<\/span><\/td>\n<td><span style=\"font-weight: 400;\">220V\/50Hz 110V\/60Hz<\/span><\/td>\n<\/tr>\n<tr>\n<td><span style=\"font-weight: 400;\">M\u00f4\u017ee<\/span><\/td>\n<td><span style=\"font-weight: 400;\">50 W<\/span><\/td>\n<\/tr>\n<tr>\n<td><span style=\"font-weight: 400;\">Jazden\u00e9 pod\u013ea typu<\/span><\/td>\n<td><span style=\"font-weight: 400;\">Elektrick\u00e9<\/span><\/td>\n<\/tr>\n<tr>\n<td><span style=\"font-weight: 400;\">Dostupn\u00fd priemer uz\u00e1veru<\/span><\/td>\n<td><span style=\"font-weight: 400;\">10-50 mm (dodato\u010dn\u00e9 a\u017e do 100 mm)<\/span><\/td>\n<\/tr>\n<tr>\n<td><span style=\"font-weight: 400;\">Dostupn\u00e1 v\u00fd\u0161ka f\u013ea\u0161e (vr\u00e1tane uz\u00e1veru)<\/span><\/td>\n<td><span style=\"font-weight: 400;\">100-220 mm<\/span><\/td>\n<\/tr>\n<tr>\n<td><span style=\"font-weight: 400;\">V\u00fdrobn\u00e1 kapacita<\/span><\/td>\n<td><span style=\"font-weight: 400;\">20-40 kr\u00e1t\/min<\/span><\/td>\n<\/tr>\n<tr>\n<td><span style=\"font-weight: 400;\">Ve\u013ekos\u0165 balenia<\/span><\/td>\n<td><span style=\"font-weight: 400;\">52 cm * 30 cm * 53 cm<\/span><\/td>\n<\/tr>\n<tr>\n<td><span style=\"font-weight: 400;\">Hrub\u00e1 hmotnos\u0165<\/span><\/td>\n<td><span style=\"font-weight: 400;\">40 kg<\/span><\/td>\n<\/tr>\n<\/tbody>\n<\/table>\n<p>&nbsp;<\/p>\n<div style=\"width: 640px;\" class=\"wp-video\"><video class=\"wp-video-shortcode\" id=\"video-5404-2\" width=\"640\" height=\"368\" preload=\"metadata\" controls=\"controls\"><source type=\"video\/mp4\" src=\"https:\/\/distribucionarc.com\/wp-content\/uploads\/2023\/03\/tapadora-de-botes-de-plastico-semiautomatica.mp4?_=2\" \/><a href=\"https:\/\/distribucionarc.com\/wp-content\/uploads\/2023\/03\/tapadora-de-botes-de-plastico-semiautomatica.mp4\">https:\/\/distribucionarc.com\/wp-content\/uploads\/2023\/03\/tapadora-de-botes-de-plastico-semiautomatica.mp4<\/a><\/video><\/div>","protected":false},"excerpt":{"rendered":"<p><span style=\"font-weight: 400;\">Poloautomatick\u00fd uzatv\u00e1rac\u00ed stroj je efekt\u00edvnym rie\u0161en\u00edm pre <\/span><b>uzatv\u00e1ranie plastov\u00fdch flia\u0161<\/b><span style=\"font-weight: 400;\"> a z <\/span><b>sklo<\/b><span style=\"font-weight: 400;\"> na v\u00fdrobnej linke. Tieto typy strojov sa be\u017ene pou\u017e\u00edvaj\u00fa v mal\u00fdch a stredn\u00fdch podnikoch, ktor\u00e9 vy\u017eaduj\u00fa st\u00e1lu a kontrolovan\u00fa v\u00fdrobu obalov s vekom.<\/span><\/p>\n<p>&nbsp;<\/p>\n<p><span style=\"font-weight: 400;\">Jednou z hlavn\u00fdch v\u00fdhod tohto typu <\/span><b>uzatv\u00e1rac\u00ed stroj<\/b><span style=\"font-weight: 400;\"> je jeho v\u0161estrannos\u0165, ke\u010f\u017ee sa d\u00e1 prisp\u00f4sobi\u0165 r\u00f4znym ve\u013ekostiam a tvarom flia\u0161, ako aj r\u00f4znym typom uz\u00e1verov. Navy\u0161e jeho kompaktn\u00fd, u\u017e\u00edvate\u013esky pr\u00edjemn\u00fd dizajn umo\u017e\u0148uje r\u00fdchlu in\u0161tal\u00e1ciu a uvedenie do prev\u00e1dzky, \u010d\u00edm sa skracuje prestoje vo v\u00fdrobe.<\/span><\/p>\n<div style=\"width: 444px;\" class=\"wp-video\"><video class=\"wp-video-shortcode\" id=\"video-5404-1\" width=\"444\" height=\"460\" preload=\"metadata\" controls=\"controls\"><source type=\"video\/mp4\" src=\"https:\/\/distribucionarc.com\/wp-content\/uploads\/2023\/03\/maquina-Tapadora-para-frascos-de-cristal.mp4?_=1\" \/><a href=\"https:\/\/distribucionarc.com\/wp-content\/uploads\/2023\/03\/maquina-Tapadora-para-frascos-de-cristal.mp4\">https:\/\/distribucionarc.com\/wp-content\/uploads\/2023\/03\/maquina-Tapadora-para-frascos-de-cristal.mp4<\/a><\/video><\/div>\n<p>&nbsp;<\/p>","protected":false},"featured_media":5407,"comment_status":"open","ping_status":"closed","template":"","meta":{"wds_primary_product_brand":0,"wds_primary_product_cat":0},"product_brand":[],"product_cat":[28],"product_tag":[],"class_list":{"0":"post-5404","1":"product","2":"type-product","3":"status-publish","4":"has-post-thumbnail","6":"product_cat-tapadoras","7":"product_shipping_class-express","9":"first","10":"instock","11":"taxable","12":"shipping-taxable","13":"purchasable","14":"product-type-simple"},"yoast_head":"<!-- This site is optimized with the Yoast SEO Premium plugin v24.9 (Yoast SEO v26.1) - https:\/\/yoast.com\/wordpress\/plugins\/seo\/ -->\n<title>Maquina tapadora de botellas de pl\u00e1stico y cristal semi autom\u00e1tica - distribuci\u00f3n ARC<\/title>\n<meta name=\"robots\" content=\"index, follow, max-snippet:-1, max-image-preview:large, max-video-preview:-1\" \/>\n<link rel=\"canonical\" href=\"https:\/\/distribucionarc.com\/sk\/produktov\/poloautomaticky-stroj-na-uzatvaranie-sklenenych-a-plastovych-flias\/\" \/>\n<meta property=\"og:locale\" content=\"sk_SK\" \/>\n<meta property=\"og:type\" content=\"article\" \/>\n<meta property=\"og:title\" content=\"Maquina tapadora de botellas de pl\u00e1stico y cristal semi autom\u00e1tica\" \/>\n<meta property=\"og:description\" content=\"Una m\u00e1quina tapadora semi autom\u00e1tica es una soluci\u00f3n eficiente para el cierre de botellas de pl\u00e1stico y de cristal en una l\u00ednea de producci\u00f3n. Este tipo de m\u00e1quinas se utilizan com\u00fanmente en peque\u00f1as y medianas empresas que requieren una producci\u00f3n constante y controlada de envases con tapa.  &nbsp;  Una de las principales ventajas de este tipo de m\u00e1quina tapadora es su versatilidad, ya que se puede adaptar a diferentes tama\u00f1os y formas de botellas, as\u00ed como a diversos tipos de tapas. Adem\u00e1s, su dise\u00f1o compacto y f\u00e1cil de usar permite una r\u00e1pida instalaci\u00f3n y puesta en marcha, lo que reduce los tiempos de inactividad en la producci\u00f3n.    &nbsp;\" \/>\n<meta property=\"og:url\" content=\"https:\/\/distribucionarc.com\/sk\/produktov\/poloautomaticky-stroj-na-uzatvaranie-sklenenych-a-plastovych-flias\/\" \/>\n<meta property=\"og:site_name\" content=\"distribuci\u00f3n ARC\" \/>\n<meta property=\"article:modified_time\" content=\"2023-03-31T15:59:39+00:00\" \/>\n<meta property=\"og:image\" content=\"https:\/\/distribucionarc.com\/wp-content\/uploads\/2023\/03\/tapadora-para-botes-de-cristal.jpg\" \/>\n\t<meta property=\"og:image:width\" content=\"960\" \/>\n\t<meta property=\"og:image:height\" content=\"770\" \/>\n\t<meta property=\"og:image:type\" content=\"image\/jpeg\" \/>\n<meta name=\"twitter:card\" content=\"summary_large_image\" \/>\n<meta name=\"twitter:label1\" content=\"Predpokladan\u00fd \u010das \u010d\u00edtania\" \/>\n\t<meta name=\"twitter:data1\" content=\"1 min\u00fata\" \/>\n<script type=\"application\/ld+json\" class=\"yoast-schema-graph\">{\"@context\":\"https:\/\/schema.org\",\"@graph\":[{\"@type\":\"WebPage\",\"@id\":\"https:\/\/distribucionarc.com\/en\/producto\/maquina-tapadora-de-botellas-de-plastico-y-cristal-semi-automatica\/\",\"url\":\"https:\/\/distribucionarc.com\/en\/producto\/maquina-tapadora-de-botellas-de-plastico-y-cristal-semi-automatica\/\",\"name\":\"Maquina tapadora de botellas de pl\u00e1stico y cristal semi autom\u00e1tica - distribuci\u00f3n ARC\",\"isPartOf\":{\"@id\":\"https:\/\/www.distribucionarc.com\/sl\/#website\"},\"primaryImageOfPage\":{\"@id\":\"https:\/\/distribucionarc.com\/en\/producto\/maquina-tapadora-de-botellas-de-plastico-y-cristal-semi-automatica\/#primaryimage\"},\"image\":{\"@id\":\"https:\/\/distribucionarc.com\/en\/producto\/maquina-tapadora-de-botellas-de-plastico-y-cristal-semi-automatica\/#primaryimage\"},\"thumbnailUrl\":\"https:\/\/distribucionarc.com\/wp-content\/uploads\/2023\/03\/tapadora-para-botes-de-cristal.jpg\",\"datePublished\":\"2023-03-31T15:50:20+00:00\",\"dateModified\":\"2023-03-31T15:59:39+00:00\",\"breadcrumb\":{\"@id\":\"https:\/\/distribucionarc.com\/en\/producto\/maquina-tapadora-de-botellas-de-plastico-y-cristal-semi-automatica\/#breadcrumb\"},\"inLanguage\":\"sk-SK\",\"potentialAction\":[{\"@type\":\"ReadAction\",\"target\":[\"https:\/\/distribucionarc.com\/en\/producto\/maquina-tapadora-de-botellas-de-plastico-y-cristal-semi-automatica\/\"]}]},{\"@type\":\"ImageObject\",\"inLanguage\":\"sk-SK\",\"@id\":\"https:\/\/distribucionarc.com\/en\/producto\/maquina-tapadora-de-botellas-de-plastico-y-cristal-semi-automatica\/#primaryimage\",\"url\":\"https:\/\/distribucionarc.com\/wp-content\/uploads\/2023\/03\/tapadora-para-botes-de-cristal.jpg\",\"contentUrl\":\"https:\/\/distribucionarc.com\/wp-content\/uploads\/2023\/03\/tapadora-para-botes-de-cristal.jpg\",\"width\":960,\"height\":770},{\"@type\":\"BreadcrumbList\",\"@id\":\"https:\/\/distribucionarc.com\/en\/producto\/maquina-tapadora-de-botellas-de-plastico-y-cristal-semi-automatica\/#breadcrumb\",\"itemListElement\":[{\"@type\":\"ListItem\",\"position\":1,\"name\":\"Portada\",\"item\":\"https:\/\/www.distribucionarc.com\/\"},{\"@type\":\"ListItem\",\"position\":2,\"name\":\"\u00dcr\u00fcnler\",\"item\":\"https:\/\/www.distribucionarc.com\/tr\/magaza\/\"},{\"@type\":\"ListItem\",\"position\":3,\"name\":\"Maquina tapadora de botellas de pl\u00e1stico y cristal semi autom\u00e1tica\"}]},{\"@type\":\"WebSite\",\"@id\":\"https:\/\/www.distribucionarc.com\/sl\/#website\",\"url\":\"https:\/\/www.distribucionarc.com\/sl\/\",\"name\":\"distribuci\u00f3n ARC\",\"description\":\"Empresa especializada en la fabricaci\u00f3n y distribuci\u00f3n de maquinaria industrial, selladoras de latas, Maquinas de hacer pastillas, Maquinas de cortar carne...\",\"publisher\":{\"@id\":\"https:\/\/www.distribucionarc.com\/sl\/#organization\"},\"potentialAction\":[{\"@type\":\"SearchAction\",\"target\":{\"@type\":\"EntryPoint\",\"urlTemplate\":\"https:\/\/www.distribucionarc.com\/sl\/?s={search_term_string}\"},\"query-input\":{\"@type\":\"PropertyValueSpecification\",\"valueRequired\":true,\"valueName\":\"search_term_string\"}}],\"inLanguage\":\"sk-SK\"},{\"@type\":\"Organization\",\"@id\":\"https:\/\/www.distribucionarc.com\/sl\/#organization\",\"name\":\"Distribuci\u00f3n ARC\",\"url\":\"https:\/\/www.distribucionarc.com\/sl\/\",\"logo\":{\"@type\":\"ImageObject\",\"inLanguage\":\"sk-SK\",\"@id\":\"https:\/\/www.distribucionarc.com\/sl\/#\/schema\/logo\/image\/\",\"url\":\"https:\/\/distribucionarc.com\/wp-content\/uploads\/2024\/10\/distribucion-ARC-COLOR-SIN-FONDO-e1732295305345.png\",\"contentUrl\":\"https:\/\/distribucionarc.com\/wp-content\/uploads\/2024\/10\/distribucion-ARC-COLOR-SIN-FONDO-e1732295305345.png\",\"width\":1164,\"height\":558,\"caption\":\"Distribuci\u00f3n ARC\"},\"image\":{\"@id\":\"https:\/\/www.distribucionarc.com\/sl\/#\/schema\/logo\/image\/\"},\"description\":\"Empresa especializada en la fabricaci\u00f3n y distribuci\u00f3n de maquinaria industrial para los sectores alimentario y farmac\u00e9utico. Nos especializamos en: M\u00e1quinas de cortar carne Fabricaci\u00f3n de comprimidos Sistemas de transporte industrial L\u00edneas de embotellado Dosificadores Y mucho m\u00e1s... Ofrecemos soluciones innovadoras y personalizadas para optimizar los procesos productivos de tu empresa.\",\"email\":\"Admistracion@distribucionarc.com\",\"telephone\":\"+34 643496664\",\"legalName\":\"ARC TECH SOLUTIONS\",\"foundingDate\":\"2024-04-09\",\"vatID\":\"B55480172\",\"numberOfEmployees\":{\"@type\":\"QuantitativeValue\",\"minValue\":\"1\",\"maxValue\":\"10\"}}]}<\/script>\n<!-- \/ Yoast SEO Premium plugin. -->","yoast_head_json":{"title":"Poloautomatick\u00fd stroj na uzatv\u00e1ranie plastov\u00fdch a sklenen\u00fdch flia\u0161 - ARC rozvod","robots":{"index":"index","follow":"follow","max-snippet":"max-snippet:-1","max-image-preview":"max-image-preview:large","max-video-preview":"max-video-preview:-1"},"canonical":"https:\/\/distribucionarc.com\/sk\/produktov\/poloautomaticky-stroj-na-uzatvaranie-sklenenych-a-plastovych-flias\/","og_locale":"sk_SK","og_type":"article","og_title":"Maquina tapadora de botellas de pl\u00e1stico y cristal semi autom\u00e1tica","og_description":"Una m\u00e1quina tapadora semi autom\u00e1tica es una soluci\u00f3n eficiente para el cierre de botellas de pl\u00e1stico y de cristal en una l\u00ednea de producci\u00f3n. Este tipo de m\u00e1quinas se utilizan com\u00fanmente en peque\u00f1as y medianas empresas que requieren una producci\u00f3n constante y controlada de envases con tapa.  &nbsp;  Una de las principales ventajas de este tipo de m\u00e1quina tapadora es su versatilidad, ya que se puede adaptar a diferentes tama\u00f1os y formas de botellas, as\u00ed como a diversos tipos de tapas. Adem\u00e1s, su dise\u00f1o compacto y f\u00e1cil de usar permite una r\u00e1pida instalaci\u00f3n y puesta en marcha, lo que reduce los tiempos de inactividad en la producci\u00f3n.    &nbsp;","og_url":"https:\/\/distribucionarc.com\/sk\/produktov\/poloautomaticky-stroj-na-uzatvaranie-sklenenych-a-plastovych-flias\/","og_site_name":"distribuci\u00f3n ARC","article_modified_time":"2023-03-31T15:59:39+00:00","og_image":[{"width":960,"height":770,"url":"https:\/\/distribucionarc.com\/wp-content\/uploads\/2023\/03\/tapadora-para-botes-de-cristal.jpg","type":"image\/jpeg"}],"twitter_card":"summary_large_image","twitter_misc":{"Predpokladan\u00fd \u010das \u010d\u00edtania":"1 min\u00fata"},"schema":{"@context":"https:\/\/schema.org","@graph":[{"@type":"WebPage","@id":"https:\/\/distribucionarc.com\/en\/producto\/maquina-tapadora-de-botellas-de-plastico-y-cristal-semi-automatica\/","url":"https:\/\/distribucionarc.com\/en\/producto\/maquina-tapadora-de-botellas-de-plastico-y-cristal-semi-automatica\/","name":"Poloautomatick\u00fd stroj na uzatv\u00e1ranie plastov\u00fdch a sklenen\u00fdch flia\u0161 - ARC rozvod","isPartOf":{"@id":"https:\/\/www.distribucionarc.com\/sl\/#website"},"primaryImageOfPage":{"@id":"https:\/\/distribucionarc.com\/en\/producto\/maquina-tapadora-de-botellas-de-plastico-y-cristal-semi-automatica\/#primaryimage"},"image":{"@id":"https:\/\/distribucionarc.com\/en\/producto\/maquina-tapadora-de-botellas-de-plastico-y-cristal-semi-automatica\/#primaryimage"},"thumbnailUrl":"https:\/\/distribucionarc.com\/wp-content\/uploads\/2023\/03\/tapadora-para-botes-de-cristal.jpg","datePublished":"2023-03-31T15:50:20+00:00","dateModified":"2023-03-31T15:59:39+00:00","breadcrumb":{"@id":"https:\/\/distribucionarc.com\/en\/producto\/maquina-tapadora-de-botellas-de-plastico-y-cristal-semi-automatica\/#breadcrumb"},"inLanguage":"sk-SK","potentialAction":[{"@type":"ReadAction","target":["https:\/\/distribucionarc.com\/en\/producto\/maquina-tapadora-de-botellas-de-plastico-y-cristal-semi-automatica\/"]}]},{"@type":"ImageObject","inLanguage":"sk-SK","@id":"https:\/\/distribucionarc.com\/en\/producto\/maquina-tapadora-de-botellas-de-plastico-y-cristal-semi-automatica\/#primaryimage","url":"https:\/\/distribucionarc.com\/wp-content\/uploads\/2023\/03\/tapadora-para-botes-de-cristal.jpg","contentUrl":"https:\/\/distribucionarc.com\/wp-content\/uploads\/2023\/03\/tapadora-para-botes-de-cristal.jpg","width":960,"height":770},{"@type":"BreadcrumbList","@id":"https:\/\/distribucionarc.com\/en\/producto\/maquina-tapadora-de-botellas-de-plastico-y-cristal-semi-automatica\/#breadcrumb","itemListElement":[{"@type":"ListItem","position":1,"name":"Portada","item":"https:\/\/www.distribucionarc.com\/"},{"@type":"ListItem","position":2,"name":"\u00dcr\u00fcnler","item":"https:\/\/www.distribucionarc.com\/tr\/magaza\/"},{"@type":"ListItem","position":3,"name":"Maquina tapadora de botellas de pl\u00e1stico y cristal semi autom\u00e1tica"}]},{"@type":"WebSite","@id":"https:\/\/www.distribucionarc.com\/sl\/#website","url":"https:\/\/www.distribucionarc.com\/sl\/","name":"ARC distrib\u00facia","description":"Spolo\u010dnos\u0165 sa \u0161pecializuje na v\u00fdrobu a distrib\u00faciu priemyseln\u00fdch strojov, strojov na uzatv\u00e1ranie plechoviek, strojov na v\u00fdrobu tabliet, strojov na porciovanie m\u00e4sa...","publisher":{"@id":"https:\/\/www.distribucionarc.com\/sl\/#organization"},"potentialAction":[{"@type":"SearchAction","target":{"@type":"EntryPoint","urlTemplate":"https:\/\/www.distribucionarc.com\/sl\/?s={search_term_string}"},"query-input":{"@type":"PropertyValueSpecification","valueRequired":true,"valueName":"search_term_string"}}],"inLanguage":"sk-SK"},{"@type":"Organization","@id":"https:\/\/www.distribucionarc.com\/sl\/#organization","name":"Distrib\u00facia ARC","url":"https:\/\/www.distribucionarc.com\/sl\/","logo":{"@type":"ImageObject","inLanguage":"sk-SK","@id":"https:\/\/www.distribucionarc.com\/sl\/#\/schema\/logo\/image\/","url":"https:\/\/distribucionarc.com\/wp-content\/uploads\/2024\/10\/distribucion-ARC-COLOR-SIN-FONDO-e1732295305345.png","contentUrl":"https:\/\/distribucionarc.com\/wp-content\/uploads\/2024\/10\/distribucion-ARC-COLOR-SIN-FONDO-e1732295305345.png","width":1164,"height":558,"caption":"Distribuci\u00f3n ARC"},"image":{"@id":"https:\/\/www.distribucionarc.com\/sl\/#\/schema\/logo\/image\/"},"description":"Spolo\u010dnos\u0165 \u0161pecializuj\u00faca sa na v\u00fdrobu a distrib\u00faciu priemyseln\u00fdch strojov pre potravin\u00e1rsky a farmaceutick\u00fd sektor. \u0160pecializujeme sa na: Stroje na kr\u00e1janie m\u00e4sa V\u00fdroba tabliet Priemyseln\u00e9 dopravn\u00e9 syst\u00e9my D\u00e1vkova\u010de na f\u013ea\u0161e A ove\u013ea viac... Pon\u00fakame inovat\u00edvne a prisp\u00f4soben\u00e9 rie\u0161enia na optimaliz\u00e1ciu v\u00fdrobn\u00fdch procesov va\u0161ej spolo\u010dnosti.","email":"Admistracion@distribucionarc.com","telephone":"+34 643496664","legalName":"ARC TECH SOLUTIONS","foundingDate":"2024-04-09","vatID":"B55480172","numberOfEmployees":{"@type":"QuantitativeValue","minValue":"1","maxValue":"10"}}]}},"_links":{"self":[{"href":"https:\/\/distribucionarc.com\/sk\/wp-json\/wp\/v2\/product\/5404","targetHints":{"allow":["GET"]}}],"collection":[{"href":"https:\/\/distribucionarc.com\/sk\/wp-json\/wp\/v2\/product"}],"about":[{"href":"https:\/\/distribucionarc.com\/sk\/wp-json\/wp\/v2\/types\/product"}],"replies":[{"embeddable":true,"href":"https:\/\/distribucionarc.com\/sk\/wp-json\/wp\/v2\/comments?post=5404"}],"version-history":[{"count":0,"href":"https:\/\/distribucionarc.com\/sk\/wp-json\/wp\/v2\/product\/5404\/revisions"}],"wp:featuredmedia":[{"embeddable":true,"href":"https:\/\/distribucionarc.com\/sk\/wp-json\/wp\/v2\/media\/5407"}],"wp:attachment":[{"href":"https:\/\/distribucionarc.com\/sk\/wp-json\/wp\/v2\/media?parent=5404"}],"wp:term":[{"taxonomy":"product_brand","embeddable":true,"href":"https:\/\/distribucionarc.com\/sk\/wp-json\/wp\/v2\/product_brand?post=5404"},{"taxonomy":"product_cat","embeddable":true,"href":"https:\/\/distribucionarc.com\/sk\/wp-json\/wp\/v2\/product_cat?post=5404"},{"taxonomy":"product_tag","embeddable":true,"href":"https:\/\/distribucionarc.com\/sk\/wp-json\/wp\/v2\/product_tag?post=5404"}],"curies":[{"name":"pracovn\u00fd list","href":"https:\/\/api.w.org\/{rel}","templated":true}]}}