{"id":5695,"date":"2023-05-11T11:45:26","date_gmt":"2023-05-11T11:45:26","guid":{"rendered":"https:\/\/distribucionarc.com\/?post_type=product&#038;p=5695"},"modified":"2023-05-11T14:12:49","modified_gmt":"2023-05-11T14:12:49","slug":"dvojramenna-priemyselna-miesacka-od-87l-do-175l","status":"publish","type":"product","link":"https:\/\/distribucionarc.com\/sk\/producto\/amasadora-industrial-de-doble-brazo-de-87l-a-175l\/","title":{"rendered":"Priemyseln\u00e1 dvojramenn\u00e1 bat\u00e9ria od 87 litrov do 175 litrov"},"content":{"rendered":"<h2>Priemyseln\u00fd mix\u00e9r na chlieb 87l<\/h2>\n<p><a href=\"https:\/\/distribucionarc.com\/wp-content\/uploads\/2023\/05\/amasadora-industrial-panaderia.jpg\"><img loading=\"lazy\" decoding=\"async\" class=\"alignnone size-medium wp-image-5696\" src=\"https:\/\/distribucionarc.com\/wp-content\/uploads\/2023\/05\/amasadora-industrial-panaderia-300x300.jpg\" alt=\"\" width=\"300\" height=\"300\" srcset=\"https:\/\/distribucionarc.com\/wp-content\/uploads\/2023\/05\/amasadora-industrial-panaderia-300x300.jpg 300w, https:\/\/distribucionarc.com\/wp-content\/uploads\/2023\/05\/amasadora-industrial-panaderia-430x430.jpg 430w, https:\/\/distribucionarc.com\/wp-content\/uploads\/2023\/05\/amasadora-industrial-panaderia-150x150.jpg 150w, https:\/\/distribucionarc.com\/wp-content\/uploads\/2023\/05\/amasadora-industrial-panaderia-700x700.jpg 700w, https:\/\/distribucionarc.com\/wp-content\/uploads\/2023\/05\/amasadora-industrial-panaderia-768x768.jpg 768w, https:\/\/distribucionarc.com\/wp-content\/uploads\/2023\/05\/amasadora-industrial-panaderia-12x12.jpg 12w, https:\/\/distribucionarc.com\/wp-content\/uploads\/2023\/05\/amasadora-industrial-panaderia-48x48.jpg 48w, https:\/\/distribucionarc.com\/wp-content\/uploads\/2023\/05\/amasadora-industrial-panaderia.jpg 1000w\" sizes=\"auto, (max-width: 300px) 100vw, 300px\" \/><\/a><\/p>\n<p>Toto je a <strong>priemyseln\u00fd mix\u00e9r na chlieb<\/strong> Vysok\u00e1 kvalita vyroben\u00e1 v Eur\u00f3pe. M\u00e1 kapacitu cesta a\u017e 60 kg, m\u00e1 dotykov\u00fd displej a funguje ticho s 2 nastavite\u013en\u00fdmi \u00farov\u0148ami r\u00fdchlosti. Okrem toho m\u00e1 \u010dasova\u010d, n\u00fadzov\u00e9 zastavenie a mo\u017eno ho ovl\u00e1da\u0165 automaticky, poloautomaticky alebo manu\u00e1lne. Jeho telo je vyroben\u00e9 z nehrdzavej\u00facej ocele, v\u010faka \u010domu je odoln\u00e9 a trv\u00e1cne. M\u00e1 elektrick\u00e9 pripojenie 3N\/PE \/ N \/ PE voltov \/ 50 Hz a jeho vonkaj\u0161ie rozmery s\u00fa 610 mm x 860 mm x 1 440 mm.<\/p>\n<p><a href=\"https:\/\/distribucionarc.com\/wp-content\/uploads\/2023\/05\/amasadora-de-pan.jpeg\"><img loading=\"lazy\" decoding=\"async\" class=\"alignnone size-medium wp-image-5698\" src=\"https:\/\/distribucionarc.com\/wp-content\/uploads\/2023\/05\/amasadora-de-pan-300x300.jpeg\" alt=\"\" width=\"300\" height=\"300\" srcset=\"https:\/\/distribucionarc.com\/wp-content\/uploads\/2023\/05\/amasadora-de-pan-300x300.jpeg 300w, https:\/\/distribucionarc.com\/wp-content\/uploads\/2023\/05\/amasadora-de-pan-430x430.jpeg 430w, https:\/\/distribucionarc.com\/wp-content\/uploads\/2023\/05\/amasadora-de-pan-150x150.jpeg 150w, https:\/\/distribucionarc.com\/wp-content\/uploads\/2023\/05\/amasadora-de-pan-700x700.jpeg 700w, https:\/\/distribucionarc.com\/wp-content\/uploads\/2023\/05\/amasadora-de-pan-768x768.jpeg 768w, https:\/\/distribucionarc.com\/wp-content\/uploads\/2023\/05\/amasadora-de-pan-12x12.jpeg 12w, https:\/\/distribucionarc.com\/wp-content\/uploads\/2023\/05\/amasadora-de-pan-48x48.jpeg 48w, https:\/\/distribucionarc.com\/wp-content\/uploads\/2023\/05\/amasadora-de-pan.jpeg 1000w\" sizes=\"auto, (max-width: 300px) 100vw, 300px\" \/><\/a><a href=\"https:\/\/distribucionarc.com\/wp-content\/uploads\/2023\/05\/amasadora-industrial-87l.jpeg\"><img loading=\"lazy\" decoding=\"async\" class=\"alignnone size-medium wp-image-5699\" src=\"https:\/\/distribucionarc.com\/wp-content\/uploads\/2023\/05\/amasadora-industrial-87l-300x300.jpeg\" alt=\"\" width=\"300\" height=\"300\" srcset=\"https:\/\/distribucionarc.com\/wp-content\/uploads\/2023\/05\/amasadora-industrial-87l-300x300.jpeg 300w, https:\/\/distribucionarc.com\/wp-content\/uploads\/2023\/05\/amasadora-industrial-87l-430x430.jpeg 430w, https:\/\/distribucionarc.com\/wp-content\/uploads\/2023\/05\/amasadora-industrial-87l-150x150.jpeg 150w, https:\/\/distribucionarc.com\/wp-content\/uploads\/2023\/05\/amasadora-industrial-87l-12x12.jpeg 12w, https:\/\/distribucionarc.com\/wp-content\/uploads\/2023\/05\/amasadora-industrial-87l-48x48.jpeg 48w, https:\/\/distribucionarc.com\/wp-content\/uploads\/2023\/05\/amasadora-industrial-87l.jpeg 600w\" sizes=\"auto, (max-width: 300px) 100vw, 300px\" \/><\/a><\/p>\n<p>Technick\u00e9 \u0161pecifik\u00e1cie <strong>AR00905<\/strong><\/p>\n<ul>\n<li>\u00a0Objem n\u00e1doby 87 litrov<\/li>\n<li>\u00a0Kapacita cesta do 60 kg<\/li>\n<li>\u00a0V\u00fdkon od 1,1 do 1,5 kW<\/li>\n<li>\u00a0nap\u00e4tie 400V<\/li>\n<li>\u00a03 f\u00e1zy elektrick\u00e9ho pripojenia 3N\/PE<\/li>\n<li>\u00a0frekvencia 50Hz<\/li>\n<li>\u00a0Vonkaj\u0161ie rozmery s\u00fa \u0161\u00edrka 610 mm, h\u013abka 860 mm a v\u00fd\u0161ka 1 440 mm<\/li>\n<\/ul>\n<p>&nbsp;<\/p>\n<h3>Priemyseln\u00fd miesiaci hneta\u010d do pek\u00e1rne 140l<\/h3>\n<p>&nbsp;<\/p>\n<p><a href=\"https:\/\/distribucionarc.com\/wp-content\/uploads\/2023\/05\/amasadora-panaderia-medidas.jpg\"><img loading=\"lazy\" decoding=\"async\" class=\"alignnone wp-image-5700 size-medium\" src=\"https:\/\/distribucionarc.com\/wp-content\/uploads\/2023\/05\/amasadora-panaderia-medidas-300x300.jpg\" alt=\"Priemyseln\u00fd miesiaci stroj pre pek\u00e1re\u0148\" width=\"300\" height=\"300\" srcset=\"https:\/\/distribucionarc.com\/wp-content\/uploads\/2023\/05\/amasadora-panaderia-medidas-300x300.jpg 300w, https:\/\/distribucionarc.com\/wp-content\/uploads\/2023\/05\/amasadora-panaderia-medidas-430x430.jpg 430w, https:\/\/distribucionarc.com\/wp-content\/uploads\/2023\/05\/amasadora-panaderia-medidas-150x150.jpg 150w, https:\/\/distribucionarc.com\/wp-content\/uploads\/2023\/05\/amasadora-panaderia-medidas-700x700.jpg 700w, https:\/\/distribucionarc.com\/wp-content\/uploads\/2023\/05\/amasadora-panaderia-medidas-768x768.jpg 768w, https:\/\/distribucionarc.com\/wp-content\/uploads\/2023\/05\/amasadora-panaderia-medidas-12x12.jpg 12w, https:\/\/distribucionarc.com\/wp-content\/uploads\/2023\/05\/amasadora-panaderia-medidas-48x48.jpg 48w, https:\/\/distribucionarc.com\/wp-content\/uploads\/2023\/05\/amasadora-panaderia-medidas.jpg 1000w\" sizes=\"auto, (max-width: 300px) 100vw, 300px\" \/><\/a><\/p>\n<p>Toto <strong>priemyseln\u00fd mie\u0161ac\u00ed hneta\u010d<\/strong> vysok\u00e1 kvalita m\u00e1 nosnos\u0165 a\u017e 80 kg, m\u00e1 dotykov\u00fd displej, tich\u00fd chod, 2 r\u00fdchlostn\u00e9 stupne, nastavite\u013en\u00fa dobu prev\u00e1dzky, \u010dasova\u010d a n\u00fadzov\u00e9 zastavenie a m\u00f4\u017ee pracova\u0165 v automatickom, poloautomatickom alebo manu\u00e1lnom re\u017eime. Jeho nerezov\u00e9 komponenty vr\u00e1tane tela, ochrannej mrie\u017eky, kotla a ramien zaru\u010duj\u00fa jeho \u017eivotnos\u0165 a odolnos\u0165. Jeho vonkaj\u0161ie rozmery s\u00fa 710 mm \u0161irok\u00e9, 1 020 mm hlbok\u00e9 a 1 660 mm vysok\u00e9 a m\u00e1 v\u00fdkon 1,5 a\u017e 2,2 kW. s elektrick\u00fdm pripojen\u00edm 3N\/PE alebo N\/PE voltov a frekvenciou 50 Hz.<\/p>\n<p>Technick\u00e9 \u0161pecifik\u00e1cie <strong>AR00906<\/strong><\/p>\n<ul>\n<li>Kapacita 140 litrov a zvl\u00e1dne a\u017e 80 kg cesta<\/li>\n<li>M\u00e1 v\u00fdkon 1,5 a\u017e 2,2 kW<\/li>\n<li>nap\u00e4tie 400V<\/li>\n<li>3 f\u00e1zy s 50 Hz pripojen\u00edm<\/li>\n<li>Vonkaj\u0161ie rozmery s\u00fa 710 mm x 1 020 mm x 1 660 mm<\/li>\n<li>Hmotnos\u0165 458 kg<\/li>\n<\/ul>\n<h3>160l priemyseln\u00fd mix\u00e9r na cesto na pizzu<\/h3>\n<p><a href=\"https:\/\/distribucionarc.com\/wp-content\/uploads\/2023\/05\/amasadora-pizza-medidas.jpg\"><img loading=\"lazy\" decoding=\"async\" class=\"alignnone size-medium wp-image-5701\" src=\"https:\/\/distribucionarc.com\/wp-content\/uploads\/2023\/05\/amasadora-pizza-medidas-300x300.jpg\" alt=\"\" width=\"300\" height=\"300\" srcset=\"https:\/\/distribucionarc.com\/wp-content\/uploads\/2023\/05\/amasadora-pizza-medidas-300x300.jpg 300w, https:\/\/distribucionarc.com\/wp-content\/uploads\/2023\/05\/amasadora-pizza-medidas-430x430.jpg 430w, https:\/\/distribucionarc.com\/wp-content\/uploads\/2023\/05\/amasadora-pizza-medidas-150x150.jpg 150w, https:\/\/distribucionarc.com\/wp-content\/uploads\/2023\/05\/amasadora-pizza-medidas-700x700.jpg 700w, https:\/\/distribucionarc.com\/wp-content\/uploads\/2023\/05\/amasadora-pizza-medidas-768x768.jpg 768w, https:\/\/distribucionarc.com\/wp-content\/uploads\/2023\/05\/amasadora-pizza-medidas-12x12.jpg 12w, https:\/\/distribucionarc.com\/wp-content\/uploads\/2023\/05\/amasadora-pizza-medidas-48x48.jpg 48w, https:\/\/distribucionarc.com\/wp-content\/uploads\/2023\/05\/amasadora-pizza-medidas.jpg 1000w\" sizes=\"auto, (max-width: 300px) 100vw, 300px\" \/><\/a><\/p>\n<p>Toto <strong>priemyseln\u00fd miesi\u010d cesta na pizzu<\/strong> Ide o kvalitn\u00fd v\u00fdrobok vyr\u00e1ban\u00fd v Eur\u00f3pe s kapacitou cesta do 100 kg. M\u00e1 dotykov\u00fd displej, tich\u00fd chod, dva stupne r\u00fdchlosti, nastavite\u013en\u00fa dobu prev\u00e1dzky, \u010dasova\u010d a n\u00fadzov\u00e9 zastavenie. Je mo\u017en\u00e9 ho ovl\u00e1da\u0165 automaticky, poloautomaticky alebo manu\u00e1lne Jeho vonkaj\u0161ie rozmery s\u00fa 710 mm x 1 020 mm x 1 700 mm a jeho elektrick\u00e9 pripojenie je 3N\/PE\/N\/PE voltov\/50 Hz s v\u00fdkonom 1,5 -2 kW .<\/p>\n<p>Technick\u00e9 \u0161pecifik\u00e1cie <strong>AR00907<\/strong><\/p>\n<ul>\n<li>\u0160\u00edrka: 710 mm<\/li>\n<li>H\u013abka: 1 020 mm<\/li>\n<li>V\u00fd\u0161ka: 1 700 mm<\/li>\n<li>Typ zariadenia: mix\u00e9r na cesto<\/li>\n<li>Objem n\u00e1doby: 160 l<\/li>\n<li>Kapacita: 100 kg<\/li>\n<li>V\u00fdkon: 1,5 \u2013 2,2 kW<\/li>\n<li>Nap\u00e4tie: 400V<\/li>\n<li>F\u00e1zy: 3N\/PE<\/li>\n<li>Frekvencia: 50Hz<\/li>\n<li>Hmotnos\u0165 615 kg<\/li>\n<\/ul>\n<p>&nbsp;<\/p>\n<h3>Dvojramenn\u00e1 priemyseln\u00e1 bat\u00e9ria 175l<\/h3>\n<p><a href=\"https:\/\/distribucionarc.com\/wp-content\/uploads\/2023\/05\/amasadora-doble-brazo.jpg\"><img loading=\"lazy\" decoding=\"async\" class=\"alignnone size-medium wp-image-5702\" src=\"https:\/\/distribucionarc.com\/wp-content\/uploads\/2023\/05\/amasadora-doble-brazo-300x300.jpg\" alt=\"\" width=\"300\" height=\"300\" srcset=\"https:\/\/distribucionarc.com\/wp-content\/uploads\/2023\/05\/amasadora-doble-brazo-300x300.jpg 300w, https:\/\/distribucionarc.com\/wp-content\/uploads\/2023\/05\/amasadora-doble-brazo-430x430.jpg 430w, https:\/\/distribucionarc.com\/wp-content\/uploads\/2023\/05\/amasadora-doble-brazo-150x150.jpg 150w, https:\/\/distribucionarc.com\/wp-content\/uploads\/2023\/05\/amasadora-doble-brazo-700x700.jpg 700w, https:\/\/distribucionarc.com\/wp-content\/uploads\/2023\/05\/amasadora-doble-brazo-768x768.jpg 768w, https:\/\/distribucionarc.com\/wp-content\/uploads\/2023\/05\/amasadora-doble-brazo-12x12.jpg 12w, https:\/\/distribucionarc.com\/wp-content\/uploads\/2023\/05\/amasadora-doble-brazo-48x48.jpg 48w, https:\/\/distribucionarc.com\/wp-content\/uploads\/2023\/05\/amasadora-doble-brazo.jpg 1000w\" sizes=\"auto, (max-width: 300px) 100vw, 300px\" \/><\/a><\/p>\n<p>The <strong>dvojramenn\u00fd mix\u00e9r<\/strong> Je to kvalitn\u00fd v\u00fdrobok vyroben\u00fd v Eur\u00f3pe M\u00e1 dotykov\u00fd displej, tich\u00fd chod, 2 r\u00fdchlostn\u00e9 stupne, nastavite\u013en\u00fa dobu prev\u00e1dzky, \u010dasova\u010d a n\u00fadzov\u00e9 zastavenie. M\u00f4\u017ee pracova\u0165 v automatickom, poloautomatickom alebo manu\u00e1lnom re\u017eime a \u013eahko sa \u010dist\u00ed. Mix\u00e9r je vyroben\u00fd z vysoko kvalitnej nehrdzavej\u00facej ocele AISI 316L. S elektrick\u00fdm pripojen\u00edm 3N\/PE \/ N \/ PE voltov \/ 50 Hz a v\u00fdkonom 2,5 \u2013 4,0 kW s\u00fa jeho vonkaj\u0161ie rozmery 850 mm x 1 050 mm x 1 700 mm.<\/p>\n<p>Technick\u00e9 \u0161pecifik\u00e1cie <strong>AR00908<\/strong><\/p>\n<ul>\n<li>Typ zariadenia: mix\u00e9r na cesto<\/li>\n<li>Objem n\u00e1doby: 175 l<\/li>\n<li>Nosnos\u0165: 120 kg<\/li>\n<li>\u0160\u00edrka: 850 mm<\/li>\n<li>H\u013abka: 1 050 mm<\/li>\n<li>V\u00fd\u0161ka: 1 700 mm<\/li>\n<li>V\u00fdkon: 2,5 \u2013 4,0 kW<\/li>\n<li>Nap\u00e4tie: 400V<\/li>\n<li>F\u00e1zy: 3N\/PE<\/li>\n<li>Frekvencia: 50Hz<\/li>\n<li>Hmotnos\u0165: 765 kg<\/li>\n<\/ul>\n<p>&nbsp;<\/p>","protected":false},"excerpt":{"rendered":"<p>The <strong>dvojramenn\u00e9 mix\u00e9ry<\/strong> S\u00fa to vysokokapacitn\u00e9 stroje pou\u017e\u00edvan\u00e9 v potravin\u00e1rskom priemysle na miesenie ve\u013ek\u00e9ho mno\u017estva cesta. s\u00fa <a href=\"https:\/\/distribucionarc.com\/sk\/produktovu-kategoriu\/pohostinnost\/priemyselne-miesacky\/\">priemyseln\u00e9 mie\u0161a\u010dky<\/a> Maj\u00fa dve mie\u0161acie ramen\u00e1, ktor\u00e9 spolupracuj\u00fa na dosiahnut\u00ed homog\u00e9nnej a jednotnej zmesi. S\u00fa navrhnut\u00e9 na pr\u00e1cu s hust\u00fdmi a \u0165a\u017ek\u00fdmi hmotami a ich ve\u013ekos\u0165 a kapacita sa l\u00ed\u0161ia pod\u013ea potrieb u\u017e\u00edvate\u013ea. Dvojramenn\u00e9 mix\u00e9ry s\u00fa ide\u00e1lne pre <strong>pek\u00e1rne<\/strong>, <strong>pe\u010divo<\/strong> a \u010fal\u0161ie <strong>potravin\u00e1rsky priemysel<\/strong> ktor\u00e9 si vy\u017eaduj\u00fa efekt\u00edvnu a vysokokvalitn\u00fa zmes.<\/p>","protected":false},"featured_media":5696,"comment_status":"open","ping_status":"closed","template":"","meta":{"wds_primary_product_brand":0,"wds_primary_product_cat":0},"product_brand":[],"product_cat":[95],"product_tag":[],"class_list":{"0":"post-5695","1":"product","2":"type-product","3":"status-publish","4":"has-post-thumbnail","6":"product_cat-amasadoras-industriales","7":"product_shipping_class-express","9":"first","10":"instock","11":"taxable","12":"shipping-taxable","13":"purchasable","14":"product-type-simple"},"yoast_head":"<!-- This site is optimized with the Yoast SEO Premium plugin v24.9 (Yoast SEO v26.1) - https:\/\/yoast.com\/wordpress\/plugins\/seo\/ -->\n<title>Amasadora industrial de doble brazo de 87 litros a 175litros - distribuci\u00f3n ARC<\/title>\n<meta name=\"robots\" content=\"index, follow, max-snippet:-1, max-image-preview:large, max-video-preview:-1\" \/>\n<link rel=\"canonical\" href=\"https:\/\/distribucionarc.com\/sk\/produktov\/dvojramenna-priemyselna-miesacka-od-87l-do-175l\/\" \/>\n<meta property=\"og:locale\" content=\"sk_SK\" \/>\n<meta property=\"og:type\" content=\"article\" \/>\n<meta property=\"og:title\" content=\"Amasadora industrial de doble brazo de 87 litros a 175litros\" \/>\n<meta property=\"og:description\" content=\"Las amasadoras de doble brazo son m\u00e1quinas de alta capacidad utilizadas en la industria alimentaria para mezclar grandes cantidades de masa. Estas amasadoras industriales cuentan con dos brazos mezcladores que trabajan en conjunto para lograr una mezcla homog\u00e9nea y uniforme. Est\u00e1n dise\u00f1adas para trabajar con masas densas y pesadas, y su tama\u00f1o y capacidad var\u00edan seg\u00fan las necesidades del usuario. Las amasadoras de doble brazo son ideales para panader\u00edas, pasteler\u00edas y otras industrias alimentarias que requieren una mezcla eficiente y de alta calidad.\" \/>\n<meta property=\"og:url\" content=\"https:\/\/distribucionarc.com\/sk\/produktov\/dvojramenna-priemyselna-miesacka-od-87l-do-175l\/\" \/>\n<meta property=\"og:site_name\" content=\"distribuci\u00f3n ARC\" \/>\n<meta property=\"article:modified_time\" content=\"2023-05-11T14:12:49+00:00\" \/>\n<meta property=\"og:image\" content=\"https:\/\/distribucionarc.com\/wp-content\/uploads\/2023\/05\/amasadora-industrial-panaderia.jpg\" \/>\n\t<meta property=\"og:image:width\" content=\"1000\" \/>\n\t<meta property=\"og:image:height\" content=\"1000\" \/>\n\t<meta property=\"og:image:type\" content=\"image\/jpeg\" \/>\n<meta name=\"twitter:card\" content=\"summary_large_image\" \/>\n<meta name=\"twitter:label1\" content=\"Predpokladan\u00fd \u010das \u010d\u00edtania\" \/>\n\t<meta name=\"twitter:data1\" content=\"3 min\u00faty\" \/>\n<script type=\"application\/ld+json\" class=\"yoast-schema-graph\">{\"@context\":\"https:\/\/schema.org\",\"@graph\":[{\"@type\":\"WebPage\",\"@id\":\"https:\/\/distribucionarc.com\/sk\/producto\/amasadora-industrial-de-doble-brazo-de-87l-a-175l\/\",\"url\":\"https:\/\/distribucionarc.com\/sk\/producto\/amasadora-industrial-de-doble-brazo-de-87l-a-175l\/\",\"name\":\"Amasadora industrial de doble brazo de 87 litros a 175litros - distribuci\u00f3n ARC\",\"isPartOf\":{\"@id\":\"https:\/\/www.distribucionarc.com\/de\/#website\"},\"primaryImageOfPage\":{\"@id\":\"https:\/\/distribucionarc.com\/sk\/producto\/amasadora-industrial-de-doble-brazo-de-87l-a-175l\/#primaryimage\"},\"image\":{\"@id\":\"https:\/\/distribucionarc.com\/sk\/producto\/amasadora-industrial-de-doble-brazo-de-87l-a-175l\/#primaryimage\"},\"thumbnailUrl\":\"https:\/\/distribucionarc.com\/wp-content\/uploads\/2023\/05\/amasadora-industrial-panaderia.jpg\",\"datePublished\":\"2023-05-11T11:45:26+00:00\",\"dateModified\":\"2023-05-11T14:12:49+00:00\",\"breadcrumb\":{\"@id\":\"https:\/\/distribucionarc.com\/sk\/producto\/amasadora-industrial-de-doble-brazo-de-87l-a-175l\/#breadcrumb\"},\"inLanguage\":\"sk-SK\",\"potentialAction\":[{\"@type\":\"ReadAction\",\"target\":[\"https:\/\/distribucionarc.com\/sk\/producto\/amasadora-industrial-de-doble-brazo-de-87l-a-175l\/\"]}]},{\"@type\":\"ImageObject\",\"inLanguage\":\"sk-SK\",\"@id\":\"https:\/\/distribucionarc.com\/sk\/producto\/amasadora-industrial-de-doble-brazo-de-87l-a-175l\/#primaryimage\",\"url\":\"https:\/\/distribucionarc.com\/wp-content\/uploads\/2023\/05\/amasadora-industrial-panaderia.jpg\",\"contentUrl\":\"https:\/\/distribucionarc.com\/wp-content\/uploads\/2023\/05\/amasadora-industrial-panaderia.jpg\",\"width\":1000,\"height\":1000},{\"@type\":\"BreadcrumbList\",\"@id\":\"https:\/\/distribucionarc.com\/sk\/producto\/amasadora-industrial-de-doble-brazo-de-87l-a-175l\/#breadcrumb\",\"itemListElement\":[{\"@type\":\"ListItem\",\"position\":1,\"name\":\"Portada\",\"item\":\"https:\/\/www.distribucionarc.com\/en\/\"},{\"@type\":\"ListItem\",\"position\":2,\"name\":\"Products\",\"item\":\"https:\/\/www.distribucionarc.com\/en\/shop\/\"},{\"@type\":\"ListItem\",\"position\":3,\"name\":\"Amasadora industrial de doble brazo de 87 litros a 175litros\"}]},{\"@type\":\"WebSite\",\"@id\":\"https:\/\/www.distribucionarc.com\/de\/#website\",\"url\":\"https:\/\/www.distribucionarc.com\/de\/\",\"name\":\"distribuci\u00f3n ARC\",\"description\":\"Empresa especializada en la fabricaci\u00f3n y distribuci\u00f3n de maquinaria industrial, selladoras de latas, Maquinas de hacer pastillas, Maquinas de cortar carne...\",\"publisher\":{\"@id\":\"https:\/\/www.distribucionarc.com\/de\/#organization\"},\"potentialAction\":[{\"@type\":\"SearchAction\",\"target\":{\"@type\":\"EntryPoint\",\"urlTemplate\":\"https:\/\/www.distribucionarc.com\/de\/?s={search_term_string}\"},\"query-input\":{\"@type\":\"PropertyValueSpecification\",\"valueRequired\":true,\"valueName\":\"search_term_string\"}}],\"inLanguage\":\"sk-SK\"},{\"@type\":\"Organization\",\"@id\":\"https:\/\/www.distribucionarc.com\/de\/#organization\",\"name\":\"Distribuci\u00f3n ARC\",\"url\":\"https:\/\/www.distribucionarc.com\/de\/\",\"logo\":{\"@type\":\"ImageObject\",\"inLanguage\":\"sk-SK\",\"@id\":\"https:\/\/www.distribucionarc.com\/de\/#\/schema\/logo\/image\/\",\"url\":\"https:\/\/distribucionarc.com\/wp-content\/uploads\/2024\/10\/distribucion-ARC-COLOR-SIN-FONDO-e1732295305345.png\",\"contentUrl\":\"https:\/\/distribucionarc.com\/wp-content\/uploads\/2024\/10\/distribucion-ARC-COLOR-SIN-FONDO-e1732295305345.png\",\"width\":1164,\"height\":558,\"caption\":\"Distribuci\u00f3n ARC\"},\"image\":{\"@id\":\"https:\/\/www.distribucionarc.com\/de\/#\/schema\/logo\/image\/\"},\"description\":\"Empresa especializada en la fabricaci\u00f3n y distribuci\u00f3n de maquinaria industrial para los sectores alimentario y farmac\u00e9utico. Nos especializamos en: M\u00e1quinas de cortar carne Fabricaci\u00f3n de comprimidos Sistemas de transporte industrial L\u00edneas de embotellado Dosificadores Y mucho m\u00e1s... Ofrecemos soluciones innovadoras y personalizadas para optimizar los procesos productivos de tu empresa.\",\"email\":\"Admistracion@distribucionarc.com\",\"telephone\":\"+34 643496664\",\"legalName\":\"ARC TECH SOLUTIONS\",\"foundingDate\":\"2024-04-09\",\"vatID\":\"B55480172\",\"numberOfEmployees\":{\"@type\":\"QuantitativeValue\",\"minValue\":\"1\",\"maxValue\":\"10\"}}]}<\/script>\n<!-- \/ Yoast SEO Premium plugin. -->","yoast_head_json":{"title":"Priemyseln\u00e1 dvojramenn\u00e1 bat\u00e9ria od 87 litrov do 175 litrov - rozvod ARC","robots":{"index":"index","follow":"follow","max-snippet":"max-snippet:-1","max-image-preview":"max-image-preview:large","max-video-preview":"max-video-preview:-1"},"canonical":"https:\/\/distribucionarc.com\/sk\/produktov\/dvojramenna-priemyselna-miesacka-od-87l-do-175l\/","og_locale":"sk_SK","og_type":"article","og_title":"Amasadora industrial de doble brazo de 87 litros a 175litros","og_description":"Las amasadoras de doble brazo son m\u00e1quinas de alta capacidad utilizadas en la industria alimentaria para mezclar grandes cantidades de masa. Estas amasadoras industriales cuentan con dos brazos mezcladores que trabajan en conjunto para lograr una mezcla homog\u00e9nea y uniforme. Est\u00e1n dise\u00f1adas para trabajar con masas densas y pesadas, y su tama\u00f1o y capacidad var\u00edan seg\u00fan las necesidades del usuario. Las amasadoras de doble brazo son ideales para panader\u00edas, pasteler\u00edas y otras industrias alimentarias que requieren una mezcla eficiente y de alta calidad.","og_url":"https:\/\/distribucionarc.com\/sk\/produktov\/dvojramenna-priemyselna-miesacka-od-87l-do-175l\/","og_site_name":"distribuci\u00f3n ARC","article_modified_time":"2023-05-11T14:12:49+00:00","og_image":[{"width":1000,"height":1000,"url":"https:\/\/distribucionarc.com\/wp-content\/uploads\/2023\/05\/amasadora-industrial-panaderia.jpg","type":"image\/jpeg"}],"twitter_card":"summary_large_image","twitter_misc":{"Predpokladan\u00fd \u010das \u010d\u00edtania":"3 min\u00faty"},"schema":{"@context":"https:\/\/schema.org","@graph":[{"@type":"WebPage","@id":"https:\/\/distribucionarc.com\/sk\/producto\/amasadora-industrial-de-doble-brazo-de-87l-a-175l\/","url":"https:\/\/distribucionarc.com\/sk\/producto\/amasadora-industrial-de-doble-brazo-de-87l-a-175l\/","name":"Priemyseln\u00e1 dvojramenn\u00e1 bat\u00e9ria od 87 litrov do 175 litrov - rozvod ARC","isPartOf":{"@id":"https:\/\/www.distribucionarc.com\/de\/#website"},"primaryImageOfPage":{"@id":"https:\/\/distribucionarc.com\/sk\/producto\/amasadora-industrial-de-doble-brazo-de-87l-a-175l\/#primaryimage"},"image":{"@id":"https:\/\/distribucionarc.com\/sk\/producto\/amasadora-industrial-de-doble-brazo-de-87l-a-175l\/#primaryimage"},"thumbnailUrl":"https:\/\/distribucionarc.com\/wp-content\/uploads\/2023\/05\/amasadora-industrial-panaderia.jpg","datePublished":"2023-05-11T11:45:26+00:00","dateModified":"2023-05-11T14:12:49+00:00","breadcrumb":{"@id":"https:\/\/distribucionarc.com\/sk\/producto\/amasadora-industrial-de-doble-brazo-de-87l-a-175l\/#breadcrumb"},"inLanguage":"sk-SK","potentialAction":[{"@type":"ReadAction","target":["https:\/\/distribucionarc.com\/sk\/producto\/amasadora-industrial-de-doble-brazo-de-87l-a-175l\/"]}]},{"@type":"ImageObject","inLanguage":"sk-SK","@id":"https:\/\/distribucionarc.com\/sk\/producto\/amasadora-industrial-de-doble-brazo-de-87l-a-175l\/#primaryimage","url":"https:\/\/distribucionarc.com\/wp-content\/uploads\/2023\/05\/amasadora-industrial-panaderia.jpg","contentUrl":"https:\/\/distribucionarc.com\/wp-content\/uploads\/2023\/05\/amasadora-industrial-panaderia.jpg","width":1000,"height":1000},{"@type":"BreadcrumbList","@id":"https:\/\/distribucionarc.com\/sk\/producto\/amasadora-industrial-de-doble-brazo-de-87l-a-175l\/#breadcrumb","itemListElement":[{"@type":"ListItem","position":1,"name":"Portada","item":"https:\/\/www.distribucionarc.com\/en\/"},{"@type":"ListItem","position":2,"name":"Products","item":"https:\/\/www.distribucionarc.com\/en\/shop\/"},{"@type":"ListItem","position":3,"name":"Amasadora industrial de doble brazo de 87 litros a 175litros"}]},{"@type":"WebSite","@id":"https:\/\/www.distribucionarc.com\/de\/#website","url":"https:\/\/www.distribucionarc.com\/de\/","name":"ARC distrib\u00facia","description":"Spolo\u010dnos\u0165 sa \u0161pecializuje na v\u00fdrobu a distrib\u00faciu priemyseln\u00fdch strojov, strojov na uzatv\u00e1ranie plechoviek, strojov na v\u00fdrobu tabliet, strojov na porciovanie m\u00e4sa...","publisher":{"@id":"https:\/\/www.distribucionarc.com\/de\/#organization"},"potentialAction":[{"@type":"SearchAction","target":{"@type":"EntryPoint","urlTemplate":"https:\/\/www.distribucionarc.com\/de\/?s={search_term_string}"},"query-input":{"@type":"PropertyValueSpecification","valueRequired":true,"valueName":"search_term_string"}}],"inLanguage":"sk-SK"},{"@type":"Organization","@id":"https:\/\/www.distribucionarc.com\/de\/#organization","name":"Distrib\u00facia ARC","url":"https:\/\/www.distribucionarc.com\/de\/","logo":{"@type":"ImageObject","inLanguage":"sk-SK","@id":"https:\/\/www.distribucionarc.com\/de\/#\/schema\/logo\/image\/","url":"https:\/\/distribucionarc.com\/wp-content\/uploads\/2024\/10\/distribucion-ARC-COLOR-SIN-FONDO-e1732295305345.png","contentUrl":"https:\/\/distribucionarc.com\/wp-content\/uploads\/2024\/10\/distribucion-ARC-COLOR-SIN-FONDO-e1732295305345.png","width":1164,"height":558,"caption":"Distribuci\u00f3n ARC"},"image":{"@id":"https:\/\/www.distribucionarc.com\/de\/#\/schema\/logo\/image\/"},"description":"Spolo\u010dnos\u0165 \u0161pecializuj\u00faca sa na v\u00fdrobu a distrib\u00faciu priemyseln\u00fdch strojov pre potravin\u00e1rsky a farmaceutick\u00fd sektor. \u0160pecializujeme sa na: Stroje na kr\u00e1janie m\u00e4sa V\u00fdroba tabliet Priemyseln\u00e9 dopravn\u00e9 syst\u00e9my D\u00e1vkova\u010de na f\u013ea\u0161e A ove\u013ea viac... Pon\u00fakame inovat\u00edvne a prisp\u00f4soben\u00e9 rie\u0161enia na optimaliz\u00e1ciu v\u00fdrobn\u00fdch procesov va\u0161ej spolo\u010dnosti.","email":"Admistracion@distribucionarc.com","telephone":"+34 643496664","legalName":"ARC TECH SOLUTIONS","foundingDate":"2024-04-09","vatID":"B55480172","numberOfEmployees":{"@type":"QuantitativeValue","minValue":"1","maxValue":"10"}}]}},"_links":{"self":[{"href":"https:\/\/distribucionarc.com\/sk\/wp-json\/wp\/v2\/product\/5695","targetHints":{"allow":["GET"]}}],"collection":[{"href":"https:\/\/distribucionarc.com\/sk\/wp-json\/wp\/v2\/product"}],"about":[{"href":"https:\/\/distribucionarc.com\/sk\/wp-json\/wp\/v2\/types\/product"}],"replies":[{"embeddable":true,"href":"https:\/\/distribucionarc.com\/sk\/wp-json\/wp\/v2\/comments?post=5695"}],"version-history":[{"count":0,"href":"https:\/\/distribucionarc.com\/sk\/wp-json\/wp\/v2\/product\/5695\/revisions"}],"wp:featuredmedia":[{"embeddable":true,"href":"https:\/\/distribucionarc.com\/sk\/wp-json\/wp\/v2\/media\/5696"}],"wp:attachment":[{"href":"https:\/\/distribucionarc.com\/sk\/wp-json\/wp\/v2\/media?parent=5695"}],"wp:term":[{"taxonomy":"product_brand","embeddable":true,"href":"https:\/\/distribucionarc.com\/sk\/wp-json\/wp\/v2\/product_brand?post=5695"},{"taxonomy":"product_cat","embeddable":true,"href":"https:\/\/distribucionarc.com\/sk\/wp-json\/wp\/v2\/product_cat?post=5695"},{"taxonomy":"product_tag","embeddable":true,"href":"https:\/\/distribucionarc.com\/sk\/wp-json\/wp\/v2\/product_tag?post=5695"}],"curies":[{"name":"pracovn\u00fd list","href":"https:\/\/api.w.org\/{rel}","templated":true}]}}