{"id":6223,"date":"2023-07-26T14:20:26","date_gmt":"2023-07-26T14:20:26","guid":{"rendered":"https:\/\/distribucionarc.com\/?post_type=product&#038;p=6223"},"modified":"2023-07-26T15:28:16","modified_gmt":"2023-07-26T15:28:16","slug":"linearne-priemyselne-vakuove-balenie-4000-uh","status":"publish","type":"product","link":"https:\/\/distribucionarc.com\/sk\/producto\/envasadora-al-vacio-lineal-industrial-4000-u-h\/","title":{"rendered":"Priemyseln\u00fd line\u00e1rny v\u00e1kuov\u00fd baliaci stroj 4000 u\/h"},"content":{"rendered":"<p>&nbsp;<\/p>\n<h2>Priemyseln\u00fd line\u00e1rny v\u00e1kuov\u00fd baliaci stroj model 320-T<\/h2>\n<p><a href=\"https:\/\/distribucionarc.com\/wp-content\/uploads\/2023\/07\/envasadora-al-vacio-lineal.jpg\"><img loading=\"lazy\" decoding=\"async\" class=\"alignnone size-medium wp-image-6228\" src=\"https:\/\/distribucionarc.com\/wp-content\/uploads\/2023\/07\/envasadora-al-vacio-lineal-225x300.jpg\" alt=\"\" width=\"225\" height=\"300\" srcset=\"https:\/\/distribucionarc.com\/wp-content\/uploads\/2023\/07\/envasadora-al-vacio-lineal-225x300.jpg 225w, https:\/\/distribucionarc.com\/wp-content\/uploads\/2023\/07\/envasadora-al-vacio-lineal-430x574.jpg 430w, https:\/\/distribucionarc.com\/wp-content\/uploads\/2023\/07\/envasadora-al-vacio-lineal-150x200.jpg 150w, https:\/\/distribucionarc.com\/wp-content\/uploads\/2023\/07\/envasadora-al-vacio-lineal-700x934.jpg 700w, https:\/\/distribucionarc.com\/wp-content\/uploads\/2023\/07\/envasadora-al-vacio-lineal-768x1024.jpg 768w, https:\/\/distribucionarc.com\/wp-content\/uploads\/2023\/07\/envasadora-al-vacio-lineal-1152x1536.jpg 1152w, https:\/\/distribucionarc.com\/wp-content\/uploads\/2023\/07\/envasadora-al-vacio-lineal-9x12.jpg 9w, https:\/\/distribucionarc.com\/wp-content\/uploads\/2023\/07\/envasadora-al-vacio-lineal-48x64.jpg 48w, https:\/\/distribucionarc.com\/wp-content\/uploads\/2023\/07\/envasadora-al-vacio-lineal.jpg 1276w\" sizes=\"auto, (max-width: 225px) 100vw, 225px\" \/><\/a>\u00a0 \u00a0 \u00a0 \u00a0 \u00a0 \u00a0 \u00a0 <a href=\"https:\/\/distribucionarc.com\/wp-content\/uploads\/2023\/07\/envasadora-lineal-al-vacio.jpg\"><img loading=\"lazy\" decoding=\"async\" class=\"alignnone size-medium wp-image-6229\" src=\"https:\/\/distribucionarc.com\/wp-content\/uploads\/2023\/07\/envasadora-lineal-al-vacio-225x300.jpg\" alt=\"\" width=\"225\" height=\"300\" srcset=\"https:\/\/distribucionarc.com\/wp-content\/uploads\/2023\/07\/envasadora-lineal-al-vacio-225x300.jpg 225w, https:\/\/distribucionarc.com\/wp-content\/uploads\/2023\/07\/envasadora-lineal-al-vacio-430x574.jpg 430w, https:\/\/distribucionarc.com\/wp-content\/uploads\/2023\/07\/envasadora-lineal-al-vacio-150x200.jpg 150w, https:\/\/distribucionarc.com\/wp-content\/uploads\/2023\/07\/envasadora-lineal-al-vacio-700x934.jpg 700w, https:\/\/distribucionarc.com\/wp-content\/uploads\/2023\/07\/envasadora-lineal-al-vacio-768x1024.jpg 768w, https:\/\/distribucionarc.com\/wp-content\/uploads\/2023\/07\/envasadora-lineal-al-vacio-1152x1536.jpg 1152w, https:\/\/distribucionarc.com\/wp-content\/uploads\/2023\/07\/envasadora-lineal-al-vacio-9x12.jpg 9w, https:\/\/distribucionarc.com\/wp-content\/uploads\/2023\/07\/envasadora-lineal-al-vacio-48x64.jpg 48w, https:\/\/distribucionarc.com\/wp-content\/uploads\/2023\/07\/envasadora-lineal-al-vacio.jpg 1276w\" sizes=\"auto, (max-width: 225px) 100vw, 225px\" \/><\/a><\/p>\n<p><strong>Priemyseln\u00fd line\u00e1rny v\u00e1kuov\u00fd baliaci stroj model 320-T<\/strong>, je najmodernej\u0161\u00ed stroj navrhnut\u00fd tak, aby pon\u00fakal flexibilitu a v\u00fdkon v procese balenia.<strong> Baliaci stroj 320-T<\/strong> Vynik\u00e1 svojou schopnos\u0165ou prisp\u00f4sobi\u0165 sa ve\u013ekosti baliaceho vrecka. V\u010faka \u0161\u00edrke v\u00e1kuov\u00e9ho kot\u00fa\u010da 292 mm a \u0161\u00edrke kot\u00fa\u010da v\u00e1kuov\u00e9ho vrecka 322 mm v\u00e1m t\u00e1to zv\u00e1ra\u010dka poskytuje flexibilitu pri pr\u00e1ci s r\u00f4znymi ve\u013ekos\u0165ami vreciek.<\/p>\n<h3><strong>Line\u00e1rny priemyseln\u00fd v\u00e1kuov\u00fd baliaci stroj 420-T<\/strong><\/h3>\n<p><a href=\"https:\/\/distribucionarc.com\/wp-content\/uploads\/2023\/07\/envasadora-al-vacio-lineal-industrial.jpg\"><img loading=\"lazy\" decoding=\"async\" class=\"alignnone size-medium wp-image-6227\" src=\"https:\/\/distribucionarc.com\/wp-content\/uploads\/2023\/07\/envasadora-al-vacio-lineal-industrial-225x300.jpg\" alt=\"\" width=\"225\" height=\"300\" srcset=\"https:\/\/distribucionarc.com\/wp-content\/uploads\/2023\/07\/envasadora-al-vacio-lineal-industrial-225x300.jpg 225w, https:\/\/distribucionarc.com\/wp-content\/uploads\/2023\/07\/envasadora-al-vacio-lineal-industrial-430x574.jpg 430w, https:\/\/distribucionarc.com\/wp-content\/uploads\/2023\/07\/envasadora-al-vacio-lineal-industrial-150x200.jpg 150w, https:\/\/distribucionarc.com\/wp-content\/uploads\/2023\/07\/envasadora-al-vacio-lineal-industrial-700x934.jpg 700w, https:\/\/distribucionarc.com\/wp-content\/uploads\/2023\/07\/envasadora-al-vacio-lineal-industrial-768x1024.jpg 768w, https:\/\/distribucionarc.com\/wp-content\/uploads\/2023\/07\/envasadora-al-vacio-lineal-industrial-1152x1536.jpg 1152w, https:\/\/distribucionarc.com\/wp-content\/uploads\/2023\/07\/envasadora-al-vacio-lineal-industrial-9x12.jpg 9w, https:\/\/distribucionarc.com\/wp-content\/uploads\/2023\/07\/envasadora-al-vacio-lineal-industrial-48x64.jpg 48w, https:\/\/distribucionarc.com\/wp-content\/uploads\/2023\/07\/envasadora-al-vacio-lineal-industrial.jpg 1276w\" sizes=\"auto, (max-width: 225px) 100vw, 225px\" \/>\u00a0\u00a0\u00a0\u00a0\u00a0\u00a0\u00a0\u00a0\u00a0 <\/a><a href=\"https:\/\/distribucionarc.com\/wp-content\/uploads\/2023\/07\/bolsas-envasadora-al-vacio.jpg\"><img loading=\"lazy\" decoding=\"async\" class=\"alignnone size-medium wp-image-6232\" src=\"https:\/\/distribucionarc.com\/wp-content\/uploads\/2023\/07\/bolsas-envasadora-al-vacio-225x300.jpg\" alt=\"\" width=\"225\" height=\"300\" srcset=\"https:\/\/distribucionarc.com\/wp-content\/uploads\/2023\/07\/bolsas-envasadora-al-vacio-225x300.jpg 225w, https:\/\/distribucionarc.com\/wp-content\/uploads\/2023\/07\/bolsas-envasadora-al-vacio-430x574.jpg 430w, https:\/\/distribucionarc.com\/wp-content\/uploads\/2023\/07\/bolsas-envasadora-al-vacio-150x200.jpg 150w, https:\/\/distribucionarc.com\/wp-content\/uploads\/2023\/07\/bolsas-envasadora-al-vacio-700x934.jpg 700w, https:\/\/distribucionarc.com\/wp-content\/uploads\/2023\/07\/bolsas-envasadora-al-vacio-768x1024.jpg 768w, https:\/\/distribucionarc.com\/wp-content\/uploads\/2023\/07\/bolsas-envasadora-al-vacio-1152x1536.jpg 1152w, https:\/\/distribucionarc.com\/wp-content\/uploads\/2023\/07\/bolsas-envasadora-al-vacio-9x12.jpg 9w, https:\/\/distribucionarc.com\/wp-content\/uploads\/2023\/07\/bolsas-envasadora-al-vacio-48x64.jpg 48w, https:\/\/distribucionarc.com\/wp-content\/uploads\/2023\/07\/bolsas-envasadora-al-vacio.jpg 1276w\" sizes=\"auto, (max-width: 225px) 100vw, 225px\" \/><\/a><\/p>\n<p><strong>Line\u00e1rny priemyseln\u00fd v\u00e1kuov\u00fd baliaci stroj model 420-T<\/strong>, v\u0161estrann\u00fd a efekt\u00edvny stroj V\u010faka robustn\u00e9mu dizajnu a pokro\u010dil\u00fdm technick\u00fdm vlastnostiam je tento baliaci stroj navrhnut\u00fd tak, aby pon\u00fakal vysok\u00fd v\u00fdkon a kvalitn\u00e9 v\u00fdsledky. <strong>Baliaci stroj 420-T<\/strong> Pon\u00faka r\u00fdchlos\u0165 v\u00fdroby, ktor\u00e1 sa men\u00ed v z\u00e1vislosti od ve\u013ekosti a typu produktu, ktor\u00fd sa m\u00e1 zabali\u0165. V optim\u00e1lnych podmienkach m\u00f4\u017ee dosiahnu\u0165 p\u00f4sobiv\u00fa vari\u00e1ciu medzi 2000 a 3000 p\/h. s rolkou 392 mm baliacich vreciek a 422 mm st\u00fapaj\u00facou rolkou.<\/p>\n<h3>Line\u00e1rna v\u00e1kuov\u00e1 zv\u00e1ra\u010dka model 520-T<\/h3>\n<p><strong>Line\u00e1rny v\u00e1kuov\u00fd tmel Model 520-T<\/strong> Vysok\u00fd v\u00fdkon, navrhnut\u00fd pre najn\u00e1ro\u010dnej\u0161ie potreby balenia v priemyselnom a komer\u010dnom prostred\u00ed. V\u00fdrobn\u00e1 kapacita:<strong> V\u00e1kuov\u00e1 zv\u00e1ra\u010dka<\/strong> M\u00e1 trojradov\u00fa konfigur\u00e1ciu v troch st\u013apcoch, \u010do umo\u017e\u0148uje s\u00fa\u010dasn\u00e9 balenie 9 vriec. S p\u00f4sobivou r\u00fdchlos\u0165ou dok\u00e1\u017ee zabali\u0165 36 a\u017e 63 vriec len za 1 min\u00fatu s v\u00fdrobn\u00fdm rozsahom 2 160 a\u017e 3 780 vriec za hodinu. (plne prisp\u00f4soben\u00e9 ta\u0161ky)<\/p>\n<p><a href=\"https:\/\/distribucionarc.com\/wp-content\/uploads\/2023\/07\/envasadora-lineal-al-vacio-industrial.jpg\"><img loading=\"lazy\" decoding=\"async\" class=\"alignnone size-medium wp-image-6226\" src=\"https:\/\/distribucionarc.com\/wp-content\/uploads\/2023\/07\/envasadora-lineal-al-vacio-industrial-225x300.jpg\" alt=\"\" width=\"225\" height=\"300\" srcset=\"https:\/\/distribucionarc.com\/wp-content\/uploads\/2023\/07\/envasadora-lineal-al-vacio-industrial-225x300.jpg 225w, https:\/\/distribucionarc.com\/wp-content\/uploads\/2023\/07\/envasadora-lineal-al-vacio-industrial-430x574.jpg 430w, https:\/\/distribucionarc.com\/wp-content\/uploads\/2023\/07\/envasadora-lineal-al-vacio-industrial-150x200.jpg 150w, https:\/\/distribucionarc.com\/wp-content\/uploads\/2023\/07\/envasadora-lineal-al-vacio-industrial-700x934.jpg 700w, https:\/\/distribucionarc.com\/wp-content\/uploads\/2023\/07\/envasadora-lineal-al-vacio-industrial-768x1024.jpg 768w, https:\/\/distribucionarc.com\/wp-content\/uploads\/2023\/07\/envasadora-lineal-al-vacio-industrial-1152x1536.jpg 1152w, https:\/\/distribucionarc.com\/wp-content\/uploads\/2023\/07\/envasadora-lineal-al-vacio-industrial-9x12.jpg 9w, https:\/\/distribucionarc.com\/wp-content\/uploads\/2023\/07\/envasadora-lineal-al-vacio-industrial-48x64.jpg 48w, https:\/\/distribucionarc.com\/wp-content\/uploads\/2023\/07\/envasadora-lineal-al-vacio-industrial.jpg 1276w\" sizes=\"auto, (max-width: 225px) 100vw, 225px\" \/><\/a><\/p>\n<p><a href=\"https:\/\/distribucionarc.com\/wp-content\/uploads\/2023\/07\/complementos-envasadora-lineal.jpeg\"><img loading=\"lazy\" decoding=\"async\" class=\"alignnone wp-image-6236\" src=\"https:\/\/distribucionarc.com\/wp-content\/uploads\/2023\/07\/complementos-envasadora-lineal-261x300.jpeg\" alt=\"\" width=\"392\" height=\"451\" srcset=\"https:\/\/distribucionarc.com\/wp-content\/uploads\/2023\/07\/complementos-envasadora-lineal-261x300.jpeg 261w, https:\/\/distribucionarc.com\/wp-content\/uploads\/2023\/07\/complementos-envasadora-lineal-430x495.jpeg 430w, https:\/\/distribucionarc.com\/wp-content\/uploads\/2023\/07\/complementos-envasadora-lineal-150x173.jpeg 150w, https:\/\/distribucionarc.com\/wp-content\/uploads\/2023\/07\/complementos-envasadora-lineal-700x805.jpeg 700w, https:\/\/distribucionarc.com\/wp-content\/uploads\/2023\/07\/complementos-envasadora-lineal-890x1024.jpeg 890w, https:\/\/distribucionarc.com\/wp-content\/uploads\/2023\/07\/complementos-envasadora-lineal-768x883.jpeg 768w, https:\/\/distribucionarc.com\/wp-content\/uploads\/2023\/07\/complementos-envasadora-lineal-10x12.jpeg 10w, https:\/\/distribucionarc.com\/wp-content\/uploads\/2023\/07\/complementos-envasadora-lineal-48x55.jpeg 48w, https:\/\/distribucionarc.com\/wp-content\/uploads\/2023\/07\/complementos-envasadora-lineal.jpeg 1000w\" sizes=\"auto, (max-width: 392px) 100vw, 392px\" \/><\/a><\/p>\n<table width=\"568\">\n<tbody>\n<tr>\n<td width=\"142\">MODEL<\/td>\n<td width=\"142\">320-T<\/td>\n<td width=\"142\">420-T<\/td>\n<td width=\"142\">520-T<\/td>\n<\/tr>\n<tr>\n<td width=\"142\">\u0161\u00edrka rolky<\/td>\n<td width=\"142\">292 mm<\/td>\n<td width=\"142\">392 mm<\/td>\n<td width=\"142\">\u00a0492 mm<\/td>\n<\/tr>\n<tr>\n<td width=\"142\">\u0160\u00edrka rolky ta\u0161ky<\/td>\n<td width=\"142\">322 mm<\/td>\n<td width=\"142\">\u00a0422 mm<\/td>\n<td width=\"142\">520 mm<\/td>\n<\/tr>\n<tr>\n<td width=\"142\">v\u00e1kuov\u00e1 pumpa<\/td>\n<td width=\"142\">100-200 pa<\/td>\n<td width=\"142\">200 pa<\/td>\n<td width=\"142\">200-300 pa<\/td>\n<\/tr>\n<tr>\n<td width=\"142\">tlak vzduchu<\/td>\n<td width=\"142\">0,6 mpa<\/td>\n<td width=\"142\">0,6 mpa<\/td>\n<td width=\"142\">0,6 mpa<\/td>\n<\/tr>\n<tr>\n<td width=\"142\">Nap\u00e4tie<\/td>\n<td width=\"142\">380V 50H\/14KW<\/td>\n<td width=\"142\">380W50H\/16KW<\/td>\n<td width=\"142\">380V 50H\/18KW<\/td>\n<\/tr>\n<tr>\n<td width=\"142\">Rozmery<\/td>\n<td width=\"142\">5380 mm * 965 mm * 1880 mm *<\/td>\n<td width=\"142\">6150mm*1080mm*1880mm*<\/td>\n<td width=\"142\">6600mm*1180mm*1880mm*<\/td>\n<\/tr>\n<tr>\n<td width=\"142\">Hmotnos\u0165<\/td>\n<td width=\"142\">1580 kg<\/td>\n<td width=\"142\">\u00a01820 kg<\/td>\n<td width=\"142\">2015 kg<\/td>\n<\/tr>\n<\/tbody>\n<\/table>","protected":false},"excerpt":{"rendered":"<p>&nbsp; Line\u00e1rny priemyseln\u00fd v\u00e1kuov\u00fd baliaci stroj model 320-T Line\u00e1rny priemyseln\u00fd v\u00e1kuov\u00fd baliaci stroj<\/p>","protected":false},"featured_media":6225,"comment_status":"open","ping_status":"closed","template":"","meta":{"wds_primary_product_brand":0,"wds_primary_product_cat":0},"product_brand":[],"product_cat":[266],"product_tag":[],"class_list":{"0":"post-6223","1":"product","2":"type-product","3":"status-publish","4":"has-post-thumbnail","6":"product_cat-accessories","7":"product_shipping_class-express","9":"first","10":"instock","11":"taxable","12":"shipping-taxable","13":"purchasable","14":"product-type-simple"},"yoast_head":"<!-- This site is optimized with the Yoast SEO Premium plugin v24.9 (Yoast SEO v26.1) - https:\/\/yoast.com\/wordpress\/plugins\/seo\/ -->\n<title>Envasadora al vac\u00edo lineal industrial 4000 u\/h - distribuci\u00f3n ARC<\/title>\n<meta name=\"robots\" content=\"index, follow, max-snippet:-1, max-image-preview:large, max-video-preview:-1\" \/>\n<link rel=\"canonical\" href=\"https:\/\/distribucionarc.com\/sk\/produktov\/linearne-priemyselne-vakuove-balenie-4000-uh\/\" \/>\n<meta property=\"og:locale\" content=\"sk_SK\" \/>\n<meta property=\"og:type\" content=\"article\" \/>\n<meta property=\"og:title\" content=\"Envasadora al vac\u00edo lineal industrial 4000 u\/h\" \/>\n<meta property=\"og:description\" content=\"&nbsp; Envasadora industrial lineal al vac\u00edo modelo 320-T \u00a0 \u00a0 \u00a0 \u00a0 \u00a0 \u00a0 \u00a0 La envasadora industrial lineal al\" \/>\n<meta property=\"og:url\" content=\"https:\/\/distribucionarc.com\/sk\/produktov\/linearne-priemyselne-vakuove-balenie-4000-uh\/\" \/>\n<meta property=\"og:site_name\" content=\"distribuci\u00f3n ARC\" \/>\n<meta property=\"article:modified_time\" content=\"2023-07-26T15:28:16+00:00\" \/>\n<meta property=\"og:image\" content=\"https:\/\/distribucionarc.com\/wp-content\/uploads\/2023\/07\/imagen-producto-envasadora.jpg\" \/>\n\t<meta property=\"og:image:width\" content=\"962\" \/>\n\t<meta property=\"og:image:height\" content=\"596\" \/>\n\t<meta property=\"og:image:type\" content=\"image\/jpeg\" \/>\n<meta name=\"twitter:card\" content=\"summary_large_image\" \/>\n<meta name=\"twitter:label1\" content=\"Predpokladan\u00fd \u010das \u010d\u00edtania\" \/>\n\t<meta name=\"twitter:data1\" content=\"2 min\u00faty\" \/>\n<script type=\"application\/ld+json\" class=\"yoast-schema-graph\">{\"@context\":\"https:\/\/schema.org\",\"@graph\":[{\"@type\":\"WebPage\",\"@id\":\"https:\/\/distribucionarc.com\/it\/producto\/envasadora-al-vacio-lineal-industrial-4000-u-h\/\",\"url\":\"https:\/\/distribucionarc.com\/it\/producto\/envasadora-al-vacio-lineal-industrial-4000-u-h\/\",\"name\":\"Envasadora al vac\u00edo lineal industrial 4000 u\/h - distribuci\u00f3n ARC\",\"isPartOf\":{\"@id\":\"https:\/\/www.distribucionarc.com\/sl\/#website\"},\"primaryImageOfPage\":{\"@id\":\"https:\/\/distribucionarc.com\/it\/producto\/envasadora-al-vacio-lineal-industrial-4000-u-h\/#primaryimage\"},\"image\":{\"@id\":\"https:\/\/distribucionarc.com\/it\/producto\/envasadora-al-vacio-lineal-industrial-4000-u-h\/#primaryimage\"},\"thumbnailUrl\":\"https:\/\/distribucionarc.com\/wp-content\/uploads\/2023\/07\/imagen-producto-envasadora.jpg\",\"datePublished\":\"2023-07-26T14:20:26+00:00\",\"dateModified\":\"2023-07-26T15:28:16+00:00\",\"breadcrumb\":{\"@id\":\"https:\/\/distribucionarc.com\/it\/producto\/envasadora-al-vacio-lineal-industrial-4000-u-h\/#breadcrumb\"},\"inLanguage\":\"sk-SK\",\"potentialAction\":[{\"@type\":\"ReadAction\",\"target\":[\"https:\/\/distribucionarc.com\/it\/producto\/envasadora-al-vacio-lineal-industrial-4000-u-h\/\"]}]},{\"@type\":\"ImageObject\",\"inLanguage\":\"sk-SK\",\"@id\":\"https:\/\/distribucionarc.com\/it\/producto\/envasadora-al-vacio-lineal-industrial-4000-u-h\/#primaryimage\",\"url\":\"https:\/\/distribucionarc.com\/wp-content\/uploads\/2023\/07\/imagen-producto-envasadora.jpg\",\"contentUrl\":\"https:\/\/distribucionarc.com\/wp-content\/uploads\/2023\/07\/imagen-producto-envasadora.jpg\",\"width\":962,\"height\":596},{\"@type\":\"BreadcrumbList\",\"@id\":\"https:\/\/distribucionarc.com\/it\/producto\/envasadora-al-vacio-lineal-industrial-4000-u-h\/#breadcrumb\",\"itemListElement\":[{\"@type\":\"ListItem\",\"position\":1,\"name\":\"Portada\",\"item\":\"https:\/\/www.distribucionarc.com\/\"},{\"@type\":\"ListItem\",\"position\":2,\"name\":\"\u00dcr\u00fcnler\",\"item\":\"https:\/\/www.distribucionarc.com\/tr\/magaza\/\"},{\"@type\":\"ListItem\",\"position\":3,\"name\":\"Envasadora al vac\u00edo lineal industrial 4000 u\/h\"}]},{\"@type\":\"WebSite\",\"@id\":\"https:\/\/www.distribucionarc.com\/sl\/#website\",\"url\":\"https:\/\/www.distribucionarc.com\/sl\/\",\"name\":\"distribuci\u00f3n ARC\",\"description\":\"Empresa especializada en la fabricaci\u00f3n y distribuci\u00f3n de maquinaria industrial, selladoras de latas, Maquinas de hacer pastillas, Maquinas de cortar carne...\",\"publisher\":{\"@id\":\"https:\/\/www.distribucionarc.com\/sl\/#organization\"},\"potentialAction\":[{\"@type\":\"SearchAction\",\"target\":{\"@type\":\"EntryPoint\",\"urlTemplate\":\"https:\/\/www.distribucionarc.com\/sl\/?s={search_term_string}\"},\"query-input\":{\"@type\":\"PropertyValueSpecification\",\"valueRequired\":true,\"valueName\":\"search_term_string\"}}],\"inLanguage\":\"sk-SK\"},{\"@type\":\"Organization\",\"@id\":\"https:\/\/www.distribucionarc.com\/sl\/#organization\",\"name\":\"Distribuci\u00f3n ARC\",\"url\":\"https:\/\/www.distribucionarc.com\/sl\/\",\"logo\":{\"@type\":\"ImageObject\",\"inLanguage\":\"sk-SK\",\"@id\":\"https:\/\/www.distribucionarc.com\/sl\/#\/schema\/logo\/image\/\",\"url\":\"https:\/\/distribucionarc.com\/wp-content\/uploads\/2024\/10\/distribucion-ARC-COLOR-SIN-FONDO-e1732295305345.png\",\"contentUrl\":\"https:\/\/distribucionarc.com\/wp-content\/uploads\/2024\/10\/distribucion-ARC-COLOR-SIN-FONDO-e1732295305345.png\",\"width\":1164,\"height\":558,\"caption\":\"Distribuci\u00f3n ARC\"},\"image\":{\"@id\":\"https:\/\/www.distribucionarc.com\/sl\/#\/schema\/logo\/image\/\"},\"description\":\"Empresa especializada en la fabricaci\u00f3n y distribuci\u00f3n de maquinaria industrial para los sectores alimentario y farmac\u00e9utico. Nos especializamos en: M\u00e1quinas de cortar carne Fabricaci\u00f3n de comprimidos Sistemas de transporte industrial L\u00edneas de embotellado Dosificadores Y mucho m\u00e1s... Ofrecemos soluciones innovadoras y personalizadas para optimizar los procesos productivos de tu empresa.\",\"email\":\"Admistracion@distribucionarc.com\",\"telephone\":\"+34 643496664\",\"legalName\":\"ARC TECH SOLUTIONS\",\"foundingDate\":\"2024-04-09\",\"vatID\":\"B55480172\",\"numberOfEmployees\":{\"@type\":\"QuantitativeValue\",\"minValue\":\"1\",\"maxValue\":\"10\"}}]}<\/script>\n<!-- \/ Yoast SEO Premium plugin. -->","yoast_head_json":{"title":"Priemyseln\u00fd line\u00e1rny v\u00e1kuov\u00fd baliaci stroj 4000 u\/h - ARC rozvod","robots":{"index":"index","follow":"follow","max-snippet":"max-snippet:-1","max-image-preview":"max-image-preview:large","max-video-preview":"max-video-preview:-1"},"canonical":"https:\/\/distribucionarc.com\/sk\/produktov\/linearne-priemyselne-vakuove-balenie-4000-uh\/","og_locale":"sk_SK","og_type":"article","og_title":"Envasadora al vac\u00edo lineal industrial 4000 u\/h","og_description":"&nbsp; Envasadora industrial lineal al vac\u00edo modelo 320-T \u00a0 \u00a0 \u00a0 \u00a0 \u00a0 \u00a0 \u00a0 La envasadora industrial lineal al","og_url":"https:\/\/distribucionarc.com\/sk\/produktov\/linearne-priemyselne-vakuove-balenie-4000-uh\/","og_site_name":"distribuci\u00f3n ARC","article_modified_time":"2023-07-26T15:28:16+00:00","og_image":[{"width":962,"height":596,"url":"https:\/\/distribucionarc.com\/wp-content\/uploads\/2023\/07\/imagen-producto-envasadora.jpg","type":"image\/jpeg"}],"twitter_card":"summary_large_image","twitter_misc":{"Predpokladan\u00fd \u010das \u010d\u00edtania":"2 min\u00faty"},"schema":{"@context":"https:\/\/schema.org","@graph":[{"@type":"WebPage","@id":"https:\/\/distribucionarc.com\/it\/producto\/envasadora-al-vacio-lineal-industrial-4000-u-h\/","url":"https:\/\/distribucionarc.com\/it\/producto\/envasadora-al-vacio-lineal-industrial-4000-u-h\/","name":"Priemyseln\u00fd line\u00e1rny v\u00e1kuov\u00fd baliaci stroj 4000 u\/h - ARC rozvod","isPartOf":{"@id":"https:\/\/www.distribucionarc.com\/sl\/#website"},"primaryImageOfPage":{"@id":"https:\/\/distribucionarc.com\/it\/producto\/envasadora-al-vacio-lineal-industrial-4000-u-h\/#primaryimage"},"image":{"@id":"https:\/\/distribucionarc.com\/it\/producto\/envasadora-al-vacio-lineal-industrial-4000-u-h\/#primaryimage"},"thumbnailUrl":"https:\/\/distribucionarc.com\/wp-content\/uploads\/2023\/07\/imagen-producto-envasadora.jpg","datePublished":"2023-07-26T14:20:26+00:00","dateModified":"2023-07-26T15:28:16+00:00","breadcrumb":{"@id":"https:\/\/distribucionarc.com\/it\/producto\/envasadora-al-vacio-lineal-industrial-4000-u-h\/#breadcrumb"},"inLanguage":"sk-SK","potentialAction":[{"@type":"ReadAction","target":["https:\/\/distribucionarc.com\/it\/producto\/envasadora-al-vacio-lineal-industrial-4000-u-h\/"]}]},{"@type":"ImageObject","inLanguage":"sk-SK","@id":"https:\/\/distribucionarc.com\/it\/producto\/envasadora-al-vacio-lineal-industrial-4000-u-h\/#primaryimage","url":"https:\/\/distribucionarc.com\/wp-content\/uploads\/2023\/07\/imagen-producto-envasadora.jpg","contentUrl":"https:\/\/distribucionarc.com\/wp-content\/uploads\/2023\/07\/imagen-producto-envasadora.jpg","width":962,"height":596},{"@type":"BreadcrumbList","@id":"https:\/\/distribucionarc.com\/it\/producto\/envasadora-al-vacio-lineal-industrial-4000-u-h\/#breadcrumb","itemListElement":[{"@type":"ListItem","position":1,"name":"Portada","item":"https:\/\/www.distribucionarc.com\/"},{"@type":"ListItem","position":2,"name":"\u00dcr\u00fcnler","item":"https:\/\/www.distribucionarc.com\/tr\/magaza\/"},{"@type":"ListItem","position":3,"name":"Envasadora al vac\u00edo lineal industrial 4000 u\/h"}]},{"@type":"WebSite","@id":"https:\/\/www.distribucionarc.com\/sl\/#website","url":"https:\/\/www.distribucionarc.com\/sl\/","name":"ARC distrib\u00facia","description":"Spolo\u010dnos\u0165 sa \u0161pecializuje na v\u00fdrobu a distrib\u00faciu priemyseln\u00fdch strojov, strojov na uzatv\u00e1ranie plechoviek, strojov na v\u00fdrobu tabliet, strojov na porciovanie m\u00e4sa...","publisher":{"@id":"https:\/\/www.distribucionarc.com\/sl\/#organization"},"potentialAction":[{"@type":"SearchAction","target":{"@type":"EntryPoint","urlTemplate":"https:\/\/www.distribucionarc.com\/sl\/?s={search_term_string}"},"query-input":{"@type":"PropertyValueSpecification","valueRequired":true,"valueName":"search_term_string"}}],"inLanguage":"sk-SK"},{"@type":"Organization","@id":"https:\/\/www.distribucionarc.com\/sl\/#organization","name":"Distrib\u00facia ARC","url":"https:\/\/www.distribucionarc.com\/sl\/","logo":{"@type":"ImageObject","inLanguage":"sk-SK","@id":"https:\/\/www.distribucionarc.com\/sl\/#\/schema\/logo\/image\/","url":"https:\/\/distribucionarc.com\/wp-content\/uploads\/2024\/10\/distribucion-ARC-COLOR-SIN-FONDO-e1732295305345.png","contentUrl":"https:\/\/distribucionarc.com\/wp-content\/uploads\/2024\/10\/distribucion-ARC-COLOR-SIN-FONDO-e1732295305345.png","width":1164,"height":558,"caption":"Distribuci\u00f3n ARC"},"image":{"@id":"https:\/\/www.distribucionarc.com\/sl\/#\/schema\/logo\/image\/"},"description":"Spolo\u010dnos\u0165 \u0161pecializuj\u00faca sa na v\u00fdrobu a distrib\u00faciu priemyseln\u00fdch strojov pre potravin\u00e1rsky a farmaceutick\u00fd sektor. \u0160pecializujeme sa na: Stroje na kr\u00e1janie m\u00e4sa V\u00fdroba tabliet Priemyseln\u00e9 dopravn\u00e9 syst\u00e9my D\u00e1vkova\u010de na f\u013ea\u0161e A ove\u013ea viac... Pon\u00fakame inovat\u00edvne a prisp\u00f4soben\u00e9 rie\u0161enia na optimaliz\u00e1ciu v\u00fdrobn\u00fdch procesov va\u0161ej spolo\u010dnosti.","email":"Admistracion@distribucionarc.com","telephone":"+34 643496664","legalName":"ARC TECH SOLUTIONS","foundingDate":"2024-04-09","vatID":"B55480172","numberOfEmployees":{"@type":"QuantitativeValue","minValue":"1","maxValue":"10"}}]}},"_links":{"self":[{"href":"https:\/\/distribucionarc.com\/sk\/wp-json\/wp\/v2\/product\/6223","targetHints":{"allow":["GET"]}}],"collection":[{"href":"https:\/\/distribucionarc.com\/sk\/wp-json\/wp\/v2\/product"}],"about":[{"href":"https:\/\/distribucionarc.com\/sk\/wp-json\/wp\/v2\/types\/product"}],"replies":[{"embeddable":true,"href":"https:\/\/distribucionarc.com\/sk\/wp-json\/wp\/v2\/comments?post=6223"}],"version-history":[{"count":0,"href":"https:\/\/distribucionarc.com\/sk\/wp-json\/wp\/v2\/product\/6223\/revisions"}],"wp:featuredmedia":[{"embeddable":true,"href":"https:\/\/distribucionarc.com\/sk\/wp-json\/wp\/v2\/media\/6225"}],"wp:attachment":[{"href":"https:\/\/distribucionarc.com\/sk\/wp-json\/wp\/v2\/media?parent=6223"}],"wp:term":[{"taxonomy":"product_brand","embeddable":true,"href":"https:\/\/distribucionarc.com\/sk\/wp-json\/wp\/v2\/product_brand?post=6223"},{"taxonomy":"product_cat","embeddable":true,"href":"https:\/\/distribucionarc.com\/sk\/wp-json\/wp\/v2\/product_cat?post=6223"},{"taxonomy":"product_tag","embeddable":true,"href":"https:\/\/distribucionarc.com\/sk\/wp-json\/wp\/v2\/product_tag?post=6223"}],"curies":[{"name":"pracovn\u00fd list","href":"https:\/\/api.w.org\/{rel}","templated":true}]}}