{"id":654,"date":"2020-05-28T22:34:21","date_gmt":"2020-05-28T22:34:21","guid":{"rendered":"https:\/\/distribucionarc.com\/?post_type=product&#038;p=654"},"modified":"2024-09-04T19:31:36","modified_gmt":"2024-09-04T19:31:36","slug":"elektricka-friteza-na-vyprazane-ryby-zemiaky-a-pod-2x10l-%f0%9f%8d%9f","status":"publish","type":"product","link":"https:\/\/distribucionarc.com\/sk\/producto\/freidora-electrica-para-pescado-frito-patatas-etc-2x10l-%f0%9f%8d%9f\/","title":{"rendered":"Elektrick\u00e1 frit\u00e9za na vypr\u00e1\u017ean\u00e9 ryby, zemiaky at\u010f. 2x10L?"},"content":{"rendered":"<div class=\"description-row description-text\">\n<h2>Elektrick\u00e1 frit\u00e9za \u2013 2 x 10 litrov<\/h2>\n<p>Elektrick\u00e1 frit\u00e9za ARC DISTRIBUCION je ur\u010den\u00e1 na profesion\u00e1lne pou\u017eitie a funguje pri 220 voltoch. Umo\u017e\u0148uje pohodlne pripravi\u0165 lahodn\u00e9 vypr\u00e1\u017eanie bez oh\u013eadu na typ pokrmu, ktor\u00fd chcete pripravi\u0165. Ide\u00e1lne pre va\u0161u re\u0161taur\u00e1ciu alebo bar v\u00e1m umo\u017en\u00ed pon\u00faknu\u0165 nev\u0161edn\u00e9 gastronomick\u00e9 z\u00e1\u017eitky.<\/p>\n<\/div>\n<div class=\"product-icon--wrapper\">\n<div class=\"product--icon\">\n<div class=\"icon-body\">\n<div class=\"product_icon_container svg-icon\"><\/div>\n<div class=\"icon-text\">\n<p>Tento kuchynsk\u00fd spotrebi\u010d m\u00e1 maxim\u00e1lnu kapacitu oleja a\u017e 6,5 litra a a\u00a0<strong>celkov\u00fd objem 10 litrov<\/strong>. Profesion\u00e1lne ho vyu\u017eijete ve\u013emi v\u0161estranne, je vhodn\u00fd najm\u00e4 na pr\u00edpravu <strong>ryby<\/strong>, predjedl\u00e1 alebo \u010dipsy.<\/p>\n<\/div>\n<\/div>\n<h3 class=\"product--icon-headline\">R\u00fdchle a chrumkav\u00e9 ob\u010derstvenie s elektrickou frit\u00e9zou ARC 1020 pre gastron\u00f3miu<\/h3>\n<div class=\"icon-body\">\n<div class=\"product_icon_easy_clean svg-icon\"><\/div>\n<div class=\"icon-text\">\n<p>Elektrick\u00fd fritovac\u00ed k\u00f4\u0161 m\u00e1 rozmery 20 x 22 x 10 cm. Ak\u00e9ko\u013evek zvy\u0161ky jedla, ktor\u00e9 m\u00f4\u017eu zosta\u0165 v n\u00e1dr\u017ei, sa hromadia na jej dne, v takzvanej studenej z\u00f3ne, aby sa neprip\u00e1lili. Olej si tak zachov\u00e1 svoju prirodzen\u00fa chu\u0165. Okrem toho je vyp\u00fa\u0161\u0165anie oleja jednoduch\u00e9.<\/p>\n<\/div>\n<\/div>\n<div class=\"icon-body\">\n<div class=\"product_icon_voltage svg-icon\"><\/div>\n<div class=\"icon-text\">\n<p>V\u010faka vysok\u00e9mu v\u00fdkonu<strong>\u00a0vykurovacie teleso<\/strong> odn\u00edmate\u013en\u00e9 <strong>5000<\/strong>\u00a0<strong>watt<\/strong>, fritovac\u00ed olej r\u00fdchlo dosiahne maxim\u00e1lnu teplotu 200 \u00b0C. Pre optim\u00e1lne v\u00fdsledky udr\u017eiava vysoko citliv\u00fd termostat teplo olejovej n\u00e1dr\u017ee na kon\u0161tantnej teplote. <span style=\"color: #0000ff;\">T\u00e1to teplota sa dosiahne ve\u013emi r\u00fdchlo a s inteligentnou elektronickou doskou sa spotreba elektrickej energie po zahriat\u00ed oleja zn\u00ed\u017ei na minimum.<\/span> <span style=\"color: #ff0000;\">V pr\u00edpade prehriatia oleja alebo vybratia \u017ehaviacej hlavy poistka automaticky odpoj\u00ed jednotku.<\/span><\/p>\n<\/div>\n<\/div>\n<div class=\"icon-body\">\n<div class=\"product_icon_durable svg-icon\"><\/div>\n<div class=\"icon-text\">\n<p>Kryt modern\u00e9ho dizajnu, vyroben\u00fd v\u00a0<strong>nerezov\u00e1 oce\u013e s dlhou \u017eivotnos\u0165ou<\/strong>, je ve\u013emi odoln\u00fd a v\u010faka odn\u00edmate\u013en\u00e9mu vykurovaciemu telesu sa \u013eahko \u010dist\u00ed. Rozhodnite sa pre v\u00fdkonn\u00fa elektrick\u00fa frit\u00e9zu e\u0161te dnes \u2013 va\u0161i z\u00e1kazn\u00edci a hostia sa v\u00e1m po\u010fakuj\u00fa.<\/p>\n<\/div>\n<\/div>\n<\/div>\n<\/div>","protected":false},"excerpt":{"rendered":"<h2><strong>10 litrov\u00e1 elektrick\u00e1 frit\u00e9za s dvojitou n\u00e1dr\u017eou pre bar alebo re\u0161taur\u00e1ciu<\/strong><\/h2>\n<p>n\u00e1\u0161 <strong>profesion\u00e1lna elektrick\u00e1 frit\u00e9za s dvojitou n\u00e1dr\u017eou<\/strong> Je to dokonal\u00e9 rie\u0161enie pre tie podniky, ktor\u00e9 potrebuj\u00fa r\u00fdchlo a efekt\u00edvne sma\u017ei\u0165 ve\u013ek\u00e9 mno\u017estvo potrav\u00edn. S celkovou kapacitou <strong>10 litrov na n\u00e1dr\u017e<\/strong>T\u00e1to frit\u00e9za je navrhnut\u00e1 tak, aby sp\u013a\u0148ala po\u017eiadavky komer\u010dn\u00fdch kuch\u00fd\u0148, \u010di u\u017e v baroch, re\u0161taur\u00e1ci\u00e1ch alebo kaviar\u0148ach.<\/p>\n<p>V\u010faka jeho dvojitej n\u00e1dr\u017ei m\u00f4\u017eete <strong>sma\u017ei\u0165 r\u00f4zne jedl\u00e1 s\u00fa\u010dasne<\/strong>, \u010do v\u00e1m umo\u017en\u00ed zachova\u0165 kvalitu a chu\u0165 bez ne\u017eiaducich pr\u00edmes\u00ed. Je ide\u00e1lny na pr\u00edpravu \u0161irokej \u0161k\u00e1ly vypr\u00e1\u017ean\u00fdch jed\u00e1l, ako napr.<\/p>\n<ul>\n<li><strong>vypr\u00e1\u017ean\u00e9 ryby<\/strong>: Ide\u00e1lne pre chrumkav\u00e9 jedl\u00e1 z morsk\u00fdch plodov.<\/li>\n<li><strong>Chipsy<\/strong>: Klasick\u00fd doprovod v baroch a re\u0161taur\u00e1ci\u00e1ch.<\/li>\n<li><strong>vypr\u00e1\u017ean\u00e9 brav\u010dov\u00e9 m\u00e4so<\/strong>: Ide\u00e1lne na pr\u00edpravu tapas alebo hlavn\u00fdch jed\u00e1l.<\/li>\n<li><strong>kuracie kr\u00eddelk\u00e1<\/strong>: Chrumkav\u00e9 a zlat\u00e9 do bodky.<\/li>\n<li><strong>Krokety<\/strong>: Rovnomern\u00e9 vypr\u00e1\u017eanie pre tapas alebo predjedl\u00e1.<\/li>\n<li><strong>Pe\u010den\u00e1 zelenina<\/strong>: Pre mo\u017enos\u0165 vegetari\u00e1nskeho vypr\u00e1\u017eania.<\/li>\n<\/ul>\n<p>Vyroben\u00e9 z nehrdzavej\u00facej ocele, toto <strong>frit\u00e9za s dvojitou n\u00e1dr\u017eou<\/strong> Zais\u0165uje odolnos\u0165 a jednoduch\u00e9 \u010distenie, \u010do je nevyhnutn\u00e9 vo vysokov\u00fdkonn\u00fdch komer\u010dn\u00fdch kuchyniach. Ka\u017ed\u00e1 n\u00e1dr\u017e m\u00e1 navy\u0161e nez\u00e1visl\u00fa regul\u00e1ciu teploty, ktor\u00e1 v\u00e1m umo\u017e\u0148uje nastavi\u0165 teplotu v z\u00e1vislosti od typu pripravovan\u00e9ho jedla. To je k\u013e\u00fa\u010dov\u00e9 pre z\u00edskanie hranoliek, ktor\u00e9 s\u00fa zvonka chrumkav\u00e9 a vn\u00fatri \u0161\u0165avnat\u00e9.<\/p>\n<p>\u010ci u\u017e h\u013ead\u00e1te a <strong>ty\u010dov\u00e1 frit\u00e9za<\/strong>, a <strong>re\u0161taura\u010dn\u00e1 frit\u00e9za<\/strong>, alebo a <strong>ve\u013ekokapacitn\u00e1 elektrick\u00e1 frit\u00e9za<\/strong>Tento stroj je ide\u00e1lnou vo\u013ebou na optimaliz\u00e1ciu procesu vypr\u00e1\u017eania vo va\u0161ej komer\u010dnej kuchyni.<\/p>","protected":false},"featured_media":661,"comment_status":"open","ping_status":"closed","template":"","meta":{"wds_primary_product_brand":0,"wds_primary_product_cat":0},"product_brand":[],"product_cat":[38],"product_tag":[],"class_list":{"0":"post-654","1":"product","2":"type-product","3":"status-publish","4":"has-post-thumbnail","6":"product_cat-freidoras","7":"product_shipping_class-hosteleria","9":"first","10":"instock","11":"taxable","12":"shipping-taxable","13":"purchasable","14":"product-type-simple"},"yoast_head":"<!-- This site is optimized with the Yoast SEO Premium plugin v24.9 (Yoast SEO v26.1) - https:\/\/yoast.com\/wordpress\/plugins\/seo\/ -->\n<title>Freidora el\u00e9ctrica para pescado frito, patatas, etc. 2x10L ? - distribuci\u00f3n ARC<\/title>\n<meta name=\"description\" content=\"Freidora el\u00e9ctrica de doble tanque de 10 litros para bares y restaurantes. Perfecta para fre\u00edr patatas, pescado y m\u00e1s con control independiente. Ideal para cocinas comerciales\" \/>\n<meta name=\"robots\" content=\"index, follow, max-snippet:-1, max-image-preview:large, max-video-preview:-1\" \/>\n<link rel=\"canonical\" href=\"https:\/\/distribucionarc.com\/sk\/produktov\/elektricka-friteza-na-vyprazane-ryby-zemiaky-a-pod-2x10l-\ud83c\udf5f\/\" \/>\n<meta property=\"og:locale\" content=\"sk_SK\" \/>\n<meta property=\"og:type\" content=\"article\" \/>\n<meta property=\"og:title\" content=\"Freidora el\u00e9ctrica para pescado frito, patatas, etc. 2x10L ?\" \/>\n<meta property=\"og:description\" content=\"Freidora el\u00e9ctrica de doble tanque de 10 litros para bares y restaurantes. Perfecta para fre\u00edr patatas, pescado y m\u00e1s con control independiente. Ideal para cocinas comerciales\" \/>\n<meta property=\"og:url\" content=\"https:\/\/distribucionarc.com\/sk\/produktov\/elektricka-friteza-na-vyprazane-ryby-zemiaky-a-pod-2x10l-\ud83c\udf5f\/\" \/>\n<meta property=\"og:site_name\" content=\"distribuci\u00f3n ARC\" \/>\n<meta property=\"article:modified_time\" content=\"2024-09-04T19:31:36+00:00\" \/>\n<meta property=\"og:image\" content=\"https:\/\/distribucionarc.com\/wp-content\/uploads\/2020\/05\/Freidora-el\u00e9ctrica-para-pescado-frito-10L-0.jpg\" \/>\n\t<meta property=\"og:image:width\" content=\"1600\" \/>\n\t<meta property=\"og:image:height\" content=\"1600\" \/>\n\t<meta property=\"og:image:type\" content=\"image\/jpeg\" \/>\n<meta name=\"twitter:card\" content=\"summary_large_image\" \/>\n<meta name=\"twitter:label1\" content=\"Predpokladan\u00fd \u010das \u010d\u00edtania\" \/>\n\t<meta name=\"twitter:data1\" content=\"2 min\u00faty\" \/>\n<script type=\"application\/ld+json\" class=\"yoast-schema-graph\">{\"@context\":\"https:\/\/schema.org\",\"@graph\":[{\"@type\":\"WebPage\",\"@id\":\"https:\/\/distribucionarc.com\/bg\/producto\/freidora-electrica-para-pescado-frito-patatas-etc-2x10l-%f0%9f%8d%9f\/\",\"url\":\"https:\/\/distribucionarc.com\/bg\/producto\/freidora-electrica-para-pescado-frito-patatas-etc-2x10l-%f0%9f%8d%9f\/\",\"name\":\"Freidora el\u00e9ctrica para pescado frito, patatas, etc. 2x10L ? - distribuci\u00f3n ARC\",\"isPartOf\":{\"@id\":\"https:\/\/www.distribucionarc.com\/sl\/#website\"},\"primaryImageOfPage\":{\"@id\":\"https:\/\/distribucionarc.com\/bg\/producto\/freidora-electrica-para-pescado-frito-patatas-etc-2x10l-%f0%9f%8d%9f\/#primaryimage\"},\"image\":{\"@id\":\"https:\/\/distribucionarc.com\/bg\/producto\/freidora-electrica-para-pescado-frito-patatas-etc-2x10l-%f0%9f%8d%9f\/#primaryimage\"},\"thumbnailUrl\":\"https:\/\/distribucionarc.com\/wp-content\/uploads\/2020\/05\/Freidora-el\u00e9ctrica-para-pescado-frito-10L-0.jpg\",\"datePublished\":\"2020-05-28T22:34:21+00:00\",\"dateModified\":\"2024-09-04T19:31:36+00:00\",\"description\":\"Freidora el\u00e9ctrica de doble tanque de 10 litros para bares y restaurantes. Perfecta para fre\u00edr patatas, pescado y m\u00e1s con control independiente. Ideal para cocinas comerciales\",\"breadcrumb\":{\"@id\":\"https:\/\/distribucionarc.com\/bg\/producto\/freidora-electrica-para-pescado-frito-patatas-etc-2x10l-%f0%9f%8d%9f\/#breadcrumb\"},\"inLanguage\":\"sk-SK\",\"potentialAction\":[{\"@type\":\"ReadAction\",\"target\":[\"https:\/\/distribucionarc.com\/bg\/producto\/freidora-electrica-para-pescado-frito-patatas-etc-2x10l-%f0%9f%8d%9f\/\"]}]},{\"@type\":\"ImageObject\",\"inLanguage\":\"sk-SK\",\"@id\":\"https:\/\/distribucionarc.com\/bg\/producto\/freidora-electrica-para-pescado-frito-patatas-etc-2x10l-%f0%9f%8d%9f\/#primaryimage\",\"url\":\"https:\/\/distribucionarc.com\/wp-content\/uploads\/2020\/05\/Freidora-el\u00e9ctrica-para-pescado-frito-10L-0.jpg\",\"contentUrl\":\"https:\/\/distribucionarc.com\/wp-content\/uploads\/2020\/05\/Freidora-el\u00e9ctrica-para-pescado-frito-10L-0.jpg\",\"width\":1600,\"height\":1600},{\"@type\":\"BreadcrumbList\",\"@id\":\"https:\/\/distribucionarc.com\/bg\/producto\/freidora-electrica-para-pescado-frito-patatas-etc-2x10l-%f0%9f%8d%9f\/#breadcrumb\",\"itemListElement\":[{\"@type\":\"ListItem\",\"position\":1,\"name\":\"Portada\",\"item\":\"https:\/\/www.distribucionarc.com\/\"},{\"@type\":\"ListItem\",\"position\":2,\"name\":\"\u00dcr\u00fcnler\",\"item\":\"https:\/\/www.distribucionarc.com\/tr\/magaza\/\"},{\"@type\":\"ListItem\",\"position\":3,\"name\":\"Freidora el\u00e9ctrica para pescado frito, patatas, etc. 2x10L ?\"}]},{\"@type\":\"WebSite\",\"@id\":\"https:\/\/www.distribucionarc.com\/sl\/#website\",\"url\":\"https:\/\/www.distribucionarc.com\/sl\/\",\"name\":\"distribuci\u00f3n ARC\",\"description\":\"Empresa especializada en la fabricaci\u00f3n y distribuci\u00f3n de maquinaria industrial, selladoras de latas, Maquinas de hacer pastillas, Maquinas de cortar carne...\",\"publisher\":{\"@id\":\"https:\/\/www.distribucionarc.com\/sl\/#organization\"},\"potentialAction\":[{\"@type\":\"SearchAction\",\"target\":{\"@type\":\"EntryPoint\",\"urlTemplate\":\"https:\/\/www.distribucionarc.com\/sl\/?s={search_term_string}\"},\"query-input\":{\"@type\":\"PropertyValueSpecification\",\"valueRequired\":true,\"valueName\":\"search_term_string\"}}],\"inLanguage\":\"sk-SK\"},{\"@type\":\"Organization\",\"@id\":\"https:\/\/www.distribucionarc.com\/sl\/#organization\",\"name\":\"Distribuci\u00f3n ARC\",\"url\":\"https:\/\/www.distribucionarc.com\/sl\/\",\"logo\":{\"@type\":\"ImageObject\",\"inLanguage\":\"sk-SK\",\"@id\":\"https:\/\/www.distribucionarc.com\/sl\/#\/schema\/logo\/image\/\",\"url\":\"https:\/\/distribucionarc.com\/wp-content\/uploads\/2024\/10\/distribucion-ARC-COLOR-SIN-FONDO-e1732295305345.png\",\"contentUrl\":\"https:\/\/distribucionarc.com\/wp-content\/uploads\/2024\/10\/distribucion-ARC-COLOR-SIN-FONDO-e1732295305345.png\",\"width\":1164,\"height\":558,\"caption\":\"Distribuci\u00f3n ARC\"},\"image\":{\"@id\":\"https:\/\/www.distribucionarc.com\/sl\/#\/schema\/logo\/image\/\"},\"description\":\"Empresa especializada en la fabricaci\u00f3n y distribuci\u00f3n de maquinaria industrial para los sectores alimentario y farmac\u00e9utico. Nos especializamos en: M\u00e1quinas de cortar carne Fabricaci\u00f3n de comprimidos Sistemas de transporte industrial L\u00edneas de embotellado Dosificadores Y mucho m\u00e1s... Ofrecemos soluciones innovadoras y personalizadas para optimizar los procesos productivos de tu empresa.\",\"email\":\"Admistracion@distribucionarc.com\",\"telephone\":\"+34 643496664\",\"legalName\":\"ARC TECH SOLUTIONS\",\"foundingDate\":\"2024-04-09\",\"vatID\":\"B55480172\",\"numberOfEmployees\":{\"@type\":\"QuantitativeValue\",\"minValue\":\"1\",\"maxValue\":\"10\"}}]}<\/script>\n<!-- \/ Yoast SEO Premium plugin. -->","yoast_head_json":{"title":"Elektrick\u00e1 frit\u00e9za na vypr\u00e1\u017ean\u00e9 ryby, zemiaky at\u010f. 2x10L? - ARC rozvod","description":"10 litrov\u00e1 elektrick\u00e1 frit\u00e9za s dvojitou n\u00e1dr\u017eou pre bary a re\u0161taur\u00e1cie. Perfektn\u00e9 na vypr\u00e1\u017eanie zemiakov, r\u00fdb a pod. s nez\u00e1visl\u00fdm ovl\u00e1dan\u00edm. Ide\u00e1lne pre komer\u010dn\u00e9 kuchyne","robots":{"index":"index","follow":"follow","max-snippet":"max-snippet:-1","max-image-preview":"max-image-preview:large","max-video-preview":"max-video-preview:-1"},"canonical":"https:\/\/distribucionarc.com\/sk\/produktov\/elektricka-friteza-na-vyprazane-ryby-zemiaky-a-pod-2x10l-\ud83c\udf5f\/","og_locale":"sk_SK","og_type":"article","og_title":"Freidora el\u00e9ctrica para pescado frito, patatas, etc. 2x10L ?","og_description":"Freidora el\u00e9ctrica de doble tanque de 10 litros para bares y restaurantes. Perfecta para fre\u00edr patatas, pescado y m\u00e1s con control independiente. Ideal para cocinas comerciales","og_url":"https:\/\/distribucionarc.com\/sk\/produktov\/elektricka-friteza-na-vyprazane-ryby-zemiaky-a-pod-2x10l-\ud83c\udf5f\/","og_site_name":"distribuci\u00f3n ARC","article_modified_time":"2024-09-04T19:31:36+00:00","og_image":[{"width":1600,"height":1600,"url":"https:\/\/distribucionarc.com\/wp-content\/uploads\/2020\/05\/Freidora-el\u00e9ctrica-para-pescado-frito-10L-0.jpg","type":"image\/jpeg"}],"twitter_card":"summary_large_image","twitter_misc":{"Predpokladan\u00fd \u010das \u010d\u00edtania":"2 min\u00faty"},"schema":{"@context":"https:\/\/schema.org","@graph":[{"@type":"WebPage","@id":"https:\/\/distribucionarc.com\/bg\/producto\/freidora-electrica-para-pescado-frito-patatas-etc-2x10l-%f0%9f%8d%9f\/","url":"https:\/\/distribucionarc.com\/bg\/producto\/freidora-electrica-para-pescado-frito-patatas-etc-2x10l-%f0%9f%8d%9f\/","name":"Elektrick\u00e1 frit\u00e9za na vypr\u00e1\u017ean\u00e9 ryby, zemiaky at\u010f. 2x10L? - ARC rozvod","isPartOf":{"@id":"https:\/\/www.distribucionarc.com\/sl\/#website"},"primaryImageOfPage":{"@id":"https:\/\/distribucionarc.com\/bg\/producto\/freidora-electrica-para-pescado-frito-patatas-etc-2x10l-%f0%9f%8d%9f\/#primaryimage"},"image":{"@id":"https:\/\/distribucionarc.com\/bg\/producto\/freidora-electrica-para-pescado-frito-patatas-etc-2x10l-%f0%9f%8d%9f\/#primaryimage"},"thumbnailUrl":"https:\/\/distribucionarc.com\/wp-content\/uploads\/2020\/05\/Freidora-el\u00e9ctrica-para-pescado-frito-10L-0.jpg","datePublished":"2020-05-28T22:34:21+00:00","dateModified":"2024-09-04T19:31:36+00:00","description":"10 litrov\u00e1 elektrick\u00e1 frit\u00e9za s dvojitou n\u00e1dr\u017eou pre bary a re\u0161taur\u00e1cie. Perfektn\u00e9 na vypr\u00e1\u017eanie zemiakov, r\u00fdb a pod. s nez\u00e1visl\u00fdm ovl\u00e1dan\u00edm. Ide\u00e1lne pre komer\u010dn\u00e9 kuchyne","breadcrumb":{"@id":"https:\/\/distribucionarc.com\/bg\/producto\/freidora-electrica-para-pescado-frito-patatas-etc-2x10l-%f0%9f%8d%9f\/#breadcrumb"},"inLanguage":"sk-SK","potentialAction":[{"@type":"ReadAction","target":["https:\/\/distribucionarc.com\/bg\/producto\/freidora-electrica-para-pescado-frito-patatas-etc-2x10l-%f0%9f%8d%9f\/"]}]},{"@type":"ImageObject","inLanguage":"sk-SK","@id":"https:\/\/distribucionarc.com\/bg\/producto\/freidora-electrica-para-pescado-frito-patatas-etc-2x10l-%f0%9f%8d%9f\/#primaryimage","url":"https:\/\/distribucionarc.com\/wp-content\/uploads\/2020\/05\/Freidora-el\u00e9ctrica-para-pescado-frito-10L-0.jpg","contentUrl":"https:\/\/distribucionarc.com\/wp-content\/uploads\/2020\/05\/Freidora-el\u00e9ctrica-para-pescado-frito-10L-0.jpg","width":1600,"height":1600},{"@type":"BreadcrumbList","@id":"https:\/\/distribucionarc.com\/bg\/producto\/freidora-electrica-para-pescado-frito-patatas-etc-2x10l-%f0%9f%8d%9f\/#breadcrumb","itemListElement":[{"@type":"ListItem","position":1,"name":"Portada","item":"https:\/\/www.distribucionarc.com\/"},{"@type":"ListItem","position":2,"name":"\u00dcr\u00fcnler","item":"https:\/\/www.distribucionarc.com\/tr\/magaza\/"},{"@type":"ListItem","position":3,"name":"Freidora el\u00e9ctrica para pescado frito, patatas, etc. 2x10L ?"}]},{"@type":"WebSite","@id":"https:\/\/www.distribucionarc.com\/sl\/#website","url":"https:\/\/www.distribucionarc.com\/sl\/","name":"ARC distrib\u00facia","description":"Spolo\u010dnos\u0165 sa \u0161pecializuje na v\u00fdrobu a distrib\u00faciu priemyseln\u00fdch strojov, strojov na uzatv\u00e1ranie plechoviek, strojov na v\u00fdrobu tabliet, strojov na porciovanie m\u00e4sa...","publisher":{"@id":"https:\/\/www.distribucionarc.com\/sl\/#organization"},"potentialAction":[{"@type":"SearchAction","target":{"@type":"EntryPoint","urlTemplate":"https:\/\/www.distribucionarc.com\/sl\/?s={search_term_string}"},"query-input":{"@type":"PropertyValueSpecification","valueRequired":true,"valueName":"search_term_string"}}],"inLanguage":"sk-SK"},{"@type":"Organization","@id":"https:\/\/www.distribucionarc.com\/sl\/#organization","name":"Distrib\u00facia ARC","url":"https:\/\/www.distribucionarc.com\/sl\/","logo":{"@type":"ImageObject","inLanguage":"sk-SK","@id":"https:\/\/www.distribucionarc.com\/sl\/#\/schema\/logo\/image\/","url":"https:\/\/distribucionarc.com\/wp-content\/uploads\/2024\/10\/distribucion-ARC-COLOR-SIN-FONDO-e1732295305345.png","contentUrl":"https:\/\/distribucionarc.com\/wp-content\/uploads\/2024\/10\/distribucion-ARC-COLOR-SIN-FONDO-e1732295305345.png","width":1164,"height":558,"caption":"Distribuci\u00f3n ARC"},"image":{"@id":"https:\/\/www.distribucionarc.com\/sl\/#\/schema\/logo\/image\/"},"description":"Spolo\u010dnos\u0165 \u0161pecializuj\u00faca sa na v\u00fdrobu a distrib\u00faciu priemyseln\u00fdch strojov pre potravin\u00e1rsky a farmaceutick\u00fd sektor. \u0160pecializujeme sa na: Stroje na kr\u00e1janie m\u00e4sa V\u00fdroba tabliet Priemyseln\u00e9 dopravn\u00e9 syst\u00e9my D\u00e1vkova\u010de na f\u013ea\u0161e A ove\u013ea viac... Pon\u00fakame inovat\u00edvne a prisp\u00f4soben\u00e9 rie\u0161enia na optimaliz\u00e1ciu v\u00fdrobn\u00fdch procesov va\u0161ej spolo\u010dnosti.","email":"Admistracion@distribucionarc.com","telephone":"+34 643496664","legalName":"ARC TECH SOLUTIONS","foundingDate":"2024-04-09","vatID":"B55480172","numberOfEmployees":{"@type":"QuantitativeValue","minValue":"1","maxValue":"10"}}]}},"_links":{"self":[{"href":"https:\/\/distribucionarc.com\/sk\/wp-json\/wp\/v2\/product\/654","targetHints":{"allow":["GET"]}}],"collection":[{"href":"https:\/\/distribucionarc.com\/sk\/wp-json\/wp\/v2\/product"}],"about":[{"href":"https:\/\/distribucionarc.com\/sk\/wp-json\/wp\/v2\/types\/product"}],"replies":[{"embeddable":true,"href":"https:\/\/distribucionarc.com\/sk\/wp-json\/wp\/v2\/comments?post=654"}],"version-history":[{"count":0,"href":"https:\/\/distribucionarc.com\/sk\/wp-json\/wp\/v2\/product\/654\/revisions"}],"wp:featuredmedia":[{"embeddable":true,"href":"https:\/\/distribucionarc.com\/sk\/wp-json\/wp\/v2\/media\/661"}],"wp:attachment":[{"href":"https:\/\/distribucionarc.com\/sk\/wp-json\/wp\/v2\/media?parent=654"}],"wp:term":[{"taxonomy":"product_brand","embeddable":true,"href":"https:\/\/distribucionarc.com\/sk\/wp-json\/wp\/v2\/product_brand?post=654"},{"taxonomy":"product_cat","embeddable":true,"href":"https:\/\/distribucionarc.com\/sk\/wp-json\/wp\/v2\/product_cat?post=654"},{"taxonomy":"product_tag","embeddable":true,"href":"https:\/\/distribucionarc.com\/sk\/wp-json\/wp\/v2\/product_tag?post=654"}],"curies":[{"name":"pracovn\u00fd list","href":"https:\/\/api.w.org\/{rel}","templated":true}]}}