{"id":6625,"date":"2024-04-24T16:26:54","date_gmt":"2024-04-24T16:26:54","guid":{"rendered":"https:\/\/distribucionarc.com\/?post_type=product&#038;p=6625"},"modified":"2024-04-24T16:48:05","modified_gmt":"2024-04-24T16:48:05","slug":"vitamin-booster-rozpustny-tablet-stroj","status":"publish","type":"product","link":"https:\/\/distribucionarc.com\/sk\/producto\/maquina-de-tabletas-solubles-de-refuerzo-vitaminico\/","title":{"rendered":"ROZPUSTN\u00c9 VITAM\u00cdNOV\u00c9 POSIL\u0147OVACIE TABLETY"},"content":{"rendered":"<p>Na\u0161a z\u00e1klad\u0148a<strong> Automatick\u00fd dvojit\u00fd rota\u010dn\u00fd lis na rozpustn\u00e9 tablety s posil\u0148ova\u010dom vitam\u00ednov<\/strong>, predstavuje dokonal\u00e9 rie\u0161enie, ktor\u00e9 h\u013ead\u00e1te. Tento inovat\u00edvny stroj sp\u00e1ja \u0161pi\u010dkov\u00fa technol\u00f3giu s intuit\u00edvnym dizajnom a pon\u00faka mno\u017estvo v\u00fdhod na optimaliz\u00e1ciu v\u00fdroby a kvality v\u00e1\u0161ho<strong> vitam\u00ednov\u00fd doplnok<\/strong>, \u010do v\u00e1m umo\u017en\u00ed efekt\u00edvne uspokoji\u0165 po\u017eiadavky va\u0161ich z\u00e1kazn\u00edkov. Zaru\u010duje vy\u0161\u0161iu produkciu a vynikaj\u00facu kvalitu v\u010faka jednotnej povrchovej \u00faprave a optim\u00e1lnemu lisovaniu, ktor\u00e9 u\u013eah\u010duje r\u00fdchle rozp\u00fa\u0161\u0165anie, \u010d\u00edm zlep\u0161uje pou\u017e\u00edvate\u013esk\u00fd z\u00e1\u017eitok.<\/p>\n<p>&nbsp;<\/p>\n<p>&nbsp;<\/p>\n<table>\n<tbody>\n<tr>\n<td width=\"189\">model<\/td>\n<td width=\"189\">ZARPW29<\/td>\n<td width=\"189\">ZARPW31<\/td>\n<\/tr>\n<tr>\n<td width=\"189\">Dierovacie matrice<\/td>\n<td width=\"189\">29<\/td>\n<td width=\"189\">31<\/td>\n<\/tr>\n<tr>\n<td width=\"189\">maxim\u00e1lny tlak (kn)<\/td>\n<td width=\"189\">100<\/td>\n<td width=\"189\">100<\/td>\n<\/tr>\n<tr>\n<td width=\"189\">Maxim\u00e1lny priemer tablety (mm)<\/td>\n<td width=\"189\">25<\/td>\n<td width=\"189\">22<\/td>\n<\/tr>\n<tr>\n<td width=\"189\">Maxim\u00e1lna h\u013abka plnenia (mm)<\/td>\n<td width=\"189\">15<\/td>\n<td width=\"189\">15<\/td>\n<\/tr>\n<tr>\n<td width=\"189\">Maxim\u00e1lna hr\u00fabka tablety (mm)<\/td>\n<td width=\"189\">6<\/td>\n<td width=\"189\">6<\/td>\n<\/tr>\n<tr>\n<td width=\"189\">R\u00fdchlos\u0165 ve\u017ee (ot.\/min)<\/td>\n<td width=\"189\">14-36<\/td>\n<td width=\"189\">14-36<\/td>\n<\/tr>\n<tr>\n<td width=\"189\">V\u00fdrobn\u00e1 kapacita (ks\/h)<\/td>\n<td width=\"189\">125000<\/td>\n<td width=\"189\">135000<\/td>\n<\/tr>\n<tr>\n<td width=\"189\">V\u00fdkon motora (kw)<\/td>\n<td width=\"189\">5.5<\/td>\n<td width=\"189\">5.5<\/td>\n<\/tr>\n<tr>\n<td width=\"189\">Celkov\u00e1 ve\u013ekos\u0165 (mm)<\/td>\n<td width=\"189\">1230*<\/p>\n<p>950*<\/p>\n<p>1670*<\/td>\n<td width=\"189\">1230*<\/p>\n<p>950*<\/p>\n<p>1670*<\/td>\n<\/tr>\n<tr>\n<td width=\"189\">\u010cist\u00e1 hmotnos\u0165 kg<\/td>\n<td width=\"189\">1700<\/td>\n<td width=\"189\">1700<\/td>\n<\/tr>\n<\/tbody>\n<\/table>","protected":false},"excerpt":{"rendered":"<p>N\u00e1\u0161 pokro\u010dil\u00fd automatick\u00fd rota\u010dn\u00fd tabletovac\u00ed lis s dvojit\u00fdm lisovan\u00edm na rozpustn\u00e9 tablety s vitam\u00ednov\u00fdm posil\u0148ova\u010dom predstavuje perfektn\u00e9 rie\u0161enie, ktor\u00e9<\/p>","protected":false},"featured_media":6634,"comment_status":"open","ping_status":"closed","template":"","meta":{"wds_primary_product_brand":0,"wds_primary_product_cat":0},"product_brand":[],"product_cat":[84],"product_tag":[],"class_list":{"0":"post-6625","1":"product","2":"type-product","3":"status-publish","4":"has-post-thumbnail","6":"product_cat-maquinas-para-hacer-pastillas","8":"first","9":"instock","10":"taxable","11":"shipping-taxable","12":"purchasable","13":"product-type-simple"},"yoast_head":"<!-- This site is optimized with the Yoast SEO Premium plugin v24.9 (Yoast SEO v26.1) - https:\/\/yoast.com\/wordpress\/plugins\/seo\/ -->\n<title>MAQUINA DE TABLETAS SOLUBLES DE REFUERZO VITAMINICO - distribuci\u00f3n ARC<\/title>\n<meta name=\"robots\" content=\"index, follow, max-snippet:-1, max-image-preview:large, max-video-preview:-1\" \/>\n<link rel=\"canonical\" href=\"https:\/\/distribucionarc.com\/sk\/produktov\/vitamin-booster-rozpustny-tablet-stroj\/\" \/>\n<meta property=\"og:locale\" content=\"sk_SK\" \/>\n<meta property=\"og:type\" content=\"article\" \/>\n<meta property=\"og:title\" content=\"MAQUINA DE TABLETAS SOLUBLES DE REFUERZO VITAMINICO\" \/>\n<meta property=\"og:description\" content=\"Nuestra avanzada M\u00e1quina Prensadora Rotativa Autom\u00e1tica de Doble Prensa para Tabletas Solubles de refuerzo vitam\u00ednico, representa la soluci\u00f3n perfecta que\" \/>\n<meta property=\"og:url\" content=\"https:\/\/distribucionarc.com\/sk\/produktov\/vitamin-booster-rozpustny-tablet-stroj\/\" \/>\n<meta property=\"og:site_name\" content=\"distribuci\u00f3n ARC\" \/>\n<meta property=\"article:modified_time\" content=\"2024-04-24T16:48:05+00:00\" \/>\n<meta property=\"og:image\" content=\"https:\/\/distribucionarc.com\/wp-content\/uploads\/2024\/04\/MAQUINA-DE-TABLETAS-SOLUBLES-DE-REFUERZO-VITAMINICO-1.jpg\" \/>\n\t<meta property=\"og:image:width\" content=\"368\" \/>\n\t<meta property=\"og:image:height\" content=\"465\" \/>\n\t<meta property=\"og:image:type\" content=\"image\/jpeg\" \/>\n<meta name=\"twitter:card\" content=\"summary_large_image\" \/>\n<meta name=\"twitter:label1\" content=\"Predpokladan\u00fd \u010das \u010d\u00edtania\" \/>\n\t<meta name=\"twitter:data1\" content=\"1 min\u00fata\" \/>\n<script type=\"application\/ld+json\" class=\"yoast-schema-graph\">{\"@context\":\"https:\/\/schema.org\",\"@graph\":[{\"@type\":\"WebPage\",\"@id\":\"https:\/\/distribucionarc.com\/sk\/producto\/maquina-de-tabletas-solubles-de-refuerzo-vitaminico\/\",\"url\":\"https:\/\/distribucionarc.com\/sk\/producto\/maquina-de-tabletas-solubles-de-refuerzo-vitaminico\/\",\"name\":\"MAQUINA DE TABLETAS SOLUBLES DE REFUERZO VITAMINICO - distribuci\u00f3n ARC\",\"isPartOf\":{\"@id\":\"https:\/\/distribucionarc.com\/de\/#website\"},\"primaryImageOfPage\":{\"@id\":\"https:\/\/distribucionarc.com\/sk\/producto\/maquina-de-tabletas-solubles-de-refuerzo-vitaminico\/#primaryimage\"},\"image\":{\"@id\":\"https:\/\/distribucionarc.com\/sk\/producto\/maquina-de-tabletas-solubles-de-refuerzo-vitaminico\/#primaryimage\"},\"thumbnailUrl\":\"https:\/\/distribucionarc.com\/wp-content\/uploads\/2024\/04\/MAQUINA-DE-TABLETAS-SOLUBLES-DE-REFUERZO-VITAMINICO-1.jpg\",\"datePublished\":\"2024-04-24T16:26:54+00:00\",\"dateModified\":\"2024-04-24T16:48:05+00:00\",\"breadcrumb\":{\"@id\":\"https:\/\/distribucionarc.com\/sk\/producto\/maquina-de-tabletas-solubles-de-refuerzo-vitaminico\/#breadcrumb\"},\"inLanguage\":\"sk-SK\",\"potentialAction\":[{\"@type\":\"ReadAction\",\"target\":[\"https:\/\/distribucionarc.com\/sk\/producto\/maquina-de-tabletas-solubles-de-refuerzo-vitaminico\/\"]}]},{\"@type\":\"ImageObject\",\"inLanguage\":\"sk-SK\",\"@id\":\"https:\/\/distribucionarc.com\/sk\/producto\/maquina-de-tabletas-solubles-de-refuerzo-vitaminico\/#primaryimage\",\"url\":\"https:\/\/distribucionarc.com\/wp-content\/uploads\/2024\/04\/MAQUINA-DE-TABLETAS-SOLUBLES-DE-REFUERZO-VITAMINICO-1.jpg\",\"contentUrl\":\"https:\/\/distribucionarc.com\/wp-content\/uploads\/2024\/04\/MAQUINA-DE-TABLETAS-SOLUBLES-DE-REFUERZO-VITAMINICO-1.jpg\",\"width\":368,\"height\":465,\"caption\":\"#image_title\"},{\"@type\":\"BreadcrumbList\",\"@id\":\"https:\/\/distribucionarc.com\/sk\/producto\/maquina-de-tabletas-solubles-de-refuerzo-vitaminico\/#breadcrumb\",\"itemListElement\":[{\"@type\":\"ListItem\",\"position\":1,\"name\":\"Portada\",\"item\":\"https:\/\/distribucionarc.com\/pl\/\"},{\"@type\":\"ListItem\",\"position\":2,\"name\":\"Produkty\",\"item\":\"https:\/\/distribucionarc.com\/pl\/shop\/\"},{\"@type\":\"ListItem\",\"position\":3,\"name\":\"MAQUINA DE TABLETAS SOLUBLES DE REFUERZO VITAMINICO\"}]},{\"@type\":\"WebSite\",\"@id\":\"https:\/\/distribucionarc.com\/de\/#website\",\"url\":\"https:\/\/distribucionarc.com\/de\/\",\"name\":\"distribuci\u00f3n ARC\",\"description\":\"Empresa especializada en la fabricaci\u00f3n y distribuci\u00f3n de maquinaria industrial, selladoras de latas, Maquinas de hacer pastillas, Maquinas de cortar carne...\",\"publisher\":{\"@id\":\"https:\/\/distribucionarc.com\/de\/#organization\"},\"potentialAction\":[{\"@type\":\"SearchAction\",\"target\":{\"@type\":\"EntryPoint\",\"urlTemplate\":\"https:\/\/distribucionarc.com\/de\/?s={search_term_string}\"},\"query-input\":{\"@type\":\"PropertyValueSpecification\",\"valueRequired\":true,\"valueName\":\"search_term_string\"}}],\"inLanguage\":\"sk-SK\"},{\"@type\":\"Organization\",\"@id\":\"https:\/\/distribucionarc.com\/de\/#organization\",\"name\":\"Distribuci\u00f3n ARC\",\"url\":\"https:\/\/distribucionarc.com\/de\/\",\"logo\":{\"@type\":\"ImageObject\",\"inLanguage\":\"sk-SK\",\"@id\":\"https:\/\/distribucionarc.com\/de\/#\/schema\/logo\/image\/\",\"url\":\"https:\/\/distribucionarc.com\/wp-content\/uploads\/2024\/10\/distribucion-ARC-COLOR-SIN-FONDO-e1732295305345.png\",\"contentUrl\":\"https:\/\/distribucionarc.com\/wp-content\/uploads\/2024\/10\/distribucion-ARC-COLOR-SIN-FONDO-e1732295305345.png\",\"width\":1164,\"height\":558,\"caption\":\"Distribuci\u00f3n ARC\"},\"image\":{\"@id\":\"https:\/\/distribucionarc.com\/de\/#\/schema\/logo\/image\/\"},\"description\":\"Empresa especializada en la fabricaci\u00f3n y distribuci\u00f3n de maquinaria industrial para los sectores alimentario y farmac\u00e9utico. Nos especializamos en: M\u00e1quinas de cortar carne Fabricaci\u00f3n de comprimidos Sistemas de transporte industrial L\u00edneas de embotellado Dosificadores Y mucho m\u00e1s... Ofrecemos soluciones innovadoras y personalizadas para optimizar los procesos productivos de tu empresa.\",\"email\":\"Admistracion@distribucionarc.com\",\"telephone\":\"+34 643496664\",\"legalName\":\"ARC TECH SOLUTIONS\",\"foundingDate\":\"2024-04-09\",\"vatID\":\"B55480172\",\"numberOfEmployees\":{\"@type\":\"QuantitativeValue\",\"minValue\":\"1\",\"maxValue\":\"10\"}}]}<\/script>\n<!-- \/ Yoast SEO Premium plugin. -->","yoast_head_json":{"title":"STROJ NA ROZPUSTN\u00c9 TABLETY VITAM\u00cdNOV\u00c9 V\u00ddSTU\u017dE - distrib\u00facia ARC","robots":{"index":"index","follow":"follow","max-snippet":"max-snippet:-1","max-image-preview":"max-image-preview:large","max-video-preview":"max-video-preview:-1"},"canonical":"https:\/\/distribucionarc.com\/sk\/produktov\/vitamin-booster-rozpustny-tablet-stroj\/","og_locale":"sk_SK","og_type":"article","og_title":"MAQUINA DE TABLETAS SOLUBLES DE REFUERZO VITAMINICO","og_description":"Nuestra avanzada M\u00e1quina Prensadora Rotativa Autom\u00e1tica de Doble Prensa para Tabletas Solubles de refuerzo vitam\u00ednico, representa la soluci\u00f3n perfecta que","og_url":"https:\/\/distribucionarc.com\/sk\/produktov\/vitamin-booster-rozpustny-tablet-stroj\/","og_site_name":"distribuci\u00f3n ARC","article_modified_time":"2024-04-24T16:48:05+00:00","og_image":[{"width":368,"height":465,"url":"https:\/\/distribucionarc.com\/wp-content\/uploads\/2024\/04\/MAQUINA-DE-TABLETAS-SOLUBLES-DE-REFUERZO-VITAMINICO-1.jpg","type":"image\/jpeg"}],"twitter_card":"summary_large_image","twitter_misc":{"Predpokladan\u00fd \u010das \u010d\u00edtania":"1 min\u00fata"},"schema":{"@context":"https:\/\/schema.org","@graph":[{"@type":"WebPage","@id":"https:\/\/distribucionarc.com\/sk\/producto\/maquina-de-tabletas-solubles-de-refuerzo-vitaminico\/","url":"https:\/\/distribucionarc.com\/sk\/producto\/maquina-de-tabletas-solubles-de-refuerzo-vitaminico\/","name":"STROJ NA ROZPUSTN\u00c9 TABLETY VITAM\u00cdNOV\u00c9 V\u00ddSTU\u017dE - distrib\u00facia ARC","isPartOf":{"@id":"https:\/\/distribucionarc.com\/de\/#website"},"primaryImageOfPage":{"@id":"https:\/\/distribucionarc.com\/sk\/producto\/maquina-de-tabletas-solubles-de-refuerzo-vitaminico\/#primaryimage"},"image":{"@id":"https:\/\/distribucionarc.com\/sk\/producto\/maquina-de-tabletas-solubles-de-refuerzo-vitaminico\/#primaryimage"},"thumbnailUrl":"https:\/\/distribucionarc.com\/wp-content\/uploads\/2024\/04\/MAQUINA-DE-TABLETAS-SOLUBLES-DE-REFUERZO-VITAMINICO-1.jpg","datePublished":"2024-04-24T16:26:54+00:00","dateModified":"2024-04-24T16:48:05+00:00","breadcrumb":{"@id":"https:\/\/distribucionarc.com\/sk\/producto\/maquina-de-tabletas-solubles-de-refuerzo-vitaminico\/#breadcrumb"},"inLanguage":"sk-SK","potentialAction":[{"@type":"ReadAction","target":["https:\/\/distribucionarc.com\/sk\/producto\/maquina-de-tabletas-solubles-de-refuerzo-vitaminico\/"]}]},{"@type":"ImageObject","inLanguage":"sk-SK","@id":"https:\/\/distribucionarc.com\/sk\/producto\/maquina-de-tabletas-solubles-de-refuerzo-vitaminico\/#primaryimage","url":"https:\/\/distribucionarc.com\/wp-content\/uploads\/2024\/04\/MAQUINA-DE-TABLETAS-SOLUBLES-DE-REFUERZO-VITAMINICO-1.jpg","contentUrl":"https:\/\/distribucionarc.com\/wp-content\/uploads\/2024\/04\/MAQUINA-DE-TABLETAS-SOLUBLES-DE-REFUERZO-VITAMINICO-1.jpg","width":368,"height":465,"caption":"#image_title"},{"@type":"BreadcrumbList","@id":"https:\/\/distribucionarc.com\/sk\/producto\/maquina-de-tabletas-solubles-de-refuerzo-vitaminico\/#breadcrumb","itemListElement":[{"@type":"ListItem","position":1,"name":"Portada","item":"https:\/\/distribucionarc.com\/pl\/"},{"@type":"ListItem","position":2,"name":"Produkty","item":"https:\/\/distribucionarc.com\/pl\/shop\/"},{"@type":"ListItem","position":3,"name":"MAQUINA DE TABLETAS SOLUBLES DE REFUERZO VITAMINICO"}]},{"@type":"WebSite","@id":"https:\/\/distribucionarc.com\/de\/#website","url":"https:\/\/distribucionarc.com\/de\/","name":"ARC distrib\u00facia","description":"Spolo\u010dnos\u0165 sa \u0161pecializuje na v\u00fdrobu a distrib\u00faciu priemyseln\u00fdch strojov, strojov na uzatv\u00e1ranie plechoviek, strojov na v\u00fdrobu tabliet, strojov na porciovanie m\u00e4sa...","publisher":{"@id":"https:\/\/distribucionarc.com\/de\/#organization"},"potentialAction":[{"@type":"SearchAction","target":{"@type":"EntryPoint","urlTemplate":"https:\/\/distribucionarc.com\/de\/?s={search_term_string}"},"query-input":{"@type":"PropertyValueSpecification","valueRequired":true,"valueName":"search_term_string"}}],"inLanguage":"sk-SK"},{"@type":"Organization","@id":"https:\/\/distribucionarc.com\/de\/#organization","name":"Distrib\u00facia ARC","url":"https:\/\/distribucionarc.com\/de\/","logo":{"@type":"ImageObject","inLanguage":"sk-SK","@id":"https:\/\/distribucionarc.com\/de\/#\/schema\/logo\/image\/","url":"https:\/\/distribucionarc.com\/wp-content\/uploads\/2024\/10\/distribucion-ARC-COLOR-SIN-FONDO-e1732295305345.png","contentUrl":"https:\/\/distribucionarc.com\/wp-content\/uploads\/2024\/10\/distribucion-ARC-COLOR-SIN-FONDO-e1732295305345.png","width":1164,"height":558,"caption":"Distribuci\u00f3n ARC"},"image":{"@id":"https:\/\/distribucionarc.com\/de\/#\/schema\/logo\/image\/"},"description":"Spolo\u010dnos\u0165 \u0161pecializuj\u00faca sa na v\u00fdrobu a distrib\u00faciu priemyseln\u00fdch strojov pre potravin\u00e1rsky a farmaceutick\u00fd sektor. \u0160pecializujeme sa na: Stroje na kr\u00e1janie m\u00e4sa V\u00fdroba tabliet Priemyseln\u00e9 dopravn\u00e9 syst\u00e9my D\u00e1vkova\u010de na f\u013ea\u0161e A ove\u013ea viac... Pon\u00fakame inovat\u00edvne a prisp\u00f4soben\u00e9 rie\u0161enia na optimaliz\u00e1ciu v\u00fdrobn\u00fdch procesov va\u0161ej spolo\u010dnosti.","email":"Admistracion@distribucionarc.com","telephone":"+34 643496664","legalName":"ARC TECH SOLUTIONS","foundingDate":"2024-04-09","vatID":"B55480172","numberOfEmployees":{"@type":"QuantitativeValue","minValue":"1","maxValue":"10"}}]}},"_links":{"self":[{"href":"https:\/\/distribucionarc.com\/sk\/wp-json\/wp\/v2\/product\/6625","targetHints":{"allow":["GET"]}}],"collection":[{"href":"https:\/\/distribucionarc.com\/sk\/wp-json\/wp\/v2\/product"}],"about":[{"href":"https:\/\/distribucionarc.com\/sk\/wp-json\/wp\/v2\/types\/product"}],"replies":[{"embeddable":true,"href":"https:\/\/distribucionarc.com\/sk\/wp-json\/wp\/v2\/comments?post=6625"}],"version-history":[{"count":0,"href":"https:\/\/distribucionarc.com\/sk\/wp-json\/wp\/v2\/product\/6625\/revisions"}],"wp:featuredmedia":[{"embeddable":true,"href":"https:\/\/distribucionarc.com\/sk\/wp-json\/wp\/v2\/media\/6634"}],"wp:attachment":[{"href":"https:\/\/distribucionarc.com\/sk\/wp-json\/wp\/v2\/media?parent=6625"}],"wp:term":[{"taxonomy":"product_brand","embeddable":true,"href":"https:\/\/distribucionarc.com\/sk\/wp-json\/wp\/v2\/product_brand?post=6625"},{"taxonomy":"product_cat","embeddable":true,"href":"https:\/\/distribucionarc.com\/sk\/wp-json\/wp\/v2\/product_cat?post=6625"},{"taxonomy":"product_tag","embeddable":true,"href":"https:\/\/distribucionarc.com\/sk\/wp-json\/wp\/v2\/product_tag?post=6625"}],"curies":[{"name":"pracovn\u00fd list","href":"https:\/\/api.w.org\/{rel}","templated":true}]}}