{"id":6641,"date":"2024-04-24T16:45:56","date_gmt":"2024-04-24T16:45:56","guid":{"rendered":"https:\/\/distribucionarc.com\/?post_type=product&#038;p=6641"},"modified":"2024-04-24T16:45:58","modified_gmt":"2024-04-24T16:45:58","slug":"dvojity-lis-rotacny-tabletovy-stroj-na-doplnky-stravy","status":"publish","type":"product","link":"https:\/\/distribucionarc.com\/sk\/producto\/maquina-de-tabletas-rotativa-de-doble-prensa-para-complementos-dieteticos\/","title":{"rendered":"DVOJTLAKOV\u00dd OTO\u010cN\u00dd TABLETOV\u00dd STROJ NA DOPLNKY STRAVY"},"content":{"rendered":"<p>Objavte na\u0161e<strong> dvojtla\u010dov\u00fd rota\u010dn\u00fd tabletovac\u00ed stroj na doplnky stravy<\/strong>! Premie\u0148a pr\u00e1\u0161ok, granule a zrn\u00e1 na<strong> tabletov\u00fd doplnok stravy<\/strong> s vysokou kvalitou s r\u00f4znymi tvarmi. Bezpe\u010dn\u00e9 a hygienick\u00e9 v\u010faka uzavret\u00e9mu dizajnu a prieh\u013eadn\u00e9mu ochrann\u00e9mu krytu. Riadenie PLC pre presn\u00fa prev\u00e1dzku. Zv\u00fd\u0161te produkciu a zlep\u0161ite svoju kvalitu<strong> doplnky stravy<\/strong>. Optimalizujte svoj v\u00fdrobn\u00fd proces s nami!<\/p>\n<p>&nbsp;<\/p>\n<table>\n<tbody>\n<tr>\n<td width=\"189\">Model<\/td>\n<td width=\"189\">ZARPW-21D<\/td>\n<td width=\"189\">ZARPW-19D<\/td>\n<\/tr>\n<tr>\n<td width=\"189\">Dierovacie matrice<\/td>\n<td width=\"189\">21<\/td>\n<td width=\"189\">19<\/td>\n<\/tr>\n<tr>\n<td width=\"189\">Maxim\u00e1lny tlak (kn)<\/td>\n<td width=\"189\">100<\/td>\n<td width=\"189\">100<\/td>\n<\/tr>\n<tr>\n<td width=\"189\">Maxim\u00e1lny priemer tablety (mm)<\/td>\n<td width=\"189\">40<\/td>\n<td width=\"189\">40<\/td>\n<\/tr>\n<tr>\n<td width=\"189\">Maxim\u00e1lna h\u013abka plnenia (mm)<\/td>\n<td width=\"189\">25<\/td>\n<td width=\"189\">30<\/td>\n<\/tr>\n<tr>\n<td width=\"189\">Maxim\u00e1lna hr\u00fabka tablety (mm)<\/td>\n<td width=\"189\">12<\/td>\n<td width=\"189\">15<\/td>\n<\/tr>\n<tr>\n<td width=\"189\">R\u00fdchlos\u0165 ve\u017ee (ot.\/min)<\/td>\n<td width=\"189\">0-30<\/td>\n<td width=\"189\">0-30<\/td>\n<\/tr>\n<tr>\n<td width=\"189\">V\u00fdrobn\u00e1 kapacita (kus\/h)<\/td>\n<td width=\"189\">25500<\/td>\n<td width=\"189\">20500<\/td>\n<\/tr>\n<tr>\n<td width=\"189\">V\u00fdkon motora<\/td>\n<td width=\"189\">5.5<\/td>\n<td width=\"189\">5.5<\/td>\n<\/tr>\n<tr>\n<td width=\"189\">Celkov\u00e1 ve\u013ekos\u0165 (mm)<\/td>\n<td width=\"189\">1500*<\/p>\n<p>1300*<\/p>\n<p>1650*<\/td>\n<td width=\"189\">1230*<\/p>\n<p>950*<\/p>\n<p>1900*<\/td>\n<\/tr>\n<tr>\n<td width=\"189\">\u010cist\u00e1 hmotnos\u0165 kg<\/td>\n<td width=\"189\">1850<\/td>\n<td width=\"189\">2500<\/td>\n<\/tr>\n<\/tbody>\n<\/table>","protected":false},"excerpt":{"rendered":"<p>Objavte n\u00e1\u0161 rota\u010dn\u00fd tabletovac\u00ed stroj s dvojit\u00fdm lisovan\u00edm na v\u00fd\u017eivov\u00e9 doplnky! Premie\u0148a pr\u00e1\u0161ok, granule a zrn\u00e1 na tablety<\/p>","protected":false},"featured_media":6644,"comment_status":"open","ping_status":"closed","template":"","meta":{"wds_primary_product_brand":0,"wds_primary_product_cat":0},"product_brand":[],"product_cat":[84],"product_tag":[],"class_list":{"0":"post-6641","1":"product","2":"type-product","3":"status-publish","4":"has-post-thumbnail","6":"product_cat-maquinas-para-hacer-pastillas","8":"first","9":"instock","10":"taxable","11":"shipping-taxable","12":"purchasable","13":"product-type-simple"},"yoast_head":"<!-- This site is optimized with the Yoast SEO Premium plugin v24.9 (Yoast SEO v26.1) - https:\/\/yoast.com\/wordpress\/plugins\/seo\/ -->\n<title>MAQUINA DE TABLETAS ROTATIVA DE DOBLE PRENSA PARA COMPLEMENTOS DIETETICOS - distribuci\u00f3n ARC<\/title>\n<meta name=\"robots\" content=\"index, follow, max-snippet:-1, max-image-preview:large, max-video-preview:-1\" \/>\n<link rel=\"canonical\" href=\"https:\/\/distribucionarc.com\/sk\/produktov\/dvojity-lis-rotacny-tabletovy-stroj-na-doplnky-stravy\/\" \/>\n<meta property=\"og:locale\" content=\"sk_SK\" \/>\n<meta property=\"og:type\" content=\"article\" \/>\n<meta property=\"og:title\" content=\"MAQUINA DE TABLETAS ROTATIVA DE DOBLE PRENSA PARA COMPLEMENTOS DIETETICOS\" \/>\n<meta property=\"og:description\" content=\"\u00a1Descubre nuestra m\u00e1quina de tabletas rotativa de doble prensa para complementos diet\u00e9ticos! Convierte polvo, gr\u00e1nulos y granos en tabletas de\" \/>\n<meta property=\"og:url\" content=\"https:\/\/distribucionarc.com\/sk\/produktov\/dvojity-lis-rotacny-tabletovy-stroj-na-doplnky-stravy\/\" \/>\n<meta property=\"og:site_name\" content=\"distribuci\u00f3n ARC\" \/>\n<meta property=\"article:modified_time\" content=\"2024-04-24T16:45:58+00:00\" \/>\n<meta property=\"og:image\" content=\"https:\/\/distribucionarc.com\/wp-content\/uploads\/2024\/04\/MAQUINA-DE-TABLETAS-ROTATIVA-DE-DOBLE-PRENSA-PARA-COMPLEMENTOS-DIETETICOS-fotor-20240424184144.jpg\" \/>\n\t<meta property=\"og:image:width\" content=\"688\" \/>\n\t<meta property=\"og:image:height\" content=\"944\" \/>\n\t<meta property=\"og:image:type\" content=\"image\/jpeg\" \/>\n<meta name=\"twitter:card\" content=\"summary_large_image\" \/>\n<meta name=\"twitter:label1\" content=\"Predpokladan\u00fd \u010das \u010d\u00edtania\" \/>\n\t<meta name=\"twitter:data1\" content=\"1 min\u00fata\" \/>\n<script type=\"application\/ld+json\" class=\"yoast-schema-graph\">{\"@context\":\"https:\/\/schema.org\",\"@graph\":[{\"@type\":\"WebPage\",\"@id\":\"https:\/\/distribucionarc.com\/sk\/producto\/maquina-de-tabletas-rotativa-de-doble-prensa-para-complementos-dieteticos\/\",\"url\":\"https:\/\/distribucionarc.com\/sk\/producto\/maquina-de-tabletas-rotativa-de-doble-prensa-para-complementos-dieteticos\/\",\"name\":\"MAQUINA DE TABLETAS ROTATIVA DE DOBLE PRENSA PARA COMPLEMENTOS DIETETICOS - distribuci\u00f3n ARC\",\"isPartOf\":{\"@id\":\"https:\/\/distribucionarc.com\/ro\/#website\"},\"primaryImageOfPage\":{\"@id\":\"https:\/\/distribucionarc.com\/sk\/producto\/maquina-de-tabletas-rotativa-de-doble-prensa-para-complementos-dieteticos\/#primaryimage\"},\"image\":{\"@id\":\"https:\/\/distribucionarc.com\/sk\/producto\/maquina-de-tabletas-rotativa-de-doble-prensa-para-complementos-dieteticos\/#primaryimage\"},\"thumbnailUrl\":\"https:\/\/distribucionarc.com\/wp-content\/uploads\/2024\/04\/MAQUINA-DE-TABLETAS-ROTATIVA-DE-DOBLE-PRENSA-PARA-COMPLEMENTOS-DIETETICOS-fotor-20240424184144.jpg\",\"datePublished\":\"2024-04-24T16:45:56+00:00\",\"dateModified\":\"2024-04-24T16:45:58+00:00\",\"breadcrumb\":{\"@id\":\"https:\/\/distribucionarc.com\/sk\/producto\/maquina-de-tabletas-rotativa-de-doble-prensa-para-complementos-dieteticos\/#breadcrumb\"},\"inLanguage\":\"sk-SK\",\"potentialAction\":[{\"@type\":\"ReadAction\",\"target\":[\"https:\/\/distribucionarc.com\/sk\/producto\/maquina-de-tabletas-rotativa-de-doble-prensa-para-complementos-dieteticos\/\"]}]},{\"@type\":\"ImageObject\",\"inLanguage\":\"sk-SK\",\"@id\":\"https:\/\/distribucionarc.com\/sk\/producto\/maquina-de-tabletas-rotativa-de-doble-prensa-para-complementos-dieteticos\/#primaryimage\",\"url\":\"https:\/\/distribucionarc.com\/wp-content\/uploads\/2024\/04\/MAQUINA-DE-TABLETAS-ROTATIVA-DE-DOBLE-PRENSA-PARA-COMPLEMENTOS-DIETETICOS-fotor-20240424184144.jpg\",\"contentUrl\":\"https:\/\/distribucionarc.com\/wp-content\/uploads\/2024\/04\/MAQUINA-DE-TABLETAS-ROTATIVA-DE-DOBLE-PRENSA-PARA-COMPLEMENTOS-DIETETICOS-fotor-20240424184144.jpg\",\"width\":688,\"height\":944,\"caption\":\"#image_title\"},{\"@type\":\"BreadcrumbList\",\"@id\":\"https:\/\/distribucionarc.com\/sk\/producto\/maquina-de-tabletas-rotativa-de-doble-prensa-para-complementos-dieteticos\/#breadcrumb\",\"itemListElement\":[{\"@type\":\"ListItem\",\"position\":1,\"name\":\"Portada\",\"item\":\"https:\/\/distribucionarc.com\/ar\/\"},{\"@type\":\"ListItem\",\"position\":2,\"name\":\"Proizvodi\",\"item\":\"https:\/\/www.distribucionarc.com\/hr\/ducan\/\"},{\"@type\":\"ListItem\",\"position\":3,\"name\":\"MAQUINA DE TABLETAS ROTATIVA DE DOBLE PRENSA PARA COMPLEMENTOS DIETETICOS\"}]},{\"@type\":\"WebSite\",\"@id\":\"https:\/\/distribucionarc.com\/ro\/#website\",\"url\":\"https:\/\/distribucionarc.com\/ro\/\",\"name\":\"distribuci\u00f3n ARC\",\"description\":\"Empresa especializada en la fabricaci\u00f3n y distribuci\u00f3n de maquinaria industrial, selladoras de latas, Maquinas de hacer pastillas, Maquinas de cortar carne...\",\"publisher\":{\"@id\":\"https:\/\/distribucionarc.com\/ro\/#organization\"},\"potentialAction\":[{\"@type\":\"SearchAction\",\"target\":{\"@type\":\"EntryPoint\",\"urlTemplate\":\"https:\/\/distribucionarc.com\/ro\/?s={search_term_string}\"},\"query-input\":{\"@type\":\"PropertyValueSpecification\",\"valueRequired\":true,\"valueName\":\"search_term_string\"}}],\"inLanguage\":\"sk-SK\"},{\"@type\":\"Organization\",\"@id\":\"https:\/\/distribucionarc.com\/ro\/#organization\",\"name\":\"Distribuci\u00f3n ARC\",\"url\":\"https:\/\/distribucionarc.com\/ro\/\",\"logo\":{\"@type\":\"ImageObject\",\"inLanguage\":\"sk-SK\",\"@id\":\"https:\/\/distribucionarc.com\/ro\/#\/schema\/logo\/image\/\",\"url\":\"https:\/\/distribucionarc.com\/wp-content\/uploads\/2024\/10\/distribucion-ARC-COLOR-SIN-FONDO-e1732295305345.png\",\"contentUrl\":\"https:\/\/distribucionarc.com\/wp-content\/uploads\/2024\/10\/distribucion-ARC-COLOR-SIN-FONDO-e1732295305345.png\",\"width\":1164,\"height\":558,\"caption\":\"Distribuci\u00f3n ARC\"},\"image\":{\"@id\":\"https:\/\/distribucionarc.com\/ro\/#\/schema\/logo\/image\/\"},\"description\":\"Empresa especializada en la fabricaci\u00f3n y distribuci\u00f3n de maquinaria industrial para los sectores alimentario y farmac\u00e9utico. Nos especializamos en: M\u00e1quinas de cortar carne Fabricaci\u00f3n de comprimidos Sistemas de transporte industrial L\u00edneas de embotellado Dosificadores Y mucho m\u00e1s... Ofrecemos soluciones innovadoras y personalizadas para optimizar los procesos productivos de tu empresa.\",\"email\":\"Admistracion@distribucionarc.com\",\"telephone\":\"+34 643496664\",\"legalName\":\"ARC TECH SOLUTIONS\",\"foundingDate\":\"2024-04-09\",\"vatID\":\"B55480172\",\"numberOfEmployees\":{\"@type\":\"QuantitativeValue\",\"minValue\":\"1\",\"maxValue\":\"10\"}}]}<\/script>\n<!-- \/ Yoast SEO Premium plugin. -->","yoast_head_json":{"title":"DVOJTLAKOV\u00dd ROTA\u010cN\u00dd TABLETOV\u00dd STROJ NA DOPLNKY STRAVY - distrib\u00facia ARC","robots":{"index":"index","follow":"follow","max-snippet":"max-snippet:-1","max-image-preview":"max-image-preview:large","max-video-preview":"max-video-preview:-1"},"canonical":"https:\/\/distribucionarc.com\/sk\/produktov\/dvojity-lis-rotacny-tabletovy-stroj-na-doplnky-stravy\/","og_locale":"sk_SK","og_type":"article","og_title":"MAQUINA DE TABLETAS ROTATIVA DE DOBLE PRENSA PARA COMPLEMENTOS DIETETICOS","og_description":"\u00a1Descubre nuestra m\u00e1quina de tabletas rotativa de doble prensa para complementos diet\u00e9ticos! Convierte polvo, gr\u00e1nulos y granos en tabletas de","og_url":"https:\/\/distribucionarc.com\/sk\/produktov\/dvojity-lis-rotacny-tabletovy-stroj-na-doplnky-stravy\/","og_site_name":"distribuci\u00f3n ARC","article_modified_time":"2024-04-24T16:45:58+00:00","og_image":[{"width":688,"height":944,"url":"https:\/\/distribucionarc.com\/wp-content\/uploads\/2024\/04\/MAQUINA-DE-TABLETAS-ROTATIVA-DE-DOBLE-PRENSA-PARA-COMPLEMENTOS-DIETETICOS-fotor-20240424184144.jpg","type":"image\/jpeg"}],"twitter_card":"summary_large_image","twitter_misc":{"Predpokladan\u00fd \u010das \u010d\u00edtania":"1 min\u00fata"},"schema":{"@context":"https:\/\/schema.org","@graph":[{"@type":"WebPage","@id":"https:\/\/distribucionarc.com\/sk\/producto\/maquina-de-tabletas-rotativa-de-doble-prensa-para-complementos-dieteticos\/","url":"https:\/\/distribucionarc.com\/sk\/producto\/maquina-de-tabletas-rotativa-de-doble-prensa-para-complementos-dieteticos\/","name":"DVOJTLAKOV\u00dd ROTA\u010cN\u00dd TABLETOV\u00dd STROJ NA DOPLNKY STRAVY - distrib\u00facia ARC","isPartOf":{"@id":"https:\/\/distribucionarc.com\/ro\/#website"},"primaryImageOfPage":{"@id":"https:\/\/distribucionarc.com\/sk\/producto\/maquina-de-tabletas-rotativa-de-doble-prensa-para-complementos-dieteticos\/#primaryimage"},"image":{"@id":"https:\/\/distribucionarc.com\/sk\/producto\/maquina-de-tabletas-rotativa-de-doble-prensa-para-complementos-dieteticos\/#primaryimage"},"thumbnailUrl":"https:\/\/distribucionarc.com\/wp-content\/uploads\/2024\/04\/MAQUINA-DE-TABLETAS-ROTATIVA-DE-DOBLE-PRENSA-PARA-COMPLEMENTOS-DIETETICOS-fotor-20240424184144.jpg","datePublished":"2024-04-24T16:45:56+00:00","dateModified":"2024-04-24T16:45:58+00:00","breadcrumb":{"@id":"https:\/\/distribucionarc.com\/sk\/producto\/maquina-de-tabletas-rotativa-de-doble-prensa-para-complementos-dieteticos\/#breadcrumb"},"inLanguage":"sk-SK","potentialAction":[{"@type":"ReadAction","target":["https:\/\/distribucionarc.com\/sk\/producto\/maquina-de-tabletas-rotativa-de-doble-prensa-para-complementos-dieteticos\/"]}]},{"@type":"ImageObject","inLanguage":"sk-SK","@id":"https:\/\/distribucionarc.com\/sk\/producto\/maquina-de-tabletas-rotativa-de-doble-prensa-para-complementos-dieteticos\/#primaryimage","url":"https:\/\/distribucionarc.com\/wp-content\/uploads\/2024\/04\/MAQUINA-DE-TABLETAS-ROTATIVA-DE-DOBLE-PRENSA-PARA-COMPLEMENTOS-DIETETICOS-fotor-20240424184144.jpg","contentUrl":"https:\/\/distribucionarc.com\/wp-content\/uploads\/2024\/04\/MAQUINA-DE-TABLETAS-ROTATIVA-DE-DOBLE-PRENSA-PARA-COMPLEMENTOS-DIETETICOS-fotor-20240424184144.jpg","width":688,"height":944,"caption":"#image_title"},{"@type":"BreadcrumbList","@id":"https:\/\/distribucionarc.com\/sk\/producto\/maquina-de-tabletas-rotativa-de-doble-prensa-para-complementos-dieteticos\/#breadcrumb","itemListElement":[{"@type":"ListItem","position":1,"name":"Portada","item":"https:\/\/distribucionarc.com\/ar\/"},{"@type":"ListItem","position":2,"name":"Proizvodi","item":"https:\/\/www.distribucionarc.com\/hr\/ducan\/"},{"@type":"ListItem","position":3,"name":"MAQUINA DE TABLETAS ROTATIVA DE DOBLE PRENSA PARA COMPLEMENTOS DIETETICOS"}]},{"@type":"WebSite","@id":"https:\/\/distribucionarc.com\/ro\/#website","url":"https:\/\/distribucionarc.com\/ro\/","name":"ARC distrib\u00facia","description":"Spolo\u010dnos\u0165 sa \u0161pecializuje na v\u00fdrobu a distrib\u00faciu priemyseln\u00fdch strojov, strojov na uzatv\u00e1ranie plechoviek, strojov na v\u00fdrobu tabliet, strojov na porciovanie m\u00e4sa...","publisher":{"@id":"https:\/\/distribucionarc.com\/ro\/#organization"},"potentialAction":[{"@type":"SearchAction","target":{"@type":"EntryPoint","urlTemplate":"https:\/\/distribucionarc.com\/ro\/?s={search_term_string}"},"query-input":{"@type":"PropertyValueSpecification","valueRequired":true,"valueName":"search_term_string"}}],"inLanguage":"sk-SK"},{"@type":"Organization","@id":"https:\/\/distribucionarc.com\/ro\/#organization","name":"Distrib\u00facia ARC","url":"https:\/\/distribucionarc.com\/ro\/","logo":{"@type":"ImageObject","inLanguage":"sk-SK","@id":"https:\/\/distribucionarc.com\/ro\/#\/schema\/logo\/image\/","url":"https:\/\/distribucionarc.com\/wp-content\/uploads\/2024\/10\/distribucion-ARC-COLOR-SIN-FONDO-e1732295305345.png","contentUrl":"https:\/\/distribucionarc.com\/wp-content\/uploads\/2024\/10\/distribucion-ARC-COLOR-SIN-FONDO-e1732295305345.png","width":1164,"height":558,"caption":"Distribuci\u00f3n ARC"},"image":{"@id":"https:\/\/distribucionarc.com\/ro\/#\/schema\/logo\/image\/"},"description":"Spolo\u010dnos\u0165 \u0161pecializuj\u00faca sa na v\u00fdrobu a distrib\u00faciu priemyseln\u00fdch strojov pre potravin\u00e1rsky a farmaceutick\u00fd sektor. \u0160pecializujeme sa na: Stroje na kr\u00e1janie m\u00e4sa V\u00fdroba tabliet Priemyseln\u00e9 dopravn\u00e9 syst\u00e9my D\u00e1vkova\u010de na f\u013ea\u0161e A ove\u013ea viac... Pon\u00fakame inovat\u00edvne a prisp\u00f4soben\u00e9 rie\u0161enia na optimaliz\u00e1ciu v\u00fdrobn\u00fdch procesov va\u0161ej spolo\u010dnosti.","email":"Admistracion@distribucionarc.com","telephone":"+34 643496664","legalName":"ARC TECH SOLUTIONS","foundingDate":"2024-04-09","vatID":"B55480172","numberOfEmployees":{"@type":"QuantitativeValue","minValue":"1","maxValue":"10"}}]}},"_links":{"self":[{"href":"https:\/\/distribucionarc.com\/sk\/wp-json\/wp\/v2\/product\/6641","targetHints":{"allow":["GET"]}}],"collection":[{"href":"https:\/\/distribucionarc.com\/sk\/wp-json\/wp\/v2\/product"}],"about":[{"href":"https:\/\/distribucionarc.com\/sk\/wp-json\/wp\/v2\/types\/product"}],"replies":[{"embeddable":true,"href":"https:\/\/distribucionarc.com\/sk\/wp-json\/wp\/v2\/comments?post=6641"}],"version-history":[{"count":0,"href":"https:\/\/distribucionarc.com\/sk\/wp-json\/wp\/v2\/product\/6641\/revisions"}],"wp:featuredmedia":[{"embeddable":true,"href":"https:\/\/distribucionarc.com\/sk\/wp-json\/wp\/v2\/media\/6644"}],"wp:attachment":[{"href":"https:\/\/distribucionarc.com\/sk\/wp-json\/wp\/v2\/media?parent=6641"}],"wp:term":[{"taxonomy":"product_brand","embeddable":true,"href":"https:\/\/distribucionarc.com\/sk\/wp-json\/wp\/v2\/product_brand?post=6641"},{"taxonomy":"product_cat","embeddable":true,"href":"https:\/\/distribucionarc.com\/sk\/wp-json\/wp\/v2\/product_cat?post=6641"},{"taxonomy":"product_tag","embeddable":true,"href":"https:\/\/distribucionarc.com\/sk\/wp-json\/wp\/v2\/product_tag?post=6641"}],"curies":[{"name":"pracovn\u00fd list","href":"https:\/\/api.w.org\/{rel}","templated":true}]}}