{"id":6660,"date":"2024-04-24T18:26:04","date_gmt":"2024-04-24T18:26:04","guid":{"rendered":"https:\/\/distribucionarc.com\/?post_type=product&#038;p=6660"},"modified":"2024-04-24T18:26:06","modified_gmt":"2024-04-24T18:26:06","slug":"priemyselny-rotacny-lisovaci-stroj-na-vitamin-acy-b12-tablety","status":"publish","type":"product","link":"https:\/\/distribucionarc.com\/sk\/producto\/maquina-prensa-rotativa-industrial-para-tabletas-de-vitaminas-a-c-y-b12\/","title":{"rendered":"PRIEMYSELN\u00dd ROTA\u010cN\u00dd LISOVA\u010c NA TABLETY VITAM\u00cdNU A, CY B12"},"content":{"rendered":"<p><strong>Priemyseln\u00fd rota\u010dn\u00fd lis ZRAP15\/17\/19D<\/strong>. Ur\u010den\u00e9 na lisovanie pr\u00e1\u0161ku, gran\u00fal a mal\u00fdch gran\u00fal pre <strong>Tablety vitam\u00ednu A, C a B12<\/strong>. Vyhovuje \u0161tandardom GMP, \u013eahko sa \u010dist\u00ed a udr\u017eiava, s ochranou proti pre\u0165a\u017eeniu tlakom. Optimalizujte svoju v\u00fdrobu a zabezpe\u010dte si s nami kvalitu. Zlep\u0161ite kvalitu svojho <strong>Tablety vitam\u00ednu A, C a B12<\/strong> s na\u0161ou pokrokovou technol\u00f3giou.<\/p>\n<p>&nbsp;<\/p>\n<table>\n<tbody>\n<tr>\n<td width=\"135\">Model<\/td>\n<td width=\"135\">ZARP-15D<\/td>\n<td width=\"135\">ZARP-17D<\/td>\n<td width=\"135\">ZARP-19D<\/td>\n<\/tr>\n<tr>\n<td width=\"135\">Dierovacie matrice<\/td>\n<td width=\"135\">15<\/td>\n<td width=\"135\">17<\/td>\n<td width=\"135\">19<\/td>\n<\/tr>\n<tr>\n<td width=\"135\">maxim\u00e1lny tlak (kn)<\/td>\n<td width=\"135\">60<\/td>\n<td width=\"135\">60<\/td>\n<td width=\"135\">60<\/td>\n<\/tr>\n<tr>\n<td width=\"135\">Priemer tablety (mm)<\/td>\n<td width=\"135\">25<\/td>\n<td width=\"135\">20<\/td>\n<td width=\"135\">13<\/td>\n<\/tr>\n<tr>\n<td width=\"135\">H\u013abka plnenia (mm)<\/td>\n<td width=\"135\">15<\/td>\n<td width=\"135\">15<\/td>\n<td width=\"135\">15<\/td>\n<\/tr>\n<tr>\n<td width=\"135\">Max. hr\u00fabka tablety (mm)<\/td>\n<td width=\"135\">6<\/td>\n<td width=\"135\">6<\/td>\n<td width=\"135\">6<\/td>\n<\/tr>\n<tr>\n<td width=\"135\">R\u00fdchlos\u0165 ve\u017ee (r-min)<\/td>\n<td width=\"135\">0-35<\/td>\n<td width=\"135\">0-35<\/td>\n<td width=\"135\">0-35<\/td>\n<\/tr>\n<tr>\n<td width=\"135\">V\u00fdrobn\u00e1 kapacita (kus\/h)<\/td>\n<td width=\"135\">31500<\/td>\n<td width=\"135\">35700<\/td>\n<td width=\"135\">39900<\/td>\n<\/tr>\n<tr>\n<td width=\"135\">V\u00fdkon motora (kw)<\/td>\n<td width=\"135\">2.2<\/td>\n<td width=\"135\">2.2<\/td>\n<td width=\"135\">2.2<\/td>\n<\/tr>\n<tr>\n<td width=\"135\">Celkov\u00e1 ve\u013ekos\u0165 (mm)<\/td>\n<td width=\"135\">615*<\/p>\n<p>890*<\/p>\n<p>1415*<\/td>\n<td width=\"135\">615*<\/p>\n<p>890*<\/p>\n<p>1415*<\/td>\n<td width=\"135\">615*<\/p>\n<p>890*<\/p>\n<p>1415*<\/td>\n<\/tr>\n<tr>\n<td width=\"135\">\u010cist\u00e1 hmotnos\u0165 kg<\/td>\n<td width=\"135\">1000<\/td>\n<td width=\"135\">1000<\/td>\n<td width=\"135\">1000<\/td>\n<\/tr>\n<\/tbody>\n<\/table>","protected":false},"excerpt":{"rendered":"<p>Priemyseln\u00fd rota\u010dn\u00fd lis ZRAP15\/17\/19D. Ur\u010den\u00e9 na lisovanie pr\u00e1\u0161ku, gran\u00fal a mal\u00fdch gran\u00fal na tablety s vitam\u00ednmi A, C a<\/p>","protected":false},"featured_media":6663,"comment_status":"open","ping_status":"closed","template":"","meta":{"wds_primary_product_brand":0,"wds_primary_product_cat":0},"product_brand":[],"product_cat":[84],"product_tag":[],"class_list":{"0":"post-6660","1":"product","2":"type-product","3":"status-publish","4":"has-post-thumbnail","6":"product_cat-maquinas-para-hacer-pastillas","8":"first","9":"instock","10":"taxable","11":"shipping-taxable","12":"purchasable","13":"product-type-simple"},"yoast_head":"<!-- This site is optimized with the Yoast SEO Premium plugin v24.9 (Yoast SEO v26.1) - https:\/\/yoast.com\/wordpress\/plugins\/seo\/ -->\n<title>MAQUINA PRENSA ROTATIVA INDUSTRIAL PARA TABLETAS DE VITAMINAS A, C Y B12 - distribuci\u00f3n ARC<\/title>\n<meta name=\"robots\" content=\"index, follow, max-snippet:-1, max-image-preview:large, max-video-preview:-1\" \/>\n<link rel=\"canonical\" href=\"https:\/\/www.distribucionarc.com\/de\/producto\/maquina-prensa-rotativa-industrial-para-tabletas-de-vitaminas-a-c-y-b12\/\" \/>\n<meta property=\"og:locale\" content=\"sk_SK\" \/>\n<meta property=\"og:type\" content=\"article\" \/>\n<meta property=\"og:title\" content=\"MAQUINA PRENSA ROTATIVA INDUSTRIAL PARA TABLETAS DE VITAMINAS A, C Y B12\" \/>\n<meta property=\"og:description\" content=\"Maquina prensa rotativa industrial ZRAP15\/17\/19D. Dise\u00f1ada para prensar polvo, granulado y gr\u00e1nulos peque\u00f1os para tabletas de vitaminas A, C y\" \/>\n<meta property=\"og:url\" content=\"https:\/\/www.distribucionarc.com\/de\/producto\/maquina-prensa-rotativa-industrial-para-tabletas-de-vitaminas-a-c-y-b12\/\" \/>\n<meta property=\"og:site_name\" content=\"distribuci\u00f3n ARC\" \/>\n<meta property=\"article:modified_time\" content=\"2024-04-24T18:26:06+00:00\" \/>\n<meta property=\"og:image\" content=\"https:\/\/www.distribucionarc.com\/wp-content\/uploads\/2024\/04\/MAQUINA-PRENSA-ROTATIVA-ZARP15_17_19D-PARA-TABLETAS-DE-VITAMINAS-A-C-Y-B12.jpg\" \/>\n\t<meta property=\"og:image:width\" content=\"608\" \/>\n\t<meta property=\"og:image:height\" content=\"904\" \/>\n\t<meta property=\"og:image:type\" content=\"image\/jpeg\" \/>\n<meta name=\"twitter:card\" content=\"summary_large_image\" \/>\n<meta name=\"twitter:label1\" content=\"Predpokladan\u00fd \u010das \u010d\u00edtania\" \/>\n\t<meta name=\"twitter:data1\" content=\"1 min\u00fata\" \/>\n<script type=\"application\/ld+json\" class=\"yoast-schema-graph\">{\"@context\":\"https:\/\/schema.org\",\"@graph\":[{\"@type\":\"WebPage\",\"@id\":\"https:\/\/www.distribucionarc.com\/de\/producto\/maquina-prensa-rotativa-industrial-para-tabletas-de-vitaminas-a-c-y-b12\/\",\"url\":\"https:\/\/www.distribucionarc.com\/de\/producto\/maquina-prensa-rotativa-industrial-para-tabletas-de-vitaminas-a-c-y-b12\/\",\"name\":\"MAQUINA PRENSA ROTATIVA INDUSTRIAL PARA TABLETAS DE VITAMINAS A, C Y B12 - distribuci\u00f3n ARC\",\"isPartOf\":{\"@id\":\"https:\/\/www.distribucionarc.com\/sl\/#website\"},\"primaryImageOfPage\":{\"@id\":\"https:\/\/www.distribucionarc.com\/de\/producto\/maquina-prensa-rotativa-industrial-para-tabletas-de-vitaminas-a-c-y-b12\/#primaryimage\"},\"image\":{\"@id\":\"https:\/\/www.distribucionarc.com\/de\/producto\/maquina-prensa-rotativa-industrial-para-tabletas-de-vitaminas-a-c-y-b12\/#primaryimage\"},\"thumbnailUrl\":\"https:\/\/distribucionarc.com\/wp-content\/uploads\/2024\/04\/MAQUINA-PRENSA-ROTATIVA-ZARP15_17_19D-PARA-TABLETAS-DE-VITAMINAS-A-C-Y-B12.jpg\",\"datePublished\":\"2024-04-24T18:26:04+00:00\",\"dateModified\":\"2024-04-24T18:26:06+00:00\",\"breadcrumb\":{\"@id\":\"https:\/\/www.distribucionarc.com\/de\/producto\/maquina-prensa-rotativa-industrial-para-tabletas-de-vitaminas-a-c-y-b12\/#breadcrumb\"},\"inLanguage\":\"sk-SK\",\"potentialAction\":[{\"@type\":\"ReadAction\",\"target\":[\"https:\/\/www.distribucionarc.com\/de\/producto\/maquina-prensa-rotativa-industrial-para-tabletas-de-vitaminas-a-c-y-b12\/\"]}]},{\"@type\":\"ImageObject\",\"inLanguage\":\"sk-SK\",\"@id\":\"https:\/\/www.distribucionarc.com\/de\/producto\/maquina-prensa-rotativa-industrial-para-tabletas-de-vitaminas-a-c-y-b12\/#primaryimage\",\"url\":\"https:\/\/distribucionarc.com\/wp-content\/uploads\/2024\/04\/MAQUINA-PRENSA-ROTATIVA-ZARP15_17_19D-PARA-TABLETAS-DE-VITAMINAS-A-C-Y-B12.jpg\",\"contentUrl\":\"https:\/\/distribucionarc.com\/wp-content\/uploads\/2024\/04\/MAQUINA-PRENSA-ROTATIVA-ZARP15_17_19D-PARA-TABLETAS-DE-VITAMINAS-A-C-Y-B12.jpg\",\"width\":608,\"height\":904,\"caption\":\"#image_title\"},{\"@type\":\"BreadcrumbList\",\"@id\":\"https:\/\/www.distribucionarc.com\/de\/producto\/maquina-prensa-rotativa-industrial-para-tabletas-de-vitaminas-a-c-y-b12\/#breadcrumb\",\"itemListElement\":[{\"@type\":\"ListItem\",\"position\":1,\"name\":\"Portada\",\"item\":\"https:\/\/www.distribucionarc.com\/\"},{\"@type\":\"ListItem\",\"position\":2,\"name\":\"\u00dcr\u00fcnler\",\"item\":\"https:\/\/www.distribucionarc.com\/tr\/magaza\/\"},{\"@type\":\"ListItem\",\"position\":3,\"name\":\"MAQUINA PRENSA ROTATIVA INDUSTRIAL PARA TABLETAS DE VITAMINAS A, C Y B12\"}]},{\"@type\":\"WebSite\",\"@id\":\"https:\/\/www.distribucionarc.com\/sl\/#website\",\"url\":\"https:\/\/www.distribucionarc.com\/sl\/\",\"name\":\"distribuci\u00f3n ARC\",\"description\":\"Empresa especializada en la fabricaci\u00f3n y distribuci\u00f3n de maquinaria industrial, selladoras de latas, Maquinas de hacer pastillas, Maquinas de cortar carne...\",\"publisher\":{\"@id\":\"https:\/\/www.distribucionarc.com\/sl\/#organization\"},\"potentialAction\":[{\"@type\":\"SearchAction\",\"target\":{\"@type\":\"EntryPoint\",\"urlTemplate\":\"https:\/\/www.distribucionarc.com\/sl\/?s={search_term_string}\"},\"query-input\":{\"@type\":\"PropertyValueSpecification\",\"valueRequired\":true,\"valueName\":\"search_term_string\"}}],\"inLanguage\":\"sk-SK\"},{\"@type\":\"Organization\",\"@id\":\"https:\/\/www.distribucionarc.com\/sl\/#organization\",\"name\":\"Distribuci\u00f3n ARC\",\"url\":\"https:\/\/www.distribucionarc.com\/sl\/\",\"logo\":{\"@type\":\"ImageObject\",\"inLanguage\":\"sk-SK\",\"@id\":\"https:\/\/www.distribucionarc.com\/sl\/#\/schema\/logo\/image\/\",\"url\":\"https:\/\/distribucionarc.com\/wp-content\/uploads\/2024\/10\/distribucion-ARC-COLOR-SIN-FONDO-e1732295305345.png\",\"contentUrl\":\"https:\/\/distribucionarc.com\/wp-content\/uploads\/2024\/10\/distribucion-ARC-COLOR-SIN-FONDO-e1732295305345.png\",\"width\":1164,\"height\":558,\"caption\":\"Distribuci\u00f3n ARC\"},\"image\":{\"@id\":\"https:\/\/www.distribucionarc.com\/sl\/#\/schema\/logo\/image\/\"},\"description\":\"Empresa especializada en la fabricaci\u00f3n y distribuci\u00f3n de maquinaria industrial para los sectores alimentario y farmac\u00e9utico. Nos especializamos en: M\u00e1quinas de cortar carne Fabricaci\u00f3n de comprimidos Sistemas de transporte industrial L\u00edneas de embotellado Dosificadores Y mucho m\u00e1s... Ofrecemos soluciones innovadoras y personalizadas para optimizar los procesos productivos de tu empresa.\",\"email\":\"Admistracion@distribucionarc.com\",\"telephone\":\"+34 643496664\",\"legalName\":\"ARC TECH SOLUTIONS\",\"foundingDate\":\"2024-04-09\",\"vatID\":\"B55480172\",\"numberOfEmployees\":{\"@type\":\"QuantitativeValue\",\"minValue\":\"1\",\"maxValue\":\"10\"}}]}<\/script>\n<!-- \/ Yoast SEO Premium plugin. -->","yoast_head_json":{"title":"PRIEMYSELN\u00dd ROTA\u010cN\u00dd LISOVAC\u00cd STROJ NA TABLETY VITAM\u00cdNU A, C a B12 - ARC distrib\u00facia","robots":{"index":"index","follow":"follow","max-snippet":"max-snippet:-1","max-image-preview":"max-image-preview:large","max-video-preview":"max-video-preview:-1"},"canonical":"https:\/\/www.distribucionarc.com\/de\/producto\/maquina-prensa-rotativa-industrial-para-tabletas-de-vitaminas-a-c-y-b12\/","og_locale":"sk_SK","og_type":"article","og_title":"MAQUINA PRENSA ROTATIVA INDUSTRIAL PARA TABLETAS DE VITAMINAS A, C Y B12","og_description":"Maquina prensa rotativa industrial ZRAP15\/17\/19D. Dise\u00f1ada para prensar polvo, granulado y gr\u00e1nulos peque\u00f1os para tabletas de vitaminas A, C y","og_url":"https:\/\/www.distribucionarc.com\/de\/producto\/maquina-prensa-rotativa-industrial-para-tabletas-de-vitaminas-a-c-y-b12\/","og_site_name":"distribuci\u00f3n ARC","article_modified_time":"2024-04-24T18:26:06+00:00","og_image":[{"width":608,"height":904,"url":"https:\/\/www.distribucionarc.com\/wp-content\/uploads\/2024\/04\/MAQUINA-PRENSA-ROTATIVA-ZARP15_17_19D-PARA-TABLETAS-DE-VITAMINAS-A-C-Y-B12.jpg","type":"image\/jpeg"}],"twitter_card":"summary_large_image","twitter_misc":{"Predpokladan\u00fd \u010das \u010d\u00edtania":"1 min\u00fata"},"schema":{"@context":"https:\/\/schema.org","@graph":[{"@type":"WebPage","@id":"https:\/\/www.distribucionarc.com\/de\/producto\/maquina-prensa-rotativa-industrial-para-tabletas-de-vitaminas-a-c-y-b12\/","url":"https:\/\/www.distribucionarc.com\/de\/producto\/maquina-prensa-rotativa-industrial-para-tabletas-de-vitaminas-a-c-y-b12\/","name":"PRIEMYSELN\u00dd ROTA\u010cN\u00dd LISOVAC\u00cd STROJ NA TABLETY VITAM\u00cdNU A, C a B12 - ARC distrib\u00facia","isPartOf":{"@id":"https:\/\/www.distribucionarc.com\/sl\/#website"},"primaryImageOfPage":{"@id":"https:\/\/www.distribucionarc.com\/de\/producto\/maquina-prensa-rotativa-industrial-para-tabletas-de-vitaminas-a-c-y-b12\/#primaryimage"},"image":{"@id":"https:\/\/www.distribucionarc.com\/de\/producto\/maquina-prensa-rotativa-industrial-para-tabletas-de-vitaminas-a-c-y-b12\/#primaryimage"},"thumbnailUrl":"https:\/\/distribucionarc.com\/wp-content\/uploads\/2024\/04\/MAQUINA-PRENSA-ROTATIVA-ZARP15_17_19D-PARA-TABLETAS-DE-VITAMINAS-A-C-Y-B12.jpg","datePublished":"2024-04-24T18:26:04+00:00","dateModified":"2024-04-24T18:26:06+00:00","breadcrumb":{"@id":"https:\/\/www.distribucionarc.com\/de\/producto\/maquina-prensa-rotativa-industrial-para-tabletas-de-vitaminas-a-c-y-b12\/#breadcrumb"},"inLanguage":"sk-SK","potentialAction":[{"@type":"ReadAction","target":["https:\/\/www.distribucionarc.com\/de\/producto\/maquina-prensa-rotativa-industrial-para-tabletas-de-vitaminas-a-c-y-b12\/"]}]},{"@type":"ImageObject","inLanguage":"sk-SK","@id":"https:\/\/www.distribucionarc.com\/de\/producto\/maquina-prensa-rotativa-industrial-para-tabletas-de-vitaminas-a-c-y-b12\/#primaryimage","url":"https:\/\/distribucionarc.com\/wp-content\/uploads\/2024\/04\/MAQUINA-PRENSA-ROTATIVA-ZARP15_17_19D-PARA-TABLETAS-DE-VITAMINAS-A-C-Y-B12.jpg","contentUrl":"https:\/\/distribucionarc.com\/wp-content\/uploads\/2024\/04\/MAQUINA-PRENSA-ROTATIVA-ZARP15_17_19D-PARA-TABLETAS-DE-VITAMINAS-A-C-Y-B12.jpg","width":608,"height":904,"caption":"#image_title"},{"@type":"BreadcrumbList","@id":"https:\/\/www.distribucionarc.com\/de\/producto\/maquina-prensa-rotativa-industrial-para-tabletas-de-vitaminas-a-c-y-b12\/#breadcrumb","itemListElement":[{"@type":"ListItem","position":1,"name":"Portada","item":"https:\/\/www.distribucionarc.com\/"},{"@type":"ListItem","position":2,"name":"\u00dcr\u00fcnler","item":"https:\/\/www.distribucionarc.com\/tr\/magaza\/"},{"@type":"ListItem","position":3,"name":"MAQUINA PRENSA ROTATIVA INDUSTRIAL PARA TABLETAS DE VITAMINAS A, C Y B12"}]},{"@type":"WebSite","@id":"https:\/\/www.distribucionarc.com\/sl\/#website","url":"https:\/\/www.distribucionarc.com\/sl\/","name":"ARC distrib\u00facia","description":"Spolo\u010dnos\u0165 sa \u0161pecializuje na v\u00fdrobu a distrib\u00faciu priemyseln\u00fdch strojov, strojov na uzatv\u00e1ranie plechoviek, strojov na v\u00fdrobu tabliet, strojov na porciovanie m\u00e4sa...","publisher":{"@id":"https:\/\/www.distribucionarc.com\/sl\/#organization"},"potentialAction":[{"@type":"SearchAction","target":{"@type":"EntryPoint","urlTemplate":"https:\/\/www.distribucionarc.com\/sl\/?s={search_term_string}"},"query-input":{"@type":"PropertyValueSpecification","valueRequired":true,"valueName":"search_term_string"}}],"inLanguage":"sk-SK"},{"@type":"Organization","@id":"https:\/\/www.distribucionarc.com\/sl\/#organization","name":"Distrib\u00facia ARC","url":"https:\/\/www.distribucionarc.com\/sl\/","logo":{"@type":"ImageObject","inLanguage":"sk-SK","@id":"https:\/\/www.distribucionarc.com\/sl\/#\/schema\/logo\/image\/","url":"https:\/\/distribucionarc.com\/wp-content\/uploads\/2024\/10\/distribucion-ARC-COLOR-SIN-FONDO-e1732295305345.png","contentUrl":"https:\/\/distribucionarc.com\/wp-content\/uploads\/2024\/10\/distribucion-ARC-COLOR-SIN-FONDO-e1732295305345.png","width":1164,"height":558,"caption":"Distribuci\u00f3n ARC"},"image":{"@id":"https:\/\/www.distribucionarc.com\/sl\/#\/schema\/logo\/image\/"},"description":"Spolo\u010dnos\u0165 \u0161pecializuj\u00faca sa na v\u00fdrobu a distrib\u00faciu priemyseln\u00fdch strojov pre potravin\u00e1rsky a farmaceutick\u00fd sektor. \u0160pecializujeme sa na: Stroje na kr\u00e1janie m\u00e4sa V\u00fdroba tabliet Priemyseln\u00e9 dopravn\u00e9 syst\u00e9my D\u00e1vkova\u010de na f\u013ea\u0161e A ove\u013ea viac... Pon\u00fakame inovat\u00edvne a prisp\u00f4soben\u00e9 rie\u0161enia na optimaliz\u00e1ciu v\u00fdrobn\u00fdch procesov va\u0161ej spolo\u010dnosti.","email":"Admistracion@distribucionarc.com","telephone":"+34 643496664","legalName":"ARC TECH SOLUTIONS","foundingDate":"2024-04-09","vatID":"B55480172","numberOfEmployees":{"@type":"QuantitativeValue","minValue":"1","maxValue":"10"}}]}},"_links":{"self":[{"href":"https:\/\/distribucionarc.com\/sk\/wp-json\/wp\/v2\/product\/6660","targetHints":{"allow":["GET"]}}],"collection":[{"href":"https:\/\/distribucionarc.com\/sk\/wp-json\/wp\/v2\/product"}],"about":[{"href":"https:\/\/distribucionarc.com\/sk\/wp-json\/wp\/v2\/types\/product"}],"replies":[{"embeddable":true,"href":"https:\/\/distribucionarc.com\/sk\/wp-json\/wp\/v2\/comments?post=6660"}],"version-history":[{"count":0,"href":"https:\/\/distribucionarc.com\/sk\/wp-json\/wp\/v2\/product\/6660\/revisions"}],"wp:featuredmedia":[{"embeddable":true,"href":"https:\/\/distribucionarc.com\/sk\/wp-json\/wp\/v2\/media\/6663"}],"wp:attachment":[{"href":"https:\/\/distribucionarc.com\/sk\/wp-json\/wp\/v2\/media?parent=6660"}],"wp:term":[{"taxonomy":"product_brand","embeddable":true,"href":"https:\/\/distribucionarc.com\/sk\/wp-json\/wp\/v2\/product_brand?post=6660"},{"taxonomy":"product_cat","embeddable":true,"href":"https:\/\/distribucionarc.com\/sk\/wp-json\/wp\/v2\/product_cat?post=6660"},{"taxonomy":"product_tag","embeddable":true,"href":"https:\/\/distribucionarc.com\/sk\/wp-json\/wp\/v2\/product_tag?post=6660"}],"curies":[{"name":"pracovn\u00fd list","href":"https:\/\/api.w.org\/{rel}","templated":true}]}}