{"id":6686,"date":"2024-04-24T19:17:37","date_gmt":"2024-04-24T19:17:37","guid":{"rendered":"https:\/\/distribucionarc.com\/?post_type=product&#038;p=6686"},"modified":"2024-04-24T19:17:39","modified_gmt":"2024-04-24T19:17:39","slug":"granulator-stroj-na-nutricne-doplnkove-tablety","status":"publish","type":"product","link":"https:\/\/distribucionarc.com\/sk\/producto\/maquina-granuladora-para-comprimidos-de-suplementos-nutricionales\/","title":{"rendered":"GRANULA\u010cN\u00dd STROJ NA TABLETY DOPLNKU V\u00dd\u017dIVY"},"content":{"rendered":"<p>n\u00e1\u0161 <strong>ZARP rota\u010dn\u00fd stroj<\/strong> Je ur\u010den\u00fd pre va\u0161u v\u00fdrobu<strong> v\u00fd\u017eivov\u00fd doplnok v tablet\u00e1ch<\/strong> <strong>lisova\u010dka<\/strong> pr\u00e1\u0161ku, gran\u00fal a mal\u00fdch z\u0155n do vysokokvalitn\u00fdch tabliet, ide\u00e1lne pre s\u00e9riov\u00fa v\u00fdrobu. Nastavte r\u00fdchlos\u0165, mno\u017estvo pr\u00e1\u0161ku a hr\u00fabku <strong>stla\u010den\u00fd<\/strong> pod\u013ea va\u0161ich potrieb. S mechanick\u00fdm tlmiacim zariaden\u00edm, aby sa zabr\u00e1nilo po\u0161kodeniu v d\u00f4sledku pre\u0165a\u017eenia. Optimalizujte svoj v\u00fdrobn\u00fd proces s presnos\u0165ou a efekt\u00edvnos\u0165ou.<\/p>\n<p>&nbsp;<\/p>\n<table>\n<tbody>\n<tr>\n<td width=\"81\"><em>Model<\/em><\/td>\n<td width=\"81\">ZARP-15<\/td>\n<td width=\"81\"><em>ZARP-17<\/em><\/td>\n<td width=\"81\"><em>ZARP-19<\/em><\/td>\n<td width=\"81\"><em>ZARP-29<\/em><\/td>\n<td width=\"81\"><em>ZARP-31<\/em><\/td>\n<td width=\"81\"><em>ZARP-33<\/em><\/td>\n<\/tr>\n<tr>\n<td width=\"81\">Dierovacie matrice<\/td>\n<td width=\"81\">15<\/td>\n<td width=\"81\">17<\/td>\n<td width=\"81\">19<\/td>\n<td width=\"81\">29<\/td>\n<td width=\"81\">31<\/td>\n<td width=\"81\">33<\/td>\n<\/tr>\n<tr>\n<td width=\"81\">maxim\u00e1lny tlak (kn)<\/td>\n<td width=\"81\">80<\/td>\n<td width=\"81\">60<\/td>\n<td width=\"81\">60<\/td>\n<td width=\"81\">60<\/td>\n<td width=\"81\">60<\/td>\n<td width=\"81\">60<\/td>\n<\/tr>\n<tr>\n<td width=\"81\">Maxim\u00e1lny priemer tablety (mm)<\/td>\n<td width=\"81\">25<\/td>\n<td width=\"81\">20<\/td>\n<td width=\"81\">13<\/td>\n<td width=\"81\">20<\/td>\n<td width=\"81\">20<\/td>\n<td width=\"81\">12<\/td>\n<\/tr>\n<tr>\n<td width=\"81\">Maxim\u00e1lna h\u013abka plnenia (mm)<\/td>\n<td width=\"81\">15 nastavite\u013en\u00e9<\/td>\n<td width=\"81\">15 nastavite\u013en\u00e9<\/td>\n<td width=\"81\">15 nastavite\u013en\u00e9<\/td>\n<td width=\"81\">15 nastavite\u013en\u00e9<\/td>\n<td width=\"81\">15 nastavite\u013en\u00e9<\/td>\n<td width=\"81\">15 nastavite\u013en\u00e9<\/td>\n<\/tr>\n<tr>\n<td width=\"81\">Maxim\u00e1lna hr\u00fabka tablety (mm)<\/td>\n<td width=\"81\">6 nastavite\u013en\u00e9<\/td>\n<td width=\"81\">6 nastavite\u013en\u00e9<\/td>\n<td width=\"81\">6 nastavite\u013en\u00e9<\/td>\n<td width=\"81\">6 nastavite\u013en\u00e9<\/td>\n<td width=\"81\">6 nastavite\u013en\u00e9<\/td>\n<td width=\"81\">6 nastavite\u013en\u00e9<\/td>\n<\/tr>\n<tr>\n<td width=\"81\">R\u00fdchlos\u0165 ve\u017ee (r-min)<\/td>\n<td width=\"81\">0-35<\/td>\n<td width=\"81\">0-35<\/td>\n<td width=\"81\">0-35<\/td>\n<td width=\"81\">11-28<\/td>\n<td width=\"81\">11-28<\/td>\n<td width=\"81\">11-28<\/td>\n<\/tr>\n<tr>\n<td width=\"81\">V\u00fdrobn\u00e1 kapacita (ks\/h)<\/td>\n<td width=\"81\">31500<\/td>\n<td width=\"81\">35700<\/td>\n<td width=\"81\">39900<\/td>\n<td width=\"81\">38280-97000<\/td>\n<td width=\"81\">40900-104000<\/td>\n<td width=\"81\">43000-110000<\/td>\n<\/tr>\n<tr>\n<td width=\"81\">Nap\u00e4tie (V)<\/td>\n<td width=\"81\">220V A 380V<\/td>\n<td width=\"81\">220V A 380V<\/td>\n<td width=\"81\">220V A 380V<\/td>\n<td width=\"81\">220V A 380V<\/td>\n<td width=\"81\">220V A 380V<\/td>\n<td width=\"81\">220V A 380V<\/td>\n<\/tr>\n<tr>\n<td width=\"81\">V\u00fdkon motora (kw)<\/td>\n<td width=\"81\">2.2<\/td>\n<td width=\"81\">2.2<\/td>\n<td width=\"81\">2.2<\/td>\n<td width=\"81\">2.2<\/td>\n<td width=\"81\">2.2<\/td>\n<td width=\"81\">2.2<\/td>\n<\/tr>\n<tr>\n<td width=\"81\">Celkov\u00e1 ve\u013ekos\u0165 (mm)<\/td>\n<td width=\"81\">760*<\/p>\n<p>750*<\/p>\n<p>1550*<\/td>\n<td width=\"81\">760*<\/p>\n<p>750*<\/p>\n<p>1550*<\/td>\n<td width=\"81\">950*<\/p>\n<p>960*<\/p>\n<p>1600*<\/td>\n<td width=\"81\">950*<\/p>\n<p>960*<\/p>\n<p>1600*<\/td>\n<td width=\"81\">950*<\/p>\n<p>960*<\/p>\n<p>1600*<\/td>\n<td width=\"81\">950*<\/p>\n<p>960*<\/p>\n<p>1600*<\/td>\n<\/tr>\n<tr>\n<td width=\"81\">Hmotnos\u0165 kg<\/td>\n<td width=\"81\">500<\/td>\n<td width=\"81\">500<\/td>\n<td width=\"81\">500<\/td>\n<td width=\"81\">850<\/td>\n<td width=\"81\">850<\/td>\n<td width=\"81\">850<\/td>\n<\/tr>\n<\/tbody>\n<\/table>\n<p>&nbsp;<\/p>\n<p>&nbsp;<\/p>","protected":false},"excerpt":{"rendered":"<p>N\u00e1\u0161 rota\u010dn\u00fd stroj ZARP je ur\u010den\u00fd na lisovanie tabliet, pr\u00e1\u0161kov, gran\u00fal a z\u0155n v\u00fd\u017eivov\u00fdch doplnkov.<\/p>","protected":false},"featured_media":6694,"comment_status":"open","ping_status":"closed","template":"","meta":{"wds_primary_product_brand":0,"wds_primary_product_cat":0},"product_brand":[],"product_cat":[84],"product_tag":[],"class_list":{"0":"post-6686","1":"product","2":"type-product","3":"status-publish","4":"has-post-thumbnail","6":"product_cat-maquinas-para-hacer-pastillas","8":"first","9":"instock","10":"taxable","11":"shipping-taxable","12":"purchasable","13":"product-type-simple"},"yoast_head":"<!-- This site is optimized with the Yoast SEO Premium plugin v24.9 (Yoast SEO v26.1) - https:\/\/yoast.com\/wordpress\/plugins\/seo\/ -->\n<title>MAQUINA GRANULADORA PARA COMPRIMIDOS DE SUPLEMENTOS NUTRICIONALES - distribuci\u00f3n ARC<\/title>\n<meta name=\"robots\" content=\"index, follow, max-snippet:-1, max-image-preview:large, max-video-preview:-1\" \/>\n<link rel=\"canonical\" href=\"https:\/\/www.distribucionarc.com\/lt\/producto\/maquina-granuladora-para-comprimidos-de-suplementos-nutricionales\/\" \/>\n<meta property=\"og:locale\" content=\"sk_SK\" \/>\n<meta property=\"og:type\" content=\"article\" \/>\n<meta property=\"og:title\" content=\"MAQUINA GRANULADORA PARA COMPRIMIDOS DE SUPLEMENTOS NUTRICIONALES\" \/>\n<meta property=\"og:description\" content=\"Nuestra m\u00e1quina rotativa ZARP esta dise\u00f1ada para tu producci\u00f3n de comprimidos de suplementos nutricionales prensadora de polvo, gr\u00e1nulos y granos\" \/>\n<meta property=\"og:url\" content=\"https:\/\/www.distribucionarc.com\/lt\/producto\/maquina-granuladora-para-comprimidos-de-suplementos-nutricionales\/\" \/>\n<meta property=\"og:site_name\" content=\"distribuci\u00f3n ARC\" \/>\n<meta property=\"article:modified_time\" content=\"2024-04-24T19:17:39+00:00\" \/>\n<meta property=\"og:image\" content=\"https:\/\/www.distribucionarc.com\/wp-content\/uploads\/2024\/04\/MAQUINA-GRANULADORA-PARA-COMPRIMIDOS-DE-SUPLEMENTOS-NUTRICIONALES.jpg\" \/>\n\t<meta property=\"og:image:width\" content=\"816\" \/>\n\t<meta property=\"og:image:height\" content=\"824\" \/>\n\t<meta property=\"og:image:type\" content=\"image\/jpeg\" \/>\n<meta name=\"twitter:card\" content=\"summary_large_image\" \/>\n<meta name=\"twitter:label1\" content=\"Predpokladan\u00fd \u010das \u010d\u00edtania\" \/>\n\t<meta name=\"twitter:data1\" content=\"1 min\u00fata\" \/>\n<script type=\"application\/ld+json\" class=\"yoast-schema-graph\">{\"@context\":\"https:\/\/schema.org\",\"@graph\":[{\"@type\":\"WebPage\",\"@id\":\"https:\/\/www.distribucionarc.com\/lt\/producto\/maquina-granuladora-para-comprimidos-de-suplementos-nutricionales\/\",\"url\":\"https:\/\/www.distribucionarc.com\/lt\/producto\/maquina-granuladora-para-comprimidos-de-suplementos-nutricionales\/\",\"name\":\"MAQUINA GRANULADORA PARA COMPRIMIDOS DE SUPLEMENTOS NUTRICIONALES - distribuci\u00f3n ARC\",\"isPartOf\":{\"@id\":\"https:\/\/www.distribucionarc.com\/#website\"},\"primaryImageOfPage\":{\"@id\":\"https:\/\/www.distribucionarc.com\/lt\/producto\/maquina-granuladora-para-comprimidos-de-suplementos-nutricionales\/#primaryimage\"},\"image\":{\"@id\":\"https:\/\/www.distribucionarc.com\/lt\/producto\/maquina-granuladora-para-comprimidos-de-suplementos-nutricionales\/#primaryimage\"},\"thumbnailUrl\":\"https:\/\/distribucionarc.com\/wp-content\/uploads\/2024\/04\/MAQUINA-GRANULADORA-PARA-COMPRIMIDOS-DE-SUPLEMENTOS-NUTRICIONALES.jpg\",\"datePublished\":\"2024-04-24T19:17:37+00:00\",\"dateModified\":\"2024-04-24T19:17:39+00:00\",\"breadcrumb\":{\"@id\":\"https:\/\/www.distribucionarc.com\/lt\/producto\/maquina-granuladora-para-comprimidos-de-suplementos-nutricionales\/#breadcrumb\"},\"inLanguage\":\"sk-SK\",\"potentialAction\":[{\"@type\":\"ReadAction\",\"target\":[\"https:\/\/www.distribucionarc.com\/lt\/producto\/maquina-granuladora-para-comprimidos-de-suplementos-nutricionales\/\"]}]},{\"@type\":\"ImageObject\",\"inLanguage\":\"sk-SK\",\"@id\":\"https:\/\/www.distribucionarc.com\/lt\/producto\/maquina-granuladora-para-comprimidos-de-suplementos-nutricionales\/#primaryimage\",\"url\":\"https:\/\/distribucionarc.com\/wp-content\/uploads\/2024\/04\/MAQUINA-GRANULADORA-PARA-COMPRIMIDOS-DE-SUPLEMENTOS-NUTRICIONALES.jpg\",\"contentUrl\":\"https:\/\/distribucionarc.com\/wp-content\/uploads\/2024\/04\/MAQUINA-GRANULADORA-PARA-COMPRIMIDOS-DE-SUPLEMENTOS-NUTRICIONALES.jpg\",\"width\":816,\"height\":824,\"caption\":\"#image_title\"},{\"@type\":\"BreadcrumbList\",\"@id\":\"https:\/\/www.distribucionarc.com\/lt\/producto\/maquina-granuladora-para-comprimidos-de-suplementos-nutricionales\/#breadcrumb\",\"itemListElement\":[{\"@type\":\"ListItem\",\"position\":1,\"name\":\"Portada\",\"item\":\"https:\/\/distribucionarc.com\/pl\/\"},{\"@type\":\"ListItem\",\"position\":2,\"name\":\"\u0627\u0644\u0645\u0646\u062a\u062c\u0627\u062a\",\"item\":\"https:\/\/www.distribucionarc.com\/ar\/%d9%85%d8%ad%d9%84\/\"},{\"@type\":\"ListItem\",\"position\":3,\"name\":\"MAQUINA GRANULADORA PARA COMPRIMIDOS DE SUPLEMENTOS NUTRICIONALES\"}]},{\"@type\":\"WebSite\",\"@id\":\"https:\/\/www.distribucionarc.com\/#website\",\"url\":\"https:\/\/www.distribucionarc.com\/\",\"name\":\"distribuci\u00f3n ARC\",\"description\":\"Empresa especializada en la fabricaci\u00f3n y distribuci\u00f3n de maquinaria industrial, selladoras de latas, Maquinas de hacer pastillas, Maquinas de cortar carne...\",\"publisher\":{\"@id\":\"https:\/\/www.distribucionarc.com\/#organization\"},\"potentialAction\":[{\"@type\":\"SearchAction\",\"target\":{\"@type\":\"EntryPoint\",\"urlTemplate\":\"https:\/\/www.distribucionarc.com\/?s={search_term_string}\"},\"query-input\":{\"@type\":\"PropertyValueSpecification\",\"valueRequired\":true,\"valueName\":\"search_term_string\"}}],\"inLanguage\":\"sk-SK\"},{\"@type\":\"Organization\",\"@id\":\"https:\/\/www.distribucionarc.com\/#organization\",\"name\":\"Distribuci\u00f3n ARC\",\"url\":\"https:\/\/www.distribucionarc.com\/\",\"logo\":{\"@type\":\"ImageObject\",\"inLanguage\":\"sk-SK\",\"@id\":\"https:\/\/www.distribucionarc.com\/#\/schema\/logo\/image\/\",\"url\":\"https:\/\/distribucionarc.com\/wp-content\/uploads\/2024\/10\/distribucion-ARC-COLOR-SIN-FONDO-e1732295305345.png\",\"contentUrl\":\"https:\/\/distribucionarc.com\/wp-content\/uploads\/2024\/10\/distribucion-ARC-COLOR-SIN-FONDO-e1732295305345.png\",\"width\":1164,\"height\":558,\"caption\":\"Distribuci\u00f3n ARC\"},\"image\":{\"@id\":\"https:\/\/www.distribucionarc.com\/#\/schema\/logo\/image\/\"},\"description\":\"Empresa especializada en la fabricaci\u00f3n y distribuci\u00f3n de maquinaria industrial para los sectores alimentario y farmac\u00e9utico. Nos especializamos en: M\u00e1quinas de cortar carne Fabricaci\u00f3n de comprimidos Sistemas de transporte industrial L\u00edneas de embotellado Dosificadores Y mucho m\u00e1s... Ofrecemos soluciones innovadoras y personalizadas para optimizar los procesos productivos de tu empresa.\",\"email\":\"Admistracion@distribucionarc.com\",\"telephone\":\"+34 643496664\",\"legalName\":\"ARC TECH SOLUTIONS\",\"foundingDate\":\"2024-04-09\",\"vatID\":\"B55480172\",\"numberOfEmployees\":{\"@type\":\"QuantitativeValue\",\"minValue\":\"1\",\"maxValue\":\"10\"}}]}<\/script>\n<!-- \/ Yoast SEO Premium plugin. -->","yoast_head_json":{"title":"GRANULA\u010cN\u00dd STROJ NA TABLETY DOPLNKU V\u00dd\u017dIVY - distrib\u00facia ARC","robots":{"index":"index","follow":"follow","max-snippet":"max-snippet:-1","max-image-preview":"max-image-preview:large","max-video-preview":"max-video-preview:-1"},"canonical":"https:\/\/www.distribucionarc.com\/lt\/producto\/maquina-granuladora-para-comprimidos-de-suplementos-nutricionales\/","og_locale":"sk_SK","og_type":"article","og_title":"MAQUINA GRANULADORA PARA COMPRIMIDOS DE SUPLEMENTOS NUTRICIONALES","og_description":"Nuestra m\u00e1quina rotativa ZARP esta dise\u00f1ada para tu producci\u00f3n de comprimidos de suplementos nutricionales prensadora de polvo, gr\u00e1nulos y granos","og_url":"https:\/\/www.distribucionarc.com\/lt\/producto\/maquina-granuladora-para-comprimidos-de-suplementos-nutricionales\/","og_site_name":"distribuci\u00f3n ARC","article_modified_time":"2024-04-24T19:17:39+00:00","og_image":[{"width":816,"height":824,"url":"https:\/\/www.distribucionarc.com\/wp-content\/uploads\/2024\/04\/MAQUINA-GRANULADORA-PARA-COMPRIMIDOS-DE-SUPLEMENTOS-NUTRICIONALES.jpg","type":"image\/jpeg"}],"twitter_card":"summary_large_image","twitter_misc":{"Predpokladan\u00fd \u010das \u010d\u00edtania":"1 min\u00fata"},"schema":{"@context":"https:\/\/schema.org","@graph":[{"@type":"WebPage","@id":"https:\/\/www.distribucionarc.com\/lt\/producto\/maquina-granuladora-para-comprimidos-de-suplementos-nutricionales\/","url":"https:\/\/www.distribucionarc.com\/lt\/producto\/maquina-granuladora-para-comprimidos-de-suplementos-nutricionales\/","name":"GRANULA\u010cN\u00dd STROJ NA TABLETY DOPLNKU V\u00dd\u017dIVY - distrib\u00facia ARC","isPartOf":{"@id":"https:\/\/www.distribucionarc.com\/#website"},"primaryImageOfPage":{"@id":"https:\/\/www.distribucionarc.com\/lt\/producto\/maquina-granuladora-para-comprimidos-de-suplementos-nutricionales\/#primaryimage"},"image":{"@id":"https:\/\/www.distribucionarc.com\/lt\/producto\/maquina-granuladora-para-comprimidos-de-suplementos-nutricionales\/#primaryimage"},"thumbnailUrl":"https:\/\/distribucionarc.com\/wp-content\/uploads\/2024\/04\/MAQUINA-GRANULADORA-PARA-COMPRIMIDOS-DE-SUPLEMENTOS-NUTRICIONALES.jpg","datePublished":"2024-04-24T19:17:37+00:00","dateModified":"2024-04-24T19:17:39+00:00","breadcrumb":{"@id":"https:\/\/www.distribucionarc.com\/lt\/producto\/maquina-granuladora-para-comprimidos-de-suplementos-nutricionales\/#breadcrumb"},"inLanguage":"sk-SK","potentialAction":[{"@type":"ReadAction","target":["https:\/\/www.distribucionarc.com\/lt\/producto\/maquina-granuladora-para-comprimidos-de-suplementos-nutricionales\/"]}]},{"@type":"ImageObject","inLanguage":"sk-SK","@id":"https:\/\/www.distribucionarc.com\/lt\/producto\/maquina-granuladora-para-comprimidos-de-suplementos-nutricionales\/#primaryimage","url":"https:\/\/distribucionarc.com\/wp-content\/uploads\/2024\/04\/MAQUINA-GRANULADORA-PARA-COMPRIMIDOS-DE-SUPLEMENTOS-NUTRICIONALES.jpg","contentUrl":"https:\/\/distribucionarc.com\/wp-content\/uploads\/2024\/04\/MAQUINA-GRANULADORA-PARA-COMPRIMIDOS-DE-SUPLEMENTOS-NUTRICIONALES.jpg","width":816,"height":824,"caption":"#image_title"},{"@type":"BreadcrumbList","@id":"https:\/\/www.distribucionarc.com\/lt\/producto\/maquina-granuladora-para-comprimidos-de-suplementos-nutricionales\/#breadcrumb","itemListElement":[{"@type":"ListItem","position":1,"name":"Portada","item":"https:\/\/distribucionarc.com\/pl\/"},{"@type":"ListItem","position":2,"name":"\u0627\u0644\u0645\u0646\u062a\u062c\u0627\u062a","item":"https:\/\/www.distribucionarc.com\/ar\/%d9%85%d8%ad%d9%84\/"},{"@type":"ListItem","position":3,"name":"MAQUINA GRANULADORA PARA COMPRIMIDOS DE SUPLEMENTOS NUTRICIONALES"}]},{"@type":"WebSite","@id":"https:\/\/www.distribucionarc.com\/#website","url":"https:\/\/www.distribucionarc.com\/","name":"ARC distrib\u00facia","description":"Spolo\u010dnos\u0165 sa \u0161pecializuje na v\u00fdrobu a distrib\u00faciu priemyseln\u00fdch strojov, strojov na uzatv\u00e1ranie plechoviek, strojov na v\u00fdrobu tabliet, strojov na porciovanie m\u00e4sa...","publisher":{"@id":"https:\/\/www.distribucionarc.com\/#organization"},"potentialAction":[{"@type":"SearchAction","target":{"@type":"EntryPoint","urlTemplate":"https:\/\/www.distribucionarc.com\/?s={search_term_string}"},"query-input":{"@type":"PropertyValueSpecification","valueRequired":true,"valueName":"search_term_string"}}],"inLanguage":"sk-SK"},{"@type":"Organization","@id":"https:\/\/www.distribucionarc.com\/#organization","name":"Distrib\u00facia ARC","url":"https:\/\/www.distribucionarc.com\/","logo":{"@type":"ImageObject","inLanguage":"sk-SK","@id":"https:\/\/www.distribucionarc.com\/#\/schema\/logo\/image\/","url":"https:\/\/distribucionarc.com\/wp-content\/uploads\/2024\/10\/distribucion-ARC-COLOR-SIN-FONDO-e1732295305345.png","contentUrl":"https:\/\/distribucionarc.com\/wp-content\/uploads\/2024\/10\/distribucion-ARC-COLOR-SIN-FONDO-e1732295305345.png","width":1164,"height":558,"caption":"Distribuci\u00f3n ARC"},"image":{"@id":"https:\/\/www.distribucionarc.com\/#\/schema\/logo\/image\/"},"description":"Spolo\u010dnos\u0165 \u0161pecializuj\u00faca sa na v\u00fdrobu a distrib\u00faciu priemyseln\u00fdch strojov pre potravin\u00e1rsky a farmaceutick\u00fd sektor. \u0160pecializujeme sa na: Stroje na kr\u00e1janie m\u00e4sa V\u00fdroba tabliet Priemyseln\u00e9 dopravn\u00e9 syst\u00e9my D\u00e1vkova\u010de na f\u013ea\u0161e A ove\u013ea viac... Pon\u00fakame inovat\u00edvne a prisp\u00f4soben\u00e9 rie\u0161enia na optimaliz\u00e1ciu v\u00fdrobn\u00fdch procesov va\u0161ej spolo\u010dnosti.","email":"Admistracion@distribucionarc.com","telephone":"+34 643496664","legalName":"ARC TECH SOLUTIONS","foundingDate":"2024-04-09","vatID":"B55480172","numberOfEmployees":{"@type":"QuantitativeValue","minValue":"1","maxValue":"10"}}]}},"_links":{"self":[{"href":"https:\/\/distribucionarc.com\/sk\/wp-json\/wp\/v2\/product\/6686","targetHints":{"allow":["GET"]}}],"collection":[{"href":"https:\/\/distribucionarc.com\/sk\/wp-json\/wp\/v2\/product"}],"about":[{"href":"https:\/\/distribucionarc.com\/sk\/wp-json\/wp\/v2\/types\/product"}],"replies":[{"embeddable":true,"href":"https:\/\/distribucionarc.com\/sk\/wp-json\/wp\/v2\/comments?post=6686"}],"version-history":[{"count":0,"href":"https:\/\/distribucionarc.com\/sk\/wp-json\/wp\/v2\/product\/6686\/revisions"}],"wp:featuredmedia":[{"embeddable":true,"href":"https:\/\/distribucionarc.com\/sk\/wp-json\/wp\/v2\/media\/6694"}],"wp:attachment":[{"href":"https:\/\/distribucionarc.com\/sk\/wp-json\/wp\/v2\/media?parent=6686"}],"wp:term":[{"taxonomy":"product_brand","embeddable":true,"href":"https:\/\/distribucionarc.com\/sk\/wp-json\/wp\/v2\/product_brand?post=6686"},{"taxonomy":"product_cat","embeddable":true,"href":"https:\/\/distribucionarc.com\/sk\/wp-json\/wp\/v2\/product_cat?post=6686"},{"taxonomy":"product_tag","embeddable":true,"href":"https:\/\/distribucionarc.com\/sk\/wp-json\/wp\/v2\/product_tag?post=6686"}],"curies":[{"name":"pracovn\u00fd list","href":"https:\/\/api.w.org\/{rel}","templated":true}]}}